{"id":10917,"date":"2022-08-29T17:50:47","date_gmt":"2022-08-29T15:50:47","guid":{"rendered":"https:\/\/testinisweb.ares.lt\/?post_type=product&#038;p=10917"},"modified":"2026-01-25T22:05:38","modified_gmt":"2026-01-25T20:05:38","slug":"kette-mit-kreisanhanger","status":"publish","type":"product","link":"https:\/\/testinisweb.ares.lt\/de\/parduotuve\/grandinele-su-pakabuku-circle\/","title":{"rendered":"Kette mit Anh\u00e4nger \u201eKreis\u201c"},"content":{"rendered":"<p>Die Circle-Anh\u00e4ngerkette ist ein integrales Stildetail, das inneres Selbstbewusstsein weckt und wichtige Merkmale hervorhebt. Unser Goldschmuck hat ein zeitloses Design und steht f\u00fcr einwandfreie Qualit\u00e4t.<\/p>","protected":false},"excerpt":{"rendered":"<p>Grandin\u0117l\u0117 su pakabuku &#8222;Circle&#8221; \u2013 tai neatsiejama stiliaus detal\u0117, kuri i\u0161\u0161aukia vidin\u012f pasitik\u0117jim\u0105 savimi, bei i\u0161ry\u0161kina svarbius bruo\u017eus. M\u016bs\u0173 auksiniai papuo\u0161alai yra&hellip;<\/p>","protected":false},"featured_media":10920,"comment_status":"open","ping_status":"closed","template":"","meta":[],"product_cat":[941,102,948,432,401,104],"product_tag":[],"class_list":{"0":"post-10917","1":"product","2":"type-product","3":"status-publish","4":"has-post-thumbnail","6":"product_cat-auksines-grandineles-su-cirkoniais","7":"product_cat-grandineles-su-pakabukais","8":"product_cat-auksines-grandineles-su-pakabukais-iki-250-eur","9":"product_cat-nauja","10":"product_cat-raudono-aukso-papuosalai","11":"product_cat-su-cirkoniais","12":"tm-no-options","14":"first","15":"instock","16":"shipping-taxable","17":"purchasable","18":"product-type-simple"},"yoast_head":"<!-- This site is optimized with the Yoast SEO plugin v27.3 - https:\/\/yoast.com\/product\/yoast-seo-wordpress\/ -->\n<title>Grandin\u0117l\u0117 su pakabuku &quot;Circle&quot;<\/title>\n<meta name=\"description\" content=\"Grandin\u0117l\u0117 su pakabuku &quot;Circle&quot; \u2013 tai neatsiejama stiliaus detal\u0117, kuri i\u0161\u0161aukia vidin\u012f pasitik\u0117jim\u0105 savimi, bei i\u0161ry\u0161kina svarbius bruo\u017eus. M\u016bs\u0173\" \/>\n<meta name=\"robots\" content=\"index, follow, max-snippet:-1, max-image-preview:large, max-video-preview:-1\" \/>\n<link rel=\"canonical\" href=\"https:\/\/testinisweb.ares.lt\/de\/im-laden\/kette-mit-kreisanhanger\/\" \/>\n<meta property=\"og:locale\" content=\"de_DE\" \/>\n<meta property=\"og:type\" content=\"article\" \/>\n<meta property=\"og:title\" content=\"Grandin\u0117l\u0117 su pakabuku &quot;Circle&quot;\" \/>\n<meta property=\"og:description\" content=\"Grandin\u0117l\u0117 su pakabuku &quot;Circle&quot; \u2013 tai neatsiejama stiliaus detal\u0117, kuri i\u0161\u0161aukia vidin\u012f pasitik\u0117jim\u0105 savimi, bei i\u0161ry\u0161kina svarbius bruo\u017eus. M\u016bs\u0173\" \/>\n<meta property=\"og:url\" content=\"https:\/\/testinisweb.ares.lt\/de\/im-laden\/kette-mit-kreisanhanger\/\" \/>\n<meta property=\"og:site_name\" content=\"ARES Juvelyrika\" \/>\n<meta property=\"article:publisher\" content=\"https:\/\/www.facebook.com\/AresJewellery\" \/>\n<meta property=\"article:modified_time\" content=\"2026-01-25T20:05:38+00:00\" \/>\n<meta property=\"og:image\" content=\"https:\/\/testinisweb.ares.lt\/wp-content\/uploads\/2022\/08\/IMG_7911-scaled.jpg\" \/>\n\t<meta property=\"og:image:width\" content=\"3360\" \/>\n\t<meta property=\"og:image:height\" content=\"3360\" \/>\n\t<meta property=\"og:image:type\" content=\"image\/jpeg\" \/>\n<meta name=\"twitter:card\" content=\"summary_large_image\" \/>\n<meta name=\"twitter:label1\" content=\"Gesch\u00e4tzte Lesezeit\" \/>\n\t<meta name=\"twitter:data1\" content=\"1\u00a0Minute\" \/>\n<script type=\"application\/ld+json\" class=\"yoast-schema-graph\">{\"@context\":\"https:\\\/\\\/schema.org\",\"@graph\":[{\"@type\":\"WebPage\",\"@id\":\"https:\\\/\\\/testinisweb.ares.lt\\\/parduotuve\\\/grandinele-su-pakabuku-circle\\\/\",\"url\":\"https:\\\/\\\/testinisweb.ares.lt\\\/parduotuve\\\/grandinele-su-pakabuku-circle\\\/\",\"name\":\"Grandin\u0117l\u0117 su pakabuku \\\"Circle\\\"\",\"isPartOf\":{\"@id\":\"https:\\\/\\\/testinisweb.ares.lt\\\/#website\"},\"primaryImageOfPage\":{\"@id\":\"https:\\\/\\\/testinisweb.ares.lt\\\/parduotuve\\\/grandinele-su-pakabuku-circle\\\/#primaryimage\"},\"image\":{\"@id\":\"https:\\\/\\\/testinisweb.ares.lt\\\/parduotuve\\\/grandinele-su-pakabuku-circle\\\/#primaryimage\"},\"thumbnailUrl\":\"https:\\\/\\\/testinisweb.ares.lt\\\/wp-content\\\/uploads\\\/2022\\\/08\\\/IMG_7911-scaled.jpg\",\"datePublished\":\"2022-08-29T15:50:47+00:00\",\"dateModified\":\"2026-01-25T20:05:38+00:00\",\"description\":\"Grandin\u0117l\u0117 su pakabuku \\\"Circle\\\" \u2013 tai neatsiejama stiliaus detal\u0117, kuri i\u0161\u0161aukia vidin\u012f pasitik\u0117jim\u0105 savimi, bei i\u0161ry\u0161kina svarbius bruo\u017eus. M\u016bs\u0173\",\"breadcrumb\":{\"@id\":\"https:\\\/\\\/testinisweb.ares.lt\\\/parduotuve\\\/grandinele-su-pakabuku-circle\\\/#breadcrumb\"},\"inLanguage\":\"de\",\"potentialAction\":[{\"@type\":\"ReadAction\",\"target\":[\"https:\\\/\\\/testinisweb.ares.lt\\\/parduotuve\\\/grandinele-su-pakabuku-circle\\\/\"]}]},{\"@type\":\"ImageObject\",\"inLanguage\":\"de\",\"@id\":\"https:\\\/\\\/testinisweb.ares.lt\\\/parduotuve\\\/grandinele-su-pakabuku-circle\\\/#primaryimage\",\"url\":\"https:\\\/\\\/testinisweb.ares.lt\\\/wp-content\\\/uploads\\\/2022\\\/08\\\/IMG_7911-scaled.jpg\",\"contentUrl\":\"https:\\\/\\\/testinisweb.ares.lt\\\/wp-content\\\/uploads\\\/2022\\\/08\\\/IMG_7911-scaled.jpg\",\"width\":3360,\"height\":3360},{\"@type\":\"BreadcrumbList\",\"@id\":\"https:\\\/\\\/testinisweb.ares.lt\\\/parduotuve\\\/grandinele-su-pakabuku-circle\\\/#breadcrumb\",\"itemListElement\":[{\"@type\":\"ListItem\",\"position\":1,\"name\":\"Auksiniai papuo\u0161alai\",\"item\":\"https:\\\/\\\/testinisweb.ares.lt\\\/\"},{\"@type\":\"ListItem\",\"position\":2,\"name\":\"Parduotuv\u0117\",\"item\":\"https:\\\/\\\/testinisweb.ares.lt\\\/parduotuve\\\/\"},{\"@type\":\"ListItem\",\"position\":3,\"name\":\"Grandin\u0117l\u0117 su pakabuku &#8220;Circle&#8221;\"}]},{\"@type\":\"WebSite\",\"@id\":\"https:\\\/\\\/testinisweb.ares.lt\\\/#website\",\"url\":\"https:\\\/\\\/testinisweb.ares.lt\\\/\",\"name\":\"ARES Juvelyrika\",\"description\":\"Auksiniai papuo\u0161alai\",\"publisher\":{\"@id\":\"https:\\\/\\\/testinisweb.ares.lt\\\/#organization\"},\"potentialAction\":[{\"@type\":\"SearchAction\",\"target\":{\"@type\":\"EntryPoint\",\"urlTemplate\":\"https:\\\/\\\/testinisweb.ares.lt\\\/?s={search_term_string}\"},\"query-input\":{\"@type\":\"PropertyValueSpecification\",\"valueRequired\":true,\"valueName\":\"search_term_string\"}}],\"inLanguage\":\"de\"},{\"@type\":\"Organization\",\"@id\":\"https:\\\/\\\/testinisweb.ares.lt\\\/#organization\",\"name\":\"Ares Juvelyrika auksiniai papuosalai\",\"url\":\"https:\\\/\\\/testinisweb.ares.lt\\\/\",\"logo\":{\"@type\":\"ImageObject\",\"inLanguage\":\"de\",\"@id\":\"https:\\\/\\\/testinisweb.ares.lt\\\/#\\\/schema\\\/logo\\\/image\\\/\",\"url\":\"https:\\\/\\\/i0.wp.com\\\/testinisweb.ares.lt\\\/wp-content\\\/uploads\\\/2022\\\/03\\\/ares-text-logo-1.png?fit=417%2C122&ssl=1\",\"contentUrl\":\"https:\\\/\\\/i0.wp.com\\\/testinisweb.ares.lt\\\/wp-content\\\/uploads\\\/2022\\\/03\\\/ares-text-logo-1.png?fit=417%2C122&ssl=1\",\"width\":417,\"height\":122,\"caption\":\"Ares Juvelyrika auksiniai papuosalai\"},\"image\":{\"@id\":\"https:\\\/\\\/testinisweb.ares.lt\\\/#\\\/schema\\\/logo\\\/image\\\/\"},\"sameAs\":[\"https:\\\/\\\/www.facebook.com\\\/AresJewellery\",\"https:\\\/\\\/www.instagram.com\\\/ares_juvelyrika\\\/\"]}]}<\/script>\n<!-- \/ Yoast SEO plugin. -->","yoast_head_json":{"title":"Kette mit Anh\u00e4nger \u201eKreis\u201c","description":"Die Anh\u00e4ngerkette \u201eCircle\u201c ist ein integrales Stildetail, das inneres Selbstbewusstsein weckt und wichtige Merkmale hervorhebt. Unsere","robots":{"index":"index","follow":"follow","max-snippet":"max-snippet:-1","max-image-preview":"max-image-preview:large","max-video-preview":"max-video-preview:-1"},"canonical":"https:\/\/testinisweb.ares.lt\/de\/im-laden\/kette-mit-kreisanhanger\/","og_locale":"de_DE","og_type":"article","og_title":"Grandin\u0117l\u0117 su pakabuku \"Circle\"","og_description":"Grandin\u0117l\u0117 su pakabuku \"Circle\" \u2013 tai neatsiejama stiliaus detal\u0117, kuri i\u0161\u0161aukia vidin\u012f pasitik\u0117jim\u0105 savimi, bei i\u0161ry\u0161kina svarbius bruo\u017eus. M\u016bs\u0173","og_url":"https:\/\/testinisweb.ares.lt\/de\/im-laden\/kette-mit-kreisanhanger\/","og_site_name":"ARES Juvelyrika","article_publisher":"https:\/\/www.facebook.com\/AresJewellery","article_modified_time":"2026-01-25T20:05:38+00:00","og_image":[{"width":3360,"height":3360,"url":"https:\/\/testinisweb.ares.lt\/wp-content\/uploads\/2022\/08\/IMG_7911-scaled.jpg","type":"image\/jpeg"}],"twitter_card":"summary_large_image","twitter_misc":{"Gesch\u00e4tzte Lesezeit":"1\u00a0Minute"},"schema":{"@context":"https:\/\/schema.org","@graph":[{"@type":"WebPage","@id":"https:\/\/testinisweb.ares.lt\/parduotuve\/grandinele-su-pakabuku-circle\/","url":"https:\/\/testinisweb.ares.lt\/parduotuve\/grandinele-su-pakabuku-circle\/","name":"Kette mit Anh\u00e4nger \u201eKreis\u201c","isPartOf":{"@id":"https:\/\/testinisweb.ares.lt\/#website"},"primaryImageOfPage":{"@id":"https:\/\/testinisweb.ares.lt\/parduotuve\/grandinele-su-pakabuku-circle\/#primaryimage"},"image":{"@id":"https:\/\/testinisweb.ares.lt\/parduotuve\/grandinele-su-pakabuku-circle\/#primaryimage"},"thumbnailUrl":"https:\/\/testinisweb.ares.lt\/wp-content\/uploads\/2022\/08\/IMG_7911-scaled.jpg","datePublished":"2022-08-29T15:50:47+00:00","dateModified":"2026-01-25T20:05:38+00:00","description":"Die Anh\u00e4ngerkette \u201eCircle\u201c ist ein integrales Stildetail, das inneres Selbstbewusstsein weckt und wichtige Merkmale hervorhebt. Unsere","breadcrumb":{"@id":"https:\/\/testinisweb.ares.lt\/parduotuve\/grandinele-su-pakabuku-circle\/#breadcrumb"},"inLanguage":"de","potentialAction":[{"@type":"ReadAction","target":["https:\/\/testinisweb.ares.lt\/parduotuve\/grandinele-su-pakabuku-circle\/"]}]},{"@type":"ImageObject","inLanguage":"de","@id":"https:\/\/testinisweb.ares.lt\/parduotuve\/grandinele-su-pakabuku-circle\/#primaryimage","url":"https:\/\/testinisweb.ares.lt\/wp-content\/uploads\/2022\/08\/IMG_7911-scaled.jpg","contentUrl":"https:\/\/testinisweb.ares.lt\/wp-content\/uploads\/2022\/08\/IMG_7911-scaled.jpg","width":3360,"height":3360},{"@type":"BreadcrumbList","@id":"https:\/\/testinisweb.ares.lt\/parduotuve\/grandinele-su-pakabuku-circle\/#breadcrumb","itemListElement":[{"@type":"ListItem","position":1,"name":"Auksiniai papuo\u0161alai","item":"https:\/\/testinisweb.ares.lt\/"},{"@type":"ListItem","position":2,"name":"Parduotuv\u0117","item":"https:\/\/testinisweb.ares.lt\/parduotuve\/"},{"@type":"ListItem","position":3,"name":"Grandin\u0117l\u0117 su pakabuku &#8220;Circle&#8221;"}]},{"@type":"WebSite","@id":"https:\/\/testinisweb.ares.lt\/#website","url":"https:\/\/testinisweb.ares.lt\/","name":"ARES Schmuck","description":"Goldschmuck","publisher":{"@id":"https:\/\/testinisweb.ares.lt\/#organization"},"potentialAction":[{"@type":"SearchAction","target":{"@type":"EntryPoint","urlTemplate":"https:\/\/testinisweb.ares.lt\/?s={search_term_string}"},"query-input":{"@type":"PropertyValueSpecification","valueRequired":true,"valueName":"search_term_string"}}],"inLanguage":"de"},{"@type":"Organization","@id":"https:\/\/testinisweb.ares.lt\/#organization","name":"Ares Jewelry Goldschmuck","url":"https:\/\/testinisweb.ares.lt\/","logo":{"@type":"ImageObject","inLanguage":"de","@id":"https:\/\/testinisweb.ares.lt\/#\/schema\/logo\/image\/","url":"https:\/\/i0.wp.com\/testinisweb.ares.lt\/wp-content\/uploads\/2022\/03\/ares-text-logo-1.png?fit=417%2C122&ssl=1","contentUrl":"https:\/\/i0.wp.com\/testinisweb.ares.lt\/wp-content\/uploads\/2022\/03\/ares-text-logo-1.png?fit=417%2C122&ssl=1","width":417,"height":122,"caption":"Ares Juvelyrika auksiniai papuosalai"},"image":{"@id":"https:\/\/testinisweb.ares.lt\/#\/schema\/logo\/image\/"},"sameAs":["https:\/\/www.facebook.com\/AresJewellery","https:\/\/www.instagram.com\/ares_juvelyrika\/"]}]}},"_links":{"self":[{"href":"https:\/\/testinisweb.ares.lt\/de\/wp-json\/wp\/v2\/product\/10917","targetHints":{"allow":["GET"]}}],"collection":[{"href":"https:\/\/testinisweb.ares.lt\/de\/wp-json\/wp\/v2\/product"}],"about":[{"href":"https:\/\/testinisweb.ares.lt\/de\/wp-json\/wp\/v2\/types\/product"}],"replies":[{"embeddable":true,"href":"https:\/\/testinisweb.ares.lt\/de\/wp-json\/wp\/v2\/comments?post=10917"}],"wp:featuredmedia":[{"embeddable":true,"href":"https:\/\/testinisweb.ares.lt\/de\/wp-json\/wp\/v2\/media\/10920"}],"wp:attachment":[{"href":"https:\/\/testinisweb.ares.lt\/de\/wp-json\/wp\/v2\/media?parent=10917"}],"wp:term":[{"taxonomy":"product_cat","embeddable":true,"href":"https:\/\/testinisweb.ares.lt\/de\/wp-json\/wp\/v2\/product_cat?post=10917"},{"taxonomy":"product_tag","embeddable":true,"href":"https:\/\/testinisweb.ares.lt\/de\/wp-json\/wp\/v2\/product_tag?post=10917"}],"curies":[{"name":"wp","href":"https:\/\/api.w.org\/{rel}","templated":true}]}}