{"id":13794,"date":"2024-01-15T15:17:07","date_gmt":"2024-01-15T13:17:07","guid":{"rendered":"https:\/\/testinisweb.ares.lt\/?post_type=product&#038;p=13794"},"modified":"2026-01-25T22:04:36","modified_gmt":"2026-01-25T20:04:36","slug":"goldene-ohrringe-mit-zirkon-2","status":"publish","type":"product","link":"https:\/\/testinisweb.ares.lt\/de\/parduotuve\/auksiniai-auskarai-rinkes-su-cirkoniu-2\/","title":{"rendered":"Goldohrringe \u201eRinge mit Zirkonia\u201c"},"content":{"rendered":"<p>Goldohrringe \u201eRinge mit Zirkonia\u201c sind ein unverzichtbarer Akzent f\u00fcr den Stil jeder Frau und passen zu einer Vielzahl von Outfits. Wir bieten Goldohrringe mit minimalistischem, aber dennoch auff\u00e4lligem Design, passend f\u00fcr alle Anl\u00e4sse.<\/p>","protected":false},"excerpt":{"rendered":"<p>Auksiniai auskarai &#8222;Rink\u0117s su cirkoniu&#8221; &#8211; tai b\u016btinas kiekvienos moters stiliaus akcentas, derantis su \u012fvairiausia apranga. Mes si\u016blome minimalistinio, bet tuo pa\u010diu&hellip;<\/p>","protected":false},"featured_media":13795,"comment_status":"open","ping_status":"closed","template":"","meta":[],"product_cat":[278,934,281,925,279,432,930,401],"product_tag":[],"class_list":{"0":"post-13794","1":"product","2":"type-product","3":"status-publish","4":"has-post-thumbnail","6":"product_cat-auskarai","7":"product_cat-auksiniai-auskarai-iki-250-eur","8":"product_cat-auskarai-su-cirkoniais","9":"product_cat-auksiniai-kabantys-auskarai","10":"product_cat-auskarai-rinkes","11":"product_cat-nauja","12":"product_cat-raudono-aukso-auskarai","13":"product_cat-raudono-aukso-papuosalai","14":"tm-no-options","16":"first","17":"instock","18":"shipping-taxable","19":"purchasable","20":"product-type-simple"},"yoast_head":"<!-- This site is optimized with the Yoast SEO plugin v27.4 - https:\/\/yoast.com\/product\/yoast-seo-wordpress\/ -->\n<title>Auksiniai auskarai &quot;Rink\u0117s su cirkoniu&quot;<\/title>\n<meta name=\"description\" content=\"Auksiniai auskarai &quot;Rink\u0117s su cirkoniu&quot; - tai b\u016btinas kiekvienos moters stiliaus akcentas, derantis su \u012fvairiausia apranga. Mes si\u016blome minimalistinio,\" \/>\n<meta name=\"robots\" content=\"index, follow, max-snippet:-1, max-image-preview:large, max-video-preview:-1\" \/>\n<link rel=\"canonical\" href=\"https:\/\/testinisweb.ares.lt\/de\/im-laden\/goldene-ohrringe-mit-zirkon-2\/\" \/>\n<meta property=\"og:locale\" content=\"de_DE\" \/>\n<meta property=\"og:type\" content=\"article\" \/>\n<meta property=\"og:title\" content=\"Auksiniai auskarai &quot;Rink\u0117s su cirkoniu&quot;\" \/>\n<meta property=\"og:description\" content=\"Auksiniai auskarai &quot;Rink\u0117s su cirkoniu&quot; - tai b\u016btinas kiekvienos moters stiliaus akcentas, derantis su \u012fvairiausia apranga. Mes si\u016blome minimalistinio,\" \/>\n<meta property=\"og:url\" content=\"https:\/\/testinisweb.ares.lt\/de\/im-laden\/goldene-ohrringe-mit-zirkon-2\/\" \/>\n<meta property=\"og:site_name\" content=\"ARES Juvelyrika\" \/>\n<meta property=\"article:publisher\" content=\"https:\/\/www.facebook.com\/AresJewellery\" \/>\n<meta property=\"article:modified_time\" content=\"2026-01-25T20:04:36+00:00\" \/>\n<meta property=\"og:image\" content=\"https:\/\/testinisweb.ares.lt\/wp-content\/uploads\/2024\/01\/IMG_2632-1.jpg\" \/>\n\t<meta property=\"og:image:width\" content=\"3000\" \/>\n\t<meta property=\"og:image:height\" content=\"3000\" \/>\n\t<meta property=\"og:image:type\" content=\"image\/jpeg\" \/>\n<meta name=\"twitter:card\" content=\"summary_large_image\" \/>\n<meta name=\"twitter:label1\" content=\"Gesch\u00e4tzte Lesezeit\" \/>\n\t<meta name=\"twitter:data1\" content=\"1\u00a0Minute\" \/>\n<script type=\"application\/ld+json\" class=\"yoast-schema-graph\">{\"@context\":\"https:\\\/\\\/schema.org\",\"@graph\":[{\"@type\":\"WebPage\",\"@id\":\"https:\\\/\\\/testinisweb.ares.lt\\\/parduotuve\\\/auksiniai-auskarai-rinkes-su-cirkoniu-2\\\/\",\"url\":\"https:\\\/\\\/testinisweb.ares.lt\\\/parduotuve\\\/auksiniai-auskarai-rinkes-su-cirkoniu-2\\\/\",\"name\":\"Auksiniai auskarai \\\"Rink\u0117s su cirkoniu\\\"\",\"isPartOf\":{\"@id\":\"https:\\\/\\\/testinisweb.ares.lt\\\/#website\"},\"primaryImageOfPage\":{\"@id\":\"https:\\\/\\\/testinisweb.ares.lt\\\/parduotuve\\\/auksiniai-auskarai-rinkes-su-cirkoniu-2\\\/#primaryimage\"},\"image\":{\"@id\":\"https:\\\/\\\/testinisweb.ares.lt\\\/parduotuve\\\/auksiniai-auskarai-rinkes-su-cirkoniu-2\\\/#primaryimage\"},\"thumbnailUrl\":\"https:\\\/\\\/testinisweb.ares.lt\\\/wp-content\\\/uploads\\\/2024\\\/01\\\/IMG_2632-1.jpg\",\"datePublished\":\"2024-01-15T13:17:07+00:00\",\"dateModified\":\"2026-01-25T20:04:36+00:00\",\"description\":\"Auksiniai auskarai \\\"Rink\u0117s su cirkoniu\\\" - tai b\u016btinas kiekvienos moters stiliaus akcentas, derantis su \u012fvairiausia apranga. Mes si\u016blome minimalistinio,\",\"breadcrumb\":{\"@id\":\"https:\\\/\\\/testinisweb.ares.lt\\\/parduotuve\\\/auksiniai-auskarai-rinkes-su-cirkoniu-2\\\/#breadcrumb\"},\"inLanguage\":\"de\",\"potentialAction\":[{\"@type\":\"ReadAction\",\"target\":[\"https:\\\/\\\/testinisweb.ares.lt\\\/parduotuve\\\/auksiniai-auskarai-rinkes-su-cirkoniu-2\\\/\"]}]},{\"@type\":\"ImageObject\",\"inLanguage\":\"de\",\"@id\":\"https:\\\/\\\/testinisweb.ares.lt\\\/parduotuve\\\/auksiniai-auskarai-rinkes-su-cirkoniu-2\\\/#primaryimage\",\"url\":\"https:\\\/\\\/testinisweb.ares.lt\\\/wp-content\\\/uploads\\\/2024\\\/01\\\/IMG_2632-1.jpg\",\"contentUrl\":\"https:\\\/\\\/testinisweb.ares.lt\\\/wp-content\\\/uploads\\\/2024\\\/01\\\/IMG_2632-1.jpg\",\"width\":3000,\"height\":3000,\"caption\":\"Auksiniai auskarai \\\"Rink\u0117s\\\" su cirkoniu\\\"\"},{\"@type\":\"BreadcrumbList\",\"@id\":\"https:\\\/\\\/testinisweb.ares.lt\\\/parduotuve\\\/auksiniai-auskarai-rinkes-su-cirkoniu-2\\\/#breadcrumb\",\"itemListElement\":[{\"@type\":\"ListItem\",\"position\":1,\"name\":\"Auksiniai papuo\u0161alai\",\"item\":\"https:\\\/\\\/testinisweb.ares.lt\\\/\"},{\"@type\":\"ListItem\",\"position\":2,\"name\":\"Parduotuv\u0117\",\"item\":\"https:\\\/\\\/testinisweb.ares.lt\\\/parduotuve\\\/\"},{\"@type\":\"ListItem\",\"position\":3,\"name\":\"Auksiniai auskarai &#8220;Rink\u0117s su cirkoniu&#8221;\"}]},{\"@type\":\"WebSite\",\"@id\":\"https:\\\/\\\/testinisweb.ares.lt\\\/#website\",\"url\":\"https:\\\/\\\/testinisweb.ares.lt\\\/\",\"name\":\"ARES Juvelyrika\",\"description\":\"Auksiniai papuo\u0161alai\",\"publisher\":{\"@id\":\"https:\\\/\\\/testinisweb.ares.lt\\\/#organization\"},\"potentialAction\":[{\"@type\":\"SearchAction\",\"target\":{\"@type\":\"EntryPoint\",\"urlTemplate\":\"https:\\\/\\\/testinisweb.ares.lt\\\/?s={search_term_string}\"},\"query-input\":{\"@type\":\"PropertyValueSpecification\",\"valueRequired\":true,\"valueName\":\"search_term_string\"}}],\"inLanguage\":\"de\"},{\"@type\":\"Organization\",\"@id\":\"https:\\\/\\\/testinisweb.ares.lt\\\/#organization\",\"name\":\"Ares Juvelyrika auksiniai papuosalai\",\"url\":\"https:\\\/\\\/testinisweb.ares.lt\\\/\",\"logo\":{\"@type\":\"ImageObject\",\"inLanguage\":\"de\",\"@id\":\"https:\\\/\\\/testinisweb.ares.lt\\\/#\\\/schema\\\/logo\\\/image\\\/\",\"url\":\"https:\\\/\\\/i0.wp.com\\\/testinisweb.ares.lt\\\/wp-content\\\/uploads\\\/2022\\\/03\\\/ares-text-logo-1.png?fit=417%2C122&ssl=1\",\"contentUrl\":\"https:\\\/\\\/i0.wp.com\\\/testinisweb.ares.lt\\\/wp-content\\\/uploads\\\/2022\\\/03\\\/ares-text-logo-1.png?fit=417%2C122&ssl=1\",\"width\":417,\"height\":122,\"caption\":\"Ares Juvelyrika auksiniai papuosalai\"},\"image\":{\"@id\":\"https:\\\/\\\/testinisweb.ares.lt\\\/#\\\/schema\\\/logo\\\/image\\\/\"},\"sameAs\":[\"https:\\\/\\\/www.facebook.com\\\/AresJewellery\",\"https:\\\/\\\/www.instagram.com\\\/ares_juvelyrika\\\/\"]}]}<\/script>\n<!-- \/ Yoast SEO plugin. -->","yoast_head_json":{"title":"Goldohrringe \u201eSets mit Zirkonen\u201c","description":"Goldohrringe &quot;Ringe mit Zirkonia&quot; sind ein unverzichtbarer Akzent f\u00fcr den Stil jeder Frau und passen zu einer Vielzahl von Outfits. Wir bieten einen minimalistischen,","robots":{"index":"index","follow":"follow","max-snippet":"max-snippet:-1","max-image-preview":"max-image-preview:large","max-video-preview":"max-video-preview:-1"},"canonical":"https:\/\/testinisweb.ares.lt\/de\/im-laden\/goldene-ohrringe-mit-zirkon-2\/","og_locale":"de_DE","og_type":"article","og_title":"Auksiniai auskarai \"Rink\u0117s su cirkoniu\"","og_description":"Auksiniai auskarai \"Rink\u0117s su cirkoniu\" - tai b\u016btinas kiekvienos moters stiliaus akcentas, derantis su \u012fvairiausia apranga. Mes si\u016blome minimalistinio,","og_url":"https:\/\/testinisweb.ares.lt\/de\/im-laden\/goldene-ohrringe-mit-zirkon-2\/","og_site_name":"ARES Juvelyrika","article_publisher":"https:\/\/www.facebook.com\/AresJewellery","article_modified_time":"2026-01-25T20:04:36+00:00","og_image":[{"width":3000,"height":3000,"url":"https:\/\/testinisweb.ares.lt\/wp-content\/uploads\/2024\/01\/IMG_2632-1.jpg","type":"image\/jpeg"}],"twitter_card":"summary_large_image","twitter_misc":{"Gesch\u00e4tzte Lesezeit":"1\u00a0Minute"},"schema":{"@context":"https:\/\/schema.org","@graph":[{"@type":"WebPage","@id":"https:\/\/testinisweb.ares.lt\/parduotuve\/auksiniai-auskarai-rinkes-su-cirkoniu-2\/","url":"https:\/\/testinisweb.ares.lt\/parduotuve\/auksiniai-auskarai-rinkes-su-cirkoniu-2\/","name":"Goldohrringe \u201eSets mit Zirkonen\u201c","isPartOf":{"@id":"https:\/\/testinisweb.ares.lt\/#website"},"primaryImageOfPage":{"@id":"https:\/\/testinisweb.ares.lt\/parduotuve\/auksiniai-auskarai-rinkes-su-cirkoniu-2\/#primaryimage"},"image":{"@id":"https:\/\/testinisweb.ares.lt\/parduotuve\/auksiniai-auskarai-rinkes-su-cirkoniu-2\/#primaryimage"},"thumbnailUrl":"https:\/\/testinisweb.ares.lt\/wp-content\/uploads\/2024\/01\/IMG_2632-1.jpg","datePublished":"2024-01-15T13:17:07+00:00","dateModified":"2026-01-25T20:04:36+00:00","description":"Goldohrringe &quot;Ringe mit Zirkonia&quot; sind ein unverzichtbarer Akzent f\u00fcr den Stil jeder Frau und passen zu einer Vielzahl von Outfits. Wir bieten einen minimalistischen,","breadcrumb":{"@id":"https:\/\/testinisweb.ares.lt\/parduotuve\/auksiniai-auskarai-rinkes-su-cirkoniu-2\/#breadcrumb"},"inLanguage":"de","potentialAction":[{"@type":"ReadAction","target":["https:\/\/testinisweb.ares.lt\/parduotuve\/auksiniai-auskarai-rinkes-su-cirkoniu-2\/"]}]},{"@type":"ImageObject","inLanguage":"de","@id":"https:\/\/testinisweb.ares.lt\/parduotuve\/auksiniai-auskarai-rinkes-su-cirkoniu-2\/#primaryimage","url":"https:\/\/testinisweb.ares.lt\/wp-content\/uploads\/2024\/01\/IMG_2632-1.jpg","contentUrl":"https:\/\/testinisweb.ares.lt\/wp-content\/uploads\/2024\/01\/IMG_2632-1.jpg","width":3000,"height":3000,"caption":"Auksiniai auskarai \"Rink\u0117s\" su cirkoniu\""},{"@type":"BreadcrumbList","@id":"https:\/\/testinisweb.ares.lt\/parduotuve\/auksiniai-auskarai-rinkes-su-cirkoniu-2\/#breadcrumb","itemListElement":[{"@type":"ListItem","position":1,"name":"Auksiniai papuo\u0161alai","item":"https:\/\/testinisweb.ares.lt\/"},{"@type":"ListItem","position":2,"name":"Parduotuv\u0117","item":"https:\/\/testinisweb.ares.lt\/parduotuve\/"},{"@type":"ListItem","position":3,"name":"Auksiniai auskarai &#8220;Rink\u0117s su cirkoniu&#8221;"}]},{"@type":"WebSite","@id":"https:\/\/testinisweb.ares.lt\/#website","url":"https:\/\/testinisweb.ares.lt\/","name":"ARES Schmuck","description":"Goldschmuck","publisher":{"@id":"https:\/\/testinisweb.ares.lt\/#organization"},"potentialAction":[{"@type":"SearchAction","target":{"@type":"EntryPoint","urlTemplate":"https:\/\/testinisweb.ares.lt\/?s={search_term_string}"},"query-input":{"@type":"PropertyValueSpecification","valueRequired":true,"valueName":"search_term_string"}}],"inLanguage":"de"},{"@type":"Organization","@id":"https:\/\/testinisweb.ares.lt\/#organization","name":"Ares Jewelry Goldschmuck","url":"https:\/\/testinisweb.ares.lt\/","logo":{"@type":"ImageObject","inLanguage":"de","@id":"https:\/\/testinisweb.ares.lt\/#\/schema\/logo\/image\/","url":"https:\/\/i0.wp.com\/testinisweb.ares.lt\/wp-content\/uploads\/2022\/03\/ares-text-logo-1.png?fit=417%2C122&ssl=1","contentUrl":"https:\/\/i0.wp.com\/testinisweb.ares.lt\/wp-content\/uploads\/2022\/03\/ares-text-logo-1.png?fit=417%2C122&ssl=1","width":417,"height":122,"caption":"Ares Juvelyrika auksiniai papuosalai"},"image":{"@id":"https:\/\/testinisweb.ares.lt\/#\/schema\/logo\/image\/"},"sameAs":["https:\/\/www.facebook.com\/AresJewellery","https:\/\/www.instagram.com\/ares_juvelyrika\/"]}]}},"_links":{"self":[{"href":"https:\/\/testinisweb.ares.lt\/de\/wp-json\/wp\/v2\/product\/13794","targetHints":{"allow":["GET"]}}],"collection":[{"href":"https:\/\/testinisweb.ares.lt\/de\/wp-json\/wp\/v2\/product"}],"about":[{"href":"https:\/\/testinisweb.ares.lt\/de\/wp-json\/wp\/v2\/types\/product"}],"replies":[{"embeddable":true,"href":"https:\/\/testinisweb.ares.lt\/de\/wp-json\/wp\/v2\/comments?post=13794"}],"wp:featuredmedia":[{"embeddable":true,"href":"https:\/\/testinisweb.ares.lt\/de\/wp-json\/wp\/v2\/media\/13795"}],"wp:attachment":[{"href":"https:\/\/testinisweb.ares.lt\/de\/wp-json\/wp\/v2\/media?parent=13794"}],"wp:term":[{"taxonomy":"product_cat","embeddable":true,"href":"https:\/\/testinisweb.ares.lt\/de\/wp-json\/wp\/v2\/product_cat?post=13794"},{"taxonomy":"product_tag","embeddable":true,"href":"https:\/\/testinisweb.ares.lt\/de\/wp-json\/wp\/v2\/product_tag?post=13794"}],"curies":[{"name":"wp","href":"https:\/\/api.w.org\/{rel}","templated":true}]}}