{"id":16154,"date":"2024-08-27T09:00:56","date_gmt":"2024-08-27T07:00:56","guid":{"rendered":"https:\/\/testinisweb.ares.lt\/?post_type=product&#038;p=16154"},"modified":"2026-03-09T15:38:40","modified_gmt":"2026-03-09T13:38:40","slug":"kette-mit-anhanger-buchstabe-l","status":"publish","type":"product","link":"https:\/\/testinisweb.ares.lt\/de\/parduotuve\/grandinele-su-pakabuku-raide-l\/","title":{"rendered":"Goldkette mit Anh\u00e4nger mit dem Buchstaben \u201eL\u201c"},"content":{"rendered":"<h2>Goldkette mit Anh\u00e4nger mit dem Buchstaben \u201eL\u201c<\/h2>\n<p>&nbsp;<\/p>\n<p>Aus echtem 585er Gold gefertigt ist diese Kette mit Namensbuchstaben-Anh\u00e4nger von h\u00f6chster Qualit\u00e4t und wird Ihnen jahrelang Freude bereiten.<\/p>\n<p>Goldanh\u00e4nger mit Buchstaben sind eine tolle Wahl f\u00fcr alle, die ein einzigartiges Schmuckst\u00fcck mit ihrem eigenen Namen oder dem Namen eines geliebten Menschen besitzen m\u00f6chten. Der personalisierte Schmuck aus unserer Kollektion ist sehr beliebt und ein tolles, unvergessliches Geschenk.<\/p>\n<p>Die Kettenl\u00e4nge ist optimal, sodass sie sch\u00f6n um den Hals f\u00e4llt. Diese Buchstabenkette mit Anh\u00e4nger passt zu vielen Outfits \u2013 von Freizeitkleidung bis hin zum Abendkleid. Dank seines minimalistischen Designs und seiner Vollst\u00e4ndigkeit ist dieser Schmuck ein \u00e4u\u00dferst vielseitiger Akzent f\u00fcr Ihr Image.<\/p>\n<p>Goldschmuck mit Initialen eignet sich hervorragend als Geschenk zu verschiedenen Anl\u00e4ssen, vom Geburtstag \u00fcber den Hochzeitstag bis hin zu anderen besonderen Anl\u00e4ssen. Ihr symbolischer Wert macht jeden Anlass zu etwas ganz Besonderem, und echtes 585er Gold garantiert, dass das Geschenk viele Jahre lang wertvoll bleibt.<\/p>\n<p>&nbsp;<\/p>","protected":false},"excerpt":{"rendered":"<p>Auksin\u0117 grandin\u0117l\u0117 su pakabuku raid\u0117 &#8222;L&#8221; &nbsp; Pagaminta i\u0161 tikro 585 prabos aukso, \u0161i grandin\u0117l\u0117 su pakabuku vardo raid\u0117 yra auk\u0161\u010diausios kokyb\u0117s&hellip;<\/p>","protected":false},"featured_media":16155,"comment_status":"open","ping_status":"closed","template":"","meta":[],"product_brand":[],"product_cat":[102,948,943,870,432,944,401],"product_tag":[],"class_list":{"0":"post-16154","1":"product","2":"type-product","3":"status-publish","4":"has-post-thumbnail","6":"product_cat-grandineles-su-pakabukais","7":"product_cat-auksines-grandineles-su-pakabukais-iki-250-eur","8":"product_cat-auksines-grandineles-su-raide","9":"product_cat-pakabukai-su-raide","10":"product_cat-nauja","11":"product_cat-raudono-aukso-grandineles-su-pakabukais","12":"product_cat-raudono-aukso-papuosalai","13":"tm-no-options","15":"first","16":"instock","17":"shipping-taxable","18":"purchasable","19":"product-type-simple"},"yoast_head":"<!-- This site is optimized with the Yoast SEO plugin v27.3 - https:\/\/yoast.com\/product\/yoast-seo-wordpress\/ -->\n<title>Auksin\u0117 grandin\u0117l\u0117 su pakabuku raid\u0117 &quot;L&quot;<\/title>\n<meta name=\"description\" content=\"Auksin\u0117 grandin\u0117l\u0117 su pakabuku raid\u0117 &quot;L&quot; &nbsp; Pagaminta i\u0161 tikro 585 prabos aukso, \u0161i grandin\u0117l\u0117 su pakabuku vardo raid\u0117 yra auk\u0161\u010diausios kokyb\u0117s ir\" \/>\n<meta name=\"robots\" content=\"index, follow, max-snippet:-1, max-image-preview:large, max-video-preview:-1\" \/>\n<link rel=\"canonical\" href=\"https:\/\/testinisweb.ares.lt\/de\/im-laden\/kette-mit-anhanger-buchstabe-l\/\" \/>\n<meta property=\"og:locale\" content=\"de_DE\" \/>\n<meta property=\"og:type\" content=\"article\" \/>\n<meta property=\"og:title\" content=\"Auksin\u0117 grandin\u0117l\u0117 su pakabuku raid\u0117 &quot;L&quot;\" \/>\n<meta property=\"og:description\" content=\"Auksin\u0117 grandin\u0117l\u0117 su pakabuku raid\u0117 &quot;L&quot; &nbsp; Pagaminta i\u0161 tikro 585 prabos aukso, \u0161i grandin\u0117l\u0117 su pakabuku vardo raid\u0117 yra auk\u0161\u010diausios kokyb\u0117s ir\" \/>\n<meta property=\"og:url\" content=\"https:\/\/testinisweb.ares.lt\/de\/im-laden\/kette-mit-anhanger-buchstabe-l\/\" \/>\n<meta property=\"og:site_name\" content=\"ARES Juvelyrika\" \/>\n<meta property=\"article:publisher\" content=\"https:\/\/www.facebook.com\/AresJewellery\" \/>\n<meta property=\"article:modified_time\" content=\"2026-03-09T13:38:40+00:00\" \/>\n<meta property=\"og:image\" content=\"https:\/\/testinisweb.ares.lt\/wp-content\/uploads\/2024\/08\/IMG_4459.jpg\" \/>\n\t<meta property=\"og:image:width\" content=\"3000\" \/>\n\t<meta property=\"og:image:height\" content=\"3000\" \/>\n\t<meta property=\"og:image:type\" content=\"image\/jpeg\" \/>\n<meta name=\"twitter:card\" content=\"summary_large_image\" \/>\n<meta name=\"twitter:label1\" content=\"Gesch\u00e4tzte Lesezeit\" \/>\n\t<meta name=\"twitter:data1\" content=\"1\u00a0Minute\" \/>\n<script type=\"application\/ld+json\" class=\"yoast-schema-graph\">{\"@context\":\"https:\\\/\\\/schema.org\",\"@graph\":[{\"@type\":\"WebPage\",\"@id\":\"https:\\\/\\\/testinisweb.ares.lt\\\/parduotuve\\\/grandinele-su-pakabuku-raide-l\\\/\",\"url\":\"https:\\\/\\\/testinisweb.ares.lt\\\/parduotuve\\\/grandinele-su-pakabuku-raide-l\\\/\",\"name\":\"Auksin\u0117 grandin\u0117l\u0117 su pakabuku raid\u0117 \\\"L\\\"\",\"isPartOf\":{\"@id\":\"https:\\\/\\\/testinisweb.ares.lt\\\/#website\"},\"primaryImageOfPage\":{\"@id\":\"https:\\\/\\\/testinisweb.ares.lt\\\/parduotuve\\\/grandinele-su-pakabuku-raide-l\\\/#primaryimage\"},\"image\":{\"@id\":\"https:\\\/\\\/testinisweb.ares.lt\\\/parduotuve\\\/grandinele-su-pakabuku-raide-l\\\/#primaryimage\"},\"thumbnailUrl\":\"https:\\\/\\\/testinisweb.ares.lt\\\/wp-content\\\/uploads\\\/2024\\\/08\\\/IMG_4459.jpg\",\"datePublished\":\"2024-08-27T07:00:56+00:00\",\"dateModified\":\"2026-03-09T13:38:40+00:00\",\"description\":\"Auksin\u0117 grandin\u0117l\u0117 su pakabuku raid\u0117 \\\"L\\\" &nbsp; Pagaminta i\u0161 tikro 585 prabos aukso, \u0161i grandin\u0117l\u0117 su pakabuku vardo raid\u0117 yra auk\u0161\u010diausios kokyb\u0117s ir\",\"breadcrumb\":{\"@id\":\"https:\\\/\\\/testinisweb.ares.lt\\\/parduotuve\\\/grandinele-su-pakabuku-raide-l\\\/#breadcrumb\"},\"inLanguage\":\"de\",\"potentialAction\":[{\"@type\":\"ReadAction\",\"target\":[\"https:\\\/\\\/testinisweb.ares.lt\\\/parduotuve\\\/grandinele-su-pakabuku-raide-l\\\/\"]}]},{\"@type\":\"ImageObject\",\"inLanguage\":\"de\",\"@id\":\"https:\\\/\\\/testinisweb.ares.lt\\\/parduotuve\\\/grandinele-su-pakabuku-raide-l\\\/#primaryimage\",\"url\":\"https:\\\/\\\/testinisweb.ares.lt\\\/wp-content\\\/uploads\\\/2024\\\/08\\\/IMG_4459.jpg\",\"contentUrl\":\"https:\\\/\\\/testinisweb.ares.lt\\\/wp-content\\\/uploads\\\/2024\\\/08\\\/IMG_4459.jpg\",\"width\":3000,\"height\":3000,\"caption\":\"Auksin\u0117 grandin\u0117l\u0117 su pakabuku raid\u0117 \\\"L\\\"\"},{\"@type\":\"BreadcrumbList\",\"@id\":\"https:\\\/\\\/testinisweb.ares.lt\\\/parduotuve\\\/grandinele-su-pakabuku-raide-l\\\/#breadcrumb\",\"itemListElement\":[{\"@type\":\"ListItem\",\"position\":1,\"name\":\"Auksiniai papuo\u0161alai\",\"item\":\"https:\\\/\\\/testinisweb.ares.lt\\\/\"},{\"@type\":\"ListItem\",\"position\":2,\"name\":\"Parduotuv\u0117\",\"item\":\"https:\\\/\\\/testinisweb.ares.lt\\\/parduotuve\\\/\"},{\"@type\":\"ListItem\",\"position\":3,\"name\":\"Auksin\u0117 grandin\u0117l\u0117 su pakabuku raid\u0117 &#8222;L&#8221;\"}]},{\"@type\":\"WebSite\",\"@id\":\"https:\\\/\\\/testinisweb.ares.lt\\\/#website\",\"url\":\"https:\\\/\\\/testinisweb.ares.lt\\\/\",\"name\":\"ARES Juvelyrika\",\"description\":\"Auksiniai papuo\u0161alai\",\"publisher\":{\"@id\":\"https:\\\/\\\/testinisweb.ares.lt\\\/#organization\"},\"potentialAction\":[{\"@type\":\"SearchAction\",\"target\":{\"@type\":\"EntryPoint\",\"urlTemplate\":\"https:\\\/\\\/testinisweb.ares.lt\\\/?s={search_term_string}\"},\"query-input\":{\"@type\":\"PropertyValueSpecification\",\"valueRequired\":true,\"valueName\":\"search_term_string\"}}],\"inLanguage\":\"de\"},{\"@type\":\"Organization\",\"@id\":\"https:\\\/\\\/testinisweb.ares.lt\\\/#organization\",\"name\":\"Ares Juvelyrika auksiniai papuosalai\",\"url\":\"https:\\\/\\\/testinisweb.ares.lt\\\/\",\"logo\":{\"@type\":\"ImageObject\",\"inLanguage\":\"de\",\"@id\":\"https:\\\/\\\/testinisweb.ares.lt\\\/#\\\/schema\\\/logo\\\/image\\\/\",\"url\":\"https:\\\/\\\/i0.wp.com\\\/testinisweb.ares.lt\\\/wp-content\\\/uploads\\\/2022\\\/03\\\/ares-text-logo-1.png?fit=417%2C122&ssl=1\",\"contentUrl\":\"https:\\\/\\\/i0.wp.com\\\/testinisweb.ares.lt\\\/wp-content\\\/uploads\\\/2022\\\/03\\\/ares-text-logo-1.png?fit=417%2C122&ssl=1\",\"width\":417,\"height\":122,\"caption\":\"Ares Juvelyrika auksiniai papuosalai\"},\"image\":{\"@id\":\"https:\\\/\\\/testinisweb.ares.lt\\\/#\\\/schema\\\/logo\\\/image\\\/\"},\"sameAs\":[\"https:\\\/\\\/www.facebook.com\\\/AresJewellery\",\"https:\\\/\\\/www.instagram.com\\\/ares_juvelyrika\\\/\"]}]}<\/script>\n<!-- \/ Yoast SEO plugin. -->","yoast_head_json":{"title":"Goldkette mit Anh\u00e4nger Buchstabe &quot;L&quot;","description":"Goldkette mit Anh\u00e4nger Buchstabe &quot;L&quot; Aus echtem 585 Gold gefertigt, ist diese Kette mit einem Anh\u00e4nger Buchstaben des Namens von h\u00f6chster Qualit\u00e4t und","robots":{"index":"index","follow":"follow","max-snippet":"max-snippet:-1","max-image-preview":"max-image-preview:large","max-video-preview":"max-video-preview:-1"},"canonical":"https:\/\/testinisweb.ares.lt\/de\/im-laden\/kette-mit-anhanger-buchstabe-l\/","og_locale":"de_DE","og_type":"article","og_title":"Auksin\u0117 grandin\u0117l\u0117 su pakabuku raid\u0117 \"L\"","og_description":"Auksin\u0117 grandin\u0117l\u0117 su pakabuku raid\u0117 \"L\" &nbsp; Pagaminta i\u0161 tikro 585 prabos aukso, \u0161i grandin\u0117l\u0117 su pakabuku vardo raid\u0117 yra auk\u0161\u010diausios kokyb\u0117s ir","og_url":"https:\/\/testinisweb.ares.lt\/de\/im-laden\/kette-mit-anhanger-buchstabe-l\/","og_site_name":"ARES Juvelyrika","article_publisher":"https:\/\/www.facebook.com\/AresJewellery","article_modified_time":"2026-03-09T13:38:40+00:00","og_image":[{"width":3000,"height":3000,"url":"https:\/\/testinisweb.ares.lt\/wp-content\/uploads\/2024\/08\/IMG_4459.jpg","type":"image\/jpeg"}],"twitter_card":"summary_large_image","twitter_misc":{"Gesch\u00e4tzte Lesezeit":"1\u00a0Minute"},"schema":{"@context":"https:\/\/schema.org","@graph":[{"@type":"WebPage","@id":"https:\/\/testinisweb.ares.lt\/parduotuve\/grandinele-su-pakabuku-raide-l\/","url":"https:\/\/testinisweb.ares.lt\/parduotuve\/grandinele-su-pakabuku-raide-l\/","name":"Goldkette mit Anh\u00e4nger Buchstabe &quot;L&quot;","isPartOf":{"@id":"https:\/\/testinisweb.ares.lt\/#website"},"primaryImageOfPage":{"@id":"https:\/\/testinisweb.ares.lt\/parduotuve\/grandinele-su-pakabuku-raide-l\/#primaryimage"},"image":{"@id":"https:\/\/testinisweb.ares.lt\/parduotuve\/grandinele-su-pakabuku-raide-l\/#primaryimage"},"thumbnailUrl":"https:\/\/testinisweb.ares.lt\/wp-content\/uploads\/2024\/08\/IMG_4459.jpg","datePublished":"2024-08-27T07:00:56+00:00","dateModified":"2026-03-09T13:38:40+00:00","description":"Goldkette mit Anh\u00e4nger Buchstabe &quot;L&quot; Aus echtem 585 Gold gefertigt, ist diese Kette mit einem Anh\u00e4nger Buchstaben des Namens von h\u00f6chster Qualit\u00e4t und","breadcrumb":{"@id":"https:\/\/testinisweb.ares.lt\/parduotuve\/grandinele-su-pakabuku-raide-l\/#breadcrumb"},"inLanguage":"de","potentialAction":[{"@type":"ReadAction","target":["https:\/\/testinisweb.ares.lt\/parduotuve\/grandinele-su-pakabuku-raide-l\/"]}]},{"@type":"ImageObject","inLanguage":"de","@id":"https:\/\/testinisweb.ares.lt\/parduotuve\/grandinele-su-pakabuku-raide-l\/#primaryimage","url":"https:\/\/testinisweb.ares.lt\/wp-content\/uploads\/2024\/08\/IMG_4459.jpg","contentUrl":"https:\/\/testinisweb.ares.lt\/wp-content\/uploads\/2024\/08\/IMG_4459.jpg","width":3000,"height":3000,"caption":"Auksin\u0117 grandin\u0117l\u0117 su pakabuku raid\u0117 \"L\""},{"@type":"BreadcrumbList","@id":"https:\/\/testinisweb.ares.lt\/parduotuve\/grandinele-su-pakabuku-raide-l\/#breadcrumb","itemListElement":[{"@type":"ListItem","position":1,"name":"Auksiniai papuo\u0161alai","item":"https:\/\/testinisweb.ares.lt\/"},{"@type":"ListItem","position":2,"name":"Parduotuv\u0117","item":"https:\/\/testinisweb.ares.lt\/parduotuve\/"},{"@type":"ListItem","position":3,"name":"Auksin\u0117 grandin\u0117l\u0117 su pakabuku raid\u0117 &#8222;L&#8221;"}]},{"@type":"WebSite","@id":"https:\/\/testinisweb.ares.lt\/#website","url":"https:\/\/testinisweb.ares.lt\/","name":"ARES Schmuck","description":"Goldschmuck","publisher":{"@id":"https:\/\/testinisweb.ares.lt\/#organization"},"potentialAction":[{"@type":"SearchAction","target":{"@type":"EntryPoint","urlTemplate":"https:\/\/testinisweb.ares.lt\/?s={search_term_string}"},"query-input":{"@type":"PropertyValueSpecification","valueRequired":true,"valueName":"search_term_string"}}],"inLanguage":"de"},{"@type":"Organization","@id":"https:\/\/testinisweb.ares.lt\/#organization","name":"Ares Jewelry Goldschmuck","url":"https:\/\/testinisweb.ares.lt\/","logo":{"@type":"ImageObject","inLanguage":"de","@id":"https:\/\/testinisweb.ares.lt\/#\/schema\/logo\/image\/","url":"https:\/\/i0.wp.com\/testinisweb.ares.lt\/wp-content\/uploads\/2022\/03\/ares-text-logo-1.png?fit=417%2C122&ssl=1","contentUrl":"https:\/\/i0.wp.com\/testinisweb.ares.lt\/wp-content\/uploads\/2022\/03\/ares-text-logo-1.png?fit=417%2C122&ssl=1","width":417,"height":122,"caption":"Ares Juvelyrika auksiniai papuosalai"},"image":{"@id":"https:\/\/testinisweb.ares.lt\/#\/schema\/logo\/image\/"},"sameAs":["https:\/\/www.facebook.com\/AresJewellery","https:\/\/www.instagram.com\/ares_juvelyrika\/"]}]}},"_links":{"self":[{"href":"https:\/\/testinisweb.ares.lt\/de\/wp-json\/wp\/v2\/product\/16154","targetHints":{"allow":["GET"]}}],"collection":[{"href":"https:\/\/testinisweb.ares.lt\/de\/wp-json\/wp\/v2\/product"}],"about":[{"href":"https:\/\/testinisweb.ares.lt\/de\/wp-json\/wp\/v2\/types\/product"}],"replies":[{"embeddable":true,"href":"https:\/\/testinisweb.ares.lt\/de\/wp-json\/wp\/v2\/comments?post=16154"}],"wp:featuredmedia":[{"embeddable":true,"href":"https:\/\/testinisweb.ares.lt\/de\/wp-json\/wp\/v2\/media\/16155"}],"wp:attachment":[{"href":"https:\/\/testinisweb.ares.lt\/de\/wp-json\/wp\/v2\/media?parent=16154"}],"wp:term":[{"taxonomy":"product_brand","embeddable":true,"href":"https:\/\/testinisweb.ares.lt\/de\/wp-json\/wp\/v2\/product_brand?post=16154"},{"taxonomy":"product_cat","embeddable":true,"href":"https:\/\/testinisweb.ares.lt\/de\/wp-json\/wp\/v2\/product_cat?post=16154"},{"taxonomy":"product_tag","embeddable":true,"href":"https:\/\/testinisweb.ares.lt\/de\/wp-json\/wp\/v2\/product_tag?post=16154"}],"curies":[{"name":"wp","href":"https:\/\/api.w.org\/{rel}","templated":true}]}}