{"id":16178,"date":"2024-08-16T16:06:40","date_gmt":"2024-08-16T14:06:40","guid":{"rendered":"https:\/\/testinisweb.ares.lt\/?post_type=product&#038;p=16178"},"modified":"2026-01-25T22:02:49","modified_gmt":"2026-01-25T20:02:49","slug":"kette-mit-halo-anhanger-mit-zirkon","status":"publish","type":"product","link":"https:\/\/testinisweb.ares.lt\/de\/parduotuve\/grandinele-su-pakabuku-halo-su-cirkoniu\/","title":{"rendered":"Goldkette mit Anh\u00e4nger \u201eHalo mit Zirkonia\u201c"},"content":{"rendered":"<h2>Goldkette mit Anh\u00e4nger \u201eHalo mit Zirkonia\u201c<\/h2>\n<p>Dies ist ein exklusives Schmuckst\u00fcck, das Eleganz und Symbolik ausstrahlt. Dieses luxuri\u00f6se Accessoire aus 585er Gold ist perfekt f\u00fcr alle, die ein strahlendes und bedeutungsvolles Schmuckst\u00fcck suchen, das ihren Stil und ihre Pers\u00f6nlichkeit unterstreicht.<\/p>\n<h4><strong>Halo-Design<\/strong><\/h4>\n<p>Der Halo-Anh\u00e4nger hat ein zartes, kreisf\u00f6rmiges Design, das einem Lichtkreis oder Heiligenschein \u00e4hnelt. Dieses Motiv wird oft mit Heiligkeit, Schutz und Licht assoziiert. Die Heiligenscheinform symbolisiert spirituelle Reinheit, Ewigkeit und Unschuld. Dieses Schmuckst\u00fcck kann t\u00e4glich an inneres Licht, Harmonie und pers\u00f6nliche Ziele erinnern.<\/p>\n<h4><strong>Symbolik und Bedeutung<\/strong><\/h4>\n<p>Der Heiligenschein ist nicht nur ein dekoratives Element, sondern auch Tr\u00e4ger einer reichen Symbolik. Traditionell wird ein Heiligenschein als Lichtring \u00fcber den K\u00f6pfen von Heiligen dargestellt und symbolisiert deren Spiritualit\u00e4t und Heiligkeit. Dieses Symbol kann auch Schutz und F\u00fchrung bedeuten und zu innerem Frieden und Entwicklung beitragen. Aufgrund seiner tiefen Bedeutung kann der \u201eHalo\u201c-Anh\u00e4nger besonders wichtig f\u00fcr diejenigen sein, die Spiritualit\u00e4t suchen oder ihren Glauben und ihre Werte zum Ausdruck bringen m\u00f6chten.<\/p>\n<h4><strong>Einzigartigkeit und Stil<\/strong><\/h4>\n<p>Die Goldkette mit Halo-Anh\u00e4nger ist eine hervorragende Wahl f\u00fcr alle, die einen minimalistischen und dennoch bedeutungsvollen Stil sch\u00e4tzen. Dieses Schmuckst\u00fcck l\u00e4sst sich sowohl mit l\u00e4ssigen als auch mit formellen Outfits kombinieren und verleiht ihnen subtilen Glanz und Bedeutung. Das Halo-Design gilt als zeitlos, sodass dieses Schmuckst\u00fcck zu einem langlebigen Accessoire in Ihrer Sammlung werden kann.<\/p>","protected":false},"excerpt":{"rendered":"<p>Auksin\u0117 grandin\u0117l\u0117 su pakabuku &#8222;Halo su cirkoniu&#8221; Tai i\u0161skirtinis papuo\u0161alas, kuris spinduliuoja elegancija ir simbolika. \u0160is prabangus aksesuaras, pagamintas i\u0161 585 prabos&hellip;<\/p>","protected":false},"featured_media":16179,"comment_status":"open","ping_status":"closed","template":"","meta":[],"product_brand":[],"product_cat":[984,941,102,948,432,944,401,104],"product_tag":[],"class_list":{"0":"post-16178","1":"product","2":"type-product","3":"status-publish","4":"has-post-thumbnail","6":"product_cat-auksines-grandineles-su-akute","7":"product_cat-auksines-grandineles-su-cirkoniais","8":"product_cat-grandineles-su-pakabukais","9":"product_cat-auksines-grandineles-su-pakabukais-iki-250-eur","10":"product_cat-nauja","11":"product_cat-raudono-aukso-grandineles-su-pakabukais","12":"product_cat-raudono-aukso-papuosalai","13":"product_cat-su-cirkoniais","14":"tm-no-options","16":"first","17":"instock","18":"shipping-taxable","19":"purchasable","20":"product-type-simple"},"yoast_head":"<!-- This site is optimized with the Yoast SEO plugin v27.3 - https:\/\/yoast.com\/product\/yoast-seo-wordpress\/ -->\n<title>Auksin\u0117 grandin\u0117l\u0117 su pakabuku &quot;Halo su cirkoniu&quot;<\/title>\n<meta name=\"description\" content=\"Auksin\u0117 grandin\u0117l\u0117 su pakabuku &quot;Halo su cirkoniu&quot; Tai i\u0161skirtinis papuo\u0161alas, kuris spinduliuoja elegancija ir simbolika. \u0160is prabangus aksesuaras,\" \/>\n<meta name=\"robots\" content=\"index, follow, max-snippet:-1, max-image-preview:large, max-video-preview:-1\" \/>\n<link rel=\"canonical\" href=\"https:\/\/testinisweb.ares.lt\/de\/im-laden\/kette-mit-halo-anhanger-mit-zirkon\/\" \/>\n<meta property=\"og:locale\" content=\"de_DE\" \/>\n<meta property=\"og:type\" content=\"article\" \/>\n<meta property=\"og:title\" content=\"Auksin\u0117 grandin\u0117l\u0117 su pakabuku &quot;Halo su cirkoniu&quot;\" \/>\n<meta property=\"og:description\" content=\"Auksin\u0117 grandin\u0117l\u0117 su pakabuku &quot;Halo su cirkoniu&quot; Tai i\u0161skirtinis papuo\u0161alas, kuris spinduliuoja elegancija ir simbolika. \u0160is prabangus aksesuaras,\" \/>\n<meta property=\"og:url\" content=\"https:\/\/testinisweb.ares.lt\/de\/im-laden\/kette-mit-halo-anhanger-mit-zirkon\/\" \/>\n<meta property=\"og:site_name\" content=\"ARES Juvelyrika\" \/>\n<meta property=\"article:publisher\" content=\"https:\/\/www.facebook.com\/AresJewellery\" \/>\n<meta property=\"article:modified_time\" content=\"2026-01-25T20:02:49+00:00\" \/>\n<meta property=\"og:image\" content=\"https:\/\/testinisweb.ares.lt\/wp-content\/uploads\/2024\/08\/IMG_4474-1.jpg\" \/>\n\t<meta property=\"og:image:width\" content=\"3000\" \/>\n\t<meta property=\"og:image:height\" content=\"3000\" \/>\n\t<meta property=\"og:image:type\" content=\"image\/jpeg\" \/>\n<meta name=\"twitter:card\" content=\"summary_large_image\" \/>\n<meta name=\"twitter:label1\" content=\"Gesch\u00e4tzte Lesezeit\" \/>\n\t<meta name=\"twitter:data1\" content=\"1\u00a0Minute\" \/>\n<script type=\"application\/ld+json\" class=\"yoast-schema-graph\">{\"@context\":\"https:\\\/\\\/schema.org\",\"@graph\":[{\"@type\":\"WebPage\",\"@id\":\"https:\\\/\\\/testinisweb.ares.lt\\\/parduotuve\\\/grandinele-su-pakabuku-halo-su-cirkoniu\\\/\",\"url\":\"https:\\\/\\\/testinisweb.ares.lt\\\/parduotuve\\\/grandinele-su-pakabuku-halo-su-cirkoniu\\\/\",\"name\":\"Auksin\u0117 grandin\u0117l\u0117 su pakabuku \\\"Halo su cirkoniu\\\"\",\"isPartOf\":{\"@id\":\"https:\\\/\\\/testinisweb.ares.lt\\\/#website\"},\"primaryImageOfPage\":{\"@id\":\"https:\\\/\\\/testinisweb.ares.lt\\\/parduotuve\\\/grandinele-su-pakabuku-halo-su-cirkoniu\\\/#primaryimage\"},\"image\":{\"@id\":\"https:\\\/\\\/testinisweb.ares.lt\\\/parduotuve\\\/grandinele-su-pakabuku-halo-su-cirkoniu\\\/#primaryimage\"},\"thumbnailUrl\":\"https:\\\/\\\/testinisweb.ares.lt\\\/wp-content\\\/uploads\\\/2024\\\/08\\\/IMG_4474-1.jpg\",\"datePublished\":\"2024-08-16T14:06:40+00:00\",\"dateModified\":\"2026-01-25T20:02:49+00:00\",\"description\":\"Auksin\u0117 grandin\u0117l\u0117 su pakabuku \\\"Halo su cirkoniu\\\" Tai i\u0161skirtinis papuo\u0161alas, kuris spinduliuoja elegancija ir simbolika. \u0160is prabangus aksesuaras,\",\"breadcrumb\":{\"@id\":\"https:\\\/\\\/testinisweb.ares.lt\\\/parduotuve\\\/grandinele-su-pakabuku-halo-su-cirkoniu\\\/#breadcrumb\"},\"inLanguage\":\"de\",\"potentialAction\":[{\"@type\":\"ReadAction\",\"target\":[\"https:\\\/\\\/testinisweb.ares.lt\\\/parduotuve\\\/grandinele-su-pakabuku-halo-su-cirkoniu\\\/\"]}]},{\"@type\":\"ImageObject\",\"inLanguage\":\"de\",\"@id\":\"https:\\\/\\\/testinisweb.ares.lt\\\/parduotuve\\\/grandinele-su-pakabuku-halo-su-cirkoniu\\\/#primaryimage\",\"url\":\"https:\\\/\\\/testinisweb.ares.lt\\\/wp-content\\\/uploads\\\/2024\\\/08\\\/IMG_4474-1.jpg\",\"contentUrl\":\"https:\\\/\\\/testinisweb.ares.lt\\\/wp-content\\\/uploads\\\/2024\\\/08\\\/IMG_4474-1.jpg\",\"width\":3000,\"height\":3000,\"caption\":\"Auksin\u0117 grandin\u0117l\u0117 su pakabuku \\\"Halo su cirkoniu\\\"\"},{\"@type\":\"BreadcrumbList\",\"@id\":\"https:\\\/\\\/testinisweb.ares.lt\\\/parduotuve\\\/grandinele-su-pakabuku-halo-su-cirkoniu\\\/#breadcrumb\",\"itemListElement\":[{\"@type\":\"ListItem\",\"position\":1,\"name\":\"Auksiniai papuo\u0161alai\",\"item\":\"https:\\\/\\\/testinisweb.ares.lt\\\/\"},{\"@type\":\"ListItem\",\"position\":2,\"name\":\"Parduotuv\u0117\",\"item\":\"https:\\\/\\\/testinisweb.ares.lt\\\/parduotuve\\\/\"},{\"@type\":\"ListItem\",\"position\":3,\"name\":\"Auksin\u0117 grandin\u0117l\u0117 su pakabuku &#8222;Halo su cirkoniu&#8221;\"}]},{\"@type\":\"WebSite\",\"@id\":\"https:\\\/\\\/testinisweb.ares.lt\\\/#website\",\"url\":\"https:\\\/\\\/testinisweb.ares.lt\\\/\",\"name\":\"ARES Juvelyrika\",\"description\":\"Auksiniai papuo\u0161alai\",\"publisher\":{\"@id\":\"https:\\\/\\\/testinisweb.ares.lt\\\/#organization\"},\"potentialAction\":[{\"@type\":\"SearchAction\",\"target\":{\"@type\":\"EntryPoint\",\"urlTemplate\":\"https:\\\/\\\/testinisweb.ares.lt\\\/?s={search_term_string}\"},\"query-input\":{\"@type\":\"PropertyValueSpecification\",\"valueRequired\":true,\"valueName\":\"search_term_string\"}}],\"inLanguage\":\"de\"},{\"@type\":\"Organization\",\"@id\":\"https:\\\/\\\/testinisweb.ares.lt\\\/#organization\",\"name\":\"Ares Juvelyrika auksiniai papuosalai\",\"url\":\"https:\\\/\\\/testinisweb.ares.lt\\\/\",\"logo\":{\"@type\":\"ImageObject\",\"inLanguage\":\"de\",\"@id\":\"https:\\\/\\\/testinisweb.ares.lt\\\/#\\\/schema\\\/logo\\\/image\\\/\",\"url\":\"https:\\\/\\\/i0.wp.com\\\/testinisweb.ares.lt\\\/wp-content\\\/uploads\\\/2022\\\/03\\\/ares-text-logo-1.png?fit=417%2C122&ssl=1\",\"contentUrl\":\"https:\\\/\\\/i0.wp.com\\\/testinisweb.ares.lt\\\/wp-content\\\/uploads\\\/2022\\\/03\\\/ares-text-logo-1.png?fit=417%2C122&ssl=1\",\"width\":417,\"height\":122,\"caption\":\"Ares Juvelyrika auksiniai papuosalai\"},\"image\":{\"@id\":\"https:\\\/\\\/testinisweb.ares.lt\\\/#\\\/schema\\\/logo\\\/image\\\/\"},\"sameAs\":[\"https:\\\/\\\/www.facebook.com\\\/AresJewellery\",\"https:\\\/\\\/www.instagram.com\\\/ares_juvelyrika\\\/\"]}]}<\/script>\n<!-- \/ Yoast SEO plugin. -->","yoast_head_json":{"title":"Goldkette mit Anh\u00e4nger \u201eHalo mit Zirkonia\u201c","description":"Goldkette mit Anh\u00e4nger &quot;Halo mit Zirkonia&quot; Dies ist ein exklusives Schmuckst\u00fcck, das Eleganz und Symbolik ausstrahlt. Dieses luxuri\u00f6se Accessoire,","robots":{"index":"index","follow":"follow","max-snippet":"max-snippet:-1","max-image-preview":"max-image-preview:large","max-video-preview":"max-video-preview:-1"},"canonical":"https:\/\/testinisweb.ares.lt\/de\/im-laden\/kette-mit-halo-anhanger-mit-zirkon\/","og_locale":"de_DE","og_type":"article","og_title":"Auksin\u0117 grandin\u0117l\u0117 su pakabuku \"Halo su cirkoniu\"","og_description":"Auksin\u0117 grandin\u0117l\u0117 su pakabuku \"Halo su cirkoniu\" Tai i\u0161skirtinis papuo\u0161alas, kuris spinduliuoja elegancija ir simbolika. \u0160is prabangus aksesuaras,","og_url":"https:\/\/testinisweb.ares.lt\/de\/im-laden\/kette-mit-halo-anhanger-mit-zirkon\/","og_site_name":"ARES Juvelyrika","article_publisher":"https:\/\/www.facebook.com\/AresJewellery","article_modified_time":"2026-01-25T20:02:49+00:00","og_image":[{"width":3000,"height":3000,"url":"https:\/\/testinisweb.ares.lt\/wp-content\/uploads\/2024\/08\/IMG_4474-1.jpg","type":"image\/jpeg"}],"twitter_card":"summary_large_image","twitter_misc":{"Gesch\u00e4tzte Lesezeit":"1\u00a0Minute"},"schema":{"@context":"https:\/\/schema.org","@graph":[{"@type":"WebPage","@id":"https:\/\/testinisweb.ares.lt\/parduotuve\/grandinele-su-pakabuku-halo-su-cirkoniu\/","url":"https:\/\/testinisweb.ares.lt\/parduotuve\/grandinele-su-pakabuku-halo-su-cirkoniu\/","name":"Goldkette mit Anh\u00e4nger \u201eHalo mit Zirkonia\u201c","isPartOf":{"@id":"https:\/\/testinisweb.ares.lt\/#website"},"primaryImageOfPage":{"@id":"https:\/\/testinisweb.ares.lt\/parduotuve\/grandinele-su-pakabuku-halo-su-cirkoniu\/#primaryimage"},"image":{"@id":"https:\/\/testinisweb.ares.lt\/parduotuve\/grandinele-su-pakabuku-halo-su-cirkoniu\/#primaryimage"},"thumbnailUrl":"https:\/\/testinisweb.ares.lt\/wp-content\/uploads\/2024\/08\/IMG_4474-1.jpg","datePublished":"2024-08-16T14:06:40+00:00","dateModified":"2026-01-25T20:02:49+00:00","description":"Goldkette mit Anh\u00e4nger &quot;Halo mit Zirkonia&quot; Dies ist ein exklusives Schmuckst\u00fcck, das Eleganz und Symbolik ausstrahlt. Dieses luxuri\u00f6se Accessoire,","breadcrumb":{"@id":"https:\/\/testinisweb.ares.lt\/parduotuve\/grandinele-su-pakabuku-halo-su-cirkoniu\/#breadcrumb"},"inLanguage":"de","potentialAction":[{"@type":"ReadAction","target":["https:\/\/testinisweb.ares.lt\/parduotuve\/grandinele-su-pakabuku-halo-su-cirkoniu\/"]}]},{"@type":"ImageObject","inLanguage":"de","@id":"https:\/\/testinisweb.ares.lt\/parduotuve\/grandinele-su-pakabuku-halo-su-cirkoniu\/#primaryimage","url":"https:\/\/testinisweb.ares.lt\/wp-content\/uploads\/2024\/08\/IMG_4474-1.jpg","contentUrl":"https:\/\/testinisweb.ares.lt\/wp-content\/uploads\/2024\/08\/IMG_4474-1.jpg","width":3000,"height":3000,"caption":"Auksin\u0117 grandin\u0117l\u0117 su pakabuku \"Halo su cirkoniu\""},{"@type":"BreadcrumbList","@id":"https:\/\/testinisweb.ares.lt\/parduotuve\/grandinele-su-pakabuku-halo-su-cirkoniu\/#breadcrumb","itemListElement":[{"@type":"ListItem","position":1,"name":"Auksiniai papuo\u0161alai","item":"https:\/\/testinisweb.ares.lt\/"},{"@type":"ListItem","position":2,"name":"Parduotuv\u0117","item":"https:\/\/testinisweb.ares.lt\/parduotuve\/"},{"@type":"ListItem","position":3,"name":"Auksin\u0117 grandin\u0117l\u0117 su pakabuku &#8222;Halo su cirkoniu&#8221;"}]},{"@type":"WebSite","@id":"https:\/\/testinisweb.ares.lt\/#website","url":"https:\/\/testinisweb.ares.lt\/","name":"ARES Schmuck","description":"Goldschmuck","publisher":{"@id":"https:\/\/testinisweb.ares.lt\/#organization"},"potentialAction":[{"@type":"SearchAction","target":{"@type":"EntryPoint","urlTemplate":"https:\/\/testinisweb.ares.lt\/?s={search_term_string}"},"query-input":{"@type":"PropertyValueSpecification","valueRequired":true,"valueName":"search_term_string"}}],"inLanguage":"de"},{"@type":"Organization","@id":"https:\/\/testinisweb.ares.lt\/#organization","name":"Ares Jewelry Goldschmuck","url":"https:\/\/testinisweb.ares.lt\/","logo":{"@type":"ImageObject","inLanguage":"de","@id":"https:\/\/testinisweb.ares.lt\/#\/schema\/logo\/image\/","url":"https:\/\/i0.wp.com\/testinisweb.ares.lt\/wp-content\/uploads\/2022\/03\/ares-text-logo-1.png?fit=417%2C122&ssl=1","contentUrl":"https:\/\/i0.wp.com\/testinisweb.ares.lt\/wp-content\/uploads\/2022\/03\/ares-text-logo-1.png?fit=417%2C122&ssl=1","width":417,"height":122,"caption":"Ares Juvelyrika auksiniai papuosalai"},"image":{"@id":"https:\/\/testinisweb.ares.lt\/#\/schema\/logo\/image\/"},"sameAs":["https:\/\/www.facebook.com\/AresJewellery","https:\/\/www.instagram.com\/ares_juvelyrika\/"]}]}},"_links":{"self":[{"href":"https:\/\/testinisweb.ares.lt\/de\/wp-json\/wp\/v2\/product\/16178","targetHints":{"allow":["GET"]}}],"collection":[{"href":"https:\/\/testinisweb.ares.lt\/de\/wp-json\/wp\/v2\/product"}],"about":[{"href":"https:\/\/testinisweb.ares.lt\/de\/wp-json\/wp\/v2\/types\/product"}],"replies":[{"embeddable":true,"href":"https:\/\/testinisweb.ares.lt\/de\/wp-json\/wp\/v2\/comments?post=16178"}],"wp:featuredmedia":[{"embeddable":true,"href":"https:\/\/testinisweb.ares.lt\/de\/wp-json\/wp\/v2\/media\/16179"}],"wp:attachment":[{"href":"https:\/\/testinisweb.ares.lt\/de\/wp-json\/wp\/v2\/media?parent=16178"}],"wp:term":[{"taxonomy":"product_brand","embeddable":true,"href":"https:\/\/testinisweb.ares.lt\/de\/wp-json\/wp\/v2\/product_brand?post=16178"},{"taxonomy":"product_cat","embeddable":true,"href":"https:\/\/testinisweb.ares.lt\/de\/wp-json\/wp\/v2\/product_cat?post=16178"},{"taxonomy":"product_tag","embeddable":true,"href":"https:\/\/testinisweb.ares.lt\/de\/wp-json\/wp\/v2\/product_tag?post=16178"}],"curies":[{"name":"wp","href":"https:\/\/api.w.org\/{rel}","templated":true}]}}