{"id":16184,"date":"2024-08-16T16:20:07","date_gmt":"2024-08-16T14:20:07","guid":{"rendered":"https:\/\/testinisweb.ares.lt\/?post_type=product&#038;p=16184"},"modified":"2026-01-25T22:02:48","modified_gmt":"2026-01-25T20:02:48","slug":"goldene-ohrringe-mini-augen","status":"publish","type":"product","link":"https:\/\/testinisweb.ares.lt\/de\/parduotuve\/auksiniai-auskarai-mini-akutes\/","title":{"rendered":"Goldene Ohrringe \u201eMini-Augen\u201c"},"content":{"rendered":"<h2>Goldene Ohrringe \u201eMini-Augen\u201c<\/h2>\n<p>Dies sind zarte und raffinierte Ohrringe, die sowohl allt\u00e4gliche als auch besondere Looks perfekt erg\u00e4nzen. Diese Creolen bestechen durch ihr elegantes Design und funkelnde Zirkonia, die ein Gef\u00fchl von Charme und Luxus vermitteln.<\/p>\n<h4><strong>L\u00fcnettendesign<\/strong><\/h4>\n<p>Die Mini Eyelet Ohrringe zeichnen sich durch eine Zargenfassung aus, die den Zirkonia mit einem d\u00fcnnen Goldrand umschlie\u00dft. So sitzt der Stein sicher und betont seine Sch\u00f6nheit. Das Zargendesign sch\u00fctzt den Zirkonia nicht nur vor Besch\u00e4digungen, sondern verleiht den Ohrringen auch ein minimalistisches und zugleich elegantes Aussehen. Dieses Design ist aufgrund seiner Modernit\u00e4t und seines dezenten Luxus \u00e4u\u00dferst beliebt und passt zu vielen Stilen.<\/p>\n<h4><strong>Gl\u00e4nzende Zirkone<\/strong><\/h4>\n<p>Diese Ohrringe sind mit hochwertigen Zirkonen verziert, die f\u00fcr ihre besondere Brillanz und ihr diamant\u00e4hnliches Aussehen bekannt sind. Die Zirkone sind sorgf\u00e4ltig in eine Fassung eingefasst, um das Licht optimal zu reflektieren und den Ohrringen ein Funkeln zu verleihen. Mit ihrem eleganten und zeitlosen Design eignen sich die \u201eMini Eyelet\u201c-Ohrringe mit Zirkonen perfekt f\u00fcr den Tag und den Abend und sorgen f\u00fcr au\u00dfergew\u00f6hnlichen Glanz und Charme.<\/p>\n<h4><strong>Stilvoll und vielseitig<\/strong><\/h4>\n<p>Die goldenen Ohrringe \u201eMini Eyes\u201c haben ein minimalistisches Design, das zu jedem Outfit passt. Ihre zarte Gr\u00f6\u00dfe und ihr Glanz erm\u00f6glichen es, diese Ohrringe sowohl im Alltag als auch zu besonderen Anl\u00e4ssen zu tragen. Der Hakenverschluss sorgt f\u00fcr Komfort und Sicherheit, sodass die Ohrringe fest sitzen und den ganzen Tag bequem getragen werden k\u00f6nnen. Diese Ohrringe eignen sich sowohl f\u00fcr Fans klassischer als auch moderner Stile.<\/p>","protected":false},"excerpt":{"rendered":"<p>Auksiniai auskarai &#8222;Mini akut\u0117s&#8221; Tai subtil\u016bs ir rafinuoti auskarai, kurie puikiai tiks tiek kasdieniam, tiek ypatingam \u012fvaizd\u017eiui papildyti. \u0160ie vinuko tipo auskarai&hellip;<\/p>","protected":false},"featured_media":16185,"comment_status":"open","ping_status":"closed","template":"","meta":[],"product_cat":[278,933,281,782,432,930,401],"product_tag":[],"class_list":{"0":"post-16184","1":"product","2":"type-product","3":"status-publish","4":"has-post-thumbnail","6":"product_cat-auskarai","7":"product_cat-auksiniai-auskarai-iki-100-eur","8":"product_cat-auskarai-su-cirkoniais","9":"product_cat-auskarai-vinukai","10":"product_cat-nauja","11":"product_cat-raudono-aukso-auskarai","12":"product_cat-raudono-aukso-papuosalai","13":"tm-no-options","15":"first","16":"instock","17":"shipping-taxable","18":"purchasable","19":"product-type-simple"},"yoast_head":"<!-- This site is optimized with the Yoast SEO plugin v27.3 - https:\/\/yoast.com\/product\/yoast-seo-wordpress\/ -->\n<title>Auksiniai auskarai &quot;Mini akut\u0117s&quot;<\/title>\n<meta name=\"description\" content=\"Auksiniai auskarai &quot;Mini akut\u0117s&quot; Tai subtil\u016bs ir rafinuoti auskarai, kurie puikiai tiks tiek kasdieniam, tiek ypatingam \u012fvaizd\u017eiui papildyti. \u0160ie vinuko\" \/>\n<meta name=\"robots\" content=\"index, follow, max-snippet:-1, max-image-preview:large, max-video-preview:-1\" \/>\n<link rel=\"canonical\" href=\"https:\/\/testinisweb.ares.lt\/de\/im-laden\/goldene-ohrringe-mini-augen\/\" \/>\n<meta property=\"og:locale\" content=\"de_DE\" \/>\n<meta property=\"og:type\" content=\"article\" \/>\n<meta property=\"og:title\" content=\"Auksiniai auskarai &quot;Mini akut\u0117s&quot;\" \/>\n<meta property=\"og:description\" content=\"Auksiniai auskarai &quot;Mini akut\u0117s&quot; Tai subtil\u016bs ir rafinuoti auskarai, kurie puikiai tiks tiek kasdieniam, tiek ypatingam \u012fvaizd\u017eiui papildyti. \u0160ie vinuko\" \/>\n<meta property=\"og:url\" content=\"https:\/\/testinisweb.ares.lt\/de\/im-laden\/goldene-ohrringe-mini-augen\/\" \/>\n<meta property=\"og:site_name\" content=\"ARES Juvelyrika\" \/>\n<meta property=\"article:publisher\" content=\"https:\/\/www.facebook.com\/AresJewellery\" \/>\n<meta property=\"article:modified_time\" content=\"2026-01-25T20:02:48+00:00\" \/>\n<meta property=\"og:image\" content=\"https:\/\/i0.wp.com\/testinisweb.ares.lt\/wp-content\/uploads\/2024\/08\/IMG_4480-1.jpg?fit=3000%2C3000&ssl=1\" \/>\n\t<meta property=\"og:image:width\" content=\"3000\" \/>\n\t<meta property=\"og:image:height\" content=\"3000\" \/>\n\t<meta property=\"og:image:type\" content=\"image\/jpeg\" \/>\n<meta name=\"twitter:card\" content=\"summary_large_image\" \/>\n<meta name=\"twitter:label1\" content=\"Gesch\u00e4tzte Lesezeit\" \/>\n\t<meta name=\"twitter:data1\" content=\"1\u00a0Minute\" \/>\n<script type=\"application\/ld+json\" class=\"yoast-schema-graph\">{\"@context\":\"https:\\\/\\\/schema.org\",\"@graph\":[{\"@type\":\"WebPage\",\"@id\":\"https:\\\/\\\/testinisweb.ares.lt\\\/parduotuve\\\/auksiniai-auskarai-mini-akutes\\\/\",\"url\":\"https:\\\/\\\/testinisweb.ares.lt\\\/parduotuve\\\/auksiniai-auskarai-mini-akutes\\\/\",\"name\":\"Auksiniai auskarai \\\"Mini akut\u0117s\\\"\",\"isPartOf\":{\"@id\":\"https:\\\/\\\/testinisweb.ares.lt\\\/#website\"},\"primaryImageOfPage\":{\"@id\":\"https:\\\/\\\/testinisweb.ares.lt\\\/parduotuve\\\/auksiniai-auskarai-mini-akutes\\\/#primaryimage\"},\"image\":{\"@id\":\"https:\\\/\\\/testinisweb.ares.lt\\\/parduotuve\\\/auksiniai-auskarai-mini-akutes\\\/#primaryimage\"},\"thumbnailUrl\":\"https:\\\/\\\/testinisweb.ares.lt\\\/wp-content\\\/uploads\\\/2024\\\/08\\\/IMG_4480-1.jpg\",\"datePublished\":\"2024-08-16T14:20:07+00:00\",\"dateModified\":\"2026-01-25T20:02:48+00:00\",\"description\":\"Auksiniai auskarai \\\"Mini akut\u0117s\\\" Tai subtil\u016bs ir rafinuoti auskarai, kurie puikiai tiks tiek kasdieniam, tiek ypatingam \u012fvaizd\u017eiui papildyti. \u0160ie vinuko\",\"breadcrumb\":{\"@id\":\"https:\\\/\\\/testinisweb.ares.lt\\\/parduotuve\\\/auksiniai-auskarai-mini-akutes\\\/#breadcrumb\"},\"inLanguage\":\"de\",\"potentialAction\":[{\"@type\":\"ReadAction\",\"target\":[\"https:\\\/\\\/testinisweb.ares.lt\\\/parduotuve\\\/auksiniai-auskarai-mini-akutes\\\/\"]}]},{\"@type\":\"ImageObject\",\"inLanguage\":\"de\",\"@id\":\"https:\\\/\\\/testinisweb.ares.lt\\\/parduotuve\\\/auksiniai-auskarai-mini-akutes\\\/#primaryimage\",\"url\":\"https:\\\/\\\/testinisweb.ares.lt\\\/wp-content\\\/uploads\\\/2024\\\/08\\\/IMG_4480-1.jpg\",\"contentUrl\":\"https:\\\/\\\/testinisweb.ares.lt\\\/wp-content\\\/uploads\\\/2024\\\/08\\\/IMG_4480-1.jpg\",\"width\":3000,\"height\":3000,\"caption\":\"Auksiniai auskarai \\\"Mini akut\u0117s\\\"\"},{\"@type\":\"BreadcrumbList\",\"@id\":\"https:\\\/\\\/testinisweb.ares.lt\\\/parduotuve\\\/auksiniai-auskarai-mini-akutes\\\/#breadcrumb\",\"itemListElement\":[{\"@type\":\"ListItem\",\"position\":1,\"name\":\"Auksiniai papuo\u0161alai\",\"item\":\"https:\\\/\\\/testinisweb.ares.lt\\\/\"},{\"@type\":\"ListItem\",\"position\":2,\"name\":\"Parduotuv\u0117\",\"item\":\"https:\\\/\\\/testinisweb.ares.lt\\\/parduotuve\\\/\"},{\"@type\":\"ListItem\",\"position\":3,\"name\":\"Auksiniai auskarai &#8222;Mini akut\u0117s&#8221;\"}]},{\"@type\":\"WebSite\",\"@id\":\"https:\\\/\\\/testinisweb.ares.lt\\\/#website\",\"url\":\"https:\\\/\\\/testinisweb.ares.lt\\\/\",\"name\":\"ARES Juvelyrika\",\"description\":\"Auksiniai papuo\u0161alai\",\"publisher\":{\"@id\":\"https:\\\/\\\/testinisweb.ares.lt\\\/#organization\"},\"potentialAction\":[{\"@type\":\"SearchAction\",\"target\":{\"@type\":\"EntryPoint\",\"urlTemplate\":\"https:\\\/\\\/testinisweb.ares.lt\\\/?s={search_term_string}\"},\"query-input\":{\"@type\":\"PropertyValueSpecification\",\"valueRequired\":true,\"valueName\":\"search_term_string\"}}],\"inLanguage\":\"de\"},{\"@type\":\"Organization\",\"@id\":\"https:\\\/\\\/testinisweb.ares.lt\\\/#organization\",\"name\":\"Ares Juvelyrika auksiniai papuosalai\",\"url\":\"https:\\\/\\\/testinisweb.ares.lt\\\/\",\"logo\":{\"@type\":\"ImageObject\",\"inLanguage\":\"de\",\"@id\":\"https:\\\/\\\/testinisweb.ares.lt\\\/#\\\/schema\\\/logo\\\/image\\\/\",\"url\":\"https:\\\/\\\/i0.wp.com\\\/testinisweb.ares.lt\\\/wp-content\\\/uploads\\\/2022\\\/03\\\/ares-text-logo-1.png?fit=417%2C122&ssl=1\",\"contentUrl\":\"https:\\\/\\\/i0.wp.com\\\/testinisweb.ares.lt\\\/wp-content\\\/uploads\\\/2022\\\/03\\\/ares-text-logo-1.png?fit=417%2C122&ssl=1\",\"width\":417,\"height\":122,\"caption\":\"Ares Juvelyrika auksiniai papuosalai\"},\"image\":{\"@id\":\"https:\\\/\\\/testinisweb.ares.lt\\\/#\\\/schema\\\/logo\\\/image\\\/\"},\"sameAs\":[\"https:\\\/\\\/www.facebook.com\\\/AresJewellery\",\"https:\\\/\\\/www.instagram.com\\\/ares_juvelyrika\\\/\"]}]}<\/script>\n<!-- \/ Yoast SEO plugin. -->","yoast_head_json":{"title":"Goldene Ohrringe \u201eMini-Augen\u201c","description":"Goldohrringe &quot;Mini-Augen&quot; Diese zarten und raffinierten Ohrringe erg\u00e4nzen sowohl allt\u00e4gliche als auch besondere Looks perfekt. Diese Ohrringe bestehen aus","robots":{"index":"index","follow":"follow","max-snippet":"max-snippet:-1","max-image-preview":"max-image-preview:large","max-video-preview":"max-video-preview:-1"},"canonical":"https:\/\/testinisweb.ares.lt\/de\/im-laden\/goldene-ohrringe-mini-augen\/","og_locale":"de_DE","og_type":"article","og_title":"Auksiniai auskarai \"Mini akut\u0117s\"","og_description":"Auksiniai auskarai \"Mini akut\u0117s\" Tai subtil\u016bs ir rafinuoti auskarai, kurie puikiai tiks tiek kasdieniam, tiek ypatingam \u012fvaizd\u017eiui papildyti. \u0160ie vinuko","og_url":"https:\/\/testinisweb.ares.lt\/de\/im-laden\/goldene-ohrringe-mini-augen\/","og_site_name":"ARES Juvelyrika","article_publisher":"https:\/\/www.facebook.com\/AresJewellery","article_modified_time":"2026-01-25T20:02:48+00:00","og_image":[{"width":3000,"height":3000,"url":"https:\/\/i0.wp.com\/testinisweb.ares.lt\/wp-content\/uploads\/2024\/08\/IMG_4480-1.jpg?fit=3000%2C3000&ssl=1","type":"image\/jpeg"}],"twitter_card":"summary_large_image","twitter_misc":{"Gesch\u00e4tzte Lesezeit":"1\u00a0Minute"},"schema":{"@context":"https:\/\/schema.org","@graph":[{"@type":"WebPage","@id":"https:\/\/testinisweb.ares.lt\/parduotuve\/auksiniai-auskarai-mini-akutes\/","url":"https:\/\/testinisweb.ares.lt\/parduotuve\/auksiniai-auskarai-mini-akutes\/","name":"Goldene Ohrringe \u201eMini-Augen\u201c","isPartOf":{"@id":"https:\/\/testinisweb.ares.lt\/#website"},"primaryImageOfPage":{"@id":"https:\/\/testinisweb.ares.lt\/parduotuve\/auksiniai-auskarai-mini-akutes\/#primaryimage"},"image":{"@id":"https:\/\/testinisweb.ares.lt\/parduotuve\/auksiniai-auskarai-mini-akutes\/#primaryimage"},"thumbnailUrl":"https:\/\/testinisweb.ares.lt\/wp-content\/uploads\/2024\/08\/IMG_4480-1.jpg","datePublished":"2024-08-16T14:20:07+00:00","dateModified":"2026-01-25T20:02:48+00:00","description":"Goldohrringe &quot;Mini-Augen&quot; Diese zarten und raffinierten Ohrringe erg\u00e4nzen sowohl allt\u00e4gliche als auch besondere Looks perfekt. Diese Ohrringe bestehen aus","breadcrumb":{"@id":"https:\/\/testinisweb.ares.lt\/parduotuve\/auksiniai-auskarai-mini-akutes\/#breadcrumb"},"inLanguage":"de","potentialAction":[{"@type":"ReadAction","target":["https:\/\/testinisweb.ares.lt\/parduotuve\/auksiniai-auskarai-mini-akutes\/"]}]},{"@type":"ImageObject","inLanguage":"de","@id":"https:\/\/testinisweb.ares.lt\/parduotuve\/auksiniai-auskarai-mini-akutes\/#primaryimage","url":"https:\/\/testinisweb.ares.lt\/wp-content\/uploads\/2024\/08\/IMG_4480-1.jpg","contentUrl":"https:\/\/testinisweb.ares.lt\/wp-content\/uploads\/2024\/08\/IMG_4480-1.jpg","width":3000,"height":3000,"caption":"Auksiniai auskarai \"Mini akut\u0117s\""},{"@type":"BreadcrumbList","@id":"https:\/\/testinisweb.ares.lt\/parduotuve\/auksiniai-auskarai-mini-akutes\/#breadcrumb","itemListElement":[{"@type":"ListItem","position":1,"name":"Auksiniai papuo\u0161alai","item":"https:\/\/testinisweb.ares.lt\/"},{"@type":"ListItem","position":2,"name":"Parduotuv\u0117","item":"https:\/\/testinisweb.ares.lt\/parduotuve\/"},{"@type":"ListItem","position":3,"name":"Auksiniai auskarai &#8222;Mini akut\u0117s&#8221;"}]},{"@type":"WebSite","@id":"https:\/\/testinisweb.ares.lt\/#website","url":"https:\/\/testinisweb.ares.lt\/","name":"ARES Schmuck","description":"Goldschmuck","publisher":{"@id":"https:\/\/testinisweb.ares.lt\/#organization"},"potentialAction":[{"@type":"SearchAction","target":{"@type":"EntryPoint","urlTemplate":"https:\/\/testinisweb.ares.lt\/?s={search_term_string}"},"query-input":{"@type":"PropertyValueSpecification","valueRequired":true,"valueName":"search_term_string"}}],"inLanguage":"de"},{"@type":"Organization","@id":"https:\/\/testinisweb.ares.lt\/#organization","name":"Ares Jewelry Goldschmuck","url":"https:\/\/testinisweb.ares.lt\/","logo":{"@type":"ImageObject","inLanguage":"de","@id":"https:\/\/testinisweb.ares.lt\/#\/schema\/logo\/image\/","url":"https:\/\/i0.wp.com\/testinisweb.ares.lt\/wp-content\/uploads\/2022\/03\/ares-text-logo-1.png?fit=417%2C122&ssl=1","contentUrl":"https:\/\/i0.wp.com\/testinisweb.ares.lt\/wp-content\/uploads\/2022\/03\/ares-text-logo-1.png?fit=417%2C122&ssl=1","width":417,"height":122,"caption":"Ares Juvelyrika auksiniai papuosalai"},"image":{"@id":"https:\/\/testinisweb.ares.lt\/#\/schema\/logo\/image\/"},"sameAs":["https:\/\/www.facebook.com\/AresJewellery","https:\/\/www.instagram.com\/ares_juvelyrika\/"]}]}},"_links":{"self":[{"href":"https:\/\/testinisweb.ares.lt\/de\/wp-json\/wp\/v2\/product\/16184","targetHints":{"allow":["GET"]}}],"collection":[{"href":"https:\/\/testinisweb.ares.lt\/de\/wp-json\/wp\/v2\/product"}],"about":[{"href":"https:\/\/testinisweb.ares.lt\/de\/wp-json\/wp\/v2\/types\/product"}],"replies":[{"embeddable":true,"href":"https:\/\/testinisweb.ares.lt\/de\/wp-json\/wp\/v2\/comments?post=16184"}],"wp:featuredmedia":[{"embeddable":true,"href":"https:\/\/testinisweb.ares.lt\/de\/wp-json\/wp\/v2\/media\/16185"}],"wp:attachment":[{"href":"https:\/\/testinisweb.ares.lt\/de\/wp-json\/wp\/v2\/media?parent=16184"}],"wp:term":[{"taxonomy":"product_cat","embeddable":true,"href":"https:\/\/testinisweb.ares.lt\/de\/wp-json\/wp\/v2\/product_cat?post=16184"},{"taxonomy":"product_tag","embeddable":true,"href":"https:\/\/testinisweb.ares.lt\/de\/wp-json\/wp\/v2\/product_tag?post=16184"}],"curies":[{"name":"wp","href":"https:\/\/api.w.org\/{rel}","templated":true}]}}