{"id":17188,"date":"2025-02-12T20:27:51","date_gmt":"2025-02-12T18:27:51","guid":{"rendered":"https:\/\/testinisweb.ares.lt\/?post_type=product&#038;p=17188"},"modified":"2026-01-25T22:01:50","modified_gmt":"2026-01-25T20:01:50","slug":"goldanhanger-mit-dem-buchstaben-t","status":"publish","type":"product","link":"https:\/\/testinisweb.ares.lt\/de\/parduotuve\/auksinis-pakabukas-su-raide-t\/","title":{"rendered":"Goldanh\u00e4nger mit dem Buchstaben &quot;T&quot;"},"content":{"rendered":"<h3 data-start=\"0\" data-end=\"51\">Goldanh\u00e4nger mit dem Buchstaben &quot;T&quot; mit Zirkonen<\/h3>\n<p data-start=\"53\" data-end=\"323\">Dieser 14-Karat-Goldanh\u00e4nger mit dem Buchstaben \u201eT\u201c ist ein zartes und zugleich unverwechselbares Schmuckst\u00fcck, das mit dem luxuri\u00f6sen Charme von Zirkonen gl\u00e4nzt. Er eignet sich perfekt als pers\u00f6nlicher Stilakzent oder als besonderes Geschenk, das Ihre Individualit\u00e4t und Ihre Gef\u00fchle f\u00fcr Ihre Lieben zum Ausdruck bringt.<\/p>\n<p data-start=\"325\" data-end=\"564\">Goldanh\u00e4nger mit Initialen sind eine gute Wahl f\u00fcr alle, die ein einzigartiges und bedeutungsvolles Schmuckst\u00fcck besitzen m\u00f6chten. Personalisierter Schmuck ist modisch und hat symbolischen Wert, was ihn zu einer unvergesslichen Geschenkidee f\u00fcr verschiedene Anl\u00e4sse macht.<\/p>\n<p data-start=\"566\" data-end=\"819\">Dank seines eleganten Designs l\u00e4sst sich dieser Anh\u00e4nger problemlos mit verschiedenen Ketten und anderem Schmuck kombinieren. Sein strahlender Glanz und sein minimalistischer Stil verleihen sowohl allt\u00e4glichen als auch festlichen Looks Exklusivit\u00e4t und Raffinesse.<\/p>\n<p data-start=\"821\" data-end=\"1072\" data-is-last-node=\"\">Goldschmuck mit Buchstaben und Zirkonen ist ein tolles Geschenk zum Geburtstag, Jahrestag oder anderen wichtigen Anl\u00e4ssen. 585er Gold garantiert h\u00f6chste Qualit\u00e4t und Langlebigkeit, sodass dieser Anh\u00e4nger viele Jahre lang wertvoll und stilvoll bleibt.<\/p>","protected":false},"excerpt":{"rendered":"<p>Auksinis pakabukas su raide \u201eT\u201d su cirkoniais \u0160is 585 prabos auksinis pakabukas su raide \u201eT\u201d \u2013 tai subtilus, ta\u010diau i\u0161skirtinis papuo\u0161alas, kuris&hellip;<\/p>","protected":false},"featured_media":17189,"comment_status":"open","ping_status":"closed","template":"","meta":[],"product_cat":[961,972,968,966,870,969],"product_tag":[],"class_list":{"0":"post-17188","1":"product","2":"type-product","3":"status-publish","4":"has-post-thumbnail","6":"product_cat-auksiniai-pakabukai","7":"product_cat-auksiniai-pakabukai-iki-100-eur","8":"product_cat-auksiniai-pakabukai-raides","9":"product_cat-auksiniai-pakabukai-su-cirkoniais","10":"product_cat-pakabukai-su-raide","11":"product_cat-raudono-aukso-pakabukai","12":"tm-no-options","14":"first","15":"instock","16":"shipping-taxable","17":"purchasable","18":"product-type-simple"},"yoast_head":"<!-- This site is optimized with the Yoast SEO plugin v27.4 - https:\/\/yoast.com\/product\/yoast-seo-wordpress\/ -->\n<title>Auksinis pakabukas su raide \u201eT\u201d<\/title>\n<meta name=\"description\" content=\"Auksinis pakabukas su raide \u201eT\u201d su cirkoniais \u0160is 585 prabos auksinis pakabukas su raide \u201eT\u201d \u2013 tai subtilus, ta\u010diau i\u0161skirtinis papuo\u0161alas, kuris spindi\" \/>\n<meta name=\"robots\" content=\"index, follow, max-snippet:-1, max-image-preview:large, max-video-preview:-1\" \/>\n<link rel=\"canonical\" href=\"https:\/\/testinisweb.ares.lt\/de\/im-laden\/goldanhanger-mit-dem-buchstaben-t\/\" \/>\n<meta property=\"og:locale\" content=\"de_DE\" \/>\n<meta property=\"og:type\" content=\"article\" \/>\n<meta property=\"og:title\" content=\"Auksinis pakabukas su raide \u201eT\u201d\" \/>\n<meta property=\"og:description\" content=\"Auksinis pakabukas su raide \u201eT\u201d su cirkoniais \u0160is 585 prabos auksinis pakabukas su raide \u201eT\u201d \u2013 tai subtilus, ta\u010diau i\u0161skirtinis papuo\u0161alas, kuris spindi\" \/>\n<meta property=\"og:url\" content=\"https:\/\/testinisweb.ares.lt\/de\/im-laden\/goldanhanger-mit-dem-buchstaben-t\/\" \/>\n<meta property=\"og:site_name\" content=\"ARES Juvelyrika\" \/>\n<meta property=\"article:publisher\" content=\"https:\/\/www.facebook.com\/AresJewellery\" \/>\n<meta property=\"article:modified_time\" content=\"2026-01-25T20:01:50+00:00\" \/>\n<meta property=\"og:image\" content=\"https:\/\/testinisweb.ares.lt\/wp-content\/uploads\/2025\/02\/APR_T.jpg\" \/>\n\t<meta property=\"og:image:width\" content=\"3000\" \/>\n\t<meta property=\"og:image:height\" content=\"3000\" \/>\n\t<meta property=\"og:image:type\" content=\"image\/jpeg\" \/>\n<meta name=\"twitter:card\" content=\"summary_large_image\" \/>\n<meta name=\"twitter:label1\" content=\"Gesch\u00e4tzte Lesezeit\" \/>\n\t<meta name=\"twitter:data1\" content=\"1\u00a0Minute\" \/>\n<script type=\"application\/ld+json\" class=\"yoast-schema-graph\">{\"@context\":\"https:\\\/\\\/schema.org\",\"@graph\":[{\"@type\":\"WebPage\",\"@id\":\"https:\\\/\\\/testinisweb.ares.lt\\\/parduotuve\\\/auksinis-pakabukas-su-raide-t\\\/\",\"url\":\"https:\\\/\\\/testinisweb.ares.lt\\\/parduotuve\\\/auksinis-pakabukas-su-raide-t\\\/\",\"name\":\"Auksinis pakabukas su raide \u201eT\u201d\",\"isPartOf\":{\"@id\":\"https:\\\/\\\/testinisweb.ares.lt\\\/#website\"},\"primaryImageOfPage\":{\"@id\":\"https:\\\/\\\/testinisweb.ares.lt\\\/parduotuve\\\/auksinis-pakabukas-su-raide-t\\\/#primaryimage\"},\"image\":{\"@id\":\"https:\\\/\\\/testinisweb.ares.lt\\\/parduotuve\\\/auksinis-pakabukas-su-raide-t\\\/#primaryimage\"},\"thumbnailUrl\":\"https:\\\/\\\/testinisweb.ares.lt\\\/wp-content\\\/uploads\\\/2025\\\/02\\\/APR_T.jpg\",\"datePublished\":\"2025-02-12T18:27:51+00:00\",\"dateModified\":\"2026-01-25T20:01:50+00:00\",\"description\":\"Auksinis pakabukas su raide \u201eT\u201d su cirkoniais \u0160is 585 prabos auksinis pakabukas su raide \u201eT\u201d \u2013 tai subtilus, ta\u010diau i\u0161skirtinis papuo\u0161alas, kuris spindi\",\"breadcrumb\":{\"@id\":\"https:\\\/\\\/testinisweb.ares.lt\\\/parduotuve\\\/auksinis-pakabukas-su-raide-t\\\/#breadcrumb\"},\"inLanguage\":\"de\",\"potentialAction\":[{\"@type\":\"ReadAction\",\"target\":[\"https:\\\/\\\/testinisweb.ares.lt\\\/parduotuve\\\/auksinis-pakabukas-su-raide-t\\\/\"]}]},{\"@type\":\"ImageObject\",\"inLanguage\":\"de\",\"@id\":\"https:\\\/\\\/testinisweb.ares.lt\\\/parduotuve\\\/auksinis-pakabukas-su-raide-t\\\/#primaryimage\",\"url\":\"https:\\\/\\\/testinisweb.ares.lt\\\/wp-content\\\/uploads\\\/2025\\\/02\\\/APR_T.jpg\",\"contentUrl\":\"https:\\\/\\\/testinisweb.ares.lt\\\/wp-content\\\/uploads\\\/2025\\\/02\\\/APR_T.jpg\",\"width\":3000,\"height\":3000,\"caption\":\"Auksinis pakabukas su raide \u201eT\u201d\"},{\"@type\":\"BreadcrumbList\",\"@id\":\"https:\\\/\\\/testinisweb.ares.lt\\\/parduotuve\\\/auksinis-pakabukas-su-raide-t\\\/#breadcrumb\",\"itemListElement\":[{\"@type\":\"ListItem\",\"position\":1,\"name\":\"Auksiniai papuo\u0161alai\",\"item\":\"https:\\\/\\\/testinisweb.ares.lt\\\/\"},{\"@type\":\"ListItem\",\"position\":2,\"name\":\"Parduotuv\u0117\",\"item\":\"https:\\\/\\\/testinisweb.ares.lt\\\/parduotuve\\\/\"},{\"@type\":\"ListItem\",\"position\":3,\"name\":\"Auksinis pakabukas su raide \u201eT\u201d\"}]},{\"@type\":\"WebSite\",\"@id\":\"https:\\\/\\\/testinisweb.ares.lt\\\/#website\",\"url\":\"https:\\\/\\\/testinisweb.ares.lt\\\/\",\"name\":\"ARES Juvelyrika\",\"description\":\"Auksiniai papuo\u0161alai\",\"publisher\":{\"@id\":\"https:\\\/\\\/testinisweb.ares.lt\\\/#organization\"},\"potentialAction\":[{\"@type\":\"SearchAction\",\"target\":{\"@type\":\"EntryPoint\",\"urlTemplate\":\"https:\\\/\\\/testinisweb.ares.lt\\\/?s={search_term_string}\"},\"query-input\":{\"@type\":\"PropertyValueSpecification\",\"valueRequired\":true,\"valueName\":\"search_term_string\"}}],\"inLanguage\":\"de\"},{\"@type\":\"Organization\",\"@id\":\"https:\\\/\\\/testinisweb.ares.lt\\\/#organization\",\"name\":\"Ares Juvelyrika auksiniai papuosalai\",\"url\":\"https:\\\/\\\/testinisweb.ares.lt\\\/\",\"logo\":{\"@type\":\"ImageObject\",\"inLanguage\":\"de\",\"@id\":\"https:\\\/\\\/testinisweb.ares.lt\\\/#\\\/schema\\\/logo\\\/image\\\/\",\"url\":\"https:\\\/\\\/i0.wp.com\\\/testinisweb.ares.lt\\\/wp-content\\\/uploads\\\/2022\\\/03\\\/ares-text-logo-1.png?fit=417%2C122&ssl=1\",\"contentUrl\":\"https:\\\/\\\/i0.wp.com\\\/testinisweb.ares.lt\\\/wp-content\\\/uploads\\\/2022\\\/03\\\/ares-text-logo-1.png?fit=417%2C122&ssl=1\",\"width\":417,\"height\":122,\"caption\":\"Ares Juvelyrika auksiniai papuosalai\"},\"image\":{\"@id\":\"https:\\\/\\\/testinisweb.ares.lt\\\/#\\\/schema\\\/logo\\\/image\\\/\"},\"sameAs\":[\"https:\\\/\\\/www.facebook.com\\\/AresJewellery\",\"https:\\\/\\\/www.instagram.com\\\/ares_juvelyrika\\\/\"]}]}<\/script>\n<!-- \/ Yoast SEO plugin. -->","yoast_head_json":{"title":"Goldanh\u00e4nger mit dem Buchstaben &quot;T&quot;","description":"Goldanh\u00e4nger mit dem Buchstaben &quot;T&quot; mit Zirkonen Dieser 585er Goldanh\u00e4nger mit dem Buchstaben &quot;T&quot; ist ein zartes und doch unverwechselbares Schmuckst\u00fcck, das gl\u00e4nzt","robots":{"index":"index","follow":"follow","max-snippet":"max-snippet:-1","max-image-preview":"max-image-preview:large","max-video-preview":"max-video-preview:-1"},"canonical":"https:\/\/testinisweb.ares.lt\/de\/im-laden\/goldanhanger-mit-dem-buchstaben-t\/","og_locale":"de_DE","og_type":"article","og_title":"Auksinis pakabukas su raide \u201eT\u201d","og_description":"Auksinis pakabukas su raide \u201eT\u201d su cirkoniais \u0160is 585 prabos auksinis pakabukas su raide \u201eT\u201d \u2013 tai subtilus, ta\u010diau i\u0161skirtinis papuo\u0161alas, kuris spindi","og_url":"https:\/\/testinisweb.ares.lt\/de\/im-laden\/goldanhanger-mit-dem-buchstaben-t\/","og_site_name":"ARES Juvelyrika","article_publisher":"https:\/\/www.facebook.com\/AresJewellery","article_modified_time":"2026-01-25T20:01:50+00:00","og_image":[{"width":3000,"height":3000,"url":"https:\/\/testinisweb.ares.lt\/wp-content\/uploads\/2025\/02\/APR_T.jpg","type":"image\/jpeg"}],"twitter_card":"summary_large_image","twitter_misc":{"Gesch\u00e4tzte Lesezeit":"1\u00a0Minute"},"schema":{"@context":"https:\/\/schema.org","@graph":[{"@type":"WebPage","@id":"https:\/\/testinisweb.ares.lt\/parduotuve\/auksinis-pakabukas-su-raide-t\/","url":"https:\/\/testinisweb.ares.lt\/parduotuve\/auksinis-pakabukas-su-raide-t\/","name":"Goldanh\u00e4nger mit dem Buchstaben &quot;T&quot;","isPartOf":{"@id":"https:\/\/testinisweb.ares.lt\/#website"},"primaryImageOfPage":{"@id":"https:\/\/testinisweb.ares.lt\/parduotuve\/auksinis-pakabukas-su-raide-t\/#primaryimage"},"image":{"@id":"https:\/\/testinisweb.ares.lt\/parduotuve\/auksinis-pakabukas-su-raide-t\/#primaryimage"},"thumbnailUrl":"https:\/\/testinisweb.ares.lt\/wp-content\/uploads\/2025\/02\/APR_T.jpg","datePublished":"2025-02-12T18:27:51+00:00","dateModified":"2026-01-25T20:01:50+00:00","description":"Goldanh\u00e4nger mit dem Buchstaben &quot;T&quot; mit Zirkonen Dieser 585er Goldanh\u00e4nger mit dem Buchstaben &quot;T&quot; ist ein zartes und doch unverwechselbares Schmuckst\u00fcck, das gl\u00e4nzt","breadcrumb":{"@id":"https:\/\/testinisweb.ares.lt\/parduotuve\/auksinis-pakabukas-su-raide-t\/#breadcrumb"},"inLanguage":"de","potentialAction":[{"@type":"ReadAction","target":["https:\/\/testinisweb.ares.lt\/parduotuve\/auksinis-pakabukas-su-raide-t\/"]}]},{"@type":"ImageObject","inLanguage":"de","@id":"https:\/\/testinisweb.ares.lt\/parduotuve\/auksinis-pakabukas-su-raide-t\/#primaryimage","url":"https:\/\/testinisweb.ares.lt\/wp-content\/uploads\/2025\/02\/APR_T.jpg","contentUrl":"https:\/\/testinisweb.ares.lt\/wp-content\/uploads\/2025\/02\/APR_T.jpg","width":3000,"height":3000,"caption":"Auksinis pakabukas su raide \u201eT\u201d"},{"@type":"BreadcrumbList","@id":"https:\/\/testinisweb.ares.lt\/parduotuve\/auksinis-pakabukas-su-raide-t\/#breadcrumb","itemListElement":[{"@type":"ListItem","position":1,"name":"Auksiniai papuo\u0161alai","item":"https:\/\/testinisweb.ares.lt\/"},{"@type":"ListItem","position":2,"name":"Parduotuv\u0117","item":"https:\/\/testinisweb.ares.lt\/parduotuve\/"},{"@type":"ListItem","position":3,"name":"Auksinis pakabukas su raide \u201eT\u201d"}]},{"@type":"WebSite","@id":"https:\/\/testinisweb.ares.lt\/#website","url":"https:\/\/testinisweb.ares.lt\/","name":"ARES Schmuck","description":"Goldschmuck","publisher":{"@id":"https:\/\/testinisweb.ares.lt\/#organization"},"potentialAction":[{"@type":"SearchAction","target":{"@type":"EntryPoint","urlTemplate":"https:\/\/testinisweb.ares.lt\/?s={search_term_string}"},"query-input":{"@type":"PropertyValueSpecification","valueRequired":true,"valueName":"search_term_string"}}],"inLanguage":"de"},{"@type":"Organization","@id":"https:\/\/testinisweb.ares.lt\/#organization","name":"Ares Jewelry Goldschmuck","url":"https:\/\/testinisweb.ares.lt\/","logo":{"@type":"ImageObject","inLanguage":"de","@id":"https:\/\/testinisweb.ares.lt\/#\/schema\/logo\/image\/","url":"https:\/\/i0.wp.com\/testinisweb.ares.lt\/wp-content\/uploads\/2022\/03\/ares-text-logo-1.png?fit=417%2C122&ssl=1","contentUrl":"https:\/\/i0.wp.com\/testinisweb.ares.lt\/wp-content\/uploads\/2022\/03\/ares-text-logo-1.png?fit=417%2C122&ssl=1","width":417,"height":122,"caption":"Ares Juvelyrika auksiniai papuosalai"},"image":{"@id":"https:\/\/testinisweb.ares.lt\/#\/schema\/logo\/image\/"},"sameAs":["https:\/\/www.facebook.com\/AresJewellery","https:\/\/www.instagram.com\/ares_juvelyrika\/"]}]}},"_links":{"self":[{"href":"https:\/\/testinisweb.ares.lt\/de\/wp-json\/wp\/v2\/product\/17188","targetHints":{"allow":["GET"]}}],"collection":[{"href":"https:\/\/testinisweb.ares.lt\/de\/wp-json\/wp\/v2\/product"}],"about":[{"href":"https:\/\/testinisweb.ares.lt\/de\/wp-json\/wp\/v2\/types\/product"}],"replies":[{"embeddable":true,"href":"https:\/\/testinisweb.ares.lt\/de\/wp-json\/wp\/v2\/comments?post=17188"}],"wp:featuredmedia":[{"embeddable":true,"href":"https:\/\/testinisweb.ares.lt\/de\/wp-json\/wp\/v2\/media\/17189"}],"wp:attachment":[{"href":"https:\/\/testinisweb.ares.lt\/de\/wp-json\/wp\/v2\/media?parent=17188"}],"wp:term":[{"taxonomy":"product_cat","embeddable":true,"href":"https:\/\/testinisweb.ares.lt\/de\/wp-json\/wp\/v2\/product_cat?post=17188"},{"taxonomy":"product_tag","embeddable":true,"href":"https:\/\/testinisweb.ares.lt\/de\/wp-json\/wp\/v2\/product_tag?post=17188"}],"curies":[{"name":"wp","href":"https:\/\/api.w.org\/{rel}","templated":true}]}}