{"id":17200,"date":"2025-02-14T21:12:08","date_gmt":"2025-02-14T19:12:08","guid":{"rendered":"https:\/\/testinisweb.ares.lt\/?post_type=product&#038;p=17200"},"modified":"2026-01-25T22:01:49","modified_gmt":"2026-01-25T20:01:49","slug":"goldener-engelsanhanger","status":"publish","type":"product","link":"https:\/\/testinisweb.ares.lt\/de\/parduotuve\/auksinis-pakabukas-angelas\/","title":{"rendered":"Goldanh\u00e4nger &quot;Schutzengel (kleiner Engel)&quot;"},"content":{"rendered":"<h3 data-start=\"0\" data-end=\"34\">Goldanh\u00e4nger &quot;Schutzengel (kleiner Engel)&quot;<\/h3>\n<p data-start=\"36\" data-end=\"363\">Dieser elegante 585er Goldanh\u00e4nger \u201eSchutzengel (kleiner Engel)\u201c ist ein zartes und bedeutungsvolles Schmuckst\u00fcck, das Schutz, Frieden und spirituelle Harmonie symbolisiert. Sein exklusives Design und die sorgf\u00e4ltig ausgearbeiteten Details verleihen ihm einen besonderen Charme und machen ihn nicht nur zu einem stilvollen Accessoire, sondern auch zu einem Symbol besonderer Bedeutung.<\/p>\n<p data-start=\"365\" data-end=\"607\">Goldene Engelanh\u00e4nger sind eine tolle Wahl f\u00fcr alle, die bedeutungsvollen Schmuck sch\u00e4tzen oder einem geliebten Menschen ein besonderes Geschenk machen m\u00f6chten. Sie k\u00f6nnen ein wunderbarer Talisman sein, der an Liebe, Schutz und warme Gef\u00fchle erinnert.<\/p>\n<p data-start=\"609\" data-end=\"865\">Dank seines vielseitigen Designs passt dieser Anh\u00e4nger problemlos zu einer Vielzahl von Ketten und anderem Schmuck. Er eignet sich perfekt f\u00fcr den Alltag und besondere Anl\u00e4sse und verleiht Ihrem Look Eleganz und sanften Glanz.<\/p>\n<p data-start=\"867\" data-end=\"1207\" data-is-last-node=\"\">Goldschmuck ist langlebig und wertvoll, daher ist dieser Anh\u00e4nger \u201eSchutzengel (kleiner Engel)\u201c nicht nur sch\u00f6n, sondern auch ein bedeutungsvolles Geschenk zu verschiedenen Anl\u00e4ssen \u2013 Geburtstagen, Taufen, Erstkommunion oder anderen besonderen Momenten im Leben. 585er Gold gew\u00e4hrleistet h\u00f6chste Qualit\u00e4t, sodass dieser Anh\u00e4nger viele Jahre lang stilvoll und wertvoll bleibt.<\/p>","protected":false},"excerpt":{"rendered":"<p>Auksinis pakabukas \u201eAngelas sargas (angeliukas)\u201c \u0160is eleganti\u0161kas 585 prabos auksinis pakabukas \u201eAngelas sargas (angeliukas)\u201c \u2013 tai subtilus ir prasmingas papuo\u0161alas, simbolizuojantis apsaug\u0105,&hellip;<\/p>","protected":false},"featured_media":17201,"comment_status":"open","ping_status":"closed","template":"","meta":[],"product_cat":[961,972,969,1009],"product_tag":[],"class_list":{"0":"post-17200","1":"product","2":"type-product","3":"status-publish","4":"has-post-thumbnail","6":"product_cat-auksiniai-pakabukai","7":"product_cat-auksiniai-pakabukai-iki-100-eur","8":"product_cat-raudono-aukso-pakabukai","9":"product_cat-religiniai-pakabukai","10":"tm-no-options","12":"first","13":"instock","14":"shipping-taxable","15":"purchasable","16":"product-type-simple"},"yoast_head":"<!-- This site is optimized with the Yoast SEO plugin v27.4 - https:\/\/yoast.com\/product\/yoast-seo-wordpress\/ -->\n<title>Auksinis pakabukas &quot;Angelas sargas (angeliukas)&quot;<\/title>\n<meta name=\"description\" content=\"Auksinis pakabukas \u201eAngelas sargas (angeliukas)\u201c \u0160is eleganti\u0161kas 585 prabos auksinis pakabukas \u201eAngelas sargas (angeliukas)\u201c \u2013 tai subtilus ir prasmingas\" \/>\n<meta name=\"robots\" content=\"index, follow, max-snippet:-1, max-image-preview:large, max-video-preview:-1\" \/>\n<link rel=\"canonical\" href=\"https:\/\/testinisweb.ares.lt\/de\/im-laden\/goldener-engelsanhanger\/\" \/>\n<meta property=\"og:locale\" content=\"de_DE\" \/>\n<meta property=\"og:type\" content=\"article\" \/>\n<meta property=\"og:title\" content=\"Auksinis pakabukas &quot;Angelas sargas (angeliukas)&quot;\" \/>\n<meta property=\"og:description\" content=\"Auksinis pakabukas \u201eAngelas sargas (angeliukas)\u201c \u0160is eleganti\u0161kas 585 prabos auksinis pakabukas \u201eAngelas sargas (angeliukas)\u201c \u2013 tai subtilus ir prasmingas\" \/>\n<meta property=\"og:url\" content=\"https:\/\/testinisweb.ares.lt\/de\/im-laden\/goldener-engelsanhanger\/\" \/>\n<meta property=\"og:site_name\" content=\"ARES Juvelyrika\" \/>\n<meta property=\"article:publisher\" content=\"https:\/\/www.facebook.com\/AresJewellery\" \/>\n<meta property=\"article:modified_time\" content=\"2026-01-25T20:01:49+00:00\" \/>\n<meta property=\"og:image\" content=\"https:\/\/testinisweb.ares.lt\/wp-content\/uploads\/2025\/02\/AP_A1.jpg\" \/>\n\t<meta property=\"og:image:width\" content=\"3000\" \/>\n\t<meta property=\"og:image:height\" content=\"3000\" \/>\n\t<meta property=\"og:image:type\" content=\"image\/jpeg\" \/>\n<meta name=\"twitter:card\" content=\"summary_large_image\" \/>\n<meta name=\"twitter:label1\" content=\"Gesch\u00e4tzte Lesezeit\" \/>\n\t<meta name=\"twitter:data1\" content=\"1\u00a0Minute\" \/>\n<script type=\"application\/ld+json\" class=\"yoast-schema-graph\">{\"@context\":\"https:\\\/\\\/schema.org\",\"@graph\":[{\"@type\":\"WebPage\",\"@id\":\"https:\\\/\\\/testinisweb.ares.lt\\\/parduotuve\\\/auksinis-pakabukas-angelas\\\/\",\"url\":\"https:\\\/\\\/testinisweb.ares.lt\\\/parduotuve\\\/auksinis-pakabukas-angelas\\\/\",\"name\":\"Auksinis pakabukas \\\"Angelas sargas (angeliukas)\\\"\",\"isPartOf\":{\"@id\":\"https:\\\/\\\/testinisweb.ares.lt\\\/#website\"},\"primaryImageOfPage\":{\"@id\":\"https:\\\/\\\/testinisweb.ares.lt\\\/parduotuve\\\/auksinis-pakabukas-angelas\\\/#primaryimage\"},\"image\":{\"@id\":\"https:\\\/\\\/testinisweb.ares.lt\\\/parduotuve\\\/auksinis-pakabukas-angelas\\\/#primaryimage\"},\"thumbnailUrl\":\"https:\\\/\\\/testinisweb.ares.lt\\\/wp-content\\\/uploads\\\/2025\\\/02\\\/AP_A1.jpg\",\"datePublished\":\"2025-02-14T19:12:08+00:00\",\"dateModified\":\"2026-01-25T20:01:49+00:00\",\"description\":\"Auksinis pakabukas \u201eAngelas sargas (angeliukas)\u201c \u0160is eleganti\u0161kas 585 prabos auksinis pakabukas \u201eAngelas sargas (angeliukas)\u201c \u2013 tai subtilus ir prasmingas\",\"breadcrumb\":{\"@id\":\"https:\\\/\\\/testinisweb.ares.lt\\\/parduotuve\\\/auksinis-pakabukas-angelas\\\/#breadcrumb\"},\"inLanguage\":\"de\",\"potentialAction\":[{\"@type\":\"ReadAction\",\"target\":[\"https:\\\/\\\/testinisweb.ares.lt\\\/parduotuve\\\/auksinis-pakabukas-angelas\\\/\"]}]},{\"@type\":\"ImageObject\",\"inLanguage\":\"de\",\"@id\":\"https:\\\/\\\/testinisweb.ares.lt\\\/parduotuve\\\/auksinis-pakabukas-angelas\\\/#primaryimage\",\"url\":\"https:\\\/\\\/testinisweb.ares.lt\\\/wp-content\\\/uploads\\\/2025\\\/02\\\/AP_A1.jpg\",\"contentUrl\":\"https:\\\/\\\/testinisweb.ares.lt\\\/wp-content\\\/uploads\\\/2025\\\/02\\\/AP_A1.jpg\",\"width\":3000,\"height\":3000,\"caption\":\"Auksinis pakabukas \u201eAngelas\u201c\"},{\"@type\":\"BreadcrumbList\",\"@id\":\"https:\\\/\\\/testinisweb.ares.lt\\\/parduotuve\\\/auksinis-pakabukas-angelas\\\/#breadcrumb\",\"itemListElement\":[{\"@type\":\"ListItem\",\"position\":1,\"name\":\"Auksiniai papuo\u0161alai\",\"item\":\"https:\\\/\\\/testinisweb.ares.lt\\\/\"},{\"@type\":\"ListItem\",\"position\":2,\"name\":\"Parduotuv\u0117\",\"item\":\"https:\\\/\\\/testinisweb.ares.lt\\\/parduotuve\\\/\"},{\"@type\":\"ListItem\",\"position\":3,\"name\":\"Auksinis pakabukas &#8222;Angelas sargas (angeliukas)&#8221;\"}]},{\"@type\":\"WebSite\",\"@id\":\"https:\\\/\\\/testinisweb.ares.lt\\\/#website\",\"url\":\"https:\\\/\\\/testinisweb.ares.lt\\\/\",\"name\":\"ARES Juvelyrika\",\"description\":\"Auksiniai papuo\u0161alai\",\"publisher\":{\"@id\":\"https:\\\/\\\/testinisweb.ares.lt\\\/#organization\"},\"potentialAction\":[{\"@type\":\"SearchAction\",\"target\":{\"@type\":\"EntryPoint\",\"urlTemplate\":\"https:\\\/\\\/testinisweb.ares.lt\\\/?s={search_term_string}\"},\"query-input\":{\"@type\":\"PropertyValueSpecification\",\"valueRequired\":true,\"valueName\":\"search_term_string\"}}],\"inLanguage\":\"de\"},{\"@type\":\"Organization\",\"@id\":\"https:\\\/\\\/testinisweb.ares.lt\\\/#organization\",\"name\":\"Ares Juvelyrika auksiniai papuosalai\",\"url\":\"https:\\\/\\\/testinisweb.ares.lt\\\/\",\"logo\":{\"@type\":\"ImageObject\",\"inLanguage\":\"de\",\"@id\":\"https:\\\/\\\/testinisweb.ares.lt\\\/#\\\/schema\\\/logo\\\/image\\\/\",\"url\":\"https:\\\/\\\/i0.wp.com\\\/testinisweb.ares.lt\\\/wp-content\\\/uploads\\\/2022\\\/03\\\/ares-text-logo-1.png?fit=417%2C122&ssl=1\",\"contentUrl\":\"https:\\\/\\\/i0.wp.com\\\/testinisweb.ares.lt\\\/wp-content\\\/uploads\\\/2022\\\/03\\\/ares-text-logo-1.png?fit=417%2C122&ssl=1\",\"width\":417,\"height\":122,\"caption\":\"Ares Juvelyrika auksiniai papuosalai\"},\"image\":{\"@id\":\"https:\\\/\\\/testinisweb.ares.lt\\\/#\\\/schema\\\/logo\\\/image\\\/\"},\"sameAs\":[\"https:\\\/\\\/www.facebook.com\\\/AresJewellery\",\"https:\\\/\\\/www.instagram.com\\\/ares_juvelyrika\\\/\"]}]}<\/script>\n<!-- \/ Yoast SEO plugin. -->","yoast_head_json":{"title":"Goldanh\u00e4nger &quot;Schutzengel (kleiner Engel)&quot;","description":"Goldanh\u00e4nger &quot;Schutzengel (kleiner Engel)&quot; Dieser elegante 585 Goldanh\u00e4nger &quot;Schutzengel (kleiner Engel)&quot; ist ein zarter und bedeutungsvoller","robots":{"index":"index","follow":"follow","max-snippet":"max-snippet:-1","max-image-preview":"max-image-preview:large","max-video-preview":"max-video-preview:-1"},"canonical":"https:\/\/testinisweb.ares.lt\/de\/im-laden\/goldener-engelsanhanger\/","og_locale":"de_DE","og_type":"article","og_title":"Auksinis pakabukas \"Angelas sargas (angeliukas)\"","og_description":"Auksinis pakabukas \u201eAngelas sargas (angeliukas)\u201c \u0160is eleganti\u0161kas 585 prabos auksinis pakabukas \u201eAngelas sargas (angeliukas)\u201c \u2013 tai subtilus ir prasmingas","og_url":"https:\/\/testinisweb.ares.lt\/de\/im-laden\/goldener-engelsanhanger\/","og_site_name":"ARES Juvelyrika","article_publisher":"https:\/\/www.facebook.com\/AresJewellery","article_modified_time":"2026-01-25T20:01:49+00:00","og_image":[{"width":3000,"height":3000,"url":"https:\/\/testinisweb.ares.lt\/wp-content\/uploads\/2025\/02\/AP_A1.jpg","type":"image\/jpeg"}],"twitter_card":"summary_large_image","twitter_misc":{"Gesch\u00e4tzte Lesezeit":"1\u00a0Minute"},"schema":{"@context":"https:\/\/schema.org","@graph":[{"@type":"WebPage","@id":"https:\/\/testinisweb.ares.lt\/parduotuve\/auksinis-pakabukas-angelas\/","url":"https:\/\/testinisweb.ares.lt\/parduotuve\/auksinis-pakabukas-angelas\/","name":"Goldanh\u00e4nger &quot;Schutzengel (kleiner Engel)&quot;","isPartOf":{"@id":"https:\/\/testinisweb.ares.lt\/#website"},"primaryImageOfPage":{"@id":"https:\/\/testinisweb.ares.lt\/parduotuve\/auksinis-pakabukas-angelas\/#primaryimage"},"image":{"@id":"https:\/\/testinisweb.ares.lt\/parduotuve\/auksinis-pakabukas-angelas\/#primaryimage"},"thumbnailUrl":"https:\/\/testinisweb.ares.lt\/wp-content\/uploads\/2025\/02\/AP_A1.jpg","datePublished":"2025-02-14T19:12:08+00:00","dateModified":"2026-01-25T20:01:49+00:00","description":"Goldanh\u00e4nger &quot;Schutzengel (kleiner Engel)&quot; Dieser elegante 585 Goldanh\u00e4nger &quot;Schutzengel (kleiner Engel)&quot; ist ein zarter und bedeutungsvoller","breadcrumb":{"@id":"https:\/\/testinisweb.ares.lt\/parduotuve\/auksinis-pakabukas-angelas\/#breadcrumb"},"inLanguage":"de","potentialAction":[{"@type":"ReadAction","target":["https:\/\/testinisweb.ares.lt\/parduotuve\/auksinis-pakabukas-angelas\/"]}]},{"@type":"ImageObject","inLanguage":"de","@id":"https:\/\/testinisweb.ares.lt\/parduotuve\/auksinis-pakabukas-angelas\/#primaryimage","url":"https:\/\/testinisweb.ares.lt\/wp-content\/uploads\/2025\/02\/AP_A1.jpg","contentUrl":"https:\/\/testinisweb.ares.lt\/wp-content\/uploads\/2025\/02\/AP_A1.jpg","width":3000,"height":3000,"caption":"Auksinis pakabukas \u201eAngelas\u201c"},{"@type":"BreadcrumbList","@id":"https:\/\/testinisweb.ares.lt\/parduotuve\/auksinis-pakabukas-angelas\/#breadcrumb","itemListElement":[{"@type":"ListItem","position":1,"name":"Auksiniai papuo\u0161alai","item":"https:\/\/testinisweb.ares.lt\/"},{"@type":"ListItem","position":2,"name":"Parduotuv\u0117","item":"https:\/\/testinisweb.ares.lt\/parduotuve\/"},{"@type":"ListItem","position":3,"name":"Auksinis pakabukas &#8222;Angelas sargas (angeliukas)&#8221;"}]},{"@type":"WebSite","@id":"https:\/\/testinisweb.ares.lt\/#website","url":"https:\/\/testinisweb.ares.lt\/","name":"ARES Schmuck","description":"Goldschmuck","publisher":{"@id":"https:\/\/testinisweb.ares.lt\/#organization"},"potentialAction":[{"@type":"SearchAction","target":{"@type":"EntryPoint","urlTemplate":"https:\/\/testinisweb.ares.lt\/?s={search_term_string}"},"query-input":{"@type":"PropertyValueSpecification","valueRequired":true,"valueName":"search_term_string"}}],"inLanguage":"de"},{"@type":"Organization","@id":"https:\/\/testinisweb.ares.lt\/#organization","name":"Ares Jewelry Goldschmuck","url":"https:\/\/testinisweb.ares.lt\/","logo":{"@type":"ImageObject","inLanguage":"de","@id":"https:\/\/testinisweb.ares.lt\/#\/schema\/logo\/image\/","url":"https:\/\/i0.wp.com\/testinisweb.ares.lt\/wp-content\/uploads\/2022\/03\/ares-text-logo-1.png?fit=417%2C122&ssl=1","contentUrl":"https:\/\/i0.wp.com\/testinisweb.ares.lt\/wp-content\/uploads\/2022\/03\/ares-text-logo-1.png?fit=417%2C122&ssl=1","width":417,"height":122,"caption":"Ares Juvelyrika auksiniai papuosalai"},"image":{"@id":"https:\/\/testinisweb.ares.lt\/#\/schema\/logo\/image\/"},"sameAs":["https:\/\/www.facebook.com\/AresJewellery","https:\/\/www.instagram.com\/ares_juvelyrika\/"]}]}},"_links":{"self":[{"href":"https:\/\/testinisweb.ares.lt\/de\/wp-json\/wp\/v2\/product\/17200","targetHints":{"allow":["GET"]}}],"collection":[{"href":"https:\/\/testinisweb.ares.lt\/de\/wp-json\/wp\/v2\/product"}],"about":[{"href":"https:\/\/testinisweb.ares.lt\/de\/wp-json\/wp\/v2\/types\/product"}],"replies":[{"embeddable":true,"href":"https:\/\/testinisweb.ares.lt\/de\/wp-json\/wp\/v2\/comments?post=17200"}],"wp:featuredmedia":[{"embeddable":true,"href":"https:\/\/testinisweb.ares.lt\/de\/wp-json\/wp\/v2\/media\/17201"}],"wp:attachment":[{"href":"https:\/\/testinisweb.ares.lt\/de\/wp-json\/wp\/v2\/media?parent=17200"}],"wp:term":[{"taxonomy":"product_cat","embeddable":true,"href":"https:\/\/testinisweb.ares.lt\/de\/wp-json\/wp\/v2\/product_cat?post=17200"},{"taxonomy":"product_tag","embeddable":true,"href":"https:\/\/testinisweb.ares.lt\/de\/wp-json\/wp\/v2\/product_tag?post=17200"}],"curies":[{"name":"wp","href":"https:\/\/api.w.org\/{rel}","templated":true}]}}