{"id":17212,"date":"2025-02-14T21:30:33","date_gmt":"2025-02-14T19:30:33","guid":{"rendered":"https:\/\/testinisweb.ares.lt\/?post_type=product&#038;p=17212"},"modified":"2026-01-25T22:01:48","modified_gmt":"2026-01-25T20:01:48","slug":"goldanhanger-taufe-4","status":"publish","type":"product","link":"https:\/\/testinisweb.ares.lt\/de\/parduotuve\/auksinis-pakabukas-krikstynos-4\/","title":{"rendered":"Goldanh\u00e4nger &quot;Heilige Jungfrau Maria&quot;"},"content":{"rendered":"<h3 data-start=\"0\" data-end=\"37\">Goldanh\u00e4nger &quot;Heilige Jungfrau Maria&quot;<\/h3>\n<p data-start=\"39\" data-end=\"302\">Dieser 585er Goldanh\u00e4nger \u201eHeilige Jungfrau Maria\u201c ist ein besonderes und bedeutungsvolles Schmuckst\u00fcck f\u00fcr eines der wichtigsten Feste im Leben. Er symbolisiert spirituellen Schutz, Segen und einen neuen Lebensabschnitt und eignet sich daher hervorragend als Geschenk zur Taufe.<\/p>\n<p data-start=\"304\" data-end=\"551\">Goldanh\u00e4nger mit religi\u00f6sen und symbolischen Motiven sind nicht nur elegant, sondern haben auch eine besondere Bedeutung. Sie werden zu einem wertvollen Geschenk, das von Generation zu Generation weitergegeben werden kann, Sie an einen besonderen Tag erinnert und Ihnen ein Gef\u00fchl der Geborgenheit vermittelt.<\/p>\n<p data-start=\"553\" data-end=\"828\">Mit seinem zarten und raffinierten Design passt dieser Anh\u00e4nger perfekt zu verschiedenen Goldketten und verleiht ihm einen eleganten und bedeutungsvollen Look. Er eignet sich sowohl f\u00fcr Babys als auch f\u00fcr \u00e4ltere Kinder und sogar Erwachsene als wertvolles Andenken an ihren Tauftag.<\/p>\n<p data-start=\"830\" data-end=\"1124\" data-is-last-node=\"\">Goldschmuck ist langlebig und wertvoll, daher wird dieser Anh\u00e4nger \u201eHeilige Jungfrau Maria\u201c ein Geschenk von bleibendem Wert sein, das Ihnen viele Jahre lang Schutz, Vertrauen und die w\u00e4rmsten Gef\u00fchle schenkt. 585er Gold garantiert h\u00f6chste Qualit\u00e4t, sodass dieser Schmuck Ihr ganzes Leben lang besonders und bedeutungsvoll bleibt.<\/p>","protected":false},"excerpt":{"rendered":"<p>Auksinis pakabukas \u201e\u0160v. Mergel\u0117 Marija\u201c \u0160is 585 prabos auksinis pakabukas \u201e\u0160v. Mergel\u0117 Marija\u201c \u2013 tai ypatingas ir prasmingas papuo\u0161alas, skirtas vienai svarbiausi\u0173&hellip;<\/p>","protected":false},"featured_media":17213,"comment_status":"open","ping_status":"closed","template":"","meta":[],"product_cat":[961,974,969,1009],"product_tag":[],"class_list":{"0":"post-17212","1":"product","2":"type-product","3":"status-publish","4":"has-post-thumbnail","6":"product_cat-auksiniai-pakabukai","7":"product_cat-auksiniai-pakabukai-iki-500-eur","8":"product_cat-raudono-aukso-pakabukai","9":"product_cat-religiniai-pakabukai","10":"tm-no-options","12":"first","13":"instock","14":"shipping-taxable","15":"purchasable","16":"product-type-simple"},"yoast_head":"<!-- This site is optimized with the Yoast SEO plugin v27.4 - https:\/\/yoast.com\/product\/yoast-seo-wordpress\/ -->\n<title>Auksinis pakabukas \u201e\u0160v. Mergel\u0117 Marija\u201c<\/title>\n<meta name=\"description\" content=\"Auksinis pakabukas \u201e\u0160v. Mergel\u0117 Marija\u201c \u0160is 585 prabos auksinis pakabukas \u201e\u0160v. Mergel\u0117 Marija\u201c \u2013 tai ypatingas ir prasmingas papuo\u0161alas, skirtas vienai\" \/>\n<meta name=\"robots\" content=\"index, follow, max-snippet:-1, max-image-preview:large, max-video-preview:-1\" \/>\n<link rel=\"canonical\" href=\"https:\/\/testinisweb.ares.lt\/de\/im-laden\/goldanhanger-taufe-4\/\" \/>\n<meta property=\"og:locale\" content=\"de_DE\" \/>\n<meta property=\"og:type\" content=\"article\" \/>\n<meta property=\"og:title\" content=\"Auksinis pakabukas \u201e\u0160v. Mergel\u0117 Marija\u201c\" \/>\n<meta property=\"og:description\" content=\"Auksinis pakabukas \u201e\u0160v. Mergel\u0117 Marija\u201c \u0160is 585 prabos auksinis pakabukas \u201e\u0160v. Mergel\u0117 Marija\u201c \u2013 tai ypatingas ir prasmingas papuo\u0161alas, skirtas vienai\" \/>\n<meta property=\"og:url\" content=\"https:\/\/testinisweb.ares.lt\/de\/im-laden\/goldanhanger-taufe-4\/\" \/>\n<meta property=\"og:site_name\" content=\"ARES Juvelyrika\" \/>\n<meta property=\"article:publisher\" content=\"https:\/\/www.facebook.com\/AresJewellery\" \/>\n<meta property=\"article:modified_time\" content=\"2026-01-25T20:01:48+00:00\" \/>\n<meta property=\"og:image\" content=\"https:\/\/testinisweb.ares.lt\/wp-content\/uploads\/2025\/02\/AP_A7.jpg\" \/>\n\t<meta property=\"og:image:width\" content=\"3000\" \/>\n\t<meta property=\"og:image:height\" content=\"3000\" \/>\n\t<meta property=\"og:image:type\" content=\"image\/jpeg\" \/>\n<meta name=\"twitter:card\" content=\"summary_large_image\" \/>\n<meta name=\"twitter:label1\" content=\"Gesch\u00e4tzte Lesezeit\" \/>\n\t<meta name=\"twitter:data1\" content=\"1\u00a0Minute\" \/>\n<script type=\"application\/ld+json\" class=\"yoast-schema-graph\">{\"@context\":\"https:\\\/\\\/schema.org\",\"@graph\":[{\"@type\":\"WebPage\",\"@id\":\"https:\\\/\\\/testinisweb.ares.lt\\\/parduotuve\\\/auksinis-pakabukas-krikstynos-4\\\/\",\"url\":\"https:\\\/\\\/testinisweb.ares.lt\\\/parduotuve\\\/auksinis-pakabukas-krikstynos-4\\\/\",\"name\":\"Auksinis pakabukas \u201e\u0160v. Mergel\u0117 Marija\u201c\",\"isPartOf\":{\"@id\":\"https:\\\/\\\/testinisweb.ares.lt\\\/#website\"},\"primaryImageOfPage\":{\"@id\":\"https:\\\/\\\/testinisweb.ares.lt\\\/parduotuve\\\/auksinis-pakabukas-krikstynos-4\\\/#primaryimage\"},\"image\":{\"@id\":\"https:\\\/\\\/testinisweb.ares.lt\\\/parduotuve\\\/auksinis-pakabukas-krikstynos-4\\\/#primaryimage\"},\"thumbnailUrl\":\"https:\\\/\\\/testinisweb.ares.lt\\\/wp-content\\\/uploads\\\/2025\\\/02\\\/AP_A7.jpg\",\"datePublished\":\"2025-02-14T19:30:33+00:00\",\"dateModified\":\"2026-01-25T20:01:48+00:00\",\"description\":\"Auksinis pakabukas \u201e\u0160v. Mergel\u0117 Marija\u201c \u0160is 585 prabos auksinis pakabukas \u201e\u0160v. Mergel\u0117 Marija\u201c \u2013 tai ypatingas ir prasmingas papuo\u0161alas, skirtas vienai\",\"breadcrumb\":{\"@id\":\"https:\\\/\\\/testinisweb.ares.lt\\\/parduotuve\\\/auksinis-pakabukas-krikstynos-4\\\/#breadcrumb\"},\"inLanguage\":\"de\",\"potentialAction\":[{\"@type\":\"ReadAction\",\"target\":[\"https:\\\/\\\/testinisweb.ares.lt\\\/parduotuve\\\/auksinis-pakabukas-krikstynos-4\\\/\"]}]},{\"@type\":\"ImageObject\",\"inLanguage\":\"de\",\"@id\":\"https:\\\/\\\/testinisweb.ares.lt\\\/parduotuve\\\/auksinis-pakabukas-krikstynos-4\\\/#primaryimage\",\"url\":\"https:\\\/\\\/testinisweb.ares.lt\\\/wp-content\\\/uploads\\\/2025\\\/02\\\/AP_A7.jpg\",\"contentUrl\":\"https:\\\/\\\/testinisweb.ares.lt\\\/wp-content\\\/uploads\\\/2025\\\/02\\\/AP_A7.jpg\",\"width\":3000,\"height\":3000,\"caption\":\"Auksinis pakabukas \u201eKrik\u0161tynos\u201c\"},{\"@type\":\"BreadcrumbList\",\"@id\":\"https:\\\/\\\/testinisweb.ares.lt\\\/parduotuve\\\/auksinis-pakabukas-krikstynos-4\\\/#breadcrumb\",\"itemListElement\":[{\"@type\":\"ListItem\",\"position\":1,\"name\":\"Auksiniai papuo\u0161alai\",\"item\":\"https:\\\/\\\/testinisweb.ares.lt\\\/\"},{\"@type\":\"ListItem\",\"position\":2,\"name\":\"Parduotuv\u0117\",\"item\":\"https:\\\/\\\/testinisweb.ares.lt\\\/parduotuve\\\/\"},{\"@type\":\"ListItem\",\"position\":3,\"name\":\"Auksinis pakabukas \u201e\u0160v. Mergel\u0117 Marija\u201c\"}]},{\"@type\":\"WebSite\",\"@id\":\"https:\\\/\\\/testinisweb.ares.lt\\\/#website\",\"url\":\"https:\\\/\\\/testinisweb.ares.lt\\\/\",\"name\":\"ARES Juvelyrika\",\"description\":\"Auksiniai papuo\u0161alai\",\"publisher\":{\"@id\":\"https:\\\/\\\/testinisweb.ares.lt\\\/#organization\"},\"potentialAction\":[{\"@type\":\"SearchAction\",\"target\":{\"@type\":\"EntryPoint\",\"urlTemplate\":\"https:\\\/\\\/testinisweb.ares.lt\\\/?s={search_term_string}\"},\"query-input\":{\"@type\":\"PropertyValueSpecification\",\"valueRequired\":true,\"valueName\":\"search_term_string\"}}],\"inLanguage\":\"de\"},{\"@type\":\"Organization\",\"@id\":\"https:\\\/\\\/testinisweb.ares.lt\\\/#organization\",\"name\":\"Ares Juvelyrika auksiniai papuosalai\",\"url\":\"https:\\\/\\\/testinisweb.ares.lt\\\/\",\"logo\":{\"@type\":\"ImageObject\",\"inLanguage\":\"de\",\"@id\":\"https:\\\/\\\/testinisweb.ares.lt\\\/#\\\/schema\\\/logo\\\/image\\\/\",\"url\":\"https:\\\/\\\/i0.wp.com\\\/testinisweb.ares.lt\\\/wp-content\\\/uploads\\\/2022\\\/03\\\/ares-text-logo-1.png?fit=417%2C122&ssl=1\",\"contentUrl\":\"https:\\\/\\\/i0.wp.com\\\/testinisweb.ares.lt\\\/wp-content\\\/uploads\\\/2022\\\/03\\\/ares-text-logo-1.png?fit=417%2C122&ssl=1\",\"width\":417,\"height\":122,\"caption\":\"Ares Juvelyrika auksiniai papuosalai\"},\"image\":{\"@id\":\"https:\\\/\\\/testinisweb.ares.lt\\\/#\\\/schema\\\/logo\\\/image\\\/\"},\"sameAs\":[\"https:\\\/\\\/www.facebook.com\\\/AresJewellery\",\"https:\\\/\\\/www.instagram.com\\\/ares_juvelyrika\\\/\"]}]}<\/script>\n<!-- \/ Yoast SEO plugin. -->","yoast_head_json":{"title":"Goldanh\u00e4nger &quot;Heilige Jungfrau Maria&quot;","description":"Goldanh\u00e4nger \u201eHeilige Jungfrau Maria\u201c Dieser 585er Goldanh\u00e4nger \u201eHeilige Jungfrau Maria\u201c ist ein besonderes und bedeutungsvolles Schmuckst\u00fcck f\u00fcr eine Person.","robots":{"index":"index","follow":"follow","max-snippet":"max-snippet:-1","max-image-preview":"max-image-preview:large","max-video-preview":"max-video-preview:-1"},"canonical":"https:\/\/testinisweb.ares.lt\/de\/im-laden\/goldanhanger-taufe-4\/","og_locale":"de_DE","og_type":"article","og_title":"Auksinis pakabukas \u201e\u0160v. Mergel\u0117 Marija\u201c","og_description":"Auksinis pakabukas \u201e\u0160v. Mergel\u0117 Marija\u201c \u0160is 585 prabos auksinis pakabukas \u201e\u0160v. Mergel\u0117 Marija\u201c \u2013 tai ypatingas ir prasmingas papuo\u0161alas, skirtas vienai","og_url":"https:\/\/testinisweb.ares.lt\/de\/im-laden\/goldanhanger-taufe-4\/","og_site_name":"ARES Juvelyrika","article_publisher":"https:\/\/www.facebook.com\/AresJewellery","article_modified_time":"2026-01-25T20:01:48+00:00","og_image":[{"width":3000,"height":3000,"url":"https:\/\/testinisweb.ares.lt\/wp-content\/uploads\/2025\/02\/AP_A7.jpg","type":"image\/jpeg"}],"twitter_card":"summary_large_image","twitter_misc":{"Gesch\u00e4tzte Lesezeit":"1\u00a0Minute"},"schema":{"@context":"https:\/\/schema.org","@graph":[{"@type":"WebPage","@id":"https:\/\/testinisweb.ares.lt\/parduotuve\/auksinis-pakabukas-krikstynos-4\/","url":"https:\/\/testinisweb.ares.lt\/parduotuve\/auksinis-pakabukas-krikstynos-4\/","name":"Goldanh\u00e4nger &quot;Heilige Jungfrau Maria&quot;","isPartOf":{"@id":"https:\/\/testinisweb.ares.lt\/#website"},"primaryImageOfPage":{"@id":"https:\/\/testinisweb.ares.lt\/parduotuve\/auksinis-pakabukas-krikstynos-4\/#primaryimage"},"image":{"@id":"https:\/\/testinisweb.ares.lt\/parduotuve\/auksinis-pakabukas-krikstynos-4\/#primaryimage"},"thumbnailUrl":"https:\/\/testinisweb.ares.lt\/wp-content\/uploads\/2025\/02\/AP_A7.jpg","datePublished":"2025-02-14T19:30:33+00:00","dateModified":"2026-01-25T20:01:48+00:00","description":"Goldanh\u00e4nger \u201eHeilige Jungfrau Maria\u201c Dieser 585er Goldanh\u00e4nger \u201eHeilige Jungfrau Maria\u201c ist ein besonderes und bedeutungsvolles Schmuckst\u00fcck f\u00fcr eine Person.","breadcrumb":{"@id":"https:\/\/testinisweb.ares.lt\/parduotuve\/auksinis-pakabukas-krikstynos-4\/#breadcrumb"},"inLanguage":"de","potentialAction":[{"@type":"ReadAction","target":["https:\/\/testinisweb.ares.lt\/parduotuve\/auksinis-pakabukas-krikstynos-4\/"]}]},{"@type":"ImageObject","inLanguage":"de","@id":"https:\/\/testinisweb.ares.lt\/parduotuve\/auksinis-pakabukas-krikstynos-4\/#primaryimage","url":"https:\/\/testinisweb.ares.lt\/wp-content\/uploads\/2025\/02\/AP_A7.jpg","contentUrl":"https:\/\/testinisweb.ares.lt\/wp-content\/uploads\/2025\/02\/AP_A7.jpg","width":3000,"height":3000,"caption":"Auksinis pakabukas \u201eKrik\u0161tynos\u201c"},{"@type":"BreadcrumbList","@id":"https:\/\/testinisweb.ares.lt\/parduotuve\/auksinis-pakabukas-krikstynos-4\/#breadcrumb","itemListElement":[{"@type":"ListItem","position":1,"name":"Auksiniai papuo\u0161alai","item":"https:\/\/testinisweb.ares.lt\/"},{"@type":"ListItem","position":2,"name":"Parduotuv\u0117","item":"https:\/\/testinisweb.ares.lt\/parduotuve\/"},{"@type":"ListItem","position":3,"name":"Auksinis pakabukas \u201e\u0160v. Mergel\u0117 Marija\u201c"}]},{"@type":"WebSite","@id":"https:\/\/testinisweb.ares.lt\/#website","url":"https:\/\/testinisweb.ares.lt\/","name":"ARES Schmuck","description":"Goldschmuck","publisher":{"@id":"https:\/\/testinisweb.ares.lt\/#organization"},"potentialAction":[{"@type":"SearchAction","target":{"@type":"EntryPoint","urlTemplate":"https:\/\/testinisweb.ares.lt\/?s={search_term_string}"},"query-input":{"@type":"PropertyValueSpecification","valueRequired":true,"valueName":"search_term_string"}}],"inLanguage":"de"},{"@type":"Organization","@id":"https:\/\/testinisweb.ares.lt\/#organization","name":"Ares Jewelry Goldschmuck","url":"https:\/\/testinisweb.ares.lt\/","logo":{"@type":"ImageObject","inLanguage":"de","@id":"https:\/\/testinisweb.ares.lt\/#\/schema\/logo\/image\/","url":"https:\/\/i0.wp.com\/testinisweb.ares.lt\/wp-content\/uploads\/2022\/03\/ares-text-logo-1.png?fit=417%2C122&ssl=1","contentUrl":"https:\/\/i0.wp.com\/testinisweb.ares.lt\/wp-content\/uploads\/2022\/03\/ares-text-logo-1.png?fit=417%2C122&ssl=1","width":417,"height":122,"caption":"Ares Juvelyrika auksiniai papuosalai"},"image":{"@id":"https:\/\/testinisweb.ares.lt\/#\/schema\/logo\/image\/"},"sameAs":["https:\/\/www.facebook.com\/AresJewellery","https:\/\/www.instagram.com\/ares_juvelyrika\/"]}]}},"_links":{"self":[{"href":"https:\/\/testinisweb.ares.lt\/de\/wp-json\/wp\/v2\/product\/17212","targetHints":{"allow":["GET"]}}],"collection":[{"href":"https:\/\/testinisweb.ares.lt\/de\/wp-json\/wp\/v2\/product"}],"about":[{"href":"https:\/\/testinisweb.ares.lt\/de\/wp-json\/wp\/v2\/types\/product"}],"replies":[{"embeddable":true,"href":"https:\/\/testinisweb.ares.lt\/de\/wp-json\/wp\/v2\/comments?post=17212"}],"wp:featuredmedia":[{"embeddable":true,"href":"https:\/\/testinisweb.ares.lt\/de\/wp-json\/wp\/v2\/media\/17213"}],"wp:attachment":[{"href":"https:\/\/testinisweb.ares.lt\/de\/wp-json\/wp\/v2\/media?parent=17212"}],"wp:term":[{"taxonomy":"product_cat","embeddable":true,"href":"https:\/\/testinisweb.ares.lt\/de\/wp-json\/wp\/v2\/product_cat?post=17212"},{"taxonomy":"product_tag","embeddable":true,"href":"https:\/\/testinisweb.ares.lt\/de\/wp-json\/wp\/v2\/product_tag?post=17212"}],"curies":[{"name":"wp","href":"https:\/\/api.w.org\/{rel}","templated":true}]}}