{"id":17662,"date":"2025-03-19T14:34:15","date_gmt":"2025-03-19T12:34:15","guid":{"rendered":"https:\/\/testinisweb.ares.lt\/?post_type=product&#038;p=17662"},"modified":"2026-01-25T22:01:53","modified_gmt":"2026-01-25T20:01:53","slug":"tenniskette-aus-gelbgold-mit-zirkonen","status":"publish","type":"product","link":"https:\/\/testinisweb.ares.lt\/de\/parduotuve\/geltono-aukso-tennis-grandinele-su-cirkoniais\/","title":{"rendered":"Tenniskette aus Gelbgold mit Zirkonen"},"content":{"rendered":"<h2 data-start=\"0\" data-end=\"91\"><strong data-start=\"4\" data-end=\"89\">Gelbgoldene Tenniskette mit Zirkonia \u2013 Klassischer Luxus und Glanz<\/strong><\/h2>\n<p data-start=\"93\" data-end=\"478\"><strong data-start=\"93\" data-end=\"144\">Tenniskette aus Gelbgold mit Zirkonen<\/strong> \u2013 ein Symbol f\u00fcr Eleganz und Luxus, das nie aus der Mode kommt. Jeder pr\u00e4zise platzierte Zirkon erzeugt ein au\u00dfergew\u00f6hnliches Lichtspiel, und der warme Glanz des Gelbgoldes verleiht dem Schmuckst\u00fcck zeitlose Eleganz. Dieses Accessoire passt sowohl zum Alltag als auch zu besonderen Anl\u00e4ssen und unterstreicht Ihren erlesenen Geschmack.<\/p>\n<h4 data-start=\"480\" data-end=\"519\"><strong data-start=\"485\" data-end=\"517\">Strahlendes Funkeln von Zirkonia<\/strong><\/h4>\n<p data-start=\"520\" data-end=\"757\">Perfekt platzierte, hochwertige Zirkonia reflektieren das Licht aus jedem Winkel und erzeugen einen Glanz, der dem von Diamanten nahe kommt. Dieses Kettendesign gilt als einer der elegantesten Schmuckklassiker und wird daher auch in den kommenden Jahren stilvoll bleiben.<\/p>\n<h4 data-start=\"759\" data-end=\"792\"><strong data-start=\"764\" data-end=\"790\">Gelbgold Luxus<\/strong><\/h4>\n<p data-start=\"793\" data-end=\"1025\">Diese Kette besteht aus <strong data-start=\"820\" data-end=\"853\">hochwertiges Gelbgold<\/strong>, das sich durch seinen warmen und luxuri\u00f6sen Farbton auszeichnet. Die Kombination aus Gold und Zirkonen verleiht dem Schmuck einen besonderen Charakter und unterstreicht sowohl den klassischen als auch den modernen Stil.<\/p>\n<h4 data-start=\"1027\" data-end=\"1073\"><strong data-start=\"1032\" data-end=\"1071\">Warum diese Kette w\u00e4hlen?<\/strong><\/h4>\n<p data-start=\"1074\" data-end=\"1438\">\u2714 <strong data-start=\"1076\" data-end=\"1109\">Exklusives Tennis-Design<\/strong> \u2013 Eleganz und Klassik in einem Schmuckst\u00fcck.<br data-start=\"1152\" data-end=\"1155\" \/>\u2714 <strong data-start=\"1157\" data-end=\"1183\">Vielseitig und luxuri\u00f6s<\/strong> \u2013 perfekt sowohl f\u00fcr einen minimalistischen Look als auch f\u00fcr luxuri\u00f6se Abendkombinationen.<br data-start=\"1274\" data-end=\"1277\" \/>\u2714 <strong data-start=\"1279\" data-end=\"1310\">Starker und sicherer Verschluss<\/strong> \u2013 sorgt f\u00fcr Komfort und sicheres Tragen.<br data-start=\"1354\" data-end=\"1357\" \/>\u2714 <strong data-start=\"1359\" data-end=\"1382\" data-is-only-node=\"\">Tolle Geschenkidee<\/strong> \u2013 luxuri\u00f6ser Schmuck f\u00fcr besondere Anl\u00e4sse.<\/p>\n<p data-start=\"1440\" data-end=\"1636\" data-is-last-node=\"\" data-is-only-node=\"\">Das <strong data-start=\"1443\" data-end=\"1494\">Tenniskette mit Zirkonen<\/strong> \u2013 es ist eine Kombination aus Eleganz, Luxus und exklusivem Charme, die sowohl im Alltag als auch bei besonderen Anl\u00e4ssen zu Ihrem Lieblingsaccessoire wird.<\/p>","protected":false},"excerpt":{"rendered":"<p>Geltono Aukso \u201eTennis\u201c Grandin\u0117l\u0117 su Cirkoniais \u2013 Klasikin\u0117 Prabanga ir Spindesys Geltono aukso \u201eTennis\u201c grandin\u0117l\u0117 su cirkoniais \u2013 tai elegancijos ir prabangos&hellip;<\/p>","protected":false},"featured_media":17665,"comment_status":"open","ping_status":"closed","template":"","meta":[],"product_cat":[96,952,105,432,401],"product_tag":[],"class_list":{"0":"post-17662","1":"product","2":"type-product","3":"status-publish","4":"has-post-thumbnail","6":"product_cat-grandineles","7":"product_cat-auksines-grandineles-40cm","8":"product_cat-geltono-aukso-grandineles","9":"product_cat-nauja","10":"product_cat-raudono-aukso-papuosalai","11":"tm-no-options","13":"first","14":"instock","15":"shipping-taxable","16":"purchasable","17":"product-type-variable","18":"has-default-attributes"},"yoast_head":"<!-- This site is optimized with the Yoast SEO plugin v27.4 - https:\/\/yoast.com\/product\/yoast-seo-wordpress\/ -->\n<title>Geltono aukso tennis grandin\u0117l\u0117 su cirkoniais<\/title>\n<meta name=\"description\" content=\"Geltono Aukso \u201eTennis\u201c Grandin\u0117l\u0117 su Cirkoniais \u2013 Klasikin\u0117 Prabanga ir Spindesys Geltono aukso \u201eTennis\u201c grandin\u0117l\u0117 su cirkoniais \u2013 tai elegancijos ir\" \/>\n<meta name=\"robots\" content=\"index, follow, max-snippet:-1, max-image-preview:large, max-video-preview:-1\" \/>\n<link rel=\"canonical\" href=\"https:\/\/testinisweb.ares.lt\/de\/im-laden\/tenniskette-aus-gelbgold-mit-zirkonen\/\" \/>\n<meta property=\"og:locale\" content=\"de_DE\" \/>\n<meta property=\"og:type\" content=\"article\" \/>\n<meta property=\"og:title\" content=\"Geltono aukso tennis grandin\u0117l\u0117 su cirkoniais\" \/>\n<meta property=\"og:description\" content=\"Geltono Aukso \u201eTennis\u201c Grandin\u0117l\u0117 su Cirkoniais \u2013 Klasikin\u0117 Prabanga ir Spindesys Geltono aukso \u201eTennis\u201c grandin\u0117l\u0117 su cirkoniais \u2013 tai elegancijos ir\" \/>\n<meta property=\"og:url\" content=\"https:\/\/testinisweb.ares.lt\/de\/im-laden\/tenniskette-aus-gelbgold-mit-zirkonen\/\" \/>\n<meta property=\"og:site_name\" content=\"ARES Juvelyrika\" \/>\n<meta property=\"article:publisher\" content=\"https:\/\/www.facebook.com\/AresJewellery\" \/>\n<meta property=\"article:modified_time\" content=\"2026-01-25T20:01:53+00:00\" \/>\n<meta property=\"og:image\" content=\"https:\/\/testinisweb.ares.lt\/wp-content\/uploads\/2025\/03\/IMG_6040-1.jpg\" \/>\n\t<meta property=\"og:image:width\" content=\"3000\" \/>\n\t<meta property=\"og:image:height\" content=\"3000\" \/>\n\t<meta property=\"og:image:type\" content=\"image\/jpeg\" \/>\n<meta name=\"twitter:card\" content=\"summary_large_image\" \/>\n<meta name=\"twitter:label1\" content=\"Gesch\u00e4tzte Lesezeit\" \/>\n\t<meta name=\"twitter:data1\" content=\"1\u00a0Minute\" \/>\n<script type=\"application\/ld+json\" class=\"yoast-schema-graph\">{\"@context\":\"https:\\\/\\\/schema.org\",\"@graph\":[{\"@type\":\"WebPage\",\"@id\":\"https:\\\/\\\/testinisweb.ares.lt\\\/parduotuve\\\/geltono-aukso-tennis-grandinele-su-cirkoniais\\\/\",\"url\":\"https:\\\/\\\/testinisweb.ares.lt\\\/parduotuve\\\/geltono-aukso-tennis-grandinele-su-cirkoniais\\\/\",\"name\":\"Geltono aukso tennis grandin\u0117l\u0117 su cirkoniais\",\"isPartOf\":{\"@id\":\"https:\\\/\\\/testinisweb.ares.lt\\\/#website\"},\"primaryImageOfPage\":{\"@id\":\"https:\\\/\\\/testinisweb.ares.lt\\\/parduotuve\\\/geltono-aukso-tennis-grandinele-su-cirkoniais\\\/#primaryimage\"},\"image\":{\"@id\":\"https:\\\/\\\/testinisweb.ares.lt\\\/parduotuve\\\/geltono-aukso-tennis-grandinele-su-cirkoniais\\\/#primaryimage\"},\"thumbnailUrl\":\"https:\\\/\\\/testinisweb.ares.lt\\\/wp-content\\\/uploads\\\/2025\\\/03\\\/IMG_6040-1.jpg\",\"datePublished\":\"2025-03-19T12:34:15+00:00\",\"dateModified\":\"2026-01-25T20:01:53+00:00\",\"description\":\"Geltono Aukso \u201eTennis\u201c Grandin\u0117l\u0117 su Cirkoniais \u2013 Klasikin\u0117 Prabanga ir Spindesys Geltono aukso \u201eTennis\u201c grandin\u0117l\u0117 su cirkoniais \u2013 tai elegancijos ir\",\"breadcrumb\":{\"@id\":\"https:\\\/\\\/testinisweb.ares.lt\\\/parduotuve\\\/geltono-aukso-tennis-grandinele-su-cirkoniais\\\/#breadcrumb\"},\"inLanguage\":\"de\",\"potentialAction\":[{\"@type\":\"ReadAction\",\"target\":[\"https:\\\/\\\/testinisweb.ares.lt\\\/parduotuve\\\/geltono-aukso-tennis-grandinele-su-cirkoniais\\\/\"]}]},{\"@type\":\"ImageObject\",\"inLanguage\":\"de\",\"@id\":\"https:\\\/\\\/testinisweb.ares.lt\\\/parduotuve\\\/geltono-aukso-tennis-grandinele-su-cirkoniais\\\/#primaryimage\",\"url\":\"https:\\\/\\\/testinisweb.ares.lt\\\/wp-content\\\/uploads\\\/2025\\\/03\\\/IMG_6040-1.jpg\",\"contentUrl\":\"https:\\\/\\\/testinisweb.ares.lt\\\/wp-content\\\/uploads\\\/2025\\\/03\\\/IMG_6040-1.jpg\",\"width\":3000,\"height\":3000,\"caption\":\"Geltono aukso tennis grandin\u0117l\u0117 su cirkoniais\"},{\"@type\":\"BreadcrumbList\",\"@id\":\"https:\\\/\\\/testinisweb.ares.lt\\\/parduotuve\\\/geltono-aukso-tennis-grandinele-su-cirkoniais\\\/#breadcrumb\",\"itemListElement\":[{\"@type\":\"ListItem\",\"position\":1,\"name\":\"Auksiniai papuo\u0161alai\",\"item\":\"https:\\\/\\\/testinisweb.ares.lt\\\/\"},{\"@type\":\"ListItem\",\"position\":2,\"name\":\"Parduotuv\u0117\",\"item\":\"https:\\\/\\\/testinisweb.ares.lt\\\/parduotuve\\\/\"},{\"@type\":\"ListItem\",\"position\":3,\"name\":\"Geltono aukso tennis grandin\u0117l\u0117 su cirkoniais\"}]},{\"@type\":\"WebSite\",\"@id\":\"https:\\\/\\\/testinisweb.ares.lt\\\/#website\",\"url\":\"https:\\\/\\\/testinisweb.ares.lt\\\/\",\"name\":\"ARES Juvelyrika\",\"description\":\"Auksiniai papuo\u0161alai\",\"publisher\":{\"@id\":\"https:\\\/\\\/testinisweb.ares.lt\\\/#organization\"},\"potentialAction\":[{\"@type\":\"SearchAction\",\"target\":{\"@type\":\"EntryPoint\",\"urlTemplate\":\"https:\\\/\\\/testinisweb.ares.lt\\\/?s={search_term_string}\"},\"query-input\":{\"@type\":\"PropertyValueSpecification\",\"valueRequired\":true,\"valueName\":\"search_term_string\"}}],\"inLanguage\":\"de\"},{\"@type\":\"Organization\",\"@id\":\"https:\\\/\\\/testinisweb.ares.lt\\\/#organization\",\"name\":\"Ares Juvelyrika auksiniai papuosalai\",\"url\":\"https:\\\/\\\/testinisweb.ares.lt\\\/\",\"logo\":{\"@type\":\"ImageObject\",\"inLanguage\":\"de\",\"@id\":\"https:\\\/\\\/testinisweb.ares.lt\\\/#\\\/schema\\\/logo\\\/image\\\/\",\"url\":\"https:\\\/\\\/i0.wp.com\\\/testinisweb.ares.lt\\\/wp-content\\\/uploads\\\/2022\\\/03\\\/ares-text-logo-1.png?fit=417%2C122&ssl=1\",\"contentUrl\":\"https:\\\/\\\/i0.wp.com\\\/testinisweb.ares.lt\\\/wp-content\\\/uploads\\\/2022\\\/03\\\/ares-text-logo-1.png?fit=417%2C122&ssl=1\",\"width\":417,\"height\":122,\"caption\":\"Ares Juvelyrika auksiniai papuosalai\"},\"image\":{\"@id\":\"https:\\\/\\\/testinisweb.ares.lt\\\/#\\\/schema\\\/logo\\\/image\\\/\"},\"sameAs\":[\"https:\\\/\\\/www.facebook.com\\\/AresJewellery\",\"https:\\\/\\\/www.instagram.com\\\/ares_juvelyrika\\\/\"]}]}<\/script>\n<!-- \/ Yoast SEO plugin. -->","yoast_head_json":{"title":"Tenniskette aus Gelbgold mit Zirkonen","description":"Gelbgoldene Tenniskette mit Zirkonia \u2013 Klassischer Luxus und Glanz Gelbgoldene Tenniskette mit Zirkonia \u2013 ein Symbol f\u00fcr Eleganz und","robots":{"index":"index","follow":"follow","max-snippet":"max-snippet:-1","max-image-preview":"max-image-preview:large","max-video-preview":"max-video-preview:-1"},"canonical":"https:\/\/testinisweb.ares.lt\/de\/im-laden\/tenniskette-aus-gelbgold-mit-zirkonen\/","og_locale":"de_DE","og_type":"article","og_title":"Geltono aukso tennis grandin\u0117l\u0117 su cirkoniais","og_description":"Geltono Aukso \u201eTennis\u201c Grandin\u0117l\u0117 su Cirkoniais \u2013 Klasikin\u0117 Prabanga ir Spindesys Geltono aukso \u201eTennis\u201c grandin\u0117l\u0117 su cirkoniais \u2013 tai elegancijos ir","og_url":"https:\/\/testinisweb.ares.lt\/de\/im-laden\/tenniskette-aus-gelbgold-mit-zirkonen\/","og_site_name":"ARES Juvelyrika","article_publisher":"https:\/\/www.facebook.com\/AresJewellery","article_modified_time":"2026-01-25T20:01:53+00:00","og_image":[{"width":3000,"height":3000,"url":"https:\/\/testinisweb.ares.lt\/wp-content\/uploads\/2025\/03\/IMG_6040-1.jpg","type":"image\/jpeg"}],"twitter_card":"summary_large_image","twitter_misc":{"Gesch\u00e4tzte Lesezeit":"1\u00a0Minute"},"schema":{"@context":"https:\/\/schema.org","@graph":[{"@type":"WebPage","@id":"https:\/\/testinisweb.ares.lt\/parduotuve\/geltono-aukso-tennis-grandinele-su-cirkoniais\/","url":"https:\/\/testinisweb.ares.lt\/parduotuve\/geltono-aukso-tennis-grandinele-su-cirkoniais\/","name":"Tenniskette aus Gelbgold mit Zirkonen","isPartOf":{"@id":"https:\/\/testinisweb.ares.lt\/#website"},"primaryImageOfPage":{"@id":"https:\/\/testinisweb.ares.lt\/parduotuve\/geltono-aukso-tennis-grandinele-su-cirkoniais\/#primaryimage"},"image":{"@id":"https:\/\/testinisweb.ares.lt\/parduotuve\/geltono-aukso-tennis-grandinele-su-cirkoniais\/#primaryimage"},"thumbnailUrl":"https:\/\/testinisweb.ares.lt\/wp-content\/uploads\/2025\/03\/IMG_6040-1.jpg","datePublished":"2025-03-19T12:34:15+00:00","dateModified":"2026-01-25T20:01:53+00:00","description":"Gelbgoldene Tenniskette mit Zirkonia \u2013 Klassischer Luxus und Glanz Gelbgoldene Tenniskette mit Zirkonia \u2013 ein Symbol f\u00fcr Eleganz und","breadcrumb":{"@id":"https:\/\/testinisweb.ares.lt\/parduotuve\/geltono-aukso-tennis-grandinele-su-cirkoniais\/#breadcrumb"},"inLanguage":"de","potentialAction":[{"@type":"ReadAction","target":["https:\/\/testinisweb.ares.lt\/parduotuve\/geltono-aukso-tennis-grandinele-su-cirkoniais\/"]}]},{"@type":"ImageObject","inLanguage":"de","@id":"https:\/\/testinisweb.ares.lt\/parduotuve\/geltono-aukso-tennis-grandinele-su-cirkoniais\/#primaryimage","url":"https:\/\/testinisweb.ares.lt\/wp-content\/uploads\/2025\/03\/IMG_6040-1.jpg","contentUrl":"https:\/\/testinisweb.ares.lt\/wp-content\/uploads\/2025\/03\/IMG_6040-1.jpg","width":3000,"height":3000,"caption":"Geltono aukso tennis grandin\u0117l\u0117 su cirkoniais"},{"@type":"BreadcrumbList","@id":"https:\/\/testinisweb.ares.lt\/parduotuve\/geltono-aukso-tennis-grandinele-su-cirkoniais\/#breadcrumb","itemListElement":[{"@type":"ListItem","position":1,"name":"Auksiniai papuo\u0161alai","item":"https:\/\/testinisweb.ares.lt\/"},{"@type":"ListItem","position":2,"name":"Parduotuv\u0117","item":"https:\/\/testinisweb.ares.lt\/parduotuve\/"},{"@type":"ListItem","position":3,"name":"Geltono aukso tennis grandin\u0117l\u0117 su cirkoniais"}]},{"@type":"WebSite","@id":"https:\/\/testinisweb.ares.lt\/#website","url":"https:\/\/testinisweb.ares.lt\/","name":"ARES Schmuck","description":"Goldschmuck","publisher":{"@id":"https:\/\/testinisweb.ares.lt\/#organization"},"potentialAction":[{"@type":"SearchAction","target":{"@type":"EntryPoint","urlTemplate":"https:\/\/testinisweb.ares.lt\/?s={search_term_string}"},"query-input":{"@type":"PropertyValueSpecification","valueRequired":true,"valueName":"search_term_string"}}],"inLanguage":"de"},{"@type":"Organization","@id":"https:\/\/testinisweb.ares.lt\/#organization","name":"Ares Jewelry Goldschmuck","url":"https:\/\/testinisweb.ares.lt\/","logo":{"@type":"ImageObject","inLanguage":"de","@id":"https:\/\/testinisweb.ares.lt\/#\/schema\/logo\/image\/","url":"https:\/\/i0.wp.com\/testinisweb.ares.lt\/wp-content\/uploads\/2022\/03\/ares-text-logo-1.png?fit=417%2C122&ssl=1","contentUrl":"https:\/\/i0.wp.com\/testinisweb.ares.lt\/wp-content\/uploads\/2022\/03\/ares-text-logo-1.png?fit=417%2C122&ssl=1","width":417,"height":122,"caption":"Ares Juvelyrika auksiniai papuosalai"},"image":{"@id":"https:\/\/testinisweb.ares.lt\/#\/schema\/logo\/image\/"},"sameAs":["https:\/\/www.facebook.com\/AresJewellery","https:\/\/www.instagram.com\/ares_juvelyrika\/"]}]}},"_links":{"self":[{"href":"https:\/\/testinisweb.ares.lt\/de\/wp-json\/wp\/v2\/product\/17662","targetHints":{"allow":["GET"]}}],"collection":[{"href":"https:\/\/testinisweb.ares.lt\/de\/wp-json\/wp\/v2\/product"}],"about":[{"href":"https:\/\/testinisweb.ares.lt\/de\/wp-json\/wp\/v2\/types\/product"}],"replies":[{"embeddable":true,"href":"https:\/\/testinisweb.ares.lt\/de\/wp-json\/wp\/v2\/comments?post=17662"}],"wp:featuredmedia":[{"embeddable":true,"href":"https:\/\/testinisweb.ares.lt\/de\/wp-json\/wp\/v2\/media\/17665"}],"wp:attachment":[{"href":"https:\/\/testinisweb.ares.lt\/de\/wp-json\/wp\/v2\/media?parent=17662"}],"wp:term":[{"taxonomy":"product_cat","embeddable":true,"href":"https:\/\/testinisweb.ares.lt\/de\/wp-json\/wp\/v2\/product_cat?post=17662"},{"taxonomy":"product_tag","embeddable":true,"href":"https:\/\/testinisweb.ares.lt\/de\/wp-json\/wp\/v2\/product_tag?post=17662"}],"curies":[{"name":"wp","href":"https:\/\/api.w.org\/{rel}","templated":true}]}}