{"id":17727,"date":"2025-03-25T17:20:59","date_gmt":"2025-03-25T15:20:59","guid":{"rendered":"https:\/\/testinisweb.ares.lt\/?post_type=product&#038;p=17727"},"modified":"2026-01-25T22:01:30","modified_gmt":"2026-01-25T20:01:30","slug":"goldenes-armband-mit-runden-perlen","status":"publish","type":"product","link":"https:\/\/testinisweb.ares.lt\/de\/parduotuve\/auksine-apyranke-apvalus-karoliukai\/","title":{"rendered":"Goldarmband \u201eRunde Perlen\u201c"},"content":{"rendered":"<h3 data-start=\"74\" data-end=\"115\"><strong data-start=\"74\" data-end=\"115\">Goldarmband \u201eRunde Perlen\u201c<\/strong><\/h3>\n<p class=\"\" data-start=\"117\" data-end=\"351\">Zartes und stilvolles 585 Sterling Silber <strong data-start=\"148\" data-end=\"189\">Goldarmband &quot;Runde Perlen&quot;<\/strong> \u2013 ist eine Kombination aus Eleganz und Minimalismus. Das Armband ist mit gleichm\u00e4\u00dfig verteilten <strong data-start=\"267\" data-end=\"299\">runde Goldperlen<\/strong>, die dem Schmuck Verspieltheit und Leichtigkeit verleihen.<\/p>\n<p class=\"\" data-start=\"353\" data-end=\"506\">Dieses Design eignet sich perfekt f\u00fcr den Alltag und besondere Anl\u00e4sse. Das Armband ist leicht, bequem und hat einen klassischen und dennoch modernen Look.<\/p>\n<p class=\"\" data-start=\"508\" data-end=\"694\">\u201eRunde Perlen\u201c sind ein vielseitiges Accessoire, das sich leicht mit anderem Schmuck und verschiedenen Stilen kombinieren l\u00e4sst. Geeignet zum alleinigen Tragen oder zum Kombinieren mit anderen Armb\u00e4ndern.<\/p>\n<p class=\"\" data-start=\"696\" data-end=\"875\">Dieses Armband aus hochwertigem 585er Gold ist robust und langlebig. Es ist ein tolles Geschenk f\u00fcr Sie selbst oder einen geliebten Menschen \u2013 f\u00fcr Stil, W\u00e4rme und Eleganz.<\/p>","protected":false},"excerpt":{"rendered":"<p>Auksin\u0117 apyrank\u0117 \u201eApval\u016bs karoliukai\u201c Subtili ir stilinga 585 prabos auksin\u0117 apyrank\u0117 \u201eApval\u016bs karoliukai\u201c \u2013 tai elegancijos ir minimalizmo derinys. Apyrank\u0119 puo\u0161ia tolygiai&hellip;<\/p>","protected":false},"featured_media":17729,"comment_status":"open","ping_status":"closed","template":"","meta":[],"product_cat":[247,258,981,988,434,977,401],"product_tag":[],"class_list":{"0":"post-17727","1":"product","2":"type-product","3":"status-publish","4":"has-post-thumbnail","6":"product_cat-apyrankes","7":"product_cat-auksines-apyrankes","8":"product_cat-auksines-apyrankes-iki-250-eur","9":"product_cat-auksines-apyrankes-su-karoliukais","10":"product_cat-komunija-ir-krikstynos","11":"product_cat-raudono-aukso-apyrankes","12":"product_cat-raudono-aukso-papuosalai","13":"tm-no-options","15":"first","16":"instock","17":"sale","18":"shipping-taxable","19":"purchasable","20":"product-type-simple"},"yoast_head":"<!-- This site is optimized with the Yoast SEO plugin v27.3 - https:\/\/yoast.com\/product\/yoast-seo-wordpress\/ -->\n<title>Auksin\u0117 apyrank\u0117 &quot;Apval\u016bs karoliukai&quot;<\/title>\n<meta name=\"description\" content=\"Auksin\u0117 apyrank\u0117 \u201eApval\u016bs karoliukai\u201c Subtili ir stilinga 585 prabos auksin\u0117 apyrank\u0117 \u201eApval\u016bs karoliukai\u201c \u2013 tai elegancijos ir minimalizmo derinys.\" \/>\n<meta name=\"robots\" content=\"index, follow, max-snippet:-1, max-image-preview:large, max-video-preview:-1\" \/>\n<link rel=\"canonical\" href=\"https:\/\/testinisweb.ares.lt\/de\/im-laden\/goldenes-armband-mit-runden-perlen\/\" \/>\n<meta property=\"og:locale\" content=\"de_DE\" \/>\n<meta property=\"og:type\" content=\"article\" \/>\n<meta property=\"og:title\" content=\"Auksin\u0117 apyrank\u0117 &quot;Apval\u016bs karoliukai&quot;\" \/>\n<meta property=\"og:description\" content=\"Auksin\u0117 apyrank\u0117 \u201eApval\u016bs karoliukai\u201c Subtili ir stilinga 585 prabos auksin\u0117 apyrank\u0117 \u201eApval\u016bs karoliukai\u201c \u2013 tai elegancijos ir minimalizmo derinys.\" \/>\n<meta property=\"og:url\" content=\"https:\/\/testinisweb.ares.lt\/de\/im-laden\/goldenes-armband-mit-runden-perlen\/\" \/>\n<meta property=\"og:site_name\" content=\"ARES Juvelyrika\" \/>\n<meta property=\"article:publisher\" content=\"https:\/\/www.facebook.com\/AresJewellery\" \/>\n<meta property=\"article:modified_time\" content=\"2026-01-25T20:01:30+00:00\" \/>\n<meta property=\"og:image\" content=\"https:\/\/testinisweb.ares.lt\/wp-content\/uploads\/2025\/03\/0.8-cm-12.jpg\" \/>\n\t<meta property=\"og:image:width\" content=\"1000\" \/>\n\t<meta property=\"og:image:height\" content=\"1000\" \/>\n\t<meta property=\"og:image:type\" content=\"image\/jpeg\" \/>\n<meta name=\"twitter:card\" content=\"summary_large_image\" \/>\n<meta name=\"twitter:label1\" content=\"Gesch\u00e4tzte Lesezeit\" \/>\n\t<meta name=\"twitter:data1\" content=\"1\u00a0Minute\" \/>\n<script type=\"application\/ld+json\" class=\"yoast-schema-graph\">{\"@context\":\"https:\\\/\\\/schema.org\",\"@graph\":[{\"@type\":\"WebPage\",\"@id\":\"https:\\\/\\\/testinisweb.ares.lt\\\/parduotuve\\\/auksine-apyranke-apvalus-karoliukai\\\/\",\"url\":\"https:\\\/\\\/testinisweb.ares.lt\\\/parduotuve\\\/auksine-apyranke-apvalus-karoliukai\\\/\",\"name\":\"Auksin\u0117 apyrank\u0117 \\\"Apval\u016bs karoliukai\\\"\",\"isPartOf\":{\"@id\":\"https:\\\/\\\/testinisweb.ares.lt\\\/#website\"},\"primaryImageOfPage\":{\"@id\":\"https:\\\/\\\/testinisweb.ares.lt\\\/parduotuve\\\/auksine-apyranke-apvalus-karoliukai\\\/#primaryimage\"},\"image\":{\"@id\":\"https:\\\/\\\/testinisweb.ares.lt\\\/parduotuve\\\/auksine-apyranke-apvalus-karoliukai\\\/#primaryimage\"},\"thumbnailUrl\":\"https:\\\/\\\/testinisweb.ares.lt\\\/wp-content\\\/uploads\\\/2025\\\/03\\\/0.8-cm-12.jpg\",\"datePublished\":\"2025-03-25T15:20:59+00:00\",\"dateModified\":\"2026-01-25T20:01:30+00:00\",\"description\":\"Auksin\u0117 apyrank\u0117 \u201eApval\u016bs karoliukai\u201c Subtili ir stilinga 585 prabos auksin\u0117 apyrank\u0117 \u201eApval\u016bs karoliukai\u201c \u2013 tai elegancijos ir minimalizmo derinys.\",\"breadcrumb\":{\"@id\":\"https:\\\/\\\/testinisweb.ares.lt\\\/parduotuve\\\/auksine-apyranke-apvalus-karoliukai\\\/#breadcrumb\"},\"inLanguage\":\"de\",\"potentialAction\":[{\"@type\":\"ReadAction\",\"target\":[\"https:\\\/\\\/testinisweb.ares.lt\\\/parduotuve\\\/auksine-apyranke-apvalus-karoliukai\\\/\"]}]},{\"@type\":\"ImageObject\",\"inLanguage\":\"de\",\"@id\":\"https:\\\/\\\/testinisweb.ares.lt\\\/parduotuve\\\/auksine-apyranke-apvalus-karoliukai\\\/#primaryimage\",\"url\":\"https:\\\/\\\/testinisweb.ares.lt\\\/wp-content\\\/uploads\\\/2025\\\/03\\\/0.8-cm-12.jpg\",\"contentUrl\":\"https:\\\/\\\/testinisweb.ares.lt\\\/wp-content\\\/uploads\\\/2025\\\/03\\\/0.8-cm-12.jpg\",\"width\":1000,\"height\":1000,\"caption\":\"Auksin\u0117 apyrank\u0117 \\\"Apval\u016bs karoliukai\\\"\"},{\"@type\":\"BreadcrumbList\",\"@id\":\"https:\\\/\\\/testinisweb.ares.lt\\\/parduotuve\\\/auksine-apyranke-apvalus-karoliukai\\\/#breadcrumb\",\"itemListElement\":[{\"@type\":\"ListItem\",\"position\":1,\"name\":\"Auksiniai papuo\u0161alai\",\"item\":\"https:\\\/\\\/testinisweb.ares.lt\\\/\"},{\"@type\":\"ListItem\",\"position\":2,\"name\":\"Parduotuv\u0117\",\"item\":\"https:\\\/\\\/testinisweb.ares.lt\\\/parduotuve\\\/\"},{\"@type\":\"ListItem\",\"position\":3,\"name\":\"Auksin\u0117 apyrank\u0117 &#8222;Apval\u016bs karoliukai&#8221;\"}]},{\"@type\":\"WebSite\",\"@id\":\"https:\\\/\\\/testinisweb.ares.lt\\\/#website\",\"url\":\"https:\\\/\\\/testinisweb.ares.lt\\\/\",\"name\":\"ARES Juvelyrika\",\"description\":\"Auksiniai papuo\u0161alai\",\"publisher\":{\"@id\":\"https:\\\/\\\/testinisweb.ares.lt\\\/#organization\"},\"potentialAction\":[{\"@type\":\"SearchAction\",\"target\":{\"@type\":\"EntryPoint\",\"urlTemplate\":\"https:\\\/\\\/testinisweb.ares.lt\\\/?s={search_term_string}\"},\"query-input\":{\"@type\":\"PropertyValueSpecification\",\"valueRequired\":true,\"valueName\":\"search_term_string\"}}],\"inLanguage\":\"de\"},{\"@type\":\"Organization\",\"@id\":\"https:\\\/\\\/testinisweb.ares.lt\\\/#organization\",\"name\":\"Ares Juvelyrika auksiniai papuosalai\",\"url\":\"https:\\\/\\\/testinisweb.ares.lt\\\/\",\"logo\":{\"@type\":\"ImageObject\",\"inLanguage\":\"de\",\"@id\":\"https:\\\/\\\/testinisweb.ares.lt\\\/#\\\/schema\\\/logo\\\/image\\\/\",\"url\":\"https:\\\/\\\/i0.wp.com\\\/testinisweb.ares.lt\\\/wp-content\\\/uploads\\\/2022\\\/03\\\/ares-text-logo-1.png?fit=417%2C122&ssl=1\",\"contentUrl\":\"https:\\\/\\\/i0.wp.com\\\/testinisweb.ares.lt\\\/wp-content\\\/uploads\\\/2022\\\/03\\\/ares-text-logo-1.png?fit=417%2C122&ssl=1\",\"width\":417,\"height\":122,\"caption\":\"Ares Juvelyrika auksiniai papuosalai\"},\"image\":{\"@id\":\"https:\\\/\\\/testinisweb.ares.lt\\\/#\\\/schema\\\/logo\\\/image\\\/\"},\"sameAs\":[\"https:\\\/\\\/www.facebook.com\\\/AresJewellery\",\"https:\\\/\\\/www.instagram.com\\\/ares_juvelyrika\\\/\"]}]}<\/script>\n<!-- \/ Yoast SEO plugin. -->","yoast_head_json":{"title":"Goldarmband \u201eRunde Perlen\u201c","description":"Goldarmband \u201eRound Beads\u201c Das zarte und stilvolle 585er Goldarmband \u201eRound Beads\u201c ist eine Kombination aus Eleganz und Minimalismus.","robots":{"index":"index","follow":"follow","max-snippet":"max-snippet:-1","max-image-preview":"max-image-preview:large","max-video-preview":"max-video-preview:-1"},"canonical":"https:\/\/testinisweb.ares.lt\/de\/im-laden\/goldenes-armband-mit-runden-perlen\/","og_locale":"de_DE","og_type":"article","og_title":"Auksin\u0117 apyrank\u0117 \"Apval\u016bs karoliukai\"","og_description":"Auksin\u0117 apyrank\u0117 \u201eApval\u016bs karoliukai\u201c Subtili ir stilinga 585 prabos auksin\u0117 apyrank\u0117 \u201eApval\u016bs karoliukai\u201c \u2013 tai elegancijos ir minimalizmo derinys.","og_url":"https:\/\/testinisweb.ares.lt\/de\/im-laden\/goldenes-armband-mit-runden-perlen\/","og_site_name":"ARES Juvelyrika","article_publisher":"https:\/\/www.facebook.com\/AresJewellery","article_modified_time":"2026-01-25T20:01:30+00:00","og_image":[{"width":1000,"height":1000,"url":"https:\/\/testinisweb.ares.lt\/wp-content\/uploads\/2025\/03\/0.8-cm-12.jpg","type":"image\/jpeg"}],"twitter_card":"summary_large_image","twitter_misc":{"Gesch\u00e4tzte Lesezeit":"1\u00a0Minute"},"schema":{"@context":"https:\/\/schema.org","@graph":[{"@type":"WebPage","@id":"https:\/\/testinisweb.ares.lt\/parduotuve\/auksine-apyranke-apvalus-karoliukai\/","url":"https:\/\/testinisweb.ares.lt\/parduotuve\/auksine-apyranke-apvalus-karoliukai\/","name":"Goldarmband \u201eRunde Perlen\u201c","isPartOf":{"@id":"https:\/\/testinisweb.ares.lt\/#website"},"primaryImageOfPage":{"@id":"https:\/\/testinisweb.ares.lt\/parduotuve\/auksine-apyranke-apvalus-karoliukai\/#primaryimage"},"image":{"@id":"https:\/\/testinisweb.ares.lt\/parduotuve\/auksine-apyranke-apvalus-karoliukai\/#primaryimage"},"thumbnailUrl":"https:\/\/testinisweb.ares.lt\/wp-content\/uploads\/2025\/03\/0.8-cm-12.jpg","datePublished":"2025-03-25T15:20:59+00:00","dateModified":"2026-01-25T20:01:30+00:00","description":"Goldarmband \u201eRound Beads\u201c Das zarte und stilvolle 585er Goldarmband \u201eRound Beads\u201c ist eine Kombination aus Eleganz und Minimalismus.","breadcrumb":{"@id":"https:\/\/testinisweb.ares.lt\/parduotuve\/auksine-apyranke-apvalus-karoliukai\/#breadcrumb"},"inLanguage":"de","potentialAction":[{"@type":"ReadAction","target":["https:\/\/testinisweb.ares.lt\/parduotuve\/auksine-apyranke-apvalus-karoliukai\/"]}]},{"@type":"ImageObject","inLanguage":"de","@id":"https:\/\/testinisweb.ares.lt\/parduotuve\/auksine-apyranke-apvalus-karoliukai\/#primaryimage","url":"https:\/\/testinisweb.ares.lt\/wp-content\/uploads\/2025\/03\/0.8-cm-12.jpg","contentUrl":"https:\/\/testinisweb.ares.lt\/wp-content\/uploads\/2025\/03\/0.8-cm-12.jpg","width":1000,"height":1000,"caption":"Auksin\u0117 apyrank\u0117 \"Apval\u016bs karoliukai\""},{"@type":"BreadcrumbList","@id":"https:\/\/testinisweb.ares.lt\/parduotuve\/auksine-apyranke-apvalus-karoliukai\/#breadcrumb","itemListElement":[{"@type":"ListItem","position":1,"name":"Auksiniai papuo\u0161alai","item":"https:\/\/testinisweb.ares.lt\/"},{"@type":"ListItem","position":2,"name":"Parduotuv\u0117","item":"https:\/\/testinisweb.ares.lt\/parduotuve\/"},{"@type":"ListItem","position":3,"name":"Auksin\u0117 apyrank\u0117 &#8222;Apval\u016bs karoliukai&#8221;"}]},{"@type":"WebSite","@id":"https:\/\/testinisweb.ares.lt\/#website","url":"https:\/\/testinisweb.ares.lt\/","name":"ARES Schmuck","description":"Goldschmuck","publisher":{"@id":"https:\/\/testinisweb.ares.lt\/#organization"},"potentialAction":[{"@type":"SearchAction","target":{"@type":"EntryPoint","urlTemplate":"https:\/\/testinisweb.ares.lt\/?s={search_term_string}"},"query-input":{"@type":"PropertyValueSpecification","valueRequired":true,"valueName":"search_term_string"}}],"inLanguage":"de"},{"@type":"Organization","@id":"https:\/\/testinisweb.ares.lt\/#organization","name":"Ares Jewelry Goldschmuck","url":"https:\/\/testinisweb.ares.lt\/","logo":{"@type":"ImageObject","inLanguage":"de","@id":"https:\/\/testinisweb.ares.lt\/#\/schema\/logo\/image\/","url":"https:\/\/i0.wp.com\/testinisweb.ares.lt\/wp-content\/uploads\/2022\/03\/ares-text-logo-1.png?fit=417%2C122&ssl=1","contentUrl":"https:\/\/i0.wp.com\/testinisweb.ares.lt\/wp-content\/uploads\/2022\/03\/ares-text-logo-1.png?fit=417%2C122&ssl=1","width":417,"height":122,"caption":"Ares Juvelyrika auksiniai papuosalai"},"image":{"@id":"https:\/\/testinisweb.ares.lt\/#\/schema\/logo\/image\/"},"sameAs":["https:\/\/www.facebook.com\/AresJewellery","https:\/\/www.instagram.com\/ares_juvelyrika\/"]}]}},"_links":{"self":[{"href":"https:\/\/testinisweb.ares.lt\/de\/wp-json\/wp\/v2\/product\/17727","targetHints":{"allow":["GET"]}}],"collection":[{"href":"https:\/\/testinisweb.ares.lt\/de\/wp-json\/wp\/v2\/product"}],"about":[{"href":"https:\/\/testinisweb.ares.lt\/de\/wp-json\/wp\/v2\/types\/product"}],"replies":[{"embeddable":true,"href":"https:\/\/testinisweb.ares.lt\/de\/wp-json\/wp\/v2\/comments?post=17727"}],"wp:featuredmedia":[{"embeddable":true,"href":"https:\/\/testinisweb.ares.lt\/de\/wp-json\/wp\/v2\/media\/17729"}],"wp:attachment":[{"href":"https:\/\/testinisweb.ares.lt\/de\/wp-json\/wp\/v2\/media?parent=17727"}],"wp:term":[{"taxonomy":"product_cat","embeddable":true,"href":"https:\/\/testinisweb.ares.lt\/de\/wp-json\/wp\/v2\/product_cat?post=17727"},{"taxonomy":"product_tag","embeddable":true,"href":"https:\/\/testinisweb.ares.lt\/de\/wp-json\/wp\/v2\/product_tag?post=17727"}],"curies":[{"name":"wp","href":"https:\/\/api.w.org\/{rel}","templated":true}]}}