{"id":19667,"date":"2025-10-29T16:27:01","date_gmt":"2025-10-29T14:27:01","guid":{"rendered":"https:\/\/testinisweb.ares.lt\/?post_type=product&#038;p=19667"},"modified":"2026-01-28T21:48:30","modified_gmt":"2026-01-28T19:48:30","slug":"sandsteinarmband-mit-klee-und-diamant","status":"publish","type":"product","link":"https:\/\/testinisweb.ares.lt\/de\/parduotuve\/smelio-siulo-apyranke-su-dobilu-ir-deimantu\/","title":{"rendered":"Sandfadenarmband mit Klee und Diamant"},"content":{"rendered":"<h2 data-start=\"332\" data-end=\"380\">Sandfadenarmband mit Klee und Diamant<\/h2>\n<p data-start=\"382\" data-end=\"675\">Dezent und doch ausdrucksstark symbolisiert dieses sandfarbene Fadenarmband mit Klee und Naturdiamant Gl\u00fcck, Liebe und innere St\u00e4rke. Es ist aus hochwertigem Faden, nat\u00fcrlichem Diamant und 14k (585er) Gold gefertigt - eine Kombination dieser Materialien, die Langlebigkeit und tadellose \u00c4sthetik gew\u00e4hrleistet.<\/p>\n<p data-start=\"677\" data-end=\"958\">Dank der verstellbaren L\u00e4nge des Armbands passt es bequem an jede Hand und eignet sich daher sowohl f\u00fcr Frauen als auch f\u00fcr M\u00e4nner. Das Kleeblatt als altes Gl\u00fcckssymbol erg\u00e4nzt auf subtile Weise das Funkeln des Diamanten und schafft ein harmonisches Gleichgewicht zwischen Schlichtheit und Luxus.<\/p>\n<h3 data-start=\"147\" data-end=\"175\">Beige Symbolik<\/h3>\n<p data-start=\"177\" data-end=\"592\">Beige steht f\u00fcr W\u00e4rme, Gem\u00fctlichkeit und Nat\u00fcrlichkeit. Es erinnert an die Stabilit\u00e4t der Erde und das Licht der Sonne und wird daher mit Frieden, Geborgenheit und innerer Harmonie assoziiert. Beigefarbener Faden soll helfen, das emotionale Gleichgewicht zu erhalten, die Verbindung zur Natur zu st\u00e4rken und Vertrauen zu geben. Das Tragen dieses Armbands erinnert auf subtile Weise an die Sch\u00f6nheit der Einfachheit und den inneren Frieden, der im t\u00e4glichen Leben liegt.<\/p>\n<h3 data-start=\"153\" data-end=\"181\"><span style=\"font-size: 16px;\">Die Bedeutung des Diamanten<\/span><\/h3>\n<p data-start=\"1471\" data-end=\"1628\">Der Diamant ist ein Symbol f\u00fcr St\u00e4rke, ewige Liebe und Licht. Sein nat\u00fcrliches Funkeln verleiht dem Armband einen luxuri\u00f6sen Touch, w\u00e4hrend es gleichzeitig einen subtilen, l\u00e4ssigen Charme bewahrt.<\/p>\n<h3 data-start=\"1630\" data-end=\"1661\">Kostenloser Fadenwechsel<\/h3>\n<p data-start=\"1662\" data-end=\"1890\">Wenn Sie das Armband nach einer Weile erneuern m\u00f6chten, k\u00f6nnen Sie die Farbe des Garns kostenlos \u00e4ndern - Sie m\u00fcssen nur die Versandkosten (5 \u20ac) bezahlen. So bleibt das Armband flexibel und spiegelt immer Ihre Stimmung oder Stil\u00e4nderungen wider.<\/p>\n<p>Ablauf des Armbandwechsels:<\/p>\n<ul>\n<li>Kontaktieren Sie uns f\u00fcr den Armbandfaden-Austauschservice (<a href=\"https:\/\/www.facebook.com\/AresJewellery\" target=\"_blank\" rel=\"noopener\">Facebook<\/a>, <a href=\"https:\/\/www.instagram.com\/ares_juvelyrika\/\" target=\"_blank\" rel=\"noopener\">Instagram<\/a>, <a href=\"https:\/\/testinisweb.ares.lt\/de\/kontakte\/\">per E-Mail<\/a> oder auf andere Weise)<\/li>\n<li>Versenden Sie das Fadenarmband mit dem angegebenen Versandcode per Paketautomat<\/li>\n<li>Holen Sie das neu gebundene Armband am n\u00e4chsten Paketautomaten ab (neu gebundenes Armband dauert 1-3 Tage)<\/li>\n<\/ul>\n<h3 data-start=\"1892\" data-end=\"1911\">Das perfekte Geschenk<\/h3>\n<p data-start=\"1912\" data-end=\"2105\">Das Sandfadenarmband mit Klee und Diamant ist mehr als ein Schmuckst\u00fcck. Es ist ein sinnvolles Geschenk f\u00fcr einen geliebten Menschen oder f\u00fcr Sie selbst, eine Erinnerung an Erfolg, Liebe und das Licht, das wir in uns tragen.<\/p>","protected":false},"excerpt":{"rendered":"<p>Sm\u0117lio si\u016blo apyrank\u0117 su dobilu ir deimantu Subtili, ta\u010diau i\u0161rai\u0161kinga \u2013 sm\u0117lio si\u016blo apyrank\u0117 su dobilu ir nat\u016braliu deimantu simbolizuoja s\u0117km\u0119, meil\u0119&hellip;<\/p>","protected":false},"featured_media":19669,"comment_status":"open","ping_status":"closed","template":"","meta":[],"product_cat":[247,981,1003,786,402,381,360,1184,687],"product_tag":[],"class_list":{"0":"post-19667","1":"product","2":"type-product","3":"status-publish","4":"has-post-thumbnail","6":"product_cat-apyrankes","7":"product_cat-auksines-apyrankes-iki-250-eur","8":"product_cat-auksines-apyrankes-su-deimantais","9":"product_cat-deimantai","10":"product_cat-geltono-aukso-papuosalai","11":"product_cat-papuosalai-su-briliantais","12":"product_cat-apyrankes-su-siulu","13":"product_cat-siulo-apyrankes-su-dobilu","14":"product_cat-valentino-diena","15":"tm-has-options","17":"first","18":"instock","19":"sale","20":"shipping-taxable","21":"purchasable","22":"product-type-variable","23":"has-default-attributes"},"yoast_head":"<!-- This site is optimized with the Yoast SEO plugin v27.4 - https:\/\/yoast.com\/product\/yoast-seo-wordpress\/ -->\n<title>Sm\u0117lio si\u016blo apyrank\u0117 su dobilu ir deimantu<\/title>\n<meta name=\"description\" content=\"Sm\u0117lio si\u016blo apyrank\u0117 su dobilu ir deimantu Subtili, ta\u010diau i\u0161rai\u0161kinga \u2013 sm\u0117lio si\u016blo apyrank\u0117 su dobilu ir nat\u016braliu deimantu simbolizuoja s\u0117km\u0119, meil\u0119\" \/>\n<meta name=\"robots\" content=\"index, follow, max-snippet:-1, max-image-preview:large, max-video-preview:-1\" \/>\n<link rel=\"canonical\" href=\"https:\/\/testinisweb.ares.lt\/de\/im-laden\/sandsteinarmband-mit-klee-und-diamant\/\" \/>\n<meta property=\"og:locale\" content=\"de_DE\" \/>\n<meta property=\"og:type\" content=\"article\" \/>\n<meta property=\"og:title\" content=\"Sm\u0117lio si\u016blo apyrank\u0117 su dobilu ir deimantu\" \/>\n<meta property=\"og:description\" content=\"Sm\u0117lio si\u016blo apyrank\u0117 su dobilu ir deimantu Subtili, ta\u010diau i\u0161rai\u0161kinga \u2013 sm\u0117lio si\u016blo apyrank\u0117 su dobilu ir nat\u016braliu deimantu simbolizuoja s\u0117km\u0119, meil\u0119\" \/>\n<meta property=\"og:url\" content=\"https:\/\/testinisweb.ares.lt\/de\/im-laden\/sandsteinarmband-mit-klee-und-diamant\/\" \/>\n<meta property=\"og:site_name\" content=\"ARES Juvelyrika\" \/>\n<meta property=\"article:publisher\" content=\"https:\/\/www.facebook.com\/AresJewellery\" \/>\n<meta property=\"article:modified_time\" content=\"2026-01-28T19:48:30+00:00\" \/>\n<meta property=\"og:image\" content=\"https:\/\/testinisweb.ares.lt\/wp-content\/uploads\/2025\/10\/Untitled-design-77.jpg\" \/>\n\t<meta property=\"og:image:width\" content=\"2000\" \/>\n\t<meta property=\"og:image:height\" content=\"2000\" \/>\n\t<meta property=\"og:image:type\" content=\"image\/jpeg\" \/>\n<meta name=\"twitter:card\" content=\"summary_large_image\" \/>\n<meta name=\"twitter:label1\" content=\"Gesch\u00e4tzte Lesezeit\" \/>\n\t<meta name=\"twitter:data1\" content=\"1\u00a0Minute\" \/>\n<script type=\"application\/ld+json\" class=\"yoast-schema-graph\">{\"@context\":\"https:\\\/\\\/schema.org\",\"@graph\":[{\"@type\":\"WebPage\",\"@id\":\"https:\\\/\\\/testinisweb.ares.lt\\\/parduotuve\\\/smelio-siulo-apyranke-su-dobilu-ir-deimantu\\\/\",\"url\":\"https:\\\/\\\/testinisweb.ares.lt\\\/parduotuve\\\/smelio-siulo-apyranke-su-dobilu-ir-deimantu\\\/\",\"name\":\"Sm\u0117lio si\u016blo apyrank\u0117 su dobilu ir deimantu\",\"isPartOf\":{\"@id\":\"https:\\\/\\\/testinisweb.ares.lt\\\/#website\"},\"primaryImageOfPage\":{\"@id\":\"https:\\\/\\\/testinisweb.ares.lt\\\/parduotuve\\\/smelio-siulo-apyranke-su-dobilu-ir-deimantu\\\/#primaryimage\"},\"image\":{\"@id\":\"https:\\\/\\\/testinisweb.ares.lt\\\/parduotuve\\\/smelio-siulo-apyranke-su-dobilu-ir-deimantu\\\/#primaryimage\"},\"thumbnailUrl\":\"https:\\\/\\\/testinisweb.ares.lt\\\/wp-content\\\/uploads\\\/2025\\\/10\\\/Untitled-design-77.jpg\",\"datePublished\":\"2025-10-29T14:27:01+00:00\",\"dateModified\":\"2026-01-28T19:48:30+00:00\",\"description\":\"Sm\u0117lio si\u016blo apyrank\u0117 su dobilu ir deimantu Subtili, ta\u010diau i\u0161rai\u0161kinga \u2013 sm\u0117lio si\u016blo apyrank\u0117 su dobilu ir nat\u016braliu deimantu simbolizuoja s\u0117km\u0119, meil\u0119\",\"breadcrumb\":{\"@id\":\"https:\\\/\\\/testinisweb.ares.lt\\\/parduotuve\\\/smelio-siulo-apyranke-su-dobilu-ir-deimantu\\\/#breadcrumb\"},\"inLanguage\":\"de\",\"potentialAction\":[{\"@type\":\"ReadAction\",\"target\":[\"https:\\\/\\\/testinisweb.ares.lt\\\/parduotuve\\\/smelio-siulo-apyranke-su-dobilu-ir-deimantu\\\/\"]}]},{\"@type\":\"ImageObject\",\"inLanguage\":\"de\",\"@id\":\"https:\\\/\\\/testinisweb.ares.lt\\\/parduotuve\\\/smelio-siulo-apyranke-su-dobilu-ir-deimantu\\\/#primaryimage\",\"url\":\"https:\\\/\\\/testinisweb.ares.lt\\\/wp-content\\\/uploads\\\/2025\\\/10\\\/Untitled-design-77.jpg\",\"contentUrl\":\"https:\\\/\\\/testinisweb.ares.lt\\\/wp-content\\\/uploads\\\/2025\\\/10\\\/Untitled-design-77.jpg\",\"width\":2000,\"height\":2000,\"caption\":\"Sm\u0117lio si\u016blo apyrank\u0117 su dobilu ir deimantu\"},{\"@type\":\"BreadcrumbList\",\"@id\":\"https:\\\/\\\/testinisweb.ares.lt\\\/parduotuve\\\/smelio-siulo-apyranke-su-dobilu-ir-deimantu\\\/#breadcrumb\",\"itemListElement\":[{\"@type\":\"ListItem\",\"position\":1,\"name\":\"Auksiniai papuo\u0161alai\",\"item\":\"https:\\\/\\\/testinisweb.ares.lt\\\/\"},{\"@type\":\"ListItem\",\"position\":2,\"name\":\"Parduotuv\u0117\",\"item\":\"https:\\\/\\\/testinisweb.ares.lt\\\/parduotuve\\\/\"},{\"@type\":\"ListItem\",\"position\":3,\"name\":\"Sm\u0117lio si\u016blo apyrank\u0117 su dobilu ir deimantu\"}]},{\"@type\":\"WebSite\",\"@id\":\"https:\\\/\\\/testinisweb.ares.lt\\\/#website\",\"url\":\"https:\\\/\\\/testinisweb.ares.lt\\\/\",\"name\":\"ARES Juvelyrika\",\"description\":\"Auksiniai papuo\u0161alai\",\"publisher\":{\"@id\":\"https:\\\/\\\/testinisweb.ares.lt\\\/#organization\"},\"potentialAction\":[{\"@type\":\"SearchAction\",\"target\":{\"@type\":\"EntryPoint\",\"urlTemplate\":\"https:\\\/\\\/testinisweb.ares.lt\\\/?s={search_term_string}\"},\"query-input\":{\"@type\":\"PropertyValueSpecification\",\"valueRequired\":true,\"valueName\":\"search_term_string\"}}],\"inLanguage\":\"de\"},{\"@type\":\"Organization\",\"@id\":\"https:\\\/\\\/testinisweb.ares.lt\\\/#organization\",\"name\":\"Ares Juvelyrika auksiniai papuosalai\",\"url\":\"https:\\\/\\\/testinisweb.ares.lt\\\/\",\"logo\":{\"@type\":\"ImageObject\",\"inLanguage\":\"de\",\"@id\":\"https:\\\/\\\/testinisweb.ares.lt\\\/#\\\/schema\\\/logo\\\/image\\\/\",\"url\":\"https:\\\/\\\/i0.wp.com\\\/testinisweb.ares.lt\\\/wp-content\\\/uploads\\\/2022\\\/03\\\/ares-text-logo-1.png?fit=417%2C122&ssl=1\",\"contentUrl\":\"https:\\\/\\\/i0.wp.com\\\/testinisweb.ares.lt\\\/wp-content\\\/uploads\\\/2022\\\/03\\\/ares-text-logo-1.png?fit=417%2C122&ssl=1\",\"width\":417,\"height\":122,\"caption\":\"Ares Juvelyrika auksiniai papuosalai\"},\"image\":{\"@id\":\"https:\\\/\\\/testinisweb.ares.lt\\\/#\\\/schema\\\/logo\\\/image\\\/\"},\"sameAs\":[\"https:\\\/\\\/www.facebook.com\\\/AresJewellery\",\"https:\\\/\\\/www.instagram.com\\\/ares_juvelyrika\\\/\"]}]}<\/script>\n<!-- \/ Yoast SEO plugin. -->","yoast_head_json":{"title":"Sandfadenarmband mit Klee und Diamant","description":"Sandfadenarmband mit Klee und Diamant Dezent und doch ausdrucksstark - das Sandfadenarmband mit Klee und einem nat\u00fcrlichen Diamanten symbolisiert Gl\u00fcck, Liebe","robots":{"index":"index","follow":"follow","max-snippet":"max-snippet:-1","max-image-preview":"max-image-preview:large","max-video-preview":"max-video-preview:-1"},"canonical":"https:\/\/testinisweb.ares.lt\/de\/im-laden\/sandsteinarmband-mit-klee-und-diamant\/","og_locale":"de_DE","og_type":"article","og_title":"Sm\u0117lio si\u016blo apyrank\u0117 su dobilu ir deimantu","og_description":"Sm\u0117lio si\u016blo apyrank\u0117 su dobilu ir deimantu Subtili, ta\u010diau i\u0161rai\u0161kinga \u2013 sm\u0117lio si\u016blo apyrank\u0117 su dobilu ir nat\u016braliu deimantu simbolizuoja s\u0117km\u0119, meil\u0119","og_url":"https:\/\/testinisweb.ares.lt\/de\/im-laden\/sandsteinarmband-mit-klee-und-diamant\/","og_site_name":"ARES Juvelyrika","article_publisher":"https:\/\/www.facebook.com\/AresJewellery","article_modified_time":"2026-01-28T19:48:30+00:00","og_image":[{"width":2000,"height":2000,"url":"https:\/\/testinisweb.ares.lt\/wp-content\/uploads\/2025\/10\/Untitled-design-77.jpg","type":"image\/jpeg"}],"twitter_card":"summary_large_image","twitter_misc":{"Gesch\u00e4tzte Lesezeit":"1\u00a0Minute"},"schema":{"@context":"https:\/\/schema.org","@graph":[{"@type":"WebPage","@id":"https:\/\/testinisweb.ares.lt\/parduotuve\/smelio-siulo-apyranke-su-dobilu-ir-deimantu\/","url":"https:\/\/testinisweb.ares.lt\/parduotuve\/smelio-siulo-apyranke-su-dobilu-ir-deimantu\/","name":"Sandfadenarmband mit Klee und Diamant","isPartOf":{"@id":"https:\/\/testinisweb.ares.lt\/#website"},"primaryImageOfPage":{"@id":"https:\/\/testinisweb.ares.lt\/parduotuve\/smelio-siulo-apyranke-su-dobilu-ir-deimantu\/#primaryimage"},"image":{"@id":"https:\/\/testinisweb.ares.lt\/parduotuve\/smelio-siulo-apyranke-su-dobilu-ir-deimantu\/#primaryimage"},"thumbnailUrl":"https:\/\/testinisweb.ares.lt\/wp-content\/uploads\/2025\/10\/Untitled-design-77.jpg","datePublished":"2025-10-29T14:27:01+00:00","dateModified":"2026-01-28T19:48:30+00:00","description":"Sandfadenarmband mit Klee und Diamant Dezent und doch ausdrucksstark - das Sandfadenarmband mit Klee und einem nat\u00fcrlichen Diamanten symbolisiert Gl\u00fcck, Liebe","breadcrumb":{"@id":"https:\/\/testinisweb.ares.lt\/parduotuve\/smelio-siulo-apyranke-su-dobilu-ir-deimantu\/#breadcrumb"},"inLanguage":"de","potentialAction":[{"@type":"ReadAction","target":["https:\/\/testinisweb.ares.lt\/parduotuve\/smelio-siulo-apyranke-su-dobilu-ir-deimantu\/"]}]},{"@type":"ImageObject","inLanguage":"de","@id":"https:\/\/testinisweb.ares.lt\/parduotuve\/smelio-siulo-apyranke-su-dobilu-ir-deimantu\/#primaryimage","url":"https:\/\/testinisweb.ares.lt\/wp-content\/uploads\/2025\/10\/Untitled-design-77.jpg","contentUrl":"https:\/\/testinisweb.ares.lt\/wp-content\/uploads\/2025\/10\/Untitled-design-77.jpg","width":2000,"height":2000,"caption":"Sm\u0117lio si\u016blo apyrank\u0117 su dobilu ir deimantu"},{"@type":"BreadcrumbList","@id":"https:\/\/testinisweb.ares.lt\/parduotuve\/smelio-siulo-apyranke-su-dobilu-ir-deimantu\/#breadcrumb","itemListElement":[{"@type":"ListItem","position":1,"name":"Auksiniai papuo\u0161alai","item":"https:\/\/testinisweb.ares.lt\/"},{"@type":"ListItem","position":2,"name":"Parduotuv\u0117","item":"https:\/\/testinisweb.ares.lt\/parduotuve\/"},{"@type":"ListItem","position":3,"name":"Sm\u0117lio si\u016blo apyrank\u0117 su dobilu ir deimantu"}]},{"@type":"WebSite","@id":"https:\/\/testinisweb.ares.lt\/#website","url":"https:\/\/testinisweb.ares.lt\/","name":"ARES Schmuck","description":"Goldschmuck","publisher":{"@id":"https:\/\/testinisweb.ares.lt\/#organization"},"potentialAction":[{"@type":"SearchAction","target":{"@type":"EntryPoint","urlTemplate":"https:\/\/testinisweb.ares.lt\/?s={search_term_string}"},"query-input":{"@type":"PropertyValueSpecification","valueRequired":true,"valueName":"search_term_string"}}],"inLanguage":"de"},{"@type":"Organization","@id":"https:\/\/testinisweb.ares.lt\/#organization","name":"Ares Jewelry Goldschmuck","url":"https:\/\/testinisweb.ares.lt\/","logo":{"@type":"ImageObject","inLanguage":"de","@id":"https:\/\/testinisweb.ares.lt\/#\/schema\/logo\/image\/","url":"https:\/\/i0.wp.com\/testinisweb.ares.lt\/wp-content\/uploads\/2022\/03\/ares-text-logo-1.png?fit=417%2C122&ssl=1","contentUrl":"https:\/\/i0.wp.com\/testinisweb.ares.lt\/wp-content\/uploads\/2022\/03\/ares-text-logo-1.png?fit=417%2C122&ssl=1","width":417,"height":122,"caption":"Ares Juvelyrika auksiniai papuosalai"},"image":{"@id":"https:\/\/testinisweb.ares.lt\/#\/schema\/logo\/image\/"},"sameAs":["https:\/\/www.facebook.com\/AresJewellery","https:\/\/www.instagram.com\/ares_juvelyrika\/"]}]}},"_links":{"self":[{"href":"https:\/\/testinisweb.ares.lt\/de\/wp-json\/wp\/v2\/product\/19667","targetHints":{"allow":["GET"]}}],"collection":[{"href":"https:\/\/testinisweb.ares.lt\/de\/wp-json\/wp\/v2\/product"}],"about":[{"href":"https:\/\/testinisweb.ares.lt\/de\/wp-json\/wp\/v2\/types\/product"}],"replies":[{"embeddable":true,"href":"https:\/\/testinisweb.ares.lt\/de\/wp-json\/wp\/v2\/comments?post=19667"}],"wp:featuredmedia":[{"embeddable":true,"href":"https:\/\/testinisweb.ares.lt\/de\/wp-json\/wp\/v2\/media\/19669"}],"wp:attachment":[{"href":"https:\/\/testinisweb.ares.lt\/de\/wp-json\/wp\/v2\/media?parent=19667"}],"wp:term":[{"taxonomy":"product_cat","embeddable":true,"href":"https:\/\/testinisweb.ares.lt\/de\/wp-json\/wp\/v2\/product_cat?post=19667"},{"taxonomy":"product_tag","embeddable":true,"href":"https:\/\/testinisweb.ares.lt\/de\/wp-json\/wp\/v2\/product_tag?post=19667"}],"curies":[{"name":"wp","href":"https:\/\/api.w.org\/{rel}","templated":true}]}}