{"id":3626,"date":"2022-03-13T09:32:38","date_gmt":"2022-03-13T09:32:38","guid":{"rendered":"http:\/\/ares2.store\/?post_type=product&#038;p=3626"},"modified":"2026-01-25T22:20:53","modified_gmt":"2026-01-25T20:20:53","slug":"weisgoldkette-anker-12","status":"publish","type":"product","link":"https:\/\/testinisweb.ares.lt\/de\/parduotuve\/balto-aukso-grandinele-anchor-12\/","title":{"rendered":"Wei\u00dfgoldkette &quot;Anker&quot;"},"content":{"rendered":"<p>Die Wei\u00dfgoldkette \u201eAnker\u201c ist ein minimalistisches Schmuckst\u00fcck, das Sie mit jedem anderen Goldschmuck kombinieren und tragen k\u00f6nnen. Im ARES Jewelry Online-Shop finden Sie Ketten aus Rotgold, Gelbgold und Wei\u00dfgold sowie verschiedene Flechtarten wie Anker, Panzerkette usw. Au\u00dferdem finden Sie in unserem Sortiment Goldketten in verschiedenen L\u00e4ngen und verstellbaren L\u00e4ngen wie 40 cm, 42 cm, 45 cm, 50 cm, 55 cm, 60 cm, 42\u201345 cm und weiteren L\u00e4ngen.<\/p>","protected":false},"excerpt":{"rendered":"<p>Balto aukso grandin\u0117l\u0117 &#8222;Anchor&#8221; &#8211; tai minimalistinis papuo\u0161alas, kur\u012f galite derinti ir ne\u0161ioti su bet kokiu kitu auksiniu papuo\u0161alu. ARES Juvelyrika el.&hellip;<\/p>","protected":false},"featured_media":3705,"comment_status":"open","ping_status":"closed","template":"","meta":[],"product_brand":[],"product_cat":[96,954,955,956,957,959,100,400,950],"product_tag":[],"class_list":{"0":"post-3626","1":"product","2":"type-product","3":"status-publish","4":"has-post-thumbnail","6":"product_cat-grandineles","7":"product_cat-auksines-grandineles-45cm","8":"product_cat-auksines-grandineles-50cm","9":"product_cat-auksines-grandineles-55cm","10":"product_cat-auksines-grandineles-60cm","11":"product_cat-auksines-grandineles-iki-250-eur","12":"product_cat-balto-aukso-grandineles","13":"product_cat-balto-aukso-papuosalai","14":"product_cat-inkarines-auksines-grandineles-anchor","15":"tm-no-options","17":"first","18":"outofstock","19":"shipping-taxable","20":"purchasable","21":"product-type-variable","22":"has-default-attributes"},"yoast_head":"<!-- This site is optimized with the Yoast SEO plugin v27.3 - https:\/\/yoast.com\/product\/yoast-seo-wordpress\/ -->\n<title>Balto aukso grandin\u0117l\u0117 &quot;Anchor&quot;<\/title>\n<meta name=\"description\" content=\"Balto aukso grandin\u0117l\u0117 &quot;Anchor&quot; - tai minimalistinis papuo\u0161alas, kur\u012f galite derinti ir ne\u0161ioti su bet kokiu kitu auksiniu papuo\u0161alu. ARES Juvelyrika el.\" \/>\n<meta name=\"robots\" content=\"index, follow, max-snippet:-1, max-image-preview:large, max-video-preview:-1\" \/>\n<link rel=\"canonical\" href=\"https:\/\/testinisweb.ares.lt\/de\/im-laden\/weisgoldkette-anker-12\/\" \/>\n<meta property=\"og:locale\" content=\"de_DE\" \/>\n<meta property=\"og:type\" content=\"article\" \/>\n<meta property=\"og:title\" content=\"Balto aukso grandin\u0117l\u0117 &quot;Anchor&quot;\" \/>\n<meta property=\"og:description\" content=\"Balto aukso grandin\u0117l\u0117 &quot;Anchor&quot; - tai minimalistinis papuo\u0161alas, kur\u012f galite derinti ir ne\u0161ioti su bet kokiu kitu auksiniu papuo\u0161alu. ARES Juvelyrika el.\" \/>\n<meta property=\"og:url\" content=\"https:\/\/testinisweb.ares.lt\/de\/im-laden\/weisgoldkette-anker-12\/\" \/>\n<meta property=\"og:site_name\" content=\"ARES Juvelyrika\" \/>\n<meta property=\"article:publisher\" content=\"https:\/\/www.facebook.com\/AresJewellery\" \/>\n<meta property=\"article:modified_time\" content=\"2026-01-25T20:20:53+00:00\" \/>\n<meta property=\"og:image\" content=\"https:\/\/testinisweb.ares.lt\/wp-content\/uploads\/2022\/03\/Zinciris-GR012-Nr.1.jpg\" \/>\n\t<meta property=\"og:image:width\" content=\"1000\" \/>\n\t<meta property=\"og:image:height\" content=\"973\" \/>\n\t<meta property=\"og:image:type\" content=\"image\/jpeg\" \/>\n<meta name=\"twitter:card\" content=\"summary_large_image\" \/>\n<script type=\"application\/ld+json\" class=\"yoast-schema-graph\">{\"@context\":\"https:\\\/\\\/schema.org\",\"@graph\":[{\"@type\":\"WebPage\",\"@id\":\"https:\\\/\\\/testinisweb.ares.lt\\\/parduotuve\\\/balto-aukso-grandinele-anchor-12\\\/\",\"url\":\"https:\\\/\\\/testinisweb.ares.lt\\\/parduotuve\\\/balto-aukso-grandinele-anchor-12\\\/\",\"name\":\"Balto aukso grandin\u0117l\u0117 \\\"Anchor\\\"\",\"isPartOf\":{\"@id\":\"https:\\\/\\\/testinisweb.ares.lt\\\/#website\"},\"primaryImageOfPage\":{\"@id\":\"https:\\\/\\\/testinisweb.ares.lt\\\/parduotuve\\\/balto-aukso-grandinele-anchor-12\\\/#primaryimage\"},\"image\":{\"@id\":\"https:\\\/\\\/testinisweb.ares.lt\\\/parduotuve\\\/balto-aukso-grandinele-anchor-12\\\/#primaryimage\"},\"thumbnailUrl\":\"https:\\\/\\\/testinisweb.ares.lt\\\/wp-content\\\/uploads\\\/2022\\\/03\\\/Zinciris-GR012-Nr.1.jpg\",\"datePublished\":\"2022-03-13T09:32:38+00:00\",\"dateModified\":\"2026-01-25T20:20:53+00:00\",\"description\":\"Balto aukso grandin\u0117l\u0117 \\\"Anchor\\\" - tai minimalistinis papuo\u0161alas, kur\u012f galite derinti ir ne\u0161ioti su bet kokiu kitu auksiniu papuo\u0161alu. ARES Juvelyrika el.\",\"breadcrumb\":{\"@id\":\"https:\\\/\\\/testinisweb.ares.lt\\\/parduotuve\\\/balto-aukso-grandinele-anchor-12\\\/#breadcrumb\"},\"inLanguage\":\"de\",\"potentialAction\":[{\"@type\":\"ReadAction\",\"target\":[\"https:\\\/\\\/testinisweb.ares.lt\\\/parduotuve\\\/balto-aukso-grandinele-anchor-12\\\/\"]}]},{\"@type\":\"ImageObject\",\"inLanguage\":\"de\",\"@id\":\"https:\\\/\\\/testinisweb.ares.lt\\\/parduotuve\\\/balto-aukso-grandinele-anchor-12\\\/#primaryimage\",\"url\":\"https:\\\/\\\/testinisweb.ares.lt\\\/wp-content\\\/uploads\\\/2022\\\/03\\\/Zinciris-GR012-Nr.1.jpg\",\"contentUrl\":\"https:\\\/\\\/testinisweb.ares.lt\\\/wp-content\\\/uploads\\\/2022\\\/03\\\/Zinciris-GR012-Nr.1.jpg\",\"width\":1000,\"height\":973,\"caption\":\"Balto aukso grandin\u0117l\u0117 \\\"Anchor\\\"\"},{\"@type\":\"BreadcrumbList\",\"@id\":\"https:\\\/\\\/testinisweb.ares.lt\\\/parduotuve\\\/balto-aukso-grandinele-anchor-12\\\/#breadcrumb\",\"itemListElement\":[{\"@type\":\"ListItem\",\"position\":1,\"name\":\"Auksiniai papuo\u0161alai\",\"item\":\"https:\\\/\\\/testinisweb.ares.lt\\\/\"},{\"@type\":\"ListItem\",\"position\":2,\"name\":\"Parduotuv\u0117\",\"item\":\"https:\\\/\\\/testinisweb.ares.lt\\\/parduotuve\\\/\"},{\"@type\":\"ListItem\",\"position\":3,\"name\":\"Balto aukso grandin\u0117l\u0117 &#8220;Anchor&#8221;\"}]},{\"@type\":\"WebSite\",\"@id\":\"https:\\\/\\\/testinisweb.ares.lt\\\/#website\",\"url\":\"https:\\\/\\\/testinisweb.ares.lt\\\/\",\"name\":\"ARES Juvelyrika\",\"description\":\"Auksiniai papuo\u0161alai\",\"publisher\":{\"@id\":\"https:\\\/\\\/testinisweb.ares.lt\\\/#organization\"},\"potentialAction\":[{\"@type\":\"SearchAction\",\"target\":{\"@type\":\"EntryPoint\",\"urlTemplate\":\"https:\\\/\\\/testinisweb.ares.lt\\\/?s={search_term_string}\"},\"query-input\":{\"@type\":\"PropertyValueSpecification\",\"valueRequired\":true,\"valueName\":\"search_term_string\"}}],\"inLanguage\":\"de\"},{\"@type\":\"Organization\",\"@id\":\"https:\\\/\\\/testinisweb.ares.lt\\\/#organization\",\"name\":\"Ares Juvelyrika auksiniai papuosalai\",\"url\":\"https:\\\/\\\/testinisweb.ares.lt\\\/\",\"logo\":{\"@type\":\"ImageObject\",\"inLanguage\":\"de\",\"@id\":\"https:\\\/\\\/testinisweb.ares.lt\\\/#\\\/schema\\\/logo\\\/image\\\/\",\"url\":\"https:\\\/\\\/i0.wp.com\\\/testinisweb.ares.lt\\\/wp-content\\\/uploads\\\/2022\\\/03\\\/ares-text-logo-1.png?fit=417%2C122&ssl=1\",\"contentUrl\":\"https:\\\/\\\/i0.wp.com\\\/testinisweb.ares.lt\\\/wp-content\\\/uploads\\\/2022\\\/03\\\/ares-text-logo-1.png?fit=417%2C122&ssl=1\",\"width\":417,\"height\":122,\"caption\":\"Ares Juvelyrika auksiniai papuosalai\"},\"image\":{\"@id\":\"https:\\\/\\\/testinisweb.ares.lt\\\/#\\\/schema\\\/logo\\\/image\\\/\"},\"sameAs\":[\"https:\\\/\\\/www.facebook.com\\\/AresJewellery\",\"https:\\\/\\\/www.instagram.com\\\/ares_juvelyrika\\\/\"]}]}<\/script>\n<!-- \/ Yoast SEO plugin. -->","yoast_head_json":{"title":"Wei\u00dfgoldkette &quot;Anker&quot;","description":"Die Wei\u00dfgoldkette \u201eAnker\u201c ist ein minimalistisches Schmuckst\u00fcck, das Sie mit jedem anderen Goldschmuck kombinieren und tragen k\u00f6nnen. ARES Schmuck Online-Shop","robots":{"index":"index","follow":"follow","max-snippet":"max-snippet:-1","max-image-preview":"max-image-preview:large","max-video-preview":"max-video-preview:-1"},"canonical":"https:\/\/testinisweb.ares.lt\/de\/im-laden\/weisgoldkette-anker-12\/","og_locale":"de_DE","og_type":"article","og_title":"Balto aukso grandin\u0117l\u0117 \"Anchor\"","og_description":"Balto aukso grandin\u0117l\u0117 \"Anchor\" - tai minimalistinis papuo\u0161alas, kur\u012f galite derinti ir ne\u0161ioti su bet kokiu kitu auksiniu papuo\u0161alu. ARES Juvelyrika el.","og_url":"https:\/\/testinisweb.ares.lt\/de\/im-laden\/weisgoldkette-anker-12\/","og_site_name":"ARES Juvelyrika","article_publisher":"https:\/\/www.facebook.com\/AresJewellery","article_modified_time":"2026-01-25T20:20:53+00:00","og_image":[{"width":1000,"height":973,"url":"https:\/\/testinisweb.ares.lt\/wp-content\/uploads\/2022\/03\/Zinciris-GR012-Nr.1.jpg","type":"image\/jpeg"}],"twitter_card":"summary_large_image","schema":{"@context":"https:\/\/schema.org","@graph":[{"@type":"WebPage","@id":"https:\/\/testinisweb.ares.lt\/parduotuve\/balto-aukso-grandinele-anchor-12\/","url":"https:\/\/testinisweb.ares.lt\/parduotuve\/balto-aukso-grandinele-anchor-12\/","name":"Wei\u00dfgoldkette &quot;Anker&quot;","isPartOf":{"@id":"https:\/\/testinisweb.ares.lt\/#website"},"primaryImageOfPage":{"@id":"https:\/\/testinisweb.ares.lt\/parduotuve\/balto-aukso-grandinele-anchor-12\/#primaryimage"},"image":{"@id":"https:\/\/testinisweb.ares.lt\/parduotuve\/balto-aukso-grandinele-anchor-12\/#primaryimage"},"thumbnailUrl":"https:\/\/testinisweb.ares.lt\/wp-content\/uploads\/2022\/03\/Zinciris-GR012-Nr.1.jpg","datePublished":"2022-03-13T09:32:38+00:00","dateModified":"2026-01-25T20:20:53+00:00","description":"Die Wei\u00dfgoldkette \u201eAnker\u201c ist ein minimalistisches Schmuckst\u00fcck, das Sie mit jedem anderen Goldschmuck kombinieren und tragen k\u00f6nnen. ARES Schmuck Online-Shop","breadcrumb":{"@id":"https:\/\/testinisweb.ares.lt\/parduotuve\/balto-aukso-grandinele-anchor-12\/#breadcrumb"},"inLanguage":"de","potentialAction":[{"@type":"ReadAction","target":["https:\/\/testinisweb.ares.lt\/parduotuve\/balto-aukso-grandinele-anchor-12\/"]}]},{"@type":"ImageObject","inLanguage":"de","@id":"https:\/\/testinisweb.ares.lt\/parduotuve\/balto-aukso-grandinele-anchor-12\/#primaryimage","url":"https:\/\/testinisweb.ares.lt\/wp-content\/uploads\/2022\/03\/Zinciris-GR012-Nr.1.jpg","contentUrl":"https:\/\/testinisweb.ares.lt\/wp-content\/uploads\/2022\/03\/Zinciris-GR012-Nr.1.jpg","width":1000,"height":973,"caption":"Balto aukso grandin\u0117l\u0117 \"Anchor\""},{"@type":"BreadcrumbList","@id":"https:\/\/testinisweb.ares.lt\/parduotuve\/balto-aukso-grandinele-anchor-12\/#breadcrumb","itemListElement":[{"@type":"ListItem","position":1,"name":"Auksiniai papuo\u0161alai","item":"https:\/\/testinisweb.ares.lt\/"},{"@type":"ListItem","position":2,"name":"Parduotuv\u0117","item":"https:\/\/testinisweb.ares.lt\/parduotuve\/"},{"@type":"ListItem","position":3,"name":"Balto aukso grandin\u0117l\u0117 &#8220;Anchor&#8221;"}]},{"@type":"WebSite","@id":"https:\/\/testinisweb.ares.lt\/#website","url":"https:\/\/testinisweb.ares.lt\/","name":"ARES Schmuck","description":"Goldschmuck","publisher":{"@id":"https:\/\/testinisweb.ares.lt\/#organization"},"potentialAction":[{"@type":"SearchAction","target":{"@type":"EntryPoint","urlTemplate":"https:\/\/testinisweb.ares.lt\/?s={search_term_string}"},"query-input":{"@type":"PropertyValueSpecification","valueRequired":true,"valueName":"search_term_string"}}],"inLanguage":"de"},{"@type":"Organization","@id":"https:\/\/testinisweb.ares.lt\/#organization","name":"Ares Jewelry Goldschmuck","url":"https:\/\/testinisweb.ares.lt\/","logo":{"@type":"ImageObject","inLanguage":"de","@id":"https:\/\/testinisweb.ares.lt\/#\/schema\/logo\/image\/","url":"https:\/\/i0.wp.com\/testinisweb.ares.lt\/wp-content\/uploads\/2022\/03\/ares-text-logo-1.png?fit=417%2C122&ssl=1","contentUrl":"https:\/\/i0.wp.com\/testinisweb.ares.lt\/wp-content\/uploads\/2022\/03\/ares-text-logo-1.png?fit=417%2C122&ssl=1","width":417,"height":122,"caption":"Ares Juvelyrika auksiniai papuosalai"},"image":{"@id":"https:\/\/testinisweb.ares.lt\/#\/schema\/logo\/image\/"},"sameAs":["https:\/\/www.facebook.com\/AresJewellery","https:\/\/www.instagram.com\/ares_juvelyrika\/"]}]}},"_links":{"self":[{"href":"https:\/\/testinisweb.ares.lt\/de\/wp-json\/wp\/v2\/product\/3626","targetHints":{"allow":["GET"]}}],"collection":[{"href":"https:\/\/testinisweb.ares.lt\/de\/wp-json\/wp\/v2\/product"}],"about":[{"href":"https:\/\/testinisweb.ares.lt\/de\/wp-json\/wp\/v2\/types\/product"}],"replies":[{"embeddable":true,"href":"https:\/\/testinisweb.ares.lt\/de\/wp-json\/wp\/v2\/comments?post=3626"}],"wp:featuredmedia":[{"embeddable":true,"href":"https:\/\/testinisweb.ares.lt\/de\/wp-json\/wp\/v2\/media\/3705"}],"wp:attachment":[{"href":"https:\/\/testinisweb.ares.lt\/de\/wp-json\/wp\/v2\/media?parent=3626"}],"wp:term":[{"taxonomy":"product_brand","embeddable":true,"href":"https:\/\/testinisweb.ares.lt\/de\/wp-json\/wp\/v2\/product_brand?post=3626"},{"taxonomy":"product_cat","embeddable":true,"href":"https:\/\/testinisweb.ares.lt\/de\/wp-json\/wp\/v2\/product_cat?post=3626"},{"taxonomy":"product_tag","embeddable":true,"href":"https:\/\/testinisweb.ares.lt\/de\/wp-json\/wp\/v2\/product_tag?post=3626"}],"curies":[{"name":"wp","href":"https:\/\/api.w.org\/{rel}","templated":true}]}}