{"id":5283,"date":"2022-03-15T22:45:52","date_gmt":"2022-03-15T20:45:52","guid":{"rendered":"http:\/\/ares2.store\/?post_type=product&#038;p=5283"},"modified":"2026-03-16T13:13:44","modified_gmt":"2026-03-16T11:13:44","slug":"onyx-ohrringe","status":"publish","type":"product","link":"https:\/\/testinisweb.ares.lt\/de\/parduotuve\/auskarai-oniksas\/","title":{"rendered":"Goldohrringe \u201eSchwarzer Klee\u201c"},"content":{"rendered":"<h2>Goldene Ohrringe \u201eSchwarzer Klee\u201c<\/h2>\n<p>Diese eleganten Kleeblatt-f\u00f6rmigen <strong>goldene Ohrringe f\u00fcr Frauen<\/strong> bestehen aus echtem 585er Gold und nat\u00fcrlichem Onyx. Diese Goldohrringe bestechen durch ihr filigranes Design und ihren Luxus, w\u00e4hrend der schwarze Onyx ihnen Exklusivit\u00e4t und Raffinesse verleiht. Die Ohrringe haben einen bequemen Hakenverschluss, der f\u00fcr einen festen Halt sorgt und sich perfekt f\u00fcr den Alltag oder besondere Anl\u00e4sse eignet.<\/p>\n<p>&nbsp;<\/p>\n<p>Sie k\u00f6nnen diese Ohrringe auch kombinieren mit:<\/p>\n<p><a href=\"https:\/\/testinisweb.ares.lt\/de\/im-laden\/kette-mit-onyx-anhanger\/\" target=\"_blank\" rel=\"noopener\">Goldkette mit Anh\u00e4nger \u201eSchwarzer Klee\u201c<\/a><\/p>\n<p><a href=\"https:\/\/testinisweb.ares.lt\/de\/im-laden\/kette-mit-onyx-anhanger\/\"><img fetchpriority=\"high\" decoding=\"async\" class=\"alignnone wp-image-15567 size-full\" src=\"https:\/\/testinisweb.ares.lt\/wp-content\/uploads\/2022\/08\/Untitled-design-53.png\" alt=\"Goldkette mit Anh\u00e4nger &quot;Schwarzer Klee&quot;\" width=\"500\" height=\"500\" srcset=\"https:\/\/testinisweb.ares.lt\/wp-content\/uploads\/2022\/08\/Untitled-design-53.png 500w, https:\/\/testinisweb.ares.lt\/wp-content\/uploads\/2022\/08\/Untitled-design-53-300x300.png 300w, https:\/\/testinisweb.ares.lt\/wp-content\/uploads\/2022\/08\/Untitled-design-53-100x100.png 100w, https:\/\/testinisweb.ares.lt\/wp-content\/uploads\/2022\/08\/Untitled-design-53-200x200.png 200w, https:\/\/testinisweb.ares.lt\/wp-content\/uploads\/2022\/08\/Untitled-design-53-145x145.png 145w, https:\/\/testinisweb.ares.lt\/wp-content\/uploads\/2022\/08\/Untitled-design-53-50x50.png 50w\" sizes=\"(max-width: 500px) 100vw, 500px\" \/><\/a><\/p>\n<p><a href=\"https:\/\/testinisweb.ares.lt\/de\/im-laden\/onyx-armband\/\" target=\"_blank\" rel=\"noopener\">Goldarmband &quot;Schwarzer Klee&quot;<\/a><\/p>\n<p><a href=\"https:\/\/testinisweb.ares.lt\/de\/im-laden\/onyx-armband\/\"><img decoding=\"async\" class=\"alignnone wp-image-15568 size-full\" src=\"https:\/\/testinisweb.ares.lt\/wp-content\/uploads\/2022\/08\/Untitled-design-54.png\" alt=\"Goldarmband &quot;Schwarzer Klee&quot;\" width=\"500\" height=\"500\" srcset=\"https:\/\/testinisweb.ares.lt\/wp-content\/uploads\/2022\/08\/Untitled-design-54.png 500w, https:\/\/testinisweb.ares.lt\/wp-content\/uploads\/2022\/08\/Untitled-design-54-300x300.png 300w, https:\/\/testinisweb.ares.lt\/wp-content\/uploads\/2022\/08\/Untitled-design-54-100x100.png 100w, https:\/\/testinisweb.ares.lt\/wp-content\/uploads\/2022\/08\/Untitled-design-54-200x200.png 200w, https:\/\/testinisweb.ares.lt\/wp-content\/uploads\/2022\/08\/Untitled-design-54-145x145.png 145w, https:\/\/testinisweb.ares.lt\/wp-content\/uploads\/2022\/08\/Untitled-design-54-50x50.png 50w\" sizes=\"(max-width: 500px) 100vw, 500px\" \/><\/a><\/p>\n<p><a href=\"https:\/\/testinisweb.ares.lt\/de\/im-laden\/onyx-paradies-armband\/\" target=\"_blank\" rel=\"noopener\">Goldarmband \u201e3 schwarze Kleebl\u00e4tter\u201c<\/a><\/p>\n<p><a href=\"https:\/\/testinisweb.ares.lt\/de\/im-laden\/onyx-paradies-armband\/\"><img decoding=\"async\" class=\"alignnone wp-image-15569 size-full\" src=\"https:\/\/testinisweb.ares.lt\/wp-content\/uploads\/2022\/08\/Untitled-design-55.png\" alt=\"Goldarmband \u201e3 schwarze Kleebl\u00e4tter\u201c\" width=\"500\" height=\"500\" srcset=\"https:\/\/testinisweb.ares.lt\/wp-content\/uploads\/2022\/08\/Untitled-design-55.png 500w, https:\/\/testinisweb.ares.lt\/wp-content\/uploads\/2022\/08\/Untitled-design-55-300x300.png 300w, https:\/\/testinisweb.ares.lt\/wp-content\/uploads\/2022\/08\/Untitled-design-55-100x100.png 100w, https:\/\/testinisweb.ares.lt\/wp-content\/uploads\/2022\/08\/Untitled-design-55-200x200.png 200w, https:\/\/testinisweb.ares.lt\/wp-content\/uploads\/2022\/08\/Untitled-design-55-145x145.png 145w, https:\/\/testinisweb.ares.lt\/wp-content\/uploads\/2022\/08\/Untitled-design-55-50x50.png 50w\" sizes=\"(max-width: 500px) 100vw, 500px\" \/><\/a><\/p>\n<p><a href=\"https:\/\/testinisweb.ares.lt\/de\/im-laden\/goldarmband-5-onyxe\/\" target=\"_blank\" rel=\"noopener\">Goldarmband \u201e5 schwarze Kleebl\u00e4tter\u201c<\/a><\/p>\n<p><a href=\"https:\/\/testinisweb.ares.lt\/de\/im-laden\/goldarmband-5-onyxe\/\" rel=\"https:\/\/testinisweb.ares.lt\/parduotuve\/auksine-apyranke-5-oniksai\/\"><img loading=\"lazy\" decoding=\"async\" class=\"alignnone wp-image-15570 size-full\" src=\"https:\/\/testinisweb.ares.lt\/wp-content\/uploads\/2022\/08\/Untitled-design-56.png\" alt=\"https:\/\/testinisweb.ares.lt\/parduotuve\/auksine-apyranke-5-oniksai\/\" width=\"500\" height=\"500\" srcset=\"https:\/\/testinisweb.ares.lt\/wp-content\/uploads\/2022\/08\/Untitled-design-56.png 500w, https:\/\/testinisweb.ares.lt\/wp-content\/uploads\/2022\/08\/Untitled-design-56-300x300.png 300w, https:\/\/testinisweb.ares.lt\/wp-content\/uploads\/2022\/08\/Untitled-design-56-100x100.png 100w, https:\/\/testinisweb.ares.lt\/wp-content\/uploads\/2022\/08\/Untitled-design-56-200x200.png 200w, https:\/\/testinisweb.ares.lt\/wp-content\/uploads\/2022\/08\/Untitled-design-56-145x145.png 145w, https:\/\/testinisweb.ares.lt\/wp-content\/uploads\/2022\/08\/Untitled-design-56-50x50.png 50w\" sizes=\"(max-width: 500px) 100vw, 500px\" \/><\/a><\/p>\n<p><a href=\"https:\/\/testinisweb.ares.lt\/de\/im-laden\/onyx-fadenarmband\/\" target=\"_blank\" rel=\"noopener\">Armband &quot;Schwarzklee&quot;<\/a><\/p>\n<p><a href=\"https:\/\/testinisweb.ares.lt\/de\/im-laden\/onyx-fadenarmband\/\"><img loading=\"lazy\" decoding=\"async\" class=\"alignnone wp-image-15571 size-full\" src=\"https:\/\/testinisweb.ares.lt\/wp-content\/uploads\/2022\/08\/Untitled-design-57.png\" alt=\"Armband &quot;Schwarzklee&quot;\" width=\"500\" height=\"500\" srcset=\"https:\/\/testinisweb.ares.lt\/wp-content\/uploads\/2022\/08\/Untitled-design-57.png 500w, https:\/\/testinisweb.ares.lt\/wp-content\/uploads\/2022\/08\/Untitled-design-57-300x300.png 300w, https:\/\/testinisweb.ares.lt\/wp-content\/uploads\/2022\/08\/Untitled-design-57-100x100.png 100w, https:\/\/testinisweb.ares.lt\/wp-content\/uploads\/2022\/08\/Untitled-design-57-200x200.png 200w, https:\/\/testinisweb.ares.lt\/wp-content\/uploads\/2022\/08\/Untitled-design-57-145x145.png 145w, https:\/\/testinisweb.ares.lt\/wp-content\/uploads\/2022\/08\/Untitled-design-57-50x50.png 50w\" sizes=\"(max-width: 500px) 100vw, 500px\" \/><\/a><\/p>\n<h3>Was ist das Besondere an den Goldohrringen \u201eDobilas\u201c?<\/h3>\n<p>Man sagt, dass jedes Kleeblatt eine besondere Bedeutung hat: das erste \u2013 Glaube, das zweite \u2013 Hoffnung, das dritte \u2013 Liebe und das vierte \u2013 Gl\u00fcck. Daher gelten vierbl\u00e4ttrige Kleebl\u00e4tter als besondere und seltene Wunder der Natur.<\/p>\n<p>Ein vierbl\u00e4ttriges Kleeblatt oder Goldschmuck in seiner Form kann ein tolles Geschenk sein, das gro\u00dfes Gl\u00fcck bringt. Die Symbolik eines solchen Geschenks ist besonders, weshalb Schmuck in Kleeblattform, wie zum Beispiel goldene Ohrringe, besonders beliebt ist. Sie sind nicht nur sch\u00f6n, sondern haben auch eine tiefe Bedeutung, die ihrem Besitzer Gl\u00fcck bringt.<\/p>\n<p>Goldene Kleeblatt-Ohrringe vereinen Sch\u00f6nheit und Symbolik auf wunderbare Weise. Diese Schmuckst\u00fccke unterstreichen nicht nur Ihren Stil, sondern bieten auch einen guten Gespr\u00e4chsauftakt und erinnern Sie an die Bedeutung von Gl\u00fcck und Hoffnung im Leben.<\/p>\n<p>Mit goldenen Kleeblatt-Ohrringen entscheiden Sie sich nicht nur f\u00fcr Eleganz, sondern auch f\u00fcr ein bedeutungsvolles Symbol. Vergessen Sie nicht, dass das vierbl\u00e4ttrige Kleeblatt und seine Symbolik Ihre Schmucksammlung aufwerten k\u00f6nnen.<\/p>","protected":false},"excerpt":{"rendered":"<p>Auksiniai auskarai \u201eJuodas dobilas\u201d \u0160ie eleganti\u0161ki dobilo formos auksiniai auskarai moterims yra pagaminti i\u0161 tikro 585 prabos aukso ir nat\u016bralaus onikso akmens.&hellip;<\/p>","protected":false},"featured_media":14225,"comment_status":"open","ping_status":"closed","template":"","meta":[],"product_brand":[],"product_cat":[278,926,934,782,357,404,930,738],"product_tag":[],"class_list":{"0":"post-5283","1":"product","2":"type-product","3":"status-publish","4":"has-post-thumbnail","6":"product_cat-auskarai","7":"product_cat-auksiniai-auskarai-dobilas","8":"product_cat-auksiniai-auskarai-iki-250-eur","9":"product_cat-auskarai-vinukai","10":"product_cat-kolekcija-dobilas","11":"product_cat-nuolaidos","12":"product_cat-raudono-aukso-auskarai","13":"product_cat-sekmes-dobilai","14":"tm-no-options","16":"first","17":"instock","18":"sale","19":"featured","20":"shipping-taxable","21":"purchasable","22":"product-type-variable","23":"has-default-attributes"},"yoast_head":"<!-- This site is optimized with the Yoast SEO plugin v27.3 - https:\/\/yoast.com\/product\/yoast-seo-wordpress\/ -->\n<title>Auksiniai Auskarai &quot;Juodas dobilas&quot;<\/title>\n<meta name=\"description\" content=\"Auksiniai auskarai \u201eJuodas dobilas\u201d \u0160ie eleganti\u0161ki dobilo formos auksiniai auskarai moterims yra pagaminti i\u0161 tikro 585 prabos aukso ir nat\u016bralaus onikso\" \/>\n<meta name=\"robots\" content=\"index, follow, max-snippet:-1, max-image-preview:large, max-video-preview:-1\" \/>\n<link rel=\"canonical\" href=\"https:\/\/testinisweb.ares.lt\/de\/im-laden\/onyx-ohrringe\/\" \/>\n<meta property=\"og:locale\" content=\"de_DE\" \/>\n<meta property=\"og:type\" content=\"article\" \/>\n<meta property=\"og:title\" content=\"Auksiniai Auskarai &quot;Juodas dobilas&quot;\" \/>\n<meta property=\"og:description\" content=\"Auksiniai auskarai \u201eJuodas dobilas\u201d \u0160ie eleganti\u0161ki dobilo formos auksiniai auskarai moterims yra pagaminti i\u0161 tikro 585 prabos aukso ir nat\u016bralaus onikso\" \/>\n<meta property=\"og:url\" content=\"https:\/\/testinisweb.ares.lt\/de\/im-laden\/onyx-ohrringe\/\" \/>\n<meta property=\"og:site_name\" content=\"ARES Juvelyrika\" \/>\n<meta property=\"article:publisher\" content=\"https:\/\/www.facebook.com\/AresJewellery\" \/>\n<meta property=\"article:modified_time\" content=\"2026-03-16T11:13:44+00:00\" \/>\n<meta property=\"og:image\" content=\"https:\/\/testinisweb.ares.lt\/wp-content\/uploads\/2022\/03\/IMG_3464-1.jpg\" \/>\n\t<meta property=\"og:image:width\" content=\"3000\" \/>\n\t<meta property=\"og:image:height\" content=\"3000\" \/>\n\t<meta property=\"og:image:type\" content=\"image\/jpeg\" \/>\n<meta name=\"twitter:card\" content=\"summary_large_image\" \/>\n<meta name=\"twitter:label1\" content=\"Gesch\u00e4tzte Lesezeit\" \/>\n\t<meta name=\"twitter:data1\" content=\"1\u00a0Minute\" \/>\n<script type=\"application\/ld+json\" class=\"yoast-schema-graph\">{\"@context\":\"https:\\\/\\\/schema.org\",\"@graph\":[{\"@type\":\"WebPage\",\"@id\":\"https:\\\/\\\/testinisweb.ares.lt\\\/parduotuve\\\/auskarai-oniksas\\\/\",\"url\":\"https:\\\/\\\/testinisweb.ares.lt\\\/parduotuve\\\/auskarai-oniksas\\\/\",\"name\":\"Auksiniai Auskarai \\\"Juodas dobilas\\\"\",\"isPartOf\":{\"@id\":\"https:\\\/\\\/testinisweb.ares.lt\\\/#website\"},\"primaryImageOfPage\":{\"@id\":\"https:\\\/\\\/testinisweb.ares.lt\\\/parduotuve\\\/auskarai-oniksas\\\/#primaryimage\"},\"image\":{\"@id\":\"https:\\\/\\\/testinisweb.ares.lt\\\/parduotuve\\\/auskarai-oniksas\\\/#primaryimage\"},\"thumbnailUrl\":\"https:\\\/\\\/testinisweb.ares.lt\\\/wp-content\\\/uploads\\\/2022\\\/03\\\/IMG_3464-1.jpg\",\"datePublished\":\"2022-03-15T20:45:52+00:00\",\"dateModified\":\"2026-03-16T11:13:44+00:00\",\"description\":\"Auksiniai auskarai \u201eJuodas dobilas\u201d \u0160ie eleganti\u0161ki dobilo formos auksiniai auskarai moterims yra pagaminti i\u0161 tikro 585 prabos aukso ir nat\u016bralaus onikso\",\"breadcrumb\":{\"@id\":\"https:\\\/\\\/testinisweb.ares.lt\\\/parduotuve\\\/auskarai-oniksas\\\/#breadcrumb\"},\"inLanguage\":\"de\",\"potentialAction\":[{\"@type\":\"ReadAction\",\"target\":[\"https:\\\/\\\/testinisweb.ares.lt\\\/parduotuve\\\/auskarai-oniksas\\\/\"]}]},{\"@type\":\"ImageObject\",\"inLanguage\":\"de\",\"@id\":\"https:\\\/\\\/testinisweb.ares.lt\\\/parduotuve\\\/auskarai-oniksas\\\/#primaryimage\",\"url\":\"https:\\\/\\\/testinisweb.ares.lt\\\/wp-content\\\/uploads\\\/2022\\\/03\\\/IMG_3464-1.jpg\",\"contentUrl\":\"https:\\\/\\\/testinisweb.ares.lt\\\/wp-content\\\/uploads\\\/2022\\\/03\\\/IMG_3464-1.jpg\",\"width\":3000,\"height\":3000,\"caption\":\"Auksiniai auskarai dobilas\"},{\"@type\":\"BreadcrumbList\",\"@id\":\"https:\\\/\\\/testinisweb.ares.lt\\\/parduotuve\\\/auskarai-oniksas\\\/#breadcrumb\",\"itemListElement\":[{\"@type\":\"ListItem\",\"position\":1,\"name\":\"Auksiniai papuo\u0161alai\",\"item\":\"https:\\\/\\\/testinisweb.ares.lt\\\/\"},{\"@type\":\"ListItem\",\"position\":2,\"name\":\"Parduotuv\u0117\",\"item\":\"https:\\\/\\\/testinisweb.ares.lt\\\/parduotuve\\\/\"},{\"@type\":\"ListItem\",\"position\":3,\"name\":\"Auksiniai Auskarai &#8222;Juodas dobilas&#8221;\"}]},{\"@type\":\"WebSite\",\"@id\":\"https:\\\/\\\/testinisweb.ares.lt\\\/#website\",\"url\":\"https:\\\/\\\/testinisweb.ares.lt\\\/\",\"name\":\"ARES Juvelyrika\",\"description\":\"Auksiniai papuo\u0161alai\",\"publisher\":{\"@id\":\"https:\\\/\\\/testinisweb.ares.lt\\\/#organization\"},\"potentialAction\":[{\"@type\":\"SearchAction\",\"target\":{\"@type\":\"EntryPoint\",\"urlTemplate\":\"https:\\\/\\\/testinisweb.ares.lt\\\/?s={search_term_string}\"},\"query-input\":{\"@type\":\"PropertyValueSpecification\",\"valueRequired\":true,\"valueName\":\"search_term_string\"}}],\"inLanguage\":\"de\"},{\"@type\":\"Organization\",\"@id\":\"https:\\\/\\\/testinisweb.ares.lt\\\/#organization\",\"name\":\"Ares Juvelyrika auksiniai papuosalai\",\"url\":\"https:\\\/\\\/testinisweb.ares.lt\\\/\",\"logo\":{\"@type\":\"ImageObject\",\"inLanguage\":\"de\",\"@id\":\"https:\\\/\\\/testinisweb.ares.lt\\\/#\\\/schema\\\/logo\\\/image\\\/\",\"url\":\"https:\\\/\\\/i0.wp.com\\\/testinisweb.ares.lt\\\/wp-content\\\/uploads\\\/2022\\\/03\\\/ares-text-logo-1.png?fit=417%2C122&ssl=1\",\"contentUrl\":\"https:\\\/\\\/i0.wp.com\\\/testinisweb.ares.lt\\\/wp-content\\\/uploads\\\/2022\\\/03\\\/ares-text-logo-1.png?fit=417%2C122&ssl=1\",\"width\":417,\"height\":122,\"caption\":\"Ares Juvelyrika auksiniai papuosalai\"},\"image\":{\"@id\":\"https:\\\/\\\/testinisweb.ares.lt\\\/#\\\/schema\\\/logo\\\/image\\\/\"},\"sameAs\":[\"https:\\\/\\\/www.facebook.com\\\/AresJewellery\",\"https:\\\/\\\/www.instagram.com\\\/ares_juvelyrika\\\/\"]}]}<\/script>\n<!-- \/ Yoast SEO plugin. -->","yoast_head_json":{"title":"Goldohrringe \u201eSchwarzer Klee\u201c","description":"Goldohrringe &quot;Schwarzer Klee&quot; Diese eleganten kleef\u00f6rmigen Goldohrringe f\u00fcr Damen bestehen aus echtem 585er Gold und nat\u00fcrlichem Onyx","robots":{"index":"index","follow":"follow","max-snippet":"max-snippet:-1","max-image-preview":"max-image-preview:large","max-video-preview":"max-video-preview:-1"},"canonical":"https:\/\/testinisweb.ares.lt\/de\/im-laden\/onyx-ohrringe\/","og_locale":"de_DE","og_type":"article","og_title":"Auksiniai Auskarai \"Juodas dobilas\"","og_description":"Auksiniai auskarai \u201eJuodas dobilas\u201d \u0160ie eleganti\u0161ki dobilo formos auksiniai auskarai moterims yra pagaminti i\u0161 tikro 585 prabos aukso ir nat\u016bralaus onikso","og_url":"https:\/\/testinisweb.ares.lt\/de\/im-laden\/onyx-ohrringe\/","og_site_name":"ARES Juvelyrika","article_publisher":"https:\/\/www.facebook.com\/AresJewellery","article_modified_time":"2026-03-16T11:13:44+00:00","og_image":[{"width":3000,"height":3000,"url":"https:\/\/testinisweb.ares.lt\/wp-content\/uploads\/2022\/03\/IMG_3464-1.jpg","type":"image\/jpeg"}],"twitter_card":"summary_large_image","twitter_misc":{"Gesch\u00e4tzte Lesezeit":"1\u00a0Minute"},"schema":{"@context":"https:\/\/schema.org","@graph":[{"@type":"WebPage","@id":"https:\/\/testinisweb.ares.lt\/parduotuve\/auskarai-oniksas\/","url":"https:\/\/testinisweb.ares.lt\/parduotuve\/auskarai-oniksas\/","name":"Goldohrringe \u201eSchwarzer Klee\u201c","isPartOf":{"@id":"https:\/\/testinisweb.ares.lt\/#website"},"primaryImageOfPage":{"@id":"https:\/\/testinisweb.ares.lt\/parduotuve\/auskarai-oniksas\/#primaryimage"},"image":{"@id":"https:\/\/testinisweb.ares.lt\/parduotuve\/auskarai-oniksas\/#primaryimage"},"thumbnailUrl":"https:\/\/testinisweb.ares.lt\/wp-content\/uploads\/2022\/03\/IMG_3464-1.jpg","datePublished":"2022-03-15T20:45:52+00:00","dateModified":"2026-03-16T11:13:44+00:00","description":"Goldohrringe &quot;Schwarzer Klee&quot; Diese eleganten kleef\u00f6rmigen Goldohrringe f\u00fcr Damen bestehen aus echtem 585er Gold und nat\u00fcrlichem Onyx","breadcrumb":{"@id":"https:\/\/testinisweb.ares.lt\/parduotuve\/auskarai-oniksas\/#breadcrumb"},"inLanguage":"de","potentialAction":[{"@type":"ReadAction","target":["https:\/\/testinisweb.ares.lt\/parduotuve\/auskarai-oniksas\/"]}]},{"@type":"ImageObject","inLanguage":"de","@id":"https:\/\/testinisweb.ares.lt\/parduotuve\/auskarai-oniksas\/#primaryimage","url":"https:\/\/testinisweb.ares.lt\/wp-content\/uploads\/2022\/03\/IMG_3464-1.jpg","contentUrl":"https:\/\/testinisweb.ares.lt\/wp-content\/uploads\/2022\/03\/IMG_3464-1.jpg","width":3000,"height":3000,"caption":"Auksiniai auskarai dobilas"},{"@type":"BreadcrumbList","@id":"https:\/\/testinisweb.ares.lt\/parduotuve\/auskarai-oniksas\/#breadcrumb","itemListElement":[{"@type":"ListItem","position":1,"name":"Auksiniai papuo\u0161alai","item":"https:\/\/testinisweb.ares.lt\/"},{"@type":"ListItem","position":2,"name":"Parduotuv\u0117","item":"https:\/\/testinisweb.ares.lt\/parduotuve\/"},{"@type":"ListItem","position":3,"name":"Auksiniai Auskarai &#8222;Juodas dobilas&#8221;"}]},{"@type":"WebSite","@id":"https:\/\/testinisweb.ares.lt\/#website","url":"https:\/\/testinisweb.ares.lt\/","name":"ARES Schmuck","description":"Goldschmuck","publisher":{"@id":"https:\/\/testinisweb.ares.lt\/#organization"},"potentialAction":[{"@type":"SearchAction","target":{"@type":"EntryPoint","urlTemplate":"https:\/\/testinisweb.ares.lt\/?s={search_term_string}"},"query-input":{"@type":"PropertyValueSpecification","valueRequired":true,"valueName":"search_term_string"}}],"inLanguage":"de"},{"@type":"Organization","@id":"https:\/\/testinisweb.ares.lt\/#organization","name":"Ares Jewelry Goldschmuck","url":"https:\/\/testinisweb.ares.lt\/","logo":{"@type":"ImageObject","inLanguage":"de","@id":"https:\/\/testinisweb.ares.lt\/#\/schema\/logo\/image\/","url":"https:\/\/i0.wp.com\/testinisweb.ares.lt\/wp-content\/uploads\/2022\/03\/ares-text-logo-1.png?fit=417%2C122&ssl=1","contentUrl":"https:\/\/i0.wp.com\/testinisweb.ares.lt\/wp-content\/uploads\/2022\/03\/ares-text-logo-1.png?fit=417%2C122&ssl=1","width":417,"height":122,"caption":"Ares Juvelyrika auksiniai papuosalai"},"image":{"@id":"https:\/\/testinisweb.ares.lt\/#\/schema\/logo\/image\/"},"sameAs":["https:\/\/www.facebook.com\/AresJewellery","https:\/\/www.instagram.com\/ares_juvelyrika\/"]}]}},"_links":{"self":[{"href":"https:\/\/testinisweb.ares.lt\/de\/wp-json\/wp\/v2\/product\/5283","targetHints":{"allow":["GET"]}}],"collection":[{"href":"https:\/\/testinisweb.ares.lt\/de\/wp-json\/wp\/v2\/product"}],"about":[{"href":"https:\/\/testinisweb.ares.lt\/de\/wp-json\/wp\/v2\/types\/product"}],"replies":[{"embeddable":true,"href":"https:\/\/testinisweb.ares.lt\/de\/wp-json\/wp\/v2\/comments?post=5283"}],"wp:featuredmedia":[{"embeddable":true,"href":"https:\/\/testinisweb.ares.lt\/de\/wp-json\/wp\/v2\/media\/14225"}],"wp:attachment":[{"href":"https:\/\/testinisweb.ares.lt\/de\/wp-json\/wp\/v2\/media?parent=5283"}],"wp:term":[{"taxonomy":"product_brand","embeddable":true,"href":"https:\/\/testinisweb.ares.lt\/de\/wp-json\/wp\/v2\/product_brand?post=5283"},{"taxonomy":"product_cat","embeddable":true,"href":"https:\/\/testinisweb.ares.lt\/de\/wp-json\/wp\/v2\/product_cat?post=5283"},{"taxonomy":"product_tag","embeddable":true,"href":"https:\/\/testinisweb.ares.lt\/de\/wp-json\/wp\/v2\/product_tag?post=5283"}],"curies":[{"name":"wp","href":"https:\/\/api.w.org\/{rel}","templated":true}]}}