{"id":16172,"date":"2024-08-16T15:42:27","date_gmt":"2024-08-16T13:42:27","guid":{"rendered":"https:\/\/testinisweb.ares.lt\/?post_type=product&#038;p=16172"},"modified":"2026-01-25T22:02:49","modified_gmt":"2026-01-25T20:02:49","slug":"kett-ripatsiga-tahega-lariat-y","status":"publish","type":"product","link":"https:\/\/testinisweb.ares.lt\/et\/parduotuve\/grandinele-su-pakabuku-raide-lariat-y\/","title":{"rendered":"Kullakett ripatsiga &quot;Lariat Y&quot;"},"content":{"rendered":"<h2>Kullakett ripatsiga &quot;Lariat Y&quot;<\/h2>\n<p>&nbsp;<\/p>\n<p>See on elegantne ja moodne ehe ainulaadse disainiga, mis sobib ideaalselt nii igap\u00e4evaseks kandmiseks kui ka erilisteks s\u00fcndmusteks. See stiilne kaelakee on valmistatud ehtsast 585 kullast, mis tagab vastupidavuse ja elegantsi.<\/p>\n<p><strong>Lariat Y disain:<\/strong> Lariat Y-keti disain paistab silma oma ainulaadsuse poolest \u2013 see on pikem kett minimalistliku Y-kujulise ripatsiga, mis langeb peenelt rinnale. See kuju mitte ainult ei anna erilist v\u00e4limust, vaid r\u00f5hutab ka elegantsi ja graatsia. Y-kujulisel disainil on ka s\u00fcmboolne t\u00e4hendus \u2013 see seostub tasakaalu, harmoonia ja peensusega.<\/p>\n<p><strong>Ainulaadsus ja stiil:<\/strong> Lassoorne kaelakee on \u00fcks mitmek\u00fclgsemaid ehteid, mis sobib ideaalselt dekoltee r\u00f5hutamiseks ja riietusele modernse h\u00f5ngu lisamiseks. See sobib nii vabaaja kui ka piduliku riietusega. Selle pikkust saab reguleerida vastavalt igale dekolteele v\u00f5i riietusele.<\/p>\n<p><strong>Hooldus ja kvaliteet:<\/strong> Kett on valmistatud puhtast kullast, mis tagab selle tugevuse ja kauakestva l\u00e4ike. Ehte ilu s\u00e4ilitamiseks on soovitatav seda regulaarselt pehme lapiga puhastada ja v\u00e4ltida kokkupuudet kemikaalidega.<\/p>\n<p><strong>S\u00fcmboolika ja kasutamine:<\/strong> Lariat Y-stiilis ketid on populaarne valik naiste seas, kes hindavad minimalistlikku ja peent stiili. Y-kujulisel disainil on s\u00fcmboolne t\u00e4hendus, mis on seotud eluvalikute ja isikliku arenguga.<\/p>","protected":false},"excerpt":{"rendered":"<p>Auksin\u0117 grandin\u0117l\u0117 su pakabuku &#8222;Lariat Y&#8221; &nbsp; Tai eleganti\u0161kas ir modernus papuo\u0161alas, kurio unikalus dizainas puikiai tinka tiek kasdieniam ne\u0161iojimui, tiek ypatingoms&hellip;<\/p>","protected":false},"featured_media":16173,"comment_status":"open","ping_status":"closed","template":"","meta":[],"product_cat":[102,949,101,432,944,401],"product_tag":[],"class_list":{"0":"post-16172","1":"product","2":"type-product","3":"status-publish","4":"has-post-thumbnail","6":"product_cat-grandineles-su-pakabukais","7":"product_cat-auksines-grandineles-su-pakabukais-iki-500-eur","8":"product_cat-be-akmens","9":"product_cat-nauja","10":"product_cat-raudono-aukso-grandineles-su-pakabukais","11":"product_cat-raudono-aukso-papuosalai","12":"tm-no-options","14":"first","15":"instock","16":"shipping-taxable","17":"purchasable","18":"product-type-simple"},"yoast_head":"<!-- This site is optimized with the Yoast SEO plugin v27.4 - https:\/\/yoast.com\/product\/yoast-seo-wordpress\/ -->\n<title>Auksin\u0117 grandin\u0117l\u0117 su pakabuku &quot;Lariat Y&quot;<\/title>\n<meta name=\"description\" content=\"Auksin\u0117 grandin\u0117l\u0117 su pakabuku &quot;Lariat Y&quot; &nbsp; Tai eleganti\u0161kas ir modernus papuo\u0161alas, kurio unikalus dizainas puikiai tinka tiek kasdieniam\" \/>\n<meta name=\"robots\" content=\"index, follow, max-snippet:-1, max-image-preview:large, max-video-preview:-1\" \/>\n<link rel=\"canonical\" href=\"https:\/\/testinisweb.ares.lt\/et\/poes\/kett-ripatsiga-tahega-lariat-y\/\" \/>\n<meta property=\"og:locale\" content=\"et_EE\" \/>\n<meta property=\"og:type\" content=\"article\" \/>\n<meta property=\"og:title\" content=\"Auksin\u0117 grandin\u0117l\u0117 su pakabuku &quot;Lariat Y&quot;\" \/>\n<meta property=\"og:description\" content=\"Auksin\u0117 grandin\u0117l\u0117 su pakabuku &quot;Lariat Y&quot; &nbsp; Tai eleganti\u0161kas ir modernus papuo\u0161alas, kurio unikalus dizainas puikiai tinka tiek kasdieniam\" \/>\n<meta property=\"og:url\" content=\"https:\/\/testinisweb.ares.lt\/et\/poes\/kett-ripatsiga-tahega-lariat-y\/\" \/>\n<meta property=\"og:site_name\" content=\"ARES Juvelyrika\" \/>\n<meta property=\"article:publisher\" content=\"https:\/\/www.facebook.com\/AresJewellery\" \/>\n<meta property=\"article:modified_time\" content=\"2026-01-25T20:02:49+00:00\" \/>\n<meta property=\"og:image\" content=\"https:\/\/testinisweb.ares.lt\/wp-content\/uploads\/2024\/08\/IMG_4478-1.jpg\" \/>\n\t<meta property=\"og:image:width\" content=\"3000\" \/>\n\t<meta property=\"og:image:height\" content=\"3000\" \/>\n\t<meta property=\"og:image:type\" content=\"image\/jpeg\" \/>\n<meta name=\"twitter:card\" content=\"summary_large_image\" \/>\n<meta name=\"twitter:label1\" content=\"Est. reading time\" \/>\n\t<meta name=\"twitter:data1\" content=\"1 minut\" \/>\n<script type=\"application\/ld+json\" class=\"yoast-schema-graph\">{\"@context\":\"https:\\\/\\\/schema.org\",\"@graph\":[{\"@type\":\"WebPage\",\"@id\":\"https:\\\/\\\/testinisweb.ares.lt\\\/parduotuve\\\/grandinele-su-pakabuku-raide-lariat-y\\\/\",\"url\":\"https:\\\/\\\/testinisweb.ares.lt\\\/parduotuve\\\/grandinele-su-pakabuku-raide-lariat-y\\\/\",\"name\":\"Auksin\u0117 grandin\u0117l\u0117 su pakabuku \\\"Lariat Y\\\"\",\"isPartOf\":{\"@id\":\"https:\\\/\\\/testinisweb.ares.lt\\\/#website\"},\"primaryImageOfPage\":{\"@id\":\"https:\\\/\\\/testinisweb.ares.lt\\\/parduotuve\\\/grandinele-su-pakabuku-raide-lariat-y\\\/#primaryimage\"},\"image\":{\"@id\":\"https:\\\/\\\/testinisweb.ares.lt\\\/parduotuve\\\/grandinele-su-pakabuku-raide-lariat-y\\\/#primaryimage\"},\"thumbnailUrl\":\"https:\\\/\\\/testinisweb.ares.lt\\\/wp-content\\\/uploads\\\/2024\\\/08\\\/IMG_4478-1.jpg\",\"datePublished\":\"2024-08-16T13:42:27+00:00\",\"dateModified\":\"2026-01-25T20:02:49+00:00\",\"description\":\"Auksin\u0117 grandin\u0117l\u0117 su pakabuku \\\"Lariat Y\\\" &nbsp; Tai eleganti\u0161kas ir modernus papuo\u0161alas, kurio unikalus dizainas puikiai tinka tiek kasdieniam\",\"breadcrumb\":{\"@id\":\"https:\\\/\\\/testinisweb.ares.lt\\\/parduotuve\\\/grandinele-su-pakabuku-raide-lariat-y\\\/#breadcrumb\"},\"inLanguage\":\"et\",\"potentialAction\":[{\"@type\":\"ReadAction\",\"target\":[\"https:\\\/\\\/testinisweb.ares.lt\\\/parduotuve\\\/grandinele-su-pakabuku-raide-lariat-y\\\/\"]}]},{\"@type\":\"ImageObject\",\"inLanguage\":\"et\",\"@id\":\"https:\\\/\\\/testinisweb.ares.lt\\\/parduotuve\\\/grandinele-su-pakabuku-raide-lariat-y\\\/#primaryimage\",\"url\":\"https:\\\/\\\/testinisweb.ares.lt\\\/wp-content\\\/uploads\\\/2024\\\/08\\\/IMG_4478-1.jpg\",\"contentUrl\":\"https:\\\/\\\/testinisweb.ares.lt\\\/wp-content\\\/uploads\\\/2024\\\/08\\\/IMG_4478-1.jpg\",\"width\":3000,\"height\":3000,\"caption\":\"Auksin\u0117 grandin\u0117l\u0117 su pakabuku \\\"Lariat Y\\\"\"},{\"@type\":\"BreadcrumbList\",\"@id\":\"https:\\\/\\\/testinisweb.ares.lt\\\/parduotuve\\\/grandinele-su-pakabuku-raide-lariat-y\\\/#breadcrumb\",\"itemListElement\":[{\"@type\":\"ListItem\",\"position\":1,\"name\":\"Auksiniai papuo\u0161alai\",\"item\":\"https:\\\/\\\/testinisweb.ares.lt\\\/\"},{\"@type\":\"ListItem\",\"position\":2,\"name\":\"Parduotuv\u0117\",\"item\":\"https:\\\/\\\/testinisweb.ares.lt\\\/parduotuve\\\/\"},{\"@type\":\"ListItem\",\"position\":3,\"name\":\"Auksin\u0117 grandin\u0117l\u0117 su pakabuku &#8222;Lariat Y&#8221;\"}]},{\"@type\":\"WebSite\",\"@id\":\"https:\\\/\\\/testinisweb.ares.lt\\\/#website\",\"url\":\"https:\\\/\\\/testinisweb.ares.lt\\\/\",\"name\":\"ARES Juvelyrika\",\"description\":\"Auksiniai papuo\u0161alai\",\"publisher\":{\"@id\":\"https:\\\/\\\/testinisweb.ares.lt\\\/#organization\"},\"potentialAction\":[{\"@type\":\"SearchAction\",\"target\":{\"@type\":\"EntryPoint\",\"urlTemplate\":\"https:\\\/\\\/testinisweb.ares.lt\\\/?s={search_term_string}\"},\"query-input\":{\"@type\":\"PropertyValueSpecification\",\"valueRequired\":true,\"valueName\":\"search_term_string\"}}],\"inLanguage\":\"et\"},{\"@type\":\"Organization\",\"@id\":\"https:\\\/\\\/testinisweb.ares.lt\\\/#organization\",\"name\":\"Ares Juvelyrika auksiniai papuosalai\",\"url\":\"https:\\\/\\\/testinisweb.ares.lt\\\/\",\"logo\":{\"@type\":\"ImageObject\",\"inLanguage\":\"et\",\"@id\":\"https:\\\/\\\/testinisweb.ares.lt\\\/#\\\/schema\\\/logo\\\/image\\\/\",\"url\":\"https:\\\/\\\/i0.wp.com\\\/testinisweb.ares.lt\\\/wp-content\\\/uploads\\\/2022\\\/03\\\/ares-text-logo-1.png?fit=417%2C122&ssl=1\",\"contentUrl\":\"https:\\\/\\\/i0.wp.com\\\/testinisweb.ares.lt\\\/wp-content\\\/uploads\\\/2022\\\/03\\\/ares-text-logo-1.png?fit=417%2C122&ssl=1\",\"width\":417,\"height\":122,\"caption\":\"Ares Juvelyrika auksiniai papuosalai\"},\"image\":{\"@id\":\"https:\\\/\\\/testinisweb.ares.lt\\\/#\\\/schema\\\/logo\\\/image\\\/\"},\"sameAs\":[\"https:\\\/\\\/www.facebook.com\\\/AresJewellery\",\"https:\\\/\\\/www.instagram.com\\\/ares_juvelyrika\\\/\"]}]}<\/script>\n<!-- \/ Yoast SEO plugin. -->","yoast_head_json":{"title":"Kullakett ripatsiga &quot;Lariat Y&quot;","description":"Kullakett ripatsiga &quot;Lariat Y&quot; See on elegantne ja moodne ehe, mille ainulaadne disain sobib ideaalselt nii igap\u00e4evaseks kandmiseks kui ka","robots":{"index":"index","follow":"follow","max-snippet":"max-snippet:-1","max-image-preview":"max-image-preview:large","max-video-preview":"max-video-preview:-1"},"canonical":"https:\/\/testinisweb.ares.lt\/et\/poes\/kett-ripatsiga-tahega-lariat-y\/","og_locale":"et_EE","og_type":"article","og_title":"Auksin\u0117 grandin\u0117l\u0117 su pakabuku \"Lariat Y\"","og_description":"Auksin\u0117 grandin\u0117l\u0117 su pakabuku \"Lariat Y\" &nbsp; Tai eleganti\u0161kas ir modernus papuo\u0161alas, kurio unikalus dizainas puikiai tinka tiek kasdieniam","og_url":"https:\/\/testinisweb.ares.lt\/et\/poes\/kett-ripatsiga-tahega-lariat-y\/","og_site_name":"ARES Juvelyrika","article_publisher":"https:\/\/www.facebook.com\/AresJewellery","article_modified_time":"2026-01-25T20:02:49+00:00","og_image":[{"width":3000,"height":3000,"url":"https:\/\/testinisweb.ares.lt\/wp-content\/uploads\/2024\/08\/IMG_4478-1.jpg","type":"image\/jpeg"}],"twitter_card":"summary_large_image","twitter_misc":{"Est. reading time":"1 minut"},"schema":{"@context":"https:\/\/schema.org","@graph":[{"@type":"WebPage","@id":"https:\/\/testinisweb.ares.lt\/parduotuve\/grandinele-su-pakabuku-raide-lariat-y\/","url":"https:\/\/testinisweb.ares.lt\/parduotuve\/grandinele-su-pakabuku-raide-lariat-y\/","name":"Kullakett ripatsiga &quot;Lariat Y&quot;","isPartOf":{"@id":"https:\/\/testinisweb.ares.lt\/#website"},"primaryImageOfPage":{"@id":"https:\/\/testinisweb.ares.lt\/parduotuve\/grandinele-su-pakabuku-raide-lariat-y\/#primaryimage"},"image":{"@id":"https:\/\/testinisweb.ares.lt\/parduotuve\/grandinele-su-pakabuku-raide-lariat-y\/#primaryimage"},"thumbnailUrl":"https:\/\/testinisweb.ares.lt\/wp-content\/uploads\/2024\/08\/IMG_4478-1.jpg","datePublished":"2024-08-16T13:42:27+00:00","dateModified":"2026-01-25T20:02:49+00:00","description":"Kullakett ripatsiga &quot;Lariat Y&quot; See on elegantne ja moodne ehe, mille ainulaadne disain sobib ideaalselt nii igap\u00e4evaseks kandmiseks kui ka","breadcrumb":{"@id":"https:\/\/testinisweb.ares.lt\/parduotuve\/grandinele-su-pakabuku-raide-lariat-y\/#breadcrumb"},"inLanguage":"et","potentialAction":[{"@type":"ReadAction","target":["https:\/\/testinisweb.ares.lt\/parduotuve\/grandinele-su-pakabuku-raide-lariat-y\/"]}]},{"@type":"ImageObject","inLanguage":"et","@id":"https:\/\/testinisweb.ares.lt\/parduotuve\/grandinele-su-pakabuku-raide-lariat-y\/#primaryimage","url":"https:\/\/testinisweb.ares.lt\/wp-content\/uploads\/2024\/08\/IMG_4478-1.jpg","contentUrl":"https:\/\/testinisweb.ares.lt\/wp-content\/uploads\/2024\/08\/IMG_4478-1.jpg","width":3000,"height":3000,"caption":"Auksin\u0117 grandin\u0117l\u0117 su pakabuku \"Lariat Y\""},{"@type":"BreadcrumbList","@id":"https:\/\/testinisweb.ares.lt\/parduotuve\/grandinele-su-pakabuku-raide-lariat-y\/#breadcrumb","itemListElement":[{"@type":"ListItem","position":1,"name":"Auksiniai papuo\u0161alai","item":"https:\/\/testinisweb.ares.lt\/"},{"@type":"ListItem","position":2,"name":"Parduotuv\u0117","item":"https:\/\/testinisweb.ares.lt\/parduotuve\/"},{"@type":"ListItem","position":3,"name":"Auksin\u0117 grandin\u0117l\u0117 su pakabuku &#8222;Lariat Y&#8221;"}]},{"@type":"WebSite","@id":"https:\/\/testinisweb.ares.lt\/#website","url":"https:\/\/testinisweb.ares.lt\/","name":"ARES Ehted","description":"Kuldsed ehted","publisher":{"@id":"https:\/\/testinisweb.ares.lt\/#organization"},"potentialAction":[{"@type":"SearchAction","target":{"@type":"EntryPoint","urlTemplate":"https:\/\/testinisweb.ares.lt\/?s={search_term_string}"},"query-input":{"@type":"PropertyValueSpecification","valueRequired":true,"valueName":"search_term_string"}}],"inLanguage":"et"},{"@type":"Organization","@id":"https:\/\/testinisweb.ares.lt\/#organization","name":"Ares Ehted kuldehted","url":"https:\/\/testinisweb.ares.lt\/","logo":{"@type":"ImageObject","inLanguage":"et","@id":"https:\/\/testinisweb.ares.lt\/#\/schema\/logo\/image\/","url":"https:\/\/i0.wp.com\/testinisweb.ares.lt\/wp-content\/uploads\/2022\/03\/ares-text-logo-1.png?fit=417%2C122&ssl=1","contentUrl":"https:\/\/i0.wp.com\/testinisweb.ares.lt\/wp-content\/uploads\/2022\/03\/ares-text-logo-1.png?fit=417%2C122&ssl=1","width":417,"height":122,"caption":"Ares Juvelyrika auksiniai papuosalai"},"image":{"@id":"https:\/\/testinisweb.ares.lt\/#\/schema\/logo\/image\/"},"sameAs":["https:\/\/www.facebook.com\/AresJewellery","https:\/\/www.instagram.com\/ares_juvelyrika\/"]}]}},"_links":{"self":[{"href":"https:\/\/testinisweb.ares.lt\/et\/wp-json\/wp\/v2\/product\/16172","targetHints":{"allow":["GET"]}}],"collection":[{"href":"https:\/\/testinisweb.ares.lt\/et\/wp-json\/wp\/v2\/product"}],"about":[{"href":"https:\/\/testinisweb.ares.lt\/et\/wp-json\/wp\/v2\/types\/product"}],"replies":[{"embeddable":true,"href":"https:\/\/testinisweb.ares.lt\/et\/wp-json\/wp\/v2\/comments?post=16172"}],"wp:featuredmedia":[{"embeddable":true,"href":"https:\/\/testinisweb.ares.lt\/et\/wp-json\/wp\/v2\/media\/16173"}],"wp:attachment":[{"href":"https:\/\/testinisweb.ares.lt\/et\/wp-json\/wp\/v2\/media?parent=16172"}],"wp:term":[{"taxonomy":"product_cat","embeddable":true,"href":"https:\/\/testinisweb.ares.lt\/et\/wp-json\/wp\/v2\/product_cat?post=16172"},{"taxonomy":"product_tag","embeddable":true,"href":"https:\/\/testinisweb.ares.lt\/et\/wp-json\/wp\/v2\/product_tag?post=16172"}],"curies":[{"name":"wp","href":"https:\/\/api.w.org\/{rel}","templated":true}]}}