{"id":16184,"date":"2024-08-16T16:20:07","date_gmt":"2024-08-16T14:20:07","guid":{"rendered":"https:\/\/testinisweb.ares.lt\/?post_type=product&#038;p=16184"},"modified":"2026-01-25T22:02:48","modified_gmt":"2026-01-25T20:02:48","slug":"kuldsed-korvarongad-minisilmad","status":"publish","type":"product","link":"https:\/\/testinisweb.ares.lt\/et\/parduotuve\/auksiniai-auskarai-mini-akutes\/","title":{"rendered":"Kuldsed k\u00f5rvar\u00f5ngad &quot;Mini silmad&quot;"},"content":{"rendered":"<h2>Kuldsed k\u00f5rvar\u00f5ngad &quot;Mini silmad&quot;<\/h2>\n<p>Need on \u00f5rnad ja peened k\u00f5rvar\u00f5ngad, mis sobivad ideaalselt nii igap\u00e4evaseks kui ka eriliseks v\u00e4limuseks. Need r\u00f5ngask\u00f5rvar\u00f5ngad paistavad silma oma elegantse disaini ja s\u00e4delevate tsirkoonidega, mis lisavad v\u00f5lu ja luksust.<\/p>\n<h4><strong>Raami disain<\/strong><\/h4>\n<p>Mini Eyelet k\u00f5rvar\u00f5ngastel on raamilaadne viimistlus, mis \u00fcmbritseb tsirkooniumoksiidi \u00f5hukese kuldse \u00e4\u00e4risega, tagades kivi kindla kinnituse ja r\u00f5hutades selle ilu. Raami disain mitte ainult ei aita tsirkooniumoksiidi kahjustuste eest kaitsta, vaid annab neile k\u00f5rvar\u00f5ngastele ka minimalistliku, kuid elegantse v\u00e4limuse. See disain on \u00e4\u00e4rmiselt populaarne oma modernsuse ja peene luksuse poolest, mis sobib paljude stiilidega.<\/p>\n<h4><strong>S\u00e4ravad tsirkoonid<\/strong><\/h4>\n<p>Need k\u00f5rvar\u00f5ngad on kaunistatud kvaliteetsete tsirkoonidega, mis on tuntud oma erilise s\u00e4ra ja teemantliku v\u00e4limuse poolest. Tsirkoonid on hoolikalt asetatud raami sisse, et peegeldada valgust nii palju kui v\u00f5imalik ja anda k\u00f5rvar\u00f5ngastele s\u00e4ra. Oma elegantse ja ajatu disainiga sobivad tsirkoonidega &quot;Mini Eyelet&quot; k\u00f5rvar\u00f5ngad ideaalselt nii p\u00e4eva- kui ka \u00f5htuseks kandmiseks, pakkudes erakordset s\u00e4ra ja v\u00f5lu.<\/p>\n<h4><strong>Stiilne ja mitmek\u00fclgne<\/strong><\/h4>\n<p>Kullak\u00f5rvar\u00f5ngad &quot;Mini silmad&quot; on minimalistliku disainiga, mis sobib iga riietusega. Nende \u00f5rn suurus ja l\u00e4ige v\u00f5imaldavad neid k\u00f5rvar\u00f5ngaid kanda nii iga p\u00e4ev kui ka erilistel puhkudel. Konkst\u00fc\u00fcpi kinnitus tagab mugavuse ja turvalisuse, nii et k\u00f5rvar\u00f5ngad p\u00fcsivad kindlalt ja on mugavad kanda kogu p\u00e4eva. Need k\u00f5rvar\u00f5ngad sobivad nii klassikalise kui ka modernse stiili austajatele.<\/p>","protected":false},"excerpt":{"rendered":"<p>Auksiniai auskarai &#8222;Mini akut\u0117s&#8221; Tai subtil\u016bs ir rafinuoti auskarai, kurie puikiai tiks tiek kasdieniam, tiek ypatingam \u012fvaizd\u017eiui papildyti. \u0160ie vinuko tipo auskarai&hellip;<\/p>","protected":false},"featured_media":16185,"comment_status":"open","ping_status":"closed","template":"","meta":[],"product_cat":[278,933,281,782,432,930,401],"product_tag":[],"class_list":{"0":"post-16184","1":"product","2":"type-product","3":"status-publish","4":"has-post-thumbnail","6":"product_cat-auskarai","7":"product_cat-auksiniai-auskarai-iki-100-eur","8":"product_cat-auskarai-su-cirkoniais","9":"product_cat-auskarai-vinukai","10":"product_cat-nauja","11":"product_cat-raudono-aukso-auskarai","12":"product_cat-raudono-aukso-papuosalai","13":"tm-no-options","15":"first","16":"instock","17":"shipping-taxable","18":"purchasable","19":"product-type-simple"},"yoast_head":"<!-- This site is optimized with the Yoast SEO plugin v27.3 - https:\/\/yoast.com\/product\/yoast-seo-wordpress\/ -->\n<title>Auksiniai auskarai &quot;Mini akut\u0117s&quot;<\/title>\n<meta name=\"description\" content=\"Auksiniai auskarai &quot;Mini akut\u0117s&quot; Tai subtil\u016bs ir rafinuoti auskarai, kurie puikiai tiks tiek kasdieniam, tiek ypatingam \u012fvaizd\u017eiui papildyti. \u0160ie vinuko\" \/>\n<meta name=\"robots\" content=\"index, follow, max-snippet:-1, max-image-preview:large, max-video-preview:-1\" \/>\n<link rel=\"canonical\" href=\"https:\/\/testinisweb.ares.lt\/et\/poes\/kuldsed-korvarongad-minisilmad\/\" \/>\n<meta property=\"og:locale\" content=\"et_EE\" \/>\n<meta property=\"og:type\" content=\"article\" \/>\n<meta property=\"og:title\" content=\"Auksiniai auskarai &quot;Mini akut\u0117s&quot;\" \/>\n<meta property=\"og:description\" content=\"Auksiniai auskarai &quot;Mini akut\u0117s&quot; Tai subtil\u016bs ir rafinuoti auskarai, kurie puikiai tiks tiek kasdieniam, tiek ypatingam \u012fvaizd\u017eiui papildyti. \u0160ie vinuko\" \/>\n<meta property=\"og:url\" content=\"https:\/\/testinisweb.ares.lt\/et\/poes\/kuldsed-korvarongad-minisilmad\/\" \/>\n<meta property=\"og:site_name\" content=\"ARES Juvelyrika\" \/>\n<meta property=\"article:publisher\" content=\"https:\/\/www.facebook.com\/AresJewellery\" \/>\n<meta property=\"article:modified_time\" content=\"2026-01-25T20:02:48+00:00\" \/>\n<meta property=\"og:image\" content=\"https:\/\/i0.wp.com\/testinisweb.ares.lt\/wp-content\/uploads\/2024\/08\/IMG_4480-1.jpg?fit=3000%2C3000&ssl=1\" \/>\n\t<meta property=\"og:image:width\" content=\"3000\" \/>\n\t<meta property=\"og:image:height\" content=\"3000\" \/>\n\t<meta property=\"og:image:type\" content=\"image\/jpeg\" \/>\n<meta name=\"twitter:card\" content=\"summary_large_image\" \/>\n<meta name=\"twitter:label1\" content=\"Est. reading time\" \/>\n\t<meta name=\"twitter:data1\" content=\"1 minut\" \/>\n<script type=\"application\/ld+json\" class=\"yoast-schema-graph\">{\"@context\":\"https:\\\/\\\/schema.org\",\"@graph\":[{\"@type\":\"WebPage\",\"@id\":\"https:\\\/\\\/testinisweb.ares.lt\\\/parduotuve\\\/auksiniai-auskarai-mini-akutes\\\/\",\"url\":\"https:\\\/\\\/testinisweb.ares.lt\\\/parduotuve\\\/auksiniai-auskarai-mini-akutes\\\/\",\"name\":\"Auksiniai auskarai \\\"Mini akut\u0117s\\\"\",\"isPartOf\":{\"@id\":\"https:\\\/\\\/testinisweb.ares.lt\\\/#website\"},\"primaryImageOfPage\":{\"@id\":\"https:\\\/\\\/testinisweb.ares.lt\\\/parduotuve\\\/auksiniai-auskarai-mini-akutes\\\/#primaryimage\"},\"image\":{\"@id\":\"https:\\\/\\\/testinisweb.ares.lt\\\/parduotuve\\\/auksiniai-auskarai-mini-akutes\\\/#primaryimage\"},\"thumbnailUrl\":\"https:\\\/\\\/testinisweb.ares.lt\\\/wp-content\\\/uploads\\\/2024\\\/08\\\/IMG_4480-1.jpg\",\"datePublished\":\"2024-08-16T14:20:07+00:00\",\"dateModified\":\"2026-01-25T20:02:48+00:00\",\"description\":\"Auksiniai auskarai \\\"Mini akut\u0117s\\\" Tai subtil\u016bs ir rafinuoti auskarai, kurie puikiai tiks tiek kasdieniam, tiek ypatingam \u012fvaizd\u017eiui papildyti. \u0160ie vinuko\",\"breadcrumb\":{\"@id\":\"https:\\\/\\\/testinisweb.ares.lt\\\/parduotuve\\\/auksiniai-auskarai-mini-akutes\\\/#breadcrumb\"},\"inLanguage\":\"et\",\"potentialAction\":[{\"@type\":\"ReadAction\",\"target\":[\"https:\\\/\\\/testinisweb.ares.lt\\\/parduotuve\\\/auksiniai-auskarai-mini-akutes\\\/\"]}]},{\"@type\":\"ImageObject\",\"inLanguage\":\"et\",\"@id\":\"https:\\\/\\\/testinisweb.ares.lt\\\/parduotuve\\\/auksiniai-auskarai-mini-akutes\\\/#primaryimage\",\"url\":\"https:\\\/\\\/testinisweb.ares.lt\\\/wp-content\\\/uploads\\\/2024\\\/08\\\/IMG_4480-1.jpg\",\"contentUrl\":\"https:\\\/\\\/testinisweb.ares.lt\\\/wp-content\\\/uploads\\\/2024\\\/08\\\/IMG_4480-1.jpg\",\"width\":3000,\"height\":3000,\"caption\":\"Auksiniai auskarai \\\"Mini akut\u0117s\\\"\"},{\"@type\":\"BreadcrumbList\",\"@id\":\"https:\\\/\\\/testinisweb.ares.lt\\\/parduotuve\\\/auksiniai-auskarai-mini-akutes\\\/#breadcrumb\",\"itemListElement\":[{\"@type\":\"ListItem\",\"position\":1,\"name\":\"Auksiniai papuo\u0161alai\",\"item\":\"https:\\\/\\\/testinisweb.ares.lt\\\/\"},{\"@type\":\"ListItem\",\"position\":2,\"name\":\"Parduotuv\u0117\",\"item\":\"https:\\\/\\\/testinisweb.ares.lt\\\/parduotuve\\\/\"},{\"@type\":\"ListItem\",\"position\":3,\"name\":\"Auksiniai auskarai &#8222;Mini akut\u0117s&#8221;\"}]},{\"@type\":\"WebSite\",\"@id\":\"https:\\\/\\\/testinisweb.ares.lt\\\/#website\",\"url\":\"https:\\\/\\\/testinisweb.ares.lt\\\/\",\"name\":\"ARES Juvelyrika\",\"description\":\"Auksiniai papuo\u0161alai\",\"publisher\":{\"@id\":\"https:\\\/\\\/testinisweb.ares.lt\\\/#organization\"},\"potentialAction\":[{\"@type\":\"SearchAction\",\"target\":{\"@type\":\"EntryPoint\",\"urlTemplate\":\"https:\\\/\\\/testinisweb.ares.lt\\\/?s={search_term_string}\"},\"query-input\":{\"@type\":\"PropertyValueSpecification\",\"valueRequired\":true,\"valueName\":\"search_term_string\"}}],\"inLanguage\":\"et\"},{\"@type\":\"Organization\",\"@id\":\"https:\\\/\\\/testinisweb.ares.lt\\\/#organization\",\"name\":\"Ares Juvelyrika auksiniai papuosalai\",\"url\":\"https:\\\/\\\/testinisweb.ares.lt\\\/\",\"logo\":{\"@type\":\"ImageObject\",\"inLanguage\":\"et\",\"@id\":\"https:\\\/\\\/testinisweb.ares.lt\\\/#\\\/schema\\\/logo\\\/image\\\/\",\"url\":\"https:\\\/\\\/i0.wp.com\\\/testinisweb.ares.lt\\\/wp-content\\\/uploads\\\/2022\\\/03\\\/ares-text-logo-1.png?fit=417%2C122&ssl=1\",\"contentUrl\":\"https:\\\/\\\/i0.wp.com\\\/testinisweb.ares.lt\\\/wp-content\\\/uploads\\\/2022\\\/03\\\/ares-text-logo-1.png?fit=417%2C122&ssl=1\",\"width\":417,\"height\":122,\"caption\":\"Ares Juvelyrika auksiniai papuosalai\"},\"image\":{\"@id\":\"https:\\\/\\\/testinisweb.ares.lt\\\/#\\\/schema\\\/logo\\\/image\\\/\"},\"sameAs\":[\"https:\\\/\\\/www.facebook.com\\\/AresJewellery\",\"https:\\\/\\\/www.instagram.com\\\/ares_juvelyrika\\\/\"]}]}<\/script>\n<!-- \/ Yoast SEO plugin. -->","yoast_head_json":{"title":"Kuldsed k\u00f5rvar\u00f5ngad &quot;Mini silmad&quot;","description":"Kullak\u00f5rvar\u00f5ngad &quot;Mini silmad&quot; Need on \u00f5rnad ja peened k\u00f5rvar\u00f5ngad, mis sobivad ideaalselt nii igap\u00e4evaseks kui ka eriliseks v\u00e4limuseks. Need k\u00f5rvar\u00f5ngad on valmistatud","robots":{"index":"index","follow":"follow","max-snippet":"max-snippet:-1","max-image-preview":"max-image-preview:large","max-video-preview":"max-video-preview:-1"},"canonical":"https:\/\/testinisweb.ares.lt\/et\/poes\/kuldsed-korvarongad-minisilmad\/","og_locale":"et_EE","og_type":"article","og_title":"Auksiniai auskarai \"Mini akut\u0117s\"","og_description":"Auksiniai auskarai \"Mini akut\u0117s\" Tai subtil\u016bs ir rafinuoti auskarai, kurie puikiai tiks tiek kasdieniam, tiek ypatingam \u012fvaizd\u017eiui papildyti. \u0160ie vinuko","og_url":"https:\/\/testinisweb.ares.lt\/et\/poes\/kuldsed-korvarongad-minisilmad\/","og_site_name":"ARES Juvelyrika","article_publisher":"https:\/\/www.facebook.com\/AresJewellery","article_modified_time":"2026-01-25T20:02:48+00:00","og_image":[{"width":3000,"height":3000,"url":"https:\/\/i0.wp.com\/testinisweb.ares.lt\/wp-content\/uploads\/2024\/08\/IMG_4480-1.jpg?fit=3000%2C3000&ssl=1","type":"image\/jpeg"}],"twitter_card":"summary_large_image","twitter_misc":{"Est. reading time":"1 minut"},"schema":{"@context":"https:\/\/schema.org","@graph":[{"@type":"WebPage","@id":"https:\/\/testinisweb.ares.lt\/parduotuve\/auksiniai-auskarai-mini-akutes\/","url":"https:\/\/testinisweb.ares.lt\/parduotuve\/auksiniai-auskarai-mini-akutes\/","name":"Kuldsed k\u00f5rvar\u00f5ngad &quot;Mini silmad&quot;","isPartOf":{"@id":"https:\/\/testinisweb.ares.lt\/#website"},"primaryImageOfPage":{"@id":"https:\/\/testinisweb.ares.lt\/parduotuve\/auksiniai-auskarai-mini-akutes\/#primaryimage"},"image":{"@id":"https:\/\/testinisweb.ares.lt\/parduotuve\/auksiniai-auskarai-mini-akutes\/#primaryimage"},"thumbnailUrl":"https:\/\/testinisweb.ares.lt\/wp-content\/uploads\/2024\/08\/IMG_4480-1.jpg","datePublished":"2024-08-16T14:20:07+00:00","dateModified":"2026-01-25T20:02:48+00:00","description":"Kullak\u00f5rvar\u00f5ngad &quot;Mini silmad&quot; Need on \u00f5rnad ja peened k\u00f5rvar\u00f5ngad, mis sobivad ideaalselt nii igap\u00e4evaseks kui ka eriliseks v\u00e4limuseks. Need k\u00f5rvar\u00f5ngad on valmistatud","breadcrumb":{"@id":"https:\/\/testinisweb.ares.lt\/parduotuve\/auksiniai-auskarai-mini-akutes\/#breadcrumb"},"inLanguage":"et","potentialAction":[{"@type":"ReadAction","target":["https:\/\/testinisweb.ares.lt\/parduotuve\/auksiniai-auskarai-mini-akutes\/"]}]},{"@type":"ImageObject","inLanguage":"et","@id":"https:\/\/testinisweb.ares.lt\/parduotuve\/auksiniai-auskarai-mini-akutes\/#primaryimage","url":"https:\/\/testinisweb.ares.lt\/wp-content\/uploads\/2024\/08\/IMG_4480-1.jpg","contentUrl":"https:\/\/testinisweb.ares.lt\/wp-content\/uploads\/2024\/08\/IMG_4480-1.jpg","width":3000,"height":3000,"caption":"Auksiniai auskarai \"Mini akut\u0117s\""},{"@type":"BreadcrumbList","@id":"https:\/\/testinisweb.ares.lt\/parduotuve\/auksiniai-auskarai-mini-akutes\/#breadcrumb","itemListElement":[{"@type":"ListItem","position":1,"name":"Auksiniai papuo\u0161alai","item":"https:\/\/testinisweb.ares.lt\/"},{"@type":"ListItem","position":2,"name":"Parduotuv\u0117","item":"https:\/\/testinisweb.ares.lt\/parduotuve\/"},{"@type":"ListItem","position":3,"name":"Auksiniai auskarai &#8222;Mini akut\u0117s&#8221;"}]},{"@type":"WebSite","@id":"https:\/\/testinisweb.ares.lt\/#website","url":"https:\/\/testinisweb.ares.lt\/","name":"ARES Ehted","description":"Kuldsed ehted","publisher":{"@id":"https:\/\/testinisweb.ares.lt\/#organization"},"potentialAction":[{"@type":"SearchAction","target":{"@type":"EntryPoint","urlTemplate":"https:\/\/testinisweb.ares.lt\/?s={search_term_string}"},"query-input":{"@type":"PropertyValueSpecification","valueRequired":true,"valueName":"search_term_string"}}],"inLanguage":"et"},{"@type":"Organization","@id":"https:\/\/testinisweb.ares.lt\/#organization","name":"Ares Ehted kuldehted","url":"https:\/\/testinisweb.ares.lt\/","logo":{"@type":"ImageObject","inLanguage":"et","@id":"https:\/\/testinisweb.ares.lt\/#\/schema\/logo\/image\/","url":"https:\/\/i0.wp.com\/testinisweb.ares.lt\/wp-content\/uploads\/2022\/03\/ares-text-logo-1.png?fit=417%2C122&ssl=1","contentUrl":"https:\/\/i0.wp.com\/testinisweb.ares.lt\/wp-content\/uploads\/2022\/03\/ares-text-logo-1.png?fit=417%2C122&ssl=1","width":417,"height":122,"caption":"Ares Juvelyrika auksiniai papuosalai"},"image":{"@id":"https:\/\/testinisweb.ares.lt\/#\/schema\/logo\/image\/"},"sameAs":["https:\/\/www.facebook.com\/AresJewellery","https:\/\/www.instagram.com\/ares_juvelyrika\/"]}]}},"_links":{"self":[{"href":"https:\/\/testinisweb.ares.lt\/et\/wp-json\/wp\/v2\/product\/16184","targetHints":{"allow":["GET"]}}],"collection":[{"href":"https:\/\/testinisweb.ares.lt\/et\/wp-json\/wp\/v2\/product"}],"about":[{"href":"https:\/\/testinisweb.ares.lt\/et\/wp-json\/wp\/v2\/types\/product"}],"replies":[{"embeddable":true,"href":"https:\/\/testinisweb.ares.lt\/et\/wp-json\/wp\/v2\/comments?post=16184"}],"wp:featuredmedia":[{"embeddable":true,"href":"https:\/\/testinisweb.ares.lt\/et\/wp-json\/wp\/v2\/media\/16185"}],"wp:attachment":[{"href":"https:\/\/testinisweb.ares.lt\/et\/wp-json\/wp\/v2\/media?parent=16184"}],"wp:term":[{"taxonomy":"product_cat","embeddable":true,"href":"https:\/\/testinisweb.ares.lt\/et\/wp-json\/wp\/v2\/product_cat?post=16184"},{"taxonomy":"product_tag","embeddable":true,"href":"https:\/\/testinisweb.ares.lt\/et\/wp-json\/wp\/v2\/product_tag?post=16184"}],"curies":[{"name":"wp","href":"https:\/\/api.w.org\/{rel}","templated":true}]}}