{"id":16190,"date":"2024-08-20T10:01:52","date_gmt":"2024-08-20T08:01:52","guid":{"rendered":"https:\/\/testinisweb.ares.lt\/?post_type=product&#038;p=16190"},"modified":"2026-01-30T16:21:23","modified_gmt":"2026-01-30T14:21:23","slug":"kuldsed-korvarongad-lasso","status":"publish","type":"product","link":"https:\/\/testinisweb.ares.lt\/et\/parduotuve\/auksiniai-auskarai-lasas\/","title":{"rendered":"Kuldsed k\u00f5rvar\u00f5ngad &quot;Tilk&quot;"},"content":{"rendered":"<h2>Kuldsed k\u00f5rvar\u00f5ngad &quot;Tilk&quot;<\/h2>\n<p>Elegantsi ja modernsuse kehastus, k\u00f5rvar\u00f5ngaste kuju meenutab veepiisa t\u00e4iuslikku langemist. Need \u00f5rnad, kuid samas v\u00e4ljendusrikkad r\u00f5ngask\u00f5rvar\u00f5ngad on loodud t\u00e4iendama iga naise stiili, andes talle peene luksuse ja ajatu v\u00f5lu.<\/p>\n<p>Nende k\u00f5rvar\u00f5ngaste disaini inspiratsiooniks oli looduse ilu \u2013 veepiisa t\u00e4iuslik kuju, mida on n\u00e4ha vihma sadamas v\u00f5i kastepiisa kogunedes murule. Seda puhtust ja rahu s\u00fcmboliseerivat kuju on armastatud juba iidsetest aegadest. Isegi Vana-Egiptuse ajal kasutati ehetes piisamotiive, et peegeldada loomulikku ilu ja harmooniat. T\u00e4nap\u00e4eva ehetes on see kuju omandanud uue t\u00e4henduse, saades naiselikkuse ja moodsa stiili s\u00fcmboliks.<\/p>\n<p>Kullak\u00f5rvar\u00f5ngaste \u201eDrop\u201c mitmek\u00fclgsus v\u00f5imaldab neil ideaalselt sobida nii igap\u00e4evase kui ka piduliku garderoobiga. T\u00e4nu minimalistlikule disainile v\u00f5ivad need olla nii peamiseks aktsendiks kui ka peeneks lisandiks, andes igale v\u00e4limusele ainulaadse puudutuse.<\/p>","protected":false},"excerpt":{"rendered":"<p>Auksiniai auskarai &#8222;La\u0161as&#8221; Tai elegancijos ir modernumo \u012fsik\u016bnijimas, auskar\u0173 forma primena tobul\u0105 vandens la\u0161elio kritim\u0105. \u0160ie subtil\u016bs, bet i\u0161rai\u0161kingi auskarai vinukai buvo&hellip;<\/p>","protected":false},"featured_media":16195,"comment_status":"open","ping_status":"closed","template":"","meta":[],"product_cat":[278,934,282,782,432,930,401],"product_tag":[],"class_list":{"0":"post-16190","1":"product","2":"type-product","3":"status-publish","4":"has-post-thumbnail","6":"product_cat-auskarai","7":"product_cat-auksiniai-auskarai-iki-250-eur","8":"product_cat-auskarai-be-akmens","9":"product_cat-auskarai-vinukai","10":"product_cat-nauja","11":"product_cat-raudono-aukso-auskarai","12":"product_cat-raudono-aukso-papuosalai","13":"tm-no-options","15":"first","16":"instock","17":"sale","18":"shipping-taxable","19":"purchasable","20":"product-type-variable","21":"has-default-attributes"},"yoast_head":"<!-- This site is optimized with the Yoast SEO plugin v27.3 - https:\/\/yoast.com\/product\/yoast-seo-wordpress\/ -->\n<title>Auksiniai auskarai &quot;La\u0161as&quot;<\/title>\n<meta name=\"description\" content=\"Auksiniai auskarai &quot;La\u0161as&quot; Tai elegancijos ir modernumo \u012fsik\u016bnijimas, auskar\u0173 forma primena tobul\u0105 vandens la\u0161elio kritim\u0105. \u0160ie subtil\u016bs, bet i\u0161rai\u0161kingi\" \/>\n<meta name=\"robots\" content=\"index, follow, max-snippet:-1, max-image-preview:large, max-video-preview:-1\" \/>\n<link rel=\"canonical\" href=\"https:\/\/testinisweb.ares.lt\/et\/poes\/kuldsed-korvarongad-lasso\/\" \/>\n<meta property=\"og:locale\" content=\"et_EE\" \/>\n<meta property=\"og:type\" content=\"article\" \/>\n<meta property=\"og:title\" content=\"Auksiniai auskarai &quot;La\u0161as&quot;\" \/>\n<meta property=\"og:description\" content=\"Auksiniai auskarai &quot;La\u0161as&quot; Tai elegancijos ir modernumo \u012fsik\u016bnijimas, auskar\u0173 forma primena tobul\u0105 vandens la\u0161elio kritim\u0105. \u0160ie subtil\u016bs, bet i\u0161rai\u0161kingi\" \/>\n<meta property=\"og:url\" content=\"https:\/\/testinisweb.ares.lt\/et\/poes\/kuldsed-korvarongad-lasso\/\" \/>\n<meta property=\"og:site_name\" content=\"ARES Juvelyrika\" \/>\n<meta property=\"article:publisher\" content=\"https:\/\/www.facebook.com\/AresJewellery\" \/>\n<meta property=\"article:modified_time\" content=\"2026-01-30T14:21:23+00:00\" \/>\n<meta property=\"og:image\" content=\"https:\/\/testinisweb.ares.lt\/wp-content\/uploads\/2024\/08\/1.3-cm-4-1.jpg\" \/>\n\t<meta property=\"og:image:width\" content=\"3000\" \/>\n\t<meta property=\"og:image:height\" content=\"3000\" \/>\n\t<meta property=\"og:image:type\" content=\"image\/jpeg\" \/>\n<meta name=\"twitter:card\" content=\"summary_large_image\" \/>\n<meta name=\"twitter:label1\" content=\"Est. reading time\" \/>\n\t<meta name=\"twitter:data1\" content=\"1 minut\" \/>\n<script type=\"application\/ld+json\" class=\"yoast-schema-graph\">{\"@context\":\"https:\\\/\\\/schema.org\",\"@graph\":[{\"@type\":\"WebPage\",\"@id\":\"https:\\\/\\\/testinisweb.ares.lt\\\/parduotuve\\\/auksiniai-auskarai-lasas\\\/\",\"url\":\"https:\\\/\\\/testinisweb.ares.lt\\\/parduotuve\\\/auksiniai-auskarai-lasas\\\/\",\"name\":\"Auksiniai auskarai \\\"La\u0161as\\\"\",\"isPartOf\":{\"@id\":\"https:\\\/\\\/testinisweb.ares.lt\\\/#website\"},\"primaryImageOfPage\":{\"@id\":\"https:\\\/\\\/testinisweb.ares.lt\\\/parduotuve\\\/auksiniai-auskarai-lasas\\\/#primaryimage\"},\"image\":{\"@id\":\"https:\\\/\\\/testinisweb.ares.lt\\\/parduotuve\\\/auksiniai-auskarai-lasas\\\/#primaryimage\"},\"thumbnailUrl\":\"https:\\\/\\\/testinisweb.ares.lt\\\/wp-content\\\/uploads\\\/2024\\\/08\\\/1.3-cm-4-1.jpg\",\"datePublished\":\"2024-08-20T08:01:52+00:00\",\"dateModified\":\"2026-01-30T14:21:23+00:00\",\"description\":\"Auksiniai auskarai \\\"La\u0161as\\\" Tai elegancijos ir modernumo \u012fsik\u016bnijimas, auskar\u0173 forma primena tobul\u0105 vandens la\u0161elio kritim\u0105. \u0160ie subtil\u016bs, bet i\u0161rai\u0161kingi\",\"breadcrumb\":{\"@id\":\"https:\\\/\\\/testinisweb.ares.lt\\\/parduotuve\\\/auksiniai-auskarai-lasas\\\/#breadcrumb\"},\"inLanguage\":\"et\",\"potentialAction\":[{\"@type\":\"ReadAction\",\"target\":[\"https:\\\/\\\/testinisweb.ares.lt\\\/parduotuve\\\/auksiniai-auskarai-lasas\\\/\"]}]},{\"@type\":\"ImageObject\",\"inLanguage\":\"et\",\"@id\":\"https:\\\/\\\/testinisweb.ares.lt\\\/parduotuve\\\/auksiniai-auskarai-lasas\\\/#primaryimage\",\"url\":\"https:\\\/\\\/testinisweb.ares.lt\\\/wp-content\\\/uploads\\\/2024\\\/08\\\/1.3-cm-4-1.jpg\",\"contentUrl\":\"https:\\\/\\\/testinisweb.ares.lt\\\/wp-content\\\/uploads\\\/2024\\\/08\\\/1.3-cm-4-1.jpg\",\"width\":3000,\"height\":3000,\"caption\":\"Auksiniai auskarai \\\"La\u0161as\\\" Bottega Venetta\"},{\"@type\":\"BreadcrumbList\",\"@id\":\"https:\\\/\\\/testinisweb.ares.lt\\\/parduotuve\\\/auksiniai-auskarai-lasas\\\/#breadcrumb\",\"itemListElement\":[{\"@type\":\"ListItem\",\"position\":1,\"name\":\"Auksiniai papuo\u0161alai\",\"item\":\"https:\\\/\\\/testinisweb.ares.lt\\\/\"},{\"@type\":\"ListItem\",\"position\":2,\"name\":\"Parduotuv\u0117\",\"item\":\"https:\\\/\\\/testinisweb.ares.lt\\\/parduotuve\\\/\"},{\"@type\":\"ListItem\",\"position\":3,\"name\":\"Auksiniai auskarai &#8222;La\u0161as&#8221;\"}]},{\"@type\":\"WebSite\",\"@id\":\"https:\\\/\\\/testinisweb.ares.lt\\\/#website\",\"url\":\"https:\\\/\\\/testinisweb.ares.lt\\\/\",\"name\":\"ARES Juvelyrika\",\"description\":\"Auksiniai papuo\u0161alai\",\"publisher\":{\"@id\":\"https:\\\/\\\/testinisweb.ares.lt\\\/#organization\"},\"potentialAction\":[{\"@type\":\"SearchAction\",\"target\":{\"@type\":\"EntryPoint\",\"urlTemplate\":\"https:\\\/\\\/testinisweb.ares.lt\\\/?s={search_term_string}\"},\"query-input\":{\"@type\":\"PropertyValueSpecification\",\"valueRequired\":true,\"valueName\":\"search_term_string\"}}],\"inLanguage\":\"et\"},{\"@type\":\"Organization\",\"@id\":\"https:\\\/\\\/testinisweb.ares.lt\\\/#organization\",\"name\":\"Ares Juvelyrika auksiniai papuosalai\",\"url\":\"https:\\\/\\\/testinisweb.ares.lt\\\/\",\"logo\":{\"@type\":\"ImageObject\",\"inLanguage\":\"et\",\"@id\":\"https:\\\/\\\/testinisweb.ares.lt\\\/#\\\/schema\\\/logo\\\/image\\\/\",\"url\":\"https:\\\/\\\/i0.wp.com\\\/testinisweb.ares.lt\\\/wp-content\\\/uploads\\\/2022\\\/03\\\/ares-text-logo-1.png?fit=417%2C122&ssl=1\",\"contentUrl\":\"https:\\\/\\\/i0.wp.com\\\/testinisweb.ares.lt\\\/wp-content\\\/uploads\\\/2022\\\/03\\\/ares-text-logo-1.png?fit=417%2C122&ssl=1\",\"width\":417,\"height\":122,\"caption\":\"Ares Juvelyrika auksiniai papuosalai\"},\"image\":{\"@id\":\"https:\\\/\\\/testinisweb.ares.lt\\\/#\\\/schema\\\/logo\\\/image\\\/\"},\"sameAs\":[\"https:\\\/\\\/www.facebook.com\\\/AresJewellery\",\"https:\\\/\\\/www.instagram.com\\\/ares_juvelyrika\\\/\"]}]}<\/script>\n<!-- \/ Yoast SEO plugin. -->","yoast_head_json":{"title":"Kuldsed k\u00f5rvar\u00f5ngad &quot;Tilk&quot;","description":"Kullak\u00f5rvar\u00f5ngad &quot;Tilk&quot; Elegantsi ja modernsuse kehastus, k\u00f5rvar\u00f5ngaste kuju meenutab veepiisa t\u00e4iuslikku langemist. Need \u00f5rnad, kuid ilmekad","robots":{"index":"index","follow":"follow","max-snippet":"max-snippet:-1","max-image-preview":"max-image-preview:large","max-video-preview":"max-video-preview:-1"},"canonical":"https:\/\/testinisweb.ares.lt\/et\/poes\/kuldsed-korvarongad-lasso\/","og_locale":"et_EE","og_type":"article","og_title":"Auksiniai auskarai \"La\u0161as\"","og_description":"Auksiniai auskarai \"La\u0161as\" Tai elegancijos ir modernumo \u012fsik\u016bnijimas, auskar\u0173 forma primena tobul\u0105 vandens la\u0161elio kritim\u0105. \u0160ie subtil\u016bs, bet i\u0161rai\u0161kingi","og_url":"https:\/\/testinisweb.ares.lt\/et\/poes\/kuldsed-korvarongad-lasso\/","og_site_name":"ARES Juvelyrika","article_publisher":"https:\/\/www.facebook.com\/AresJewellery","article_modified_time":"2026-01-30T14:21:23+00:00","og_image":[{"width":3000,"height":3000,"url":"https:\/\/testinisweb.ares.lt\/wp-content\/uploads\/2024\/08\/1.3-cm-4-1.jpg","type":"image\/jpeg"}],"twitter_card":"summary_large_image","twitter_misc":{"Est. reading time":"1 minut"},"schema":{"@context":"https:\/\/schema.org","@graph":[{"@type":"WebPage","@id":"https:\/\/testinisweb.ares.lt\/parduotuve\/auksiniai-auskarai-lasas\/","url":"https:\/\/testinisweb.ares.lt\/parduotuve\/auksiniai-auskarai-lasas\/","name":"Kuldsed k\u00f5rvar\u00f5ngad &quot;Tilk&quot;","isPartOf":{"@id":"https:\/\/testinisweb.ares.lt\/#website"},"primaryImageOfPage":{"@id":"https:\/\/testinisweb.ares.lt\/parduotuve\/auksiniai-auskarai-lasas\/#primaryimage"},"image":{"@id":"https:\/\/testinisweb.ares.lt\/parduotuve\/auksiniai-auskarai-lasas\/#primaryimage"},"thumbnailUrl":"https:\/\/testinisweb.ares.lt\/wp-content\/uploads\/2024\/08\/1.3-cm-4-1.jpg","datePublished":"2024-08-20T08:01:52+00:00","dateModified":"2026-01-30T14:21:23+00:00","description":"Kullak\u00f5rvar\u00f5ngad &quot;Tilk&quot; Elegantsi ja modernsuse kehastus, k\u00f5rvar\u00f5ngaste kuju meenutab veepiisa t\u00e4iuslikku langemist. Need \u00f5rnad, kuid ilmekad","breadcrumb":{"@id":"https:\/\/testinisweb.ares.lt\/parduotuve\/auksiniai-auskarai-lasas\/#breadcrumb"},"inLanguage":"et","potentialAction":[{"@type":"ReadAction","target":["https:\/\/testinisweb.ares.lt\/parduotuve\/auksiniai-auskarai-lasas\/"]}]},{"@type":"ImageObject","inLanguage":"et","@id":"https:\/\/testinisweb.ares.lt\/parduotuve\/auksiniai-auskarai-lasas\/#primaryimage","url":"https:\/\/testinisweb.ares.lt\/wp-content\/uploads\/2024\/08\/1.3-cm-4-1.jpg","contentUrl":"https:\/\/testinisweb.ares.lt\/wp-content\/uploads\/2024\/08\/1.3-cm-4-1.jpg","width":3000,"height":3000,"caption":"Auksiniai auskarai \"La\u0161as\" Bottega Venetta"},{"@type":"BreadcrumbList","@id":"https:\/\/testinisweb.ares.lt\/parduotuve\/auksiniai-auskarai-lasas\/#breadcrumb","itemListElement":[{"@type":"ListItem","position":1,"name":"Auksiniai papuo\u0161alai","item":"https:\/\/testinisweb.ares.lt\/"},{"@type":"ListItem","position":2,"name":"Parduotuv\u0117","item":"https:\/\/testinisweb.ares.lt\/parduotuve\/"},{"@type":"ListItem","position":3,"name":"Auksiniai auskarai &#8222;La\u0161as&#8221;"}]},{"@type":"WebSite","@id":"https:\/\/testinisweb.ares.lt\/#website","url":"https:\/\/testinisweb.ares.lt\/","name":"ARES Ehted","description":"Kuldsed ehted","publisher":{"@id":"https:\/\/testinisweb.ares.lt\/#organization"},"potentialAction":[{"@type":"SearchAction","target":{"@type":"EntryPoint","urlTemplate":"https:\/\/testinisweb.ares.lt\/?s={search_term_string}"},"query-input":{"@type":"PropertyValueSpecification","valueRequired":true,"valueName":"search_term_string"}}],"inLanguage":"et"},{"@type":"Organization","@id":"https:\/\/testinisweb.ares.lt\/#organization","name":"Ares Ehted kuldehted","url":"https:\/\/testinisweb.ares.lt\/","logo":{"@type":"ImageObject","inLanguage":"et","@id":"https:\/\/testinisweb.ares.lt\/#\/schema\/logo\/image\/","url":"https:\/\/i0.wp.com\/testinisweb.ares.lt\/wp-content\/uploads\/2022\/03\/ares-text-logo-1.png?fit=417%2C122&ssl=1","contentUrl":"https:\/\/i0.wp.com\/testinisweb.ares.lt\/wp-content\/uploads\/2022\/03\/ares-text-logo-1.png?fit=417%2C122&ssl=1","width":417,"height":122,"caption":"Ares Juvelyrika auksiniai papuosalai"},"image":{"@id":"https:\/\/testinisweb.ares.lt\/#\/schema\/logo\/image\/"},"sameAs":["https:\/\/www.facebook.com\/AresJewellery","https:\/\/www.instagram.com\/ares_juvelyrika\/"]}]}},"_links":{"self":[{"href":"https:\/\/testinisweb.ares.lt\/et\/wp-json\/wp\/v2\/product\/16190","targetHints":{"allow":["GET"]}}],"collection":[{"href":"https:\/\/testinisweb.ares.lt\/et\/wp-json\/wp\/v2\/product"}],"about":[{"href":"https:\/\/testinisweb.ares.lt\/et\/wp-json\/wp\/v2\/types\/product"}],"replies":[{"embeddable":true,"href":"https:\/\/testinisweb.ares.lt\/et\/wp-json\/wp\/v2\/comments?post=16190"}],"wp:featuredmedia":[{"embeddable":true,"href":"https:\/\/testinisweb.ares.lt\/et\/wp-json\/wp\/v2\/media\/16195"}],"wp:attachment":[{"href":"https:\/\/testinisweb.ares.lt\/et\/wp-json\/wp\/v2\/media?parent=16190"}],"wp:term":[{"taxonomy":"product_cat","embeddable":true,"href":"https:\/\/testinisweb.ares.lt\/et\/wp-json\/wp\/v2\/product_cat?post=16190"},{"taxonomy":"product_tag","embeddable":true,"href":"https:\/\/testinisweb.ares.lt\/et\/wp-json\/wp\/v2\/product_tag?post=16190"}],"curies":[{"name":"wp","href":"https:\/\/api.w.org\/{rel}","templated":true}]}}