{"id":16374,"date":"2024-09-29T20:33:45","date_gmt":"2024-09-29T18:33:45","guid":{"rendered":"https:\/\/testinisweb.ares.lt\/?post_type=product&#038;p=16374"},"modified":"2026-02-11T12:18:09","modified_gmt":"2026-02-11T10:18:09","slug":"sudamekujulise-ripatsiga-korvarongas","status":"publish","type":"product","link":"https:\/\/testinisweb.ares.lt\/et\/parduotuve\/auskaru-pakabukas-sirdele\/","title":{"rendered":"K\u00f5rvar\u00f5nga ripats &quot;S\u00fcda&quot;"},"content":{"rendered":"<h2>K\u00f5rvar\u00f5nga ripats &quot;S\u00fcda&quot;<\/h2>\n<p>See on elegantne aksessuaar, mis edastab ideaalselt armastust, soojust ja \u00f5rnust. See \u201eS\u00fcdame\u201c k\u00f5rvar\u00f5nga ripats ei peegelda mitte ainult tundeid, vaid lisab teie v\u00e4limusele ka peent v\u00f5lu. Nii igap\u00e4evaseks kandmiseks kui ka erilisteks s\u00fcndmusteks r\u00f5hutab \u201eS\u00fcdame\u201c kujuline ripats teie ainulaadsust ja p\u00fchendumist stiilile. See on suurep\u00e4rane valik neile, kes hindavad romantilisi aktsente ja soovivad oma ehtekollektsiooni rikastada t\u00e4hendusrikka ja moodsa aksessuaariga. See v\u00f5ib olla imeline kingitus kallimale v\u00f5i eksklusiivne detail teie isikliku stiili jaoks.<\/p>\n<h3>Paindlikkus ja lihtne reguleerimine<\/h3>\n<p>Selle ripatsi mitmek\u00fclgsus muudab selle h\u00f5lpsaks kohandamiseks erinevat t\u00fc\u00fcpi k\u00f5rvar\u00f5ngastega - alates \u00f5rnadest <a href=\"https:\/\/testinisweb.ares.lt\/et\/korvarongaste-kollektsioon\/\" target=\"_blank\" rel=\"noopener\">lilledest v\u00f5i komplektidest<\/a>S\u00fcdamekujuline ripats v\u00f5imaldab teil oma stiili v\u00e4rskendada ilma suurema vaevata v\u00f5i uutesse k\u00f5rvar\u00f5ngastesse investeerimata. Selline aksessuaar v\u00f5imaldab teil s\u00e4ilitada moodsa ilme ning selle lihtne, kuid elegantne disain sobib h\u00e4sti erinevate riietumisstiilidega. Olenemata sellest, kas teile meeldivad minimalistlikud ehted v\u00f5i jumaldate luksust, t\u00e4iendab s\u00fcdamekujuline ripats ideaalselt iga v\u00e4limust.<\/p>\n<h3>Usaldusv\u00e4\u00e4rne kvaliteet ja vastupidavus<\/h3>\n<p>Kvaliteetsest kullast valmistatud k\u00f5rvar\u00f5ngaripats tagab mitte ainult suurep\u00e4rase esteetika, vaid ka vastupidavuse. Kuld on \u00fcks vastupidavamaid metalle, seega s\u00e4ilitab &quot;S\u00fcda&quot; oma ilu ja v\u00e4\u00e4rtuse aastaid. Ripatsi \u00f5rn kuju ja t\u00e4pne t\u00f6\u00f6tlus annavad sellele lisaks visuaalsele atraktiivsusele ka kauakestva l\u00e4ike. Sellest aksessuaarist saab mitte ainult teie ehte eksklusiivne osa, vaid ka m\u00e4lestusese, mida saate kanda iga p\u00e4ev v\u00f5i erilistel puhkudel.<\/p>\n<h3>Kombineerimisv\u00f5imalused ja loovus<\/h3>\n<p>&quot;S\u00fcda&quot; ripats pakub l\u00f5putult v\u00f5imalusi oma loovuse v\u00e4ljendamiseks. Saate seda kombineerida mitte ainult k\u00f5rvar\u00f5ngaste, vaid ka teiste ehetega, n\u00e4iteks kettide v\u00f5i k\u00e4ev\u00f5rudega. See v\u00f5imaldab teil luua mitmesuguseid ainulaadseid kombinatsioone, mida saab vastavalt teie tujule v\u00f5i s\u00fcndmusele muuta. T\u00e4nu oma paindlikkusele <a href=\"https:\/\/www.delfi.lt\/moterys\/ivairenybes\/neitikinetinos-istorijos-is-kur-kilo-sirdeles-simbolis-kodel-jis-ne-kiek-neprimena-tikrosios-sirdies-87200387\" target=\"_blank\" rel=\"noopener\">s\u00fcdamekujuline<\/a> Ripats sobib nii vabaaja kui ka \u00f5htuse stiiliga, lisades igale riietusele pehmust ja elegantsi. See on suurep\u00e4rane viis oma v\u00e4limuse v\u00e4rskendamiseks ilma suurema vaeva ja investeeringuta.<\/p>\n<h3>Sensuaalsus ja stiili v\u00e4ljendusrikkus<\/h3>\n<p>L\u00f5puks, S\u00fcdame ripats on enamat kui lihtsalt ehe \u2013 see on viis v\u00e4ljendada oma isiklikku stiili ja tundeid. See aksessuaar s\u00fcmboliseerib armastust ja soojust, seega aitab see teil oma tundeid edasi anda ja peene elegantsiga silma paista. S\u00fcdant kandes tunnete end iga p\u00e4ev erilisena. See on ehe, mis saab teie stiili aktsendiks ja tuletab teile meelde k\u00f5ige olulisemaid asju elus. Uuendage oma ehtekollektsiooni selle v\u00f5luva ja s\u00fcmboolse aksessuaariga, mis r\u00f5\u00f5mustab teie s\u00fcdant ja silmi pikaks ajaks.<\/p>","protected":false},"excerpt":{"rendered":"<p>M\u00e4rkus: K\u00f5rvar\u00f5ngad ei kuulu komplekti, need k\u00f5rvar\u00f5ngad saab osta altpoolt.<\/p>","protected":false},"featured_media":17565,"comment_status":"open","ping_status":"closed","template":"","meta":[],"product_cat":[883,402,401],"product_tag":[],"class_list":{"0":"post-16374","1":"product","2":"type-product","3":"status-publish","4":"has-post-thumbnail","6":"product_cat-auskaru-pakabukai","7":"product_cat-geltono-aukso-papuosalai","8":"product_cat-raudono-aukso-papuosalai","9":"tm-no-options","11":"first","12":"instock","13":"shipping-taxable","14":"purchasable","15":"product-type-variable","16":"has-default-attributes"},"yoast_head":"<!-- This site is optimized with the Yoast SEO plugin v27.3 - https:\/\/yoast.com\/product\/yoast-seo-wordpress\/ -->\n<title>Auskar\u0173 pakabukas &quot;\u0160irdel\u0117&quot;<\/title>\n<meta name=\"description\" content=\"Pastaba: Auskarai rink\u0117s \u012f komplekt\u0105 ne\u012feina, \u0161iuos auskarus galite \u012fsigyti apa\u010dioje.\" \/>\n<meta name=\"robots\" content=\"index, follow, max-snippet:-1, max-image-preview:large, max-video-preview:-1\" \/>\n<link rel=\"canonical\" href=\"https:\/\/testinisweb.ares.lt\/et\/poes\/sudamekujulise-ripatsiga-korvarongas\/\" \/>\n<meta property=\"og:locale\" content=\"et_EE\" \/>\n<meta property=\"og:type\" content=\"article\" \/>\n<meta property=\"og:title\" content=\"Auskar\u0173 pakabukas &quot;\u0160irdel\u0117&quot;\" \/>\n<meta property=\"og:description\" content=\"Pastaba: Auskarai rink\u0117s \u012f komplekt\u0105 ne\u012feina, \u0161iuos auskarus galite \u012fsigyti apa\u010dioje.\" \/>\n<meta property=\"og:url\" content=\"https:\/\/testinisweb.ares.lt\/et\/poes\/sudamekujulise-ripatsiga-korvarongas\/\" \/>\n<meta property=\"og:site_name\" content=\"ARES Juvelyrika\" \/>\n<meta property=\"article:publisher\" content=\"https:\/\/www.facebook.com\/AresJewellery\" \/>\n<meta property=\"article:modified_time\" content=\"2026-02-11T10:18:09+00:00\" \/>\n<meta property=\"og:image\" content=\"https:\/\/testinisweb.ares.lt\/wp-content\/uploads\/2024\/09\/IMG_6055-1.jpg\" \/>\n\t<meta property=\"og:image:width\" content=\"3000\" \/>\n\t<meta property=\"og:image:height\" content=\"3000\" \/>\n\t<meta property=\"og:image:type\" content=\"image\/jpeg\" \/>\n<meta name=\"twitter:card\" content=\"summary_large_image\" \/>\n<meta name=\"twitter:label1\" content=\"Est. reading time\" \/>\n\t<meta name=\"twitter:data1\" content=\"1 minut\" \/>\n<script type=\"application\/ld+json\" class=\"yoast-schema-graph\">{\"@context\":\"https:\\\/\\\/schema.org\",\"@graph\":[{\"@type\":\"WebPage\",\"@id\":\"https:\\\/\\\/testinisweb.ares.lt\\\/parduotuve\\\/auskaru-pakabukas-sirdele\\\/\",\"url\":\"https:\\\/\\\/testinisweb.ares.lt\\\/parduotuve\\\/auskaru-pakabukas-sirdele\\\/\",\"name\":\"Auskar\u0173 pakabukas \\\"\u0160irdel\u0117\\\"\",\"isPartOf\":{\"@id\":\"https:\\\/\\\/testinisweb.ares.lt\\\/#website\"},\"primaryImageOfPage\":{\"@id\":\"https:\\\/\\\/testinisweb.ares.lt\\\/parduotuve\\\/auskaru-pakabukas-sirdele\\\/#primaryimage\"},\"image\":{\"@id\":\"https:\\\/\\\/testinisweb.ares.lt\\\/parduotuve\\\/auskaru-pakabukas-sirdele\\\/#primaryimage\"},\"thumbnailUrl\":\"https:\\\/\\\/testinisweb.ares.lt\\\/wp-content\\\/uploads\\\/2024\\\/09\\\/IMG_6055-1.jpg\",\"datePublished\":\"2024-09-29T18:33:45+00:00\",\"dateModified\":\"2026-02-11T10:18:09+00:00\",\"description\":\"Pastaba: Auskarai rink\u0117s \u012f komplekt\u0105 ne\u012feina, \u0161iuos auskarus galite \u012fsigyti apa\u010dioje.\",\"breadcrumb\":{\"@id\":\"https:\\\/\\\/testinisweb.ares.lt\\\/parduotuve\\\/auskaru-pakabukas-sirdele\\\/#breadcrumb\"},\"inLanguage\":\"et\",\"potentialAction\":[{\"@type\":\"ReadAction\",\"target\":[\"https:\\\/\\\/testinisweb.ares.lt\\\/parduotuve\\\/auskaru-pakabukas-sirdele\\\/\"]}]},{\"@type\":\"ImageObject\",\"inLanguage\":\"et\",\"@id\":\"https:\\\/\\\/testinisweb.ares.lt\\\/parduotuve\\\/auskaru-pakabukas-sirdele\\\/#primaryimage\",\"url\":\"https:\\\/\\\/testinisweb.ares.lt\\\/wp-content\\\/uploads\\\/2024\\\/09\\\/IMG_6055-1.jpg\",\"contentUrl\":\"https:\\\/\\\/testinisweb.ares.lt\\\/wp-content\\\/uploads\\\/2024\\\/09\\\/IMG_6055-1.jpg\",\"width\":3000,\"height\":3000,\"caption\":\"Auskar\u0173 pakabukas \\\"\u0160irdel\u0117\\\"\"},{\"@type\":\"BreadcrumbList\",\"@id\":\"https:\\\/\\\/testinisweb.ares.lt\\\/parduotuve\\\/auskaru-pakabukas-sirdele\\\/#breadcrumb\",\"itemListElement\":[{\"@type\":\"ListItem\",\"position\":1,\"name\":\"Auksiniai papuo\u0161alai\",\"item\":\"https:\\\/\\\/testinisweb.ares.lt\\\/\"},{\"@type\":\"ListItem\",\"position\":2,\"name\":\"Parduotuv\u0117\",\"item\":\"https:\\\/\\\/testinisweb.ares.lt\\\/parduotuve\\\/\"},{\"@type\":\"ListItem\",\"position\":3,\"name\":\"Auskar\u0173 pakabukas &#8222;\u0160irdel\u0117&#8221;\"}]},{\"@type\":\"WebSite\",\"@id\":\"https:\\\/\\\/testinisweb.ares.lt\\\/#website\",\"url\":\"https:\\\/\\\/testinisweb.ares.lt\\\/\",\"name\":\"ARES Juvelyrika\",\"description\":\"Auksiniai papuo\u0161alai\",\"publisher\":{\"@id\":\"https:\\\/\\\/testinisweb.ares.lt\\\/#organization\"},\"potentialAction\":[{\"@type\":\"SearchAction\",\"target\":{\"@type\":\"EntryPoint\",\"urlTemplate\":\"https:\\\/\\\/testinisweb.ares.lt\\\/?s={search_term_string}\"},\"query-input\":{\"@type\":\"PropertyValueSpecification\",\"valueRequired\":true,\"valueName\":\"search_term_string\"}}],\"inLanguage\":\"et\"},{\"@type\":\"Organization\",\"@id\":\"https:\\\/\\\/testinisweb.ares.lt\\\/#organization\",\"name\":\"Ares Juvelyrika auksiniai papuosalai\",\"url\":\"https:\\\/\\\/testinisweb.ares.lt\\\/\",\"logo\":{\"@type\":\"ImageObject\",\"inLanguage\":\"et\",\"@id\":\"https:\\\/\\\/testinisweb.ares.lt\\\/#\\\/schema\\\/logo\\\/image\\\/\",\"url\":\"https:\\\/\\\/i0.wp.com\\\/testinisweb.ares.lt\\\/wp-content\\\/uploads\\\/2022\\\/03\\\/ares-text-logo-1.png?fit=417%2C122&ssl=1\",\"contentUrl\":\"https:\\\/\\\/i0.wp.com\\\/testinisweb.ares.lt\\\/wp-content\\\/uploads\\\/2022\\\/03\\\/ares-text-logo-1.png?fit=417%2C122&ssl=1\",\"width\":417,\"height\":122,\"caption\":\"Ares Juvelyrika auksiniai papuosalai\"},\"image\":{\"@id\":\"https:\\\/\\\/testinisweb.ares.lt\\\/#\\\/schema\\\/logo\\\/image\\\/\"},\"sameAs\":[\"https:\\\/\\\/www.facebook.com\\\/AresJewellery\",\"https:\\\/\\\/www.instagram.com\\\/ares_juvelyrika\\\/\"]}]}<\/script>\n<!-- \/ Yoast SEO plugin. -->","yoast_head_json":{"title":"K\u00f5rvar\u00f5nga ripats &quot;S\u00fcda&quot;","description":"M\u00e4rkus: K\u00f5rvar\u00f5ngad ei kuulu komplekti, need k\u00f5rvar\u00f5ngad saab osta altpoolt.","robots":{"index":"index","follow":"follow","max-snippet":"max-snippet:-1","max-image-preview":"max-image-preview:large","max-video-preview":"max-video-preview:-1"},"canonical":"https:\/\/testinisweb.ares.lt\/et\/poes\/sudamekujulise-ripatsiga-korvarongas\/","og_locale":"et_EE","og_type":"article","og_title":"Auskar\u0173 pakabukas \"\u0160irdel\u0117\"","og_description":"Pastaba: Auskarai rink\u0117s \u012f komplekt\u0105 ne\u012feina, \u0161iuos auskarus galite \u012fsigyti apa\u010dioje.","og_url":"https:\/\/testinisweb.ares.lt\/et\/poes\/sudamekujulise-ripatsiga-korvarongas\/","og_site_name":"ARES Juvelyrika","article_publisher":"https:\/\/www.facebook.com\/AresJewellery","article_modified_time":"2026-02-11T10:18:09+00:00","og_image":[{"width":3000,"height":3000,"url":"https:\/\/testinisweb.ares.lt\/wp-content\/uploads\/2024\/09\/IMG_6055-1.jpg","type":"image\/jpeg"}],"twitter_card":"summary_large_image","twitter_misc":{"Est. reading time":"1 minut"},"schema":{"@context":"https:\/\/schema.org","@graph":[{"@type":"WebPage","@id":"https:\/\/testinisweb.ares.lt\/parduotuve\/auskaru-pakabukas-sirdele\/","url":"https:\/\/testinisweb.ares.lt\/parduotuve\/auskaru-pakabukas-sirdele\/","name":"K\u00f5rvar\u00f5nga ripats &quot;S\u00fcda&quot;","isPartOf":{"@id":"https:\/\/testinisweb.ares.lt\/#website"},"primaryImageOfPage":{"@id":"https:\/\/testinisweb.ares.lt\/parduotuve\/auskaru-pakabukas-sirdele\/#primaryimage"},"image":{"@id":"https:\/\/testinisweb.ares.lt\/parduotuve\/auskaru-pakabukas-sirdele\/#primaryimage"},"thumbnailUrl":"https:\/\/testinisweb.ares.lt\/wp-content\/uploads\/2024\/09\/IMG_6055-1.jpg","datePublished":"2024-09-29T18:33:45+00:00","dateModified":"2026-02-11T10:18:09+00:00","description":"M\u00e4rkus: K\u00f5rvar\u00f5ngad ei kuulu komplekti, need k\u00f5rvar\u00f5ngad saab osta altpoolt.","breadcrumb":{"@id":"https:\/\/testinisweb.ares.lt\/parduotuve\/auskaru-pakabukas-sirdele\/#breadcrumb"},"inLanguage":"et","potentialAction":[{"@type":"ReadAction","target":["https:\/\/testinisweb.ares.lt\/parduotuve\/auskaru-pakabukas-sirdele\/"]}]},{"@type":"ImageObject","inLanguage":"et","@id":"https:\/\/testinisweb.ares.lt\/parduotuve\/auskaru-pakabukas-sirdele\/#primaryimage","url":"https:\/\/testinisweb.ares.lt\/wp-content\/uploads\/2024\/09\/IMG_6055-1.jpg","contentUrl":"https:\/\/testinisweb.ares.lt\/wp-content\/uploads\/2024\/09\/IMG_6055-1.jpg","width":3000,"height":3000,"caption":"Auskar\u0173 pakabukas \"\u0160irdel\u0117\""},{"@type":"BreadcrumbList","@id":"https:\/\/testinisweb.ares.lt\/parduotuve\/auskaru-pakabukas-sirdele\/#breadcrumb","itemListElement":[{"@type":"ListItem","position":1,"name":"Auksiniai papuo\u0161alai","item":"https:\/\/testinisweb.ares.lt\/"},{"@type":"ListItem","position":2,"name":"Parduotuv\u0117","item":"https:\/\/testinisweb.ares.lt\/parduotuve\/"},{"@type":"ListItem","position":3,"name":"Auskar\u0173 pakabukas &#8222;\u0160irdel\u0117&#8221;"}]},{"@type":"WebSite","@id":"https:\/\/testinisweb.ares.lt\/#website","url":"https:\/\/testinisweb.ares.lt\/","name":"ARES Ehted","description":"Kuldsed ehted","publisher":{"@id":"https:\/\/testinisweb.ares.lt\/#organization"},"potentialAction":[{"@type":"SearchAction","target":{"@type":"EntryPoint","urlTemplate":"https:\/\/testinisweb.ares.lt\/?s={search_term_string}"},"query-input":{"@type":"PropertyValueSpecification","valueRequired":true,"valueName":"search_term_string"}}],"inLanguage":"et"},{"@type":"Organization","@id":"https:\/\/testinisweb.ares.lt\/#organization","name":"Ares Ehted kuldehted","url":"https:\/\/testinisweb.ares.lt\/","logo":{"@type":"ImageObject","inLanguage":"et","@id":"https:\/\/testinisweb.ares.lt\/#\/schema\/logo\/image\/","url":"https:\/\/i0.wp.com\/testinisweb.ares.lt\/wp-content\/uploads\/2022\/03\/ares-text-logo-1.png?fit=417%2C122&ssl=1","contentUrl":"https:\/\/i0.wp.com\/testinisweb.ares.lt\/wp-content\/uploads\/2022\/03\/ares-text-logo-1.png?fit=417%2C122&ssl=1","width":417,"height":122,"caption":"Ares Juvelyrika auksiniai papuosalai"},"image":{"@id":"https:\/\/testinisweb.ares.lt\/#\/schema\/logo\/image\/"},"sameAs":["https:\/\/www.facebook.com\/AresJewellery","https:\/\/www.instagram.com\/ares_juvelyrika\/"]}]}},"_links":{"self":[{"href":"https:\/\/testinisweb.ares.lt\/et\/wp-json\/wp\/v2\/product\/16374","targetHints":{"allow":["GET"]}}],"collection":[{"href":"https:\/\/testinisweb.ares.lt\/et\/wp-json\/wp\/v2\/product"}],"about":[{"href":"https:\/\/testinisweb.ares.lt\/et\/wp-json\/wp\/v2\/types\/product"}],"replies":[{"embeddable":true,"href":"https:\/\/testinisweb.ares.lt\/et\/wp-json\/wp\/v2\/comments?post=16374"}],"wp:featuredmedia":[{"embeddable":true,"href":"https:\/\/testinisweb.ares.lt\/et\/wp-json\/wp\/v2\/media\/17565"}],"wp:attachment":[{"href":"https:\/\/testinisweb.ares.lt\/et\/wp-json\/wp\/v2\/media?parent=16374"}],"wp:term":[{"taxonomy":"product_cat","embeddable":true,"href":"https:\/\/testinisweb.ares.lt\/et\/wp-json\/wp\/v2\/product_cat?post=16374"},{"taxonomy":"product_tag","embeddable":true,"href":"https:\/\/testinisweb.ares.lt\/et\/wp-json\/wp\/v2\/product_tag?post=16374"}],"curies":[{"name":"wp","href":"https:\/\/api.w.org\/{rel}","templated":true}]}}