{"id":17212,"date":"2025-02-14T21:30:33","date_gmt":"2025-02-14T19:30:33","guid":{"rendered":"https:\/\/testinisweb.ares.lt\/?post_type=product&#038;p=17212"},"modified":"2026-01-25T22:01:48","modified_gmt":"2026-01-25T20:01:48","slug":"kuldne-ripats-ristimiseks-4","status":"publish","type":"product","link":"https:\/\/testinisweb.ares.lt\/et\/parduotuve\/auksinis-pakabukas-krikstynos-4\/","title":{"rendered":"Kuldne ripats &quot;P\u00fcha Neitsi Maarja&quot;"},"content":{"rendered":"<h3 data-start=\"0\" data-end=\"37\">Kuldne ripats &quot;P\u00fcha Neitsi Maarja&quot;<\/h3>\n<p data-start=\"39\" data-end=\"302\">See 585 kullast ripats &quot;P\u00fcha Neitsi Maarja&quot; on eriline ja t\u00e4hendusrikas ehe \u00fche elu t\u00e4htsaima t\u00e4htp\u00e4eva puhul. See s\u00fcmboliseerib vaimset kaitset, \u00f5nnistust ja uut eluetappi, muutes selle suurep\u00e4raseks valikuks kingituseks ristimiseks.<\/p>\n<p data-start=\"304\" data-end=\"551\">Kullast ripatsid religioossete ja s\u00fcmboolsete motiividega pole mitte ainult elegantsed, vaid neil on ka eriline t\u00e4hendus. Need on v\u00e4\u00e4rtuslik kingitus, mida saab p\u00f5lvest p\u00f5lve edasi anda, tuletades meelde erilist p\u00e4eva ja pakkudes turvatunnet.<\/p>\n<p data-start=\"553\" data-end=\"828\">Oma \u00f5rna ja peene disainiga sobib see ripats ideaalselt erinevate kuldkettidega, s\u00e4ilitades elegantse ja t\u00e4hendusrikka v\u00e4limuse. See sobib nii beebidele kui ka vanematele lastele v\u00f5i isegi t\u00e4iskasvanutele v\u00e4\u00e4rtusliku m\u00e4lestusena ristimisp\u00e4evast.<\/p>\n<p data-start=\"830\" data-end=\"1124\" data-is-last-node=\"\">Kullast ehted on vastupidavad ja v\u00e4\u00e4rtuslikud, seega saab sellest ripatsist &quot;P\u00fcha Neitsi Maarja&quot; kestva v\u00e4\u00e4rtusega kingitus, mis pakub kaitset, usku ja soojemaid tundeid paljudeks aastateks. 585 kuld tagab k\u00f5rgeima kvaliteedi, mist\u00f5ttu j\u00e4\u00e4b see ehe eriliseks ja t\u00e4hendusrikkaks kogu eluks.<\/p>","protected":false},"excerpt":{"rendered":"<p>Auksinis pakabukas \u201e\u0160v. Mergel\u0117 Marija\u201c \u0160is 585 prabos auksinis pakabukas \u201e\u0160v. Mergel\u0117 Marija\u201c \u2013 tai ypatingas ir prasmingas papuo\u0161alas, skirtas vienai svarbiausi\u0173&hellip;<\/p>","protected":false},"featured_media":17213,"comment_status":"open","ping_status":"closed","template":"","meta":[],"product_cat":[961,974,969,1009],"product_tag":[],"class_list":{"0":"post-17212","1":"product","2":"type-product","3":"status-publish","4":"has-post-thumbnail","6":"product_cat-auksiniai-pakabukai","7":"product_cat-auksiniai-pakabukai-iki-500-eur","8":"product_cat-raudono-aukso-pakabukai","9":"product_cat-religiniai-pakabukai","10":"tm-no-options","12":"first","13":"instock","14":"shipping-taxable","15":"purchasable","16":"product-type-simple"},"yoast_head":"<!-- This site is optimized with the Yoast SEO plugin v27.3 - https:\/\/yoast.com\/product\/yoast-seo-wordpress\/ -->\n<title>Auksinis pakabukas \u201e\u0160v. Mergel\u0117 Marija\u201c<\/title>\n<meta name=\"description\" content=\"Auksinis pakabukas \u201e\u0160v. Mergel\u0117 Marija\u201c \u0160is 585 prabos auksinis pakabukas \u201e\u0160v. Mergel\u0117 Marija\u201c \u2013 tai ypatingas ir prasmingas papuo\u0161alas, skirtas vienai\" \/>\n<meta name=\"robots\" content=\"index, follow, max-snippet:-1, max-image-preview:large, max-video-preview:-1\" \/>\n<link rel=\"canonical\" href=\"https:\/\/testinisweb.ares.lt\/et\/poes\/kuldne-ripats-ristimiseks-4\/\" \/>\n<meta property=\"og:locale\" content=\"et_EE\" \/>\n<meta property=\"og:type\" content=\"article\" \/>\n<meta property=\"og:title\" content=\"Auksinis pakabukas \u201e\u0160v. Mergel\u0117 Marija\u201c\" \/>\n<meta property=\"og:description\" content=\"Auksinis pakabukas \u201e\u0160v. Mergel\u0117 Marija\u201c \u0160is 585 prabos auksinis pakabukas \u201e\u0160v. Mergel\u0117 Marija\u201c \u2013 tai ypatingas ir prasmingas papuo\u0161alas, skirtas vienai\" \/>\n<meta property=\"og:url\" content=\"https:\/\/testinisweb.ares.lt\/et\/poes\/kuldne-ripats-ristimiseks-4\/\" \/>\n<meta property=\"og:site_name\" content=\"ARES Juvelyrika\" \/>\n<meta property=\"article:publisher\" content=\"https:\/\/www.facebook.com\/AresJewellery\" \/>\n<meta property=\"article:modified_time\" content=\"2026-01-25T20:01:48+00:00\" \/>\n<meta property=\"og:image\" content=\"https:\/\/testinisweb.ares.lt\/wp-content\/uploads\/2025\/02\/AP_A7.jpg\" \/>\n\t<meta property=\"og:image:width\" content=\"3000\" \/>\n\t<meta property=\"og:image:height\" content=\"3000\" \/>\n\t<meta property=\"og:image:type\" content=\"image\/jpeg\" \/>\n<meta name=\"twitter:card\" content=\"summary_large_image\" \/>\n<meta name=\"twitter:label1\" content=\"Est. reading time\" \/>\n\t<meta name=\"twitter:data1\" content=\"1 minut\" \/>\n<script type=\"application\/ld+json\" class=\"yoast-schema-graph\">{\"@context\":\"https:\\\/\\\/schema.org\",\"@graph\":[{\"@type\":\"WebPage\",\"@id\":\"https:\\\/\\\/testinisweb.ares.lt\\\/parduotuve\\\/auksinis-pakabukas-krikstynos-4\\\/\",\"url\":\"https:\\\/\\\/testinisweb.ares.lt\\\/parduotuve\\\/auksinis-pakabukas-krikstynos-4\\\/\",\"name\":\"Auksinis pakabukas \u201e\u0160v. Mergel\u0117 Marija\u201c\",\"isPartOf\":{\"@id\":\"https:\\\/\\\/testinisweb.ares.lt\\\/#website\"},\"primaryImageOfPage\":{\"@id\":\"https:\\\/\\\/testinisweb.ares.lt\\\/parduotuve\\\/auksinis-pakabukas-krikstynos-4\\\/#primaryimage\"},\"image\":{\"@id\":\"https:\\\/\\\/testinisweb.ares.lt\\\/parduotuve\\\/auksinis-pakabukas-krikstynos-4\\\/#primaryimage\"},\"thumbnailUrl\":\"https:\\\/\\\/testinisweb.ares.lt\\\/wp-content\\\/uploads\\\/2025\\\/02\\\/AP_A7.jpg\",\"datePublished\":\"2025-02-14T19:30:33+00:00\",\"dateModified\":\"2026-01-25T20:01:48+00:00\",\"description\":\"Auksinis pakabukas \u201e\u0160v. Mergel\u0117 Marija\u201c \u0160is 585 prabos auksinis pakabukas \u201e\u0160v. Mergel\u0117 Marija\u201c \u2013 tai ypatingas ir prasmingas papuo\u0161alas, skirtas vienai\",\"breadcrumb\":{\"@id\":\"https:\\\/\\\/testinisweb.ares.lt\\\/parduotuve\\\/auksinis-pakabukas-krikstynos-4\\\/#breadcrumb\"},\"inLanguage\":\"et\",\"potentialAction\":[{\"@type\":\"ReadAction\",\"target\":[\"https:\\\/\\\/testinisweb.ares.lt\\\/parduotuve\\\/auksinis-pakabukas-krikstynos-4\\\/\"]}]},{\"@type\":\"ImageObject\",\"inLanguage\":\"et\",\"@id\":\"https:\\\/\\\/testinisweb.ares.lt\\\/parduotuve\\\/auksinis-pakabukas-krikstynos-4\\\/#primaryimage\",\"url\":\"https:\\\/\\\/testinisweb.ares.lt\\\/wp-content\\\/uploads\\\/2025\\\/02\\\/AP_A7.jpg\",\"contentUrl\":\"https:\\\/\\\/testinisweb.ares.lt\\\/wp-content\\\/uploads\\\/2025\\\/02\\\/AP_A7.jpg\",\"width\":3000,\"height\":3000,\"caption\":\"Auksinis pakabukas \u201eKrik\u0161tynos\u201c\"},{\"@type\":\"BreadcrumbList\",\"@id\":\"https:\\\/\\\/testinisweb.ares.lt\\\/parduotuve\\\/auksinis-pakabukas-krikstynos-4\\\/#breadcrumb\",\"itemListElement\":[{\"@type\":\"ListItem\",\"position\":1,\"name\":\"Auksiniai papuo\u0161alai\",\"item\":\"https:\\\/\\\/testinisweb.ares.lt\\\/\"},{\"@type\":\"ListItem\",\"position\":2,\"name\":\"Parduotuv\u0117\",\"item\":\"https:\\\/\\\/testinisweb.ares.lt\\\/parduotuve\\\/\"},{\"@type\":\"ListItem\",\"position\":3,\"name\":\"Auksinis pakabukas \u201e\u0160v. Mergel\u0117 Marija\u201c\"}]},{\"@type\":\"WebSite\",\"@id\":\"https:\\\/\\\/testinisweb.ares.lt\\\/#website\",\"url\":\"https:\\\/\\\/testinisweb.ares.lt\\\/\",\"name\":\"ARES Juvelyrika\",\"description\":\"Auksiniai papuo\u0161alai\",\"publisher\":{\"@id\":\"https:\\\/\\\/testinisweb.ares.lt\\\/#organization\"},\"potentialAction\":[{\"@type\":\"SearchAction\",\"target\":{\"@type\":\"EntryPoint\",\"urlTemplate\":\"https:\\\/\\\/testinisweb.ares.lt\\\/?s={search_term_string}\"},\"query-input\":{\"@type\":\"PropertyValueSpecification\",\"valueRequired\":true,\"valueName\":\"search_term_string\"}}],\"inLanguage\":\"et\"},{\"@type\":\"Organization\",\"@id\":\"https:\\\/\\\/testinisweb.ares.lt\\\/#organization\",\"name\":\"Ares Juvelyrika auksiniai papuosalai\",\"url\":\"https:\\\/\\\/testinisweb.ares.lt\\\/\",\"logo\":{\"@type\":\"ImageObject\",\"inLanguage\":\"et\",\"@id\":\"https:\\\/\\\/testinisweb.ares.lt\\\/#\\\/schema\\\/logo\\\/image\\\/\",\"url\":\"https:\\\/\\\/i0.wp.com\\\/testinisweb.ares.lt\\\/wp-content\\\/uploads\\\/2022\\\/03\\\/ares-text-logo-1.png?fit=417%2C122&ssl=1\",\"contentUrl\":\"https:\\\/\\\/i0.wp.com\\\/testinisweb.ares.lt\\\/wp-content\\\/uploads\\\/2022\\\/03\\\/ares-text-logo-1.png?fit=417%2C122&ssl=1\",\"width\":417,\"height\":122,\"caption\":\"Ares Juvelyrika auksiniai papuosalai\"},\"image\":{\"@id\":\"https:\\\/\\\/testinisweb.ares.lt\\\/#\\\/schema\\\/logo\\\/image\\\/\"},\"sameAs\":[\"https:\\\/\\\/www.facebook.com\\\/AresJewellery\",\"https:\\\/\\\/www.instagram.com\\\/ares_juvelyrika\\\/\"]}]}<\/script>\n<!-- \/ Yoast SEO plugin. -->","yoast_head_json":{"title":"Kuldne ripats &quot;P\u00fcha Neitsi Maarja&quot;","description":"Kullast ripats &quot;P\u00fcha Neitsi Maarja&quot; See 585 kullast ripats &quot;P\u00fcha Neitsi Maarja&quot; on eriline ja t\u00e4hendusrikas ehe \u00fchele inimesele.","robots":{"index":"index","follow":"follow","max-snippet":"max-snippet:-1","max-image-preview":"max-image-preview:large","max-video-preview":"max-video-preview:-1"},"canonical":"https:\/\/testinisweb.ares.lt\/et\/poes\/kuldne-ripats-ristimiseks-4\/","og_locale":"et_EE","og_type":"article","og_title":"Auksinis pakabukas \u201e\u0160v. Mergel\u0117 Marija\u201c","og_description":"Auksinis pakabukas \u201e\u0160v. Mergel\u0117 Marija\u201c \u0160is 585 prabos auksinis pakabukas \u201e\u0160v. Mergel\u0117 Marija\u201c \u2013 tai ypatingas ir prasmingas papuo\u0161alas, skirtas vienai","og_url":"https:\/\/testinisweb.ares.lt\/et\/poes\/kuldne-ripats-ristimiseks-4\/","og_site_name":"ARES Juvelyrika","article_publisher":"https:\/\/www.facebook.com\/AresJewellery","article_modified_time":"2026-01-25T20:01:48+00:00","og_image":[{"width":3000,"height":3000,"url":"https:\/\/testinisweb.ares.lt\/wp-content\/uploads\/2025\/02\/AP_A7.jpg","type":"image\/jpeg"}],"twitter_card":"summary_large_image","twitter_misc":{"Est. reading time":"1 minut"},"schema":{"@context":"https:\/\/schema.org","@graph":[{"@type":"WebPage","@id":"https:\/\/testinisweb.ares.lt\/parduotuve\/auksinis-pakabukas-krikstynos-4\/","url":"https:\/\/testinisweb.ares.lt\/parduotuve\/auksinis-pakabukas-krikstynos-4\/","name":"Kuldne ripats &quot;P\u00fcha Neitsi Maarja&quot;","isPartOf":{"@id":"https:\/\/testinisweb.ares.lt\/#website"},"primaryImageOfPage":{"@id":"https:\/\/testinisweb.ares.lt\/parduotuve\/auksinis-pakabukas-krikstynos-4\/#primaryimage"},"image":{"@id":"https:\/\/testinisweb.ares.lt\/parduotuve\/auksinis-pakabukas-krikstynos-4\/#primaryimage"},"thumbnailUrl":"https:\/\/testinisweb.ares.lt\/wp-content\/uploads\/2025\/02\/AP_A7.jpg","datePublished":"2025-02-14T19:30:33+00:00","dateModified":"2026-01-25T20:01:48+00:00","description":"Kullast ripats &quot;P\u00fcha Neitsi Maarja&quot; See 585 kullast ripats &quot;P\u00fcha Neitsi Maarja&quot; on eriline ja t\u00e4hendusrikas ehe \u00fchele inimesele.","breadcrumb":{"@id":"https:\/\/testinisweb.ares.lt\/parduotuve\/auksinis-pakabukas-krikstynos-4\/#breadcrumb"},"inLanguage":"et","potentialAction":[{"@type":"ReadAction","target":["https:\/\/testinisweb.ares.lt\/parduotuve\/auksinis-pakabukas-krikstynos-4\/"]}]},{"@type":"ImageObject","inLanguage":"et","@id":"https:\/\/testinisweb.ares.lt\/parduotuve\/auksinis-pakabukas-krikstynos-4\/#primaryimage","url":"https:\/\/testinisweb.ares.lt\/wp-content\/uploads\/2025\/02\/AP_A7.jpg","contentUrl":"https:\/\/testinisweb.ares.lt\/wp-content\/uploads\/2025\/02\/AP_A7.jpg","width":3000,"height":3000,"caption":"Auksinis pakabukas \u201eKrik\u0161tynos\u201c"},{"@type":"BreadcrumbList","@id":"https:\/\/testinisweb.ares.lt\/parduotuve\/auksinis-pakabukas-krikstynos-4\/#breadcrumb","itemListElement":[{"@type":"ListItem","position":1,"name":"Auksiniai papuo\u0161alai","item":"https:\/\/testinisweb.ares.lt\/"},{"@type":"ListItem","position":2,"name":"Parduotuv\u0117","item":"https:\/\/testinisweb.ares.lt\/parduotuve\/"},{"@type":"ListItem","position":3,"name":"Auksinis pakabukas \u201e\u0160v. Mergel\u0117 Marija\u201c"}]},{"@type":"WebSite","@id":"https:\/\/testinisweb.ares.lt\/#website","url":"https:\/\/testinisweb.ares.lt\/","name":"ARES Ehted","description":"Kuldsed ehted","publisher":{"@id":"https:\/\/testinisweb.ares.lt\/#organization"},"potentialAction":[{"@type":"SearchAction","target":{"@type":"EntryPoint","urlTemplate":"https:\/\/testinisweb.ares.lt\/?s={search_term_string}"},"query-input":{"@type":"PropertyValueSpecification","valueRequired":true,"valueName":"search_term_string"}}],"inLanguage":"et"},{"@type":"Organization","@id":"https:\/\/testinisweb.ares.lt\/#organization","name":"Ares Ehted kuldehted","url":"https:\/\/testinisweb.ares.lt\/","logo":{"@type":"ImageObject","inLanguage":"et","@id":"https:\/\/testinisweb.ares.lt\/#\/schema\/logo\/image\/","url":"https:\/\/i0.wp.com\/testinisweb.ares.lt\/wp-content\/uploads\/2022\/03\/ares-text-logo-1.png?fit=417%2C122&ssl=1","contentUrl":"https:\/\/i0.wp.com\/testinisweb.ares.lt\/wp-content\/uploads\/2022\/03\/ares-text-logo-1.png?fit=417%2C122&ssl=1","width":417,"height":122,"caption":"Ares Juvelyrika auksiniai papuosalai"},"image":{"@id":"https:\/\/testinisweb.ares.lt\/#\/schema\/logo\/image\/"},"sameAs":["https:\/\/www.facebook.com\/AresJewellery","https:\/\/www.instagram.com\/ares_juvelyrika\/"]}]}},"_links":{"self":[{"href":"https:\/\/testinisweb.ares.lt\/et\/wp-json\/wp\/v2\/product\/17212","targetHints":{"allow":["GET"]}}],"collection":[{"href":"https:\/\/testinisweb.ares.lt\/et\/wp-json\/wp\/v2\/product"}],"about":[{"href":"https:\/\/testinisweb.ares.lt\/et\/wp-json\/wp\/v2\/types\/product"}],"replies":[{"embeddable":true,"href":"https:\/\/testinisweb.ares.lt\/et\/wp-json\/wp\/v2\/comments?post=17212"}],"wp:featuredmedia":[{"embeddable":true,"href":"https:\/\/testinisweb.ares.lt\/et\/wp-json\/wp\/v2\/media\/17213"}],"wp:attachment":[{"href":"https:\/\/testinisweb.ares.lt\/et\/wp-json\/wp\/v2\/media?parent=17212"}],"wp:term":[{"taxonomy":"product_cat","embeddable":true,"href":"https:\/\/testinisweb.ares.lt\/et\/wp-json\/wp\/v2\/product_cat?post=17212"},{"taxonomy":"product_tag","embeddable":true,"href":"https:\/\/testinisweb.ares.lt\/et\/wp-json\/wp\/v2\/product_tag?post=17212"}],"curies":[{"name":"wp","href":"https:\/\/api.w.org\/{rel}","templated":true}]}}