{"id":17668,"date":"2025-03-19T14:34:14","date_gmt":"2025-03-19T12:34:14","guid":{"rendered":"https:\/\/testinisweb.ares.lt\/?post_type=product&#038;p=17668"},"modified":"2026-01-25T22:01:53","modified_gmt":"2026-01-25T20:01:53","slug":"valgest-kullast-tennisekett-tsirkoonidega","status":"publish","type":"product","link":"https:\/\/testinisweb.ares.lt\/et\/parduotuve\/balto-aukso-tennis-grandinele-su-cirkoniais\/","title":{"rendered":"Valgest kullast tennisekett tsirkoonidega"},"content":{"rendered":"<h2 data-start=\"0\" data-end=\"102\"><strong data-start=\"4\" data-end=\"100\">Valgest kullast tennisekett tsirkooniatega \u2013 moodne luksus ja l\u00f5putu s\u00e4ra<\/strong><\/h2>\n<p data-start=\"104\" data-end=\"477\"><strong data-start=\"104\" data-end=\"153\">Valgest kullast tennisekett tsirkoonidega<\/strong> \u2013 on kombinatsioon rafineeritud ilust ja ajatust elegantsist. S\u00e4delevad kvaliteetsed tsirkoonid sobivad ideaalselt valge kulla peenusega, luues eksklusiivse, kuid samas universaalselt kombineeritava aksessuaari. See kett sobib nii igap\u00e4evaseks kandmiseks kui ka erilisteks s\u00fcndmusteks, andes teie v\u00e4limusele peene luksusliku h\u00f5ngu.<\/p>\n<h4 data-start=\"479\" data-end=\"539\"><strong data-start=\"484\" data-end=\"537\">Ideaalselt paigutatud tsirkoonid \u2013 pimestav s\u00e4ra<\/strong><\/h4>\n<p data-start=\"540\" data-end=\"752\">T\u00e4pselt paigutatud kvaliteetsed tsirkoonid peegeldavad valgust ja loovad ainulaadse l\u00e4ike, mis meenutab teemantide s\u00e4delust. See kett s\u00e4rab iga liigutusega, andes teile erilise v\u00e4ljendusrikkuse.<\/p>\n<h4 data-start=\"754\" data-end=\"793\"><strong data-start=\"759\" data-end=\"791\">Moodne valgest kullast ripats<\/strong><\/h4>\n<p data-start=\"794\" data-end=\"1059\">Valmistatud <strong data-start=\"807\" data-end=\"822\">valge kuld<\/strong>Sellel ketil on jahe ja peen l\u00e4ige, mis annab ehtele moodsa ja peene ilme. Valge kulla pind on sageli kaetud roodiumiga, mis mitte ainult ei suurenda ehte vastupidavust, vaid annab ka s\u00e4ra.<\/p>\n<h4 data-start=\"1061\" data-end=\"1107\"><strong data-start=\"1066\" data-end=\"1105\">Miks valida see kett?<\/strong><\/h4>\n<p data-start=\"1108\" data-end=\"1460\">\u2714 <strong data-start=\"1110\" data-end=\"1142\">Klassikaline tennisekujundus<\/strong> \u2013 elegantne ja alati moodne valik.<br data-start=\"1190\" data-end=\"1193\" \/>\u2714 <strong data-start=\"1195\" data-end=\"1244\">Ideaalne igap\u00e4evaseks kasutamiseks ja erilisteks s\u00fcndmusteks<\/strong> \u2013 kergesti kombineeritav teiste ehetega.<br data-start=\"1286\" data-end=\"1289\" \/>\u2714 <strong data-start=\"1291\" data-end=\"1322\">Tugev ja kindel lukk<\/strong> \u2013 tagab mugava kandmise ja vastupidavuse.<br data-start=\"1369\" data-end=\"1372\" \/>\u2714 <strong data-start=\"1374\" data-end=\"1397\" data-is-only-node=\"\">Suurep\u00e4rane kingiidee<\/strong> \u2013 luksuslik ja eksklusiivne ehe kallimale v\u00f5i endale.<\/p>\n<p data-start=\"1462\" data-end=\"1721\" data-is-last-node=\"\" data-is-only-node=\"\">See <strong data-start=\"1465\" data-end=\"1514\">Tsirkoonidega tennisekett<\/strong> \u2013 on ehe, mis t\u00e4iendab teie v\u00e4limust peenelt, kuid muljetavaldavalt. Olenemata sellest, kas otsite minimalistlikku luksust v\u00f5i erilist aktsenti, saab sellest ketist teie lemmikaksessuaar igaks p\u00e4evaks.<\/p>","protected":false},"excerpt":{"rendered":"<p>Balto Aukso \u201eTennis\u201c Grandin\u0117l\u0117 su Cirkoniais \u2013 Moderni Prabanga ir Nesibaigiantis Spindesys Balto aukso \u201eTennis\u201c grandin\u0117l\u0117 su cirkoniais \u2013 tai rafinuoto gro\u017eio&hellip;<\/p>","protected":false},"featured_media":17667,"comment_status":"open","ping_status":"closed","template":"","meta":[],"product_brand":[],"product_cat":[96,953,100,432,401],"product_tag":[],"class_list":{"0":"post-17668","1":"product","2":"type-product","3":"status-publish","4":"has-post-thumbnail","6":"product_cat-grandineles","7":"product_cat-auksines-grandineles-42cm","8":"product_cat-balto-aukso-grandineles","9":"product_cat-nauja","10":"product_cat-raudono-aukso-papuosalai","11":"tm-no-options","13":"first","14":"instock","15":"shipping-taxable","16":"purchasable","17":"product-type-variable","18":"has-default-attributes"},"yoast_head":"<!-- This site is optimized with the Yoast SEO plugin v27.3 - https:\/\/yoast.com\/product\/yoast-seo-wordpress\/ -->\n<title>Balto aukso tennis grandin\u0117l\u0117 su cirkoniais<\/title>\n<meta name=\"description\" content=\"Balto Aukso \u201eTennis\u201c Grandin\u0117l\u0117 su Cirkoniais \u2013 Moderni Prabanga ir Nesibaigiantis Spindesys Balto aukso \u201eTennis\u201c grandin\u0117l\u0117 su cirkoniais \u2013 tai rafinuoto\" \/>\n<meta name=\"robots\" content=\"index, follow, max-snippet:-1, max-image-preview:large, max-video-preview:-1\" \/>\n<link rel=\"canonical\" href=\"https:\/\/testinisweb.ares.lt\/et\/poes\/valgest-kullast-tennisekett-tsirkoonidega\/\" \/>\n<meta property=\"og:locale\" content=\"et_EE\" \/>\n<meta property=\"og:type\" content=\"article\" \/>\n<meta property=\"og:title\" content=\"Balto aukso tennis grandin\u0117l\u0117 su cirkoniais\" \/>\n<meta property=\"og:description\" content=\"Balto Aukso \u201eTennis\u201c Grandin\u0117l\u0117 su Cirkoniais \u2013 Moderni Prabanga ir Nesibaigiantis Spindesys Balto aukso \u201eTennis\u201c grandin\u0117l\u0117 su cirkoniais \u2013 tai rafinuoto\" \/>\n<meta property=\"og:url\" content=\"https:\/\/testinisweb.ares.lt\/et\/poes\/valgest-kullast-tennisekett-tsirkoonidega\/\" \/>\n<meta property=\"og:site_name\" content=\"ARES Juvelyrika\" \/>\n<meta property=\"article:publisher\" content=\"https:\/\/www.facebook.com\/AresJewellery\" \/>\n<meta property=\"article:modified_time\" content=\"2026-01-25T20:01:53+00:00\" \/>\n<meta property=\"og:image\" content=\"https:\/\/testinisweb.ares.lt\/wp-content\/uploads\/2025\/03\/IMG_6038-1.jpg\" \/>\n\t<meta property=\"og:image:width\" content=\"3000\" \/>\n\t<meta property=\"og:image:height\" content=\"3000\" \/>\n\t<meta property=\"og:image:type\" content=\"image\/jpeg\" \/>\n<meta name=\"twitter:card\" content=\"summary_large_image\" \/>\n<meta name=\"twitter:label1\" content=\"Est. reading time\" \/>\n\t<meta name=\"twitter:data1\" content=\"1 minut\" \/>\n<script type=\"application\/ld+json\" class=\"yoast-schema-graph\">{\"@context\":\"https:\\\/\\\/schema.org\",\"@graph\":[{\"@type\":\"WebPage\",\"@id\":\"https:\\\/\\\/testinisweb.ares.lt\\\/parduotuve\\\/balto-aukso-tennis-grandinele-su-cirkoniais\\\/\",\"url\":\"https:\\\/\\\/testinisweb.ares.lt\\\/parduotuve\\\/balto-aukso-tennis-grandinele-su-cirkoniais\\\/\",\"name\":\"Balto aukso tennis grandin\u0117l\u0117 su cirkoniais\",\"isPartOf\":{\"@id\":\"https:\\\/\\\/testinisweb.ares.lt\\\/#website\"},\"primaryImageOfPage\":{\"@id\":\"https:\\\/\\\/testinisweb.ares.lt\\\/parduotuve\\\/balto-aukso-tennis-grandinele-su-cirkoniais\\\/#primaryimage\"},\"image\":{\"@id\":\"https:\\\/\\\/testinisweb.ares.lt\\\/parduotuve\\\/balto-aukso-tennis-grandinele-su-cirkoniais\\\/#primaryimage\"},\"thumbnailUrl\":\"https:\\\/\\\/testinisweb.ares.lt\\\/wp-content\\\/uploads\\\/2025\\\/03\\\/IMG_6038-1.jpg\",\"datePublished\":\"2025-03-19T12:34:14+00:00\",\"dateModified\":\"2026-01-25T20:01:53+00:00\",\"description\":\"Balto Aukso \u201eTennis\u201c Grandin\u0117l\u0117 su Cirkoniais \u2013 Moderni Prabanga ir Nesibaigiantis Spindesys Balto aukso \u201eTennis\u201c grandin\u0117l\u0117 su cirkoniais \u2013 tai rafinuoto\",\"breadcrumb\":{\"@id\":\"https:\\\/\\\/testinisweb.ares.lt\\\/parduotuve\\\/balto-aukso-tennis-grandinele-su-cirkoniais\\\/#breadcrumb\"},\"inLanguage\":\"et\",\"potentialAction\":[{\"@type\":\"ReadAction\",\"target\":[\"https:\\\/\\\/testinisweb.ares.lt\\\/parduotuve\\\/balto-aukso-tennis-grandinele-su-cirkoniais\\\/\"]}]},{\"@type\":\"ImageObject\",\"inLanguage\":\"et\",\"@id\":\"https:\\\/\\\/testinisweb.ares.lt\\\/parduotuve\\\/balto-aukso-tennis-grandinele-su-cirkoniais\\\/#primaryimage\",\"url\":\"https:\\\/\\\/testinisweb.ares.lt\\\/wp-content\\\/uploads\\\/2025\\\/03\\\/IMG_6038-1.jpg\",\"contentUrl\":\"https:\\\/\\\/testinisweb.ares.lt\\\/wp-content\\\/uploads\\\/2025\\\/03\\\/IMG_6038-1.jpg\",\"width\":3000,\"height\":3000,\"caption\":\"Balto aukso tennis grandin\u0117l\u0117 su cirkoniais\"},{\"@type\":\"BreadcrumbList\",\"@id\":\"https:\\\/\\\/testinisweb.ares.lt\\\/parduotuve\\\/balto-aukso-tennis-grandinele-su-cirkoniais\\\/#breadcrumb\",\"itemListElement\":[{\"@type\":\"ListItem\",\"position\":1,\"name\":\"Auksiniai papuo\u0161alai\",\"item\":\"https:\\\/\\\/testinisweb.ares.lt\\\/\"},{\"@type\":\"ListItem\",\"position\":2,\"name\":\"Parduotuv\u0117\",\"item\":\"https:\\\/\\\/testinisweb.ares.lt\\\/parduotuve\\\/\"},{\"@type\":\"ListItem\",\"position\":3,\"name\":\"Balto aukso tennis grandin\u0117l\u0117 su cirkoniais\"}]},{\"@type\":\"WebSite\",\"@id\":\"https:\\\/\\\/testinisweb.ares.lt\\\/#website\",\"url\":\"https:\\\/\\\/testinisweb.ares.lt\\\/\",\"name\":\"ARES Juvelyrika\",\"description\":\"Auksiniai papuo\u0161alai\",\"publisher\":{\"@id\":\"https:\\\/\\\/testinisweb.ares.lt\\\/#organization\"},\"potentialAction\":[{\"@type\":\"SearchAction\",\"target\":{\"@type\":\"EntryPoint\",\"urlTemplate\":\"https:\\\/\\\/testinisweb.ares.lt\\\/?s={search_term_string}\"},\"query-input\":{\"@type\":\"PropertyValueSpecification\",\"valueRequired\":true,\"valueName\":\"search_term_string\"}}],\"inLanguage\":\"et\"},{\"@type\":\"Organization\",\"@id\":\"https:\\\/\\\/testinisweb.ares.lt\\\/#organization\",\"name\":\"Ares Juvelyrika auksiniai papuosalai\",\"url\":\"https:\\\/\\\/testinisweb.ares.lt\\\/\",\"logo\":{\"@type\":\"ImageObject\",\"inLanguage\":\"et\",\"@id\":\"https:\\\/\\\/testinisweb.ares.lt\\\/#\\\/schema\\\/logo\\\/image\\\/\",\"url\":\"https:\\\/\\\/i0.wp.com\\\/testinisweb.ares.lt\\\/wp-content\\\/uploads\\\/2022\\\/03\\\/ares-text-logo-1.png?fit=417%2C122&ssl=1\",\"contentUrl\":\"https:\\\/\\\/i0.wp.com\\\/testinisweb.ares.lt\\\/wp-content\\\/uploads\\\/2022\\\/03\\\/ares-text-logo-1.png?fit=417%2C122&ssl=1\",\"width\":417,\"height\":122,\"caption\":\"Ares Juvelyrika auksiniai papuosalai\"},\"image\":{\"@id\":\"https:\\\/\\\/testinisweb.ares.lt\\\/#\\\/schema\\\/logo\\\/image\\\/\"},\"sameAs\":[\"https:\\\/\\\/www.facebook.com\\\/AresJewellery\",\"https:\\\/\\\/www.instagram.com\\\/ares_juvelyrika\\\/\"]}]}<\/script>\n<!-- \/ Yoast SEO plugin. -->","yoast_head_json":{"title":"Valgest kullast tennisekett tsirkoonidega","description":"Valgest kullast tennisekett tsirkooniumoksiididega \u2013 moodne luksus ja l\u00f5putu s\u00e4ra. Valgest kullast tenniskett tsirkooniumoksiididega on peen.","robots":{"index":"index","follow":"follow","max-snippet":"max-snippet:-1","max-image-preview":"max-image-preview:large","max-video-preview":"max-video-preview:-1"},"canonical":"https:\/\/testinisweb.ares.lt\/et\/poes\/valgest-kullast-tennisekett-tsirkoonidega\/","og_locale":"et_EE","og_type":"article","og_title":"Balto aukso tennis grandin\u0117l\u0117 su cirkoniais","og_description":"Balto Aukso \u201eTennis\u201c Grandin\u0117l\u0117 su Cirkoniais \u2013 Moderni Prabanga ir Nesibaigiantis Spindesys Balto aukso \u201eTennis\u201c grandin\u0117l\u0117 su cirkoniais \u2013 tai rafinuoto","og_url":"https:\/\/testinisweb.ares.lt\/et\/poes\/valgest-kullast-tennisekett-tsirkoonidega\/","og_site_name":"ARES Juvelyrika","article_publisher":"https:\/\/www.facebook.com\/AresJewellery","article_modified_time":"2026-01-25T20:01:53+00:00","og_image":[{"width":3000,"height":3000,"url":"https:\/\/testinisweb.ares.lt\/wp-content\/uploads\/2025\/03\/IMG_6038-1.jpg","type":"image\/jpeg"}],"twitter_card":"summary_large_image","twitter_misc":{"Est. reading time":"1 minut"},"schema":{"@context":"https:\/\/schema.org","@graph":[{"@type":"WebPage","@id":"https:\/\/testinisweb.ares.lt\/parduotuve\/balto-aukso-tennis-grandinele-su-cirkoniais\/","url":"https:\/\/testinisweb.ares.lt\/parduotuve\/balto-aukso-tennis-grandinele-su-cirkoniais\/","name":"Valgest kullast tennisekett tsirkoonidega","isPartOf":{"@id":"https:\/\/testinisweb.ares.lt\/#website"},"primaryImageOfPage":{"@id":"https:\/\/testinisweb.ares.lt\/parduotuve\/balto-aukso-tennis-grandinele-su-cirkoniais\/#primaryimage"},"image":{"@id":"https:\/\/testinisweb.ares.lt\/parduotuve\/balto-aukso-tennis-grandinele-su-cirkoniais\/#primaryimage"},"thumbnailUrl":"https:\/\/testinisweb.ares.lt\/wp-content\/uploads\/2025\/03\/IMG_6038-1.jpg","datePublished":"2025-03-19T12:34:14+00:00","dateModified":"2026-01-25T20:01:53+00:00","description":"Valgest kullast tennisekett tsirkooniumoksiididega \u2013 moodne luksus ja l\u00f5putu s\u00e4ra. Valgest kullast tenniskett tsirkooniumoksiididega on peen.","breadcrumb":{"@id":"https:\/\/testinisweb.ares.lt\/parduotuve\/balto-aukso-tennis-grandinele-su-cirkoniais\/#breadcrumb"},"inLanguage":"et","potentialAction":[{"@type":"ReadAction","target":["https:\/\/testinisweb.ares.lt\/parduotuve\/balto-aukso-tennis-grandinele-su-cirkoniais\/"]}]},{"@type":"ImageObject","inLanguage":"et","@id":"https:\/\/testinisweb.ares.lt\/parduotuve\/balto-aukso-tennis-grandinele-su-cirkoniais\/#primaryimage","url":"https:\/\/testinisweb.ares.lt\/wp-content\/uploads\/2025\/03\/IMG_6038-1.jpg","contentUrl":"https:\/\/testinisweb.ares.lt\/wp-content\/uploads\/2025\/03\/IMG_6038-1.jpg","width":3000,"height":3000,"caption":"Balto aukso tennis grandin\u0117l\u0117 su cirkoniais"},{"@type":"BreadcrumbList","@id":"https:\/\/testinisweb.ares.lt\/parduotuve\/balto-aukso-tennis-grandinele-su-cirkoniais\/#breadcrumb","itemListElement":[{"@type":"ListItem","position":1,"name":"Auksiniai papuo\u0161alai","item":"https:\/\/testinisweb.ares.lt\/"},{"@type":"ListItem","position":2,"name":"Parduotuv\u0117","item":"https:\/\/testinisweb.ares.lt\/parduotuve\/"},{"@type":"ListItem","position":3,"name":"Balto aukso tennis grandin\u0117l\u0117 su cirkoniais"}]},{"@type":"WebSite","@id":"https:\/\/testinisweb.ares.lt\/#website","url":"https:\/\/testinisweb.ares.lt\/","name":"ARES Ehted","description":"Kuldsed ehted","publisher":{"@id":"https:\/\/testinisweb.ares.lt\/#organization"},"potentialAction":[{"@type":"SearchAction","target":{"@type":"EntryPoint","urlTemplate":"https:\/\/testinisweb.ares.lt\/?s={search_term_string}"},"query-input":{"@type":"PropertyValueSpecification","valueRequired":true,"valueName":"search_term_string"}}],"inLanguage":"et"},{"@type":"Organization","@id":"https:\/\/testinisweb.ares.lt\/#organization","name":"Ares Ehted kuldehted","url":"https:\/\/testinisweb.ares.lt\/","logo":{"@type":"ImageObject","inLanguage":"et","@id":"https:\/\/testinisweb.ares.lt\/#\/schema\/logo\/image\/","url":"https:\/\/i0.wp.com\/testinisweb.ares.lt\/wp-content\/uploads\/2022\/03\/ares-text-logo-1.png?fit=417%2C122&ssl=1","contentUrl":"https:\/\/i0.wp.com\/testinisweb.ares.lt\/wp-content\/uploads\/2022\/03\/ares-text-logo-1.png?fit=417%2C122&ssl=1","width":417,"height":122,"caption":"Ares Juvelyrika auksiniai papuosalai"},"image":{"@id":"https:\/\/testinisweb.ares.lt\/#\/schema\/logo\/image\/"},"sameAs":["https:\/\/www.facebook.com\/AresJewellery","https:\/\/www.instagram.com\/ares_juvelyrika\/"]}]}},"_links":{"self":[{"href":"https:\/\/testinisweb.ares.lt\/et\/wp-json\/wp\/v2\/product\/17668","targetHints":{"allow":["GET"]}}],"collection":[{"href":"https:\/\/testinisweb.ares.lt\/et\/wp-json\/wp\/v2\/product"}],"about":[{"href":"https:\/\/testinisweb.ares.lt\/et\/wp-json\/wp\/v2\/types\/product"}],"replies":[{"embeddable":true,"href":"https:\/\/testinisweb.ares.lt\/et\/wp-json\/wp\/v2\/comments?post=17668"}],"wp:featuredmedia":[{"embeddable":true,"href":"https:\/\/testinisweb.ares.lt\/et\/wp-json\/wp\/v2\/media\/17667"}],"wp:attachment":[{"href":"https:\/\/testinisweb.ares.lt\/et\/wp-json\/wp\/v2\/media?parent=17668"}],"wp:term":[{"taxonomy":"product_brand","embeddable":true,"href":"https:\/\/testinisweb.ares.lt\/et\/wp-json\/wp\/v2\/product_brand?post=17668"},{"taxonomy":"product_cat","embeddable":true,"href":"https:\/\/testinisweb.ares.lt\/et\/wp-json\/wp\/v2\/product_cat?post=17668"},{"taxonomy":"product_tag","embeddable":true,"href":"https:\/\/testinisweb.ares.lt\/et\/wp-json\/wp\/v2\/product_tag?post=17668"}],"curies":[{"name":"wp","href":"https:\/\/api.w.org\/{rel}","templated":true}]}}