{"id":17805,"date":"2025-04-25T10:36:38","date_gmt":"2025-04-25T08:36:38","guid":{"rendered":"https:\/\/testinisweb.ares.lt\/?post_type=product&#038;p=17805"},"modified":"2026-01-25T22:01:25","modified_gmt":"2026-01-25T20:01:25","slug":"kuldne-ripats-ristikheinast-oonuks","status":"publish","type":"product","link":"https:\/\/testinisweb.ares.lt\/et\/parduotuve\/auksinis-pakabukas-dobilas-oniksas\/","title":{"rendered":"Kuldne ripats &quot;Ristike-oon\u00fcks&quot;"},"content":{"rendered":"<p class=\"\" data-start=\"55\" data-end=\"157\"><strong data-start=\"55\" data-end=\"157\">Luksus ja elegants \u00fches \u2013 neljaleheline kroonlehekujuline ripats tsirkoonide ja oon\u00fcksiga<\/strong><\/p>\n<p class=\"\" data-start=\"159\" data-end=\"444\">Peenelt disainitud ripats on valmistatud 585 prooviga punasest kullast, k\u00f6ites oma \u00f5rnade vormide ja luksuslikult s\u00e4ravate detailidega. Lillekujuline disain meenutab neljalehelist ristikut - \u00f5nne ja edu s\u00fcmbolit, seega see ehe mitte ainult ei kaunista, vaid kannab ka erilist t\u00e4hendust.<\/p>\n<p class=\"\" data-start=\"446\" data-end=\"681\">Ripatsi keskel on s\u00e4delevate tsirkoonidega kaetud kroonlehed, mis loovad iga liigutusega m\u00e4ngulise valgusefekti. Nende vahel on naturaalne oon\u00fcks, mille s\u00fcgavroheline v\u00e4rv annab ehtele harmoonia ja elegantsi.<\/p>\n<p class=\"\" data-start=\"683\" data-end=\"697\"><strong data-start=\"683\" data-end=\"697\">Ripatsi kohta:<\/strong><\/p>\n<ul data-start=\"698\" data-end=\"778\">\n<li class=\"\" data-start=\"698\" data-end=\"728\">\n<p class=\"\" data-start=\"700\" data-end=\"728\">585 punast kulda<\/p>\n<\/li>\n<li class=\"\" data-start=\"729\" data-end=\"753\">\n<p class=\"\" data-start=\"731\" data-end=\"753\">Naturaalne oon\u00fcks<\/p>\n<\/li>\n<li class=\"\" data-start=\"754\" data-end=\"778\">\n<p class=\"\" data-start=\"756\" data-end=\"778\">Tsirkoonid<\/p>\n<\/li>\n<\/ul>\n<p class=\"\" data-start=\"780\" data-end=\"954\">See ripats on suurep\u00e4rane valik neile, kes otsivad ainulaadset kingitust v\u00f5i erilist aktsenti oma ehtekollektsioonile. Kombineeri see ketiga ja loo oma ainulaadne v\u00e4limus!<\/p>","protected":false},"excerpt":{"rendered":"<p>Prabanga ir elegancija viename \u2013 keturlapis \u017eiedlapio formos pakabukas su cirkoniais ir oniksu I\u0161skirtinio dizaino pakabukas pagamintas i\u0161 585 prabos raudono aukso,&hellip;<\/p>","protected":false},"featured_media":17807,"comment_status":"open","ping_status":"closed","template":"","meta":[],"product_cat":[961,962,974,966,357,969,401,738],"product_tag":[],"class_list":{"0":"post-17805","1":"product","2":"type-product","3":"status-publish","4":"has-post-thumbnail","6":"product_cat-auksiniai-pakabukai","7":"product_cat-auksiniai-pakabukai-dobilas","8":"product_cat-auksiniai-pakabukai-iki-500-eur","9":"product_cat-auksiniai-pakabukai-su-cirkoniais","10":"product_cat-kolekcija-dobilas","11":"product_cat-raudono-aukso-pakabukai","12":"product_cat-raudono-aukso-papuosalai","13":"product_cat-sekmes-dobilai","14":"tm-no-options","16":"first","17":"instock","18":"sale","19":"shipping-taxable","20":"purchasable","21":"product-type-simple"},"yoast_head":"<!-- This site is optimized with the Yoast SEO plugin v27.3 - https:\/\/yoast.com\/product\/yoast-seo-wordpress\/ -->\n<title>Auksinis pakabukas &quot;Dobilas oniksas&quot;<\/title>\n<meta name=\"description\" content=\"Prabanga ir elegancija viename \u2013 keturlapis \u017eiedlapio formos pakabukas su cirkoniais ir oniksu I\u0161skirtinio dizaino pakabukas pagamintas i\u0161 585 prabos\" \/>\n<meta name=\"robots\" content=\"index, follow, max-snippet:-1, max-image-preview:large, max-video-preview:-1\" \/>\n<link rel=\"canonical\" href=\"https:\/\/testinisweb.ares.lt\/et\/poes\/kuldne-ripats-ristikheinast-oonuks\/\" \/>\n<meta property=\"og:locale\" content=\"et_EE\" \/>\n<meta property=\"og:type\" content=\"article\" \/>\n<meta property=\"og:title\" content=\"Auksinis pakabukas &quot;Dobilas oniksas&quot;\" \/>\n<meta property=\"og:description\" content=\"Prabanga ir elegancija viename \u2013 keturlapis \u017eiedlapio formos pakabukas su cirkoniais ir oniksu I\u0161skirtinio dizaino pakabukas pagamintas i\u0161 585 prabos\" \/>\n<meta property=\"og:url\" content=\"https:\/\/testinisweb.ares.lt\/et\/poes\/kuldne-ripats-ristikheinast-oonuks\/\" \/>\n<meta property=\"og:site_name\" content=\"ARES Juvelyrika\" \/>\n<meta property=\"article:publisher\" content=\"https:\/\/www.facebook.com\/AresJewellery\" \/>\n<meta property=\"article:modified_time\" content=\"2026-01-25T20:01:25+00:00\" \/>\n<meta property=\"og:image\" content=\"https:\/\/testinisweb.ares.lt\/wp-content\/uploads\/2025\/04\/Untitled-design-2-1.jpg\" \/>\n\t<meta property=\"og:image:width\" content=\"2000\" \/>\n\t<meta property=\"og:image:height\" content=\"2000\" \/>\n\t<meta property=\"og:image:type\" content=\"image\/jpeg\" \/>\n<meta name=\"twitter:card\" content=\"summary_large_image\" \/>\n<meta name=\"twitter:label1\" content=\"Est. reading time\" \/>\n\t<meta name=\"twitter:data1\" content=\"1 minut\" \/>\n<script type=\"application\/ld+json\" class=\"yoast-schema-graph\">{\"@context\":\"https:\\\/\\\/schema.org\",\"@graph\":[{\"@type\":\"WebPage\",\"@id\":\"https:\\\/\\\/testinisweb.ares.lt\\\/parduotuve\\\/auksinis-pakabukas-dobilas-oniksas\\\/\",\"url\":\"https:\\\/\\\/testinisweb.ares.lt\\\/parduotuve\\\/auksinis-pakabukas-dobilas-oniksas\\\/\",\"name\":\"Auksinis pakabukas \\\"Dobilas oniksas\\\"\",\"isPartOf\":{\"@id\":\"https:\\\/\\\/testinisweb.ares.lt\\\/#website\"},\"primaryImageOfPage\":{\"@id\":\"https:\\\/\\\/testinisweb.ares.lt\\\/parduotuve\\\/auksinis-pakabukas-dobilas-oniksas\\\/#primaryimage\"},\"image\":{\"@id\":\"https:\\\/\\\/testinisweb.ares.lt\\\/parduotuve\\\/auksinis-pakabukas-dobilas-oniksas\\\/#primaryimage\"},\"thumbnailUrl\":\"https:\\\/\\\/testinisweb.ares.lt\\\/wp-content\\\/uploads\\\/2025\\\/04\\\/Untitled-design-2-1.jpg\",\"datePublished\":\"2025-04-25T08:36:38+00:00\",\"dateModified\":\"2026-01-25T20:01:25+00:00\",\"description\":\"Prabanga ir elegancija viename \u2013 keturlapis \u017eiedlapio formos pakabukas su cirkoniais ir oniksu I\u0161skirtinio dizaino pakabukas pagamintas i\u0161 585 prabos\",\"breadcrumb\":{\"@id\":\"https:\\\/\\\/testinisweb.ares.lt\\\/parduotuve\\\/auksinis-pakabukas-dobilas-oniksas\\\/#breadcrumb\"},\"inLanguage\":\"et\",\"potentialAction\":[{\"@type\":\"ReadAction\",\"target\":[\"https:\\\/\\\/testinisweb.ares.lt\\\/parduotuve\\\/auksinis-pakabukas-dobilas-oniksas\\\/\"]}]},{\"@type\":\"ImageObject\",\"inLanguage\":\"et\",\"@id\":\"https:\\\/\\\/testinisweb.ares.lt\\\/parduotuve\\\/auksinis-pakabukas-dobilas-oniksas\\\/#primaryimage\",\"url\":\"https:\\\/\\\/testinisweb.ares.lt\\\/wp-content\\\/uploads\\\/2025\\\/04\\\/Untitled-design-2-1.jpg\",\"contentUrl\":\"https:\\\/\\\/testinisweb.ares.lt\\\/wp-content\\\/uploads\\\/2025\\\/04\\\/Untitled-design-2-1.jpg\",\"width\":2000,\"height\":2000,\"caption\":\"Auksinis pakabukas \\\"Dobilas oniksas\\\"\"},{\"@type\":\"BreadcrumbList\",\"@id\":\"https:\\\/\\\/testinisweb.ares.lt\\\/parduotuve\\\/auksinis-pakabukas-dobilas-oniksas\\\/#breadcrumb\",\"itemListElement\":[{\"@type\":\"ListItem\",\"position\":1,\"name\":\"Auksiniai papuo\u0161alai\",\"item\":\"https:\\\/\\\/testinisweb.ares.lt\\\/\"},{\"@type\":\"ListItem\",\"position\":2,\"name\":\"Parduotuv\u0117\",\"item\":\"https:\\\/\\\/testinisweb.ares.lt\\\/parduotuve\\\/\"},{\"@type\":\"ListItem\",\"position\":3,\"name\":\"Auksinis pakabukas &#8222;Dobilas oniksas&#8221;\"}]},{\"@type\":\"WebSite\",\"@id\":\"https:\\\/\\\/testinisweb.ares.lt\\\/#website\",\"url\":\"https:\\\/\\\/testinisweb.ares.lt\\\/\",\"name\":\"ARES Juvelyrika\",\"description\":\"Auksiniai papuo\u0161alai\",\"publisher\":{\"@id\":\"https:\\\/\\\/testinisweb.ares.lt\\\/#organization\"},\"potentialAction\":[{\"@type\":\"SearchAction\",\"target\":{\"@type\":\"EntryPoint\",\"urlTemplate\":\"https:\\\/\\\/testinisweb.ares.lt\\\/?s={search_term_string}\"},\"query-input\":{\"@type\":\"PropertyValueSpecification\",\"valueRequired\":true,\"valueName\":\"search_term_string\"}}],\"inLanguage\":\"et\"},{\"@type\":\"Organization\",\"@id\":\"https:\\\/\\\/testinisweb.ares.lt\\\/#organization\",\"name\":\"Ares Juvelyrika auksiniai papuosalai\",\"url\":\"https:\\\/\\\/testinisweb.ares.lt\\\/\",\"logo\":{\"@type\":\"ImageObject\",\"inLanguage\":\"et\",\"@id\":\"https:\\\/\\\/testinisweb.ares.lt\\\/#\\\/schema\\\/logo\\\/image\\\/\",\"url\":\"https:\\\/\\\/i0.wp.com\\\/testinisweb.ares.lt\\\/wp-content\\\/uploads\\\/2022\\\/03\\\/ares-text-logo-1.png?fit=417%2C122&ssl=1\",\"contentUrl\":\"https:\\\/\\\/i0.wp.com\\\/testinisweb.ares.lt\\\/wp-content\\\/uploads\\\/2022\\\/03\\\/ares-text-logo-1.png?fit=417%2C122&ssl=1\",\"width\":417,\"height\":122,\"caption\":\"Ares Juvelyrika auksiniai papuosalai\"},\"image\":{\"@id\":\"https:\\\/\\\/testinisweb.ares.lt\\\/#\\\/schema\\\/logo\\\/image\\\/\"},\"sameAs\":[\"https:\\\/\\\/www.facebook.com\\\/AresJewellery\",\"https:\\\/\\\/www.instagram.com\\\/ares_juvelyrika\\\/\"]}]}<\/script>\n<!-- \/ Yoast SEO plugin. -->","yoast_head_json":{"title":"Kuldne ripats &quot;Ristike-oon\u00fcks&quot;","description":"Luksus ja elegants \u00fches \u2013 neljaleheline kroonlehekujuline ripats tsirkoonide ja oon\u00fcksiga. Eksklusiivse disainiga ripats, mis on valmistatud 585 h\u00f5bedast.","robots":{"index":"index","follow":"follow","max-snippet":"max-snippet:-1","max-image-preview":"max-image-preview:large","max-video-preview":"max-video-preview:-1"},"canonical":"https:\/\/testinisweb.ares.lt\/et\/poes\/kuldne-ripats-ristikheinast-oonuks\/","og_locale":"et_EE","og_type":"article","og_title":"Auksinis pakabukas \"Dobilas oniksas\"","og_description":"Prabanga ir elegancija viename \u2013 keturlapis \u017eiedlapio formos pakabukas su cirkoniais ir oniksu I\u0161skirtinio dizaino pakabukas pagamintas i\u0161 585 prabos","og_url":"https:\/\/testinisweb.ares.lt\/et\/poes\/kuldne-ripats-ristikheinast-oonuks\/","og_site_name":"ARES Juvelyrika","article_publisher":"https:\/\/www.facebook.com\/AresJewellery","article_modified_time":"2026-01-25T20:01:25+00:00","og_image":[{"width":2000,"height":2000,"url":"https:\/\/testinisweb.ares.lt\/wp-content\/uploads\/2025\/04\/Untitled-design-2-1.jpg","type":"image\/jpeg"}],"twitter_card":"summary_large_image","twitter_misc":{"Est. reading time":"1 minut"},"schema":{"@context":"https:\/\/schema.org","@graph":[{"@type":"WebPage","@id":"https:\/\/testinisweb.ares.lt\/parduotuve\/auksinis-pakabukas-dobilas-oniksas\/","url":"https:\/\/testinisweb.ares.lt\/parduotuve\/auksinis-pakabukas-dobilas-oniksas\/","name":"Kuldne ripats &quot;Ristike-oon\u00fcks&quot;","isPartOf":{"@id":"https:\/\/testinisweb.ares.lt\/#website"},"primaryImageOfPage":{"@id":"https:\/\/testinisweb.ares.lt\/parduotuve\/auksinis-pakabukas-dobilas-oniksas\/#primaryimage"},"image":{"@id":"https:\/\/testinisweb.ares.lt\/parduotuve\/auksinis-pakabukas-dobilas-oniksas\/#primaryimage"},"thumbnailUrl":"https:\/\/testinisweb.ares.lt\/wp-content\/uploads\/2025\/04\/Untitled-design-2-1.jpg","datePublished":"2025-04-25T08:36:38+00:00","dateModified":"2026-01-25T20:01:25+00:00","description":"Luksus ja elegants \u00fches \u2013 neljaleheline kroonlehekujuline ripats tsirkoonide ja oon\u00fcksiga. Eksklusiivse disainiga ripats, mis on valmistatud 585 h\u00f5bedast.","breadcrumb":{"@id":"https:\/\/testinisweb.ares.lt\/parduotuve\/auksinis-pakabukas-dobilas-oniksas\/#breadcrumb"},"inLanguage":"et","potentialAction":[{"@type":"ReadAction","target":["https:\/\/testinisweb.ares.lt\/parduotuve\/auksinis-pakabukas-dobilas-oniksas\/"]}]},{"@type":"ImageObject","inLanguage":"et","@id":"https:\/\/testinisweb.ares.lt\/parduotuve\/auksinis-pakabukas-dobilas-oniksas\/#primaryimage","url":"https:\/\/testinisweb.ares.lt\/wp-content\/uploads\/2025\/04\/Untitled-design-2-1.jpg","contentUrl":"https:\/\/testinisweb.ares.lt\/wp-content\/uploads\/2025\/04\/Untitled-design-2-1.jpg","width":2000,"height":2000,"caption":"Auksinis pakabukas \"Dobilas oniksas\""},{"@type":"BreadcrumbList","@id":"https:\/\/testinisweb.ares.lt\/parduotuve\/auksinis-pakabukas-dobilas-oniksas\/#breadcrumb","itemListElement":[{"@type":"ListItem","position":1,"name":"Auksiniai papuo\u0161alai","item":"https:\/\/testinisweb.ares.lt\/"},{"@type":"ListItem","position":2,"name":"Parduotuv\u0117","item":"https:\/\/testinisweb.ares.lt\/parduotuve\/"},{"@type":"ListItem","position":3,"name":"Auksinis pakabukas &#8222;Dobilas oniksas&#8221;"}]},{"@type":"WebSite","@id":"https:\/\/testinisweb.ares.lt\/#website","url":"https:\/\/testinisweb.ares.lt\/","name":"ARES Ehted","description":"Kuldsed ehted","publisher":{"@id":"https:\/\/testinisweb.ares.lt\/#organization"},"potentialAction":[{"@type":"SearchAction","target":{"@type":"EntryPoint","urlTemplate":"https:\/\/testinisweb.ares.lt\/?s={search_term_string}"},"query-input":{"@type":"PropertyValueSpecification","valueRequired":true,"valueName":"search_term_string"}}],"inLanguage":"et"},{"@type":"Organization","@id":"https:\/\/testinisweb.ares.lt\/#organization","name":"Ares Ehted kuldehted","url":"https:\/\/testinisweb.ares.lt\/","logo":{"@type":"ImageObject","inLanguage":"et","@id":"https:\/\/testinisweb.ares.lt\/#\/schema\/logo\/image\/","url":"https:\/\/i0.wp.com\/testinisweb.ares.lt\/wp-content\/uploads\/2022\/03\/ares-text-logo-1.png?fit=417%2C122&ssl=1","contentUrl":"https:\/\/i0.wp.com\/testinisweb.ares.lt\/wp-content\/uploads\/2022\/03\/ares-text-logo-1.png?fit=417%2C122&ssl=1","width":417,"height":122,"caption":"Ares Juvelyrika auksiniai papuosalai"},"image":{"@id":"https:\/\/testinisweb.ares.lt\/#\/schema\/logo\/image\/"},"sameAs":["https:\/\/www.facebook.com\/AresJewellery","https:\/\/www.instagram.com\/ares_juvelyrika\/"]}]}},"_links":{"self":[{"href":"https:\/\/testinisweb.ares.lt\/et\/wp-json\/wp\/v2\/product\/17805","targetHints":{"allow":["GET"]}}],"collection":[{"href":"https:\/\/testinisweb.ares.lt\/et\/wp-json\/wp\/v2\/product"}],"about":[{"href":"https:\/\/testinisweb.ares.lt\/et\/wp-json\/wp\/v2\/types\/product"}],"replies":[{"embeddable":true,"href":"https:\/\/testinisweb.ares.lt\/et\/wp-json\/wp\/v2\/comments?post=17805"}],"wp:featuredmedia":[{"embeddable":true,"href":"https:\/\/testinisweb.ares.lt\/et\/wp-json\/wp\/v2\/media\/17807"}],"wp:attachment":[{"href":"https:\/\/testinisweb.ares.lt\/et\/wp-json\/wp\/v2\/media?parent=17805"}],"wp:term":[{"taxonomy":"product_cat","embeddable":true,"href":"https:\/\/testinisweb.ares.lt\/et\/wp-json\/wp\/v2\/product_cat?post=17805"},{"taxonomy":"product_tag","embeddable":true,"href":"https:\/\/testinisweb.ares.lt\/et\/wp-json\/wp\/v2\/product_tag?post=17805"}],"curies":[{"name":"wp","href":"https:\/\/api.w.org\/{rel}","templated":true}]}}