{"id":3577,"date":"2022-03-13T09:31:52","date_gmt":"2022-03-13T09:31:52","guid":{"rendered":"http:\/\/ares2.store\/?post_type=product&#038;p=3577"},"modified":"2026-01-25T22:20:56","modified_gmt":"2026-01-25T20:20:56","slug":"kollase-kullaga-ketiga-ankur-16","status":"publish","type":"product","link":"https:\/\/testinisweb.ares.lt\/et\/parduotuve\/geltono-aukso-grandinele-anchor-16\/","title":{"rendered":"Kollase kullaga kett &quot;Ankur&quot;"},"content":{"rendered":"<p>Kollasest kullast kett &quot;Ankur&quot; on minimalistlik ehe, mida saab kombineerida ja kanda mis tahes muu kullaehetega. ARES Jewelry e-poest leiate punasest kullast, kollasest kullast ja valgest kullast kette, erinevat t\u00fc\u00fcpi kudumisviise, n\u00e4iteks ankur, \u00e4\u00e4rekivi jne. Samuti leiate meie valikust erineva pikkusega ja reguleeritava pikkusega kuldkette, n\u00e4iteks 40cm, 42cm, 45cm, 50cm, 55cm, 60cm, 42-45cm ja muud pikkused.<\/p>","protected":false},"excerpt":{"rendered":"<p>Geltono aukso grandin\u0117l\u0117 &#8222;Anchor&#8221; &#8211; tai minimalistinis papuo\u0161alas, kur\u012f galite derinti ir ne\u0161ioti su bet kokiu kitu auksiniu papuo\u0161alu. ARES Juvelyrika el.&hellip;<\/p>","protected":false},"featured_media":3674,"comment_status":"open","ping_status":"closed","template":"","meta":[],"product_cat":[96,953,954,955,959,105,402,950],"product_tag":[],"class_list":{"0":"post-3577","1":"product","2":"type-product","3":"status-publish","4":"has-post-thumbnail","6":"product_cat-grandineles","7":"product_cat-auksines-grandineles-42cm","8":"product_cat-auksines-grandineles-45cm","9":"product_cat-auksines-grandineles-50cm","10":"product_cat-auksines-grandineles-iki-250-eur","11":"product_cat-geltono-aukso-grandineles","12":"product_cat-geltono-aukso-papuosalai","13":"product_cat-inkarines-auksines-grandineles-anchor","14":"tm-no-options","16":"first","17":"outofstock","18":"shipping-taxable","19":"purchasable","20":"product-type-variable","21":"has-default-attributes"},"yoast_head":"<!-- This site is optimized with the Yoast SEO plugin v27.3 - https:\/\/yoast.com\/product\/yoast-seo-wordpress\/ -->\n<title>Geltono aukso grandin\u0117l\u0117 &quot;Anchor&quot;<\/title>\n<meta name=\"description\" content=\"Geltono aukso grandin\u0117l\u0117 &quot;Anchor&quot; - tai minimalistinis papuo\u0161alas, kur\u012f galite derinti ir ne\u0161ioti su bet kokiu kitu auksiniu papuo\u0161alu. ARES Juvelyrika\" \/>\n<meta name=\"robots\" content=\"index, follow, max-snippet:-1, max-image-preview:large, max-video-preview:-1\" \/>\n<link rel=\"canonical\" href=\"https:\/\/testinisweb.ares.lt\/et\/poes\/kollase-kullaga-ketiga-ankur-16\/\" \/>\n<meta property=\"og:locale\" content=\"et_EE\" \/>\n<meta property=\"og:type\" content=\"article\" \/>\n<meta property=\"og:title\" content=\"Geltono aukso grandin\u0117l\u0117 &quot;Anchor&quot;\" \/>\n<meta property=\"og:description\" content=\"Geltono aukso grandin\u0117l\u0117 &quot;Anchor&quot; - tai minimalistinis papuo\u0161alas, kur\u012f galite derinti ir ne\u0161ioti su bet kokiu kitu auksiniu papuo\u0161alu. ARES Juvelyrika\" \/>\n<meta property=\"og:url\" content=\"https:\/\/testinisweb.ares.lt\/et\/poes\/kollase-kullaga-ketiga-ankur-16\/\" \/>\n<meta property=\"og:site_name\" content=\"ARES Juvelyrika\" \/>\n<meta property=\"article:publisher\" content=\"https:\/\/www.facebook.com\/AresJewellery\" \/>\n<meta property=\"article:modified_time\" content=\"2026-01-25T20:20:56+00:00\" \/>\n<meta property=\"og:image\" content=\"https:\/\/testinisweb.ares.lt\/wp-content\/uploads\/2022\/03\/Zinciris-GR001-Nr.1.jpg\" \/>\n\t<meta property=\"og:image:width\" content=\"1000\" \/>\n\t<meta property=\"og:image:height\" content=\"916\" \/>\n\t<meta property=\"og:image:type\" content=\"image\/jpeg\" \/>\n<meta name=\"twitter:card\" content=\"summary_large_image\" \/>\n<script type=\"application\/ld+json\" class=\"yoast-schema-graph\">{\"@context\":\"https:\\\/\\\/schema.org\",\"@graph\":[{\"@type\":\"WebPage\",\"@id\":\"https:\\\/\\\/testinisweb.ares.lt\\\/parduotuve\\\/geltono-aukso-grandinele-anchor-16\\\/\",\"url\":\"https:\\\/\\\/testinisweb.ares.lt\\\/parduotuve\\\/geltono-aukso-grandinele-anchor-16\\\/\",\"name\":\"Geltono aukso grandin\u0117l\u0117 \\\"Anchor\\\"\",\"isPartOf\":{\"@id\":\"https:\\\/\\\/testinisweb.ares.lt\\\/#website\"},\"primaryImageOfPage\":{\"@id\":\"https:\\\/\\\/testinisweb.ares.lt\\\/parduotuve\\\/geltono-aukso-grandinele-anchor-16\\\/#primaryimage\"},\"image\":{\"@id\":\"https:\\\/\\\/testinisweb.ares.lt\\\/parduotuve\\\/geltono-aukso-grandinele-anchor-16\\\/#primaryimage\"},\"thumbnailUrl\":\"https:\\\/\\\/testinisweb.ares.lt\\\/wp-content\\\/uploads\\\/2022\\\/03\\\/Zinciris-GR001-Nr.1.jpg\",\"datePublished\":\"2022-03-13T09:31:52+00:00\",\"dateModified\":\"2026-01-25T20:20:56+00:00\",\"description\":\"Geltono aukso grandin\u0117l\u0117 \\\"Anchor\\\" - tai minimalistinis papuo\u0161alas, kur\u012f galite derinti ir ne\u0161ioti su bet kokiu kitu auksiniu papuo\u0161alu. ARES Juvelyrika\",\"breadcrumb\":{\"@id\":\"https:\\\/\\\/testinisweb.ares.lt\\\/parduotuve\\\/geltono-aukso-grandinele-anchor-16\\\/#breadcrumb\"},\"inLanguage\":\"et\",\"potentialAction\":[{\"@type\":\"ReadAction\",\"target\":[\"https:\\\/\\\/testinisweb.ares.lt\\\/parduotuve\\\/geltono-aukso-grandinele-anchor-16\\\/\"]}]},{\"@type\":\"ImageObject\",\"inLanguage\":\"et\",\"@id\":\"https:\\\/\\\/testinisweb.ares.lt\\\/parduotuve\\\/geltono-aukso-grandinele-anchor-16\\\/#primaryimage\",\"url\":\"https:\\\/\\\/testinisweb.ares.lt\\\/wp-content\\\/uploads\\\/2022\\\/03\\\/Zinciris-GR001-Nr.1.jpg\",\"contentUrl\":\"https:\\\/\\\/testinisweb.ares.lt\\\/wp-content\\\/uploads\\\/2022\\\/03\\\/Zinciris-GR001-Nr.1.jpg\",\"width\":1000,\"height\":916,\"caption\":\"Geltono aukso grandin\u0117l\u0117 \\\"Anchor\\\"\"},{\"@type\":\"BreadcrumbList\",\"@id\":\"https:\\\/\\\/testinisweb.ares.lt\\\/parduotuve\\\/geltono-aukso-grandinele-anchor-16\\\/#breadcrumb\",\"itemListElement\":[{\"@type\":\"ListItem\",\"position\":1,\"name\":\"Auksiniai papuo\u0161alai\",\"item\":\"https:\\\/\\\/testinisweb.ares.lt\\\/\"},{\"@type\":\"ListItem\",\"position\":2,\"name\":\"Parduotuv\u0117\",\"item\":\"https:\\\/\\\/testinisweb.ares.lt\\\/parduotuve\\\/\"},{\"@type\":\"ListItem\",\"position\":3,\"name\":\"Geltono aukso grandin\u0117l\u0117 &#8222;Anchor&#8221;\"}]},{\"@type\":\"WebSite\",\"@id\":\"https:\\\/\\\/testinisweb.ares.lt\\\/#website\",\"url\":\"https:\\\/\\\/testinisweb.ares.lt\\\/\",\"name\":\"ARES Juvelyrika\",\"description\":\"Auksiniai papuo\u0161alai\",\"publisher\":{\"@id\":\"https:\\\/\\\/testinisweb.ares.lt\\\/#organization\"},\"potentialAction\":[{\"@type\":\"SearchAction\",\"target\":{\"@type\":\"EntryPoint\",\"urlTemplate\":\"https:\\\/\\\/testinisweb.ares.lt\\\/?s={search_term_string}\"},\"query-input\":{\"@type\":\"PropertyValueSpecification\",\"valueRequired\":true,\"valueName\":\"search_term_string\"}}],\"inLanguage\":\"et\"},{\"@type\":\"Organization\",\"@id\":\"https:\\\/\\\/testinisweb.ares.lt\\\/#organization\",\"name\":\"Ares Juvelyrika auksiniai papuosalai\",\"url\":\"https:\\\/\\\/testinisweb.ares.lt\\\/\",\"logo\":{\"@type\":\"ImageObject\",\"inLanguage\":\"et\",\"@id\":\"https:\\\/\\\/testinisweb.ares.lt\\\/#\\\/schema\\\/logo\\\/image\\\/\",\"url\":\"https:\\\/\\\/i0.wp.com\\\/testinisweb.ares.lt\\\/wp-content\\\/uploads\\\/2022\\\/03\\\/ares-text-logo-1.png?fit=417%2C122&ssl=1\",\"contentUrl\":\"https:\\\/\\\/i0.wp.com\\\/testinisweb.ares.lt\\\/wp-content\\\/uploads\\\/2022\\\/03\\\/ares-text-logo-1.png?fit=417%2C122&ssl=1\",\"width\":417,\"height\":122,\"caption\":\"Ares Juvelyrika auksiniai papuosalai\"},\"image\":{\"@id\":\"https:\\\/\\\/testinisweb.ares.lt\\\/#\\\/schema\\\/logo\\\/image\\\/\"},\"sameAs\":[\"https:\\\/\\\/www.facebook.com\\\/AresJewellery\",\"https:\\\/\\\/www.instagram.com\\\/ares_juvelyrika\\\/\"]}]}<\/script>\n<!-- \/ Yoast SEO plugin. -->","yoast_head_json":{"title":"Kollase kullaga kett &quot;Ankur&quot;","description":"Kollane kullast kett &quot;Anchor&quot; on minimalistlik ehe, mida saab kombineerida ja kanda mis tahes muu kullaehetega. ARES Jewelry","robots":{"index":"index","follow":"follow","max-snippet":"max-snippet:-1","max-image-preview":"max-image-preview:large","max-video-preview":"max-video-preview:-1"},"canonical":"https:\/\/testinisweb.ares.lt\/et\/poes\/kollase-kullaga-ketiga-ankur-16\/","og_locale":"et_EE","og_type":"article","og_title":"Geltono aukso grandin\u0117l\u0117 \"Anchor\"","og_description":"Geltono aukso grandin\u0117l\u0117 \"Anchor\" - tai minimalistinis papuo\u0161alas, kur\u012f galite derinti ir ne\u0161ioti su bet kokiu kitu auksiniu papuo\u0161alu. ARES Juvelyrika","og_url":"https:\/\/testinisweb.ares.lt\/et\/poes\/kollase-kullaga-ketiga-ankur-16\/","og_site_name":"ARES Juvelyrika","article_publisher":"https:\/\/www.facebook.com\/AresJewellery","article_modified_time":"2026-01-25T20:20:56+00:00","og_image":[{"width":1000,"height":916,"url":"https:\/\/testinisweb.ares.lt\/wp-content\/uploads\/2022\/03\/Zinciris-GR001-Nr.1.jpg","type":"image\/jpeg"}],"twitter_card":"summary_large_image","schema":{"@context":"https:\/\/schema.org","@graph":[{"@type":"WebPage","@id":"https:\/\/testinisweb.ares.lt\/parduotuve\/geltono-aukso-grandinele-anchor-16\/","url":"https:\/\/testinisweb.ares.lt\/parduotuve\/geltono-aukso-grandinele-anchor-16\/","name":"Kollase kullaga kett &quot;Ankur&quot;","isPartOf":{"@id":"https:\/\/testinisweb.ares.lt\/#website"},"primaryImageOfPage":{"@id":"https:\/\/testinisweb.ares.lt\/parduotuve\/geltono-aukso-grandinele-anchor-16\/#primaryimage"},"image":{"@id":"https:\/\/testinisweb.ares.lt\/parduotuve\/geltono-aukso-grandinele-anchor-16\/#primaryimage"},"thumbnailUrl":"https:\/\/testinisweb.ares.lt\/wp-content\/uploads\/2022\/03\/Zinciris-GR001-Nr.1.jpg","datePublished":"2022-03-13T09:31:52+00:00","dateModified":"2026-01-25T20:20:56+00:00","description":"Kollane kullast kett &quot;Anchor&quot; on minimalistlik ehe, mida saab kombineerida ja kanda mis tahes muu kullaehetega. ARES Jewelry","breadcrumb":{"@id":"https:\/\/testinisweb.ares.lt\/parduotuve\/geltono-aukso-grandinele-anchor-16\/#breadcrumb"},"inLanguage":"et","potentialAction":[{"@type":"ReadAction","target":["https:\/\/testinisweb.ares.lt\/parduotuve\/geltono-aukso-grandinele-anchor-16\/"]}]},{"@type":"ImageObject","inLanguage":"et","@id":"https:\/\/testinisweb.ares.lt\/parduotuve\/geltono-aukso-grandinele-anchor-16\/#primaryimage","url":"https:\/\/testinisweb.ares.lt\/wp-content\/uploads\/2022\/03\/Zinciris-GR001-Nr.1.jpg","contentUrl":"https:\/\/testinisweb.ares.lt\/wp-content\/uploads\/2022\/03\/Zinciris-GR001-Nr.1.jpg","width":1000,"height":916,"caption":"Geltono aukso grandin\u0117l\u0117 \"Anchor\""},{"@type":"BreadcrumbList","@id":"https:\/\/testinisweb.ares.lt\/parduotuve\/geltono-aukso-grandinele-anchor-16\/#breadcrumb","itemListElement":[{"@type":"ListItem","position":1,"name":"Auksiniai papuo\u0161alai","item":"https:\/\/testinisweb.ares.lt\/"},{"@type":"ListItem","position":2,"name":"Parduotuv\u0117","item":"https:\/\/testinisweb.ares.lt\/parduotuve\/"},{"@type":"ListItem","position":3,"name":"Geltono aukso grandin\u0117l\u0117 &#8222;Anchor&#8221;"}]},{"@type":"WebSite","@id":"https:\/\/testinisweb.ares.lt\/#website","url":"https:\/\/testinisweb.ares.lt\/","name":"ARES Ehted","description":"Kuldsed ehted","publisher":{"@id":"https:\/\/testinisweb.ares.lt\/#organization"},"potentialAction":[{"@type":"SearchAction","target":{"@type":"EntryPoint","urlTemplate":"https:\/\/testinisweb.ares.lt\/?s={search_term_string}"},"query-input":{"@type":"PropertyValueSpecification","valueRequired":true,"valueName":"search_term_string"}}],"inLanguage":"et"},{"@type":"Organization","@id":"https:\/\/testinisweb.ares.lt\/#organization","name":"Ares Ehted kuldehted","url":"https:\/\/testinisweb.ares.lt\/","logo":{"@type":"ImageObject","inLanguage":"et","@id":"https:\/\/testinisweb.ares.lt\/#\/schema\/logo\/image\/","url":"https:\/\/i0.wp.com\/testinisweb.ares.lt\/wp-content\/uploads\/2022\/03\/ares-text-logo-1.png?fit=417%2C122&ssl=1","contentUrl":"https:\/\/i0.wp.com\/testinisweb.ares.lt\/wp-content\/uploads\/2022\/03\/ares-text-logo-1.png?fit=417%2C122&ssl=1","width":417,"height":122,"caption":"Ares Juvelyrika auksiniai papuosalai"},"image":{"@id":"https:\/\/testinisweb.ares.lt\/#\/schema\/logo\/image\/"},"sameAs":["https:\/\/www.facebook.com\/AresJewellery","https:\/\/www.instagram.com\/ares_juvelyrika\/"]}]}},"_links":{"self":[{"href":"https:\/\/testinisweb.ares.lt\/et\/wp-json\/wp\/v2\/product\/3577","targetHints":{"allow":["GET"]}}],"collection":[{"href":"https:\/\/testinisweb.ares.lt\/et\/wp-json\/wp\/v2\/product"}],"about":[{"href":"https:\/\/testinisweb.ares.lt\/et\/wp-json\/wp\/v2\/types\/product"}],"replies":[{"embeddable":true,"href":"https:\/\/testinisweb.ares.lt\/et\/wp-json\/wp\/v2\/comments?post=3577"}],"wp:featuredmedia":[{"embeddable":true,"href":"https:\/\/testinisweb.ares.lt\/et\/wp-json\/wp\/v2\/media\/3674"}],"wp:attachment":[{"href":"https:\/\/testinisweb.ares.lt\/et\/wp-json\/wp\/v2\/media?parent=3577"}],"wp:term":[{"taxonomy":"product_cat","embeddable":true,"href":"https:\/\/testinisweb.ares.lt\/et\/wp-json\/wp\/v2\/product_cat?post=3577"},{"taxonomy":"product_tag","embeddable":true,"href":"https:\/\/testinisweb.ares.lt\/et\/wp-json\/wp\/v2\/product_tag?post=3577"}],"curies":[{"name":"wp","href":"https:\/\/api.w.org\/{rel}","templated":true}]}}