{"id":12768,"date":"2023-05-09T18:28:33","date_gmt":"2023-05-09T16:28:33","guid":{"rendered":"https:\/\/testinisweb.ares.lt\/?post_type=product&#038;p=12768"},"modified":"2026-01-25T22:05:40","modified_gmt":"2026-01-25T20:05:40","slug":"zelta-auskari-ar-vintage-abolinu","status":"publish","type":"product","link":"https:\/\/testinisweb.ares.lt\/lv\/parduotuve\/auksiniai-auskarai-vintage-dobilas\/","title":{"rendered":"Zelta auskari &quot;Vintage Clover&quot;"},"content":{"rendered":"<h2>Zelta auskari &quot;Vintage Clover&quot;<\/h2>\n<p>\u0160ie ir roku darbs zelta auskari, kas izgatavoti no 14 kar\u0101tu augst\u0101k\u0101s kvalit\u0101tes sarkan\u0101 zelta. \u0160ie auskari ir dekor\u0113ti ar mirdzo\u0161iem elementiem, kas pie\u0161\u0137ir tiem greznu un ekskluz\u012bvu izskatu.<\/p>\n<p>\u0160ie auskari ir piem\u0113roti gan ikdienas valk\u0101\u0161anai, gan \u012bpa\u0161iem gad\u012bjumiem. To dizains ir daudzpus\u012bgs, t\u0101p\u0113c \u0161os auskarus var kombin\u0113t ar da\u017e\u0101diem ap\u0123\u0113rba stiliem un citiem aksesu\u0101riem.<\/p>","protected":false},"excerpt":{"rendered":"<p>Auksiniai Auskarai &#8222;Vintage Dobilas&#8221; Tai rank\u0173 darbo auksiniai auskarai, sukurti i\u0161 14-os karat\u0173 auk\u0161\u010diausios kokyb\u0117s raudono aukso. \u0160ie auskarai yra papuo\u0161ti spindin\u010diais&hellip;<\/p>","protected":false},"featured_media":15832,"comment_status":"open","ping_status":"closed","template":"","meta":[],"product_cat":[278,926,934,935,282,782,357,432,930,401],"product_tag":[],"class_list":{"0":"post-12768","1":"product","2":"type-product","3":"status-publish","4":"has-post-thumbnail","6":"product_cat-auskarai","7":"product_cat-auksiniai-auskarai-dobilas","8":"product_cat-auksiniai-auskarai-iki-250-eur","9":"product_cat-auksiniai-auskarai-iki-500-eur","10":"product_cat-auskarai-be-akmens","11":"product_cat-auskarai-vinukai","12":"product_cat-kolekcija-dobilas","13":"product_cat-nauja","14":"product_cat-raudono-aukso-auskarai","15":"product_cat-raudono-aukso-papuosalai","16":"tm-no-options","18":"first","19":"outofstock","20":"shipping-taxable","21":"purchasable","22":"product-type-variable"},"yoast_head":"<!-- This site is optimized with the Yoast SEO plugin v27.4 - https:\/\/yoast.com\/product\/yoast-seo-wordpress\/ -->\n<title>Auksiniai Auskarai &quot;Vintage Dobilas&quot;<\/title>\n<meta name=\"description\" content=\"Auksiniai Auskarai &quot;Vintage Dobilas&quot; Tai rank\u0173 darbo auksiniai auskarai, sukurti i\u0161 14-os karat\u0173 auk\u0161\u010diausios kokyb\u0117s raudono aukso. \u0160ie auskarai yra\" \/>\n<meta name=\"robots\" content=\"index, follow, max-snippet:-1, max-image-preview:large, max-video-preview:-1\" \/>\n<link rel=\"canonical\" href=\"https:\/\/testinisweb.ares.lt\/lv\/veikala\/zelta-auskari-ar-vintage-abolinu\/\" \/>\n<meta property=\"og:locale\" content=\"lv_LV\" \/>\n<meta property=\"og:type\" content=\"article\" \/>\n<meta property=\"og:title\" content=\"Auksiniai Auskarai &quot;Vintage Dobilas&quot;\" \/>\n<meta property=\"og:description\" content=\"Auksiniai Auskarai &quot;Vintage Dobilas&quot; Tai rank\u0173 darbo auksiniai auskarai, sukurti i\u0161 14-os karat\u0173 auk\u0161\u010diausios kokyb\u0117s raudono aukso. \u0160ie auskarai yra\" \/>\n<meta property=\"og:url\" content=\"https:\/\/testinisweb.ares.lt\/lv\/veikala\/zelta-auskari-ar-vintage-abolinu\/\" \/>\n<meta property=\"og:site_name\" content=\"ARES Juvelyrika\" \/>\n<meta property=\"article:publisher\" content=\"https:\/\/www.facebook.com\/AresJewellery\" \/>\n<meta property=\"article:modified_time\" content=\"2026-01-25T20:05:40+00:00\" \/>\n<meta property=\"og:image\" content=\"https:\/\/testinisweb.ares.lt\/wp-content\/uploads\/2023\/05\/Untitled-design-61.png\" \/>\n\t<meta property=\"og:image:width\" content=\"1000\" \/>\n\t<meta property=\"og:image:height\" content=\"1000\" \/>\n\t<meta property=\"og:image:type\" content=\"image\/png\" \/>\n<meta name=\"twitter:card\" content=\"summary_large_image\" \/>\n<meta name=\"twitter:label1\" content=\"Est. reading time\" \/>\n\t<meta name=\"twitter:data1\" content=\"1 min\u016bte\" \/>\n<script type=\"application\/ld+json\" class=\"yoast-schema-graph\">{\"@context\":\"https:\\\/\\\/schema.org\",\"@graph\":[{\"@type\":\"WebPage\",\"@id\":\"https:\\\/\\\/testinisweb.ares.lt\\\/parduotuve\\\/auksiniai-auskarai-vintage-dobilas\\\/\",\"url\":\"https:\\\/\\\/testinisweb.ares.lt\\\/parduotuve\\\/auksiniai-auskarai-vintage-dobilas\\\/\",\"name\":\"Auksiniai Auskarai \\\"Vintage Dobilas\\\"\",\"isPartOf\":{\"@id\":\"https:\\\/\\\/testinisweb.ares.lt\\\/#website\"},\"primaryImageOfPage\":{\"@id\":\"https:\\\/\\\/testinisweb.ares.lt\\\/parduotuve\\\/auksiniai-auskarai-vintage-dobilas\\\/#primaryimage\"},\"image\":{\"@id\":\"https:\\\/\\\/testinisweb.ares.lt\\\/parduotuve\\\/auksiniai-auskarai-vintage-dobilas\\\/#primaryimage\"},\"thumbnailUrl\":\"https:\\\/\\\/testinisweb.ares.lt\\\/wp-content\\\/uploads\\\/2023\\\/05\\\/Untitled-design-61.png\",\"datePublished\":\"2023-05-09T16:28:33+00:00\",\"dateModified\":\"2026-01-25T20:05:40+00:00\",\"description\":\"Auksiniai Auskarai \\\"Vintage Dobilas\\\" Tai rank\u0173 darbo auksiniai auskarai, sukurti i\u0161 14-os karat\u0173 auk\u0161\u010diausios kokyb\u0117s raudono aukso. \u0160ie auskarai yra\",\"breadcrumb\":{\"@id\":\"https:\\\/\\\/testinisweb.ares.lt\\\/parduotuve\\\/auksiniai-auskarai-vintage-dobilas\\\/#breadcrumb\"},\"inLanguage\":\"lv-LV\",\"potentialAction\":[{\"@type\":\"ReadAction\",\"target\":[\"https:\\\/\\\/testinisweb.ares.lt\\\/parduotuve\\\/auksiniai-auskarai-vintage-dobilas\\\/\"]}]},{\"@type\":\"ImageObject\",\"inLanguage\":\"lv-LV\",\"@id\":\"https:\\\/\\\/testinisweb.ares.lt\\\/parduotuve\\\/auksiniai-auskarai-vintage-dobilas\\\/#primaryimage\",\"url\":\"https:\\\/\\\/testinisweb.ares.lt\\\/wp-content\\\/uploads\\\/2023\\\/05\\\/Untitled-design-61.png\",\"contentUrl\":\"https:\\\/\\\/testinisweb.ares.lt\\\/wp-content\\\/uploads\\\/2023\\\/05\\\/Untitled-design-61.png\",\"width\":1000,\"height\":1000,\"caption\":\"Auksiniai auskarai \\\"Radiante\\\"\"},{\"@type\":\"BreadcrumbList\",\"@id\":\"https:\\\/\\\/testinisweb.ares.lt\\\/parduotuve\\\/auksiniai-auskarai-vintage-dobilas\\\/#breadcrumb\",\"itemListElement\":[{\"@type\":\"ListItem\",\"position\":1,\"name\":\"Auksiniai papuo\u0161alai\",\"item\":\"https:\\\/\\\/testinisweb.ares.lt\\\/\"},{\"@type\":\"ListItem\",\"position\":2,\"name\":\"Parduotuv\u0117\",\"item\":\"https:\\\/\\\/testinisweb.ares.lt\\\/parduotuve\\\/\"},{\"@type\":\"ListItem\",\"position\":3,\"name\":\"Auksiniai Auskarai &#8220;Vintage Dobilas&#8221;\"}]},{\"@type\":\"WebSite\",\"@id\":\"https:\\\/\\\/testinisweb.ares.lt\\\/#website\",\"url\":\"https:\\\/\\\/testinisweb.ares.lt\\\/\",\"name\":\"ARES Juvelyrika\",\"description\":\"Auksiniai papuo\u0161alai\",\"publisher\":{\"@id\":\"https:\\\/\\\/testinisweb.ares.lt\\\/#organization\"},\"potentialAction\":[{\"@type\":\"SearchAction\",\"target\":{\"@type\":\"EntryPoint\",\"urlTemplate\":\"https:\\\/\\\/testinisweb.ares.lt\\\/?s={search_term_string}\"},\"query-input\":{\"@type\":\"PropertyValueSpecification\",\"valueRequired\":true,\"valueName\":\"search_term_string\"}}],\"inLanguage\":\"lv-LV\"},{\"@type\":\"Organization\",\"@id\":\"https:\\\/\\\/testinisweb.ares.lt\\\/#organization\",\"name\":\"Ares Juvelyrika auksiniai papuosalai\",\"url\":\"https:\\\/\\\/testinisweb.ares.lt\\\/\",\"logo\":{\"@type\":\"ImageObject\",\"inLanguage\":\"lv-LV\",\"@id\":\"https:\\\/\\\/testinisweb.ares.lt\\\/#\\\/schema\\\/logo\\\/image\\\/\",\"url\":\"https:\\\/\\\/i0.wp.com\\\/testinisweb.ares.lt\\\/wp-content\\\/uploads\\\/2022\\\/03\\\/ares-text-logo-1.png?fit=417%2C122&ssl=1\",\"contentUrl\":\"https:\\\/\\\/i0.wp.com\\\/testinisweb.ares.lt\\\/wp-content\\\/uploads\\\/2022\\\/03\\\/ares-text-logo-1.png?fit=417%2C122&ssl=1\",\"width\":417,\"height\":122,\"caption\":\"Ares Juvelyrika auksiniai papuosalai\"},\"image\":{\"@id\":\"https:\\\/\\\/testinisweb.ares.lt\\\/#\\\/schema\\\/logo\\\/image\\\/\"},\"sameAs\":[\"https:\\\/\\\/www.facebook.com\\\/AresJewellery\",\"https:\\\/\\\/www.instagram.com\\\/ares_juvelyrika\\\/\"]}]}<\/script>\n<!-- \/ Yoast SEO plugin. -->","yoast_head_json":{"title":"Zelta auskari &quot;Vintage Clover&quot;","description":"Zelta auskari &quot;Vintage Clover&quot; Tie ir roku darbs zelta auskari, kas izgatavoti no 14 kar\u0101tu augst\u0101k\u0101s kvalit\u0101tes sarkan\u0101 zelta. \u0160ie auskari ir","robots":{"index":"index","follow":"follow","max-snippet":"max-snippet:-1","max-image-preview":"max-image-preview:large","max-video-preview":"max-video-preview:-1"},"canonical":"https:\/\/testinisweb.ares.lt\/lv\/veikala\/zelta-auskari-ar-vintage-abolinu\/","og_locale":"lv_LV","og_type":"article","og_title":"Auksiniai Auskarai \"Vintage Dobilas\"","og_description":"Auksiniai Auskarai \"Vintage Dobilas\" Tai rank\u0173 darbo auksiniai auskarai, sukurti i\u0161 14-os karat\u0173 auk\u0161\u010diausios kokyb\u0117s raudono aukso. \u0160ie auskarai yra","og_url":"https:\/\/testinisweb.ares.lt\/lv\/veikala\/zelta-auskari-ar-vintage-abolinu\/","og_site_name":"ARES Juvelyrika","article_publisher":"https:\/\/www.facebook.com\/AresJewellery","article_modified_time":"2026-01-25T20:05:40+00:00","og_image":[{"width":1000,"height":1000,"url":"https:\/\/testinisweb.ares.lt\/wp-content\/uploads\/2023\/05\/Untitled-design-61.png","type":"image\/png"}],"twitter_card":"summary_large_image","twitter_misc":{"Est. reading time":"1 min\u016bte"},"schema":{"@context":"https:\/\/schema.org","@graph":[{"@type":"WebPage","@id":"https:\/\/testinisweb.ares.lt\/parduotuve\/auksiniai-auskarai-vintage-dobilas\/","url":"https:\/\/testinisweb.ares.lt\/parduotuve\/auksiniai-auskarai-vintage-dobilas\/","name":"Zelta auskari &quot;Vintage Clover&quot;","isPartOf":{"@id":"https:\/\/testinisweb.ares.lt\/#website"},"primaryImageOfPage":{"@id":"https:\/\/testinisweb.ares.lt\/parduotuve\/auksiniai-auskarai-vintage-dobilas\/#primaryimage"},"image":{"@id":"https:\/\/testinisweb.ares.lt\/parduotuve\/auksiniai-auskarai-vintage-dobilas\/#primaryimage"},"thumbnailUrl":"https:\/\/testinisweb.ares.lt\/wp-content\/uploads\/2023\/05\/Untitled-design-61.png","datePublished":"2023-05-09T16:28:33+00:00","dateModified":"2026-01-25T20:05:40+00:00","description":"Zelta auskari &quot;Vintage Clover&quot; Tie ir roku darbs zelta auskari, kas izgatavoti no 14 kar\u0101tu augst\u0101k\u0101s kvalit\u0101tes sarkan\u0101 zelta. \u0160ie auskari ir","breadcrumb":{"@id":"https:\/\/testinisweb.ares.lt\/parduotuve\/auksiniai-auskarai-vintage-dobilas\/#breadcrumb"},"inLanguage":"lv-LV","potentialAction":[{"@type":"ReadAction","target":["https:\/\/testinisweb.ares.lt\/parduotuve\/auksiniai-auskarai-vintage-dobilas\/"]}]},{"@type":"ImageObject","inLanguage":"lv-LV","@id":"https:\/\/testinisweb.ares.lt\/parduotuve\/auksiniai-auskarai-vintage-dobilas\/#primaryimage","url":"https:\/\/testinisweb.ares.lt\/wp-content\/uploads\/2023\/05\/Untitled-design-61.png","contentUrl":"https:\/\/testinisweb.ares.lt\/wp-content\/uploads\/2023\/05\/Untitled-design-61.png","width":1000,"height":1000,"caption":"Auksiniai auskarai \"Radiante\""},{"@type":"BreadcrumbList","@id":"https:\/\/testinisweb.ares.lt\/parduotuve\/auksiniai-auskarai-vintage-dobilas\/#breadcrumb","itemListElement":[{"@type":"ListItem","position":1,"name":"Auksiniai papuo\u0161alai","item":"https:\/\/testinisweb.ares.lt\/"},{"@type":"ListItem","position":2,"name":"Parduotuv\u0117","item":"https:\/\/testinisweb.ares.lt\/parduotuve\/"},{"@type":"ListItem","position":3,"name":"Auksiniai Auskarai &#8220;Vintage Dobilas&#8221;"}]},{"@type":"WebSite","@id":"https:\/\/testinisweb.ares.lt\/#website","url":"https:\/\/testinisweb.ares.lt\/","name":"ARES rotaslietas","description":"Zelta rotaslietas","publisher":{"@id":"https:\/\/testinisweb.ares.lt\/#organization"},"potentialAction":[{"@type":"SearchAction","target":{"@type":"EntryPoint","urlTemplate":"https:\/\/testinisweb.ares.lt\/?s={search_term_string}"},"query-input":{"@type":"PropertyValueSpecification","valueRequired":true,"valueName":"search_term_string"}}],"inLanguage":"lv-LV"},{"@type":"Organization","@id":"https:\/\/testinisweb.ares.lt\/#organization","name":"Ares Jewelry zelta rotaslietas","url":"https:\/\/testinisweb.ares.lt\/","logo":{"@type":"ImageObject","inLanguage":"lv-LV","@id":"https:\/\/testinisweb.ares.lt\/#\/schema\/logo\/image\/","url":"https:\/\/i0.wp.com\/testinisweb.ares.lt\/wp-content\/uploads\/2022\/03\/ares-text-logo-1.png?fit=417%2C122&ssl=1","contentUrl":"https:\/\/i0.wp.com\/testinisweb.ares.lt\/wp-content\/uploads\/2022\/03\/ares-text-logo-1.png?fit=417%2C122&ssl=1","width":417,"height":122,"caption":"Ares Juvelyrika auksiniai papuosalai"},"image":{"@id":"https:\/\/testinisweb.ares.lt\/#\/schema\/logo\/image\/"},"sameAs":["https:\/\/www.facebook.com\/AresJewellery","https:\/\/www.instagram.com\/ares_juvelyrika\/"]}]}},"_links":{"self":[{"href":"https:\/\/testinisweb.ares.lt\/lv\/wp-json\/wp\/v2\/product\/12768","targetHints":{"allow":["GET"]}}],"collection":[{"href":"https:\/\/testinisweb.ares.lt\/lv\/wp-json\/wp\/v2\/product"}],"about":[{"href":"https:\/\/testinisweb.ares.lt\/lv\/wp-json\/wp\/v2\/types\/product"}],"replies":[{"embeddable":true,"href":"https:\/\/testinisweb.ares.lt\/lv\/wp-json\/wp\/v2\/comments?post=12768"}],"wp:featuredmedia":[{"embeddable":true,"href":"https:\/\/testinisweb.ares.lt\/lv\/wp-json\/wp\/v2\/media\/15832"}],"wp:attachment":[{"href":"https:\/\/testinisweb.ares.lt\/lv\/wp-json\/wp\/v2\/media?parent=12768"}],"wp:term":[{"taxonomy":"product_cat","embeddable":true,"href":"https:\/\/testinisweb.ares.lt\/lv\/wp-json\/wp\/v2\/product_cat?post=12768"},{"taxonomy":"product_tag","embeddable":true,"href":"https:\/\/testinisweb.ares.lt\/lv\/wp-json\/wp\/v2\/product_tag?post=12768"}],"curies":[{"name":"wp","href":"https:\/\/api.w.org\/{rel}","templated":true}]}}