{"id":15498,"date":"2024-06-18T18:36:26","date_gmt":"2024-06-18T16:36:26","guid":{"rendered":"https:\/\/testinisweb.ares.lt\/?post_type=product&#038;p=15498"},"modified":"2026-01-25T22:03:36","modified_gmt":"2026-01-25T20:03:36","slug":"balta-zelta-kedites-enkurs-42-cm","status":"publish","type":"product","link":"https:\/\/testinisweb.ares.lt\/lv\/parduotuve\/balto-aukso-grandinele-anchor-inkarine-42cm\/","title":{"rendered":"50 cm balt\u0101 zelta \u0137\u0113d\u012bte &quot;Enkurs&quot;"},"content":{"rendered":"<h2>Balt\u0101 zelta \u0137\u0113d\u012bte &quot;Enkurs&quot; 50 cm<\/h2>\n<p>\u0160\u012b ir vienk\u0101r\u0161a, tom\u0113r eleganta un m\u016b\u017e\u012bga zelta \u0137\u0113d\u012bte. \u0160\u0101da pinuma zelta \u0137\u0113d\u012bte \u201cAnchor\u201d jeb \u201cankarin\u0117\u201d ir \u012bpa\u0161i daudzpus\u012bga, iztur\u012bga un augstas kvalit\u0101tes. T\u0101p\u0113c to var valk\u0101t ar jebkuru ap\u0123\u0113rbu jebkur\u0101 situ\u0101cij\u0101. T\u0101pat \u0137\u0113d\u012btes balt\u0101 un cit\u0101s zelta kr\u0101s\u0101s var kombin\u0113t ar zelta kuloniem vai piln\u012bgi cita stila zelta rotasliet\u0101m. M\u016bsu e-veikal\u0101 atrad\u012bsiet sarkan\u0101 zelta, dzelten\u0101 zelta un balt\u0101 zelta izstr\u0101d\u0101jumus. <a href=\"https:\/\/testinisweb.ares.lt\/lv\/kedes\/\">zelta \u0137\u0113des<\/a>Popul\u0101r\u0101kais zelta \u0137\u0113d\u012b\u0161u pinums pasaul\u0113 ir \u201cEnkura\u201d pinums, ta\u010du mums ir ar\u012b citi pinumi, kas ir sare\u017e\u0123\u012bt\u0101ki vai ar interesant\u0101ku dizainu. M\u0113s varam pied\u0101v\u0101t visas m\u016bsu sortiment\u0101 eso\u0161\u0101s zelta \u0137\u0113d\u012btes da\u017e\u0101dos garumos: 42 cm, 45 cm, 50 cm, 55 cm, 60 cm vai regul\u0113jam\u0101 garum\u0101 42\u201345 cm. Turkl\u0101t j\u016bs varat izv\u0113l\u0113ties no da\u017e\u0101diem \u0137\u0113d\u012b\u0161u platumiem: 0,65 mm, 0,75 mm, 0,95 mm, 1,25 mm, 1,60 mm, 1,95 mm.<\/p>\n<h3>Balt\u0101 zelta \u0137\u0113des priek\u0161roc\u012bbas:<\/h3>\n<ol>\n<li><strong>Ekskluz\u012bvs dizains<\/strong>Balt\u0101 zelta \u0137\u0113d\u012btei &quot;Anchor&quot; ir unik\u0101ls raksts, kas tai pie\u0161\u0137ir minim\u0101listisku un elegantu izskatu. T\u0101 ir lieliska izv\u0113le tiem, kas v\u0113las elegantu un augstas kvalit\u0101tes zelta \u0137\u0113d\u012bti.<\/li>\n<li><strong>Iztur\u012bba<\/strong>585. proves zelts ir paz\u012bstams ar savu iztur\u012bbu pret nodilumu un koroziju, t\u0101p\u0113c \u0161\u012b balt\u0101 zelta \u0137\u0113d\u012bte ilgu laiku saglab\u0101s savu s\u0101kotn\u0113jo sp\u012bdumu un izskatu.<\/li>\n<li><strong>Daudzpus\u012bba<\/strong>Pateicoties minim\u0101listiskajam, bet elegantajam dizainam, \u0161\u012b \u0137\u0113d\u012bte ir lieliski piem\u0113rota kombin\u0113\u0161anai ar da\u017e\u0101d\u0101m rotasliet\u0101m, kuloniem un ap\u0123\u0113rba stiliem.<\/li>\n<li><strong>Lieliska d\u0101vanu izv\u0113le<\/strong>\u0160\u012b zelta \u0137\u0113d\u012bte ir lieliska d\u0101vana jebkur\u0101 gad\u012bjum\u0101 \u2014 dzim\u0161anas dien\u0101, jubilej\u0101 vai k\u0101z\u0101s.<\/li>\n<\/ol>\n<p>M\u016bsu augstas kvalit\u0101tes zelta \u0137\u0113d\u012btes, kas izgatavotas no 585. proves zelta, ir paredz\u0113tas gan ikdienas valk\u0101\u0161anai, gan juvelieriem, kuri v\u0113las rad\u012bt unik\u0101lus m\u0101kslas darbus. \u0160\u012bm \u0137\u0113d\u012bt\u0113m rakstur\u012bga iztur\u012bba un sp\u0113c\u012bgs pinums, padarot t\u0101s par lielisku izv\u0113li juvelieriem, kuri v\u0113las rad\u012bt unik\u0101lu zelta rotaslietu dizainu un nodro\u0161in\u0101t augst\u0101ko kvalit\u0101ti.<\/p>\n<p>Juvelieri var izmantot \u0161\u012bs zelta \u0137\u0113d\u012btes k\u0101 pamatu da\u017e\u0101diem kuloniem vai unik\u0101lu, individu\u0101lu m\u0101kslas darbu rad\u012b\u0161anai. M\u0113s pied\u0101v\u0101jam pla\u0161u zelta \u0137\u0113d\u012b\u0161u kl\u0101stu da\u017e\u0101dos pinumos un platumos, lai ikviens atrastu sav\u0101m vajadz\u012bb\u0101m piem\u0113rot\u0101ko variantu. Turkl\u0101t m\u016bsu \u0137\u0113d\u012btes ir pieejamas par labu cenu, nodro\u0161inot vislab\u0101ko cenas un v\u0113rt\u012bbas attiec\u012bbu Jums.<\/p>","protected":false},"excerpt":{"rendered":"<p>Tu esi <strong>juvelieris? <\/strong>Vai pl\u0101nojat iepirkties vairum\u0101 vai regul\u0101ri?<\/p>\n<p style=\"color: #d49f45;\"><a href=\"https:\/\/testinisweb.ares.lt\/lv\/kontakti\/\"><strong>Sazinieties ar mums, lai sa\u0146emtu lab\u0101ku cenu pied\u0101v\u0101jumu.<\/strong><\/a><\/p>","protected":false},"featured_media":15485,"comment_status":"open","ping_status":"closed","template":"","meta":[],"product_cat":[96,955,959,960,100,400,950],"product_tag":[],"class_list":{"0":"post-15498","1":"product","2":"type-product","3":"status-publish","4":"has-post-thumbnail","6":"product_cat-grandineles","7":"product_cat-auksines-grandineles-50cm","8":"product_cat-auksines-grandineles-iki-250-eur","9":"product_cat-auksines-grandineles-iki-500-eur","10":"product_cat-balto-aukso-grandineles","11":"product_cat-balto-aukso-papuosalai","12":"product_cat-inkarines-auksines-grandineles-anchor","13":"tm-no-options","15":"first","16":"instock","17":"shipping-taxable","18":"purchasable","19":"product-type-variable","20":"has-default-attributes"},"yoast_head":"<!-- This site is optimized with the Yoast SEO plugin v27.4 - https:\/\/yoast.com\/product\/yoast-seo-wordpress\/ -->\n<title>50 cm balto aukso grandin\u0117l\u0117 &quot;Anchor&quot; (inkarin\u0117)<\/title>\n<meta name=\"description\" content=\"Balto aukso grandin\u0117l\u0117 &quot;Anchor&quot; (inkarin\u0117) tai eleganti\u0161ka ir kokybi\u0161ka auksin\u0117 grandin\u0117l\u0117. Rinkit\u0117s grandin\u0117l\u0119 i\u0161 \u012fvairi\u0173 ilgi\u0173 ir plo\u010di\u0173 m\u016bs\u0173 asortimente.\" \/>\n<meta name=\"robots\" content=\"index, follow, max-snippet:-1, max-image-preview:large, max-video-preview:-1\" \/>\n<link rel=\"canonical\" href=\"https:\/\/testinisweb.ares.lt\/lv\/veikala\/balta-zelta-kedites-enkurs-42-cm\/\" \/>\n<meta property=\"og:locale\" content=\"lv_LV\" \/>\n<meta property=\"og:type\" content=\"article\" \/>\n<meta property=\"og:title\" content=\"50 cm balto aukso grandin\u0117l\u0117 &quot;Anchor&quot; (inkarin\u0117)\" \/>\n<meta property=\"og:description\" content=\"Balto aukso grandin\u0117l\u0117 &quot;Anchor&quot; (inkarin\u0117) tai eleganti\u0161ka ir kokybi\u0161ka auksin\u0117 grandin\u0117l\u0117. Rinkit\u0117s grandin\u0117l\u0119 i\u0161 \u012fvairi\u0173 ilgi\u0173 ir plo\u010di\u0173 m\u016bs\u0173 asortimente.\" \/>\n<meta property=\"og:url\" content=\"https:\/\/testinisweb.ares.lt\/lv\/veikala\/balta-zelta-kedites-enkurs-42-cm\/\" \/>\n<meta property=\"og:site_name\" content=\"ARES Juvelyrika\" \/>\n<meta property=\"article:publisher\" content=\"https:\/\/www.facebook.com\/AresJewellery\" \/>\n<meta property=\"article:modified_time\" content=\"2026-01-25T20:03:36+00:00\" \/>\n<meta property=\"og:image\" content=\"https:\/\/testinisweb.ares.lt\/wp-content\/uploads\/2022\/03\/IMG_4180WHITE-1-scaled.jpg\" \/>\n\t<meta property=\"og:image:width\" content=\"3000\" \/>\n\t<meta property=\"og:image:height\" content=\"2400\" \/>\n\t<meta property=\"og:image:type\" content=\"image\/jpeg\" \/>\n<meta name=\"twitter:card\" content=\"summary_large_image\" \/>\n<meta name=\"twitter:label1\" content=\"Est. reading time\" \/>\n\t<meta name=\"twitter:data1\" content=\"2 min\u016btes\" \/>\n<script type=\"application\/ld+json\" class=\"yoast-schema-graph\">{\"@context\":\"https:\\\/\\\/schema.org\",\"@graph\":[{\"@type\":\"WebPage\",\"@id\":\"https:\\\/\\\/testinisweb.ares.lt\\\/parduotuve\\\/balto-aukso-grandinele-anchor-inkarine-42cm\\\/\",\"url\":\"https:\\\/\\\/testinisweb.ares.lt\\\/parduotuve\\\/balto-aukso-grandinele-anchor-inkarine-42cm\\\/\",\"name\":\"50 cm balto aukso grandin\u0117l\u0117 \\\"Anchor\\\" (inkarin\u0117)\",\"isPartOf\":{\"@id\":\"https:\\\/\\\/testinisweb.ares.lt\\\/#website\"},\"primaryImageOfPage\":{\"@id\":\"https:\\\/\\\/testinisweb.ares.lt\\\/parduotuve\\\/balto-aukso-grandinele-anchor-inkarine-42cm\\\/#primaryimage\"},\"image\":{\"@id\":\"https:\\\/\\\/testinisweb.ares.lt\\\/parduotuve\\\/balto-aukso-grandinele-anchor-inkarine-42cm\\\/#primaryimage\"},\"thumbnailUrl\":\"https:\\\/\\\/testinisweb.ares.lt\\\/wp-content\\\/uploads\\\/2022\\\/03\\\/IMG_4180WHITE-1-scaled.jpg\",\"datePublished\":\"2024-06-18T16:36:26+00:00\",\"dateModified\":\"2026-01-25T20:03:36+00:00\",\"description\":\"Balto aukso grandin\u0117l\u0117 \\\"Anchor\\\" (inkarin\u0117) tai eleganti\u0161ka ir kokybi\u0161ka auksin\u0117 grandin\u0117l\u0117. Rinkit\u0117s grandin\u0117l\u0119 i\u0161 \u012fvairi\u0173 ilgi\u0173 ir plo\u010di\u0173 m\u016bs\u0173 asortimente.\",\"breadcrumb\":{\"@id\":\"https:\\\/\\\/testinisweb.ares.lt\\\/parduotuve\\\/balto-aukso-grandinele-anchor-inkarine-42cm\\\/#breadcrumb\"},\"inLanguage\":\"lv-LV\",\"potentialAction\":[{\"@type\":\"ReadAction\",\"target\":[\"https:\\\/\\\/testinisweb.ares.lt\\\/parduotuve\\\/balto-aukso-grandinele-anchor-inkarine-42cm\\\/\"]}]},{\"@type\":\"ImageObject\",\"inLanguage\":\"lv-LV\",\"@id\":\"https:\\\/\\\/testinisweb.ares.lt\\\/parduotuve\\\/balto-aukso-grandinele-anchor-inkarine-42cm\\\/#primaryimage\",\"url\":\"https:\\\/\\\/testinisweb.ares.lt\\\/wp-content\\\/uploads\\\/2022\\\/03\\\/IMG_4180WHITE-1-scaled.jpg\",\"contentUrl\":\"https:\\\/\\\/testinisweb.ares.lt\\\/wp-content\\\/uploads\\\/2022\\\/03\\\/IMG_4180WHITE-1-scaled.jpg\",\"width\":3000,\"height\":2400,\"caption\":\"Balto aukso grandin\u0117l\u0117 \\\"Anchor\\\" 0.65 mm plotis\"},{\"@type\":\"BreadcrumbList\",\"@id\":\"https:\\\/\\\/testinisweb.ares.lt\\\/parduotuve\\\/balto-aukso-grandinele-anchor-inkarine-42cm\\\/#breadcrumb\",\"itemListElement\":[{\"@type\":\"ListItem\",\"position\":1,\"name\":\"Auksiniai papuo\u0161alai\",\"item\":\"https:\\\/\\\/testinisweb.ares.lt\\\/\"},{\"@type\":\"ListItem\",\"position\":2,\"name\":\"Parduotuv\u0117\",\"item\":\"https:\\\/\\\/testinisweb.ares.lt\\\/parduotuve\\\/\"},{\"@type\":\"ListItem\",\"position\":3,\"name\":\"50 cm balto aukso grandin\u0117l\u0117 &#8222;Anchor&#8221; (inkarin\u0117)\"}]},{\"@type\":\"WebSite\",\"@id\":\"https:\\\/\\\/testinisweb.ares.lt\\\/#website\",\"url\":\"https:\\\/\\\/testinisweb.ares.lt\\\/\",\"name\":\"ARES Juvelyrika\",\"description\":\"Auksiniai papuo\u0161alai\",\"publisher\":{\"@id\":\"https:\\\/\\\/testinisweb.ares.lt\\\/#organization\"},\"potentialAction\":[{\"@type\":\"SearchAction\",\"target\":{\"@type\":\"EntryPoint\",\"urlTemplate\":\"https:\\\/\\\/testinisweb.ares.lt\\\/?s={search_term_string}\"},\"query-input\":{\"@type\":\"PropertyValueSpecification\",\"valueRequired\":true,\"valueName\":\"search_term_string\"}}],\"inLanguage\":\"lv-LV\"},{\"@type\":\"Organization\",\"@id\":\"https:\\\/\\\/testinisweb.ares.lt\\\/#organization\",\"name\":\"Ares Juvelyrika auksiniai papuosalai\",\"url\":\"https:\\\/\\\/testinisweb.ares.lt\\\/\",\"logo\":{\"@type\":\"ImageObject\",\"inLanguage\":\"lv-LV\",\"@id\":\"https:\\\/\\\/testinisweb.ares.lt\\\/#\\\/schema\\\/logo\\\/image\\\/\",\"url\":\"https:\\\/\\\/i0.wp.com\\\/testinisweb.ares.lt\\\/wp-content\\\/uploads\\\/2022\\\/03\\\/ares-text-logo-1.png?fit=417%2C122&ssl=1\",\"contentUrl\":\"https:\\\/\\\/i0.wp.com\\\/testinisweb.ares.lt\\\/wp-content\\\/uploads\\\/2022\\\/03\\\/ares-text-logo-1.png?fit=417%2C122&ssl=1\",\"width\":417,\"height\":122,\"caption\":\"Ares Juvelyrika auksiniai papuosalai\"},\"image\":{\"@id\":\"https:\\\/\\\/testinisweb.ares.lt\\\/#\\\/schema\\\/logo\\\/image\\\/\"},\"sameAs\":[\"https:\\\/\\\/www.facebook.com\\\/AresJewellery\",\"https:\\\/\\\/www.instagram.com\\\/ares_juvelyrika\\\/\"]}]}<\/script>\n<!-- \/ Yoast SEO plugin. -->","yoast_head_json":{"title":"50 cm balt\u0101 zelta \u0137\u0113d\u012bte &quot;Enkurs&quot;","description":"Balt\u0101 zelta \u0137\u0113d\u012bte &quot;Anchor&quot; ir eleganta un augstas kvalit\u0101tes zelta \u0137\u0113d\u012bte. Izv\u0113lieties \u0137\u0113d\u012bti no m\u016bsu da\u017e\u0101d\u0101 garuma un platuma sortimenta.","robots":{"index":"index","follow":"follow","max-snippet":"max-snippet:-1","max-image-preview":"max-image-preview:large","max-video-preview":"max-video-preview:-1"},"canonical":"https:\/\/testinisweb.ares.lt\/lv\/veikala\/balta-zelta-kedites-enkurs-42-cm\/","og_locale":"lv_LV","og_type":"article","og_title":"50 cm balto aukso grandin\u0117l\u0117 \"Anchor\" (inkarin\u0117)","og_description":"Balto aukso grandin\u0117l\u0117 \"Anchor\" (inkarin\u0117) tai eleganti\u0161ka ir kokybi\u0161ka auksin\u0117 grandin\u0117l\u0117. Rinkit\u0117s grandin\u0117l\u0119 i\u0161 \u012fvairi\u0173 ilgi\u0173 ir plo\u010di\u0173 m\u016bs\u0173 asortimente.","og_url":"https:\/\/testinisweb.ares.lt\/lv\/veikala\/balta-zelta-kedites-enkurs-42-cm\/","og_site_name":"ARES Juvelyrika","article_publisher":"https:\/\/www.facebook.com\/AresJewellery","article_modified_time":"2026-01-25T20:03:36+00:00","og_image":[{"width":3000,"height":2400,"url":"https:\/\/testinisweb.ares.lt\/wp-content\/uploads\/2022\/03\/IMG_4180WHITE-1-scaled.jpg","type":"image\/jpeg"}],"twitter_card":"summary_large_image","twitter_misc":{"Est. reading time":"2 min\u016btes"},"schema":{"@context":"https:\/\/schema.org","@graph":[{"@type":"WebPage","@id":"https:\/\/testinisweb.ares.lt\/parduotuve\/balto-aukso-grandinele-anchor-inkarine-42cm\/","url":"https:\/\/testinisweb.ares.lt\/parduotuve\/balto-aukso-grandinele-anchor-inkarine-42cm\/","name":"50 cm balt\u0101 zelta \u0137\u0113d\u012bte &quot;Enkurs&quot;","isPartOf":{"@id":"https:\/\/testinisweb.ares.lt\/#website"},"primaryImageOfPage":{"@id":"https:\/\/testinisweb.ares.lt\/parduotuve\/balto-aukso-grandinele-anchor-inkarine-42cm\/#primaryimage"},"image":{"@id":"https:\/\/testinisweb.ares.lt\/parduotuve\/balto-aukso-grandinele-anchor-inkarine-42cm\/#primaryimage"},"thumbnailUrl":"https:\/\/testinisweb.ares.lt\/wp-content\/uploads\/2022\/03\/IMG_4180WHITE-1-scaled.jpg","datePublished":"2024-06-18T16:36:26+00:00","dateModified":"2026-01-25T20:03:36+00:00","description":"Balt\u0101 zelta \u0137\u0113d\u012bte &quot;Anchor&quot; ir eleganta un augstas kvalit\u0101tes zelta \u0137\u0113d\u012bte. Izv\u0113lieties \u0137\u0113d\u012bti no m\u016bsu da\u017e\u0101d\u0101 garuma un platuma sortimenta.","breadcrumb":{"@id":"https:\/\/testinisweb.ares.lt\/parduotuve\/balto-aukso-grandinele-anchor-inkarine-42cm\/#breadcrumb"},"inLanguage":"lv-LV","potentialAction":[{"@type":"ReadAction","target":["https:\/\/testinisweb.ares.lt\/parduotuve\/balto-aukso-grandinele-anchor-inkarine-42cm\/"]}]},{"@type":"ImageObject","inLanguage":"lv-LV","@id":"https:\/\/testinisweb.ares.lt\/parduotuve\/balto-aukso-grandinele-anchor-inkarine-42cm\/#primaryimage","url":"https:\/\/testinisweb.ares.lt\/wp-content\/uploads\/2022\/03\/IMG_4180WHITE-1-scaled.jpg","contentUrl":"https:\/\/testinisweb.ares.lt\/wp-content\/uploads\/2022\/03\/IMG_4180WHITE-1-scaled.jpg","width":3000,"height":2400,"caption":"Balto aukso grandin\u0117l\u0117 \"Anchor\" 0.65 mm plotis"},{"@type":"BreadcrumbList","@id":"https:\/\/testinisweb.ares.lt\/parduotuve\/balto-aukso-grandinele-anchor-inkarine-42cm\/#breadcrumb","itemListElement":[{"@type":"ListItem","position":1,"name":"Auksiniai papuo\u0161alai","item":"https:\/\/testinisweb.ares.lt\/"},{"@type":"ListItem","position":2,"name":"Parduotuv\u0117","item":"https:\/\/testinisweb.ares.lt\/parduotuve\/"},{"@type":"ListItem","position":3,"name":"50 cm balto aukso grandin\u0117l\u0117 &#8222;Anchor&#8221; (inkarin\u0117)"}]},{"@type":"WebSite","@id":"https:\/\/testinisweb.ares.lt\/#website","url":"https:\/\/testinisweb.ares.lt\/","name":"ARES rotaslietas","description":"Zelta rotaslietas","publisher":{"@id":"https:\/\/testinisweb.ares.lt\/#organization"},"potentialAction":[{"@type":"SearchAction","target":{"@type":"EntryPoint","urlTemplate":"https:\/\/testinisweb.ares.lt\/?s={search_term_string}"},"query-input":{"@type":"PropertyValueSpecification","valueRequired":true,"valueName":"search_term_string"}}],"inLanguage":"lv-LV"},{"@type":"Organization","@id":"https:\/\/testinisweb.ares.lt\/#organization","name":"Ares Jewelry zelta rotaslietas","url":"https:\/\/testinisweb.ares.lt\/","logo":{"@type":"ImageObject","inLanguage":"lv-LV","@id":"https:\/\/testinisweb.ares.lt\/#\/schema\/logo\/image\/","url":"https:\/\/i0.wp.com\/testinisweb.ares.lt\/wp-content\/uploads\/2022\/03\/ares-text-logo-1.png?fit=417%2C122&ssl=1","contentUrl":"https:\/\/i0.wp.com\/testinisweb.ares.lt\/wp-content\/uploads\/2022\/03\/ares-text-logo-1.png?fit=417%2C122&ssl=1","width":417,"height":122,"caption":"Ares Juvelyrika auksiniai papuosalai"},"image":{"@id":"https:\/\/testinisweb.ares.lt\/#\/schema\/logo\/image\/"},"sameAs":["https:\/\/www.facebook.com\/AresJewellery","https:\/\/www.instagram.com\/ares_juvelyrika\/"]}]}},"_links":{"self":[{"href":"https:\/\/testinisweb.ares.lt\/lv\/wp-json\/wp\/v2\/product\/15498","targetHints":{"allow":["GET"]}}],"collection":[{"href":"https:\/\/testinisweb.ares.lt\/lv\/wp-json\/wp\/v2\/product"}],"about":[{"href":"https:\/\/testinisweb.ares.lt\/lv\/wp-json\/wp\/v2\/types\/product"}],"replies":[{"embeddable":true,"href":"https:\/\/testinisweb.ares.lt\/lv\/wp-json\/wp\/v2\/comments?post=15498"}],"wp:featuredmedia":[{"embeddable":true,"href":"https:\/\/testinisweb.ares.lt\/lv\/wp-json\/wp\/v2\/media\/15485"}],"wp:attachment":[{"href":"https:\/\/testinisweb.ares.lt\/lv\/wp-json\/wp\/v2\/media?parent=15498"}],"wp:term":[{"taxonomy":"product_cat","embeddable":true,"href":"https:\/\/testinisweb.ares.lt\/lv\/wp-json\/wp\/v2\/product_cat?post=15498"},{"taxonomy":"product_tag","embeddable":true,"href":"https:\/\/testinisweb.ares.lt\/lv\/wp-json\/wp\/v2\/product_tag?post=15498"}],"curies":[{"name":"wp","href":"https:\/\/api.w.org\/{rel}","templated":true}]}}