{"id":16136,"date":"2024-08-27T09:01:25","date_gmt":"2024-08-27T07:01:25","guid":{"rendered":"https:\/\/testinisweb.ares.lt\/?post_type=product&#038;p=16136"},"modified":"2026-01-25T22:02:53","modified_gmt":"2026-01-25T20:02:53","slug":"kedite-ar-kulonu-burtu-d","status":"publish","type":"product","link":"https:\/\/testinisweb.ares.lt\/lv\/parduotuve\/grandinele-su-pakabuku-raide-d\/","title":{"rendered":"Zelta \u0137\u0113d\u012bte ar kulonu burtu &quot;D&quot;"},"content":{"rendered":"<h2>Zelta \u0137\u0113d\u012bte ar kulonu burtu &quot;D&quot;<\/h2>\n<p>&nbsp;<\/p>\n<p>Izgatavota no \u012bsta 585 proves zelta, \u0161\u012b \u0137\u0113d\u012bte ar v\u0101rda burta kulonu ir augst\u0101k\u0101s kvalit\u0101tes un kalpos gadiem ilgi.<\/p>\n<p>Zelta kuloni ar burtu ir lieliska izv\u0113le tiem, kas v\u0113las unik\u0101lu rotaslietu ar savu vai m\u012b\u013cot\u0101 cilv\u0113ka v\u0101rdu. Personaliz\u0113t\u0101s rotaslietas m\u016bsu kolekcij\u0101 ir \u013coti popul\u0101ras un ir lieliska, neaizmirstama d\u0101vana.<\/p>\n<p>\u0136\u0113des garums ir optim\u0101ls, lai t\u0101 skaisti kristu ap kaklu. \u0160\u012b burtu \u0137\u0113d\u012bte ar kulonu labi sader ar da\u017e\u0101diem t\u0113rpiem - s\u0101kot no ikdienas ap\u0123\u0113rba l\u012bdz vakarkleit\u0101m. Pateicoties minim\u0101listiskajam dizainam un pabeigt\u012bbai, \u0161\u012b rota ir \u0101rk\u0101rt\u012bgi daudzpus\u012bgs akcents j\u016bsu t\u0113lam.<\/p>\n<p>Zelta rotaslietas ar inici\u0101\u013ciem ir lieliska d\u0101vana da\u017e\u0101diem gad\u012bjumiem, s\u0101kot no dzim\u0161anas dien\u0101m l\u012bdz k\u0101zu jubilej\u0101m vai citiem \u012bpa\u0161iem gad\u012bjumiem. To simbolisk\u0101 v\u0113rt\u012bba padara jebkuru gad\u012bjumu \u012bpa\u0161i \u012bpa\u0161u, un \u012bsts 585. proves zelts garant\u0113, ka d\u0101vana saglab\u0101s v\u0113rt\u012bbu daudzus gadus.<\/p>\n<p>&nbsp;<\/p>","protected":false},"excerpt":{"rendered":"<p>Auksin\u0117 grandin\u0117l\u0117 su pakabuku raid\u0117 &#8222;D&#8221; &nbsp; Pagaminta i\u0161 tikro 585 prabos aukso, \u0161i grandin\u0117l\u0117 su pakabuku vardo raid\u0117 yra auk\u0161\u010diausios kokyb\u0117s&hellip;<\/p>","protected":false},"featured_media":16137,"comment_status":"open","ping_status":"closed","template":"","meta":[],"product_brand":[],"product_cat":[102,948,943,870,432,944,401],"product_tag":[],"class_list":{"0":"post-16136","1":"product","2":"type-product","3":"status-publish","4":"has-post-thumbnail","6":"product_cat-grandineles-su-pakabukais","7":"product_cat-auksines-grandineles-su-pakabukais-iki-250-eur","8":"product_cat-auksines-grandineles-su-raide","9":"product_cat-pakabukai-su-raide","10":"product_cat-nauja","11":"product_cat-raudono-aukso-grandineles-su-pakabukais","12":"product_cat-raudono-aukso-papuosalai","13":"tm-no-options","15":"first","16":"instock","17":"shipping-taxable","18":"purchasable","19":"product-type-simple"},"yoast_head":"<!-- This site is optimized with the Yoast SEO plugin v27.3 - https:\/\/yoast.com\/product\/yoast-seo-wordpress\/ -->\n<title>Auksin\u0117 grandin\u0117l\u0117 su pakabuku raid\u0117 &quot;D&quot;<\/title>\n<meta name=\"description\" content=\"Auksin\u0117 grandin\u0117l\u0117 su pakabuku raid\u0117 &quot;D&quot; &nbsp; Pagaminta i\u0161 tikro 585 prabos aukso, \u0161i grandin\u0117l\u0117 su pakabuku vardo raid\u0117 yra auk\u0161\u010diausios kokyb\u0117s ir\" \/>\n<meta name=\"robots\" content=\"index, follow, max-snippet:-1, max-image-preview:large, max-video-preview:-1\" \/>\n<link rel=\"canonical\" href=\"https:\/\/testinisweb.ares.lt\/lv\/veikala\/kedite-ar-kulonu-burtu-d\/\" \/>\n<meta property=\"og:locale\" content=\"lv_LV\" \/>\n<meta property=\"og:type\" content=\"article\" \/>\n<meta property=\"og:title\" content=\"Auksin\u0117 grandin\u0117l\u0117 su pakabuku raid\u0117 &quot;D&quot;\" \/>\n<meta property=\"og:description\" content=\"Auksin\u0117 grandin\u0117l\u0117 su pakabuku raid\u0117 &quot;D&quot; &nbsp; Pagaminta i\u0161 tikro 585 prabos aukso, \u0161i grandin\u0117l\u0117 su pakabuku vardo raid\u0117 yra auk\u0161\u010diausios kokyb\u0117s ir\" \/>\n<meta property=\"og:url\" content=\"https:\/\/testinisweb.ares.lt\/lv\/veikala\/kedite-ar-kulonu-burtu-d\/\" \/>\n<meta property=\"og:site_name\" content=\"ARES Juvelyrika\" \/>\n<meta property=\"article:publisher\" content=\"https:\/\/www.facebook.com\/AresJewellery\" \/>\n<meta property=\"article:modified_time\" content=\"2026-01-25T20:02:53+00:00\" \/>\n<meta property=\"og:image\" content=\"https:\/\/testinisweb.ares.lt\/wp-content\/uploads\/2024\/08\/IMG_4472.jpg\" \/>\n\t<meta property=\"og:image:width\" content=\"3000\" \/>\n\t<meta property=\"og:image:height\" content=\"3000\" \/>\n\t<meta property=\"og:image:type\" content=\"image\/jpeg\" \/>\n<meta name=\"twitter:card\" content=\"summary_large_image\" \/>\n<meta name=\"twitter:label1\" content=\"Est. reading time\" \/>\n\t<meta name=\"twitter:data1\" content=\"1 min\u016bte\" \/>\n<script type=\"application\/ld+json\" class=\"yoast-schema-graph\">{\"@context\":\"https:\\\/\\\/schema.org\",\"@graph\":[{\"@type\":\"WebPage\",\"@id\":\"https:\\\/\\\/testinisweb.ares.lt\\\/parduotuve\\\/grandinele-su-pakabuku-raide-d\\\/\",\"url\":\"https:\\\/\\\/testinisweb.ares.lt\\\/parduotuve\\\/grandinele-su-pakabuku-raide-d\\\/\",\"name\":\"Auksin\u0117 grandin\u0117l\u0117 su pakabuku raid\u0117 \\\"D\\\"\",\"isPartOf\":{\"@id\":\"https:\\\/\\\/testinisweb.ares.lt\\\/#website\"},\"primaryImageOfPage\":{\"@id\":\"https:\\\/\\\/testinisweb.ares.lt\\\/parduotuve\\\/grandinele-su-pakabuku-raide-d\\\/#primaryimage\"},\"image\":{\"@id\":\"https:\\\/\\\/testinisweb.ares.lt\\\/parduotuve\\\/grandinele-su-pakabuku-raide-d\\\/#primaryimage\"},\"thumbnailUrl\":\"https:\\\/\\\/testinisweb.ares.lt\\\/wp-content\\\/uploads\\\/2024\\\/08\\\/IMG_4472.jpg\",\"datePublished\":\"2024-08-27T07:01:25+00:00\",\"dateModified\":\"2026-01-25T20:02:53+00:00\",\"description\":\"Auksin\u0117 grandin\u0117l\u0117 su pakabuku raid\u0117 \\\"D\\\" &nbsp; Pagaminta i\u0161 tikro 585 prabos aukso, \u0161i grandin\u0117l\u0117 su pakabuku vardo raid\u0117 yra auk\u0161\u010diausios kokyb\u0117s ir\",\"breadcrumb\":{\"@id\":\"https:\\\/\\\/testinisweb.ares.lt\\\/parduotuve\\\/grandinele-su-pakabuku-raide-d\\\/#breadcrumb\"},\"inLanguage\":\"lv-LV\",\"potentialAction\":[{\"@type\":\"ReadAction\",\"target\":[\"https:\\\/\\\/testinisweb.ares.lt\\\/parduotuve\\\/grandinele-su-pakabuku-raide-d\\\/\"]}]},{\"@type\":\"ImageObject\",\"inLanguage\":\"lv-LV\",\"@id\":\"https:\\\/\\\/testinisweb.ares.lt\\\/parduotuve\\\/grandinele-su-pakabuku-raide-d\\\/#primaryimage\",\"url\":\"https:\\\/\\\/testinisweb.ares.lt\\\/wp-content\\\/uploads\\\/2024\\\/08\\\/IMG_4472.jpg\",\"contentUrl\":\"https:\\\/\\\/testinisweb.ares.lt\\\/wp-content\\\/uploads\\\/2024\\\/08\\\/IMG_4472.jpg\",\"width\":3000,\"height\":3000,\"caption\":\"Auksin\u0117 grandin\u0117l\u0117 su pakabuku raid\u0117 \\\"D\\\"\"},{\"@type\":\"BreadcrumbList\",\"@id\":\"https:\\\/\\\/testinisweb.ares.lt\\\/parduotuve\\\/grandinele-su-pakabuku-raide-d\\\/#breadcrumb\",\"itemListElement\":[{\"@type\":\"ListItem\",\"position\":1,\"name\":\"Auksiniai papuo\u0161alai\",\"item\":\"https:\\\/\\\/testinisweb.ares.lt\\\/\"},{\"@type\":\"ListItem\",\"position\":2,\"name\":\"Parduotuv\u0117\",\"item\":\"https:\\\/\\\/testinisweb.ares.lt\\\/parduotuve\\\/\"},{\"@type\":\"ListItem\",\"position\":3,\"name\":\"Auksin\u0117 grandin\u0117l\u0117 su pakabuku raid\u0117 &#8222;D&#8221;\"}]},{\"@type\":\"WebSite\",\"@id\":\"https:\\\/\\\/testinisweb.ares.lt\\\/#website\",\"url\":\"https:\\\/\\\/testinisweb.ares.lt\\\/\",\"name\":\"ARES Juvelyrika\",\"description\":\"Auksiniai papuo\u0161alai\",\"publisher\":{\"@id\":\"https:\\\/\\\/testinisweb.ares.lt\\\/#organization\"},\"potentialAction\":[{\"@type\":\"SearchAction\",\"target\":{\"@type\":\"EntryPoint\",\"urlTemplate\":\"https:\\\/\\\/testinisweb.ares.lt\\\/?s={search_term_string}\"},\"query-input\":{\"@type\":\"PropertyValueSpecification\",\"valueRequired\":true,\"valueName\":\"search_term_string\"}}],\"inLanguage\":\"lv-LV\"},{\"@type\":\"Organization\",\"@id\":\"https:\\\/\\\/testinisweb.ares.lt\\\/#organization\",\"name\":\"Ares Juvelyrika auksiniai papuosalai\",\"url\":\"https:\\\/\\\/testinisweb.ares.lt\\\/\",\"logo\":{\"@type\":\"ImageObject\",\"inLanguage\":\"lv-LV\",\"@id\":\"https:\\\/\\\/testinisweb.ares.lt\\\/#\\\/schema\\\/logo\\\/image\\\/\",\"url\":\"https:\\\/\\\/i0.wp.com\\\/testinisweb.ares.lt\\\/wp-content\\\/uploads\\\/2022\\\/03\\\/ares-text-logo-1.png?fit=417%2C122&ssl=1\",\"contentUrl\":\"https:\\\/\\\/i0.wp.com\\\/testinisweb.ares.lt\\\/wp-content\\\/uploads\\\/2022\\\/03\\\/ares-text-logo-1.png?fit=417%2C122&ssl=1\",\"width\":417,\"height\":122,\"caption\":\"Ares Juvelyrika auksiniai papuosalai\"},\"image\":{\"@id\":\"https:\\\/\\\/testinisweb.ares.lt\\\/#\\\/schema\\\/logo\\\/image\\\/\"},\"sameAs\":[\"https:\\\/\\\/www.facebook.com\\\/AresJewellery\",\"https:\\\/\\\/www.instagram.com\\\/ares_juvelyrika\\\/\"]}]}<\/script>\n<!-- \/ Yoast SEO plugin. -->","yoast_head_json":{"title":"Zelta \u0137\u0113d\u012bte ar kulonu burtu &quot;D&quot;","description":"Zelta \u0137\u0113d\u012bte ar piekari\u0146a burtu &quot;D&quot;. Izgatavota no \u012bsta 585. proves zelta, \u0161\u012b \u0137\u0113d\u012bte ar piekari\u0146a burtu, kas att\u0113lo v\u0101rda noz\u012bmi, ir augst\u0101k\u0101s kvalit\u0101tes.","robots":{"index":"index","follow":"follow","max-snippet":"max-snippet:-1","max-image-preview":"max-image-preview:large","max-video-preview":"max-video-preview:-1"},"canonical":"https:\/\/testinisweb.ares.lt\/lv\/veikala\/kedite-ar-kulonu-burtu-d\/","og_locale":"lv_LV","og_type":"article","og_title":"Auksin\u0117 grandin\u0117l\u0117 su pakabuku raid\u0117 \"D\"","og_description":"Auksin\u0117 grandin\u0117l\u0117 su pakabuku raid\u0117 \"D\" &nbsp; Pagaminta i\u0161 tikro 585 prabos aukso, \u0161i grandin\u0117l\u0117 su pakabuku vardo raid\u0117 yra auk\u0161\u010diausios kokyb\u0117s ir","og_url":"https:\/\/testinisweb.ares.lt\/lv\/veikala\/kedite-ar-kulonu-burtu-d\/","og_site_name":"ARES Juvelyrika","article_publisher":"https:\/\/www.facebook.com\/AresJewellery","article_modified_time":"2026-01-25T20:02:53+00:00","og_image":[{"width":3000,"height":3000,"url":"https:\/\/testinisweb.ares.lt\/wp-content\/uploads\/2024\/08\/IMG_4472.jpg","type":"image\/jpeg"}],"twitter_card":"summary_large_image","twitter_misc":{"Est. reading time":"1 min\u016bte"},"schema":{"@context":"https:\/\/schema.org","@graph":[{"@type":"WebPage","@id":"https:\/\/testinisweb.ares.lt\/parduotuve\/grandinele-su-pakabuku-raide-d\/","url":"https:\/\/testinisweb.ares.lt\/parduotuve\/grandinele-su-pakabuku-raide-d\/","name":"Zelta \u0137\u0113d\u012bte ar kulonu burtu &quot;D&quot;","isPartOf":{"@id":"https:\/\/testinisweb.ares.lt\/#website"},"primaryImageOfPage":{"@id":"https:\/\/testinisweb.ares.lt\/parduotuve\/grandinele-su-pakabuku-raide-d\/#primaryimage"},"image":{"@id":"https:\/\/testinisweb.ares.lt\/parduotuve\/grandinele-su-pakabuku-raide-d\/#primaryimage"},"thumbnailUrl":"https:\/\/testinisweb.ares.lt\/wp-content\/uploads\/2024\/08\/IMG_4472.jpg","datePublished":"2024-08-27T07:01:25+00:00","dateModified":"2026-01-25T20:02:53+00:00","description":"Zelta \u0137\u0113d\u012bte ar piekari\u0146a burtu &quot;D&quot;. Izgatavota no \u012bsta 585. proves zelta, \u0161\u012b \u0137\u0113d\u012bte ar piekari\u0146a burtu, kas att\u0113lo v\u0101rda noz\u012bmi, ir augst\u0101k\u0101s kvalit\u0101tes.","breadcrumb":{"@id":"https:\/\/testinisweb.ares.lt\/parduotuve\/grandinele-su-pakabuku-raide-d\/#breadcrumb"},"inLanguage":"lv-LV","potentialAction":[{"@type":"ReadAction","target":["https:\/\/testinisweb.ares.lt\/parduotuve\/grandinele-su-pakabuku-raide-d\/"]}]},{"@type":"ImageObject","inLanguage":"lv-LV","@id":"https:\/\/testinisweb.ares.lt\/parduotuve\/grandinele-su-pakabuku-raide-d\/#primaryimage","url":"https:\/\/testinisweb.ares.lt\/wp-content\/uploads\/2024\/08\/IMG_4472.jpg","contentUrl":"https:\/\/testinisweb.ares.lt\/wp-content\/uploads\/2024\/08\/IMG_4472.jpg","width":3000,"height":3000,"caption":"Auksin\u0117 grandin\u0117l\u0117 su pakabuku raid\u0117 \"D\""},{"@type":"BreadcrumbList","@id":"https:\/\/testinisweb.ares.lt\/parduotuve\/grandinele-su-pakabuku-raide-d\/#breadcrumb","itemListElement":[{"@type":"ListItem","position":1,"name":"Auksiniai papuo\u0161alai","item":"https:\/\/testinisweb.ares.lt\/"},{"@type":"ListItem","position":2,"name":"Parduotuv\u0117","item":"https:\/\/testinisweb.ares.lt\/parduotuve\/"},{"@type":"ListItem","position":3,"name":"Auksin\u0117 grandin\u0117l\u0117 su pakabuku raid\u0117 &#8222;D&#8221;"}]},{"@type":"WebSite","@id":"https:\/\/testinisweb.ares.lt\/#website","url":"https:\/\/testinisweb.ares.lt\/","name":"ARES rotaslietas","description":"Zelta rotaslietas","publisher":{"@id":"https:\/\/testinisweb.ares.lt\/#organization"},"potentialAction":[{"@type":"SearchAction","target":{"@type":"EntryPoint","urlTemplate":"https:\/\/testinisweb.ares.lt\/?s={search_term_string}"},"query-input":{"@type":"PropertyValueSpecification","valueRequired":true,"valueName":"search_term_string"}}],"inLanguage":"lv-LV"},{"@type":"Organization","@id":"https:\/\/testinisweb.ares.lt\/#organization","name":"Ares Jewelry zelta rotaslietas","url":"https:\/\/testinisweb.ares.lt\/","logo":{"@type":"ImageObject","inLanguage":"lv-LV","@id":"https:\/\/testinisweb.ares.lt\/#\/schema\/logo\/image\/","url":"https:\/\/i0.wp.com\/testinisweb.ares.lt\/wp-content\/uploads\/2022\/03\/ares-text-logo-1.png?fit=417%2C122&ssl=1","contentUrl":"https:\/\/i0.wp.com\/testinisweb.ares.lt\/wp-content\/uploads\/2022\/03\/ares-text-logo-1.png?fit=417%2C122&ssl=1","width":417,"height":122,"caption":"Ares Juvelyrika auksiniai papuosalai"},"image":{"@id":"https:\/\/testinisweb.ares.lt\/#\/schema\/logo\/image\/"},"sameAs":["https:\/\/www.facebook.com\/AresJewellery","https:\/\/www.instagram.com\/ares_juvelyrika\/"]}]}},"_links":{"self":[{"href":"https:\/\/testinisweb.ares.lt\/lv\/wp-json\/wp\/v2\/product\/16136","targetHints":{"allow":["GET"]}}],"collection":[{"href":"https:\/\/testinisweb.ares.lt\/lv\/wp-json\/wp\/v2\/product"}],"about":[{"href":"https:\/\/testinisweb.ares.lt\/lv\/wp-json\/wp\/v2\/types\/product"}],"replies":[{"embeddable":true,"href":"https:\/\/testinisweb.ares.lt\/lv\/wp-json\/wp\/v2\/comments?post=16136"}],"wp:featuredmedia":[{"embeddable":true,"href":"https:\/\/testinisweb.ares.lt\/lv\/wp-json\/wp\/v2\/media\/16137"}],"wp:attachment":[{"href":"https:\/\/testinisweb.ares.lt\/lv\/wp-json\/wp\/v2\/media?parent=16136"}],"wp:term":[{"taxonomy":"product_brand","embeddable":true,"href":"https:\/\/testinisweb.ares.lt\/lv\/wp-json\/wp\/v2\/product_brand?post=16136"},{"taxonomy":"product_cat","embeddable":true,"href":"https:\/\/testinisweb.ares.lt\/lv\/wp-json\/wp\/v2\/product_cat?post=16136"},{"taxonomy":"product_tag","embeddable":true,"href":"https:\/\/testinisweb.ares.lt\/lv\/wp-json\/wp\/v2\/product_tag?post=16136"}],"curies":[{"name":"wp","href":"https:\/\/api.w.org\/{rel}","templated":true}]}}