{"id":16184,"date":"2024-08-16T16:20:07","date_gmt":"2024-08-16T14:20:07","guid":{"rendered":"https:\/\/testinisweb.ares.lt\/?post_type=product&#038;p=16184"},"modified":"2026-01-25T22:02:48","modified_gmt":"2026-01-25T20:02:48","slug":"zelta-auskari-mini-acis","status":"publish","type":"product","link":"https:\/\/testinisweb.ares.lt\/lv\/parduotuve\/auksiniai-auskarai-mini-akutes\/","title":{"rendered":"Zelta auskari &quot;Mini acis&quot;"},"content":{"rendered":"<h2>Zelta auskari &quot;Mini acis&quot;<\/h2>\n<p>Tie ir smalki un izsmalcin\u0101ti auskari, kas lieliski papildin\u0101s gan ikdienas, gan \u012bpa\u0161u izskatu. \u0160ie ri\u0146\u0137veida auskari izce\u013cas ar elegantu dizainu un mirdzo\u0161iem cirkoniem, kas pie\u0161\u0137ir \u0161arma un grezn\u012bbas saj\u016btu.<\/p>\n<h4><strong>R\u0101mja dizains<\/strong><\/h4>\n<p>Mini Eyelet auskariem ir apmales stila apdare, kas ieskauj kubisko cirkoniju ar pl\u0101nu zelta apmali, nodro\u0161inot akmens dro\u0161u fiks\u0101ciju un izce\u013cot t\u0101 skaistumu. Apmales dizains ne tikai pal\u012bdz aizsarg\u0101t kubisko cirkoniju no boj\u0101jumiem, bet ar\u012b pie\u0161\u0137ir \u0161iem auskariem minim\u0101listisku, bet elegantu izskatu. \u0160is dizains ir \u0101rk\u0101rt\u012bgi popul\u0101rs t\u0101 modernit\u0101tes un neuzkr\u012bto\u0161\u0101s grezn\u012bbas d\u0113\u013c, kas piest\u0101v da\u017e\u0101diem stiliem.<\/p>\n<h4><strong>Sp\u012bd\u012bgi cirkoni<\/strong><\/h4>\n<p>\u0160ie auskari ir dekor\u0113ti ar augstas kvalit\u0101tes cirkoniem, kas ir paz\u012bstami ar savu \u012bpa\u0161o mirdzumu un dimantam l\u012bdz\u012bgo izskatu. Cirkoni ir r\u016bp\u012bgi ievietoti apmal\u0113, lai p\u0113c iesp\u0113jas vair\u0101k atstarotu gaismu un pie\u0161\u0137irtu auskariem mirdzumu. Ar savu eleganto un m\u016b\u017e\u012bgo dizainu &quot;Mini Eyelet&quot; auskari ar cirkoniem ir lieliski piem\u0113roti gan dienas, gan vakara valk\u0101\u0161anai, nodro\u0161inot izcilu sp\u012bdumu un \u0161armu.<\/p>\n<h4><strong>Stil\u012bgs un daudzpus\u012bgs<\/strong><\/h4>\n<p>Zelta auskariem &quot;Mini eyes&quot; ir minim\u0101listisks dizains, kas labi piest\u0101v jebkuram t\u0113rpam. To smalkais izm\u0113rs un sp\u012bdums \u013cauj \u0161os auskarus n\u0113s\u0101t gan ikdien\u0101, gan \u012bpa\u0161os gad\u012bjumos. \u0100\u0137a tipa aizdare nodro\u0161ina komfortu un dro\u0161\u012bbu, t\u0101p\u0113c auskari stingri turas un ir \u0113rti valk\u0101jami visu dienu. \u0160ie auskari b\u016bs piem\u0113roti gan klasiska, gan moderna stila cien\u012bt\u0101jiem.<\/p>","protected":false},"excerpt":{"rendered":"<p>Auksiniai auskarai &#8222;Mini akut\u0117s&#8221; Tai subtil\u016bs ir rafinuoti auskarai, kurie puikiai tiks tiek kasdieniam, tiek ypatingam \u012fvaizd\u017eiui papildyti. \u0160ie vinuko tipo auskarai&hellip;<\/p>","protected":false},"featured_media":16185,"comment_status":"open","ping_status":"closed","template":"","meta":[],"product_cat":[278,933,281,782,432,930,401],"product_tag":[],"class_list":{"0":"post-16184","1":"product","2":"type-product","3":"status-publish","4":"has-post-thumbnail","6":"product_cat-auskarai","7":"product_cat-auksiniai-auskarai-iki-100-eur","8":"product_cat-auskarai-su-cirkoniais","9":"product_cat-auskarai-vinukai","10":"product_cat-nauja","11":"product_cat-raudono-aukso-auskarai","12":"product_cat-raudono-aukso-papuosalai","13":"tm-no-options","15":"first","16":"instock","17":"shipping-taxable","18":"purchasable","19":"product-type-simple"},"yoast_head":"<!-- This site is optimized with the Yoast SEO plugin v27.3 - https:\/\/yoast.com\/product\/yoast-seo-wordpress\/ -->\n<title>Auksiniai auskarai &quot;Mini akut\u0117s&quot;<\/title>\n<meta name=\"description\" content=\"Auksiniai auskarai &quot;Mini akut\u0117s&quot; Tai subtil\u016bs ir rafinuoti auskarai, kurie puikiai tiks tiek kasdieniam, tiek ypatingam \u012fvaizd\u017eiui papildyti. \u0160ie vinuko\" \/>\n<meta name=\"robots\" content=\"index, follow, max-snippet:-1, max-image-preview:large, max-video-preview:-1\" \/>\n<link rel=\"canonical\" href=\"https:\/\/testinisweb.ares.lt\/lv\/veikala\/zelta-auskari-mini-acis\/\" \/>\n<meta property=\"og:locale\" content=\"lv_LV\" \/>\n<meta property=\"og:type\" content=\"article\" \/>\n<meta property=\"og:title\" content=\"Auksiniai auskarai &quot;Mini akut\u0117s&quot;\" \/>\n<meta property=\"og:description\" content=\"Auksiniai auskarai &quot;Mini akut\u0117s&quot; Tai subtil\u016bs ir rafinuoti auskarai, kurie puikiai tiks tiek kasdieniam, tiek ypatingam \u012fvaizd\u017eiui papildyti. \u0160ie vinuko\" \/>\n<meta property=\"og:url\" content=\"https:\/\/testinisweb.ares.lt\/lv\/veikala\/zelta-auskari-mini-acis\/\" \/>\n<meta property=\"og:site_name\" content=\"ARES Juvelyrika\" \/>\n<meta property=\"article:publisher\" content=\"https:\/\/www.facebook.com\/AresJewellery\" \/>\n<meta property=\"article:modified_time\" content=\"2026-01-25T20:02:48+00:00\" \/>\n<meta property=\"og:image\" content=\"https:\/\/i0.wp.com\/testinisweb.ares.lt\/wp-content\/uploads\/2024\/08\/IMG_4480-1.jpg?fit=3000%2C3000&ssl=1\" \/>\n\t<meta property=\"og:image:width\" content=\"3000\" \/>\n\t<meta property=\"og:image:height\" content=\"3000\" \/>\n\t<meta property=\"og:image:type\" content=\"image\/jpeg\" \/>\n<meta name=\"twitter:card\" content=\"summary_large_image\" \/>\n<meta name=\"twitter:label1\" content=\"Est. reading time\" \/>\n\t<meta name=\"twitter:data1\" content=\"1 min\u016bte\" \/>\n<script type=\"application\/ld+json\" class=\"yoast-schema-graph\">{\"@context\":\"https:\\\/\\\/schema.org\",\"@graph\":[{\"@type\":\"WebPage\",\"@id\":\"https:\\\/\\\/testinisweb.ares.lt\\\/parduotuve\\\/auksiniai-auskarai-mini-akutes\\\/\",\"url\":\"https:\\\/\\\/testinisweb.ares.lt\\\/parduotuve\\\/auksiniai-auskarai-mini-akutes\\\/\",\"name\":\"Auksiniai auskarai \\\"Mini akut\u0117s\\\"\",\"isPartOf\":{\"@id\":\"https:\\\/\\\/testinisweb.ares.lt\\\/#website\"},\"primaryImageOfPage\":{\"@id\":\"https:\\\/\\\/testinisweb.ares.lt\\\/parduotuve\\\/auksiniai-auskarai-mini-akutes\\\/#primaryimage\"},\"image\":{\"@id\":\"https:\\\/\\\/testinisweb.ares.lt\\\/parduotuve\\\/auksiniai-auskarai-mini-akutes\\\/#primaryimage\"},\"thumbnailUrl\":\"https:\\\/\\\/testinisweb.ares.lt\\\/wp-content\\\/uploads\\\/2024\\\/08\\\/IMG_4480-1.jpg\",\"datePublished\":\"2024-08-16T14:20:07+00:00\",\"dateModified\":\"2026-01-25T20:02:48+00:00\",\"description\":\"Auksiniai auskarai \\\"Mini akut\u0117s\\\" Tai subtil\u016bs ir rafinuoti auskarai, kurie puikiai tiks tiek kasdieniam, tiek ypatingam \u012fvaizd\u017eiui papildyti. \u0160ie vinuko\",\"breadcrumb\":{\"@id\":\"https:\\\/\\\/testinisweb.ares.lt\\\/parduotuve\\\/auksiniai-auskarai-mini-akutes\\\/#breadcrumb\"},\"inLanguage\":\"lv-LV\",\"potentialAction\":[{\"@type\":\"ReadAction\",\"target\":[\"https:\\\/\\\/testinisweb.ares.lt\\\/parduotuve\\\/auksiniai-auskarai-mini-akutes\\\/\"]}]},{\"@type\":\"ImageObject\",\"inLanguage\":\"lv-LV\",\"@id\":\"https:\\\/\\\/testinisweb.ares.lt\\\/parduotuve\\\/auksiniai-auskarai-mini-akutes\\\/#primaryimage\",\"url\":\"https:\\\/\\\/testinisweb.ares.lt\\\/wp-content\\\/uploads\\\/2024\\\/08\\\/IMG_4480-1.jpg\",\"contentUrl\":\"https:\\\/\\\/testinisweb.ares.lt\\\/wp-content\\\/uploads\\\/2024\\\/08\\\/IMG_4480-1.jpg\",\"width\":3000,\"height\":3000,\"caption\":\"Auksiniai auskarai \\\"Mini akut\u0117s\\\"\"},{\"@type\":\"BreadcrumbList\",\"@id\":\"https:\\\/\\\/testinisweb.ares.lt\\\/parduotuve\\\/auksiniai-auskarai-mini-akutes\\\/#breadcrumb\",\"itemListElement\":[{\"@type\":\"ListItem\",\"position\":1,\"name\":\"Auksiniai papuo\u0161alai\",\"item\":\"https:\\\/\\\/testinisweb.ares.lt\\\/\"},{\"@type\":\"ListItem\",\"position\":2,\"name\":\"Parduotuv\u0117\",\"item\":\"https:\\\/\\\/testinisweb.ares.lt\\\/parduotuve\\\/\"},{\"@type\":\"ListItem\",\"position\":3,\"name\":\"Auksiniai auskarai &#8222;Mini akut\u0117s&#8221;\"}]},{\"@type\":\"WebSite\",\"@id\":\"https:\\\/\\\/testinisweb.ares.lt\\\/#website\",\"url\":\"https:\\\/\\\/testinisweb.ares.lt\\\/\",\"name\":\"ARES Juvelyrika\",\"description\":\"Auksiniai papuo\u0161alai\",\"publisher\":{\"@id\":\"https:\\\/\\\/testinisweb.ares.lt\\\/#organization\"},\"potentialAction\":[{\"@type\":\"SearchAction\",\"target\":{\"@type\":\"EntryPoint\",\"urlTemplate\":\"https:\\\/\\\/testinisweb.ares.lt\\\/?s={search_term_string}\"},\"query-input\":{\"@type\":\"PropertyValueSpecification\",\"valueRequired\":true,\"valueName\":\"search_term_string\"}}],\"inLanguage\":\"lv-LV\"},{\"@type\":\"Organization\",\"@id\":\"https:\\\/\\\/testinisweb.ares.lt\\\/#organization\",\"name\":\"Ares Juvelyrika auksiniai papuosalai\",\"url\":\"https:\\\/\\\/testinisweb.ares.lt\\\/\",\"logo\":{\"@type\":\"ImageObject\",\"inLanguage\":\"lv-LV\",\"@id\":\"https:\\\/\\\/testinisweb.ares.lt\\\/#\\\/schema\\\/logo\\\/image\\\/\",\"url\":\"https:\\\/\\\/i0.wp.com\\\/testinisweb.ares.lt\\\/wp-content\\\/uploads\\\/2022\\\/03\\\/ares-text-logo-1.png?fit=417%2C122&ssl=1\",\"contentUrl\":\"https:\\\/\\\/i0.wp.com\\\/testinisweb.ares.lt\\\/wp-content\\\/uploads\\\/2022\\\/03\\\/ares-text-logo-1.png?fit=417%2C122&ssl=1\",\"width\":417,\"height\":122,\"caption\":\"Ares Juvelyrika auksiniai papuosalai\"},\"image\":{\"@id\":\"https:\\\/\\\/testinisweb.ares.lt\\\/#\\\/schema\\\/logo\\\/image\\\/\"},\"sameAs\":[\"https:\\\/\\\/www.facebook.com\\\/AresJewellery\",\"https:\\\/\\\/www.instagram.com\\\/ares_juvelyrika\\\/\"]}]}<\/script>\n<!-- \/ Yoast SEO plugin. -->","yoast_head_json":{"title":"Zelta auskari &quot;Mini acis&quot;","description":"Zelta auskari &quot;Mini acis&quot; Tie ir smalki un izsmalcin\u0101ti auskari, kas lieliski papildin\u0101s gan ikdienas, gan \u012bpa\u0161u izskatu. \u0160ie auskari ir izgatavoti no","robots":{"index":"index","follow":"follow","max-snippet":"max-snippet:-1","max-image-preview":"max-image-preview:large","max-video-preview":"max-video-preview:-1"},"canonical":"https:\/\/testinisweb.ares.lt\/lv\/veikala\/zelta-auskari-mini-acis\/","og_locale":"lv_LV","og_type":"article","og_title":"Auksiniai auskarai \"Mini akut\u0117s\"","og_description":"Auksiniai auskarai \"Mini akut\u0117s\" Tai subtil\u016bs ir rafinuoti auskarai, kurie puikiai tiks tiek kasdieniam, tiek ypatingam \u012fvaizd\u017eiui papildyti. \u0160ie vinuko","og_url":"https:\/\/testinisweb.ares.lt\/lv\/veikala\/zelta-auskari-mini-acis\/","og_site_name":"ARES Juvelyrika","article_publisher":"https:\/\/www.facebook.com\/AresJewellery","article_modified_time":"2026-01-25T20:02:48+00:00","og_image":[{"width":3000,"height":3000,"url":"https:\/\/i0.wp.com\/testinisweb.ares.lt\/wp-content\/uploads\/2024\/08\/IMG_4480-1.jpg?fit=3000%2C3000&ssl=1","type":"image\/jpeg"}],"twitter_card":"summary_large_image","twitter_misc":{"Est. reading time":"1 min\u016bte"},"schema":{"@context":"https:\/\/schema.org","@graph":[{"@type":"WebPage","@id":"https:\/\/testinisweb.ares.lt\/parduotuve\/auksiniai-auskarai-mini-akutes\/","url":"https:\/\/testinisweb.ares.lt\/parduotuve\/auksiniai-auskarai-mini-akutes\/","name":"Zelta auskari &quot;Mini acis&quot;","isPartOf":{"@id":"https:\/\/testinisweb.ares.lt\/#website"},"primaryImageOfPage":{"@id":"https:\/\/testinisweb.ares.lt\/parduotuve\/auksiniai-auskarai-mini-akutes\/#primaryimage"},"image":{"@id":"https:\/\/testinisweb.ares.lt\/parduotuve\/auksiniai-auskarai-mini-akutes\/#primaryimage"},"thumbnailUrl":"https:\/\/testinisweb.ares.lt\/wp-content\/uploads\/2024\/08\/IMG_4480-1.jpg","datePublished":"2024-08-16T14:20:07+00:00","dateModified":"2026-01-25T20:02:48+00:00","description":"Zelta auskari &quot;Mini acis&quot; Tie ir smalki un izsmalcin\u0101ti auskari, kas lieliski papildin\u0101s gan ikdienas, gan \u012bpa\u0161u izskatu. \u0160ie auskari ir izgatavoti no","breadcrumb":{"@id":"https:\/\/testinisweb.ares.lt\/parduotuve\/auksiniai-auskarai-mini-akutes\/#breadcrumb"},"inLanguage":"lv-LV","potentialAction":[{"@type":"ReadAction","target":["https:\/\/testinisweb.ares.lt\/parduotuve\/auksiniai-auskarai-mini-akutes\/"]}]},{"@type":"ImageObject","inLanguage":"lv-LV","@id":"https:\/\/testinisweb.ares.lt\/parduotuve\/auksiniai-auskarai-mini-akutes\/#primaryimage","url":"https:\/\/testinisweb.ares.lt\/wp-content\/uploads\/2024\/08\/IMG_4480-1.jpg","contentUrl":"https:\/\/testinisweb.ares.lt\/wp-content\/uploads\/2024\/08\/IMG_4480-1.jpg","width":3000,"height":3000,"caption":"Auksiniai auskarai \"Mini akut\u0117s\""},{"@type":"BreadcrumbList","@id":"https:\/\/testinisweb.ares.lt\/parduotuve\/auksiniai-auskarai-mini-akutes\/#breadcrumb","itemListElement":[{"@type":"ListItem","position":1,"name":"Auksiniai papuo\u0161alai","item":"https:\/\/testinisweb.ares.lt\/"},{"@type":"ListItem","position":2,"name":"Parduotuv\u0117","item":"https:\/\/testinisweb.ares.lt\/parduotuve\/"},{"@type":"ListItem","position":3,"name":"Auksiniai auskarai &#8222;Mini akut\u0117s&#8221;"}]},{"@type":"WebSite","@id":"https:\/\/testinisweb.ares.lt\/#website","url":"https:\/\/testinisweb.ares.lt\/","name":"ARES rotaslietas","description":"Zelta rotaslietas","publisher":{"@id":"https:\/\/testinisweb.ares.lt\/#organization"},"potentialAction":[{"@type":"SearchAction","target":{"@type":"EntryPoint","urlTemplate":"https:\/\/testinisweb.ares.lt\/?s={search_term_string}"},"query-input":{"@type":"PropertyValueSpecification","valueRequired":true,"valueName":"search_term_string"}}],"inLanguage":"lv-LV"},{"@type":"Organization","@id":"https:\/\/testinisweb.ares.lt\/#organization","name":"Ares Jewelry zelta rotaslietas","url":"https:\/\/testinisweb.ares.lt\/","logo":{"@type":"ImageObject","inLanguage":"lv-LV","@id":"https:\/\/testinisweb.ares.lt\/#\/schema\/logo\/image\/","url":"https:\/\/i0.wp.com\/testinisweb.ares.lt\/wp-content\/uploads\/2022\/03\/ares-text-logo-1.png?fit=417%2C122&ssl=1","contentUrl":"https:\/\/i0.wp.com\/testinisweb.ares.lt\/wp-content\/uploads\/2022\/03\/ares-text-logo-1.png?fit=417%2C122&ssl=1","width":417,"height":122,"caption":"Ares Juvelyrika auksiniai papuosalai"},"image":{"@id":"https:\/\/testinisweb.ares.lt\/#\/schema\/logo\/image\/"},"sameAs":["https:\/\/www.facebook.com\/AresJewellery","https:\/\/www.instagram.com\/ares_juvelyrika\/"]}]}},"_links":{"self":[{"href":"https:\/\/testinisweb.ares.lt\/lv\/wp-json\/wp\/v2\/product\/16184","targetHints":{"allow":["GET"]}}],"collection":[{"href":"https:\/\/testinisweb.ares.lt\/lv\/wp-json\/wp\/v2\/product"}],"about":[{"href":"https:\/\/testinisweb.ares.lt\/lv\/wp-json\/wp\/v2\/types\/product"}],"replies":[{"embeddable":true,"href":"https:\/\/testinisweb.ares.lt\/lv\/wp-json\/wp\/v2\/comments?post=16184"}],"wp:featuredmedia":[{"embeddable":true,"href":"https:\/\/testinisweb.ares.lt\/lv\/wp-json\/wp\/v2\/media\/16185"}],"wp:attachment":[{"href":"https:\/\/testinisweb.ares.lt\/lv\/wp-json\/wp\/v2\/media?parent=16184"}],"wp:term":[{"taxonomy":"product_cat","embeddable":true,"href":"https:\/\/testinisweb.ares.lt\/lv\/wp-json\/wp\/v2\/product_cat?post=16184"},{"taxonomy":"product_tag","embeddable":true,"href":"https:\/\/testinisweb.ares.lt\/lv\/wp-json\/wp\/v2\/product_tag?post=16184"}],"curies":[{"name":"wp","href":"https:\/\/api.w.org\/{rel}","templated":true}]}}