{"id":16222,"date":"2024-08-21T12:21:00","date_gmt":"2024-08-21T10:21:00","guid":{"rendered":"https:\/\/testinisweb.ares.lt\/?post_type=product&#038;p=16222"},"modified":"2026-01-25T22:02:47","modified_gmt":"2026-01-25T20:02:47","slug":"zelta-perlu-rokasspradze","status":"publish","type":"product","link":"https:\/\/testinisweb.ares.lt\/lv\/parduotuve\/auksine-perlu-apyranke\/","title":{"rendered":"Zelta p\u0113r\u013cu rokasspr\u0101dze"},"content":{"rendered":"<h2>Zelta p\u0113r\u013cu rokasspr\u0101dze<\/h2>\n<p>\u0160\u012b ir grezna un eleganta rotaslieta, kas apvieno p\u0113r\u013cu eleganci un zelta mirdzumu. \u0160\u012b rokasspr\u0101dze ir \u012bsts klasikas simbols, ko nov\u0113rt\u0113 gan tradicion\u0101l\u0101 stila cien\u012bt\u0101ji, gan moderno rotaslietu cien\u012bt\u0101ji. P\u0113r\u013cu rokasspr\u0101dzes vienm\u0113r ir uzskat\u012btas par ekskluz\u012bvas grezn\u012bbas un sievi\u0161\u0137\u012bbas simbolu, t\u0101p\u0113c \u0161\u012b zelta rokasspr\u0101dze ar p\u0113rl\u0113m lieliski papildin\u0101s j\u016bsu rotaslietu kolekciju.<\/p>\n<h3>P\u0113rles ir grezn\u012bbas simbols.<\/h3>\n<p>P\u0113r\u013cu aproce ir \u012bpa\u0161a rotaslieta, kas atspogu\u013co dabas dabisko harmoniju un eleganci. P\u0113rles jau izsenis tiek saist\u012btas ar t\u012br\u012bbu, gudr\u012bbu un m\u016b\u017e\u012bgu skaistumu. \u0160\u012bs aproces p\u0113rles ir r\u016bp\u012bgi atlas\u012btas, lai atspogu\u013cotu perfektu formu, kr\u0101su un mirdzumu. Zelta deta\u013cas v\u0113l vair\u0101k uzsver p\u0113r\u013cu t\u012br\u012bbu, pie\u0161\u0137irot aprocei papildu greznu akcentu.<\/p>\n<h3>Sald\u016bdens p\u0113r\u013cu rokasspr\u0101dze<\/h3>\n<p>\u0160\u012b zelta aproce ir dekor\u0113ta ar augstas kvalit\u0101tes sald\u016bdens p\u0113rl\u0113m, kuras tiek v\u0113rt\u0113tas to dabisk\u0101 skaistuma un unik\u0101l\u0101 sp\u012bduma d\u0113\u013c. Sald\u016bdens p\u0113r\u013cu aproces izce\u013cas ar maigu un smalku izskatu, ko rada p\u0113r\u013cu dabiskie to\u0146i \u2013 no t\u012bri balta l\u012bdz maigi kr\u0113m\u012bgai kr\u0101sai. Katra sald\u016bdens p\u0113rle ir unik\u0101la, t\u0101p\u0113c \u0161\u012b aproce ne tikai rot\u0101, bet ar\u012b nodro\u0161ina \u012bpa\u0161u saikni ar dabu.<\/p>\n<h3>Stils un daudzpus\u012bba<\/h3>\n<p>Zelta p\u0113r\u013cu rokasspr\u0101dze ir ide\u0101ls aksesu\u0101rs gan ikdienas valk\u0101\u0161anai, gan \u012bpa\u0161iem gad\u012bjumiem. \u0160\u012b rotaslieta labi sader ar da\u017e\u0101diem stiliem \u2013 s\u0101kot no eleganta vakarkleitas l\u012bdz ikdienas valk\u0101\u0161anai. P\u0113r\u013cu rokasspr\u0101dzes ir daudzpus\u012bgas un nekad neiziet no modes, padarot t\u0101s par neat\u0146emamu sievietes stila sast\u0101vda\u013cu. \u0160\u012b rokasspr\u0101dze jebkuram t\u0113lam pie\u0161\u0137ir smalku, bet greznu akcentu.<\/p>\n<h3>P\u0113r\u013cu apro\u010du v\u0113sture un noz\u012bme<\/h3>\n<p>P\u0113r\u013cu aproces tiek n\u0113s\u0101tas kop\u0161 seniem laikiem k\u0101 varas, bag\u0101t\u012bbas un elegances simbols. Pateicoties to smalkumam un grezn\u012bbai, \u0161\u012bs rotaslietas augstu v\u0113rt\u0113ja kara\u013ci un aristokr\u0101ti. \u0160\u012b zelta aproce ar p\u0113rl\u0113m atspogu\u013co p\u0113r\u013cu m\u016b\u017e\u012bgo \u0161armu, kas saglab\u0101 modi visos laikmetos. P\u0113r\u013cu aproce ir lieliska izv\u0113le tiem, kas v\u0113las uzsv\u0113rt savu individualit\u0101ti un stilu, vienlaikus saglab\u0101jot saikni ar klasiskaj\u0101m v\u0113rt\u012bb\u0101m.<\/p>\n<h3>Augst\u0101k\u0101 kvalit\u0101te<\/h3>\n<p>Zelta p\u0113r\u013cu aproce ir izgatavota no 585. proves zelta, kas nodro\u0161ina t\u0101s iztur\u012bbu un nevainojamu sp\u012bdumu. P\u0113rles ir stingri piestiprin\u0101tas, t\u0101p\u0113c aproce ir ne tikai est\u0113tiska, bet ar\u012b iztur\u012bga. Augstas kvalit\u0101tes materi\u0101li un meistar\u012bga izgatavo\u0161ana \u013cauj \u0161ai rotaslietai saglab\u0101t savu skaistumu daudzus gadus, k\u013c\u016bstot par v\u0113rt\u012bgu \u0123imenes mantojumu vai \u012bpa\u0161u d\u0101vanu.<\/p>","protected":false},"excerpt":{"rendered":"<p>Auksin\u0117 apyrank\u0117 i\u0161 perl\u0173 Tai prabangus ir eleganti\u0161kas papuo\u0161alas, kuriame susijungia perl\u0173 grak\u0161tumas ir aukso spindesys. \u0160i apyrank\u0117 yra tikras klasikos simbolis,&hellip;<\/p>","protected":false},"featured_media":16221,"comment_status":"open","ping_status":"closed","template":"","meta":[],"product_cat":[247,258,981,975,432,887,889,977,401],"product_tag":[],"class_list":{"0":"post-16222","1":"product","2":"type-product","3":"status-publish","4":"has-post-thumbnail","6":"product_cat-apyrankes","7":"product_cat-auksines-apyrankes","8":"product_cat-auksines-apyrankes-iki-250-eur","9":"product_cat-apyrankes-su-perlais","10":"product_cat-nauja","11":"product_cat-papuosalai-su-perlais","12":"product_cat-perlu-apyrankes","13":"product_cat-raudono-aukso-apyrankes","14":"product_cat-raudono-aukso-papuosalai","15":"tm-no-options","17":"first","18":"instock","19":"sale","20":"shipping-taxable","21":"purchasable","22":"product-type-simple"},"yoast_head":"<!-- This site is optimized with the Yoast SEO plugin v27.3 - https:\/\/yoast.com\/product\/yoast-seo-wordpress\/ -->\n<title>Auksin\u0117 perl\u0173 apyrank\u0117<\/title>\n<meta name=\"description\" content=\"Tai eleganti\u0161ka auksin\u0117 perl\u0173 apyrank\u0117, pagaminta i\u0161 tikro 585 prabos aukso ir auk\u0161tos kokyb\u0117s nat\u016brali\u0173, tikr\u0173 perl\u0173. Puikiai tinkanti ypatingoms progoms.\" \/>\n<meta name=\"robots\" content=\"index, follow, max-snippet:-1, max-image-preview:large, max-video-preview:-1\" \/>\n<link rel=\"canonical\" href=\"https:\/\/testinisweb.ares.lt\/lv\/veikala\/zelta-perlu-rokasspradze\/\" \/>\n<meta property=\"og:locale\" content=\"lv_LV\" \/>\n<meta property=\"og:type\" content=\"article\" \/>\n<meta property=\"og:title\" content=\"Auksin\u0117 perl\u0173 apyrank\u0117\" \/>\n<meta property=\"og:description\" content=\"Tai eleganti\u0161ka auksin\u0117 perl\u0173 apyrank\u0117, pagaminta i\u0161 tikro 585 prabos aukso ir auk\u0161tos kokyb\u0117s nat\u016brali\u0173, tikr\u0173 perl\u0173. Puikiai tinkanti ypatingoms progoms.\" \/>\n<meta property=\"og:url\" content=\"https:\/\/testinisweb.ares.lt\/lv\/veikala\/zelta-perlu-rokasspradze\/\" \/>\n<meta property=\"og:site_name\" content=\"ARES Juvelyrika\" \/>\n<meta property=\"article:publisher\" content=\"https:\/\/www.facebook.com\/AresJewellery\" \/>\n<meta property=\"article:modified_time\" content=\"2026-01-25T20:02:47+00:00\" \/>\n<meta property=\"og:image\" content=\"https:\/\/testinisweb.ares.lt\/wp-content\/uploads\/2024\/08\/IMG_4449-1.jpg\" \/>\n\t<meta property=\"og:image:width\" content=\"3000\" \/>\n\t<meta property=\"og:image:height\" content=\"3000\" \/>\n\t<meta property=\"og:image:type\" content=\"image\/jpeg\" \/>\n<meta name=\"twitter:card\" content=\"summary_large_image\" \/>\n<meta name=\"twitter:label1\" content=\"Est. reading time\" \/>\n\t<meta name=\"twitter:data1\" content=\"1 min\u016bte\" \/>\n<script type=\"application\/ld+json\" class=\"yoast-schema-graph\">{\"@context\":\"https:\\\/\\\/schema.org\",\"@graph\":[{\"@type\":\"WebPage\",\"@id\":\"https:\\\/\\\/testinisweb.ares.lt\\\/parduotuve\\\/auksine-perlu-apyranke\\\/\",\"url\":\"https:\\\/\\\/testinisweb.ares.lt\\\/parduotuve\\\/auksine-perlu-apyranke\\\/\",\"name\":\"Auksin\u0117 perl\u0173 apyrank\u0117\",\"isPartOf\":{\"@id\":\"https:\\\/\\\/testinisweb.ares.lt\\\/#website\"},\"primaryImageOfPage\":{\"@id\":\"https:\\\/\\\/testinisweb.ares.lt\\\/parduotuve\\\/auksine-perlu-apyranke\\\/#primaryimage\"},\"image\":{\"@id\":\"https:\\\/\\\/testinisweb.ares.lt\\\/parduotuve\\\/auksine-perlu-apyranke\\\/#primaryimage\"},\"thumbnailUrl\":\"https:\\\/\\\/testinisweb.ares.lt\\\/wp-content\\\/uploads\\\/2024\\\/08\\\/IMG_4449-1.jpg\",\"datePublished\":\"2024-08-21T10:21:00+00:00\",\"dateModified\":\"2026-01-25T20:02:47+00:00\",\"description\":\"Tai eleganti\u0161ka auksin\u0117 perl\u0173 apyrank\u0117, pagaminta i\u0161 tikro 585 prabos aukso ir auk\u0161tos kokyb\u0117s nat\u016brali\u0173, tikr\u0173 perl\u0173. Puikiai tinkanti ypatingoms progoms.\",\"breadcrumb\":{\"@id\":\"https:\\\/\\\/testinisweb.ares.lt\\\/parduotuve\\\/auksine-perlu-apyranke\\\/#breadcrumb\"},\"inLanguage\":\"lv-LV\",\"potentialAction\":[{\"@type\":\"ReadAction\",\"target\":[\"https:\\\/\\\/testinisweb.ares.lt\\\/parduotuve\\\/auksine-perlu-apyranke\\\/\"]}]},{\"@type\":\"ImageObject\",\"inLanguage\":\"lv-LV\",\"@id\":\"https:\\\/\\\/testinisweb.ares.lt\\\/parduotuve\\\/auksine-perlu-apyranke\\\/#primaryimage\",\"url\":\"https:\\\/\\\/testinisweb.ares.lt\\\/wp-content\\\/uploads\\\/2024\\\/08\\\/IMG_4449-1.jpg\",\"contentUrl\":\"https:\\\/\\\/testinisweb.ares.lt\\\/wp-content\\\/uploads\\\/2024\\\/08\\\/IMG_4449-1.jpg\",\"width\":3000,\"height\":3000,\"caption\":\"Auksin\u0117 upini\u0173 perl\u0173 apyrank\u0117\"},{\"@type\":\"BreadcrumbList\",\"@id\":\"https:\\\/\\\/testinisweb.ares.lt\\\/parduotuve\\\/auksine-perlu-apyranke\\\/#breadcrumb\",\"itemListElement\":[{\"@type\":\"ListItem\",\"position\":1,\"name\":\"Auksiniai papuo\u0161alai\",\"item\":\"https:\\\/\\\/testinisweb.ares.lt\\\/\"},{\"@type\":\"ListItem\",\"position\":2,\"name\":\"Parduotuv\u0117\",\"item\":\"https:\\\/\\\/testinisweb.ares.lt\\\/parduotuve\\\/\"},{\"@type\":\"ListItem\",\"position\":3,\"name\":\"Auksin\u0117 perl\u0173 apyrank\u0117\"}]},{\"@type\":\"WebSite\",\"@id\":\"https:\\\/\\\/testinisweb.ares.lt\\\/#website\",\"url\":\"https:\\\/\\\/testinisweb.ares.lt\\\/\",\"name\":\"ARES Juvelyrika\",\"description\":\"Auksiniai papuo\u0161alai\",\"publisher\":{\"@id\":\"https:\\\/\\\/testinisweb.ares.lt\\\/#organization\"},\"potentialAction\":[{\"@type\":\"SearchAction\",\"target\":{\"@type\":\"EntryPoint\",\"urlTemplate\":\"https:\\\/\\\/testinisweb.ares.lt\\\/?s={search_term_string}\"},\"query-input\":{\"@type\":\"PropertyValueSpecification\",\"valueRequired\":true,\"valueName\":\"search_term_string\"}}],\"inLanguage\":\"lv-LV\"},{\"@type\":\"Organization\",\"@id\":\"https:\\\/\\\/testinisweb.ares.lt\\\/#organization\",\"name\":\"Ares Juvelyrika auksiniai papuosalai\",\"url\":\"https:\\\/\\\/testinisweb.ares.lt\\\/\",\"logo\":{\"@type\":\"ImageObject\",\"inLanguage\":\"lv-LV\",\"@id\":\"https:\\\/\\\/testinisweb.ares.lt\\\/#\\\/schema\\\/logo\\\/image\\\/\",\"url\":\"https:\\\/\\\/i0.wp.com\\\/testinisweb.ares.lt\\\/wp-content\\\/uploads\\\/2022\\\/03\\\/ares-text-logo-1.png?fit=417%2C122&ssl=1\",\"contentUrl\":\"https:\\\/\\\/i0.wp.com\\\/testinisweb.ares.lt\\\/wp-content\\\/uploads\\\/2022\\\/03\\\/ares-text-logo-1.png?fit=417%2C122&ssl=1\",\"width\":417,\"height\":122,\"caption\":\"Ares Juvelyrika auksiniai papuosalai\"},\"image\":{\"@id\":\"https:\\\/\\\/testinisweb.ares.lt\\\/#\\\/schema\\\/logo\\\/image\\\/\"},\"sameAs\":[\"https:\\\/\\\/www.facebook.com\\\/AresJewellery\",\"https:\\\/\\\/www.instagram.com\\\/ares_juvelyrika\\\/\"]}]}<\/script>\n<!-- \/ Yoast SEO plugin. -->","yoast_head_json":{"title":"Zelta p\u0113r\u013cu rokasspr\u0101dze","description":"\u0160\u012b ir eleganta zelta p\u0113r\u013cu aproce, kas izgatavota no \u012bsta 585. proves zelta un augstas kvalit\u0101tes dab\u012bg\u0101m, \u012bst\u0101m p\u0113rl\u0113m. Lieliski piem\u0113rota \u012bpa\u0161iem gad\u012bjumiem.","robots":{"index":"index","follow":"follow","max-snippet":"max-snippet:-1","max-image-preview":"max-image-preview:large","max-video-preview":"max-video-preview:-1"},"canonical":"https:\/\/testinisweb.ares.lt\/lv\/veikala\/zelta-perlu-rokasspradze\/","og_locale":"lv_LV","og_type":"article","og_title":"Auksin\u0117 perl\u0173 apyrank\u0117","og_description":"Tai eleganti\u0161ka auksin\u0117 perl\u0173 apyrank\u0117, pagaminta i\u0161 tikro 585 prabos aukso ir auk\u0161tos kokyb\u0117s nat\u016brali\u0173, tikr\u0173 perl\u0173. Puikiai tinkanti ypatingoms progoms.","og_url":"https:\/\/testinisweb.ares.lt\/lv\/veikala\/zelta-perlu-rokasspradze\/","og_site_name":"ARES Juvelyrika","article_publisher":"https:\/\/www.facebook.com\/AresJewellery","article_modified_time":"2026-01-25T20:02:47+00:00","og_image":[{"width":3000,"height":3000,"url":"https:\/\/testinisweb.ares.lt\/wp-content\/uploads\/2024\/08\/IMG_4449-1.jpg","type":"image\/jpeg"}],"twitter_card":"summary_large_image","twitter_misc":{"Est. reading time":"1 min\u016bte"},"schema":{"@context":"https:\/\/schema.org","@graph":[{"@type":"WebPage","@id":"https:\/\/testinisweb.ares.lt\/parduotuve\/auksine-perlu-apyranke\/","url":"https:\/\/testinisweb.ares.lt\/parduotuve\/auksine-perlu-apyranke\/","name":"Zelta p\u0113r\u013cu rokasspr\u0101dze","isPartOf":{"@id":"https:\/\/testinisweb.ares.lt\/#website"},"primaryImageOfPage":{"@id":"https:\/\/testinisweb.ares.lt\/parduotuve\/auksine-perlu-apyranke\/#primaryimage"},"image":{"@id":"https:\/\/testinisweb.ares.lt\/parduotuve\/auksine-perlu-apyranke\/#primaryimage"},"thumbnailUrl":"https:\/\/testinisweb.ares.lt\/wp-content\/uploads\/2024\/08\/IMG_4449-1.jpg","datePublished":"2024-08-21T10:21:00+00:00","dateModified":"2026-01-25T20:02:47+00:00","description":"\u0160\u012b ir eleganta zelta p\u0113r\u013cu aproce, kas izgatavota no \u012bsta 585. proves zelta un augstas kvalit\u0101tes dab\u012bg\u0101m, \u012bst\u0101m p\u0113rl\u0113m. Lieliski piem\u0113rota \u012bpa\u0161iem gad\u012bjumiem.","breadcrumb":{"@id":"https:\/\/testinisweb.ares.lt\/parduotuve\/auksine-perlu-apyranke\/#breadcrumb"},"inLanguage":"lv-LV","potentialAction":[{"@type":"ReadAction","target":["https:\/\/testinisweb.ares.lt\/parduotuve\/auksine-perlu-apyranke\/"]}]},{"@type":"ImageObject","inLanguage":"lv-LV","@id":"https:\/\/testinisweb.ares.lt\/parduotuve\/auksine-perlu-apyranke\/#primaryimage","url":"https:\/\/testinisweb.ares.lt\/wp-content\/uploads\/2024\/08\/IMG_4449-1.jpg","contentUrl":"https:\/\/testinisweb.ares.lt\/wp-content\/uploads\/2024\/08\/IMG_4449-1.jpg","width":3000,"height":3000,"caption":"Auksin\u0117 upini\u0173 perl\u0173 apyrank\u0117"},{"@type":"BreadcrumbList","@id":"https:\/\/testinisweb.ares.lt\/parduotuve\/auksine-perlu-apyranke\/#breadcrumb","itemListElement":[{"@type":"ListItem","position":1,"name":"Auksiniai papuo\u0161alai","item":"https:\/\/testinisweb.ares.lt\/"},{"@type":"ListItem","position":2,"name":"Parduotuv\u0117","item":"https:\/\/testinisweb.ares.lt\/parduotuve\/"},{"@type":"ListItem","position":3,"name":"Auksin\u0117 perl\u0173 apyrank\u0117"}]},{"@type":"WebSite","@id":"https:\/\/testinisweb.ares.lt\/#website","url":"https:\/\/testinisweb.ares.lt\/","name":"ARES rotaslietas","description":"Zelta rotaslietas","publisher":{"@id":"https:\/\/testinisweb.ares.lt\/#organization"},"potentialAction":[{"@type":"SearchAction","target":{"@type":"EntryPoint","urlTemplate":"https:\/\/testinisweb.ares.lt\/?s={search_term_string}"},"query-input":{"@type":"PropertyValueSpecification","valueRequired":true,"valueName":"search_term_string"}}],"inLanguage":"lv-LV"},{"@type":"Organization","@id":"https:\/\/testinisweb.ares.lt\/#organization","name":"Ares Jewelry zelta rotaslietas","url":"https:\/\/testinisweb.ares.lt\/","logo":{"@type":"ImageObject","inLanguage":"lv-LV","@id":"https:\/\/testinisweb.ares.lt\/#\/schema\/logo\/image\/","url":"https:\/\/i0.wp.com\/testinisweb.ares.lt\/wp-content\/uploads\/2022\/03\/ares-text-logo-1.png?fit=417%2C122&ssl=1","contentUrl":"https:\/\/i0.wp.com\/testinisweb.ares.lt\/wp-content\/uploads\/2022\/03\/ares-text-logo-1.png?fit=417%2C122&ssl=1","width":417,"height":122,"caption":"Ares Juvelyrika auksiniai papuosalai"},"image":{"@id":"https:\/\/testinisweb.ares.lt\/#\/schema\/logo\/image\/"},"sameAs":["https:\/\/www.facebook.com\/AresJewellery","https:\/\/www.instagram.com\/ares_juvelyrika\/"]}]}},"_links":{"self":[{"href":"https:\/\/testinisweb.ares.lt\/lv\/wp-json\/wp\/v2\/product\/16222","targetHints":{"allow":["GET"]}}],"collection":[{"href":"https:\/\/testinisweb.ares.lt\/lv\/wp-json\/wp\/v2\/product"}],"about":[{"href":"https:\/\/testinisweb.ares.lt\/lv\/wp-json\/wp\/v2\/types\/product"}],"replies":[{"embeddable":true,"href":"https:\/\/testinisweb.ares.lt\/lv\/wp-json\/wp\/v2\/comments?post=16222"}],"wp:featuredmedia":[{"embeddable":true,"href":"https:\/\/testinisweb.ares.lt\/lv\/wp-json\/wp\/v2\/media\/16221"}],"wp:attachment":[{"href":"https:\/\/testinisweb.ares.lt\/lv\/wp-json\/wp\/v2\/media?parent=16222"}],"wp:term":[{"taxonomy":"product_cat","embeddable":true,"href":"https:\/\/testinisweb.ares.lt\/lv\/wp-json\/wp\/v2\/product_cat?post=16222"},{"taxonomy":"product_tag","embeddable":true,"href":"https:\/\/testinisweb.ares.lt\/lv\/wp-json\/wp\/v2\/product_tag?post=16222"}],"curies":[{"name":"wp","href":"https:\/\/api.w.org\/{rel}","templated":true}]}}