{"id":16486,"date":"2024-11-05T18:47:21","date_gmt":"2024-11-05T16:47:21","guid":{"rendered":"https:\/\/testinisweb.ares.lt\/?post_type=product&#038;p=16486"},"modified":"2026-01-25T22:02:42","modified_gmt":"2026-01-25T20:02:42","slug":"zelta-kedite-ar-piekarinu-milestiba","status":"publish","type":"product","link":"https:\/\/testinisweb.ares.lt\/lv\/parduotuve\/auksine-grandinele-su-pakabuku-love\/","title":{"rendered":"Zelta \u0137\u0113d\u012bte ar kulonu &quot;M\u012blest\u012bba&quot;"},"content":{"rendered":"<p>Zelta \u0137\u0113d\u012bte ar kulonu \u201cM\u012blest\u012bba\u201d ir eleganta un noz\u012bm\u012bga rotaslieta, kas simboliz\u0113 m\u016b\u017e\u012bgu saikni un m\u012blest\u012bbu. \u0160\u012b dizaina kulons ir minim\u0101listisks, tom\u0113r at\u0161\u0137ir\u012bgs, iedvesmojoties no le\u0123end\u0101ra stila, kas bie\u017ei tiek saist\u012bts ar \u012bpa\u0161u ap\u0146em\u0161anos un grezn\u012bbu. Smalki izstr\u0101d\u0101tas deta\u013cas un eleganta aizdare pie\u0161\u0137ir rotaslietai ekskluzivit\u0101tes saj\u016btu, bet zelta sp\u012bdums \u2013 klasiskas grezn\u012bbas saj\u016btu. \u0160\u012b ir lieliska izv\u0113le tiem, kas nov\u0113rt\u0113 simboliskus aksesu\u0101rus, kas atspogu\u013co m\u012blest\u012bbu, uztic\u012bbu un stilu, kas ir m\u016b\u017e\u012bgs.<\/p>","protected":false},"excerpt":{"rendered":"<p>Auksin\u0117 grandin\u0117l\u0117 su pakabuku &#8222;Love&#8221; \u2013 tai eleganti\u0161kas ir prasmingas papuo\u0161alas, kuris simbolizuoja am\u017ein\u0105 ry\u0161\u012f ir meil\u0119. \u0160io dizaino pakabukas yra minimalistinis,&hellip;<\/p>","protected":false},"featured_media":16487,"comment_status":"open","ping_status":"closed","template":"","meta":[],"product_cat":[102,948,101,432,944,401],"product_tag":[],"class_list":{"0":"post-16486","1":"product","2":"type-product","3":"status-publish","4":"has-post-thumbnail","6":"product_cat-grandineles-su-pakabukais","7":"product_cat-auksines-grandineles-su-pakabukais-iki-250-eur","8":"product_cat-be-akmens","9":"product_cat-nauja","10":"product_cat-raudono-aukso-grandineles-su-pakabukais","11":"product_cat-raudono-aukso-papuosalai","12":"tm-no-options","14":"first","15":"instock","16":"shipping-taxable","17":"purchasable","18":"product-type-simple"},"yoast_head":"<!-- This site is optimized with the Yoast SEO plugin v27.4 - https:\/\/yoast.com\/product\/yoast-seo-wordpress\/ -->\n<title>Auksin\u0117 grandin\u0117l\u0117 su pakabuku &quot;Love&quot;<\/title>\n<meta name=\"description\" content=\"Auksin\u0117 grandin\u0117l\u0117 su pakabuku &quot;Love&quot; \u2013 tai eleganti\u0161kas ir prasmingas papuo\u0161alas, kuris simbolizuoja am\u017ein\u0105 ry\u0161\u012f ir meil\u0119. \u0160io dizaino pakabukas yra\" \/>\n<meta name=\"robots\" content=\"index, follow, max-snippet:-1, max-image-preview:large, max-video-preview:-1\" \/>\n<link rel=\"canonical\" href=\"https:\/\/testinisweb.ares.lt\/lv\/veikala\/zelta-kedite-ar-piekarinu-milestiba\/\" \/>\n<meta property=\"og:locale\" content=\"lv_LV\" \/>\n<meta property=\"og:type\" content=\"article\" \/>\n<meta property=\"og:title\" content=\"Auksin\u0117 grandin\u0117l\u0117 su pakabuku &quot;Love&quot;\" \/>\n<meta property=\"og:description\" content=\"Auksin\u0117 grandin\u0117l\u0117 su pakabuku &quot;Love&quot; \u2013 tai eleganti\u0161kas ir prasmingas papuo\u0161alas, kuris simbolizuoja am\u017ein\u0105 ry\u0161\u012f ir meil\u0119. \u0160io dizaino pakabukas yra\" \/>\n<meta property=\"og:url\" content=\"https:\/\/testinisweb.ares.lt\/lv\/veikala\/zelta-kedite-ar-piekarinu-milestiba\/\" \/>\n<meta property=\"og:site_name\" content=\"ARES Juvelyrika\" \/>\n<meta property=\"article:publisher\" content=\"https:\/\/www.facebook.com\/AresJewellery\" \/>\n<meta property=\"article:modified_time\" content=\"2026-01-25T20:02:42+00:00\" \/>\n<meta property=\"og:image\" content=\"https:\/\/testinisweb.ares.lt\/wp-content\/uploads\/2024\/11\/11.jpg\" \/>\n\t<meta property=\"og:image:width\" content=\"1500\" \/>\n\t<meta property=\"og:image:height\" content=\"1500\" \/>\n\t<meta property=\"og:image:type\" content=\"image\/jpeg\" \/>\n<meta name=\"twitter:card\" content=\"summary_large_image\" \/>\n<meta name=\"twitter:label1\" content=\"Est. reading time\" \/>\n\t<meta name=\"twitter:data1\" content=\"1 min\u016bte\" \/>\n<script type=\"application\/ld+json\" class=\"yoast-schema-graph\">{\"@context\":\"https:\\\/\\\/schema.org\",\"@graph\":[{\"@type\":\"WebPage\",\"@id\":\"https:\\\/\\\/testinisweb.ares.lt\\\/parduotuve\\\/auksine-grandinele-su-pakabuku-love\\\/\",\"url\":\"https:\\\/\\\/testinisweb.ares.lt\\\/parduotuve\\\/auksine-grandinele-su-pakabuku-love\\\/\",\"name\":\"Auksin\u0117 grandin\u0117l\u0117 su pakabuku \\\"Love\\\"\",\"isPartOf\":{\"@id\":\"https:\\\/\\\/testinisweb.ares.lt\\\/#website\"},\"primaryImageOfPage\":{\"@id\":\"https:\\\/\\\/testinisweb.ares.lt\\\/parduotuve\\\/auksine-grandinele-su-pakabuku-love\\\/#primaryimage\"},\"image\":{\"@id\":\"https:\\\/\\\/testinisweb.ares.lt\\\/parduotuve\\\/auksine-grandinele-su-pakabuku-love\\\/#primaryimage\"},\"thumbnailUrl\":\"https:\\\/\\\/testinisweb.ares.lt\\\/wp-content\\\/uploads\\\/2024\\\/11\\\/11.jpg\",\"datePublished\":\"2024-11-05T16:47:21+00:00\",\"dateModified\":\"2026-01-25T20:02:42+00:00\",\"description\":\"Auksin\u0117 grandin\u0117l\u0117 su pakabuku \\\"Love\\\" \u2013 tai eleganti\u0161kas ir prasmingas papuo\u0161alas, kuris simbolizuoja am\u017ein\u0105 ry\u0161\u012f ir meil\u0119. \u0160io dizaino pakabukas yra\",\"breadcrumb\":{\"@id\":\"https:\\\/\\\/testinisweb.ares.lt\\\/parduotuve\\\/auksine-grandinele-su-pakabuku-love\\\/#breadcrumb\"},\"inLanguage\":\"lv-LV\",\"potentialAction\":[{\"@type\":\"ReadAction\",\"target\":[\"https:\\\/\\\/testinisweb.ares.lt\\\/parduotuve\\\/auksine-grandinele-su-pakabuku-love\\\/\"]}]},{\"@type\":\"ImageObject\",\"inLanguage\":\"lv-LV\",\"@id\":\"https:\\\/\\\/testinisweb.ares.lt\\\/parduotuve\\\/auksine-grandinele-su-pakabuku-love\\\/#primaryimage\",\"url\":\"https:\\\/\\\/testinisweb.ares.lt\\\/wp-content\\\/uploads\\\/2024\\\/11\\\/11.jpg\",\"contentUrl\":\"https:\\\/\\\/testinisweb.ares.lt\\\/wp-content\\\/uploads\\\/2024\\\/11\\\/11.jpg\",\"width\":1500,\"height\":1500,\"caption\":\"Auksin\u0117 grandin\u0117l\u0117 su pakabuku \\\"Love\\\" ant kaklo\"},{\"@type\":\"BreadcrumbList\",\"@id\":\"https:\\\/\\\/testinisweb.ares.lt\\\/parduotuve\\\/auksine-grandinele-su-pakabuku-love\\\/#breadcrumb\",\"itemListElement\":[{\"@type\":\"ListItem\",\"position\":1,\"name\":\"Auksiniai papuo\u0161alai\",\"item\":\"https:\\\/\\\/testinisweb.ares.lt\\\/\"},{\"@type\":\"ListItem\",\"position\":2,\"name\":\"Parduotuv\u0117\",\"item\":\"https:\\\/\\\/testinisweb.ares.lt\\\/parduotuve\\\/\"},{\"@type\":\"ListItem\",\"position\":3,\"name\":\"Auksin\u0117 grandin\u0117l\u0117 su pakabuku &#8222;Love&#8221;\"}]},{\"@type\":\"WebSite\",\"@id\":\"https:\\\/\\\/testinisweb.ares.lt\\\/#website\",\"url\":\"https:\\\/\\\/testinisweb.ares.lt\\\/\",\"name\":\"ARES Juvelyrika\",\"description\":\"Auksiniai papuo\u0161alai\",\"publisher\":{\"@id\":\"https:\\\/\\\/testinisweb.ares.lt\\\/#organization\"},\"potentialAction\":[{\"@type\":\"SearchAction\",\"target\":{\"@type\":\"EntryPoint\",\"urlTemplate\":\"https:\\\/\\\/testinisweb.ares.lt\\\/?s={search_term_string}\"},\"query-input\":{\"@type\":\"PropertyValueSpecification\",\"valueRequired\":true,\"valueName\":\"search_term_string\"}}],\"inLanguage\":\"lv-LV\"},{\"@type\":\"Organization\",\"@id\":\"https:\\\/\\\/testinisweb.ares.lt\\\/#organization\",\"name\":\"Ares Juvelyrika auksiniai papuosalai\",\"url\":\"https:\\\/\\\/testinisweb.ares.lt\\\/\",\"logo\":{\"@type\":\"ImageObject\",\"inLanguage\":\"lv-LV\",\"@id\":\"https:\\\/\\\/testinisweb.ares.lt\\\/#\\\/schema\\\/logo\\\/image\\\/\",\"url\":\"https:\\\/\\\/i0.wp.com\\\/testinisweb.ares.lt\\\/wp-content\\\/uploads\\\/2022\\\/03\\\/ares-text-logo-1.png?fit=417%2C122&ssl=1\",\"contentUrl\":\"https:\\\/\\\/i0.wp.com\\\/testinisweb.ares.lt\\\/wp-content\\\/uploads\\\/2022\\\/03\\\/ares-text-logo-1.png?fit=417%2C122&ssl=1\",\"width\":417,\"height\":122,\"caption\":\"Ares Juvelyrika auksiniai papuosalai\"},\"image\":{\"@id\":\"https:\\\/\\\/testinisweb.ares.lt\\\/#\\\/schema\\\/logo\\\/image\\\/\"},\"sameAs\":[\"https:\\\/\\\/www.facebook.com\\\/AresJewellery\",\"https:\\\/\\\/www.instagram.com\\\/ares_juvelyrika\\\/\"]}]}<\/script>\n<!-- \/ Yoast SEO plugin. -->","yoast_head_json":{"title":"Zelta \u0137\u0113d\u012bte ar kulonu &quot;M\u012blest\u012bba&quot;","description":"Zelta \u0137\u0113d\u012bte ar kulonu &quot;M\u012blest\u012bba&quot; ir eleganta un noz\u012bm\u012bga rotaslieta, kas simboliz\u0113 m\u016b\u017e\u012bgu saikni un m\u012blest\u012bbu. \u0160\u012b dizaina kulons ir","robots":{"index":"index","follow":"follow","max-snippet":"max-snippet:-1","max-image-preview":"max-image-preview:large","max-video-preview":"max-video-preview:-1"},"canonical":"https:\/\/testinisweb.ares.lt\/lv\/veikala\/zelta-kedite-ar-piekarinu-milestiba\/","og_locale":"lv_LV","og_type":"article","og_title":"Auksin\u0117 grandin\u0117l\u0117 su pakabuku \"Love\"","og_description":"Auksin\u0117 grandin\u0117l\u0117 su pakabuku \"Love\" \u2013 tai eleganti\u0161kas ir prasmingas papuo\u0161alas, kuris simbolizuoja am\u017ein\u0105 ry\u0161\u012f ir meil\u0119. \u0160io dizaino pakabukas yra","og_url":"https:\/\/testinisweb.ares.lt\/lv\/veikala\/zelta-kedite-ar-piekarinu-milestiba\/","og_site_name":"ARES Juvelyrika","article_publisher":"https:\/\/www.facebook.com\/AresJewellery","article_modified_time":"2026-01-25T20:02:42+00:00","og_image":[{"width":1500,"height":1500,"url":"https:\/\/testinisweb.ares.lt\/wp-content\/uploads\/2024\/11\/11.jpg","type":"image\/jpeg"}],"twitter_card":"summary_large_image","twitter_misc":{"Est. reading time":"1 min\u016bte"},"schema":{"@context":"https:\/\/schema.org","@graph":[{"@type":"WebPage","@id":"https:\/\/testinisweb.ares.lt\/parduotuve\/auksine-grandinele-su-pakabuku-love\/","url":"https:\/\/testinisweb.ares.lt\/parduotuve\/auksine-grandinele-su-pakabuku-love\/","name":"Zelta \u0137\u0113d\u012bte ar kulonu &quot;M\u012blest\u012bba&quot;","isPartOf":{"@id":"https:\/\/testinisweb.ares.lt\/#website"},"primaryImageOfPage":{"@id":"https:\/\/testinisweb.ares.lt\/parduotuve\/auksine-grandinele-su-pakabuku-love\/#primaryimage"},"image":{"@id":"https:\/\/testinisweb.ares.lt\/parduotuve\/auksine-grandinele-su-pakabuku-love\/#primaryimage"},"thumbnailUrl":"https:\/\/testinisweb.ares.lt\/wp-content\/uploads\/2024\/11\/11.jpg","datePublished":"2024-11-05T16:47:21+00:00","dateModified":"2026-01-25T20:02:42+00:00","description":"Zelta \u0137\u0113d\u012bte ar kulonu &quot;M\u012blest\u012bba&quot; ir eleganta un noz\u012bm\u012bga rotaslieta, kas simboliz\u0113 m\u016b\u017e\u012bgu saikni un m\u012blest\u012bbu. \u0160\u012b dizaina kulons ir","breadcrumb":{"@id":"https:\/\/testinisweb.ares.lt\/parduotuve\/auksine-grandinele-su-pakabuku-love\/#breadcrumb"},"inLanguage":"lv-LV","potentialAction":[{"@type":"ReadAction","target":["https:\/\/testinisweb.ares.lt\/parduotuve\/auksine-grandinele-su-pakabuku-love\/"]}]},{"@type":"ImageObject","inLanguage":"lv-LV","@id":"https:\/\/testinisweb.ares.lt\/parduotuve\/auksine-grandinele-su-pakabuku-love\/#primaryimage","url":"https:\/\/testinisweb.ares.lt\/wp-content\/uploads\/2024\/11\/11.jpg","contentUrl":"https:\/\/testinisweb.ares.lt\/wp-content\/uploads\/2024\/11\/11.jpg","width":1500,"height":1500,"caption":"Auksin\u0117 grandin\u0117l\u0117 su pakabuku \"Love\" ant kaklo"},{"@type":"BreadcrumbList","@id":"https:\/\/testinisweb.ares.lt\/parduotuve\/auksine-grandinele-su-pakabuku-love\/#breadcrumb","itemListElement":[{"@type":"ListItem","position":1,"name":"Auksiniai papuo\u0161alai","item":"https:\/\/testinisweb.ares.lt\/"},{"@type":"ListItem","position":2,"name":"Parduotuv\u0117","item":"https:\/\/testinisweb.ares.lt\/parduotuve\/"},{"@type":"ListItem","position":3,"name":"Auksin\u0117 grandin\u0117l\u0117 su pakabuku &#8222;Love&#8221;"}]},{"@type":"WebSite","@id":"https:\/\/testinisweb.ares.lt\/#website","url":"https:\/\/testinisweb.ares.lt\/","name":"ARES rotaslietas","description":"Zelta rotaslietas","publisher":{"@id":"https:\/\/testinisweb.ares.lt\/#organization"},"potentialAction":[{"@type":"SearchAction","target":{"@type":"EntryPoint","urlTemplate":"https:\/\/testinisweb.ares.lt\/?s={search_term_string}"},"query-input":{"@type":"PropertyValueSpecification","valueRequired":true,"valueName":"search_term_string"}}],"inLanguage":"lv-LV"},{"@type":"Organization","@id":"https:\/\/testinisweb.ares.lt\/#organization","name":"Ares Jewelry zelta rotaslietas","url":"https:\/\/testinisweb.ares.lt\/","logo":{"@type":"ImageObject","inLanguage":"lv-LV","@id":"https:\/\/testinisweb.ares.lt\/#\/schema\/logo\/image\/","url":"https:\/\/i0.wp.com\/testinisweb.ares.lt\/wp-content\/uploads\/2022\/03\/ares-text-logo-1.png?fit=417%2C122&ssl=1","contentUrl":"https:\/\/i0.wp.com\/testinisweb.ares.lt\/wp-content\/uploads\/2022\/03\/ares-text-logo-1.png?fit=417%2C122&ssl=1","width":417,"height":122,"caption":"Ares Juvelyrika auksiniai papuosalai"},"image":{"@id":"https:\/\/testinisweb.ares.lt\/#\/schema\/logo\/image\/"},"sameAs":["https:\/\/www.facebook.com\/AresJewellery","https:\/\/www.instagram.com\/ares_juvelyrika\/"]}]}},"_links":{"self":[{"href":"https:\/\/testinisweb.ares.lt\/lv\/wp-json\/wp\/v2\/product\/16486","targetHints":{"allow":["GET"]}}],"collection":[{"href":"https:\/\/testinisweb.ares.lt\/lv\/wp-json\/wp\/v2\/product"}],"about":[{"href":"https:\/\/testinisweb.ares.lt\/lv\/wp-json\/wp\/v2\/types\/product"}],"replies":[{"embeddable":true,"href":"https:\/\/testinisweb.ares.lt\/lv\/wp-json\/wp\/v2\/comments?post=16486"}],"wp:featuredmedia":[{"embeddable":true,"href":"https:\/\/testinisweb.ares.lt\/lv\/wp-json\/wp\/v2\/media\/16487"}],"wp:attachment":[{"href":"https:\/\/testinisweb.ares.lt\/lv\/wp-json\/wp\/v2\/media?parent=16486"}],"wp:term":[{"taxonomy":"product_cat","embeddable":true,"href":"https:\/\/testinisweb.ares.lt\/lv\/wp-json\/wp\/v2\/product_cat?post=16486"},{"taxonomy":"product_tag","embeddable":true,"href":"https:\/\/testinisweb.ares.lt\/lv\/wp-json\/wp\/v2\/product_tag?post=16486"}],"curies":[{"name":"wp","href":"https:\/\/api.w.org\/{rel}","templated":true}]}}