{"id":16490,"date":"2024-11-05T18:47:09","date_gmt":"2024-11-05T16:47:09","guid":{"rendered":"https:\/\/testinisweb.ares.lt\/?post_type=product&#038;p=16490"},"modified":"2026-01-25T22:02:41","modified_gmt":"2026-01-25T20:02:41","slug":"zelta-kedite-ar-kulonu-5-krasaini-pilieni","status":"publish","type":"product","link":"https:\/\/testinisweb.ares.lt\/lv\/parduotuve\/auksine-grandinele-su-pakabuku-5-spalvoti-laseliai\/","title":{"rendered":"Zelta \u0137\u0113d\u012bte ar kulonu &quot;5 kr\u0101su pilieni&quot;"},"content":{"rendered":"<p>Zelta \u0137\u0113d\u012bte ar kulonu \u201c5 kr\u0101sainas l\u0101ses\u201d ir rota\u013c\u012bga un ekskluz\u012bva rotaslieta, kas jebkuru stilu bag\u0101tin\u0101s ar kr\u0101sainu eleganci. \u0160is kulons ir izgatavots no pieciem asaras formas akme\u0146iem \u2013 za\u013ca, zila, sarkana, dzeltena un violeta. Katra kr\u0101sa pie\u0161\u0137ir rotaslietai unikalit\u0101ti un simboliz\u0113 at\u0161\u0137ir\u012bgu emociju vai ener\u0123iju: za\u013ca \u2013 mieru, zila \u2013 p\u0101rliec\u012bbu, sarkana \u2013 kaisli, dzeltena \u2013 prieku un violeta \u2013 rado\u0161umu. Zelta pamatne lieliski sader ar kr\u0101sainaj\u0101m l\u0101s\u0113m, radot grezn\u012bbas saj\u016btu. \u0160\u012b \u0137\u0113d\u012bte ir ide\u0101li piem\u0113rota gan ikdienas valk\u0101\u0161anai, gan \u012bpa\u0161iem gad\u012bjumiem, \u013caujot n\u0113s\u0101t l\u012bdzi visu kr\u0101su un ener\u0123ijas paleti.<\/p>","protected":false},"excerpt":{"rendered":"<p>Auksin\u0117 grandin\u0117l\u0117 su pakabuku &#8222;5 spalvoti la\u0161eliai&#8221; yra \u017eaismingas ir i\u0161skirtinis papuo\u0161alas, kuris praturtins bet kok\u012f stili\u0173 spalvinga elegancija. \u0160is pakabukas sudarytas&hellip;<\/p>","protected":false},"featured_media":16491,"comment_status":"open","ping_status":"closed","template":"","meta":[],"product_cat":[941,102,948,432,944,401,104],"product_tag":[],"class_list":{"0":"post-16490","1":"product","2":"type-product","3":"status-publish","4":"has-post-thumbnail","6":"product_cat-auksines-grandineles-su-cirkoniais","7":"product_cat-grandineles-su-pakabukais","8":"product_cat-auksines-grandineles-su-pakabukais-iki-250-eur","9":"product_cat-nauja","10":"product_cat-raudono-aukso-grandineles-su-pakabukais","11":"product_cat-raudono-aukso-papuosalai","12":"product_cat-su-cirkoniais","13":"tm-no-options","15":"first","16":"instock","17":"shipping-taxable","18":"purchasable","19":"product-type-simple"},"yoast_head":"<!-- This site is optimized with the Yoast SEO plugin v27.3 - https:\/\/yoast.com\/product\/yoast-seo-wordpress\/ -->\n<title>Auksin\u0117 grandin\u0117l\u0117 su pakabuku &quot;5 spalvoti la\u0161eliai&quot;<\/title>\n<meta name=\"description\" content=\"Auksin\u0117 grandin\u0117l\u0117 su pakabuku &quot;5 spalvoti la\u0161eliai&quot; yra \u017eaismingas ir i\u0161skirtinis papuo\u0161alas, kuris praturtins bet kok\u012f stili\u0173 spalvinga elegancija. \u0160is\" \/>\n<meta name=\"robots\" content=\"index, follow, max-snippet:-1, max-image-preview:large, max-video-preview:-1\" \/>\n<link rel=\"canonical\" href=\"https:\/\/testinisweb.ares.lt\/lv\/veikala\/zelta-kedite-ar-kulonu-5-krasaini-pilieni\/\" \/>\n<meta property=\"og:locale\" content=\"lv_LV\" \/>\n<meta property=\"og:type\" content=\"article\" \/>\n<meta property=\"og:title\" content=\"Auksin\u0117 grandin\u0117l\u0117 su pakabuku &quot;5 spalvoti la\u0161eliai&quot;\" \/>\n<meta property=\"og:description\" content=\"Auksin\u0117 grandin\u0117l\u0117 su pakabuku &quot;5 spalvoti la\u0161eliai&quot; yra \u017eaismingas ir i\u0161skirtinis papuo\u0161alas, kuris praturtins bet kok\u012f stili\u0173 spalvinga elegancija. \u0160is\" \/>\n<meta property=\"og:url\" content=\"https:\/\/testinisweb.ares.lt\/lv\/veikala\/zelta-kedite-ar-kulonu-5-krasaini-pilieni\/\" \/>\n<meta property=\"og:site_name\" content=\"ARES Juvelyrika\" \/>\n<meta property=\"article:publisher\" content=\"https:\/\/www.facebook.com\/AresJewellery\" \/>\n<meta property=\"article:modified_time\" content=\"2026-01-25T20:02:41+00:00\" \/>\n<meta property=\"og:image\" content=\"https:\/\/testinisweb.ares.lt\/wp-content\/uploads\/2024\/11\/14.jpg\" \/>\n\t<meta property=\"og:image:width\" content=\"1500\" \/>\n\t<meta property=\"og:image:height\" content=\"1500\" \/>\n\t<meta property=\"og:image:type\" content=\"image\/jpeg\" \/>\n<meta name=\"twitter:card\" content=\"summary_large_image\" \/>\n<meta name=\"twitter:label1\" content=\"Est. reading time\" \/>\n\t<meta name=\"twitter:data1\" content=\"1 min\u016bte\" \/>\n<script type=\"application\/ld+json\" class=\"yoast-schema-graph\">{\"@context\":\"https:\\\/\\\/schema.org\",\"@graph\":[{\"@type\":\"WebPage\",\"@id\":\"https:\\\/\\\/testinisweb.ares.lt\\\/parduotuve\\\/auksine-grandinele-su-pakabuku-5-spalvoti-laseliai\\\/\",\"url\":\"https:\\\/\\\/testinisweb.ares.lt\\\/parduotuve\\\/auksine-grandinele-su-pakabuku-5-spalvoti-laseliai\\\/\",\"name\":\"Auksin\u0117 grandin\u0117l\u0117 su pakabuku \\\"5 spalvoti la\u0161eliai\\\"\",\"isPartOf\":{\"@id\":\"https:\\\/\\\/testinisweb.ares.lt\\\/#website\"},\"primaryImageOfPage\":{\"@id\":\"https:\\\/\\\/testinisweb.ares.lt\\\/parduotuve\\\/auksine-grandinele-su-pakabuku-5-spalvoti-laseliai\\\/#primaryimage\"},\"image\":{\"@id\":\"https:\\\/\\\/testinisweb.ares.lt\\\/parduotuve\\\/auksine-grandinele-su-pakabuku-5-spalvoti-laseliai\\\/#primaryimage\"},\"thumbnailUrl\":\"https:\\\/\\\/testinisweb.ares.lt\\\/wp-content\\\/uploads\\\/2024\\\/11\\\/14.jpg\",\"datePublished\":\"2024-11-05T16:47:09+00:00\",\"dateModified\":\"2026-01-25T20:02:41+00:00\",\"description\":\"Auksin\u0117 grandin\u0117l\u0117 su pakabuku \\\"5 spalvoti la\u0161eliai\\\" yra \u017eaismingas ir i\u0161skirtinis papuo\u0161alas, kuris praturtins bet kok\u012f stili\u0173 spalvinga elegancija. \u0160is\",\"breadcrumb\":{\"@id\":\"https:\\\/\\\/testinisweb.ares.lt\\\/parduotuve\\\/auksine-grandinele-su-pakabuku-5-spalvoti-laseliai\\\/#breadcrumb\"},\"inLanguage\":\"lv-LV\",\"potentialAction\":[{\"@type\":\"ReadAction\",\"target\":[\"https:\\\/\\\/testinisweb.ares.lt\\\/parduotuve\\\/auksine-grandinele-su-pakabuku-5-spalvoti-laseliai\\\/\"]}]},{\"@type\":\"ImageObject\",\"inLanguage\":\"lv-LV\",\"@id\":\"https:\\\/\\\/testinisweb.ares.lt\\\/parduotuve\\\/auksine-grandinele-su-pakabuku-5-spalvoti-laseliai\\\/#primaryimage\",\"url\":\"https:\\\/\\\/testinisweb.ares.lt\\\/wp-content\\\/uploads\\\/2024\\\/11\\\/14.jpg\",\"contentUrl\":\"https:\\\/\\\/testinisweb.ares.lt\\\/wp-content\\\/uploads\\\/2024\\\/11\\\/14.jpg\",\"width\":1500,\"height\":1500,\"caption\":\"Auksin\u0117 grandin\u0117l\u0117 su pakabuku \\\"5 spalvoti la\u0161eliai\\\" ant kaklo\"},{\"@type\":\"BreadcrumbList\",\"@id\":\"https:\\\/\\\/testinisweb.ares.lt\\\/parduotuve\\\/auksine-grandinele-su-pakabuku-5-spalvoti-laseliai\\\/#breadcrumb\",\"itemListElement\":[{\"@type\":\"ListItem\",\"position\":1,\"name\":\"Auksiniai papuo\u0161alai\",\"item\":\"https:\\\/\\\/testinisweb.ares.lt\\\/\"},{\"@type\":\"ListItem\",\"position\":2,\"name\":\"Parduotuv\u0117\",\"item\":\"https:\\\/\\\/testinisweb.ares.lt\\\/parduotuve\\\/\"},{\"@type\":\"ListItem\",\"position\":3,\"name\":\"Auksin\u0117 grandin\u0117l\u0117 su pakabuku &#8222;5 spalvoti la\u0161eliai&#8221;\"}]},{\"@type\":\"WebSite\",\"@id\":\"https:\\\/\\\/testinisweb.ares.lt\\\/#website\",\"url\":\"https:\\\/\\\/testinisweb.ares.lt\\\/\",\"name\":\"ARES Juvelyrika\",\"description\":\"Auksiniai papuo\u0161alai\",\"publisher\":{\"@id\":\"https:\\\/\\\/testinisweb.ares.lt\\\/#organization\"},\"potentialAction\":[{\"@type\":\"SearchAction\",\"target\":{\"@type\":\"EntryPoint\",\"urlTemplate\":\"https:\\\/\\\/testinisweb.ares.lt\\\/?s={search_term_string}\"},\"query-input\":{\"@type\":\"PropertyValueSpecification\",\"valueRequired\":true,\"valueName\":\"search_term_string\"}}],\"inLanguage\":\"lv-LV\"},{\"@type\":\"Organization\",\"@id\":\"https:\\\/\\\/testinisweb.ares.lt\\\/#organization\",\"name\":\"Ares Juvelyrika auksiniai papuosalai\",\"url\":\"https:\\\/\\\/testinisweb.ares.lt\\\/\",\"logo\":{\"@type\":\"ImageObject\",\"inLanguage\":\"lv-LV\",\"@id\":\"https:\\\/\\\/testinisweb.ares.lt\\\/#\\\/schema\\\/logo\\\/image\\\/\",\"url\":\"https:\\\/\\\/i0.wp.com\\\/testinisweb.ares.lt\\\/wp-content\\\/uploads\\\/2022\\\/03\\\/ares-text-logo-1.png?fit=417%2C122&ssl=1\",\"contentUrl\":\"https:\\\/\\\/i0.wp.com\\\/testinisweb.ares.lt\\\/wp-content\\\/uploads\\\/2022\\\/03\\\/ares-text-logo-1.png?fit=417%2C122&ssl=1\",\"width\":417,\"height\":122,\"caption\":\"Ares Juvelyrika auksiniai papuosalai\"},\"image\":{\"@id\":\"https:\\\/\\\/testinisweb.ares.lt\\\/#\\\/schema\\\/logo\\\/image\\\/\"},\"sameAs\":[\"https:\\\/\\\/www.facebook.com\\\/AresJewellery\",\"https:\\\/\\\/www.instagram.com\\\/ares_juvelyrika\\\/\"]}]}<\/script>\n<!-- \/ Yoast SEO plugin. -->","yoast_head_json":{"title":"Zelta \u0137\u0113d\u012bte ar kulonu &quot;5 kr\u0101su pilieni&quot;","description":"Zelta \u0137\u0113d\u012bte ar kulonu &quot;5 kr\u0101sainas l\u0101ses&quot; ir rota\u013c\u012bga un unik\u0101la rotaslieta, kas jebkuru stilu bag\u0101tin\u0101s ar kr\u0101sainu eleganci.","robots":{"index":"index","follow":"follow","max-snippet":"max-snippet:-1","max-image-preview":"max-image-preview:large","max-video-preview":"max-video-preview:-1"},"canonical":"https:\/\/testinisweb.ares.lt\/lv\/veikala\/zelta-kedite-ar-kulonu-5-krasaini-pilieni\/","og_locale":"lv_LV","og_type":"article","og_title":"Auksin\u0117 grandin\u0117l\u0117 su pakabuku \"5 spalvoti la\u0161eliai\"","og_description":"Auksin\u0117 grandin\u0117l\u0117 su pakabuku \"5 spalvoti la\u0161eliai\" yra \u017eaismingas ir i\u0161skirtinis papuo\u0161alas, kuris praturtins bet kok\u012f stili\u0173 spalvinga elegancija. \u0160is","og_url":"https:\/\/testinisweb.ares.lt\/lv\/veikala\/zelta-kedite-ar-kulonu-5-krasaini-pilieni\/","og_site_name":"ARES Juvelyrika","article_publisher":"https:\/\/www.facebook.com\/AresJewellery","article_modified_time":"2026-01-25T20:02:41+00:00","og_image":[{"width":1500,"height":1500,"url":"https:\/\/testinisweb.ares.lt\/wp-content\/uploads\/2024\/11\/14.jpg","type":"image\/jpeg"}],"twitter_card":"summary_large_image","twitter_misc":{"Est. reading time":"1 min\u016bte"},"schema":{"@context":"https:\/\/schema.org","@graph":[{"@type":"WebPage","@id":"https:\/\/testinisweb.ares.lt\/parduotuve\/auksine-grandinele-su-pakabuku-5-spalvoti-laseliai\/","url":"https:\/\/testinisweb.ares.lt\/parduotuve\/auksine-grandinele-su-pakabuku-5-spalvoti-laseliai\/","name":"Zelta \u0137\u0113d\u012bte ar kulonu &quot;5 kr\u0101su pilieni&quot;","isPartOf":{"@id":"https:\/\/testinisweb.ares.lt\/#website"},"primaryImageOfPage":{"@id":"https:\/\/testinisweb.ares.lt\/parduotuve\/auksine-grandinele-su-pakabuku-5-spalvoti-laseliai\/#primaryimage"},"image":{"@id":"https:\/\/testinisweb.ares.lt\/parduotuve\/auksine-grandinele-su-pakabuku-5-spalvoti-laseliai\/#primaryimage"},"thumbnailUrl":"https:\/\/testinisweb.ares.lt\/wp-content\/uploads\/2024\/11\/14.jpg","datePublished":"2024-11-05T16:47:09+00:00","dateModified":"2026-01-25T20:02:41+00:00","description":"Zelta \u0137\u0113d\u012bte ar kulonu &quot;5 kr\u0101sainas l\u0101ses&quot; ir rota\u013c\u012bga un unik\u0101la rotaslieta, kas jebkuru stilu bag\u0101tin\u0101s ar kr\u0101sainu eleganci.","breadcrumb":{"@id":"https:\/\/testinisweb.ares.lt\/parduotuve\/auksine-grandinele-su-pakabuku-5-spalvoti-laseliai\/#breadcrumb"},"inLanguage":"lv-LV","potentialAction":[{"@type":"ReadAction","target":["https:\/\/testinisweb.ares.lt\/parduotuve\/auksine-grandinele-su-pakabuku-5-spalvoti-laseliai\/"]}]},{"@type":"ImageObject","inLanguage":"lv-LV","@id":"https:\/\/testinisweb.ares.lt\/parduotuve\/auksine-grandinele-su-pakabuku-5-spalvoti-laseliai\/#primaryimage","url":"https:\/\/testinisweb.ares.lt\/wp-content\/uploads\/2024\/11\/14.jpg","contentUrl":"https:\/\/testinisweb.ares.lt\/wp-content\/uploads\/2024\/11\/14.jpg","width":1500,"height":1500,"caption":"Auksin\u0117 grandin\u0117l\u0117 su pakabuku \"5 spalvoti la\u0161eliai\" ant kaklo"},{"@type":"BreadcrumbList","@id":"https:\/\/testinisweb.ares.lt\/parduotuve\/auksine-grandinele-su-pakabuku-5-spalvoti-laseliai\/#breadcrumb","itemListElement":[{"@type":"ListItem","position":1,"name":"Auksiniai papuo\u0161alai","item":"https:\/\/testinisweb.ares.lt\/"},{"@type":"ListItem","position":2,"name":"Parduotuv\u0117","item":"https:\/\/testinisweb.ares.lt\/parduotuve\/"},{"@type":"ListItem","position":3,"name":"Auksin\u0117 grandin\u0117l\u0117 su pakabuku &#8222;5 spalvoti la\u0161eliai&#8221;"}]},{"@type":"WebSite","@id":"https:\/\/testinisweb.ares.lt\/#website","url":"https:\/\/testinisweb.ares.lt\/","name":"ARES rotaslietas","description":"Zelta rotaslietas","publisher":{"@id":"https:\/\/testinisweb.ares.lt\/#organization"},"potentialAction":[{"@type":"SearchAction","target":{"@type":"EntryPoint","urlTemplate":"https:\/\/testinisweb.ares.lt\/?s={search_term_string}"},"query-input":{"@type":"PropertyValueSpecification","valueRequired":true,"valueName":"search_term_string"}}],"inLanguage":"lv-LV"},{"@type":"Organization","@id":"https:\/\/testinisweb.ares.lt\/#organization","name":"Ares Jewelry zelta rotaslietas","url":"https:\/\/testinisweb.ares.lt\/","logo":{"@type":"ImageObject","inLanguage":"lv-LV","@id":"https:\/\/testinisweb.ares.lt\/#\/schema\/logo\/image\/","url":"https:\/\/i0.wp.com\/testinisweb.ares.lt\/wp-content\/uploads\/2022\/03\/ares-text-logo-1.png?fit=417%2C122&ssl=1","contentUrl":"https:\/\/i0.wp.com\/testinisweb.ares.lt\/wp-content\/uploads\/2022\/03\/ares-text-logo-1.png?fit=417%2C122&ssl=1","width":417,"height":122,"caption":"Ares Juvelyrika auksiniai papuosalai"},"image":{"@id":"https:\/\/testinisweb.ares.lt\/#\/schema\/logo\/image\/"},"sameAs":["https:\/\/www.facebook.com\/AresJewellery","https:\/\/www.instagram.com\/ares_juvelyrika\/"]}]}},"_links":{"self":[{"href":"https:\/\/testinisweb.ares.lt\/lv\/wp-json\/wp\/v2\/product\/16490","targetHints":{"allow":["GET"]}}],"collection":[{"href":"https:\/\/testinisweb.ares.lt\/lv\/wp-json\/wp\/v2\/product"}],"about":[{"href":"https:\/\/testinisweb.ares.lt\/lv\/wp-json\/wp\/v2\/types\/product"}],"replies":[{"embeddable":true,"href":"https:\/\/testinisweb.ares.lt\/lv\/wp-json\/wp\/v2\/comments?post=16490"}],"wp:featuredmedia":[{"embeddable":true,"href":"https:\/\/testinisweb.ares.lt\/lv\/wp-json\/wp\/v2\/media\/16491"}],"wp:attachment":[{"href":"https:\/\/testinisweb.ares.lt\/lv\/wp-json\/wp\/v2\/media?parent=16490"}],"wp:term":[{"taxonomy":"product_cat","embeddable":true,"href":"https:\/\/testinisweb.ares.lt\/lv\/wp-json\/wp\/v2\/product_cat?post=16490"},{"taxonomy":"product_tag","embeddable":true,"href":"https:\/\/testinisweb.ares.lt\/lv\/wp-json\/wp\/v2\/product_tag?post=16490"}],"curies":[{"name":"wp","href":"https:\/\/api.w.org\/{rel}","templated":true}]}}