{"id":16494,"date":"2024-11-05T20:22:31","date_gmt":"2024-11-05T18:22:31","guid":{"rendered":"https:\/\/testinisweb.ares.lt\/?post_type=product&#038;p=16494"},"modified":"2026-01-25T22:02:41","modified_gmt":"2026-01-25T20:02:41","slug":"zelta-aproce-ar-krustu","status":"publish","type":"product","link":"https:\/\/testinisweb.ares.lt\/lv\/parduotuve\/auksine-apyranke-kryzelis\/","title":{"rendered":"Zelta rokasspr\u0101dze &quot;Krusts&quot;"},"content":{"rendered":"<p>Ikonisk\u0101 zelta rokasspr\u0101dze &quot;Krusts&quot; ar cirkoniem ir elegances un j\u0113gpilna dizaina apvienojums, ko iem\u012b\u013cojusi t\u0101s minim\u0101listisk\u0101, bet izteiksm\u012bg\u0101 stila d\u0113\u013c. Aproci rot\u0101 smalks krusta formas kulons, kas inkrust\u0113ts ar sp\u012bd\u012bgiem cirkoniem, kuri pie\u0161\u0137ir mirdzuma un grezn\u012bbas saj\u016btu. Krusta simbols iemieso tic\u012bbu, aizsardz\u012bbu un iek\u0161\u0113jo sp\u0113ku, padarot \u0161o rokasspr\u0101dzi ne tikai par stil\u012bgu aksesu\u0101ru, bet ar\u012b par \u012bpa\u0161u simbolu. T\u0101 ir lieliska izv\u0113le tiem, kas mekl\u0113 klasisku rotaslietu, ko var viegli pieska\u0146ot jebkuram t\u0113lam un kas pau\u017e dzi\u013cu noz\u012bmi un eleganci.<\/p>","protected":false},"excerpt":{"rendered":"<p>Ikoni\u0161ka auksin\u0117 apyrank\u0117 \u201eKry\u017eelis\u201c su cirkoniais \u2013 tai elegancijos ir prasmingo dizaino derinys, m\u0117gstamas d\u0117l savo minimalistinio, ta\u010diau i\u0161rai\u0161kingo stiliaus. Apyrank\u0119 puo\u0161ia&hellip;<\/p>","protected":false},"featured_media":16498,"comment_status":"open","ping_status":"closed","template":"","meta":[],"product_cat":[247,258,981,990,993,432,977,401],"product_tag":[],"class_list":{"0":"post-16494","1":"product","2":"type-product","3":"status-publish","4":"has-post-thumbnail","6":"product_cat-apyrankes","7":"product_cat-auksines-apyrankes","8":"product_cat-auksines-apyrankes-iki-250-eur","9":"product_cat-auksines-apyrankes-su-cirkoniu","10":"product_cat-auksines-apyrankes-su-kryzeliu","11":"product_cat-nauja","12":"product_cat-raudono-aukso-apyrankes","13":"product_cat-raudono-aukso-papuosalai","14":"tm-no-options","16":"first","17":"instock","18":"shipping-taxable","19":"purchasable","20":"product-type-simple"},"yoast_head":"<!-- This site is optimized with the Yoast SEO plugin v27.3 - https:\/\/yoast.com\/product\/yoast-seo-wordpress\/ -->\n<title>Auksin\u0117 apyrank\u0117 &quot;Kry\u017eelis&quot;<\/title>\n<meta name=\"description\" content=\"Ikoni\u0161ka auksin\u0117 apyrank\u0117 \u201eKry\u017eelis\u201c su cirkoniais \u2013 tai elegancijos ir prasmingo dizaino derinys, m\u0117gstamas d\u0117l savo minimalistinio, ta\u010diau i\u0161rai\u0161kingo\" \/>\n<meta name=\"robots\" content=\"index, follow, max-snippet:-1, max-image-preview:large, max-video-preview:-1\" \/>\n<link rel=\"canonical\" href=\"https:\/\/testinisweb.ares.lt\/lv\/veikala\/zelta-aproce-ar-krustu\/\" \/>\n<meta property=\"og:locale\" content=\"lv_LV\" \/>\n<meta property=\"og:type\" content=\"article\" \/>\n<meta property=\"og:title\" content=\"Auksin\u0117 apyrank\u0117 &quot;Kry\u017eelis&quot;\" \/>\n<meta property=\"og:description\" content=\"Ikoni\u0161ka auksin\u0117 apyrank\u0117 \u201eKry\u017eelis\u201c su cirkoniais \u2013 tai elegancijos ir prasmingo dizaino derinys, m\u0117gstamas d\u0117l savo minimalistinio, ta\u010diau i\u0161rai\u0161kingo\" \/>\n<meta property=\"og:url\" content=\"https:\/\/testinisweb.ares.lt\/lv\/veikala\/zelta-aproce-ar-krustu\/\" \/>\n<meta property=\"og:site_name\" content=\"ARES Juvelyrika\" \/>\n<meta property=\"article:publisher\" content=\"https:\/\/www.facebook.com\/AresJewellery\" \/>\n<meta property=\"article:modified_time\" content=\"2026-01-25T20:02:41+00:00\" \/>\n<meta property=\"og:image\" content=\"https:\/\/testinisweb.ares.lt\/wp-content\/uploads\/2024\/11\/d.jpg\" \/>\n\t<meta property=\"og:image:width\" content=\"1500\" \/>\n\t<meta property=\"og:image:height\" content=\"1500\" \/>\n\t<meta property=\"og:image:type\" content=\"image\/jpeg\" \/>\n<meta name=\"twitter:card\" content=\"summary_large_image\" \/>\n<meta name=\"twitter:label1\" content=\"Est. reading time\" \/>\n\t<meta name=\"twitter:data1\" content=\"1 min\u016bte\" \/>\n<script type=\"application\/ld+json\" class=\"yoast-schema-graph\">{\"@context\":\"https:\\\/\\\/schema.org\",\"@graph\":[{\"@type\":\"WebPage\",\"@id\":\"https:\\\/\\\/testinisweb.ares.lt\\\/parduotuve\\\/auksine-apyranke-kryzelis\\\/\",\"url\":\"https:\\\/\\\/testinisweb.ares.lt\\\/parduotuve\\\/auksine-apyranke-kryzelis\\\/\",\"name\":\"Auksin\u0117 apyrank\u0117 \\\"Kry\u017eelis\\\"\",\"isPartOf\":{\"@id\":\"https:\\\/\\\/testinisweb.ares.lt\\\/#website\"},\"primaryImageOfPage\":{\"@id\":\"https:\\\/\\\/testinisweb.ares.lt\\\/parduotuve\\\/auksine-apyranke-kryzelis\\\/#primaryimage\"},\"image\":{\"@id\":\"https:\\\/\\\/testinisweb.ares.lt\\\/parduotuve\\\/auksine-apyranke-kryzelis\\\/#primaryimage\"},\"thumbnailUrl\":\"https:\\\/\\\/testinisweb.ares.lt\\\/wp-content\\\/uploads\\\/2024\\\/11\\\/d.jpg\",\"datePublished\":\"2024-11-05T18:22:31+00:00\",\"dateModified\":\"2026-01-25T20:02:41+00:00\",\"description\":\"Ikoni\u0161ka auksin\u0117 apyrank\u0117 \u201eKry\u017eelis\u201c su cirkoniais \u2013 tai elegancijos ir prasmingo dizaino derinys, m\u0117gstamas d\u0117l savo minimalistinio, ta\u010diau i\u0161rai\u0161kingo\",\"breadcrumb\":{\"@id\":\"https:\\\/\\\/testinisweb.ares.lt\\\/parduotuve\\\/auksine-apyranke-kryzelis\\\/#breadcrumb\"},\"inLanguage\":\"lv-LV\",\"potentialAction\":[{\"@type\":\"ReadAction\",\"target\":[\"https:\\\/\\\/testinisweb.ares.lt\\\/parduotuve\\\/auksine-apyranke-kryzelis\\\/\"]}]},{\"@type\":\"ImageObject\",\"inLanguage\":\"lv-LV\",\"@id\":\"https:\\\/\\\/testinisweb.ares.lt\\\/parduotuve\\\/auksine-apyranke-kryzelis\\\/#primaryimage\",\"url\":\"https:\\\/\\\/testinisweb.ares.lt\\\/wp-content\\\/uploads\\\/2024\\\/11\\\/d.jpg\",\"contentUrl\":\"https:\\\/\\\/testinisweb.ares.lt\\\/wp-content\\\/uploads\\\/2024\\\/11\\\/d.jpg\",\"width\":1500,\"height\":1500,\"caption\":\"Auksin\u0117 apyrank\u0117 \\\"Kry\u017eelis\\\" ant rankos\"},{\"@type\":\"BreadcrumbList\",\"@id\":\"https:\\\/\\\/testinisweb.ares.lt\\\/parduotuve\\\/auksine-apyranke-kryzelis\\\/#breadcrumb\",\"itemListElement\":[{\"@type\":\"ListItem\",\"position\":1,\"name\":\"Auksiniai papuo\u0161alai\",\"item\":\"https:\\\/\\\/testinisweb.ares.lt\\\/\"},{\"@type\":\"ListItem\",\"position\":2,\"name\":\"Parduotuv\u0117\",\"item\":\"https:\\\/\\\/testinisweb.ares.lt\\\/parduotuve\\\/\"},{\"@type\":\"ListItem\",\"position\":3,\"name\":\"Auksin\u0117 apyrank\u0117 &#8222;Kry\u017eelis&#8221;\"}]},{\"@type\":\"WebSite\",\"@id\":\"https:\\\/\\\/testinisweb.ares.lt\\\/#website\",\"url\":\"https:\\\/\\\/testinisweb.ares.lt\\\/\",\"name\":\"ARES Juvelyrika\",\"description\":\"Auksiniai papuo\u0161alai\",\"publisher\":{\"@id\":\"https:\\\/\\\/testinisweb.ares.lt\\\/#organization\"},\"potentialAction\":[{\"@type\":\"SearchAction\",\"target\":{\"@type\":\"EntryPoint\",\"urlTemplate\":\"https:\\\/\\\/testinisweb.ares.lt\\\/?s={search_term_string}\"},\"query-input\":{\"@type\":\"PropertyValueSpecification\",\"valueRequired\":true,\"valueName\":\"search_term_string\"}}],\"inLanguage\":\"lv-LV\"},{\"@type\":\"Organization\",\"@id\":\"https:\\\/\\\/testinisweb.ares.lt\\\/#organization\",\"name\":\"Ares Juvelyrika auksiniai papuosalai\",\"url\":\"https:\\\/\\\/testinisweb.ares.lt\\\/\",\"logo\":{\"@type\":\"ImageObject\",\"inLanguage\":\"lv-LV\",\"@id\":\"https:\\\/\\\/testinisweb.ares.lt\\\/#\\\/schema\\\/logo\\\/image\\\/\",\"url\":\"https:\\\/\\\/i0.wp.com\\\/testinisweb.ares.lt\\\/wp-content\\\/uploads\\\/2022\\\/03\\\/ares-text-logo-1.png?fit=417%2C122&ssl=1\",\"contentUrl\":\"https:\\\/\\\/i0.wp.com\\\/testinisweb.ares.lt\\\/wp-content\\\/uploads\\\/2022\\\/03\\\/ares-text-logo-1.png?fit=417%2C122&ssl=1\",\"width\":417,\"height\":122,\"caption\":\"Ares Juvelyrika auksiniai papuosalai\"},\"image\":{\"@id\":\"https:\\\/\\\/testinisweb.ares.lt\\\/#\\\/schema\\\/logo\\\/image\\\/\"},\"sameAs\":[\"https:\\\/\\\/www.facebook.com\\\/AresJewellery\",\"https:\\\/\\\/www.instagram.com\\\/ares_juvelyrika\\\/\"]}]}<\/script>\n<!-- \/ Yoast SEO plugin. -->","yoast_head_json":{"title":"Zelta rokasspr\u0101dze &quot;Krusts&quot;","description":"Ikonisk\u0101 zelta aproce &quot;Krusts&quot; ar cirkoniem ir elegances un noz\u012bm\u012bga dizaina apvienojums, kas iecien\u012bts t\u0101s minim\u0101listisk\u0101, bet izteiksm\u012bg\u0101 izskata d\u0113\u013c.","robots":{"index":"index","follow":"follow","max-snippet":"max-snippet:-1","max-image-preview":"max-image-preview:large","max-video-preview":"max-video-preview:-1"},"canonical":"https:\/\/testinisweb.ares.lt\/lv\/veikala\/zelta-aproce-ar-krustu\/","og_locale":"lv_LV","og_type":"article","og_title":"Auksin\u0117 apyrank\u0117 \"Kry\u017eelis\"","og_description":"Ikoni\u0161ka auksin\u0117 apyrank\u0117 \u201eKry\u017eelis\u201c su cirkoniais \u2013 tai elegancijos ir prasmingo dizaino derinys, m\u0117gstamas d\u0117l savo minimalistinio, ta\u010diau i\u0161rai\u0161kingo","og_url":"https:\/\/testinisweb.ares.lt\/lv\/veikala\/zelta-aproce-ar-krustu\/","og_site_name":"ARES Juvelyrika","article_publisher":"https:\/\/www.facebook.com\/AresJewellery","article_modified_time":"2026-01-25T20:02:41+00:00","og_image":[{"width":1500,"height":1500,"url":"https:\/\/testinisweb.ares.lt\/wp-content\/uploads\/2024\/11\/d.jpg","type":"image\/jpeg"}],"twitter_card":"summary_large_image","twitter_misc":{"Est. reading time":"1 min\u016bte"},"schema":{"@context":"https:\/\/schema.org","@graph":[{"@type":"WebPage","@id":"https:\/\/testinisweb.ares.lt\/parduotuve\/auksine-apyranke-kryzelis\/","url":"https:\/\/testinisweb.ares.lt\/parduotuve\/auksine-apyranke-kryzelis\/","name":"Zelta rokasspr\u0101dze &quot;Krusts&quot;","isPartOf":{"@id":"https:\/\/testinisweb.ares.lt\/#website"},"primaryImageOfPage":{"@id":"https:\/\/testinisweb.ares.lt\/parduotuve\/auksine-apyranke-kryzelis\/#primaryimage"},"image":{"@id":"https:\/\/testinisweb.ares.lt\/parduotuve\/auksine-apyranke-kryzelis\/#primaryimage"},"thumbnailUrl":"https:\/\/testinisweb.ares.lt\/wp-content\/uploads\/2024\/11\/d.jpg","datePublished":"2024-11-05T18:22:31+00:00","dateModified":"2026-01-25T20:02:41+00:00","description":"Ikonisk\u0101 zelta aproce &quot;Krusts&quot; ar cirkoniem ir elegances un noz\u012bm\u012bga dizaina apvienojums, kas iecien\u012bts t\u0101s minim\u0101listisk\u0101, bet izteiksm\u012bg\u0101 izskata d\u0113\u013c.","breadcrumb":{"@id":"https:\/\/testinisweb.ares.lt\/parduotuve\/auksine-apyranke-kryzelis\/#breadcrumb"},"inLanguage":"lv-LV","potentialAction":[{"@type":"ReadAction","target":["https:\/\/testinisweb.ares.lt\/parduotuve\/auksine-apyranke-kryzelis\/"]}]},{"@type":"ImageObject","inLanguage":"lv-LV","@id":"https:\/\/testinisweb.ares.lt\/parduotuve\/auksine-apyranke-kryzelis\/#primaryimage","url":"https:\/\/testinisweb.ares.lt\/wp-content\/uploads\/2024\/11\/d.jpg","contentUrl":"https:\/\/testinisweb.ares.lt\/wp-content\/uploads\/2024\/11\/d.jpg","width":1500,"height":1500,"caption":"Auksin\u0117 apyrank\u0117 \"Kry\u017eelis\" ant rankos"},{"@type":"BreadcrumbList","@id":"https:\/\/testinisweb.ares.lt\/parduotuve\/auksine-apyranke-kryzelis\/#breadcrumb","itemListElement":[{"@type":"ListItem","position":1,"name":"Auksiniai papuo\u0161alai","item":"https:\/\/testinisweb.ares.lt\/"},{"@type":"ListItem","position":2,"name":"Parduotuv\u0117","item":"https:\/\/testinisweb.ares.lt\/parduotuve\/"},{"@type":"ListItem","position":3,"name":"Auksin\u0117 apyrank\u0117 &#8222;Kry\u017eelis&#8221;"}]},{"@type":"WebSite","@id":"https:\/\/testinisweb.ares.lt\/#website","url":"https:\/\/testinisweb.ares.lt\/","name":"ARES rotaslietas","description":"Zelta rotaslietas","publisher":{"@id":"https:\/\/testinisweb.ares.lt\/#organization"},"potentialAction":[{"@type":"SearchAction","target":{"@type":"EntryPoint","urlTemplate":"https:\/\/testinisweb.ares.lt\/?s={search_term_string}"},"query-input":{"@type":"PropertyValueSpecification","valueRequired":true,"valueName":"search_term_string"}}],"inLanguage":"lv-LV"},{"@type":"Organization","@id":"https:\/\/testinisweb.ares.lt\/#organization","name":"Ares Jewelry zelta rotaslietas","url":"https:\/\/testinisweb.ares.lt\/","logo":{"@type":"ImageObject","inLanguage":"lv-LV","@id":"https:\/\/testinisweb.ares.lt\/#\/schema\/logo\/image\/","url":"https:\/\/i0.wp.com\/testinisweb.ares.lt\/wp-content\/uploads\/2022\/03\/ares-text-logo-1.png?fit=417%2C122&ssl=1","contentUrl":"https:\/\/i0.wp.com\/testinisweb.ares.lt\/wp-content\/uploads\/2022\/03\/ares-text-logo-1.png?fit=417%2C122&ssl=1","width":417,"height":122,"caption":"Ares Juvelyrika auksiniai papuosalai"},"image":{"@id":"https:\/\/testinisweb.ares.lt\/#\/schema\/logo\/image\/"},"sameAs":["https:\/\/www.facebook.com\/AresJewellery","https:\/\/www.instagram.com\/ares_juvelyrika\/"]}]}},"_links":{"self":[{"href":"https:\/\/testinisweb.ares.lt\/lv\/wp-json\/wp\/v2\/product\/16494","targetHints":{"allow":["GET"]}}],"collection":[{"href":"https:\/\/testinisweb.ares.lt\/lv\/wp-json\/wp\/v2\/product"}],"about":[{"href":"https:\/\/testinisweb.ares.lt\/lv\/wp-json\/wp\/v2\/types\/product"}],"replies":[{"embeddable":true,"href":"https:\/\/testinisweb.ares.lt\/lv\/wp-json\/wp\/v2\/comments?post=16494"}],"wp:featuredmedia":[{"embeddable":true,"href":"https:\/\/testinisweb.ares.lt\/lv\/wp-json\/wp\/v2\/media\/16498"}],"wp:attachment":[{"href":"https:\/\/testinisweb.ares.lt\/lv\/wp-json\/wp\/v2\/media?parent=16494"}],"wp:term":[{"taxonomy":"product_cat","embeddable":true,"href":"https:\/\/testinisweb.ares.lt\/lv\/wp-json\/wp\/v2\/product_cat?post=16494"},{"taxonomy":"product_tag","embeddable":true,"href":"https:\/\/testinisweb.ares.lt\/lv\/wp-json\/wp\/v2\/product_tag?post=16494"}],"curies":[{"name":"wp","href":"https:\/\/api.w.org\/{rel}","templated":true}]}}