{"id":16657,"date":"2024-12-05T20:22:33","date_gmt":"2024-12-05T18:22:33","guid":{"rendered":"https:\/\/testinisweb.ares.lt\/?post_type=product&#038;p=16657"},"modified":"2026-01-25T22:02:26","modified_gmt":"2026-01-25T20:02:26","slug":"zelta-auskari-minimalistiski-gredzeni","status":"publish","type":"product","link":"https:\/\/testinisweb.ares.lt\/lv\/parduotuve\/auksiniai-auskarai-minimalistines-rinkes\/","title":{"rendered":"Zelta auskari &quot;Minimalistiskie tirgi&quot;"},"content":{"rendered":"<p>Atkl\u0101jiet elegantu minim\u0101lismu ar zelta auskariem &quot;Minimalist Collection&quot;. \u0160ie smalkie un modernie auskari b\u016bs lieliski piem\u0113roti gan ikdienas valk\u0101\u0161anai, gan \u012bpa\u0161iem gad\u012bjumiem, uzsverot j\u016bsu stila unikalit\u0101ti.<\/p>\n<p>Auskari ir izgatavoti no augst\u0101k\u0101s kvalit\u0101tes zelta, kas nodro\u0161ina iztur\u012bbu un komfortu. J\u016bs varat izv\u0113l\u0113ties no div\u0101m zelta kr\u0101s\u0101m:<\/p>\n<ul>\n<li><strong>Sarkanais zelts<\/strong> \u2013 silta un romantiska izv\u0113le, kas labi sader ar jebkuru \u0101das toni.<\/li>\n<li><strong>Baltais zelts<\/strong> \u2013 moderna, neitr\u0101la kr\u0101sa, kas pie\u0161\u0137ir elegantu mirdzumu.<\/li>\n<\/ul>\n<p>\u0160ie <strong>zelta tirgi<\/strong> ir maza izm\u0113ra, t\u0101p\u0113c t\u0101 neman\u0101mi iek\u013causies j\u016bsu ikdienas t\u0113l\u0101 vai papildin\u0101s j\u016bsu vakara stilu. Pateicoties minim\u0101listiskajam dizainam. <strong>zelta auskaru komplekts<\/strong> viegli kombin\u0113jams ar da\u017e\u0101diem aksesu\u0101riem un ap\u0123\u0113rba deta\u013c\u0101m.<\/p>\n<p>Izcelieties ar minim\u0101listisku eleganci \u2013 zelta auskari &quot;Minimalist Collection&quot; k\u013c\u016bs par neaizst\u0101jamu j\u016bsu rotaslietu kolekcijas sast\u0101vda\u013cu.<\/p>","protected":false},"excerpt":{"rendered":"<p>Atraskite eleganti\u0161k\u0105 minimalizm\u0105 su auksiniais auskarais \u201eMinimalistin\u0117s rink\u0117s\u201c. \u0160ie subtil\u016bs ir modern\u016bs auskarai puikiai tiks tiek kasdienai, tiek ypatingoms progoms, pabr\u0117\u017edami J\u016bs\u0173&hellip;<\/p>","protected":false},"featured_media":17470,"comment_status":"open","ping_status":"closed","template":"","meta":[],"product_cat":[278,934,279,931,400,930,401],"product_tag":[],"class_list":{"0":"post-16657","1":"product","2":"type-product","3":"status-publish","4":"has-post-thumbnail","6":"product_cat-auskarai","7":"product_cat-auksiniai-auskarai-iki-250-eur","8":"product_cat-auskarai-rinkes","9":"product_cat-balto-aukso-auskarai","10":"product_cat-balto-aukso-papuosalai","11":"product_cat-raudono-aukso-auskarai","12":"product_cat-raudono-aukso-papuosalai","13":"tm-no-options","15":"first","16":"instock","17":"shipping-taxable","18":"purchasable","19":"product-type-variable","20":"has-default-attributes"},"yoast_head":"<!-- This site is optimized with the Yoast SEO plugin v27.3 - https:\/\/yoast.com\/product\/yoast-seo-wordpress\/ -->\n<title>Auksiniai auskarai &quot;Minimalistin\u0117s rink\u0117s&quot;<\/title>\n<meta name=\"description\" content=\"Atraskite eleganti\u0161k\u0105 minimalizm\u0105 su auksiniais auskarais \u201eMinimalistin\u0117s rink\u0117s\u201c. \u0160ie subtil\u016bs ir modern\u016bs auskarai puikiai tiks tiek kasdienai, tiek\" \/>\n<meta name=\"robots\" content=\"index, follow, max-snippet:-1, max-image-preview:large, max-video-preview:-1\" \/>\n<link rel=\"canonical\" href=\"https:\/\/testinisweb.ares.lt\/lv\/veikala\/zelta-auskari-minimalistiski-gredzeni\/\" \/>\n<meta property=\"og:locale\" content=\"lv_LV\" \/>\n<meta property=\"og:type\" content=\"article\" \/>\n<meta property=\"og:title\" content=\"Auksiniai auskarai &quot;Minimalistin\u0117s rink\u0117s&quot;\" \/>\n<meta property=\"og:description\" content=\"Atraskite eleganti\u0161k\u0105 minimalizm\u0105 su auksiniais auskarais \u201eMinimalistin\u0117s rink\u0117s\u201c. \u0160ie subtil\u016bs ir modern\u016bs auskarai puikiai tiks tiek kasdienai, tiek\" \/>\n<meta property=\"og:url\" content=\"https:\/\/testinisweb.ares.lt\/lv\/veikala\/zelta-auskari-minimalistiski-gredzeni\/\" \/>\n<meta property=\"og:site_name\" content=\"ARES Juvelyrika\" \/>\n<meta property=\"article:publisher\" content=\"https:\/\/www.facebook.com\/AresJewellery\" \/>\n<meta property=\"article:modified_time\" content=\"2026-01-25T20:02:26+00:00\" \/>\n<meta property=\"og:image\" content=\"https:\/\/testinisweb.ares.lt\/wp-content\/uploads\/2024\/12\/IMG_5892Rose-Gold-1.jpg\" \/>\n\t<meta property=\"og:image:width\" content=\"3000\" \/>\n\t<meta property=\"og:image:height\" content=\"3000\" \/>\n\t<meta property=\"og:image:type\" content=\"image\/jpeg\" \/>\n<meta name=\"twitter:card\" content=\"summary_large_image\" \/>\n<meta name=\"twitter:label1\" content=\"Est. reading time\" \/>\n\t<meta name=\"twitter:data1\" content=\"1 min\u016bte\" \/>\n<script type=\"application\/ld+json\" class=\"yoast-schema-graph\">{\"@context\":\"https:\\\/\\\/schema.org\",\"@graph\":[{\"@type\":\"WebPage\",\"@id\":\"https:\\\/\\\/testinisweb.ares.lt\\\/parduotuve\\\/auksiniai-auskarai-minimalistines-rinkes\\\/\",\"url\":\"https:\\\/\\\/testinisweb.ares.lt\\\/parduotuve\\\/auksiniai-auskarai-minimalistines-rinkes\\\/\",\"name\":\"Auksiniai auskarai \\\"Minimalistin\u0117s rink\u0117s\\\"\",\"isPartOf\":{\"@id\":\"https:\\\/\\\/testinisweb.ares.lt\\\/#website\"},\"primaryImageOfPage\":{\"@id\":\"https:\\\/\\\/testinisweb.ares.lt\\\/parduotuve\\\/auksiniai-auskarai-minimalistines-rinkes\\\/#primaryimage\"},\"image\":{\"@id\":\"https:\\\/\\\/testinisweb.ares.lt\\\/parduotuve\\\/auksiniai-auskarai-minimalistines-rinkes\\\/#primaryimage\"},\"thumbnailUrl\":\"https:\\\/\\\/testinisweb.ares.lt\\\/wp-content\\\/uploads\\\/2024\\\/12\\\/IMG_5892Rose-Gold-1.jpg\",\"datePublished\":\"2024-12-05T18:22:33+00:00\",\"dateModified\":\"2026-01-25T20:02:26+00:00\",\"description\":\"Atraskite eleganti\u0161k\u0105 minimalizm\u0105 su auksiniais auskarais \u201eMinimalistin\u0117s rink\u0117s\u201c. \u0160ie subtil\u016bs ir modern\u016bs auskarai puikiai tiks tiek kasdienai, tiek\",\"breadcrumb\":{\"@id\":\"https:\\\/\\\/testinisweb.ares.lt\\\/parduotuve\\\/auksiniai-auskarai-minimalistines-rinkes\\\/#breadcrumb\"},\"inLanguage\":\"lv-LV\",\"potentialAction\":[{\"@type\":\"ReadAction\",\"target\":[\"https:\\\/\\\/testinisweb.ares.lt\\\/parduotuve\\\/auksiniai-auskarai-minimalistines-rinkes\\\/\"]}]},{\"@type\":\"ImageObject\",\"inLanguage\":\"lv-LV\",\"@id\":\"https:\\\/\\\/testinisweb.ares.lt\\\/parduotuve\\\/auksiniai-auskarai-minimalistines-rinkes\\\/#primaryimage\",\"url\":\"https:\\\/\\\/testinisweb.ares.lt\\\/wp-content\\\/uploads\\\/2024\\\/12\\\/IMG_5892Rose-Gold-1.jpg\",\"contentUrl\":\"https:\\\/\\\/testinisweb.ares.lt\\\/wp-content\\\/uploads\\\/2024\\\/12\\\/IMG_5892Rose-Gold-1.jpg\",\"width\":3000,\"height\":3000,\"caption\":\"Auksiniai auskarai \\\"Minimalistin\u0117s rink\u0117s\\\" raudono aukso\"},{\"@type\":\"BreadcrumbList\",\"@id\":\"https:\\\/\\\/testinisweb.ares.lt\\\/parduotuve\\\/auksiniai-auskarai-minimalistines-rinkes\\\/#breadcrumb\",\"itemListElement\":[{\"@type\":\"ListItem\",\"position\":1,\"name\":\"Auksiniai papuo\u0161alai\",\"item\":\"https:\\\/\\\/testinisweb.ares.lt\\\/\"},{\"@type\":\"ListItem\",\"position\":2,\"name\":\"Parduotuv\u0117\",\"item\":\"https:\\\/\\\/testinisweb.ares.lt\\\/parduotuve\\\/\"},{\"@type\":\"ListItem\",\"position\":3,\"name\":\"Auksiniai auskarai &#8222;Minimalistin\u0117s rink\u0117s&#8221;\"}]},{\"@type\":\"WebSite\",\"@id\":\"https:\\\/\\\/testinisweb.ares.lt\\\/#website\",\"url\":\"https:\\\/\\\/testinisweb.ares.lt\\\/\",\"name\":\"ARES Juvelyrika\",\"description\":\"Auksiniai papuo\u0161alai\",\"publisher\":{\"@id\":\"https:\\\/\\\/testinisweb.ares.lt\\\/#organization\"},\"potentialAction\":[{\"@type\":\"SearchAction\",\"target\":{\"@type\":\"EntryPoint\",\"urlTemplate\":\"https:\\\/\\\/testinisweb.ares.lt\\\/?s={search_term_string}\"},\"query-input\":{\"@type\":\"PropertyValueSpecification\",\"valueRequired\":true,\"valueName\":\"search_term_string\"}}],\"inLanguage\":\"lv-LV\"},{\"@type\":\"Organization\",\"@id\":\"https:\\\/\\\/testinisweb.ares.lt\\\/#organization\",\"name\":\"Ares Juvelyrika auksiniai papuosalai\",\"url\":\"https:\\\/\\\/testinisweb.ares.lt\\\/\",\"logo\":{\"@type\":\"ImageObject\",\"inLanguage\":\"lv-LV\",\"@id\":\"https:\\\/\\\/testinisweb.ares.lt\\\/#\\\/schema\\\/logo\\\/image\\\/\",\"url\":\"https:\\\/\\\/i0.wp.com\\\/testinisweb.ares.lt\\\/wp-content\\\/uploads\\\/2022\\\/03\\\/ares-text-logo-1.png?fit=417%2C122&ssl=1\",\"contentUrl\":\"https:\\\/\\\/i0.wp.com\\\/testinisweb.ares.lt\\\/wp-content\\\/uploads\\\/2022\\\/03\\\/ares-text-logo-1.png?fit=417%2C122&ssl=1\",\"width\":417,\"height\":122,\"caption\":\"Ares Juvelyrika auksiniai papuosalai\"},\"image\":{\"@id\":\"https:\\\/\\\/testinisweb.ares.lt\\\/#\\\/schema\\\/logo\\\/image\\\/\"},\"sameAs\":[\"https:\\\/\\\/www.facebook.com\\\/AresJewellery\",\"https:\\\/\\\/www.instagram.com\\\/ares_juvelyrika\\\/\"]}]}<\/script>\n<!-- \/ Yoast SEO plugin. -->","yoast_head_json":{"title":"Zelta auskari &quot;Minimalistiskie gredzeni&quot;","description":"Atkl\u0101jiet elegantu minim\u0101lismu ar zelta auskariem &quot;Minimalist Collection&quot;. \u0160ie smalkie un modernie auskari ir lieliski piem\u0113roti gan ikdienai, gan svin\u012bgiem gad\u012bjumiem.","robots":{"index":"index","follow":"follow","max-snippet":"max-snippet:-1","max-image-preview":"max-image-preview:large","max-video-preview":"max-video-preview:-1"},"canonical":"https:\/\/testinisweb.ares.lt\/lv\/veikala\/zelta-auskari-minimalistiski-gredzeni\/","og_locale":"lv_LV","og_type":"article","og_title":"Auksiniai auskarai \"Minimalistin\u0117s rink\u0117s\"","og_description":"Atraskite eleganti\u0161k\u0105 minimalizm\u0105 su auksiniais auskarais \u201eMinimalistin\u0117s rink\u0117s\u201c. \u0160ie subtil\u016bs ir modern\u016bs auskarai puikiai tiks tiek kasdienai, tiek","og_url":"https:\/\/testinisweb.ares.lt\/lv\/veikala\/zelta-auskari-minimalistiski-gredzeni\/","og_site_name":"ARES Juvelyrika","article_publisher":"https:\/\/www.facebook.com\/AresJewellery","article_modified_time":"2026-01-25T20:02:26+00:00","og_image":[{"width":3000,"height":3000,"url":"https:\/\/testinisweb.ares.lt\/wp-content\/uploads\/2024\/12\/IMG_5892Rose-Gold-1.jpg","type":"image\/jpeg"}],"twitter_card":"summary_large_image","twitter_misc":{"Est. reading time":"1 min\u016bte"},"schema":{"@context":"https:\/\/schema.org","@graph":[{"@type":"WebPage","@id":"https:\/\/testinisweb.ares.lt\/parduotuve\/auksiniai-auskarai-minimalistines-rinkes\/","url":"https:\/\/testinisweb.ares.lt\/parduotuve\/auksiniai-auskarai-minimalistines-rinkes\/","name":"Zelta auskari &quot;Minimalistiskie gredzeni&quot;","isPartOf":{"@id":"https:\/\/testinisweb.ares.lt\/#website"},"primaryImageOfPage":{"@id":"https:\/\/testinisweb.ares.lt\/parduotuve\/auksiniai-auskarai-minimalistines-rinkes\/#primaryimage"},"image":{"@id":"https:\/\/testinisweb.ares.lt\/parduotuve\/auksiniai-auskarai-minimalistines-rinkes\/#primaryimage"},"thumbnailUrl":"https:\/\/testinisweb.ares.lt\/wp-content\/uploads\/2024\/12\/IMG_5892Rose-Gold-1.jpg","datePublished":"2024-12-05T18:22:33+00:00","dateModified":"2026-01-25T20:02:26+00:00","description":"Atkl\u0101jiet elegantu minim\u0101lismu ar zelta auskariem &quot;Minimalist Collection&quot;. \u0160ie smalkie un modernie auskari ir lieliski piem\u0113roti gan ikdienai, gan svin\u012bgiem gad\u012bjumiem.","breadcrumb":{"@id":"https:\/\/testinisweb.ares.lt\/parduotuve\/auksiniai-auskarai-minimalistines-rinkes\/#breadcrumb"},"inLanguage":"lv-LV","potentialAction":[{"@type":"ReadAction","target":["https:\/\/testinisweb.ares.lt\/parduotuve\/auksiniai-auskarai-minimalistines-rinkes\/"]}]},{"@type":"ImageObject","inLanguage":"lv-LV","@id":"https:\/\/testinisweb.ares.lt\/parduotuve\/auksiniai-auskarai-minimalistines-rinkes\/#primaryimage","url":"https:\/\/testinisweb.ares.lt\/wp-content\/uploads\/2024\/12\/IMG_5892Rose-Gold-1.jpg","contentUrl":"https:\/\/testinisweb.ares.lt\/wp-content\/uploads\/2024\/12\/IMG_5892Rose-Gold-1.jpg","width":3000,"height":3000,"caption":"Auksiniai auskarai \"Minimalistin\u0117s rink\u0117s\" raudono aukso"},{"@type":"BreadcrumbList","@id":"https:\/\/testinisweb.ares.lt\/parduotuve\/auksiniai-auskarai-minimalistines-rinkes\/#breadcrumb","itemListElement":[{"@type":"ListItem","position":1,"name":"Auksiniai papuo\u0161alai","item":"https:\/\/testinisweb.ares.lt\/"},{"@type":"ListItem","position":2,"name":"Parduotuv\u0117","item":"https:\/\/testinisweb.ares.lt\/parduotuve\/"},{"@type":"ListItem","position":3,"name":"Auksiniai auskarai &#8222;Minimalistin\u0117s rink\u0117s&#8221;"}]},{"@type":"WebSite","@id":"https:\/\/testinisweb.ares.lt\/#website","url":"https:\/\/testinisweb.ares.lt\/","name":"ARES rotaslietas","description":"Zelta rotaslietas","publisher":{"@id":"https:\/\/testinisweb.ares.lt\/#organization"},"potentialAction":[{"@type":"SearchAction","target":{"@type":"EntryPoint","urlTemplate":"https:\/\/testinisweb.ares.lt\/?s={search_term_string}"},"query-input":{"@type":"PropertyValueSpecification","valueRequired":true,"valueName":"search_term_string"}}],"inLanguage":"lv-LV"},{"@type":"Organization","@id":"https:\/\/testinisweb.ares.lt\/#organization","name":"Ares Jewelry zelta rotaslietas","url":"https:\/\/testinisweb.ares.lt\/","logo":{"@type":"ImageObject","inLanguage":"lv-LV","@id":"https:\/\/testinisweb.ares.lt\/#\/schema\/logo\/image\/","url":"https:\/\/i0.wp.com\/testinisweb.ares.lt\/wp-content\/uploads\/2022\/03\/ares-text-logo-1.png?fit=417%2C122&ssl=1","contentUrl":"https:\/\/i0.wp.com\/testinisweb.ares.lt\/wp-content\/uploads\/2022\/03\/ares-text-logo-1.png?fit=417%2C122&ssl=1","width":417,"height":122,"caption":"Ares Juvelyrika auksiniai papuosalai"},"image":{"@id":"https:\/\/testinisweb.ares.lt\/#\/schema\/logo\/image\/"},"sameAs":["https:\/\/www.facebook.com\/AresJewellery","https:\/\/www.instagram.com\/ares_juvelyrika\/"]}]}},"_links":{"self":[{"href":"https:\/\/testinisweb.ares.lt\/lv\/wp-json\/wp\/v2\/product\/16657","targetHints":{"allow":["GET"]}}],"collection":[{"href":"https:\/\/testinisweb.ares.lt\/lv\/wp-json\/wp\/v2\/product"}],"about":[{"href":"https:\/\/testinisweb.ares.lt\/lv\/wp-json\/wp\/v2\/types\/product"}],"replies":[{"embeddable":true,"href":"https:\/\/testinisweb.ares.lt\/lv\/wp-json\/wp\/v2\/comments?post=16657"}],"wp:featuredmedia":[{"embeddable":true,"href":"https:\/\/testinisweb.ares.lt\/lv\/wp-json\/wp\/v2\/media\/17470"}],"wp:attachment":[{"href":"https:\/\/testinisweb.ares.lt\/lv\/wp-json\/wp\/v2\/media?parent=16657"}],"wp:term":[{"taxonomy":"product_cat","embeddable":true,"href":"https:\/\/testinisweb.ares.lt\/lv\/wp-json\/wp\/v2\/product_cat?post=16657"},{"taxonomy":"product_tag","embeddable":true,"href":"https:\/\/testinisweb.ares.lt\/lv\/wp-json\/wp\/v2\/product_tag?post=16657"}],"curies":[{"name":"wp","href":"https:\/\/api.w.org\/{rel}","templated":true}]}}