{"id":17148,"date":"2025-02-11T21:25:55","date_gmt":"2025-02-11T19:25:55","guid":{"rendered":"https:\/\/testinisweb.ares.lt\/?post_type=product&#038;p=17148"},"modified":"2026-01-25T22:02:11","modified_gmt":"2026-01-25T20:02:11","slug":"zelta-kulons-ar-burtu-o","status":"publish","type":"product","link":"https:\/\/testinisweb.ares.lt\/lv\/parduotuve\/auksinis-pakabukas-su-raide-o\/","title":{"rendered":"Zelta kulons ar burtu &quot;O&quot;"},"content":{"rendered":"<h3 data-start=\"0\" data-end=\"51\">Zelta kulons ar burtu &quot;O&quot; un cirkoniem<\/h3>\n<p data-start=\"53\" data-end=\"304\">\u0160is ekskluz\u012bvais 585. proves zelta kulons ar burtu &quot;O&quot; ir elegances un grezn\u012bbas simbols. Sp\u012bd\u012bgie cirkoni pie\u0161\u0137ir rotaslietai \u012bpa\u0161u \u0161armu un mirdzumu, padarot to ne tikai par personisku akcentu, bet ar\u012b spilgtu papildin\u0101jumu j\u016bsu stilam.<\/p>\n<p data-start=\"306\" data-end=\"531\">Zelta kuloni ar inici\u0101\u013ciem ir lielisks veids, k\u0101 paust individualit\u0101ti vai piemin\u0113t m\u012b\u013coto cilv\u0113ku. Tie ir \u0101rk\u0101rt\u012bgi popul\u0101ri k\u0101 personaliz\u0113tas d\u0101vanas, kas pie\u0161\u0137ir \u012bpa\u0161u noz\u012bmi un saglab\u0101 v\u0113rt\u012bbu v\u0113l gadiem ilgi.<\/p>\n<p data-start=\"533\" data-end=\"820\">Ar savu smalko, bet burv\u012bgo dizainu \u0161is kulons viegli pieska\u0146osies da\u017e\u0101d\u0101m \u0137\u0113d\u012bt\u0113m un lieliski papildin\u0101s gan ikdienas, gan sv\u0113tku izskatu. T\u0101 sp\u012bd\u012bgie cirkoni pie\u0161\u0137ir eleganci un izsmalcin\u0101t\u012bbu, padarot to par ide\u0101lu izv\u0113li gan minim\u0101listiem, gan luksusa cien\u012bt\u0101jiem.<\/p>\n<p data-start=\"822\" data-end=\"1038\" data-is-last-node=\"\">Zelta rotaslietas ar burtiem un cirkoniem ir neaizmirstama d\u0101vana jebkur\u0101 gad\u012bjum\u0101. 585. proves zelts garant\u0113 kvalit\u0101ti un iztur\u012bbu, un unik\u0101lais dizains padar\u012bs \u0161\u012bs rotaslietas par \u012bpa\u0161u j\u016bsu kolekcijas da\u013cu.<\/p>","protected":false},"excerpt":{"rendered":"<p>Auksinis pakabukas su raide \u201eO\u201d su cirkoniais \u0160is i\u0161skirtinis 585 prabos auksinis pakabukas su raide \u201eO\u201c yra elegancijos ir prabangos simbolis. Spindintys&hellip;<\/p>","protected":false},"featured_media":17149,"comment_status":"open","ping_status":"closed","template":"","meta":[],"product_cat":[961,973,968,966,870,330,969],"product_tag":[],"class_list":{"0":"post-17148","1":"product","2":"type-product","3":"status-publish","4":"has-post-thumbnail","6":"product_cat-auksiniai-pakabukai","7":"product_cat-auksiniai-pakabukai-iki-250-eur","8":"product_cat-auksiniai-pakabukai-raides","9":"product_cat-auksiniai-pakabukai-su-cirkoniais","10":"product_cat-pakabukai-su-raide","11":"product_cat-pakabukai-su-cirkoniais","12":"product_cat-raudono-aukso-pakabukai","13":"tm-no-options","15":"first","16":"instock","17":"shipping-taxable","18":"purchasable","19":"product-type-simple"},"yoast_head":"<!-- This site is optimized with the Yoast SEO plugin v27.4 - https:\/\/yoast.com\/product\/yoast-seo-wordpress\/ -->\n<title>Auksinis pakabukas su raide \u201eO\u201d<\/title>\n<meta name=\"description\" content=\"Auksinis pakabukas su raide \u201eO\u201d su cirkoniais \u0160is i\u0161skirtinis 585 prabos auksinis pakabukas su raide \u201eO\u201c yra elegancijos ir prabangos simbolis. Spindintys\" \/>\n<meta name=\"robots\" content=\"index, follow, max-snippet:-1, max-image-preview:large, max-video-preview:-1\" \/>\n<link rel=\"canonical\" href=\"https:\/\/testinisweb.ares.lt\/lv\/veikala\/zelta-kulons-ar-burtu-o\/\" \/>\n<meta property=\"og:locale\" content=\"lv_LV\" \/>\n<meta property=\"og:type\" content=\"article\" \/>\n<meta property=\"og:title\" content=\"Auksinis pakabukas su raide \u201eO\u201d\" \/>\n<meta property=\"og:description\" content=\"Auksinis pakabukas su raide \u201eO\u201d su cirkoniais \u0160is i\u0161skirtinis 585 prabos auksinis pakabukas su raide \u201eO\u201c yra elegancijos ir prabangos simbolis. Spindintys\" \/>\n<meta property=\"og:url\" content=\"https:\/\/testinisweb.ares.lt\/lv\/veikala\/zelta-kulons-ar-burtu-o\/\" \/>\n<meta property=\"og:site_name\" content=\"ARES Juvelyrika\" \/>\n<meta property=\"article:publisher\" content=\"https:\/\/www.facebook.com\/AresJewellery\" \/>\n<meta property=\"article:modified_time\" content=\"2026-01-25T20:02:11+00:00\" \/>\n<meta property=\"og:image\" content=\"https:\/\/testinisweb.ares.lt\/wp-content\/uploads\/2025\/02\/APK_O.jpg\" \/>\n\t<meta property=\"og:image:width\" content=\"3000\" \/>\n\t<meta property=\"og:image:height\" content=\"3000\" \/>\n\t<meta property=\"og:image:type\" content=\"image\/jpeg\" \/>\n<meta name=\"twitter:card\" content=\"summary_large_image\" \/>\n<meta name=\"twitter:label1\" content=\"Est. reading time\" \/>\n\t<meta name=\"twitter:data1\" content=\"1 min\u016bte\" \/>\n<script type=\"application\/ld+json\" class=\"yoast-schema-graph\">{\"@context\":\"https:\\\/\\\/schema.org\",\"@graph\":[{\"@type\":\"WebPage\",\"@id\":\"https:\\\/\\\/testinisweb.ares.lt\\\/parduotuve\\\/auksinis-pakabukas-su-raide-o\\\/\",\"url\":\"https:\\\/\\\/testinisweb.ares.lt\\\/parduotuve\\\/auksinis-pakabukas-su-raide-o\\\/\",\"name\":\"Auksinis pakabukas su raide \u201eO\u201d\",\"isPartOf\":{\"@id\":\"https:\\\/\\\/testinisweb.ares.lt\\\/#website\"},\"primaryImageOfPage\":{\"@id\":\"https:\\\/\\\/testinisweb.ares.lt\\\/parduotuve\\\/auksinis-pakabukas-su-raide-o\\\/#primaryimage\"},\"image\":{\"@id\":\"https:\\\/\\\/testinisweb.ares.lt\\\/parduotuve\\\/auksinis-pakabukas-su-raide-o\\\/#primaryimage\"},\"thumbnailUrl\":\"https:\\\/\\\/testinisweb.ares.lt\\\/wp-content\\\/uploads\\\/2025\\\/02\\\/APK_O.jpg\",\"datePublished\":\"2025-02-11T19:25:55+00:00\",\"dateModified\":\"2026-01-25T20:02:11+00:00\",\"description\":\"Auksinis pakabukas su raide \u201eO\u201d su cirkoniais \u0160is i\u0161skirtinis 585 prabos auksinis pakabukas su raide \u201eO\u201c yra elegancijos ir prabangos simbolis. Spindintys\",\"breadcrumb\":{\"@id\":\"https:\\\/\\\/testinisweb.ares.lt\\\/parduotuve\\\/auksinis-pakabukas-su-raide-o\\\/#breadcrumb\"},\"inLanguage\":\"lv-LV\",\"potentialAction\":[{\"@type\":\"ReadAction\",\"target\":[\"https:\\\/\\\/testinisweb.ares.lt\\\/parduotuve\\\/auksinis-pakabukas-su-raide-o\\\/\"]}]},{\"@type\":\"ImageObject\",\"inLanguage\":\"lv-LV\",\"@id\":\"https:\\\/\\\/testinisweb.ares.lt\\\/parduotuve\\\/auksinis-pakabukas-su-raide-o\\\/#primaryimage\",\"url\":\"https:\\\/\\\/testinisweb.ares.lt\\\/wp-content\\\/uploads\\\/2025\\\/02\\\/APK_O.jpg\",\"contentUrl\":\"https:\\\/\\\/testinisweb.ares.lt\\\/wp-content\\\/uploads\\\/2025\\\/02\\\/APK_O.jpg\",\"width\":3000,\"height\":3000,\"caption\":\"Auksinis pakabukas su raide \u201e0\u201d\"},{\"@type\":\"BreadcrumbList\",\"@id\":\"https:\\\/\\\/testinisweb.ares.lt\\\/parduotuve\\\/auksinis-pakabukas-su-raide-o\\\/#breadcrumb\",\"itemListElement\":[{\"@type\":\"ListItem\",\"position\":1,\"name\":\"Auksiniai papuo\u0161alai\",\"item\":\"https:\\\/\\\/testinisweb.ares.lt\\\/\"},{\"@type\":\"ListItem\",\"position\":2,\"name\":\"Parduotuv\u0117\",\"item\":\"https:\\\/\\\/testinisweb.ares.lt\\\/parduotuve\\\/\"},{\"@type\":\"ListItem\",\"position\":3,\"name\":\"Auksinis pakabukas su raide \u201eO\u201d\"}]},{\"@type\":\"WebSite\",\"@id\":\"https:\\\/\\\/testinisweb.ares.lt\\\/#website\",\"url\":\"https:\\\/\\\/testinisweb.ares.lt\\\/\",\"name\":\"ARES Juvelyrika\",\"description\":\"Auksiniai papuo\u0161alai\",\"publisher\":{\"@id\":\"https:\\\/\\\/testinisweb.ares.lt\\\/#organization\"},\"potentialAction\":[{\"@type\":\"SearchAction\",\"target\":{\"@type\":\"EntryPoint\",\"urlTemplate\":\"https:\\\/\\\/testinisweb.ares.lt\\\/?s={search_term_string}\"},\"query-input\":{\"@type\":\"PropertyValueSpecification\",\"valueRequired\":true,\"valueName\":\"search_term_string\"}}],\"inLanguage\":\"lv-LV\"},{\"@type\":\"Organization\",\"@id\":\"https:\\\/\\\/testinisweb.ares.lt\\\/#organization\",\"name\":\"Ares Juvelyrika auksiniai papuosalai\",\"url\":\"https:\\\/\\\/testinisweb.ares.lt\\\/\",\"logo\":{\"@type\":\"ImageObject\",\"inLanguage\":\"lv-LV\",\"@id\":\"https:\\\/\\\/testinisweb.ares.lt\\\/#\\\/schema\\\/logo\\\/image\\\/\",\"url\":\"https:\\\/\\\/i0.wp.com\\\/testinisweb.ares.lt\\\/wp-content\\\/uploads\\\/2022\\\/03\\\/ares-text-logo-1.png?fit=417%2C122&ssl=1\",\"contentUrl\":\"https:\\\/\\\/i0.wp.com\\\/testinisweb.ares.lt\\\/wp-content\\\/uploads\\\/2022\\\/03\\\/ares-text-logo-1.png?fit=417%2C122&ssl=1\",\"width\":417,\"height\":122,\"caption\":\"Ares Juvelyrika auksiniai papuosalai\"},\"image\":{\"@id\":\"https:\\\/\\\/testinisweb.ares.lt\\\/#\\\/schema\\\/logo\\\/image\\\/\"},\"sameAs\":[\"https:\\\/\\\/www.facebook.com\\\/AresJewellery\",\"https:\\\/\\\/www.instagram.com\\\/ares_juvelyrika\\\/\"]}]}<\/script>\n<!-- \/ Yoast SEO plugin. -->","yoast_head_json":{"title":"Zelta kulons ar burtu &quot;O&quot;","description":"Zelta kulons ar burtu &quot;O&quot; un cirkoniem \u0160is ekskluz\u012bvais 585. proves zelta kulons ar burtu &quot;O&quot; ir elegances un grezn\u012bbas simbols. Mirdzums.","robots":{"index":"index","follow":"follow","max-snippet":"max-snippet:-1","max-image-preview":"max-image-preview:large","max-video-preview":"max-video-preview:-1"},"canonical":"https:\/\/testinisweb.ares.lt\/lv\/veikala\/zelta-kulons-ar-burtu-o\/","og_locale":"lv_LV","og_type":"article","og_title":"Auksinis pakabukas su raide \u201eO\u201d","og_description":"Auksinis pakabukas su raide \u201eO\u201d su cirkoniais \u0160is i\u0161skirtinis 585 prabos auksinis pakabukas su raide \u201eO\u201c yra elegancijos ir prabangos simbolis. Spindintys","og_url":"https:\/\/testinisweb.ares.lt\/lv\/veikala\/zelta-kulons-ar-burtu-o\/","og_site_name":"ARES Juvelyrika","article_publisher":"https:\/\/www.facebook.com\/AresJewellery","article_modified_time":"2026-01-25T20:02:11+00:00","og_image":[{"width":3000,"height":3000,"url":"https:\/\/testinisweb.ares.lt\/wp-content\/uploads\/2025\/02\/APK_O.jpg","type":"image\/jpeg"}],"twitter_card":"summary_large_image","twitter_misc":{"Est. reading time":"1 min\u016bte"},"schema":{"@context":"https:\/\/schema.org","@graph":[{"@type":"WebPage","@id":"https:\/\/testinisweb.ares.lt\/parduotuve\/auksinis-pakabukas-su-raide-o\/","url":"https:\/\/testinisweb.ares.lt\/parduotuve\/auksinis-pakabukas-su-raide-o\/","name":"Zelta kulons ar burtu &quot;O&quot;","isPartOf":{"@id":"https:\/\/testinisweb.ares.lt\/#website"},"primaryImageOfPage":{"@id":"https:\/\/testinisweb.ares.lt\/parduotuve\/auksinis-pakabukas-su-raide-o\/#primaryimage"},"image":{"@id":"https:\/\/testinisweb.ares.lt\/parduotuve\/auksinis-pakabukas-su-raide-o\/#primaryimage"},"thumbnailUrl":"https:\/\/testinisweb.ares.lt\/wp-content\/uploads\/2025\/02\/APK_O.jpg","datePublished":"2025-02-11T19:25:55+00:00","dateModified":"2026-01-25T20:02:11+00:00","description":"Zelta kulons ar burtu &quot;O&quot; un cirkoniem \u0160is ekskluz\u012bvais 585. proves zelta kulons ar burtu &quot;O&quot; ir elegances un grezn\u012bbas simbols. Mirdzums.","breadcrumb":{"@id":"https:\/\/testinisweb.ares.lt\/parduotuve\/auksinis-pakabukas-su-raide-o\/#breadcrumb"},"inLanguage":"lv-LV","potentialAction":[{"@type":"ReadAction","target":["https:\/\/testinisweb.ares.lt\/parduotuve\/auksinis-pakabukas-su-raide-o\/"]}]},{"@type":"ImageObject","inLanguage":"lv-LV","@id":"https:\/\/testinisweb.ares.lt\/parduotuve\/auksinis-pakabukas-su-raide-o\/#primaryimage","url":"https:\/\/testinisweb.ares.lt\/wp-content\/uploads\/2025\/02\/APK_O.jpg","contentUrl":"https:\/\/testinisweb.ares.lt\/wp-content\/uploads\/2025\/02\/APK_O.jpg","width":3000,"height":3000,"caption":"Auksinis pakabukas su raide \u201e0\u201d"},{"@type":"BreadcrumbList","@id":"https:\/\/testinisweb.ares.lt\/parduotuve\/auksinis-pakabukas-su-raide-o\/#breadcrumb","itemListElement":[{"@type":"ListItem","position":1,"name":"Auksiniai papuo\u0161alai","item":"https:\/\/testinisweb.ares.lt\/"},{"@type":"ListItem","position":2,"name":"Parduotuv\u0117","item":"https:\/\/testinisweb.ares.lt\/parduotuve\/"},{"@type":"ListItem","position":3,"name":"Auksinis pakabukas su raide \u201eO\u201d"}]},{"@type":"WebSite","@id":"https:\/\/testinisweb.ares.lt\/#website","url":"https:\/\/testinisweb.ares.lt\/","name":"ARES rotaslietas","description":"Zelta rotaslietas","publisher":{"@id":"https:\/\/testinisweb.ares.lt\/#organization"},"potentialAction":[{"@type":"SearchAction","target":{"@type":"EntryPoint","urlTemplate":"https:\/\/testinisweb.ares.lt\/?s={search_term_string}"},"query-input":{"@type":"PropertyValueSpecification","valueRequired":true,"valueName":"search_term_string"}}],"inLanguage":"lv-LV"},{"@type":"Organization","@id":"https:\/\/testinisweb.ares.lt\/#organization","name":"Ares Jewelry zelta rotaslietas","url":"https:\/\/testinisweb.ares.lt\/","logo":{"@type":"ImageObject","inLanguage":"lv-LV","@id":"https:\/\/testinisweb.ares.lt\/#\/schema\/logo\/image\/","url":"https:\/\/i0.wp.com\/testinisweb.ares.lt\/wp-content\/uploads\/2022\/03\/ares-text-logo-1.png?fit=417%2C122&ssl=1","contentUrl":"https:\/\/i0.wp.com\/testinisweb.ares.lt\/wp-content\/uploads\/2022\/03\/ares-text-logo-1.png?fit=417%2C122&ssl=1","width":417,"height":122,"caption":"Ares Juvelyrika auksiniai papuosalai"},"image":{"@id":"https:\/\/testinisweb.ares.lt\/#\/schema\/logo\/image\/"},"sameAs":["https:\/\/www.facebook.com\/AresJewellery","https:\/\/www.instagram.com\/ares_juvelyrika\/"]}]}},"_links":{"self":[{"href":"https:\/\/testinisweb.ares.lt\/lv\/wp-json\/wp\/v2\/product\/17148","targetHints":{"allow":["GET"]}}],"collection":[{"href":"https:\/\/testinisweb.ares.lt\/lv\/wp-json\/wp\/v2\/product"}],"about":[{"href":"https:\/\/testinisweb.ares.lt\/lv\/wp-json\/wp\/v2\/types\/product"}],"replies":[{"embeddable":true,"href":"https:\/\/testinisweb.ares.lt\/lv\/wp-json\/wp\/v2\/comments?post=17148"}],"wp:featuredmedia":[{"embeddable":true,"href":"https:\/\/testinisweb.ares.lt\/lv\/wp-json\/wp\/v2\/media\/17149"}],"wp:attachment":[{"href":"https:\/\/testinisweb.ares.lt\/lv\/wp-json\/wp\/v2\/media?parent=17148"}],"wp:term":[{"taxonomy":"product_cat","embeddable":true,"href":"https:\/\/testinisweb.ares.lt\/lv\/wp-json\/wp\/v2\/product_cat?post=17148"},{"taxonomy":"product_tag","embeddable":true,"href":"https:\/\/testinisweb.ares.lt\/lv\/wp-json\/wp\/v2\/product_tag?post=17148"}],"curies":[{"name":"wp","href":"https:\/\/api.w.org\/{rel}","templated":true}]}}