{"id":17635,"date":"2025-03-19T14:34:20","date_gmt":"2025-03-19T12:34:20","guid":{"rendered":"https:\/\/testinisweb.ares.lt\/?post_type=product&#038;p=17635"},"modified":"2026-01-25T22:01:54","modified_gmt":"2026-01-25T20:01:54","slug":"dzeltena-zelta-tenisa-aproce-ar-cirkoniem-2","status":"publish","type":"product","link":"https:\/\/testinisweb.ares.lt\/lv\/parduotuve\/geltono-aukso-tennis-apyranke-su-cirkoniais-2\/","title":{"rendered":"Dzelten\u0101 zelta tenisa aproce ar cirkoniem"},"content":{"rendered":"<h2 data-start=\"0\" data-end=\"87\"><strong data-start=\"0\" data-end=\"85\">Dzelten\u0101 zelta tenisa aproce ar cirkoniju \u2013 klasiska elegance j\u016bsu stilam<\/strong><\/h2>\n<p data-start=\"89\" data-end=\"347\">\u0160is<strong data-start=\"92\" data-end=\"141\">\u00a0Tenisa aproce ar rhinestones<\/strong> \u2013 ir izsmalcin\u0101tas grezn\u012bbas un smalka mirdzuma apvienojums. Klasisk\u0101 dizaina rokasspr\u0101dze ir lieliski piem\u0113rota gan ikdienas valk\u0101\u0161anai, gan \u012bpa\u0161iem gad\u012bjumiem, pie\u0161\u0137irot j\u016bsu t\u0113lam unikalit\u0101ti un \u0161armu.<\/p>\n<p data-start=\"349\" data-end=\"640\"><strong data-start=\"349\" data-end=\"383\">Starojums katr\u0101 kust\u012bb\u0101<\/strong><br data-start=\"383\" data-end=\"386\" \/>Augstas kvalit\u0101tes cirkoni, kas prec\u012bzi novietoti viens otram blakus, rada nevainojamu sp\u012bdumu, kas smalki atstaro gaismu. \u0160\u012b rokasspr\u0101dze ir lieliska alternat\u012bva dimantu rotasliet\u0101m, nodro\u0161inot t\u0101du pa\u0161u mirdzumu par pieejam\u0101ku cenu.<\/p>\n<p data-start=\"642\" data-end=\"940\"><strong data-start=\"642\" data-end=\"668\">Zelta siltums un kvalit\u0101te<\/strong><br data-start=\"668\" data-end=\"671\" \/>Izgatavota no mas\u012bva un iztur\u012bga dzelten\u0101 zelta, \u0161\u012b aproce saglab\u0101 savu sp\u012bdumu un pie\u0161\u0137ir jebkuram t\u0113rpam elegantu un greznu piesk\u0101rienu. Klasiska. <strong data-start=\"830\" data-end=\"851\">Tenisa dizains<\/strong> nekad neiziet no modes un tiek uzskat\u012bts par vienu no daudzpus\u012bg\u0101kajiem rotaslietu aksesu\u0101riem.<\/p>\n<p data-start=\"942\" data-end=\"1251\"><strong data-start=\"942\" data-end=\"982\">Ide\u0101ls aksesu\u0101rs katram gad\u012bjumam<\/strong><\/p>\n<ul>\n<li data-start=\"942\" data-end=\"1251\">Elegants un m\u016b\u017e\u012bgs dizains, piem\u0113rots gan ikdienas valk\u0101\u0161anai, gan \u012bpa\u0161iem gad\u012bjumiem.<\/li>\n<li data-start=\"942\" data-end=\"1251\">Sp\u0113c\u012bga un uzticama stiprin\u0101\u0161ana, kas nodro\u0161ina maksim\u0101lu komfortu un dro\u0161\u012bbu.<\/li>\n<li data-start=\"942\" data-end=\"1251\">Grezna, bet neuzkr\u012bto\u0161a deta\u013ca, kas pie\u0161\u0137irs j\u016bsu t\u0113lam izsmalcin\u0101t\u012bbu.<\/li>\n<\/ul>\n<p data-start=\"1253\" data-end=\"1411\" data-is-last-node=\"\" data-is-only-node=\"\">\u0160is <strong data-start=\"1256\" data-end=\"1305\">Dzelten\u0101 zelta tenisa aproce ar cirkoniem<\/strong> \u2013 t\u0101 ir vair\u0101k nek\u0101 tikai rotaslieta. T\u0101 ir invest\u012bcija eleganc\u0113, kas saglab\u0101s modi un v\u0113rt\u012bbu v\u0113l daudzus gadus.<\/p>","protected":false},"excerpt":{"rendered":"<p>Geltono Aukso \u201eTennis\u201c Apyrank\u0117 su Cirkoniais \u2013 Klasikin\u0117 Elegancija J\u016bs\u0173 Stiliui \u0160i\u00a0\u201eTennis\u201c apyrank\u0117 su cirkoniais \u2013 tai rafinuotos prabangos ir subtilaus spindesio&hellip;<\/p>","protected":false},"featured_media":17641,"comment_status":"open","ping_status":"closed","template":"","meta":[],"product_brand":[],"product_cat":[247,258,990,978,432,401,976],"product_tag":[],"class_list":{"0":"post-17635","1":"product","2":"type-product","3":"status-publish","4":"has-post-thumbnail","6":"product_cat-apyrankes","7":"product_cat-auksines-apyrankes","8":"product_cat-auksines-apyrankes-su-cirkoniu","9":"product_cat-geltono-aukso-apyrankes","10":"product_cat-nauja","11":"product_cat-raudono-aukso-papuosalai","12":"product_cat-tennis-apyrankes","13":"tm-no-options","15":"first","16":"instock","17":"shipping-taxable","18":"purchasable","19":"product-type-variable","20":"has-default-attributes"},"yoast_head":"<!-- This site is optimized with the Yoast SEO plugin v27.3 - https:\/\/yoast.com\/product\/yoast-seo-wordpress\/ -->\n<title>Geltono aukso tennis apyrank\u0117 su cirkoniais<\/title>\n<meta name=\"description\" content=\"Geltono Aukso \u201eTennis\u201c Apyrank\u0117 su Cirkoniais \u2013 Klasikin\u0117 Elegancija J\u016bs\u0173 Stiliui \u0160i\u00a0\u201eTennis\u201c apyrank\u0117 su cirkoniais \u2013 tai rafinuotos prabangos ir\" \/>\n<meta name=\"robots\" content=\"index, follow, max-snippet:-1, max-image-preview:large, max-video-preview:-1\" \/>\n<link rel=\"canonical\" href=\"https:\/\/testinisweb.ares.lt\/lv\/veikala\/dzeltena-zelta-tenisa-aproce-ar-cirkoniem-2\/\" \/>\n<meta property=\"og:locale\" content=\"lv_LV\" \/>\n<meta property=\"og:type\" content=\"article\" \/>\n<meta property=\"og:title\" content=\"Geltono aukso tennis apyrank\u0117 su cirkoniais\" \/>\n<meta property=\"og:description\" content=\"Geltono Aukso \u201eTennis\u201c Apyrank\u0117 su Cirkoniais \u2013 Klasikin\u0117 Elegancija J\u016bs\u0173 Stiliui \u0160i\u00a0\u201eTennis\u201c apyrank\u0117 su cirkoniais \u2013 tai rafinuotos prabangos ir\" \/>\n<meta property=\"og:url\" content=\"https:\/\/testinisweb.ares.lt\/lv\/veikala\/dzeltena-zelta-tenisa-aproce-ar-cirkoniem-2\/\" \/>\n<meta property=\"og:site_name\" content=\"ARES Juvelyrika\" \/>\n<meta property=\"article:publisher\" content=\"https:\/\/www.facebook.com\/AresJewellery\" \/>\n<meta property=\"article:modified_time\" content=\"2026-01-25T20:01:54+00:00\" \/>\n<meta property=\"og:image\" content=\"https:\/\/testinisweb.ares.lt\/wp-content\/uploads\/2025\/03\/IMG_6033-1-e1742387797172.jpg\" \/>\n\t<meta property=\"og:image:width\" content=\"2845\" \/>\n\t<meta property=\"og:image:height\" content=\"2825\" \/>\n\t<meta property=\"og:image:type\" content=\"image\/jpeg\" \/>\n<meta name=\"twitter:card\" content=\"summary_large_image\" \/>\n<meta name=\"twitter:label1\" content=\"Est. reading time\" \/>\n\t<meta name=\"twitter:data1\" content=\"1 min\u016bte\" \/>\n<script type=\"application\/ld+json\" class=\"yoast-schema-graph\">{\"@context\":\"https:\\\/\\\/schema.org\",\"@graph\":[{\"@type\":\"WebPage\",\"@id\":\"https:\\\/\\\/testinisweb.ares.lt\\\/parduotuve\\\/geltono-aukso-tennis-apyranke-su-cirkoniais-2\\\/\",\"url\":\"https:\\\/\\\/testinisweb.ares.lt\\\/parduotuve\\\/geltono-aukso-tennis-apyranke-su-cirkoniais-2\\\/\",\"name\":\"Geltono aukso tennis apyrank\u0117 su cirkoniais\",\"isPartOf\":{\"@id\":\"https:\\\/\\\/testinisweb.ares.lt\\\/#website\"},\"primaryImageOfPage\":{\"@id\":\"https:\\\/\\\/testinisweb.ares.lt\\\/parduotuve\\\/geltono-aukso-tennis-apyranke-su-cirkoniais-2\\\/#primaryimage\"},\"image\":{\"@id\":\"https:\\\/\\\/testinisweb.ares.lt\\\/parduotuve\\\/geltono-aukso-tennis-apyranke-su-cirkoniais-2\\\/#primaryimage\"},\"thumbnailUrl\":\"https:\\\/\\\/testinisweb.ares.lt\\\/wp-content\\\/uploads\\\/2025\\\/03\\\/IMG_6033-1-e1742387797172.jpg\",\"datePublished\":\"2025-03-19T12:34:20+00:00\",\"dateModified\":\"2026-01-25T20:01:54+00:00\",\"description\":\"Geltono Aukso \u201eTennis\u201c Apyrank\u0117 su Cirkoniais \u2013 Klasikin\u0117 Elegancija J\u016bs\u0173 Stiliui \u0160i\u00a0\u201eTennis\u201c apyrank\u0117 su cirkoniais \u2013 tai rafinuotos prabangos ir\",\"breadcrumb\":{\"@id\":\"https:\\\/\\\/testinisweb.ares.lt\\\/parduotuve\\\/geltono-aukso-tennis-apyranke-su-cirkoniais-2\\\/#breadcrumb\"},\"inLanguage\":\"lv-LV\",\"potentialAction\":[{\"@type\":\"ReadAction\",\"target\":[\"https:\\\/\\\/testinisweb.ares.lt\\\/parduotuve\\\/geltono-aukso-tennis-apyranke-su-cirkoniais-2\\\/\"]}]},{\"@type\":\"ImageObject\",\"inLanguage\":\"lv-LV\",\"@id\":\"https:\\\/\\\/testinisweb.ares.lt\\\/parduotuve\\\/geltono-aukso-tennis-apyranke-su-cirkoniais-2\\\/#primaryimage\",\"url\":\"https:\\\/\\\/testinisweb.ares.lt\\\/wp-content\\\/uploads\\\/2025\\\/03\\\/IMG_6033-1-e1742387797172.jpg\",\"contentUrl\":\"https:\\\/\\\/testinisweb.ares.lt\\\/wp-content\\\/uploads\\\/2025\\\/03\\\/IMG_6033-1-e1742387797172.jpg\",\"width\":2845,\"height\":2825,\"caption\":\"Geltono aukso tennis apyrank\u0117 su cirkoniais\"},{\"@type\":\"BreadcrumbList\",\"@id\":\"https:\\\/\\\/testinisweb.ares.lt\\\/parduotuve\\\/geltono-aukso-tennis-apyranke-su-cirkoniais-2\\\/#breadcrumb\",\"itemListElement\":[{\"@type\":\"ListItem\",\"position\":1,\"name\":\"Auksiniai papuo\u0161alai\",\"item\":\"https:\\\/\\\/testinisweb.ares.lt\\\/\"},{\"@type\":\"ListItem\",\"position\":2,\"name\":\"Parduotuv\u0117\",\"item\":\"https:\\\/\\\/testinisweb.ares.lt\\\/parduotuve\\\/\"},{\"@type\":\"ListItem\",\"position\":3,\"name\":\"Geltono aukso tennis apyrank\u0117 su cirkoniais\"}]},{\"@type\":\"WebSite\",\"@id\":\"https:\\\/\\\/testinisweb.ares.lt\\\/#website\",\"url\":\"https:\\\/\\\/testinisweb.ares.lt\\\/\",\"name\":\"ARES Juvelyrika\",\"description\":\"Auksiniai papuo\u0161alai\",\"publisher\":{\"@id\":\"https:\\\/\\\/testinisweb.ares.lt\\\/#organization\"},\"potentialAction\":[{\"@type\":\"SearchAction\",\"target\":{\"@type\":\"EntryPoint\",\"urlTemplate\":\"https:\\\/\\\/testinisweb.ares.lt\\\/?s={search_term_string}\"},\"query-input\":{\"@type\":\"PropertyValueSpecification\",\"valueRequired\":true,\"valueName\":\"search_term_string\"}}],\"inLanguage\":\"lv-LV\"},{\"@type\":\"Organization\",\"@id\":\"https:\\\/\\\/testinisweb.ares.lt\\\/#organization\",\"name\":\"Ares Juvelyrika auksiniai papuosalai\",\"url\":\"https:\\\/\\\/testinisweb.ares.lt\\\/\",\"logo\":{\"@type\":\"ImageObject\",\"inLanguage\":\"lv-LV\",\"@id\":\"https:\\\/\\\/testinisweb.ares.lt\\\/#\\\/schema\\\/logo\\\/image\\\/\",\"url\":\"https:\\\/\\\/i0.wp.com\\\/testinisweb.ares.lt\\\/wp-content\\\/uploads\\\/2022\\\/03\\\/ares-text-logo-1.png?fit=417%2C122&ssl=1\",\"contentUrl\":\"https:\\\/\\\/i0.wp.com\\\/testinisweb.ares.lt\\\/wp-content\\\/uploads\\\/2022\\\/03\\\/ares-text-logo-1.png?fit=417%2C122&ssl=1\",\"width\":417,\"height\":122,\"caption\":\"Ares Juvelyrika auksiniai papuosalai\"},\"image\":{\"@id\":\"https:\\\/\\\/testinisweb.ares.lt\\\/#\\\/schema\\\/logo\\\/image\\\/\"},\"sameAs\":[\"https:\\\/\\\/www.facebook.com\\\/AresJewellery\",\"https:\\\/\\\/www.instagram.com\\\/ares_juvelyrika\\\/\"]}]}<\/script>\n<!-- \/ Yoast SEO plugin. -->","yoast_head_json":{"title":"Dzelten\u0101 zelta tenisa aproce ar cirkoniem","description":"Dzelten\u0101 zelta tenisa aproce ar cirkoniju - klasiska elegance j\u016bsu stilam. \u0160\u012b tenisa aproce ar cirkoniju ir izsmalcin\u0101ta grezn\u012bbas izpausme.","robots":{"index":"index","follow":"follow","max-snippet":"max-snippet:-1","max-image-preview":"max-image-preview:large","max-video-preview":"max-video-preview:-1"},"canonical":"https:\/\/testinisweb.ares.lt\/lv\/veikala\/dzeltena-zelta-tenisa-aproce-ar-cirkoniem-2\/","og_locale":"lv_LV","og_type":"article","og_title":"Geltono aukso tennis apyrank\u0117 su cirkoniais","og_description":"Geltono Aukso \u201eTennis\u201c Apyrank\u0117 su Cirkoniais \u2013 Klasikin\u0117 Elegancija J\u016bs\u0173 Stiliui \u0160i\u00a0\u201eTennis\u201c apyrank\u0117 su cirkoniais \u2013 tai rafinuotos prabangos ir","og_url":"https:\/\/testinisweb.ares.lt\/lv\/veikala\/dzeltena-zelta-tenisa-aproce-ar-cirkoniem-2\/","og_site_name":"ARES Juvelyrika","article_publisher":"https:\/\/www.facebook.com\/AresJewellery","article_modified_time":"2026-01-25T20:01:54+00:00","og_image":[{"width":2845,"height":2825,"url":"https:\/\/testinisweb.ares.lt\/wp-content\/uploads\/2025\/03\/IMG_6033-1-e1742387797172.jpg","type":"image\/jpeg"}],"twitter_card":"summary_large_image","twitter_misc":{"Est. reading time":"1 min\u016bte"},"schema":{"@context":"https:\/\/schema.org","@graph":[{"@type":"WebPage","@id":"https:\/\/testinisweb.ares.lt\/parduotuve\/geltono-aukso-tennis-apyranke-su-cirkoniais-2\/","url":"https:\/\/testinisweb.ares.lt\/parduotuve\/geltono-aukso-tennis-apyranke-su-cirkoniais-2\/","name":"Dzelten\u0101 zelta tenisa aproce ar cirkoniem","isPartOf":{"@id":"https:\/\/testinisweb.ares.lt\/#website"},"primaryImageOfPage":{"@id":"https:\/\/testinisweb.ares.lt\/parduotuve\/geltono-aukso-tennis-apyranke-su-cirkoniais-2\/#primaryimage"},"image":{"@id":"https:\/\/testinisweb.ares.lt\/parduotuve\/geltono-aukso-tennis-apyranke-su-cirkoniais-2\/#primaryimage"},"thumbnailUrl":"https:\/\/testinisweb.ares.lt\/wp-content\/uploads\/2025\/03\/IMG_6033-1-e1742387797172.jpg","datePublished":"2025-03-19T12:34:20+00:00","dateModified":"2026-01-25T20:01:54+00:00","description":"Dzelten\u0101 zelta tenisa aproce ar cirkoniju - klasiska elegance j\u016bsu stilam. \u0160\u012b tenisa aproce ar cirkoniju ir izsmalcin\u0101ta grezn\u012bbas izpausme.","breadcrumb":{"@id":"https:\/\/testinisweb.ares.lt\/parduotuve\/geltono-aukso-tennis-apyranke-su-cirkoniais-2\/#breadcrumb"},"inLanguage":"lv-LV","potentialAction":[{"@type":"ReadAction","target":["https:\/\/testinisweb.ares.lt\/parduotuve\/geltono-aukso-tennis-apyranke-su-cirkoniais-2\/"]}]},{"@type":"ImageObject","inLanguage":"lv-LV","@id":"https:\/\/testinisweb.ares.lt\/parduotuve\/geltono-aukso-tennis-apyranke-su-cirkoniais-2\/#primaryimage","url":"https:\/\/testinisweb.ares.lt\/wp-content\/uploads\/2025\/03\/IMG_6033-1-e1742387797172.jpg","contentUrl":"https:\/\/testinisweb.ares.lt\/wp-content\/uploads\/2025\/03\/IMG_6033-1-e1742387797172.jpg","width":2845,"height":2825,"caption":"Geltono aukso tennis apyrank\u0117 su cirkoniais"},{"@type":"BreadcrumbList","@id":"https:\/\/testinisweb.ares.lt\/parduotuve\/geltono-aukso-tennis-apyranke-su-cirkoniais-2\/#breadcrumb","itemListElement":[{"@type":"ListItem","position":1,"name":"Auksiniai papuo\u0161alai","item":"https:\/\/testinisweb.ares.lt\/"},{"@type":"ListItem","position":2,"name":"Parduotuv\u0117","item":"https:\/\/testinisweb.ares.lt\/parduotuve\/"},{"@type":"ListItem","position":3,"name":"Geltono aukso tennis apyrank\u0117 su cirkoniais"}]},{"@type":"WebSite","@id":"https:\/\/testinisweb.ares.lt\/#website","url":"https:\/\/testinisweb.ares.lt\/","name":"ARES rotaslietas","description":"Zelta rotaslietas","publisher":{"@id":"https:\/\/testinisweb.ares.lt\/#organization"},"potentialAction":[{"@type":"SearchAction","target":{"@type":"EntryPoint","urlTemplate":"https:\/\/testinisweb.ares.lt\/?s={search_term_string}"},"query-input":{"@type":"PropertyValueSpecification","valueRequired":true,"valueName":"search_term_string"}}],"inLanguage":"lv-LV"},{"@type":"Organization","@id":"https:\/\/testinisweb.ares.lt\/#organization","name":"Ares Jewelry zelta rotaslietas","url":"https:\/\/testinisweb.ares.lt\/","logo":{"@type":"ImageObject","inLanguage":"lv-LV","@id":"https:\/\/testinisweb.ares.lt\/#\/schema\/logo\/image\/","url":"https:\/\/i0.wp.com\/testinisweb.ares.lt\/wp-content\/uploads\/2022\/03\/ares-text-logo-1.png?fit=417%2C122&ssl=1","contentUrl":"https:\/\/i0.wp.com\/testinisweb.ares.lt\/wp-content\/uploads\/2022\/03\/ares-text-logo-1.png?fit=417%2C122&ssl=1","width":417,"height":122,"caption":"Ares Juvelyrika auksiniai papuosalai"},"image":{"@id":"https:\/\/testinisweb.ares.lt\/#\/schema\/logo\/image\/"},"sameAs":["https:\/\/www.facebook.com\/AresJewellery","https:\/\/www.instagram.com\/ares_juvelyrika\/"]}]}},"_links":{"self":[{"href":"https:\/\/testinisweb.ares.lt\/lv\/wp-json\/wp\/v2\/product\/17635","targetHints":{"allow":["GET"]}}],"collection":[{"href":"https:\/\/testinisweb.ares.lt\/lv\/wp-json\/wp\/v2\/product"}],"about":[{"href":"https:\/\/testinisweb.ares.lt\/lv\/wp-json\/wp\/v2\/types\/product"}],"replies":[{"embeddable":true,"href":"https:\/\/testinisweb.ares.lt\/lv\/wp-json\/wp\/v2\/comments?post=17635"}],"wp:featuredmedia":[{"embeddable":true,"href":"https:\/\/testinisweb.ares.lt\/lv\/wp-json\/wp\/v2\/media\/17641"}],"wp:attachment":[{"href":"https:\/\/testinisweb.ares.lt\/lv\/wp-json\/wp\/v2\/media?parent=17635"}],"wp:term":[{"taxonomy":"product_brand","embeddable":true,"href":"https:\/\/testinisweb.ares.lt\/lv\/wp-json\/wp\/v2\/product_brand?post=17635"},{"taxonomy":"product_cat","embeddable":true,"href":"https:\/\/testinisweb.ares.lt\/lv\/wp-json\/wp\/v2\/product_cat?post=17635"},{"taxonomy":"product_tag","embeddable":true,"href":"https:\/\/testinisweb.ares.lt\/lv\/wp-json\/wp\/v2\/product_tag?post=17635"}],"curies":[{"name":"wp","href":"https:\/\/api.w.org\/{rel}","templated":true}]}}