{"id":17668,"date":"2025-03-19T14:34:14","date_gmt":"2025-03-19T12:34:14","guid":{"rendered":"https:\/\/testinisweb.ares.lt\/?post_type=product&#038;p=17668"},"modified":"2026-01-25T22:01:53","modified_gmt":"2026-01-25T20:01:53","slug":"balta-zelta-tenisa-kedite-ar-cirkoniem","status":"publish","type":"product","link":"https:\/\/testinisweb.ares.lt\/lv\/parduotuve\/balto-aukso-tennis-grandinele-su-cirkoniais\/","title":{"rendered":"Balt\u0101 zelta tenisa \u0137\u0113d\u012bte ar cirkoniem"},"content":{"rendered":"<h2 data-start=\"0\" data-end=\"102\"><strong data-start=\"4\" data-end=\"100\">Balt\u0101 zelta tenisa \u0137\u0113d\u012bte ar cirkoniju \u2013 moderna grezn\u012bba un bezgal\u012bgs mirdzums<\/strong><\/h2>\n<p data-start=\"104\" data-end=\"477\"><strong data-start=\"104\" data-end=\"153\">Balt\u0101 zelta tenisa \u0137\u0113d\u012bte ar cirkoniem<\/strong> \u2013 ir izsmalcin\u0101ta skaistuma un m\u016b\u017e\u012bgas elegances apvienojums. Mirdzo\u0161ie augstas kvalit\u0101tes cirkoni lieliski saskan ar balt\u0101 zelta smalkumu, radot ekskluz\u012bvu, tom\u0113r univers\u0101li kombin\u0113jamu aksesu\u0101ru. \u0160\u012b \u0137\u0113d\u012bte der\u0113s gan ikdienai, gan \u012bpa\u0161iem gad\u012bjumiem, pie\u0161\u0137irot j\u016bsu t\u0113lam neuzkr\u012bto\u0161u grezn\u012bbas piesk\u0101rienu.<\/p>\n<h4 data-start=\"479\" data-end=\"539\"><strong data-start=\"484\" data-end=\"537\">Perfekti novietoti cirkoni \u2013 \u017eilbino\u0161s sp\u012bdums<\/strong><\/h4>\n<p data-start=\"540\" data-end=\"752\">Prec\u012bzi iesm\u0113r\u0113ti augstas kvalit\u0101tes cirkoni atstaro gaismu un rada unik\u0101lu sp\u012bdumu, kas atg\u0101dina dimantu mirdzumu. \u0160\u012b \u0137\u0113d\u012bte mirdz\u0113s ar katru kust\u012bbu, pie\u0161\u0137irot Jums \u012bpa\u0161u izteiksm\u012bgumu.<\/p>\n<h4 data-start=\"754\" data-end=\"793\"><strong data-start=\"759\" data-end=\"791\">Moderns balt\u0101 zelta piekari\u0146\u0161<\/strong><\/h4>\n<p data-start=\"794\" data-end=\"1059\">Izgatavots no <strong data-start=\"807\" data-end=\"822\">baltais zelts<\/strong>\u0160ai \u0137\u0113d\u012btei ir v\u0113ss, smalks sp\u012bdums, kas pie\u0161\u0137ir rotaslietai modernu un izsmalcin\u0101tu izskatu. Balt\u0101 zelta virsma bie\u017ei ir p\u0101rkl\u0101ta ar rodiju, kas ne tikai palielina rotaslietas iztur\u012bbu, bet ar\u012b uzlabo t\u0101s sp\u012bdumu.<\/p>\n<h4 data-start=\"1061\" data-end=\"1107\"><strong data-start=\"1066\" data-end=\"1105\">K\u0101p\u0113c izv\u0113l\u0113ties \u0161o \u0137\u0113di?<\/strong><\/h4>\n<p data-start=\"1108\" data-end=\"1460\">\u2714 <strong data-start=\"1110\" data-end=\"1142\">Klasisks tenisa dizains<\/strong> \u2013 eleganta un vienm\u0113r moderna izv\u0113le.<br data-start=\"1190\" data-end=\"1193\" \/>\u2714 <strong data-start=\"1195\" data-end=\"1244\">Lieliski piem\u0113rots ikdienai un \u012bpa\u0161iem gad\u012bjumiem<\/strong> - viegli kombin\u0113jamas ar cit\u0101m rotasliet\u0101m.<br data-start=\"1286\" data-end=\"1289\" \/>\u2714 <strong data-start=\"1291\" data-end=\"1322\">Sp\u0113c\u012bga un dro\u0161a aizdare<\/strong> \u2013 nodro\u0161ina \u0113rtu valk\u0101\u0161anu un iztur\u012bbu.<br data-start=\"1369\" data-end=\"1372\" \/>\u2714 <strong data-start=\"1374\" data-end=\"1397\" data-is-only-node=\"\">Lieliska d\u0101vanas ideja<\/strong> \u2013 grezna un ekskluz\u012bva rotaslieta m\u012b\u013cotajam cilv\u0113kam vai sev pa\u0161am.<\/p>\n<p data-start=\"1462\" data-end=\"1721\" data-is-last-node=\"\" data-is-only-node=\"\">\u0160is <strong data-start=\"1465\" data-end=\"1514\">Tenisa \u0137\u0113d\u012bte ar cirkoniem<\/strong> \u2013 ir rotaslieta, kas neman\u0101mi, bet iespaid\u012bgi papildina j\u016bsu izskatu. Neatkar\u012bgi no t\u0101, vai mekl\u0113jat minim\u0101listisku grezn\u012bbu vai \u012bpa\u0161u akcentu, \u0161\u012b \u0137\u0113d\u012bte k\u013c\u016bs par j\u016bsu iecien\u012bt\u0101ko aksesu\u0101ru ikdien\u0101.<\/p>","protected":false},"excerpt":{"rendered":"<p>Balto Aukso \u201eTennis\u201c Grandin\u0117l\u0117 su Cirkoniais \u2013 Moderni Prabanga ir Nesibaigiantis Spindesys Balto aukso \u201eTennis\u201c grandin\u0117l\u0117 su cirkoniais \u2013 tai rafinuoto gro\u017eio&hellip;<\/p>","protected":false},"featured_media":17667,"comment_status":"open","ping_status":"closed","template":"","meta":[],"product_cat":[96,953,100,432,401],"product_tag":[],"class_list":{"0":"post-17668","1":"product","2":"type-product","3":"status-publish","4":"has-post-thumbnail","6":"product_cat-grandineles","7":"product_cat-auksines-grandineles-42cm","8":"product_cat-balto-aukso-grandineles","9":"product_cat-nauja","10":"product_cat-raudono-aukso-papuosalai","11":"tm-no-options","13":"first","14":"instock","15":"shipping-taxable","16":"purchasable","17":"product-type-variable","18":"has-default-attributes"},"yoast_head":"<!-- This site is optimized with the Yoast SEO plugin v27.3 - https:\/\/yoast.com\/product\/yoast-seo-wordpress\/ -->\n<title>Balto aukso tennis grandin\u0117l\u0117 su cirkoniais<\/title>\n<meta name=\"description\" content=\"Balto Aukso \u201eTennis\u201c Grandin\u0117l\u0117 su Cirkoniais \u2013 Moderni Prabanga ir Nesibaigiantis Spindesys Balto aukso \u201eTennis\u201c grandin\u0117l\u0117 su cirkoniais \u2013 tai rafinuoto\" \/>\n<meta name=\"robots\" content=\"index, follow, max-snippet:-1, max-image-preview:large, max-video-preview:-1\" \/>\n<link rel=\"canonical\" href=\"https:\/\/testinisweb.ares.lt\/lv\/veikala\/balta-zelta-tenisa-kedite-ar-cirkoniem\/\" \/>\n<meta property=\"og:locale\" content=\"lv_LV\" \/>\n<meta property=\"og:type\" content=\"article\" \/>\n<meta property=\"og:title\" content=\"Balto aukso tennis grandin\u0117l\u0117 su cirkoniais\" \/>\n<meta property=\"og:description\" content=\"Balto Aukso \u201eTennis\u201c Grandin\u0117l\u0117 su Cirkoniais \u2013 Moderni Prabanga ir Nesibaigiantis Spindesys Balto aukso \u201eTennis\u201c grandin\u0117l\u0117 su cirkoniais \u2013 tai rafinuoto\" \/>\n<meta property=\"og:url\" content=\"https:\/\/testinisweb.ares.lt\/lv\/veikala\/balta-zelta-tenisa-kedite-ar-cirkoniem\/\" \/>\n<meta property=\"og:site_name\" content=\"ARES Juvelyrika\" \/>\n<meta property=\"article:publisher\" content=\"https:\/\/www.facebook.com\/AresJewellery\" \/>\n<meta property=\"article:modified_time\" content=\"2026-01-25T20:01:53+00:00\" \/>\n<meta property=\"og:image\" content=\"https:\/\/testinisweb.ares.lt\/wp-content\/uploads\/2025\/03\/IMG_6038-1.jpg\" \/>\n\t<meta property=\"og:image:width\" content=\"3000\" \/>\n\t<meta property=\"og:image:height\" content=\"3000\" \/>\n\t<meta property=\"og:image:type\" content=\"image\/jpeg\" \/>\n<meta name=\"twitter:card\" content=\"summary_large_image\" \/>\n<meta name=\"twitter:label1\" content=\"Est. reading time\" \/>\n\t<meta name=\"twitter:data1\" content=\"1 min\u016bte\" \/>\n<script type=\"application\/ld+json\" class=\"yoast-schema-graph\">{\"@context\":\"https:\\\/\\\/schema.org\",\"@graph\":[{\"@type\":\"WebPage\",\"@id\":\"https:\\\/\\\/testinisweb.ares.lt\\\/parduotuve\\\/balto-aukso-tennis-grandinele-su-cirkoniais\\\/\",\"url\":\"https:\\\/\\\/testinisweb.ares.lt\\\/parduotuve\\\/balto-aukso-tennis-grandinele-su-cirkoniais\\\/\",\"name\":\"Balto aukso tennis grandin\u0117l\u0117 su cirkoniais\",\"isPartOf\":{\"@id\":\"https:\\\/\\\/testinisweb.ares.lt\\\/#website\"},\"primaryImageOfPage\":{\"@id\":\"https:\\\/\\\/testinisweb.ares.lt\\\/parduotuve\\\/balto-aukso-tennis-grandinele-su-cirkoniais\\\/#primaryimage\"},\"image\":{\"@id\":\"https:\\\/\\\/testinisweb.ares.lt\\\/parduotuve\\\/balto-aukso-tennis-grandinele-su-cirkoniais\\\/#primaryimage\"},\"thumbnailUrl\":\"https:\\\/\\\/testinisweb.ares.lt\\\/wp-content\\\/uploads\\\/2025\\\/03\\\/IMG_6038-1.jpg\",\"datePublished\":\"2025-03-19T12:34:14+00:00\",\"dateModified\":\"2026-01-25T20:01:53+00:00\",\"description\":\"Balto Aukso \u201eTennis\u201c Grandin\u0117l\u0117 su Cirkoniais \u2013 Moderni Prabanga ir Nesibaigiantis Spindesys Balto aukso \u201eTennis\u201c grandin\u0117l\u0117 su cirkoniais \u2013 tai rafinuoto\",\"breadcrumb\":{\"@id\":\"https:\\\/\\\/testinisweb.ares.lt\\\/parduotuve\\\/balto-aukso-tennis-grandinele-su-cirkoniais\\\/#breadcrumb\"},\"inLanguage\":\"lv-LV\",\"potentialAction\":[{\"@type\":\"ReadAction\",\"target\":[\"https:\\\/\\\/testinisweb.ares.lt\\\/parduotuve\\\/balto-aukso-tennis-grandinele-su-cirkoniais\\\/\"]}]},{\"@type\":\"ImageObject\",\"inLanguage\":\"lv-LV\",\"@id\":\"https:\\\/\\\/testinisweb.ares.lt\\\/parduotuve\\\/balto-aukso-tennis-grandinele-su-cirkoniais\\\/#primaryimage\",\"url\":\"https:\\\/\\\/testinisweb.ares.lt\\\/wp-content\\\/uploads\\\/2025\\\/03\\\/IMG_6038-1.jpg\",\"contentUrl\":\"https:\\\/\\\/testinisweb.ares.lt\\\/wp-content\\\/uploads\\\/2025\\\/03\\\/IMG_6038-1.jpg\",\"width\":3000,\"height\":3000,\"caption\":\"Balto aukso tennis grandin\u0117l\u0117 su cirkoniais\"},{\"@type\":\"BreadcrumbList\",\"@id\":\"https:\\\/\\\/testinisweb.ares.lt\\\/parduotuve\\\/balto-aukso-tennis-grandinele-su-cirkoniais\\\/#breadcrumb\",\"itemListElement\":[{\"@type\":\"ListItem\",\"position\":1,\"name\":\"Auksiniai papuo\u0161alai\",\"item\":\"https:\\\/\\\/testinisweb.ares.lt\\\/\"},{\"@type\":\"ListItem\",\"position\":2,\"name\":\"Parduotuv\u0117\",\"item\":\"https:\\\/\\\/testinisweb.ares.lt\\\/parduotuve\\\/\"},{\"@type\":\"ListItem\",\"position\":3,\"name\":\"Balto aukso tennis grandin\u0117l\u0117 su cirkoniais\"}]},{\"@type\":\"WebSite\",\"@id\":\"https:\\\/\\\/testinisweb.ares.lt\\\/#website\",\"url\":\"https:\\\/\\\/testinisweb.ares.lt\\\/\",\"name\":\"ARES Juvelyrika\",\"description\":\"Auksiniai papuo\u0161alai\",\"publisher\":{\"@id\":\"https:\\\/\\\/testinisweb.ares.lt\\\/#organization\"},\"potentialAction\":[{\"@type\":\"SearchAction\",\"target\":{\"@type\":\"EntryPoint\",\"urlTemplate\":\"https:\\\/\\\/testinisweb.ares.lt\\\/?s={search_term_string}\"},\"query-input\":{\"@type\":\"PropertyValueSpecification\",\"valueRequired\":true,\"valueName\":\"search_term_string\"}}],\"inLanguage\":\"lv-LV\"},{\"@type\":\"Organization\",\"@id\":\"https:\\\/\\\/testinisweb.ares.lt\\\/#organization\",\"name\":\"Ares Juvelyrika auksiniai papuosalai\",\"url\":\"https:\\\/\\\/testinisweb.ares.lt\\\/\",\"logo\":{\"@type\":\"ImageObject\",\"inLanguage\":\"lv-LV\",\"@id\":\"https:\\\/\\\/testinisweb.ares.lt\\\/#\\\/schema\\\/logo\\\/image\\\/\",\"url\":\"https:\\\/\\\/i0.wp.com\\\/testinisweb.ares.lt\\\/wp-content\\\/uploads\\\/2022\\\/03\\\/ares-text-logo-1.png?fit=417%2C122&ssl=1\",\"contentUrl\":\"https:\\\/\\\/i0.wp.com\\\/testinisweb.ares.lt\\\/wp-content\\\/uploads\\\/2022\\\/03\\\/ares-text-logo-1.png?fit=417%2C122&ssl=1\",\"width\":417,\"height\":122,\"caption\":\"Ares Juvelyrika auksiniai papuosalai\"},\"image\":{\"@id\":\"https:\\\/\\\/testinisweb.ares.lt\\\/#\\\/schema\\\/logo\\\/image\\\/\"},\"sameAs\":[\"https:\\\/\\\/www.facebook.com\\\/AresJewellery\",\"https:\\\/\\\/www.instagram.com\\\/ares_juvelyrika\\\/\"]}]}<\/script>\n<!-- \/ Yoast SEO plugin. -->","yoast_head_json":{"title":"Balt\u0101 zelta tenisa \u0137\u0113d\u012bte ar cirkoniem","description":"Balt\u0101 zelta tenisa \u0137\u0113d\u012bte ar cirkoniju \u2013 moderna grezn\u012bba un bezgal\u012bgs mirdzums. Balt\u0101 zelta tenisa \u0137\u0113d\u012bte ar cirkoniju ir izsmalcin\u0101ta.","robots":{"index":"index","follow":"follow","max-snippet":"max-snippet:-1","max-image-preview":"max-image-preview:large","max-video-preview":"max-video-preview:-1"},"canonical":"https:\/\/testinisweb.ares.lt\/lv\/veikala\/balta-zelta-tenisa-kedite-ar-cirkoniem\/","og_locale":"lv_LV","og_type":"article","og_title":"Balto aukso tennis grandin\u0117l\u0117 su cirkoniais","og_description":"Balto Aukso \u201eTennis\u201c Grandin\u0117l\u0117 su Cirkoniais \u2013 Moderni Prabanga ir Nesibaigiantis Spindesys Balto aukso \u201eTennis\u201c grandin\u0117l\u0117 su cirkoniais \u2013 tai rafinuoto","og_url":"https:\/\/testinisweb.ares.lt\/lv\/veikala\/balta-zelta-tenisa-kedite-ar-cirkoniem\/","og_site_name":"ARES Juvelyrika","article_publisher":"https:\/\/www.facebook.com\/AresJewellery","article_modified_time":"2026-01-25T20:01:53+00:00","og_image":[{"width":3000,"height":3000,"url":"https:\/\/testinisweb.ares.lt\/wp-content\/uploads\/2025\/03\/IMG_6038-1.jpg","type":"image\/jpeg"}],"twitter_card":"summary_large_image","twitter_misc":{"Est. reading time":"1 min\u016bte"},"schema":{"@context":"https:\/\/schema.org","@graph":[{"@type":"WebPage","@id":"https:\/\/testinisweb.ares.lt\/parduotuve\/balto-aukso-tennis-grandinele-su-cirkoniais\/","url":"https:\/\/testinisweb.ares.lt\/parduotuve\/balto-aukso-tennis-grandinele-su-cirkoniais\/","name":"Balt\u0101 zelta tenisa \u0137\u0113d\u012bte ar cirkoniem","isPartOf":{"@id":"https:\/\/testinisweb.ares.lt\/#website"},"primaryImageOfPage":{"@id":"https:\/\/testinisweb.ares.lt\/parduotuve\/balto-aukso-tennis-grandinele-su-cirkoniais\/#primaryimage"},"image":{"@id":"https:\/\/testinisweb.ares.lt\/parduotuve\/balto-aukso-tennis-grandinele-su-cirkoniais\/#primaryimage"},"thumbnailUrl":"https:\/\/testinisweb.ares.lt\/wp-content\/uploads\/2025\/03\/IMG_6038-1.jpg","datePublished":"2025-03-19T12:34:14+00:00","dateModified":"2026-01-25T20:01:53+00:00","description":"Balt\u0101 zelta tenisa \u0137\u0113d\u012bte ar cirkoniju \u2013 moderna grezn\u012bba un bezgal\u012bgs mirdzums. Balt\u0101 zelta tenisa \u0137\u0113d\u012bte ar cirkoniju ir izsmalcin\u0101ta.","breadcrumb":{"@id":"https:\/\/testinisweb.ares.lt\/parduotuve\/balto-aukso-tennis-grandinele-su-cirkoniais\/#breadcrumb"},"inLanguage":"lv-LV","potentialAction":[{"@type":"ReadAction","target":["https:\/\/testinisweb.ares.lt\/parduotuve\/balto-aukso-tennis-grandinele-su-cirkoniais\/"]}]},{"@type":"ImageObject","inLanguage":"lv-LV","@id":"https:\/\/testinisweb.ares.lt\/parduotuve\/balto-aukso-tennis-grandinele-su-cirkoniais\/#primaryimage","url":"https:\/\/testinisweb.ares.lt\/wp-content\/uploads\/2025\/03\/IMG_6038-1.jpg","contentUrl":"https:\/\/testinisweb.ares.lt\/wp-content\/uploads\/2025\/03\/IMG_6038-1.jpg","width":3000,"height":3000,"caption":"Balto aukso tennis grandin\u0117l\u0117 su cirkoniais"},{"@type":"BreadcrumbList","@id":"https:\/\/testinisweb.ares.lt\/parduotuve\/balto-aukso-tennis-grandinele-su-cirkoniais\/#breadcrumb","itemListElement":[{"@type":"ListItem","position":1,"name":"Auksiniai papuo\u0161alai","item":"https:\/\/testinisweb.ares.lt\/"},{"@type":"ListItem","position":2,"name":"Parduotuv\u0117","item":"https:\/\/testinisweb.ares.lt\/parduotuve\/"},{"@type":"ListItem","position":3,"name":"Balto aukso tennis grandin\u0117l\u0117 su cirkoniais"}]},{"@type":"WebSite","@id":"https:\/\/testinisweb.ares.lt\/#website","url":"https:\/\/testinisweb.ares.lt\/","name":"ARES rotaslietas","description":"Zelta rotaslietas","publisher":{"@id":"https:\/\/testinisweb.ares.lt\/#organization"},"potentialAction":[{"@type":"SearchAction","target":{"@type":"EntryPoint","urlTemplate":"https:\/\/testinisweb.ares.lt\/?s={search_term_string}"},"query-input":{"@type":"PropertyValueSpecification","valueRequired":true,"valueName":"search_term_string"}}],"inLanguage":"lv-LV"},{"@type":"Organization","@id":"https:\/\/testinisweb.ares.lt\/#organization","name":"Ares Jewelry zelta rotaslietas","url":"https:\/\/testinisweb.ares.lt\/","logo":{"@type":"ImageObject","inLanguage":"lv-LV","@id":"https:\/\/testinisweb.ares.lt\/#\/schema\/logo\/image\/","url":"https:\/\/i0.wp.com\/testinisweb.ares.lt\/wp-content\/uploads\/2022\/03\/ares-text-logo-1.png?fit=417%2C122&ssl=1","contentUrl":"https:\/\/i0.wp.com\/testinisweb.ares.lt\/wp-content\/uploads\/2022\/03\/ares-text-logo-1.png?fit=417%2C122&ssl=1","width":417,"height":122,"caption":"Ares Juvelyrika auksiniai papuosalai"},"image":{"@id":"https:\/\/testinisweb.ares.lt\/#\/schema\/logo\/image\/"},"sameAs":["https:\/\/www.facebook.com\/AresJewellery","https:\/\/www.instagram.com\/ares_juvelyrika\/"]}]}},"_links":{"self":[{"href":"https:\/\/testinisweb.ares.lt\/lv\/wp-json\/wp\/v2\/product\/17668","targetHints":{"allow":["GET"]}}],"collection":[{"href":"https:\/\/testinisweb.ares.lt\/lv\/wp-json\/wp\/v2\/product"}],"about":[{"href":"https:\/\/testinisweb.ares.lt\/lv\/wp-json\/wp\/v2\/types\/product"}],"replies":[{"embeddable":true,"href":"https:\/\/testinisweb.ares.lt\/lv\/wp-json\/wp\/v2\/comments?post=17668"}],"wp:featuredmedia":[{"embeddable":true,"href":"https:\/\/testinisweb.ares.lt\/lv\/wp-json\/wp\/v2\/media\/17667"}],"wp:attachment":[{"href":"https:\/\/testinisweb.ares.lt\/lv\/wp-json\/wp\/v2\/media?parent=17668"}],"wp:term":[{"taxonomy":"product_cat","embeddable":true,"href":"https:\/\/testinisweb.ares.lt\/lv\/wp-json\/wp\/v2\/product_cat?post=17668"},{"taxonomy":"product_tag","embeddable":true,"href":"https:\/\/testinisweb.ares.lt\/lv\/wp-json\/wp\/v2\/product_tag?post=17668"}],"curies":[{"name":"wp","href":"https:\/\/api.w.org\/{rel}","templated":true}]}}