{"id":17686,"date":"2025-03-25T13:39:13","date_gmt":"2025-03-25T11:39:13","guid":{"rendered":"https:\/\/testinisweb.ares.lt\/?post_type=product&#038;p=17686"},"modified":"2026-01-25T22:01:35","modified_gmt":"2026-01-25T20:01:35","slug":"zelta-auskari-ar-anglu-aizdari-ikona-6-dizaini","status":"publish","type":"product","link":"https:\/\/testinisweb.ares.lt\/lv\/parduotuve\/auksiniai-auskarai-anglisku-uzsegimu-ikona-6-dizainai\/","title":{"rendered":"Zelta auskari ar ang\u013cu aizdari &quot;Ikona&quot; (6 dizaini)"},"content":{"rendered":"<h3 data-start=\"111\" data-end=\"162\"><strong data-start=\"111\" data-end=\"162\">Zelta auskari ar ang\u013cu aizdari &quot;Ikona&quot;<\/strong><\/h3>\n<p class=\"\" data-start=\"164\" data-end=\"428\">585. proves zelta auskari &quot;Icon&quot; ir stila, smalkuma un modernas elegances izpausme. Komplekt\u0101 ietilpst ar\u012b <strong data-start=\"287\" data-end=\"343\">6 da\u017e\u0101di minim\u0101lisma dizaina auskaru mode\u013ci<\/strong>\u013caujot jums katru dienu rad\u012bt jaunu izskatu vai kombin\u0113t tos atbilsto\u0161i noska\u0146ojumam un gad\u012bjumam.<\/p>\n<p class=\"\" data-start=\"430\" data-end=\"684\">Katram auskaram ir unik\u0101ls, tom\u0113r viegli pieska\u0146ojams dizains, s\u0101kot no smalk\u0101m \u0123eometrisk\u0101m form\u0101m l\u012bdz maigiem simboliskiem mot\u012bviem. Tie ir lieliski piem\u0113roti gan ikdienas valk\u0101\u0161anai, gan \u012bpa\u0161iem gad\u012bjumiem, un to vieglums un komforts nodro\u0161ina komfortu visas dienas garum\u0101.<\/p>\n<p class=\"\" data-start=\"686\" data-end=\"812\">Ang\u013cu aizdare garant\u0113 dro\u0161u un uzticamu piegul\u0161anu, ko \u012bpa\u0161i nov\u0113rt\u0113 akt\u012bvas sievietes, kur\u0101m pat\u012bk main\u012bt savu stilu.<\/p>\n<p class=\"\" data-start=\"814\" data-end=\"987\">\u0160ie auskari ir moderna izv\u0113le tiem, kas mekl\u0113 <strong data-start=\"874\" data-end=\"926\">univers\u0101las, augstas kvalit\u0101tes un ekskluz\u012bvas rotaslietas<\/strong>Tie var b\u016bt ar\u012b lieliska d\u0101vana sev vai m\u012b\u013cotajam cilv\u0113kam.<\/p>","protected":false},"excerpt":{"rendered":"<p>Auksiniai auskarai su angli\u0161ku u\u017esegimu \u201eIkona\u201c Auksiniai 585 prabos auskarai \u201eIkona\u201c \u2013 tai stiliaus, subtilumo ir \u0161iuolaikin\u0117s elegancijos i\u0161rai\u0161ka. Rinkinyje rasite net&hellip;<\/p>","protected":false},"featured_media":17690,"comment_status":"open","ping_status":"closed","template":"","meta":[],"product_cat":[278,934,924,281,930,401],"product_tag":[],"class_list":{"0":"post-17686","1":"product","2":"type-product","3":"status-publish","4":"has-post-thumbnail","6":"product_cat-auskarai","7":"product_cat-auksiniai-auskarai-iki-250-eur","8":"product_cat-auksiniai-auskarai-su-anglisku-uzsegimu","9":"product_cat-auskarai-su-cirkoniais","10":"product_cat-raudono-aukso-auskarai","11":"product_cat-raudono-aukso-papuosalai","12":"tm-no-options","14":"first","15":"instock","16":"shipping-taxable","17":"purchasable","18":"product-type-variable","19":"has-default-attributes"},"yoast_head":"<!-- This site is optimized with the Yoast SEO plugin v27.3 - https:\/\/yoast.com\/product\/yoast-seo-wordpress\/ -->\n<title>Auksiniai auskarai angli\u0161ku u\u017esegimu &quot;Ikona&quot; (6 dizainai)<\/title>\n<meta name=\"description\" content=\"Auksiniai auskarai su angli\u0161ku u\u017esegimu \u201eIkona\u201c Auksiniai 585 prabos auskarai \u201eIkona\u201c \u2013 tai stiliaus, subtilumo ir \u0161iuolaikin\u0117s elegancijos i\u0161rai\u0161ka.\" \/>\n<meta name=\"robots\" content=\"index, follow, max-snippet:-1, max-image-preview:large, max-video-preview:-1\" \/>\n<link rel=\"canonical\" href=\"https:\/\/testinisweb.ares.lt\/lv\/veikala\/zelta-auskari-ar-anglu-aizdari-ikona-6-dizaini\/\" \/>\n<meta property=\"og:locale\" content=\"lv_LV\" \/>\n<meta property=\"og:type\" content=\"article\" \/>\n<meta property=\"og:title\" content=\"Auksiniai auskarai angli\u0161ku u\u017esegimu &quot;Ikona&quot; (6 dizainai)\" \/>\n<meta property=\"og:description\" content=\"Auksiniai auskarai su angli\u0161ku u\u017esegimu \u201eIkona\u201c Auksiniai 585 prabos auskarai \u201eIkona\u201c \u2013 tai stiliaus, subtilumo ir \u0161iuolaikin\u0117s elegancijos i\u0161rai\u0161ka.\" \/>\n<meta property=\"og:url\" content=\"https:\/\/testinisweb.ares.lt\/lv\/veikala\/zelta-auskari-ar-anglu-aizdari-ikona-6-dizaini\/\" \/>\n<meta property=\"og:site_name\" content=\"ARES Juvelyrika\" \/>\n<meta property=\"article:publisher\" content=\"https:\/\/www.facebook.com\/AresJewellery\" \/>\n<meta property=\"article:modified_time\" content=\"2026-01-25T20:01:35+00:00\" \/>\n<meta property=\"og:image\" content=\"https:\/\/testinisweb.ares.lt\/wp-content\/uploads\/2025\/03\/IMG_5917-1.jpg\" \/>\n\t<meta property=\"og:image:width\" content=\"3000\" \/>\n\t<meta property=\"og:image:height\" content=\"3000\" \/>\n\t<meta property=\"og:image:type\" content=\"image\/jpeg\" \/>\n<meta name=\"twitter:card\" content=\"summary_large_image\" \/>\n<meta name=\"twitter:label1\" content=\"Est. reading time\" \/>\n\t<meta name=\"twitter:data1\" content=\"1 min\u016bte\" \/>\n<script type=\"application\/ld+json\" class=\"yoast-schema-graph\">{\"@context\":\"https:\\\/\\\/schema.org\",\"@graph\":[{\"@type\":\"WebPage\",\"@id\":\"https:\\\/\\\/testinisweb.ares.lt\\\/parduotuve\\\/auksiniai-auskarai-anglisku-uzsegimu-ikona-6-dizainai\\\/\",\"url\":\"https:\\\/\\\/testinisweb.ares.lt\\\/parduotuve\\\/auksiniai-auskarai-anglisku-uzsegimu-ikona-6-dizainai\\\/\",\"name\":\"Auksiniai auskarai angli\u0161ku u\u017esegimu \\\"Ikona\\\" (6 dizainai)\",\"isPartOf\":{\"@id\":\"https:\\\/\\\/testinisweb.ares.lt\\\/#website\"},\"primaryImageOfPage\":{\"@id\":\"https:\\\/\\\/testinisweb.ares.lt\\\/parduotuve\\\/auksiniai-auskarai-anglisku-uzsegimu-ikona-6-dizainai\\\/#primaryimage\"},\"image\":{\"@id\":\"https:\\\/\\\/testinisweb.ares.lt\\\/parduotuve\\\/auksiniai-auskarai-anglisku-uzsegimu-ikona-6-dizainai\\\/#primaryimage\"},\"thumbnailUrl\":\"https:\\\/\\\/testinisweb.ares.lt\\\/wp-content\\\/uploads\\\/2025\\\/03\\\/IMG_5917-1.jpg\",\"datePublished\":\"2025-03-25T11:39:13+00:00\",\"dateModified\":\"2026-01-25T20:01:35+00:00\",\"description\":\"Auksiniai auskarai su angli\u0161ku u\u017esegimu \u201eIkona\u201c Auksiniai 585 prabos auskarai \u201eIkona\u201c \u2013 tai stiliaus, subtilumo ir \u0161iuolaikin\u0117s elegancijos i\u0161rai\u0161ka.\",\"breadcrumb\":{\"@id\":\"https:\\\/\\\/testinisweb.ares.lt\\\/parduotuve\\\/auksiniai-auskarai-anglisku-uzsegimu-ikona-6-dizainai\\\/#breadcrumb\"},\"inLanguage\":\"lv-LV\",\"potentialAction\":[{\"@type\":\"ReadAction\",\"target\":[\"https:\\\/\\\/testinisweb.ares.lt\\\/parduotuve\\\/auksiniai-auskarai-anglisku-uzsegimu-ikona-6-dizainai\\\/\"]}]},{\"@type\":\"ImageObject\",\"inLanguage\":\"lv-LV\",\"@id\":\"https:\\\/\\\/testinisweb.ares.lt\\\/parduotuve\\\/auksiniai-auskarai-anglisku-uzsegimu-ikona-6-dizainai\\\/#primaryimage\",\"url\":\"https:\\\/\\\/testinisweb.ares.lt\\\/wp-content\\\/uploads\\\/2025\\\/03\\\/IMG_5917-1.jpg\",\"contentUrl\":\"https:\\\/\\\/testinisweb.ares.lt\\\/wp-content\\\/uploads\\\/2025\\\/03\\\/IMG_5917-1.jpg\",\"width\":3000,\"height\":3000,\"caption\":\"Auksiniai auskarai angli\u0161ku u\u017esegimu \\\"Ikona\\\"\"},{\"@type\":\"BreadcrumbList\",\"@id\":\"https:\\\/\\\/testinisweb.ares.lt\\\/parduotuve\\\/auksiniai-auskarai-anglisku-uzsegimu-ikona-6-dizainai\\\/#breadcrumb\",\"itemListElement\":[{\"@type\":\"ListItem\",\"position\":1,\"name\":\"Auksiniai papuo\u0161alai\",\"item\":\"https:\\\/\\\/testinisweb.ares.lt\\\/\"},{\"@type\":\"ListItem\",\"position\":2,\"name\":\"Parduotuv\u0117\",\"item\":\"https:\\\/\\\/testinisweb.ares.lt\\\/parduotuve\\\/\"},{\"@type\":\"ListItem\",\"position\":3,\"name\":\"Auksiniai auskarai angli\u0161ku u\u017esegimu &#8222;Ikona&#8221; (6 dizainai)\"}]},{\"@type\":\"WebSite\",\"@id\":\"https:\\\/\\\/testinisweb.ares.lt\\\/#website\",\"url\":\"https:\\\/\\\/testinisweb.ares.lt\\\/\",\"name\":\"ARES Juvelyrika\",\"description\":\"Auksiniai papuo\u0161alai\",\"publisher\":{\"@id\":\"https:\\\/\\\/testinisweb.ares.lt\\\/#organization\"},\"potentialAction\":[{\"@type\":\"SearchAction\",\"target\":{\"@type\":\"EntryPoint\",\"urlTemplate\":\"https:\\\/\\\/testinisweb.ares.lt\\\/?s={search_term_string}\"},\"query-input\":{\"@type\":\"PropertyValueSpecification\",\"valueRequired\":true,\"valueName\":\"search_term_string\"}}],\"inLanguage\":\"lv-LV\"},{\"@type\":\"Organization\",\"@id\":\"https:\\\/\\\/testinisweb.ares.lt\\\/#organization\",\"name\":\"Ares Juvelyrika auksiniai papuosalai\",\"url\":\"https:\\\/\\\/testinisweb.ares.lt\\\/\",\"logo\":{\"@type\":\"ImageObject\",\"inLanguage\":\"lv-LV\",\"@id\":\"https:\\\/\\\/testinisweb.ares.lt\\\/#\\\/schema\\\/logo\\\/image\\\/\",\"url\":\"https:\\\/\\\/i0.wp.com\\\/testinisweb.ares.lt\\\/wp-content\\\/uploads\\\/2022\\\/03\\\/ares-text-logo-1.png?fit=417%2C122&ssl=1\",\"contentUrl\":\"https:\\\/\\\/i0.wp.com\\\/testinisweb.ares.lt\\\/wp-content\\\/uploads\\\/2022\\\/03\\\/ares-text-logo-1.png?fit=417%2C122&ssl=1\",\"width\":417,\"height\":122,\"caption\":\"Ares Juvelyrika auksiniai papuosalai\"},\"image\":{\"@id\":\"https:\\\/\\\/testinisweb.ares.lt\\\/#\\\/schema\\\/logo\\\/image\\\/\"},\"sameAs\":[\"https:\\\/\\\/www.facebook.com\\\/AresJewellery\",\"https:\\\/\\\/www.instagram.com\\\/ares_juvelyrika\\\/\"]}]}<\/script>\n<!-- \/ Yoast SEO plugin. -->","yoast_head_json":{"title":"Zelta auskari ar ang\u013cu aizdari &quot;Ikona&quot; (6 dizaini)","description":"Zelta auskari ar ang\u013cu aizdari &quot;Ikona&quot;. Zelta 585 auskari &quot;Ikona&quot; ir stila, smalkuma un modernas elegances izpausme.","robots":{"index":"index","follow":"follow","max-snippet":"max-snippet:-1","max-image-preview":"max-image-preview:large","max-video-preview":"max-video-preview:-1"},"canonical":"https:\/\/testinisweb.ares.lt\/lv\/veikala\/zelta-auskari-ar-anglu-aizdari-ikona-6-dizaini\/","og_locale":"lv_LV","og_type":"article","og_title":"Auksiniai auskarai angli\u0161ku u\u017esegimu \"Ikona\" (6 dizainai)","og_description":"Auksiniai auskarai su angli\u0161ku u\u017esegimu \u201eIkona\u201c Auksiniai 585 prabos auskarai \u201eIkona\u201c \u2013 tai stiliaus, subtilumo ir \u0161iuolaikin\u0117s elegancijos i\u0161rai\u0161ka.","og_url":"https:\/\/testinisweb.ares.lt\/lv\/veikala\/zelta-auskari-ar-anglu-aizdari-ikona-6-dizaini\/","og_site_name":"ARES Juvelyrika","article_publisher":"https:\/\/www.facebook.com\/AresJewellery","article_modified_time":"2026-01-25T20:01:35+00:00","og_image":[{"width":3000,"height":3000,"url":"https:\/\/testinisweb.ares.lt\/wp-content\/uploads\/2025\/03\/IMG_5917-1.jpg","type":"image\/jpeg"}],"twitter_card":"summary_large_image","twitter_misc":{"Est. reading time":"1 min\u016bte"},"schema":{"@context":"https:\/\/schema.org","@graph":[{"@type":"WebPage","@id":"https:\/\/testinisweb.ares.lt\/parduotuve\/auksiniai-auskarai-anglisku-uzsegimu-ikona-6-dizainai\/","url":"https:\/\/testinisweb.ares.lt\/parduotuve\/auksiniai-auskarai-anglisku-uzsegimu-ikona-6-dizainai\/","name":"Zelta auskari ar ang\u013cu aizdari &quot;Ikona&quot; (6 dizaini)","isPartOf":{"@id":"https:\/\/testinisweb.ares.lt\/#website"},"primaryImageOfPage":{"@id":"https:\/\/testinisweb.ares.lt\/parduotuve\/auksiniai-auskarai-anglisku-uzsegimu-ikona-6-dizainai\/#primaryimage"},"image":{"@id":"https:\/\/testinisweb.ares.lt\/parduotuve\/auksiniai-auskarai-anglisku-uzsegimu-ikona-6-dizainai\/#primaryimage"},"thumbnailUrl":"https:\/\/testinisweb.ares.lt\/wp-content\/uploads\/2025\/03\/IMG_5917-1.jpg","datePublished":"2025-03-25T11:39:13+00:00","dateModified":"2026-01-25T20:01:35+00:00","description":"Zelta auskari ar ang\u013cu aizdari &quot;Ikona&quot;. Zelta 585 auskari &quot;Ikona&quot; ir stila, smalkuma un modernas elegances izpausme.","breadcrumb":{"@id":"https:\/\/testinisweb.ares.lt\/parduotuve\/auksiniai-auskarai-anglisku-uzsegimu-ikona-6-dizainai\/#breadcrumb"},"inLanguage":"lv-LV","potentialAction":[{"@type":"ReadAction","target":["https:\/\/testinisweb.ares.lt\/parduotuve\/auksiniai-auskarai-anglisku-uzsegimu-ikona-6-dizainai\/"]}]},{"@type":"ImageObject","inLanguage":"lv-LV","@id":"https:\/\/testinisweb.ares.lt\/parduotuve\/auksiniai-auskarai-anglisku-uzsegimu-ikona-6-dizainai\/#primaryimage","url":"https:\/\/testinisweb.ares.lt\/wp-content\/uploads\/2025\/03\/IMG_5917-1.jpg","contentUrl":"https:\/\/testinisweb.ares.lt\/wp-content\/uploads\/2025\/03\/IMG_5917-1.jpg","width":3000,"height":3000,"caption":"Auksiniai auskarai angli\u0161ku u\u017esegimu \"Ikona\""},{"@type":"BreadcrumbList","@id":"https:\/\/testinisweb.ares.lt\/parduotuve\/auksiniai-auskarai-anglisku-uzsegimu-ikona-6-dizainai\/#breadcrumb","itemListElement":[{"@type":"ListItem","position":1,"name":"Auksiniai papuo\u0161alai","item":"https:\/\/testinisweb.ares.lt\/"},{"@type":"ListItem","position":2,"name":"Parduotuv\u0117","item":"https:\/\/testinisweb.ares.lt\/parduotuve\/"},{"@type":"ListItem","position":3,"name":"Auksiniai auskarai angli\u0161ku u\u017esegimu &#8222;Ikona&#8221; (6 dizainai)"}]},{"@type":"WebSite","@id":"https:\/\/testinisweb.ares.lt\/#website","url":"https:\/\/testinisweb.ares.lt\/","name":"ARES rotaslietas","description":"Zelta rotaslietas","publisher":{"@id":"https:\/\/testinisweb.ares.lt\/#organization"},"potentialAction":[{"@type":"SearchAction","target":{"@type":"EntryPoint","urlTemplate":"https:\/\/testinisweb.ares.lt\/?s={search_term_string}"},"query-input":{"@type":"PropertyValueSpecification","valueRequired":true,"valueName":"search_term_string"}}],"inLanguage":"lv-LV"},{"@type":"Organization","@id":"https:\/\/testinisweb.ares.lt\/#organization","name":"Ares Jewelry zelta rotaslietas","url":"https:\/\/testinisweb.ares.lt\/","logo":{"@type":"ImageObject","inLanguage":"lv-LV","@id":"https:\/\/testinisweb.ares.lt\/#\/schema\/logo\/image\/","url":"https:\/\/i0.wp.com\/testinisweb.ares.lt\/wp-content\/uploads\/2022\/03\/ares-text-logo-1.png?fit=417%2C122&ssl=1","contentUrl":"https:\/\/i0.wp.com\/testinisweb.ares.lt\/wp-content\/uploads\/2022\/03\/ares-text-logo-1.png?fit=417%2C122&ssl=1","width":417,"height":122,"caption":"Ares Juvelyrika auksiniai papuosalai"},"image":{"@id":"https:\/\/testinisweb.ares.lt\/#\/schema\/logo\/image\/"},"sameAs":["https:\/\/www.facebook.com\/AresJewellery","https:\/\/www.instagram.com\/ares_juvelyrika\/"]}]}},"_links":{"self":[{"href":"https:\/\/testinisweb.ares.lt\/lv\/wp-json\/wp\/v2\/product\/17686","targetHints":{"allow":["GET"]}}],"collection":[{"href":"https:\/\/testinisweb.ares.lt\/lv\/wp-json\/wp\/v2\/product"}],"about":[{"href":"https:\/\/testinisweb.ares.lt\/lv\/wp-json\/wp\/v2\/types\/product"}],"replies":[{"embeddable":true,"href":"https:\/\/testinisweb.ares.lt\/lv\/wp-json\/wp\/v2\/comments?post=17686"}],"wp:featuredmedia":[{"embeddable":true,"href":"https:\/\/testinisweb.ares.lt\/lv\/wp-json\/wp\/v2\/media\/17690"}],"wp:attachment":[{"href":"https:\/\/testinisweb.ares.lt\/lv\/wp-json\/wp\/v2\/media?parent=17686"}],"wp:term":[{"taxonomy":"product_cat","embeddable":true,"href":"https:\/\/testinisweb.ares.lt\/lv\/wp-json\/wp\/v2\/product_cat?post=17686"},{"taxonomy":"product_tag","embeddable":true,"href":"https:\/\/testinisweb.ares.lt\/lv\/wp-json\/wp\/v2\/product_tag?post=17686"}],"curies":[{"name":"wp","href":"https:\/\/api.w.org\/{rel}","templated":true}]}}