{"id":17701,"date":"2025-03-25T13:59:39","date_gmt":"2025-03-25T11:59:39","guid":{"rendered":"https:\/\/testinisweb.ares.lt\/?post_type=product&#038;p=17701"},"modified":"2026-03-04T16:45:44","modified_gmt":"2026-03-04T14:45:44","slug":"zelta-kedite-ar-acu-kulonu-2-izmeri","status":"publish","type":"product","link":"https:\/\/testinisweb.ares.lt\/lv\/parduotuve\/auksine-grandinele-su-pakabuku-akute-2-dydziai\/","title":{"rendered":"Zelta \u0137\u0113d\u012bte ar kulonu &quot;Acs&quot; (2 izm\u0113ri)"},"content":{"rendered":"<h3 data-start=\"135\" data-end=\"177\"><strong data-start=\"135\" data-end=\"177\">Zelta \u0137\u0113d\u012bte ar kulonu &quot;Acs&quot;<\/strong><\/h3>\n<p class=\"\" data-start=\"179\" data-end=\"358\">Smalks, tom\u0113r izcili elegants <strong data-start=\"219\" data-end=\"261\">zelta \u0137\u0113d\u012bte ar kulonu &quot;Acs&quot;<\/strong> \u2013 \u0161is ir minim\u0101listisks aksesu\u0101rs, kas piem\u0113rots gan ikdienai, gan \u012bpa\u0161iem gad\u012bjumiem.<\/p>\n<p class=\"\" data-start=\"360\" data-end=\"609\">Kulons ir dekor\u0113ts ar augstas kvalit\u0101tes cirkonu, kuru var izv\u0113l\u0113ties no <strong data-start=\"434\" data-end=\"451\">divi izm\u0113ri<\/strong> \u2013 <strong data-start=\"454\" data-end=\"464\">0,5 cm<\/strong> vai <strong data-start=\"470\" data-end=\"480\">0,8 cm<\/strong> diametru. Maz\u0101k\u0101 cilpi\u0146a pie\u0161\u0137ir papildu smalkumu, savuk\u0101rt liel\u0101k\u0101 pie\u0161\u0137ir nedaudz vair\u0101k mirdzuma, vienlaikus saglab\u0101jot elegantu vienk\u0101r\u0161\u012bbu.<\/p>\n<p class=\"\" data-start=\"611\" data-end=\"815\">Izgatavota no 585 proves zelta, \u0161\u012b \u0137\u0113d\u012bte nodro\u0161ina iztur\u012bbu un palieko\u0161u v\u0113rt\u012bbu. T\u0101 ir lieliski piem\u0113rota k\u0101 d\u0101vana dzim\u0161anas dien\u0101, krist\u012bb\u0101s vai cit\u0101 svar\u012bg\u0101 gad\u012bjum\u0101 \u2013 vai ar\u012b k\u0101 neliela cien\u0101\u0161ana sev pa\u0161am.<\/p>\n<p class=\"\" data-start=\"817\" data-end=\"953\">Minim\u0101listiskais dizains \u013cauj \u0161o rotaslietu viegli kombin\u0113t ar citiem aksesu\u0101riem vai valk\u0101t to atsevi\u0161\u0137i k\u0101 mirdzo\u0161u akcentu ikdien\u0101.<\/p>","protected":false},"excerpt":{"rendered":"<p>Auksin\u0117 grandin\u0117l\u0117 su pakabuku \u201eAkut\u0117\u201c Subtili, ta\u010diau i\u0161skirtinai eleganti\u0161ka auksin\u0117 grandin\u0117l\u0117 su pakabuku \u201eAkut\u0117\u201c \u2013 tai minimalistinis aksesuaras, tinkantis tiek kasdieniam \u012fvaizd\u017eiui,&hellip;<\/p>","protected":false},"featured_media":17704,"comment_status":"open","ping_status":"closed","template":"","meta":[],"product_cat":[984,941,102,948,944,401],"product_tag":[],"class_list":{"0":"post-17701","1":"product","2":"type-product","3":"status-publish","4":"has-post-thumbnail","6":"product_cat-auksines-grandineles-su-akute","7":"product_cat-auksines-grandineles-su-cirkoniais","8":"product_cat-grandineles-su-pakabukais","9":"product_cat-auksines-grandineles-su-pakabukais-iki-250-eur","10":"product_cat-raudono-aukso-grandineles-su-pakabukais","11":"product_cat-raudono-aukso-papuosalai","12":"tm-no-options","14":"first","15":"instock","16":"shipping-taxable","17":"purchasable","18":"product-type-variable","19":"has-default-attributes"},"yoast_head":"<!-- This site is optimized with the Yoast SEO plugin v27.3 - https:\/\/yoast.com\/product\/yoast-seo-wordpress\/ -->\n<title>Auksin\u0117 grandin\u0117l\u0117 su pakabuku &quot;Akut\u0117&quot; (2 dyd\u017eiai)<\/title>\n<meta name=\"description\" content=\"Auksin\u0117 grandin\u0117l\u0117 su pakabuku \u201eAkut\u0117\u201c Subtili, ta\u010diau i\u0161skirtinai eleganti\u0161ka auksin\u0117 grandin\u0117l\u0117 su pakabuku \u201eAkut\u0117\u201c \u2013 tai minimalistinis aksesuaras,\" \/>\n<meta name=\"robots\" content=\"index, follow, max-snippet:-1, max-image-preview:large, max-video-preview:-1\" \/>\n<link rel=\"canonical\" href=\"https:\/\/testinisweb.ares.lt\/lv\/veikala\/zelta-kedite-ar-acu-kulonu-2-izmeri\/\" \/>\n<meta property=\"og:locale\" content=\"lv_LV\" \/>\n<meta property=\"og:type\" content=\"article\" \/>\n<meta property=\"og:title\" content=\"Auksin\u0117 grandin\u0117l\u0117 su pakabuku &quot;Akut\u0117&quot; (2 dyd\u017eiai)\" \/>\n<meta property=\"og:description\" content=\"Auksin\u0117 grandin\u0117l\u0117 su pakabuku \u201eAkut\u0117\u201c Subtili, ta\u010diau i\u0161skirtinai eleganti\u0161ka auksin\u0117 grandin\u0117l\u0117 su pakabuku \u201eAkut\u0117\u201c \u2013 tai minimalistinis aksesuaras,\" \/>\n<meta property=\"og:url\" content=\"https:\/\/testinisweb.ares.lt\/lv\/veikala\/zelta-kedite-ar-acu-kulonu-2-izmeri\/\" \/>\n<meta property=\"og:site_name\" content=\"ARES Juvelyrika\" \/>\n<meta property=\"article:publisher\" content=\"https:\/\/www.facebook.com\/AresJewellery\" \/>\n<meta property=\"article:modified_time\" content=\"2026-03-04T14:45:44+00:00\" \/>\n<meta property=\"og:image\" content=\"https:\/\/testinisweb.ares.lt\/wp-content\/uploads\/2025\/03\/IMG_5877-1.jpg\" \/>\n\t<meta property=\"og:image:width\" content=\"3000\" \/>\n\t<meta property=\"og:image:height\" content=\"3000\" \/>\n\t<meta property=\"og:image:type\" content=\"image\/jpeg\" \/>\n<meta name=\"twitter:card\" content=\"summary_large_image\" \/>\n<meta name=\"twitter:label1\" content=\"Est. reading time\" \/>\n\t<meta name=\"twitter:data1\" content=\"1 min\u016bte\" \/>\n<script type=\"application\/ld+json\" class=\"yoast-schema-graph\">{\"@context\":\"https:\\\/\\\/schema.org\",\"@graph\":[{\"@type\":\"WebPage\",\"@id\":\"https:\\\/\\\/testinisweb.ares.lt\\\/parduotuve\\\/auksine-grandinele-su-pakabuku-akute-2-dydziai\\\/\",\"url\":\"https:\\\/\\\/testinisweb.ares.lt\\\/parduotuve\\\/auksine-grandinele-su-pakabuku-akute-2-dydziai\\\/\",\"name\":\"Auksin\u0117 grandin\u0117l\u0117 su pakabuku \\\"Akut\u0117\\\" (2 dyd\u017eiai)\",\"isPartOf\":{\"@id\":\"https:\\\/\\\/testinisweb.ares.lt\\\/#website\"},\"primaryImageOfPage\":{\"@id\":\"https:\\\/\\\/testinisweb.ares.lt\\\/parduotuve\\\/auksine-grandinele-su-pakabuku-akute-2-dydziai\\\/#primaryimage\"},\"image\":{\"@id\":\"https:\\\/\\\/testinisweb.ares.lt\\\/parduotuve\\\/auksine-grandinele-su-pakabuku-akute-2-dydziai\\\/#primaryimage\"},\"thumbnailUrl\":\"https:\\\/\\\/testinisweb.ares.lt\\\/wp-content\\\/uploads\\\/2025\\\/03\\\/IMG_5877-1.jpg\",\"datePublished\":\"2025-03-25T11:59:39+00:00\",\"dateModified\":\"2026-03-04T14:45:44+00:00\",\"description\":\"Auksin\u0117 grandin\u0117l\u0117 su pakabuku \u201eAkut\u0117\u201c Subtili, ta\u010diau i\u0161skirtinai eleganti\u0161ka auksin\u0117 grandin\u0117l\u0117 su pakabuku \u201eAkut\u0117\u201c \u2013 tai minimalistinis aksesuaras,\",\"breadcrumb\":{\"@id\":\"https:\\\/\\\/testinisweb.ares.lt\\\/parduotuve\\\/auksine-grandinele-su-pakabuku-akute-2-dydziai\\\/#breadcrumb\"},\"inLanguage\":\"lv-LV\",\"potentialAction\":[{\"@type\":\"ReadAction\",\"target\":[\"https:\\\/\\\/testinisweb.ares.lt\\\/parduotuve\\\/auksine-grandinele-su-pakabuku-akute-2-dydziai\\\/\"]}]},{\"@type\":\"ImageObject\",\"inLanguage\":\"lv-LV\",\"@id\":\"https:\\\/\\\/testinisweb.ares.lt\\\/parduotuve\\\/auksine-grandinele-su-pakabuku-akute-2-dydziai\\\/#primaryimage\",\"url\":\"https:\\\/\\\/testinisweb.ares.lt\\\/wp-content\\\/uploads\\\/2025\\\/03\\\/IMG_5877-1.jpg\",\"contentUrl\":\"https:\\\/\\\/testinisweb.ares.lt\\\/wp-content\\\/uploads\\\/2025\\\/03\\\/IMG_5877-1.jpg\",\"width\":3000,\"height\":3000,\"caption\":\"Auksin\u0117 grandin\u0117l\u0117 su pakabuku \\\"Akut\u0117\\\" 0.5 cm\"},{\"@type\":\"BreadcrumbList\",\"@id\":\"https:\\\/\\\/testinisweb.ares.lt\\\/parduotuve\\\/auksine-grandinele-su-pakabuku-akute-2-dydziai\\\/#breadcrumb\",\"itemListElement\":[{\"@type\":\"ListItem\",\"position\":1,\"name\":\"Auksiniai papuo\u0161alai\",\"item\":\"https:\\\/\\\/testinisweb.ares.lt\\\/\"},{\"@type\":\"ListItem\",\"position\":2,\"name\":\"Parduotuv\u0117\",\"item\":\"https:\\\/\\\/testinisweb.ares.lt\\\/parduotuve\\\/\"},{\"@type\":\"ListItem\",\"position\":3,\"name\":\"Auksin\u0117 grandin\u0117l\u0117 su pakabuku &#8222;Akut\u0117&#8221; (2 dyd\u017eiai)\"}]},{\"@type\":\"WebSite\",\"@id\":\"https:\\\/\\\/testinisweb.ares.lt\\\/#website\",\"url\":\"https:\\\/\\\/testinisweb.ares.lt\\\/\",\"name\":\"ARES Juvelyrika\",\"description\":\"Auksiniai papuo\u0161alai\",\"publisher\":{\"@id\":\"https:\\\/\\\/testinisweb.ares.lt\\\/#organization\"},\"potentialAction\":[{\"@type\":\"SearchAction\",\"target\":{\"@type\":\"EntryPoint\",\"urlTemplate\":\"https:\\\/\\\/testinisweb.ares.lt\\\/?s={search_term_string}\"},\"query-input\":{\"@type\":\"PropertyValueSpecification\",\"valueRequired\":true,\"valueName\":\"search_term_string\"}}],\"inLanguage\":\"lv-LV\"},{\"@type\":\"Organization\",\"@id\":\"https:\\\/\\\/testinisweb.ares.lt\\\/#organization\",\"name\":\"Ares Juvelyrika auksiniai papuosalai\",\"url\":\"https:\\\/\\\/testinisweb.ares.lt\\\/\",\"logo\":{\"@type\":\"ImageObject\",\"inLanguage\":\"lv-LV\",\"@id\":\"https:\\\/\\\/testinisweb.ares.lt\\\/#\\\/schema\\\/logo\\\/image\\\/\",\"url\":\"https:\\\/\\\/i0.wp.com\\\/testinisweb.ares.lt\\\/wp-content\\\/uploads\\\/2022\\\/03\\\/ares-text-logo-1.png?fit=417%2C122&ssl=1\",\"contentUrl\":\"https:\\\/\\\/i0.wp.com\\\/testinisweb.ares.lt\\\/wp-content\\\/uploads\\\/2022\\\/03\\\/ares-text-logo-1.png?fit=417%2C122&ssl=1\",\"width\":417,\"height\":122,\"caption\":\"Ares Juvelyrika auksiniai papuosalai\"},\"image\":{\"@id\":\"https:\\\/\\\/testinisweb.ares.lt\\\/#\\\/schema\\\/logo\\\/image\\\/\"},\"sameAs\":[\"https:\\\/\\\/www.facebook.com\\\/AresJewellery\",\"https:\\\/\\\/www.instagram.com\\\/ares_juvelyrika\\\/\"]}]}<\/script>\n<!-- \/ Yoast SEO plugin. -->","yoast_head_json":{"title":"Zelta \u0137\u0113d\u012bte ar kulonu &quot;Akut\u0117&quot; (2 izm\u0113ri)","description":"Zelta \u0137\u0113d\u012bte ar kulonu &quot;Akut\u0117&quot; Smalk\u0101, bet \u0101rk\u0101rt\u012bgi elegant\u0101 zelta \u0137\u0113d\u012bte ar kulonu &quot;Akut\u0117&quot; ir minim\u0101listisks aksesu\u0101rs,","robots":{"index":"index","follow":"follow","max-snippet":"max-snippet:-1","max-image-preview":"max-image-preview:large","max-video-preview":"max-video-preview:-1"},"canonical":"https:\/\/testinisweb.ares.lt\/lv\/veikala\/zelta-kedite-ar-acu-kulonu-2-izmeri\/","og_locale":"lv_LV","og_type":"article","og_title":"Auksin\u0117 grandin\u0117l\u0117 su pakabuku \"Akut\u0117\" (2 dyd\u017eiai)","og_description":"Auksin\u0117 grandin\u0117l\u0117 su pakabuku \u201eAkut\u0117\u201c Subtili, ta\u010diau i\u0161skirtinai eleganti\u0161ka auksin\u0117 grandin\u0117l\u0117 su pakabuku \u201eAkut\u0117\u201c \u2013 tai minimalistinis aksesuaras,","og_url":"https:\/\/testinisweb.ares.lt\/lv\/veikala\/zelta-kedite-ar-acu-kulonu-2-izmeri\/","og_site_name":"ARES Juvelyrika","article_publisher":"https:\/\/www.facebook.com\/AresJewellery","article_modified_time":"2026-03-04T14:45:44+00:00","og_image":[{"width":3000,"height":3000,"url":"https:\/\/testinisweb.ares.lt\/wp-content\/uploads\/2025\/03\/IMG_5877-1.jpg","type":"image\/jpeg"}],"twitter_card":"summary_large_image","twitter_misc":{"Est. reading time":"1 min\u016bte"},"schema":{"@context":"https:\/\/schema.org","@graph":[{"@type":"WebPage","@id":"https:\/\/testinisweb.ares.lt\/parduotuve\/auksine-grandinele-su-pakabuku-akute-2-dydziai\/","url":"https:\/\/testinisweb.ares.lt\/parduotuve\/auksine-grandinele-su-pakabuku-akute-2-dydziai\/","name":"Zelta \u0137\u0113d\u012bte ar kulonu &quot;Akut\u0117&quot; (2 izm\u0113ri)","isPartOf":{"@id":"https:\/\/testinisweb.ares.lt\/#website"},"primaryImageOfPage":{"@id":"https:\/\/testinisweb.ares.lt\/parduotuve\/auksine-grandinele-su-pakabuku-akute-2-dydziai\/#primaryimage"},"image":{"@id":"https:\/\/testinisweb.ares.lt\/parduotuve\/auksine-grandinele-su-pakabuku-akute-2-dydziai\/#primaryimage"},"thumbnailUrl":"https:\/\/testinisweb.ares.lt\/wp-content\/uploads\/2025\/03\/IMG_5877-1.jpg","datePublished":"2025-03-25T11:59:39+00:00","dateModified":"2026-03-04T14:45:44+00:00","description":"Zelta \u0137\u0113d\u012bte ar kulonu &quot;Akut\u0117&quot; Smalk\u0101, bet \u0101rk\u0101rt\u012bgi elegant\u0101 zelta \u0137\u0113d\u012bte ar kulonu &quot;Akut\u0117&quot; ir minim\u0101listisks aksesu\u0101rs,","breadcrumb":{"@id":"https:\/\/testinisweb.ares.lt\/parduotuve\/auksine-grandinele-su-pakabuku-akute-2-dydziai\/#breadcrumb"},"inLanguage":"lv-LV","potentialAction":[{"@type":"ReadAction","target":["https:\/\/testinisweb.ares.lt\/parduotuve\/auksine-grandinele-su-pakabuku-akute-2-dydziai\/"]}]},{"@type":"ImageObject","inLanguage":"lv-LV","@id":"https:\/\/testinisweb.ares.lt\/parduotuve\/auksine-grandinele-su-pakabuku-akute-2-dydziai\/#primaryimage","url":"https:\/\/testinisweb.ares.lt\/wp-content\/uploads\/2025\/03\/IMG_5877-1.jpg","contentUrl":"https:\/\/testinisweb.ares.lt\/wp-content\/uploads\/2025\/03\/IMG_5877-1.jpg","width":3000,"height":3000,"caption":"Auksin\u0117 grandin\u0117l\u0117 su pakabuku \"Akut\u0117\" 0.5 cm"},{"@type":"BreadcrumbList","@id":"https:\/\/testinisweb.ares.lt\/parduotuve\/auksine-grandinele-su-pakabuku-akute-2-dydziai\/#breadcrumb","itemListElement":[{"@type":"ListItem","position":1,"name":"Auksiniai papuo\u0161alai","item":"https:\/\/testinisweb.ares.lt\/"},{"@type":"ListItem","position":2,"name":"Parduotuv\u0117","item":"https:\/\/testinisweb.ares.lt\/parduotuve\/"},{"@type":"ListItem","position":3,"name":"Auksin\u0117 grandin\u0117l\u0117 su pakabuku &#8222;Akut\u0117&#8221; (2 dyd\u017eiai)"}]},{"@type":"WebSite","@id":"https:\/\/testinisweb.ares.lt\/#website","url":"https:\/\/testinisweb.ares.lt\/","name":"ARES rotaslietas","description":"Zelta rotaslietas","publisher":{"@id":"https:\/\/testinisweb.ares.lt\/#organization"},"potentialAction":[{"@type":"SearchAction","target":{"@type":"EntryPoint","urlTemplate":"https:\/\/testinisweb.ares.lt\/?s={search_term_string}"},"query-input":{"@type":"PropertyValueSpecification","valueRequired":true,"valueName":"search_term_string"}}],"inLanguage":"lv-LV"},{"@type":"Organization","@id":"https:\/\/testinisweb.ares.lt\/#organization","name":"Ares Jewelry zelta rotaslietas","url":"https:\/\/testinisweb.ares.lt\/","logo":{"@type":"ImageObject","inLanguage":"lv-LV","@id":"https:\/\/testinisweb.ares.lt\/#\/schema\/logo\/image\/","url":"https:\/\/i0.wp.com\/testinisweb.ares.lt\/wp-content\/uploads\/2022\/03\/ares-text-logo-1.png?fit=417%2C122&ssl=1","contentUrl":"https:\/\/i0.wp.com\/testinisweb.ares.lt\/wp-content\/uploads\/2022\/03\/ares-text-logo-1.png?fit=417%2C122&ssl=1","width":417,"height":122,"caption":"Ares Juvelyrika auksiniai papuosalai"},"image":{"@id":"https:\/\/testinisweb.ares.lt\/#\/schema\/logo\/image\/"},"sameAs":["https:\/\/www.facebook.com\/AresJewellery","https:\/\/www.instagram.com\/ares_juvelyrika\/"]}]}},"_links":{"self":[{"href":"https:\/\/testinisweb.ares.lt\/lv\/wp-json\/wp\/v2\/product\/17701","targetHints":{"allow":["GET"]}}],"collection":[{"href":"https:\/\/testinisweb.ares.lt\/lv\/wp-json\/wp\/v2\/product"}],"about":[{"href":"https:\/\/testinisweb.ares.lt\/lv\/wp-json\/wp\/v2\/types\/product"}],"replies":[{"embeddable":true,"href":"https:\/\/testinisweb.ares.lt\/lv\/wp-json\/wp\/v2\/comments?post=17701"}],"wp:featuredmedia":[{"embeddable":true,"href":"https:\/\/testinisweb.ares.lt\/lv\/wp-json\/wp\/v2\/media\/17704"}],"wp:attachment":[{"href":"https:\/\/testinisweb.ares.lt\/lv\/wp-json\/wp\/v2\/media?parent=17701"}],"wp:term":[{"taxonomy":"product_cat","embeddable":true,"href":"https:\/\/testinisweb.ares.lt\/lv\/wp-json\/wp\/v2\/product_cat?post=17701"},{"taxonomy":"product_tag","embeddable":true,"href":"https:\/\/testinisweb.ares.lt\/lv\/wp-json\/wp\/v2\/product_tag?post=17701"}],"curies":[{"name":"wp","href":"https:\/\/api.w.org\/{rel}","templated":true}]}}