{"id":3600,"date":"2022-03-13T09:32:15","date_gmt":"2022-03-13T09:32:15","guid":{"rendered":"http:\/\/ares2.store\/?post_type=product&#038;p=3600"},"modified":"2026-01-25T22:20:55","modified_gmt":"2026-01-25T20:20:55","slug":"dzeltena-zelta-kedes-enkurs-7","status":"publish","type":"product","link":"https:\/\/testinisweb.ares.lt\/lv\/parduotuve\/geltono-aukso-grandinele-anchor-7\/","title":{"rendered":"Dzelten\u0101 zelta \u0137\u0113d\u012bte &quot;Enkurs&quot;"},"content":{"rendered":"<p>Dzelten\u0101 zelta \u0137\u0113d\u012bte &quot;Enkurs&quot; ir minim\u0101listiska rotaslieta, ko var kombin\u0113t un valk\u0101t ar jebkuru citu zelta rotaslietu. ARES Jewelry e-veikal\u0101 atrad\u012bsiet sarkan\u0101 zelta, dzelten\u0101 zelta un balt\u0101 zelta \u0137\u0113d\u012btes, da\u017e\u0101dus pinuma veidus, piem\u0113ram, enkura, apmales utt. T\u0101pat m\u016bsu sortiment\u0101 var atrast da\u017e\u0101da garuma zelta \u0137\u0113d\u012btes un regul\u0113jama garuma \u0137\u0113d\u012btes, piem\u0113ram, 40 cm, 42 cm, 45 cm, 50 cm, 55 cm, 60 cm, 42-45 cm un citus garumus.<\/p>","protected":false},"excerpt":{"rendered":"<p>Geltono aukso grandin\u0117l\u0117 &#8222;Anchor&#8221; &#8211; tai minimalistinis papuo\u0161alas, kur\u012f galite derinti ir ne\u0161ioti su bet kokiu kitu auksiniu papuo\u0161alu. ARES Juvelyrika el.&hellip;<\/p>","protected":false},"featured_media":3684,"comment_status":"open","ping_status":"closed","template":"","meta":[],"product_cat":[96,953,954,959,105,402,950],"product_tag":[],"class_list":{"0":"post-3600","1":"product","2":"type-product","3":"status-publish","4":"has-post-thumbnail","6":"product_cat-grandineles","7":"product_cat-auksines-grandineles-42cm","8":"product_cat-auksines-grandineles-45cm","9":"product_cat-auksines-grandineles-iki-250-eur","10":"product_cat-geltono-aukso-grandineles","11":"product_cat-geltono-aukso-papuosalai","12":"product_cat-inkarines-auksines-grandineles-anchor","13":"tm-no-options","15":"first","16":"outofstock","17":"shipping-taxable","18":"purchasable","19":"product-type-variable","20":"has-default-attributes"},"yoast_head":"<!-- This site is optimized with the Yoast SEO plugin v27.3 - https:\/\/yoast.com\/product\/yoast-seo-wordpress\/ -->\n<title>Geltono aukso grandin\u0117l\u0117 &quot;Anchor&quot;<\/title>\n<meta name=\"description\" content=\"Geltono aukso grandin\u0117l\u0117 &quot;Anchor&quot; - tai minimalistinis papuo\u0161alas, kur\u012f galite derinti ir ne\u0161ioti su bet kokiu kitu auksiniu papuo\u0161alu. ARES Juvelyrika\" \/>\n<meta name=\"robots\" content=\"index, follow, max-snippet:-1, max-image-preview:large, max-video-preview:-1\" \/>\n<link rel=\"canonical\" href=\"https:\/\/testinisweb.ares.lt\/lv\/veikala\/dzeltena-zelta-kedes-enkurs-7\/\" \/>\n<meta property=\"og:locale\" content=\"lv_LV\" \/>\n<meta property=\"og:type\" content=\"article\" \/>\n<meta property=\"og:title\" content=\"Geltono aukso grandin\u0117l\u0117 &quot;Anchor&quot;\" \/>\n<meta property=\"og:description\" content=\"Geltono aukso grandin\u0117l\u0117 &quot;Anchor&quot; - tai minimalistinis papuo\u0161alas, kur\u012f galite derinti ir ne\u0161ioti su bet kokiu kitu auksiniu papuo\u0161alu. ARES Juvelyrika\" \/>\n<meta property=\"og:url\" content=\"https:\/\/testinisweb.ares.lt\/lv\/veikala\/dzeltena-zelta-kedes-enkurs-7\/\" \/>\n<meta property=\"og:site_name\" content=\"ARES Juvelyrika\" \/>\n<meta property=\"article:publisher\" content=\"https:\/\/www.facebook.com\/AresJewellery\" \/>\n<meta property=\"article:modified_time\" content=\"2026-01-25T20:20:55+00:00\" \/>\n<meta property=\"og:image\" content=\"https:\/\/testinisweb.ares.lt\/wp-content\/uploads\/2022\/03\/Zinciris-GR006-Nr.1.jpg\" \/>\n\t<meta property=\"og:image:width\" content=\"1000\" \/>\n\t<meta property=\"og:image:height\" content=\"999\" \/>\n\t<meta property=\"og:image:type\" content=\"image\/jpeg\" \/>\n<meta name=\"twitter:card\" content=\"summary_large_image\" \/>\n<script type=\"application\/ld+json\" class=\"yoast-schema-graph\">{\"@context\":\"https:\\\/\\\/schema.org\",\"@graph\":[{\"@type\":\"WebPage\",\"@id\":\"https:\\\/\\\/testinisweb.ares.lt\\\/parduotuve\\\/geltono-aukso-grandinele-anchor-7\\\/\",\"url\":\"https:\\\/\\\/testinisweb.ares.lt\\\/parduotuve\\\/geltono-aukso-grandinele-anchor-7\\\/\",\"name\":\"Geltono aukso grandin\u0117l\u0117 \\\"Anchor\\\"\",\"isPartOf\":{\"@id\":\"https:\\\/\\\/testinisweb.ares.lt\\\/#website\"},\"primaryImageOfPage\":{\"@id\":\"https:\\\/\\\/testinisweb.ares.lt\\\/parduotuve\\\/geltono-aukso-grandinele-anchor-7\\\/#primaryimage\"},\"image\":{\"@id\":\"https:\\\/\\\/testinisweb.ares.lt\\\/parduotuve\\\/geltono-aukso-grandinele-anchor-7\\\/#primaryimage\"},\"thumbnailUrl\":\"https:\\\/\\\/testinisweb.ares.lt\\\/wp-content\\\/uploads\\\/2022\\\/03\\\/Zinciris-GR006-Nr.1.jpg\",\"datePublished\":\"2022-03-13T09:32:15+00:00\",\"dateModified\":\"2026-01-25T20:20:55+00:00\",\"description\":\"Geltono aukso grandin\u0117l\u0117 \\\"Anchor\\\" - tai minimalistinis papuo\u0161alas, kur\u012f galite derinti ir ne\u0161ioti su bet kokiu kitu auksiniu papuo\u0161alu. ARES Juvelyrika\",\"breadcrumb\":{\"@id\":\"https:\\\/\\\/testinisweb.ares.lt\\\/parduotuve\\\/geltono-aukso-grandinele-anchor-7\\\/#breadcrumb\"},\"inLanguage\":\"lv-LV\",\"potentialAction\":[{\"@type\":\"ReadAction\",\"target\":[\"https:\\\/\\\/testinisweb.ares.lt\\\/parduotuve\\\/geltono-aukso-grandinele-anchor-7\\\/\"]}]},{\"@type\":\"ImageObject\",\"inLanguage\":\"lv-LV\",\"@id\":\"https:\\\/\\\/testinisweb.ares.lt\\\/parduotuve\\\/geltono-aukso-grandinele-anchor-7\\\/#primaryimage\",\"url\":\"https:\\\/\\\/testinisweb.ares.lt\\\/wp-content\\\/uploads\\\/2022\\\/03\\\/Zinciris-GR006-Nr.1.jpg\",\"contentUrl\":\"https:\\\/\\\/testinisweb.ares.lt\\\/wp-content\\\/uploads\\\/2022\\\/03\\\/Zinciris-GR006-Nr.1.jpg\",\"width\":1000,\"height\":999,\"caption\":\"Geltono aukso grandin\u0117l\u0117 \\\"Anchor\\\"\"},{\"@type\":\"BreadcrumbList\",\"@id\":\"https:\\\/\\\/testinisweb.ares.lt\\\/parduotuve\\\/geltono-aukso-grandinele-anchor-7\\\/#breadcrumb\",\"itemListElement\":[{\"@type\":\"ListItem\",\"position\":1,\"name\":\"Auksiniai papuo\u0161alai\",\"item\":\"https:\\\/\\\/testinisweb.ares.lt\\\/\"},{\"@type\":\"ListItem\",\"position\":2,\"name\":\"Parduotuv\u0117\",\"item\":\"https:\\\/\\\/testinisweb.ares.lt\\\/parduotuve\\\/\"},{\"@type\":\"ListItem\",\"position\":3,\"name\":\"Geltono aukso grandin\u0117l\u0117 &#8222;Anchor&#8221;\"}]},{\"@type\":\"WebSite\",\"@id\":\"https:\\\/\\\/testinisweb.ares.lt\\\/#website\",\"url\":\"https:\\\/\\\/testinisweb.ares.lt\\\/\",\"name\":\"ARES Juvelyrika\",\"description\":\"Auksiniai papuo\u0161alai\",\"publisher\":{\"@id\":\"https:\\\/\\\/testinisweb.ares.lt\\\/#organization\"},\"potentialAction\":[{\"@type\":\"SearchAction\",\"target\":{\"@type\":\"EntryPoint\",\"urlTemplate\":\"https:\\\/\\\/testinisweb.ares.lt\\\/?s={search_term_string}\"},\"query-input\":{\"@type\":\"PropertyValueSpecification\",\"valueRequired\":true,\"valueName\":\"search_term_string\"}}],\"inLanguage\":\"lv-LV\"},{\"@type\":\"Organization\",\"@id\":\"https:\\\/\\\/testinisweb.ares.lt\\\/#organization\",\"name\":\"Ares Juvelyrika auksiniai papuosalai\",\"url\":\"https:\\\/\\\/testinisweb.ares.lt\\\/\",\"logo\":{\"@type\":\"ImageObject\",\"inLanguage\":\"lv-LV\",\"@id\":\"https:\\\/\\\/testinisweb.ares.lt\\\/#\\\/schema\\\/logo\\\/image\\\/\",\"url\":\"https:\\\/\\\/i0.wp.com\\\/testinisweb.ares.lt\\\/wp-content\\\/uploads\\\/2022\\\/03\\\/ares-text-logo-1.png?fit=417%2C122&ssl=1\",\"contentUrl\":\"https:\\\/\\\/i0.wp.com\\\/testinisweb.ares.lt\\\/wp-content\\\/uploads\\\/2022\\\/03\\\/ares-text-logo-1.png?fit=417%2C122&ssl=1\",\"width\":417,\"height\":122,\"caption\":\"Ares Juvelyrika auksiniai papuosalai\"},\"image\":{\"@id\":\"https:\\\/\\\/testinisweb.ares.lt\\\/#\\\/schema\\\/logo\\\/image\\\/\"},\"sameAs\":[\"https:\\\/\\\/www.facebook.com\\\/AresJewellery\",\"https:\\\/\\\/www.instagram.com\\\/ares_juvelyrika\\\/\"]}]}<\/script>\n<!-- \/ Yoast SEO plugin. -->","yoast_head_json":{"title":"Dzelten\u0101 zelta \u0137\u0113d\u012bte &quot;Enkurs&quot;","description":"Dzelten\u0101 zelta \u0137\u0113d\u012bte &quot;Anchor&quot; ir minim\u0101listiska rotaslieta, ko var kombin\u0113t un valk\u0101t ar jebkuru citu zelta rotaslietu. ARES Jewelry","robots":{"index":"index","follow":"follow","max-snippet":"max-snippet:-1","max-image-preview":"max-image-preview:large","max-video-preview":"max-video-preview:-1"},"canonical":"https:\/\/testinisweb.ares.lt\/lv\/veikala\/dzeltena-zelta-kedes-enkurs-7\/","og_locale":"lv_LV","og_type":"article","og_title":"Geltono aukso grandin\u0117l\u0117 \"Anchor\"","og_description":"Geltono aukso grandin\u0117l\u0117 \"Anchor\" - tai minimalistinis papuo\u0161alas, kur\u012f galite derinti ir ne\u0161ioti su bet kokiu kitu auksiniu papuo\u0161alu. ARES Juvelyrika","og_url":"https:\/\/testinisweb.ares.lt\/lv\/veikala\/dzeltena-zelta-kedes-enkurs-7\/","og_site_name":"ARES Juvelyrika","article_publisher":"https:\/\/www.facebook.com\/AresJewellery","article_modified_time":"2026-01-25T20:20:55+00:00","og_image":[{"width":1000,"height":999,"url":"https:\/\/testinisweb.ares.lt\/wp-content\/uploads\/2022\/03\/Zinciris-GR006-Nr.1.jpg","type":"image\/jpeg"}],"twitter_card":"summary_large_image","schema":{"@context":"https:\/\/schema.org","@graph":[{"@type":"WebPage","@id":"https:\/\/testinisweb.ares.lt\/parduotuve\/geltono-aukso-grandinele-anchor-7\/","url":"https:\/\/testinisweb.ares.lt\/parduotuve\/geltono-aukso-grandinele-anchor-7\/","name":"Dzelten\u0101 zelta \u0137\u0113d\u012bte &quot;Enkurs&quot;","isPartOf":{"@id":"https:\/\/testinisweb.ares.lt\/#website"},"primaryImageOfPage":{"@id":"https:\/\/testinisweb.ares.lt\/parduotuve\/geltono-aukso-grandinele-anchor-7\/#primaryimage"},"image":{"@id":"https:\/\/testinisweb.ares.lt\/parduotuve\/geltono-aukso-grandinele-anchor-7\/#primaryimage"},"thumbnailUrl":"https:\/\/testinisweb.ares.lt\/wp-content\/uploads\/2022\/03\/Zinciris-GR006-Nr.1.jpg","datePublished":"2022-03-13T09:32:15+00:00","dateModified":"2026-01-25T20:20:55+00:00","description":"Dzelten\u0101 zelta \u0137\u0113d\u012bte &quot;Anchor&quot; ir minim\u0101listiska rotaslieta, ko var kombin\u0113t un valk\u0101t ar jebkuru citu zelta rotaslietu. ARES Jewelry","breadcrumb":{"@id":"https:\/\/testinisweb.ares.lt\/parduotuve\/geltono-aukso-grandinele-anchor-7\/#breadcrumb"},"inLanguage":"lv-LV","potentialAction":[{"@type":"ReadAction","target":["https:\/\/testinisweb.ares.lt\/parduotuve\/geltono-aukso-grandinele-anchor-7\/"]}]},{"@type":"ImageObject","inLanguage":"lv-LV","@id":"https:\/\/testinisweb.ares.lt\/parduotuve\/geltono-aukso-grandinele-anchor-7\/#primaryimage","url":"https:\/\/testinisweb.ares.lt\/wp-content\/uploads\/2022\/03\/Zinciris-GR006-Nr.1.jpg","contentUrl":"https:\/\/testinisweb.ares.lt\/wp-content\/uploads\/2022\/03\/Zinciris-GR006-Nr.1.jpg","width":1000,"height":999,"caption":"Geltono aukso grandin\u0117l\u0117 \"Anchor\""},{"@type":"BreadcrumbList","@id":"https:\/\/testinisweb.ares.lt\/parduotuve\/geltono-aukso-grandinele-anchor-7\/#breadcrumb","itemListElement":[{"@type":"ListItem","position":1,"name":"Auksiniai papuo\u0161alai","item":"https:\/\/testinisweb.ares.lt\/"},{"@type":"ListItem","position":2,"name":"Parduotuv\u0117","item":"https:\/\/testinisweb.ares.lt\/parduotuve\/"},{"@type":"ListItem","position":3,"name":"Geltono aukso grandin\u0117l\u0117 &#8222;Anchor&#8221;"}]},{"@type":"WebSite","@id":"https:\/\/testinisweb.ares.lt\/#website","url":"https:\/\/testinisweb.ares.lt\/","name":"ARES rotaslietas","description":"Zelta rotaslietas","publisher":{"@id":"https:\/\/testinisweb.ares.lt\/#organization"},"potentialAction":[{"@type":"SearchAction","target":{"@type":"EntryPoint","urlTemplate":"https:\/\/testinisweb.ares.lt\/?s={search_term_string}"},"query-input":{"@type":"PropertyValueSpecification","valueRequired":true,"valueName":"search_term_string"}}],"inLanguage":"lv-LV"},{"@type":"Organization","@id":"https:\/\/testinisweb.ares.lt\/#organization","name":"Ares Jewelry zelta rotaslietas","url":"https:\/\/testinisweb.ares.lt\/","logo":{"@type":"ImageObject","inLanguage":"lv-LV","@id":"https:\/\/testinisweb.ares.lt\/#\/schema\/logo\/image\/","url":"https:\/\/i0.wp.com\/testinisweb.ares.lt\/wp-content\/uploads\/2022\/03\/ares-text-logo-1.png?fit=417%2C122&ssl=1","contentUrl":"https:\/\/i0.wp.com\/testinisweb.ares.lt\/wp-content\/uploads\/2022\/03\/ares-text-logo-1.png?fit=417%2C122&ssl=1","width":417,"height":122,"caption":"Ares Juvelyrika auksiniai papuosalai"},"image":{"@id":"https:\/\/testinisweb.ares.lt\/#\/schema\/logo\/image\/"},"sameAs":["https:\/\/www.facebook.com\/AresJewellery","https:\/\/www.instagram.com\/ares_juvelyrika\/"]}]}},"_links":{"self":[{"href":"https:\/\/testinisweb.ares.lt\/lv\/wp-json\/wp\/v2\/product\/3600","targetHints":{"allow":["GET"]}}],"collection":[{"href":"https:\/\/testinisweb.ares.lt\/lv\/wp-json\/wp\/v2\/product"}],"about":[{"href":"https:\/\/testinisweb.ares.lt\/lv\/wp-json\/wp\/v2\/types\/product"}],"replies":[{"embeddable":true,"href":"https:\/\/testinisweb.ares.lt\/lv\/wp-json\/wp\/v2\/comments?post=3600"}],"wp:featuredmedia":[{"embeddable":true,"href":"https:\/\/testinisweb.ares.lt\/lv\/wp-json\/wp\/v2\/media\/3684"}],"wp:attachment":[{"href":"https:\/\/testinisweb.ares.lt\/lv\/wp-json\/wp\/v2\/media?parent=3600"}],"wp:term":[{"taxonomy":"product_cat","embeddable":true,"href":"https:\/\/testinisweb.ares.lt\/lv\/wp-json\/wp\/v2\/product_cat?post=3600"},{"taxonomy":"product_tag","embeddable":true,"href":"https:\/\/testinisweb.ares.lt\/lv\/wp-json\/wp\/v2\/product_tag?post=3600"}],"curies":[{"name":"wp","href":"https:\/\/api.w.org\/{rel}","templated":true}]}}