{"id":4688,"date":"2022-03-13T17:53:25","date_gmt":"2022-03-13T15:53:25","guid":{"rendered":"http:\/\/ares2.store\/?post_type=product&#038;p=4688"},"modified":"2026-01-25T22:19:58","modified_gmt":"2026-01-25T20:19:58","slug":"kedite-ar-kulonu-kam-ir-liela-acs-un-dimants","status":"publish","type":"product","link":"https:\/\/testinisweb.ares.lt\/lv\/parduotuve\/grandinele-su-pakabuku-didele-akute-su-briliantu\/","title":{"rendered":"\u0136\u0113de ar kulonu &quot;Liela acs ar dimantu&quot;"},"content":{"rendered":"<p>\u0136\u0113de ar kulonu &quot;Liela acs ar dimantu&quot; - elegances un statusa simbols, pied\u0101v\u0101jam r\u016bp\u012bgi izstr\u0101d\u0101tas un nevainojamas kvalit\u0101tes rotaslietas ar dimantiem. \u0160\u012bs rotaslietas ir katras sievietes sapnis un v\u0101j\u012bba.<\/p>","protected":false},"excerpt":{"rendered":"<p>Grandin\u0117l\u0117 su pakabuku &#8222;Didel\u0117 akut\u0117 su briliantu&#8221; &#8211; tai eleganti\u0161kumo ir statuso simbolis, mes si\u016blome kruop\u0161taus dizaino ir nepriekai\u0161tingos kokyb\u0117s papuo\u0161alus su&hellip;<\/p>","protected":false},"featured_media":14212,"comment_status":"open","ping_status":"closed","template":"","meta":[],"product_cat":[984,942,102,946,400,786,945,402,381,944,401,384],"product_tag":[],"class_list":{"0":"post-4688","1":"product","2":"type-product","3":"status-publish","4":"has-post-thumbnail","6":"product_cat-auksines-grandineles-su-akute","7":"product_cat-auksines-grandineles-su-briliantais","8":"product_cat-grandineles-su-pakabukais","9":"product_cat-balto-aukso-grandineles-su-pakabukais","10":"product_cat-balto-aukso-papuosalai","11":"product_cat-deimantai","12":"product_cat-geltono-aukso-grandineles-su-pakabukais","13":"product_cat-geltono-aukso-papuosalai","14":"product_cat-papuosalai-su-briliantais","15":"product_cat-raudono-aukso-grandineles-su-pakabukais","16":"product_cat-raudono-aukso-papuosalai","17":"product_cat-su-briliantais","18":"tm-no-options","20":"first","21":"instock","22":"sale","23":"shipping-taxable","24":"purchasable","25":"product-type-variable","26":"has-default-attributes"},"yoast_head":"<!-- This site is optimized with the Yoast SEO plugin v27.3 - https:\/\/yoast.com\/product\/yoast-seo-wordpress\/ -->\n<title>Grandin\u0117l\u0117 su pakabuku &quot;Didel\u0117 akut\u0117 su briliantu&quot;<\/title>\n<meta name=\"description\" content=\"Grandin\u0117l\u0117 su pakabuku &quot;Didel\u0117 akut\u0117 su briliantu&quot; - tai eleganti\u0161kumo ir statuso simbolis, mes si\u016blome kruop\u0161taus dizaino ir nepriekai\u0161tingos kokyb\u0117s\" \/>\n<meta name=\"robots\" content=\"index, follow, max-snippet:-1, max-image-preview:large, max-video-preview:-1\" \/>\n<link rel=\"canonical\" href=\"https:\/\/testinisweb.ares.lt\/lv\/veikala\/kedite-ar-kulonu-kam-ir-liela-acs-un-dimants\/\" \/>\n<meta property=\"og:locale\" content=\"lv_LV\" \/>\n<meta property=\"og:type\" content=\"article\" \/>\n<meta property=\"og:title\" content=\"Grandin\u0117l\u0117 su pakabuku &quot;Didel\u0117 akut\u0117 su briliantu&quot;\" \/>\n<meta property=\"og:description\" content=\"Grandin\u0117l\u0117 su pakabuku &quot;Didel\u0117 akut\u0117 su briliantu&quot; - tai eleganti\u0161kumo ir statuso simbolis, mes si\u016blome kruop\u0161taus dizaino ir nepriekai\u0161tingos kokyb\u0117s\" \/>\n<meta property=\"og:url\" content=\"https:\/\/testinisweb.ares.lt\/lv\/veikala\/kedite-ar-kulonu-kam-ir-liela-acs-un-dimants\/\" \/>\n<meta property=\"og:site_name\" content=\"ARES Juvelyrika\" \/>\n<meta property=\"article:publisher\" content=\"https:\/\/www.facebook.com\/AresJewellery\" \/>\n<meta property=\"article:modified_time\" content=\"2026-01-25T20:19:58+00:00\" \/>\n<meta property=\"og:image\" content=\"https:\/\/testinisweb.ares.lt\/wp-content\/uploads\/2022\/03\/IMG_3377_1_1-1.jpg\" \/>\n\t<meta property=\"og:image:width\" content=\"3000\" \/>\n\t<meta property=\"og:image:height\" content=\"3000\" \/>\n\t<meta property=\"og:image:type\" content=\"image\/jpeg\" \/>\n<meta name=\"twitter:card\" content=\"summary_large_image\" \/>\n<meta name=\"twitter:label1\" content=\"Est. reading time\" \/>\n\t<meta name=\"twitter:data1\" content=\"1 min\u016bte\" \/>\n<script type=\"application\/ld+json\" class=\"yoast-schema-graph\">{\"@context\":\"https:\\\/\\\/schema.org\",\"@graph\":[{\"@type\":\"WebPage\",\"@id\":\"https:\\\/\\\/testinisweb.ares.lt\\\/parduotuve\\\/grandinele-su-pakabuku-didele-akute-su-briliantu\\\/\",\"url\":\"https:\\\/\\\/testinisweb.ares.lt\\\/parduotuve\\\/grandinele-su-pakabuku-didele-akute-su-briliantu\\\/\",\"name\":\"Grandin\u0117l\u0117 su pakabuku \\\"Didel\u0117 akut\u0117 su briliantu\\\"\",\"isPartOf\":{\"@id\":\"https:\\\/\\\/testinisweb.ares.lt\\\/#website\"},\"primaryImageOfPage\":{\"@id\":\"https:\\\/\\\/testinisweb.ares.lt\\\/parduotuve\\\/grandinele-su-pakabuku-didele-akute-su-briliantu\\\/#primaryimage\"},\"image\":{\"@id\":\"https:\\\/\\\/testinisweb.ares.lt\\\/parduotuve\\\/grandinele-su-pakabuku-didele-akute-su-briliantu\\\/#primaryimage\"},\"thumbnailUrl\":\"https:\\\/\\\/testinisweb.ares.lt\\\/wp-content\\\/uploads\\\/2022\\\/03\\\/IMG_3377_1_1-1.jpg\",\"datePublished\":\"2022-03-13T15:53:25+00:00\",\"dateModified\":\"2026-01-25T20:19:58+00:00\",\"description\":\"Grandin\u0117l\u0117 su pakabuku \\\"Didel\u0117 akut\u0117 su briliantu\\\" - tai eleganti\u0161kumo ir statuso simbolis, mes si\u016blome kruop\u0161taus dizaino ir nepriekai\u0161tingos kokyb\u0117s\",\"breadcrumb\":{\"@id\":\"https:\\\/\\\/testinisweb.ares.lt\\\/parduotuve\\\/grandinele-su-pakabuku-didele-akute-su-briliantu\\\/#breadcrumb\"},\"inLanguage\":\"lv-LV\",\"potentialAction\":[{\"@type\":\"ReadAction\",\"target\":[\"https:\\\/\\\/testinisweb.ares.lt\\\/parduotuve\\\/grandinele-su-pakabuku-didele-akute-su-briliantu\\\/\"]}]},{\"@type\":\"ImageObject\",\"inLanguage\":\"lv-LV\",\"@id\":\"https:\\\/\\\/testinisweb.ares.lt\\\/parduotuve\\\/grandinele-su-pakabuku-didele-akute-su-briliantu\\\/#primaryimage\",\"url\":\"https:\\\/\\\/testinisweb.ares.lt\\\/wp-content\\\/uploads\\\/2022\\\/03\\\/IMG_3377_1_1-1.jpg\",\"contentUrl\":\"https:\\\/\\\/testinisweb.ares.lt\\\/wp-content\\\/uploads\\\/2022\\\/03\\\/IMG_3377_1_1-1.jpg\",\"width\":3000,\"height\":3000,\"caption\":\"Grandin\u0117l\u0117 su pakabuku \\\"Didel\u0117 akut\u0117 su briliantu\\\"\"},{\"@type\":\"BreadcrumbList\",\"@id\":\"https:\\\/\\\/testinisweb.ares.lt\\\/parduotuve\\\/grandinele-su-pakabuku-didele-akute-su-briliantu\\\/#breadcrumb\",\"itemListElement\":[{\"@type\":\"ListItem\",\"position\":1,\"name\":\"Auksiniai papuo\u0161alai\",\"item\":\"https:\\\/\\\/testinisweb.ares.lt\\\/\"},{\"@type\":\"ListItem\",\"position\":2,\"name\":\"Parduotuv\u0117\",\"item\":\"https:\\\/\\\/testinisweb.ares.lt\\\/parduotuve\\\/\"},{\"@type\":\"ListItem\",\"position\":3,\"name\":\"Grandin\u0117l\u0117 su pakabuku &#8222;Didel\u0117 akut\u0117 su briliantu&#8221;\"}]},{\"@type\":\"WebSite\",\"@id\":\"https:\\\/\\\/testinisweb.ares.lt\\\/#website\",\"url\":\"https:\\\/\\\/testinisweb.ares.lt\\\/\",\"name\":\"ARES Juvelyrika\",\"description\":\"Auksiniai papuo\u0161alai\",\"publisher\":{\"@id\":\"https:\\\/\\\/testinisweb.ares.lt\\\/#organization\"},\"potentialAction\":[{\"@type\":\"SearchAction\",\"target\":{\"@type\":\"EntryPoint\",\"urlTemplate\":\"https:\\\/\\\/testinisweb.ares.lt\\\/?s={search_term_string}\"},\"query-input\":{\"@type\":\"PropertyValueSpecification\",\"valueRequired\":true,\"valueName\":\"search_term_string\"}}],\"inLanguage\":\"lv-LV\"},{\"@type\":\"Organization\",\"@id\":\"https:\\\/\\\/testinisweb.ares.lt\\\/#organization\",\"name\":\"Ares Juvelyrika auksiniai papuosalai\",\"url\":\"https:\\\/\\\/testinisweb.ares.lt\\\/\",\"logo\":{\"@type\":\"ImageObject\",\"inLanguage\":\"lv-LV\",\"@id\":\"https:\\\/\\\/testinisweb.ares.lt\\\/#\\\/schema\\\/logo\\\/image\\\/\",\"url\":\"https:\\\/\\\/i0.wp.com\\\/testinisweb.ares.lt\\\/wp-content\\\/uploads\\\/2022\\\/03\\\/ares-text-logo-1.png?fit=417%2C122&ssl=1\",\"contentUrl\":\"https:\\\/\\\/i0.wp.com\\\/testinisweb.ares.lt\\\/wp-content\\\/uploads\\\/2022\\\/03\\\/ares-text-logo-1.png?fit=417%2C122&ssl=1\",\"width\":417,\"height\":122,\"caption\":\"Ares Juvelyrika auksiniai papuosalai\"},\"image\":{\"@id\":\"https:\\\/\\\/testinisweb.ares.lt\\\/#\\\/schema\\\/logo\\\/image\\\/\"},\"sameAs\":[\"https:\\\/\\\/www.facebook.com\\\/AresJewellery\",\"https:\\\/\\\/www.instagram.com\\\/ares_juvelyrika\\\/\"]}]}<\/script>\n<!-- \/ Yoast SEO plugin. -->","yoast_head_json":{"title":"\u0136\u0113de ar kulonu &quot;Liela acs ar dimantu&quot;","description":"\u0136\u0113de ar kulonu &quot;Liela acs ar dimantu&quot; - elegances un statusa simbols, m\u0113s pied\u0101v\u0101jam r\u016bp\u012bgu dizainu un nevainojamu kvalit\u0101ti","robots":{"index":"index","follow":"follow","max-snippet":"max-snippet:-1","max-image-preview":"max-image-preview:large","max-video-preview":"max-video-preview:-1"},"canonical":"https:\/\/testinisweb.ares.lt\/lv\/veikala\/kedite-ar-kulonu-kam-ir-liela-acs-un-dimants\/","og_locale":"lv_LV","og_type":"article","og_title":"Grandin\u0117l\u0117 su pakabuku \"Didel\u0117 akut\u0117 su briliantu\"","og_description":"Grandin\u0117l\u0117 su pakabuku \"Didel\u0117 akut\u0117 su briliantu\" - tai eleganti\u0161kumo ir statuso simbolis, mes si\u016blome kruop\u0161taus dizaino ir nepriekai\u0161tingos kokyb\u0117s","og_url":"https:\/\/testinisweb.ares.lt\/lv\/veikala\/kedite-ar-kulonu-kam-ir-liela-acs-un-dimants\/","og_site_name":"ARES Juvelyrika","article_publisher":"https:\/\/www.facebook.com\/AresJewellery","article_modified_time":"2026-01-25T20:19:58+00:00","og_image":[{"width":3000,"height":3000,"url":"https:\/\/testinisweb.ares.lt\/wp-content\/uploads\/2022\/03\/IMG_3377_1_1-1.jpg","type":"image\/jpeg"}],"twitter_card":"summary_large_image","twitter_misc":{"Est. reading time":"1 min\u016bte"},"schema":{"@context":"https:\/\/schema.org","@graph":[{"@type":"WebPage","@id":"https:\/\/testinisweb.ares.lt\/parduotuve\/grandinele-su-pakabuku-didele-akute-su-briliantu\/","url":"https:\/\/testinisweb.ares.lt\/parduotuve\/grandinele-su-pakabuku-didele-akute-su-briliantu\/","name":"\u0136\u0113de ar kulonu &quot;Liela acs ar dimantu&quot;","isPartOf":{"@id":"https:\/\/testinisweb.ares.lt\/#website"},"primaryImageOfPage":{"@id":"https:\/\/testinisweb.ares.lt\/parduotuve\/grandinele-su-pakabuku-didele-akute-su-briliantu\/#primaryimage"},"image":{"@id":"https:\/\/testinisweb.ares.lt\/parduotuve\/grandinele-su-pakabuku-didele-akute-su-briliantu\/#primaryimage"},"thumbnailUrl":"https:\/\/testinisweb.ares.lt\/wp-content\/uploads\/2022\/03\/IMG_3377_1_1-1.jpg","datePublished":"2022-03-13T15:53:25+00:00","dateModified":"2026-01-25T20:19:58+00:00","description":"\u0136\u0113de ar kulonu &quot;Liela acs ar dimantu&quot; - elegances un statusa simbols, m\u0113s pied\u0101v\u0101jam r\u016bp\u012bgu dizainu un nevainojamu kvalit\u0101ti","breadcrumb":{"@id":"https:\/\/testinisweb.ares.lt\/parduotuve\/grandinele-su-pakabuku-didele-akute-su-briliantu\/#breadcrumb"},"inLanguage":"lv-LV","potentialAction":[{"@type":"ReadAction","target":["https:\/\/testinisweb.ares.lt\/parduotuve\/grandinele-su-pakabuku-didele-akute-su-briliantu\/"]}]},{"@type":"ImageObject","inLanguage":"lv-LV","@id":"https:\/\/testinisweb.ares.lt\/parduotuve\/grandinele-su-pakabuku-didele-akute-su-briliantu\/#primaryimage","url":"https:\/\/testinisweb.ares.lt\/wp-content\/uploads\/2022\/03\/IMG_3377_1_1-1.jpg","contentUrl":"https:\/\/testinisweb.ares.lt\/wp-content\/uploads\/2022\/03\/IMG_3377_1_1-1.jpg","width":3000,"height":3000,"caption":"Grandin\u0117l\u0117 su pakabuku \"Didel\u0117 akut\u0117 su briliantu\""},{"@type":"BreadcrumbList","@id":"https:\/\/testinisweb.ares.lt\/parduotuve\/grandinele-su-pakabuku-didele-akute-su-briliantu\/#breadcrumb","itemListElement":[{"@type":"ListItem","position":1,"name":"Auksiniai papuo\u0161alai","item":"https:\/\/testinisweb.ares.lt\/"},{"@type":"ListItem","position":2,"name":"Parduotuv\u0117","item":"https:\/\/testinisweb.ares.lt\/parduotuve\/"},{"@type":"ListItem","position":3,"name":"Grandin\u0117l\u0117 su pakabuku &#8222;Didel\u0117 akut\u0117 su briliantu&#8221;"}]},{"@type":"WebSite","@id":"https:\/\/testinisweb.ares.lt\/#website","url":"https:\/\/testinisweb.ares.lt\/","name":"ARES rotaslietas","description":"Zelta rotaslietas","publisher":{"@id":"https:\/\/testinisweb.ares.lt\/#organization"},"potentialAction":[{"@type":"SearchAction","target":{"@type":"EntryPoint","urlTemplate":"https:\/\/testinisweb.ares.lt\/?s={search_term_string}"},"query-input":{"@type":"PropertyValueSpecification","valueRequired":true,"valueName":"search_term_string"}}],"inLanguage":"lv-LV"},{"@type":"Organization","@id":"https:\/\/testinisweb.ares.lt\/#organization","name":"Ares Jewelry zelta rotaslietas","url":"https:\/\/testinisweb.ares.lt\/","logo":{"@type":"ImageObject","inLanguage":"lv-LV","@id":"https:\/\/testinisweb.ares.lt\/#\/schema\/logo\/image\/","url":"https:\/\/i0.wp.com\/testinisweb.ares.lt\/wp-content\/uploads\/2022\/03\/ares-text-logo-1.png?fit=417%2C122&ssl=1","contentUrl":"https:\/\/i0.wp.com\/testinisweb.ares.lt\/wp-content\/uploads\/2022\/03\/ares-text-logo-1.png?fit=417%2C122&ssl=1","width":417,"height":122,"caption":"Ares Juvelyrika auksiniai papuosalai"},"image":{"@id":"https:\/\/testinisweb.ares.lt\/#\/schema\/logo\/image\/"},"sameAs":["https:\/\/www.facebook.com\/AresJewellery","https:\/\/www.instagram.com\/ares_juvelyrika\/"]}]}},"_links":{"self":[{"href":"https:\/\/testinisweb.ares.lt\/lv\/wp-json\/wp\/v2\/product\/4688","targetHints":{"allow":["GET"]}}],"collection":[{"href":"https:\/\/testinisweb.ares.lt\/lv\/wp-json\/wp\/v2\/product"}],"about":[{"href":"https:\/\/testinisweb.ares.lt\/lv\/wp-json\/wp\/v2\/types\/product"}],"replies":[{"embeddable":true,"href":"https:\/\/testinisweb.ares.lt\/lv\/wp-json\/wp\/v2\/comments?post=4688"}],"wp:featuredmedia":[{"embeddable":true,"href":"https:\/\/testinisweb.ares.lt\/lv\/wp-json\/wp\/v2\/media\/14212"}],"wp:attachment":[{"href":"https:\/\/testinisweb.ares.lt\/lv\/wp-json\/wp\/v2\/media?parent=4688"}],"wp:term":[{"taxonomy":"product_cat","embeddable":true,"href":"https:\/\/testinisweb.ares.lt\/lv\/wp-json\/wp\/v2\/product_cat?post=4688"},{"taxonomy":"product_tag","embeddable":true,"href":"https:\/\/testinisweb.ares.lt\/lv\/wp-json\/wp\/v2\/product_tag?post=4688"}],"curies":[{"name":"wp","href":"https:\/\/api.w.org\/{rel}","templated":true}]}}