{"id":15944,"date":"2024-08-03T17:21:42","date_gmt":"2024-08-03T15:21:42","guid":{"rendered":"https:\/\/testinisweb.ares.lt\/?post_type=product&#038;p=15944"},"modified":"2026-03-16T11:06:59","modified_gmt":"2026-03-16T09:06:59","slug":"bransoletka-z-bialej-nici-z-diamentem","status":"publish","type":"product","link":"https:\/\/testinisweb.ares.lt\/pl\/parduotuve\/balto-siulo-apyranke-su-deimantu\/","title":{"rendered":"Bransoletka z bia\u0142ej nici z diamentem"},"content":{"rendered":"<h2>Bransoletka z bia\u0142ej nici z diamentem<\/h2>\n<p>Ta bia\u0142a lub inna bransoletka z diamentem wykonana jest z wysokiej jako\u015bci nici, naturalnych diament\u00f3w i 14-karatowego z\u0142ota pr\u00f3by 585.<\/p>\n<p>D\u0142ugo\u015b\u0107 bransoletki jest regulowana, wi\u0119c t\u0119 diamentow\u0105 bransoletk\u0119 mo\u017ce nosi\u0107 ka\u017cdy. Ponadto nasze bransoletki nie s\u0105 tylko dla kobiet, na przyk\u0142ad bransoletk\u0119 z czarnej nici z diamentem mo\u017cna zakwalifikowa\u0107 jako m\u0119sk\u0105 bransoletk\u0119.<\/p>\n<p>Mo\u017cesz wybra\u0107 bransoletk\u0119 spo\u015br\u00f3d trzech kolor\u00f3w z\u0142ota:<\/p>\n<ul>\n<li>Czerwone z\u0142oto<\/li>\n<li>\u017b\u00f3\u0142te z\u0142oto<\/li>\n<li>Bia\u0142e z\u0142oto<\/li>\n<\/ul>\n<p>Mo\u017cesz wybiera\u0107 spo\u015br\u00f3d nast\u0119puj\u0105cych kolor\u00f3w nici do swojej bransoletki diamentowej:<\/p>\n<ul>\n<li><a href=\"https:\/\/testinisweb.ares.lt\/pl\/w-sklepie\/bransoletka-z-nici-z-diamentem-001ct\/\">Czerwony<\/a><\/li>\n<\/ul>\n<p><a href=\"https:\/\/testinisweb.ares.lt\/pl\/w-sklepie\/bransoletka-z-nici-z-diamentem-001ct\/\"><img fetchpriority=\"high\" decoding=\"async\" class=\"alignnone wp-image-16013 size-medium\" src=\"https:\/\/testinisweb.ares.lt\/wp-content\/uploads\/2024\/02\/redyellowROSE_1-1-scaled-e1722695772196-300x200.jpg\" alt=\"Bransoletka z czerwonej nici w kolorze czerwonego z\u0142ota z diamentem\" width=\"300\" height=\"200\" srcset=\"https:\/\/testinisweb.ares.lt\/wp-content\/uploads\/2024\/02\/redyellowROSE_1-1-scaled-e1722695772196-300x200.jpg 300w, https:\/\/testinisweb.ares.lt\/wp-content\/uploads\/2024\/02\/redyellowROSE_1-1-scaled-e1722695772196-960x640.jpg 960w, https:\/\/testinisweb.ares.lt\/wp-content\/uploads\/2024\/02\/redyellowROSE_1-1-scaled-e1722695772196-600x400.jpg 600w, https:\/\/testinisweb.ares.lt\/wp-content\/uploads\/2024\/02\/redyellowROSE_1-1-scaled-e1722695772196-145x97.jpg 145w\" sizes=\"(max-width: 300px) 100vw, 300px\" \/><\/a><\/p>\n<ul>\n<li><a href=\"https:\/\/testinisweb.ares.lt\/pl\/w-sklepie\/bransoletka-z-czarnej-nici-z-diamentami\/\">Czarny<\/a><\/li>\n<\/ul>\n<p><a href=\"https:\/\/testinisweb.ares.lt\/pl\/w-sklepie\/bransoletka-z-czarnej-nici-z-diamentami\/\"><img decoding=\"async\" class=\"alignnone wp-image-15920 size-medium\" src=\"https:\/\/testinisweb.ares.lt\/wp-content\/uploads\/2024\/07\/blackyellowROSE_1-1-scaled-e1722442046468-300x200.jpg\" alt=\"Bransoletka z czarnego sznurka, czerwonego z\u0142ota, z diamentami\" width=\"300\" height=\"200\" srcset=\"https:\/\/testinisweb.ares.lt\/wp-content\/uploads\/2024\/07\/blackyellowROSE_1-1-scaled-e1722442046468-300x200.jpg 300w, https:\/\/testinisweb.ares.lt\/wp-content\/uploads\/2024\/07\/blackyellowROSE_1-1-scaled-e1722442046468-960x640.jpg 960w, https:\/\/testinisweb.ares.lt\/wp-content\/uploads\/2024\/07\/blackyellowROSE_1-1-scaled-e1722442046468-600x400.jpg 600w, https:\/\/testinisweb.ares.lt\/wp-content\/uploads\/2024\/07\/blackyellowROSE_1-1-scaled-e1722442046468-145x97.jpg 145w\" sizes=\"(max-width: 300px) 100vw, 300px\" \/><\/a><\/p>\n<ul>\n<li><a href=\"https:\/\/testinisweb.ares.lt\/pl\/w-sklepie\/bransoletka-z-bialej-nici-z-diamentem\/\">Bia\u0142y<\/a><\/li>\n<\/ul>\n<p><a href=\"https:\/\/testinisweb.ares.lt\/pl\/w-sklepie\/bransoletka-z-bialej-nici-z-diamentem\/\"><img decoding=\"async\" class=\"alignnone wp-image-15951 size-medium\" src=\"https:\/\/testinisweb.ares.lt\/wp-content\/uploads\/2024\/08\/whiteyellowROSE_1-1-scaled-e1722690627538-300x200.jpg\" alt=\"Bransoletka z bia\u0142ej nici, bia\u0142o-czerwonej z diamentem\" width=\"300\" height=\"200\" srcset=\"https:\/\/testinisweb.ares.lt\/wp-content\/uploads\/2024\/08\/whiteyellowROSE_1-1-scaled-e1722690627538-300x200.jpg 300w, https:\/\/testinisweb.ares.lt\/wp-content\/uploads\/2024\/08\/whiteyellowROSE_1-1-scaled-e1722690627538-960x640.jpg 960w, https:\/\/testinisweb.ares.lt\/wp-content\/uploads\/2024\/08\/whiteyellowROSE_1-1-scaled-e1722690627538-600x400.jpg 600w, https:\/\/testinisweb.ares.lt\/wp-content\/uploads\/2024\/08\/whiteyellowROSE_1-1-scaled-e1722690627538-145x97.jpg 145w\" sizes=\"(max-width: 300px) 100vw, 300px\" \/><\/a><\/p>\n<ul>\n<li><a href=\"https:\/\/testinisweb.ares.lt\/pl\/w-sklepie\/bransoletka-z-niebieskiej-nici-z-diamentem\/\">Niebieski<\/a><\/li>\n<\/ul>\n<p><a href=\"https:\/\/testinisweb.ares.lt\/pl\/w-sklepie\/bransoletka-z-niebieskiej-nici-z-diamentem\/\"><img loading=\"lazy\" decoding=\"async\" class=\"alignnone wp-image-15939 size-medium\" src=\"https:\/\/testinisweb.ares.lt\/wp-content\/uploads\/2024\/07\/blueyellowROSE_1-1-scaled-e1722444411747-300x200.jpg\" alt=\"Bransoletka z niebieskiej nici w kolorze czerwonego z\u0142ota z diamentami\" width=\"300\" height=\"200\" srcset=\"https:\/\/testinisweb.ares.lt\/wp-content\/uploads\/2024\/07\/blueyellowROSE_1-1-scaled-e1722444411747-300x200.jpg 300w, https:\/\/testinisweb.ares.lt\/wp-content\/uploads\/2024\/07\/blueyellowROSE_1-1-scaled-e1722444411747-960x640.jpg 960w, https:\/\/testinisweb.ares.lt\/wp-content\/uploads\/2024\/07\/blueyellowROSE_1-1-scaled-e1722444411747-600x400.jpg 600w, https:\/\/testinisweb.ares.lt\/wp-content\/uploads\/2024\/07\/blueyellowROSE_1-1-scaled-e1722444411747-145x97.jpg 145w\" sizes=\"(max-width: 300px) 100vw, 300px\" \/><\/a><\/p>\n<ul>\n<li><a href=\"https:\/\/testinisweb.ares.lt\/pl\/w-sklepie\/bransoletka-z-zielonej-nici-z-diamentem\/\">Zielony<\/a><\/li>\n<\/ul>\n<p><a href=\"https:\/\/testinisweb.ares.lt\/pl\/w-sklepie\/bransoletka-z-zielonej-nici-z-diamentem\/\"><img loading=\"lazy\" decoding=\"async\" class=\"alignnone wp-image-16003 size-medium\" src=\"https:\/\/testinisweb.ares.lt\/wp-content\/uploads\/2024\/08\/greenyellowROSE_1-1-scaled-e1722695140442-300x200.jpg\" alt=\"Bransoletka z zielonego sznurka w kolorze czerwonego z\u0142ota z diamentem\" width=\"300\" height=\"200\" srcset=\"https:\/\/testinisweb.ares.lt\/wp-content\/uploads\/2024\/08\/greenyellowROSE_1-1-scaled-e1722695140442-300x200.jpg 300w, https:\/\/testinisweb.ares.lt\/wp-content\/uploads\/2024\/08\/greenyellowROSE_1-1-scaled-e1722695140442-960x640.jpg 960w, https:\/\/testinisweb.ares.lt\/wp-content\/uploads\/2024\/08\/greenyellowROSE_1-1-scaled-e1722695140442-600x400.jpg 600w, https:\/\/testinisweb.ares.lt\/wp-content\/uploads\/2024\/08\/greenyellowROSE_1-1-scaled-e1722695140442-145x97.jpg 145w\" sizes=\"(max-width: 300px) 100vw, 300px\" \/><\/a><\/p>\n<p>&nbsp;<\/p>\n<ul>\n<li><a href=\"https:\/\/testinisweb.ares.lt\/pl\/w-sklepie\/bransoletka-z-nici-z-diamentem-002ct\/\">Mied\u017a<\/a><\/li>\n<\/ul>\n<p><a href=\"https:\/\/testinisweb.ares.lt\/pl\/w-sklepie\/bransoletka-z-nici-z-diamentem-002ct\/\"><img loading=\"lazy\" decoding=\"async\" class=\"alignnone wp-image-16016 size-medium\" src=\"https:\/\/testinisweb.ares.lt\/wp-content\/uploads\/2024\/02\/CopperROSE_1-1-scaled-e1722696276209-300x200.jpg\" alt=\"Bransoletka z czerwonego z\u0142ota z miedzianym sznurkiem i diamentami\" width=\"300\" height=\"200\" srcset=\"https:\/\/testinisweb.ares.lt\/wp-content\/uploads\/2024\/02\/CopperROSE_1-1-scaled-e1722696276209-300x200.jpg 300w, https:\/\/testinisweb.ares.lt\/wp-content\/uploads\/2024\/02\/CopperROSE_1-1-scaled-e1722696276209-960x640.jpg 960w, https:\/\/testinisweb.ares.lt\/wp-content\/uploads\/2024\/02\/CopperROSE_1-1-scaled-e1722696276209-600x400.jpg 600w, https:\/\/testinisweb.ares.lt\/wp-content\/uploads\/2024\/02\/CopperROSE_1-1-scaled-e1722696276209-145x97.jpg 145w\" sizes=\"(max-width: 300px) 100vw, 300px\" \/><\/a><\/p>\n<ul>\n<li><a href=\"https:\/\/testinisweb.ares.lt\/pl\/w-sklepie\/bransoletka-z-szarej-nici-z-diamentem\/\">Szary<\/a><\/li>\n<\/ul>\n<p><a href=\"https:\/\/testinisweb.ares.lt\/pl\/w-sklepie\/bransoletka-z-szarej-nici-z-diamentem\/\"><img loading=\"lazy\" decoding=\"async\" class=\"alignnone wp-image-15993 size-medium\" src=\"https:\/\/testinisweb.ares.lt\/wp-content\/uploads\/2024\/08\/GreysilverROSE_1-1-scaled-e1722694789241-300x200.jpg\" alt=\"Bransoletka z szarej nici w kolorze czerwonego z\u0142ota z diamentem\" width=\"300\" height=\"200\" srcset=\"https:\/\/testinisweb.ares.lt\/wp-content\/uploads\/2024\/08\/GreysilverROSE_1-1-scaled-e1722694789241-300x200.jpg 300w, https:\/\/testinisweb.ares.lt\/wp-content\/uploads\/2024\/08\/GreysilverROSE_1-1-scaled-e1722694789241-960x640.jpg 960w, https:\/\/testinisweb.ares.lt\/wp-content\/uploads\/2024\/08\/GreysilverROSE_1-1-scaled-e1722694789241-600x400.jpg 600w, https:\/\/testinisweb.ares.lt\/wp-content\/uploads\/2024\/08\/GreysilverROSE_1-1-scaled-e1722694789241-145x97.jpg 145w\" sizes=\"(max-width: 300px) 100vw, 300px\" \/><\/a><\/p>\n<ul>\n<li><a href=\"https:\/\/testinisweb.ares.lt\/pl\/w-sklepie\/bransoletka-z-lososiowej-nici-z-diamentem\/\">\u0141oso\u015b<\/a><\/li>\n<\/ul>\n<p><a href=\"https:\/\/testinisweb.ares.lt\/pl\/w-sklepie\/bransoletka-z-lososiowej-nici-z-diamentem\/\"><img loading=\"lazy\" decoding=\"async\" class=\"alignnone wp-image-15972 size-medium\" src=\"https:\/\/testinisweb.ares.lt\/wp-content\/uploads\/2024\/08\/SalmonROSE_1-1-scaled-e1722691985683-300x200.jpg\" alt=\"Bransoletka z \u0142ososiowej nici z czerwonego z\u0142ota z diamentami\" width=\"300\" height=\"200\" srcset=\"https:\/\/testinisweb.ares.lt\/wp-content\/uploads\/2024\/08\/SalmonROSE_1-1-scaled-e1722691985683-300x200.jpg 300w, https:\/\/testinisweb.ares.lt\/wp-content\/uploads\/2024\/08\/SalmonROSE_1-1-scaled-e1722691985683-960x640.jpg 960w, https:\/\/testinisweb.ares.lt\/wp-content\/uploads\/2024\/08\/SalmonROSE_1-1-scaled-e1722691985683-600x400.jpg 600w, https:\/\/testinisweb.ares.lt\/wp-content\/uploads\/2024\/08\/SalmonROSE_1-1-scaled-e1722691985683-145x97.jpg 145w\" sizes=\"(max-width: 300px) 100vw, 300px\" \/><\/a><\/p>\n<ul>\n<li><a href=\"https:\/\/testinisweb.ares.lt\/pl\/w-sklepie\/bransoletka-z-rozowej-nici-z-diamentem\/\">R\u00f3\u017caniec<\/a><\/li>\n<\/ul>\n<p><a href=\"https:\/\/testinisweb.ares.lt\/pl\/w-sklepie\/bransoletka-z-rozowej-nici-z-diamentem\/\"><img loading=\"lazy\" decoding=\"async\" class=\"alignnone wp-image-15983 size-medium\" src=\"https:\/\/testinisweb.ares.lt\/wp-content\/uploads\/2024\/08\/PinkROSE_1-1-scaled-e1722692456122-300x200.jpg\" alt=\"Bransoletka z r\u00f3\u017cowego z\u0142ota z diamentem\" width=\"300\" height=\"200\" srcset=\"https:\/\/testinisweb.ares.lt\/wp-content\/uploads\/2024\/08\/PinkROSE_1-1-scaled-e1722692456122-300x200.jpg 300w, https:\/\/testinisweb.ares.lt\/wp-content\/uploads\/2024\/08\/PinkROSE_1-1-scaled-e1722692456122-960x640.jpg 960w, https:\/\/testinisweb.ares.lt\/wp-content\/uploads\/2024\/08\/PinkROSE_1-1-scaled-e1722692456122-600x400.jpg 600w, https:\/\/testinisweb.ares.lt\/wp-content\/uploads\/2024\/08\/PinkROSE_1-1-scaled-e1722692456122-145x97.jpg 145w\" sizes=\"(max-width: 300px) 100vw, 300px\" \/><\/a><\/p>\n<p>Ostatnim krokiem jest wyb\u00f3r rozmiaru diamentu:<\/p>\n<ul>\n<li>0,01 ct<\/li>\n<li>0,02 ct<\/li>\n<\/ul>\n<p>Wyb\u00f3r jest szeroki, mo\u017cesz zdecydowa\u0107 si\u0119 na popularn\u0105 czerwon\u0105 bransoletk\u0119 z diamentem lub wyr\u00f3\u017cni\u0107 si\u0119 z t\u0142umu i wybra\u0107 bransoletk\u0119 w innym kolorze.<\/p>\n<p>&nbsp;<\/p>\n<h3>Bezp\u0142atna wymiana bransoletki<\/h3>\n<p>Jest to jednorazowa, nieograniczona okazja na zmian\u0119 koloru nici (mo\u017cesz wybra\u0107 ni\u0107 w tym samym lub innym kolorze z naszego asortymentu), je\u015bli po pewnym czasie Ci si\u0119 znudzi. Us\u0142uga wymiany nici jest bezp\u0142atna (bransoletk\u0119 z nici\u0105 nale\u017cy zakupi\u0107 w naszym sklepie internetowym), musisz jedynie pokry\u0107 koszty logistyczne - 5 EUR.<\/p>\n<p>Proces wymiany bransoletki:<\/p>\n<ul>\n<li>Skontaktuj si\u0119 z nami w celu skorzystania z us\u0142ugi wymiany nici bransoletki (<a href=\"https:\/\/www.facebook.com\/AresJewellery\" target=\"_blank\" rel=\"noopener\">Facebook<\/a>, <a href=\"https:\/\/www.instagram.com\/ares_juvelyrika\/\" target=\"_blank\" rel=\"noopener\">Instagram<\/a>, <a href=\"https:\/\/testinisweb.ares.lt\/pl\/lacznosc\/\">przez e-mail<\/a> lub w inny spos\u00f3b)<\/li>\n<li>Wy\u015blij bransoletk\u0119 z nici\u0105 z podanym kodem wysy\u0142ki za po\u015brednictwem paczkomatu<\/li>\n<li>Odbierz ponownie zawi\u0105zan\u0105 bransoletk\u0119 w najbli\u017cszym paczkomacie (ponowne zawi\u0105zanie bransoletki trwa od 1 do 3 dni)<\/li>\n<\/ul>","protected":false},"excerpt":{"rendered":"<p>Balto si\u016blo apyrank\u0117 su deimantu \u0160i balto ar kito si\u016blo apyrank\u0117 su deimantu yra pagaminta i\u0161 auk\u0161tos kokyb\u0117s si\u016blo, nat\u016bralaus deimanto ir&hellip;<\/p>","protected":false},"featured_media":15951,"comment_status":"open","ping_status":"closed","template":"","meta":[],"product_brand":[],"product_cat":[247,980,1003,400,786,402,432,381,401,360,687],"product_tag":[],"class_list":{"0":"post-15944","1":"product","2":"type-product","3":"status-publish","4":"has-post-thumbnail","6":"product_cat-apyrankes","7":"product_cat-auksines-apyrankes-iki-100-eur","8":"product_cat-auksines-apyrankes-su-deimantais","9":"product_cat-balto-aukso-papuosalai","10":"product_cat-deimantai","11":"product_cat-geltono-aukso-papuosalai","12":"product_cat-nauja","13":"product_cat-papuosalai-su-briliantais","14":"product_cat-raudono-aukso-papuosalai","15":"product_cat-apyrankes-su-siulu","16":"product_cat-valentino-diena","17":"tm-has-options","19":"first","20":"instock","21":"sale","22":"shipping-taxable","23":"purchasable","24":"product-type-variable","25":"has-default-attributes"},"yoast_head":"<!-- This site is optimized with the Yoast SEO plugin v27.3 - https:\/\/yoast.com\/product\/yoast-seo-wordpress\/ -->\n<title>Balto si\u016blo apyrank\u0117 su deimantu<\/title>\n<meta name=\"description\" content=\"Balto si\u016blo apyrank\u0117 su deimantu \u0160i balto ar kito si\u016blo apyrank\u0117 su deimantu yra pagaminta i\u0161 auk\u0161tos kokyb\u0117s si\u016blo, nat\u016bralaus deimanto ir 14k 585 prabos\" \/>\n<meta name=\"robots\" content=\"index, follow, max-snippet:-1, max-image-preview:large, max-video-preview:-1\" \/>\n<link rel=\"canonical\" href=\"https:\/\/testinisweb.ares.lt\/pl\/w-sklepie\/bransoletka-z-bialej-nici-z-diamentem\/\" \/>\n<meta property=\"og:locale\" content=\"pl_PL\" \/>\n<meta property=\"og:type\" content=\"article\" \/>\n<meta property=\"og:title\" content=\"Balto si\u016blo apyrank\u0117 su deimantu\" \/>\n<meta property=\"og:description\" content=\"Balto si\u016blo apyrank\u0117 su deimantu \u0160i balto ar kito si\u016blo apyrank\u0117 su deimantu yra pagaminta i\u0161 auk\u0161tos kokyb\u0117s si\u016blo, nat\u016bralaus deimanto ir 14k 585 prabos\" \/>\n<meta property=\"og:url\" content=\"https:\/\/testinisweb.ares.lt\/pl\/w-sklepie\/bransoletka-z-bialej-nici-z-diamentem\/\" \/>\n<meta property=\"og:site_name\" content=\"ARES Juvelyrika\" \/>\n<meta property=\"article:publisher\" content=\"https:\/\/www.facebook.com\/AresJewellery\" \/>\n<meta property=\"article:modified_time\" content=\"2026-03-16T09:06:59+00:00\" \/>\n<meta property=\"og:image\" content=\"https:\/\/testinisweb.ares.lt\/wp-content\/uploads\/2024\/08\/whiteyellowROSE_1-1-scaled-e1722690627538.jpg\" \/>\n\t<meta property=\"og:image:width\" content=\"3360\" \/>\n\t<meta property=\"og:image:height\" content=\"2240\" \/>\n\t<meta property=\"og:image:type\" content=\"image\/jpeg\" \/>\n<meta name=\"twitter:card\" content=\"summary_large_image\" \/>\n<meta name=\"twitter:label1\" content=\"Szacowany czas czytania\" \/>\n\t<meta name=\"twitter:data1\" content=\"1 minuta\" \/>\n<script type=\"application\/ld+json\" class=\"yoast-schema-graph\">{\"@context\":\"https:\\\/\\\/schema.org\",\"@graph\":[{\"@type\":\"WebPage\",\"@id\":\"https:\\\/\\\/testinisweb.ares.lt\\\/parduotuve\\\/balto-siulo-apyranke-su-deimantu\\\/\",\"url\":\"https:\\\/\\\/testinisweb.ares.lt\\\/parduotuve\\\/balto-siulo-apyranke-su-deimantu\\\/\",\"name\":\"Balto si\u016blo apyrank\u0117 su deimantu\",\"isPartOf\":{\"@id\":\"https:\\\/\\\/testinisweb.ares.lt\\\/#website\"},\"primaryImageOfPage\":{\"@id\":\"https:\\\/\\\/testinisweb.ares.lt\\\/parduotuve\\\/balto-siulo-apyranke-su-deimantu\\\/#primaryimage\"},\"image\":{\"@id\":\"https:\\\/\\\/testinisweb.ares.lt\\\/parduotuve\\\/balto-siulo-apyranke-su-deimantu\\\/#primaryimage\"},\"thumbnailUrl\":\"https:\\\/\\\/testinisweb.ares.lt\\\/wp-content\\\/uploads\\\/2024\\\/08\\\/whiteyellowROSE_1-1-scaled-e1722690627538.jpg\",\"datePublished\":\"2024-08-03T15:21:42+00:00\",\"dateModified\":\"2026-03-16T09:06:59+00:00\",\"description\":\"Balto si\u016blo apyrank\u0117 su deimantu \u0160i balto ar kito si\u016blo apyrank\u0117 su deimantu yra pagaminta i\u0161 auk\u0161tos kokyb\u0117s si\u016blo, nat\u016bralaus deimanto ir 14k 585 prabos\",\"breadcrumb\":{\"@id\":\"https:\\\/\\\/testinisweb.ares.lt\\\/parduotuve\\\/balto-siulo-apyranke-su-deimantu\\\/#breadcrumb\"},\"inLanguage\":\"pl-PL\",\"potentialAction\":[{\"@type\":\"ReadAction\",\"target\":[\"https:\\\/\\\/testinisweb.ares.lt\\\/parduotuve\\\/balto-siulo-apyranke-su-deimantu\\\/\"]}]},{\"@type\":\"ImageObject\",\"inLanguage\":\"pl-PL\",\"@id\":\"https:\\\/\\\/testinisweb.ares.lt\\\/parduotuve\\\/balto-siulo-apyranke-su-deimantu\\\/#primaryimage\",\"url\":\"https:\\\/\\\/testinisweb.ares.lt\\\/wp-content\\\/uploads\\\/2024\\\/08\\\/whiteyellowROSE_1-1-scaled-e1722690627538.jpg\",\"contentUrl\":\"https:\\\/\\\/testinisweb.ares.lt\\\/wp-content\\\/uploads\\\/2024\\\/08\\\/whiteyellowROSE_1-1-scaled-e1722690627538.jpg\",\"width\":3360,\"height\":2240,\"caption\":\"Balto si\u016blo balto raudono apyrank\u0117 su deimantu\"},{\"@type\":\"BreadcrumbList\",\"@id\":\"https:\\\/\\\/testinisweb.ares.lt\\\/parduotuve\\\/balto-siulo-apyranke-su-deimantu\\\/#breadcrumb\",\"itemListElement\":[{\"@type\":\"ListItem\",\"position\":1,\"name\":\"Auksiniai papuo\u0161alai\",\"item\":\"https:\\\/\\\/testinisweb.ares.lt\\\/\"},{\"@type\":\"ListItem\",\"position\":2,\"name\":\"Parduotuv\u0117\",\"item\":\"https:\\\/\\\/testinisweb.ares.lt\\\/parduotuve\\\/\"},{\"@type\":\"ListItem\",\"position\":3,\"name\":\"Balto si\u016blo apyrank\u0117 su deimantu\"}]},{\"@type\":\"WebSite\",\"@id\":\"https:\\\/\\\/testinisweb.ares.lt\\\/#website\",\"url\":\"https:\\\/\\\/testinisweb.ares.lt\\\/\",\"name\":\"ARES Juvelyrika\",\"description\":\"Auksiniai papuo\u0161alai\",\"publisher\":{\"@id\":\"https:\\\/\\\/testinisweb.ares.lt\\\/#organization\"},\"potentialAction\":[{\"@type\":\"SearchAction\",\"target\":{\"@type\":\"EntryPoint\",\"urlTemplate\":\"https:\\\/\\\/testinisweb.ares.lt\\\/?s={search_term_string}\"},\"query-input\":{\"@type\":\"PropertyValueSpecification\",\"valueRequired\":true,\"valueName\":\"search_term_string\"}}],\"inLanguage\":\"pl-PL\"},{\"@type\":\"Organization\",\"@id\":\"https:\\\/\\\/testinisweb.ares.lt\\\/#organization\",\"name\":\"Ares Juvelyrika auksiniai papuosalai\",\"url\":\"https:\\\/\\\/testinisweb.ares.lt\\\/\",\"logo\":{\"@type\":\"ImageObject\",\"inLanguage\":\"pl-PL\",\"@id\":\"https:\\\/\\\/testinisweb.ares.lt\\\/#\\\/schema\\\/logo\\\/image\\\/\",\"url\":\"https:\\\/\\\/i0.wp.com\\\/testinisweb.ares.lt\\\/wp-content\\\/uploads\\\/2022\\\/03\\\/ares-text-logo-1.png?fit=417%2C122&ssl=1\",\"contentUrl\":\"https:\\\/\\\/i0.wp.com\\\/testinisweb.ares.lt\\\/wp-content\\\/uploads\\\/2022\\\/03\\\/ares-text-logo-1.png?fit=417%2C122&ssl=1\",\"width\":417,\"height\":122,\"caption\":\"Ares Juvelyrika auksiniai papuosalai\"},\"image\":{\"@id\":\"https:\\\/\\\/testinisweb.ares.lt\\\/#\\\/schema\\\/logo\\\/image\\\/\"},\"sameAs\":[\"https:\\\/\\\/www.facebook.com\\\/AresJewellery\",\"https:\\\/\\\/www.instagram.com\\\/ares_juvelyrika\\\/\"]}]}<\/script>\n<!-- \/ Yoast SEO plugin. -->","yoast_head_json":{"title":"Bransoletka z bia\u0142ej nici z diamentem","description":"Bransoletka z bia\u0142ej nici z diamentem Ta bransoletka z bia\u0142ej lub innej nici z diamentem zosta\u0142a wykonana z wysokiej jako\u015bci nici, naturalnych diament\u00f3w oraz 14-karatowego z\u0142ota pr\u00f3by 585.","robots":{"index":"index","follow":"follow","max-snippet":"max-snippet:-1","max-image-preview":"max-image-preview:large","max-video-preview":"max-video-preview:-1"},"canonical":"https:\/\/testinisweb.ares.lt\/pl\/w-sklepie\/bransoletka-z-bialej-nici-z-diamentem\/","og_locale":"pl_PL","og_type":"article","og_title":"Balto si\u016blo apyrank\u0117 su deimantu","og_description":"Balto si\u016blo apyrank\u0117 su deimantu \u0160i balto ar kito si\u016blo apyrank\u0117 su deimantu yra pagaminta i\u0161 auk\u0161tos kokyb\u0117s si\u016blo, nat\u016bralaus deimanto ir 14k 585 prabos","og_url":"https:\/\/testinisweb.ares.lt\/pl\/w-sklepie\/bransoletka-z-bialej-nici-z-diamentem\/","og_site_name":"ARES Juvelyrika","article_publisher":"https:\/\/www.facebook.com\/AresJewellery","article_modified_time":"2026-03-16T09:06:59+00:00","og_image":[{"width":3360,"height":2240,"url":"https:\/\/testinisweb.ares.lt\/wp-content\/uploads\/2024\/08\/whiteyellowROSE_1-1-scaled-e1722690627538.jpg","type":"image\/jpeg"}],"twitter_card":"summary_large_image","twitter_misc":{"Szacowany czas czytania":"1 minuta"},"schema":{"@context":"https:\/\/schema.org","@graph":[{"@type":"WebPage","@id":"https:\/\/testinisweb.ares.lt\/parduotuve\/balto-siulo-apyranke-su-deimantu\/","url":"https:\/\/testinisweb.ares.lt\/parduotuve\/balto-siulo-apyranke-su-deimantu\/","name":"Bransoletka z bia\u0142ej nici z diamentem","isPartOf":{"@id":"https:\/\/testinisweb.ares.lt\/#website"},"primaryImageOfPage":{"@id":"https:\/\/testinisweb.ares.lt\/parduotuve\/balto-siulo-apyranke-su-deimantu\/#primaryimage"},"image":{"@id":"https:\/\/testinisweb.ares.lt\/parduotuve\/balto-siulo-apyranke-su-deimantu\/#primaryimage"},"thumbnailUrl":"https:\/\/testinisweb.ares.lt\/wp-content\/uploads\/2024\/08\/whiteyellowROSE_1-1-scaled-e1722690627538.jpg","datePublished":"2024-08-03T15:21:42+00:00","dateModified":"2026-03-16T09:06:59+00:00","description":"Bransoletka z bia\u0142ej nici z diamentem Ta bransoletka z bia\u0142ej lub innej nici z diamentem zosta\u0142a wykonana z wysokiej jako\u015bci nici, naturalnych diament\u00f3w oraz 14-karatowego z\u0142ota pr\u00f3by 585.","breadcrumb":{"@id":"https:\/\/testinisweb.ares.lt\/parduotuve\/balto-siulo-apyranke-su-deimantu\/#breadcrumb"},"inLanguage":"pl-PL","potentialAction":[{"@type":"ReadAction","target":["https:\/\/testinisweb.ares.lt\/parduotuve\/balto-siulo-apyranke-su-deimantu\/"]}]},{"@type":"ImageObject","inLanguage":"pl-PL","@id":"https:\/\/testinisweb.ares.lt\/parduotuve\/balto-siulo-apyranke-su-deimantu\/#primaryimage","url":"https:\/\/testinisweb.ares.lt\/wp-content\/uploads\/2024\/08\/whiteyellowROSE_1-1-scaled-e1722690627538.jpg","contentUrl":"https:\/\/testinisweb.ares.lt\/wp-content\/uploads\/2024\/08\/whiteyellowROSE_1-1-scaled-e1722690627538.jpg","width":3360,"height":2240,"caption":"Balto si\u016blo balto raudono apyrank\u0117 su deimantu"},{"@type":"BreadcrumbList","@id":"https:\/\/testinisweb.ares.lt\/parduotuve\/balto-siulo-apyranke-su-deimantu\/#breadcrumb","itemListElement":[{"@type":"ListItem","position":1,"name":"Auksiniai papuo\u0161alai","item":"https:\/\/testinisweb.ares.lt\/"},{"@type":"ListItem","position":2,"name":"Parduotuv\u0117","item":"https:\/\/testinisweb.ares.lt\/parduotuve\/"},{"@type":"ListItem","position":3,"name":"Balto si\u016blo apyrank\u0117 su deimantu"}]},{"@type":"WebSite","@id":"https:\/\/testinisweb.ares.lt\/#website","url":"https:\/\/testinisweb.ares.lt\/","name":"Bi\u017cuteria ARES","description":"Z\u0142ota bi\u017cuteria","publisher":{"@id":"https:\/\/testinisweb.ares.lt\/#organization"},"potentialAction":[{"@type":"SearchAction","target":{"@type":"EntryPoint","urlTemplate":"https:\/\/testinisweb.ares.lt\/?s={search_term_string}"},"query-input":{"@type":"PropertyValueSpecification","valueRequired":true,"valueName":"search_term_string"}}],"inLanguage":"pl-PL"},{"@type":"Organization","@id":"https:\/\/testinisweb.ares.lt\/#organization","name":"Bi\u017cuteria Ares Bi\u017cuteria z\u0142ota","url":"https:\/\/testinisweb.ares.lt\/","logo":{"@type":"ImageObject","inLanguage":"pl-PL","@id":"https:\/\/testinisweb.ares.lt\/#\/schema\/logo\/image\/","url":"https:\/\/i0.wp.com\/testinisweb.ares.lt\/wp-content\/uploads\/2022\/03\/ares-text-logo-1.png?fit=417%2C122&ssl=1","contentUrl":"https:\/\/i0.wp.com\/testinisweb.ares.lt\/wp-content\/uploads\/2022\/03\/ares-text-logo-1.png?fit=417%2C122&ssl=1","width":417,"height":122,"caption":"Ares Juvelyrika auksiniai papuosalai"},"image":{"@id":"https:\/\/testinisweb.ares.lt\/#\/schema\/logo\/image\/"},"sameAs":["https:\/\/www.facebook.com\/AresJewellery","https:\/\/www.instagram.com\/ares_juvelyrika\/"]}]}},"_links":{"self":[{"href":"https:\/\/testinisweb.ares.lt\/pl\/wp-json\/wp\/v2\/product\/15944","targetHints":{"allow":["GET"]}}],"collection":[{"href":"https:\/\/testinisweb.ares.lt\/pl\/wp-json\/wp\/v2\/product"}],"about":[{"href":"https:\/\/testinisweb.ares.lt\/pl\/wp-json\/wp\/v2\/types\/product"}],"replies":[{"embeddable":true,"href":"https:\/\/testinisweb.ares.lt\/pl\/wp-json\/wp\/v2\/comments?post=15944"}],"wp:featuredmedia":[{"embeddable":true,"href":"https:\/\/testinisweb.ares.lt\/pl\/wp-json\/wp\/v2\/media\/15951"}],"wp:attachment":[{"href":"https:\/\/testinisweb.ares.lt\/pl\/wp-json\/wp\/v2\/media?parent=15944"}],"wp:term":[{"taxonomy":"product_brand","embeddable":true,"href":"https:\/\/testinisweb.ares.lt\/pl\/wp-json\/wp\/v2\/product_brand?post=15944"},{"taxonomy":"product_cat","embeddable":true,"href":"https:\/\/testinisweb.ares.lt\/pl\/wp-json\/wp\/v2\/product_cat?post=15944"},{"taxonomy":"product_tag","embeddable":true,"href":"https:\/\/testinisweb.ares.lt\/pl\/wp-json\/wp\/v2\/product_tag?post=15944"}],"curies":[{"name":"wp","href":"https:\/\/api.w.org\/{rel}","templated":true}]}}