{"id":17169,"date":"2025-02-12T20:04:22","date_gmt":"2025-02-12T18:04:22","guid":{"rendered":"https:\/\/testinisweb.ares.lt\/?post_type=product&#038;p=17169"},"modified":"2026-01-25T22:01:52","modified_gmt":"2026-01-25T20:01:52","slug":"zloty-wisiorek-z-litera-v","status":"publish","type":"product","link":"https:\/\/testinisweb.ares.lt\/pl\/parduotuve\/auksinis-pakabukas-su-raide-v\/","title":{"rendered":"Z\u0142ota zawieszka z liter\u0105 &quot;V&quot;"},"content":{"rendered":"<h3 data-start=\"0\" data-end=\"51\">Z\u0142ota zawieszka z liter\u0105 &quot;V&quot; z cyrkoniami<\/h3>\n<p data-start=\"53\" data-end=\"321\">Ten elegancki wisiorek ze z\u0142ota pr\u00f3by 585 z liter\u0105 \u201eV\u201d to delikatny i luksusowy element bi\u017cuterii, kt\u00f3ry wyr\u00f3\u017cnia si\u0119 swoim blaskiem. Inkrustowane cyrkonie nadaj\u0105 mu szczeg\u00f3lnego uroku, czyni\u0105c go nie tylko spersonalizowanym dodatkiem, ale tak\u017ce wspania\u0142ym akcentem Twojego wizerunku.<\/p>\n<p data-start=\"323\" data-end=\"522\">Z\u0142ote wisiorki z inicja\u0142ami to \u015bwietny spos\u00f3b na wyra\u017cenie indywidualno\u015bci lub \u015bwi\u0119towanie szczeg\u00f3lnej wi\u0119zi z ukochan\u0105 osob\u0105. S\u0105 znacz\u0105cym i sentymentalnym prezentem, kt\u00f3ry pozostanie cenny przez wiele lat.<\/p>\n<p data-start=\"524\" data-end=\"760\">Ten wisiorek z \u0142atwo\u015bci\u0105 dopasuje si\u0119 do r\u00f3\u017cnych \u0142a\u0144cuszk\u00f3w i innej bi\u017cuterii. Dzi\u0119ki eleganckiemu i delikatnemu wzornictwu idealnie pasuje zar\u00f3wno na co dzie\u0144, jak i na specjalne okazje, nadaj\u0105c mu niepowtarzalny blask.<\/p>\n<p data-start=\"762\" data-end=\"1014\" data-is-last-node=\"\">Z\u0142ota bi\u017cuteria z literami i cyrkoniami to idealny prezent na urodziny, rocznice lub inne specjalne okazje. Z\u0142oto pr\u00f3by 585 gwarantuje najwy\u017csz\u0105 jako\u015b\u0107 i trwa\u0142o\u015b\u0107, dzi\u0119ki czemu bi\u017cuteria ta pozostanie cenna i b\u0142yszcz\u0105ca przez wiele lat.<\/p>","protected":false},"excerpt":{"rendered":"<p>Auksinis pakabukas su raide \u201eV\u201d su cirkoniais \u0160is eleganti\u0161kas 585 prabos auksinis pakabukas su raide \u201eV\u201c \u2013 tai subtilus ir prabangus papuo\u0161alas,&hellip;<\/p>","protected":false},"featured_media":17170,"comment_status":"open","ping_status":"closed","template":"","meta":[],"product_brand":[],"product_cat":[961,972,968,966,870,969],"product_tag":[],"class_list":{"0":"post-17169","1":"product","2":"type-product","3":"status-publish","4":"has-post-thumbnail","6":"product_cat-auksiniai-pakabukai","7":"product_cat-auksiniai-pakabukai-iki-100-eur","8":"product_cat-auksiniai-pakabukai-raides","9":"product_cat-auksiniai-pakabukai-su-cirkoniais","10":"product_cat-pakabukai-su-raide","11":"product_cat-raudono-aukso-pakabukai","12":"tm-no-options","14":"first","15":"instock","16":"shipping-taxable","17":"purchasable","18":"product-type-simple"},"yoast_head":"<!-- This site is optimized with the Yoast SEO plugin v27.3 - https:\/\/yoast.com\/product\/yoast-seo-wordpress\/ -->\n<title>Auksinis pakabukas su raide \u201eV\u201d<\/title>\n<meta name=\"description\" content=\"Auksinis pakabukas su raide \u201eV\u201d su cirkoniais \u0160is eleganti\u0161kas 585 prabos auksinis pakabukas su raide \u201eV\u201c \u2013 tai subtilus ir prabangus papuo\u0161alas, kuris\" \/>\n<meta name=\"robots\" content=\"index, follow, max-snippet:-1, max-image-preview:large, max-video-preview:-1\" \/>\n<link rel=\"canonical\" href=\"https:\/\/testinisweb.ares.lt\/pl\/w-sklepie\/zloty-wisiorek-z-litera-v\/\" \/>\n<meta property=\"og:locale\" content=\"pl_PL\" \/>\n<meta property=\"og:type\" content=\"article\" \/>\n<meta property=\"og:title\" content=\"Auksinis pakabukas su raide \u201eV\u201d\" \/>\n<meta property=\"og:description\" content=\"Auksinis pakabukas su raide \u201eV\u201d su cirkoniais \u0160is eleganti\u0161kas 585 prabos auksinis pakabukas su raide \u201eV\u201c \u2013 tai subtilus ir prabangus papuo\u0161alas, kuris\" \/>\n<meta property=\"og:url\" content=\"https:\/\/testinisweb.ares.lt\/pl\/w-sklepie\/zloty-wisiorek-z-litera-v\/\" \/>\n<meta property=\"og:site_name\" content=\"ARES Juvelyrika\" \/>\n<meta property=\"article:publisher\" content=\"https:\/\/www.facebook.com\/AresJewellery\" \/>\n<meta property=\"article:modified_time\" content=\"2026-01-25T20:01:52+00:00\" \/>\n<meta property=\"og:image\" content=\"https:\/\/testinisweb.ares.lt\/wp-content\/uploads\/2025\/02\/APR_V.jpg\" \/>\n\t<meta property=\"og:image:width\" content=\"3000\" \/>\n\t<meta property=\"og:image:height\" content=\"3000\" \/>\n\t<meta property=\"og:image:type\" content=\"image\/jpeg\" \/>\n<meta name=\"twitter:card\" content=\"summary_large_image\" \/>\n<meta name=\"twitter:label1\" content=\"Szacowany czas czytania\" \/>\n\t<meta name=\"twitter:data1\" content=\"1 minuta\" \/>\n<script type=\"application\/ld+json\" class=\"yoast-schema-graph\">{\"@context\":\"https:\\\/\\\/schema.org\",\"@graph\":[{\"@type\":\"WebPage\",\"@id\":\"https:\\\/\\\/testinisweb.ares.lt\\\/parduotuve\\\/auksinis-pakabukas-su-raide-v\\\/\",\"url\":\"https:\\\/\\\/testinisweb.ares.lt\\\/parduotuve\\\/auksinis-pakabukas-su-raide-v\\\/\",\"name\":\"Auksinis pakabukas su raide \u201eV\u201d\",\"isPartOf\":{\"@id\":\"https:\\\/\\\/testinisweb.ares.lt\\\/#website\"},\"primaryImageOfPage\":{\"@id\":\"https:\\\/\\\/testinisweb.ares.lt\\\/parduotuve\\\/auksinis-pakabukas-su-raide-v\\\/#primaryimage\"},\"image\":{\"@id\":\"https:\\\/\\\/testinisweb.ares.lt\\\/parduotuve\\\/auksinis-pakabukas-su-raide-v\\\/#primaryimage\"},\"thumbnailUrl\":\"https:\\\/\\\/testinisweb.ares.lt\\\/wp-content\\\/uploads\\\/2025\\\/02\\\/APR_V.jpg\",\"datePublished\":\"2025-02-12T18:04:22+00:00\",\"dateModified\":\"2026-01-25T20:01:52+00:00\",\"description\":\"Auksinis pakabukas su raide \u201eV\u201d su cirkoniais \u0160is eleganti\u0161kas 585 prabos auksinis pakabukas su raide \u201eV\u201c \u2013 tai subtilus ir prabangus papuo\u0161alas, kuris\",\"breadcrumb\":{\"@id\":\"https:\\\/\\\/testinisweb.ares.lt\\\/parduotuve\\\/auksinis-pakabukas-su-raide-v\\\/#breadcrumb\"},\"inLanguage\":\"pl-PL\",\"potentialAction\":[{\"@type\":\"ReadAction\",\"target\":[\"https:\\\/\\\/testinisweb.ares.lt\\\/parduotuve\\\/auksinis-pakabukas-su-raide-v\\\/\"]}]},{\"@type\":\"ImageObject\",\"inLanguage\":\"pl-PL\",\"@id\":\"https:\\\/\\\/testinisweb.ares.lt\\\/parduotuve\\\/auksinis-pakabukas-su-raide-v\\\/#primaryimage\",\"url\":\"https:\\\/\\\/testinisweb.ares.lt\\\/wp-content\\\/uploads\\\/2025\\\/02\\\/APR_V.jpg\",\"contentUrl\":\"https:\\\/\\\/testinisweb.ares.lt\\\/wp-content\\\/uploads\\\/2025\\\/02\\\/APR_V.jpg\",\"width\":3000,\"height\":3000,\"caption\":\"Auksinis pakabukas su raide \u201eV\u201d\"},{\"@type\":\"BreadcrumbList\",\"@id\":\"https:\\\/\\\/testinisweb.ares.lt\\\/parduotuve\\\/auksinis-pakabukas-su-raide-v\\\/#breadcrumb\",\"itemListElement\":[{\"@type\":\"ListItem\",\"position\":1,\"name\":\"Auksiniai papuo\u0161alai\",\"item\":\"https:\\\/\\\/testinisweb.ares.lt\\\/\"},{\"@type\":\"ListItem\",\"position\":2,\"name\":\"Parduotuv\u0117\",\"item\":\"https:\\\/\\\/testinisweb.ares.lt\\\/parduotuve\\\/\"},{\"@type\":\"ListItem\",\"position\":3,\"name\":\"Auksinis pakabukas su raide \u201eV\u201d\"}]},{\"@type\":\"WebSite\",\"@id\":\"https:\\\/\\\/testinisweb.ares.lt\\\/#website\",\"url\":\"https:\\\/\\\/testinisweb.ares.lt\\\/\",\"name\":\"ARES Juvelyrika\",\"description\":\"Auksiniai papuo\u0161alai\",\"publisher\":{\"@id\":\"https:\\\/\\\/testinisweb.ares.lt\\\/#organization\"},\"potentialAction\":[{\"@type\":\"SearchAction\",\"target\":{\"@type\":\"EntryPoint\",\"urlTemplate\":\"https:\\\/\\\/testinisweb.ares.lt\\\/?s={search_term_string}\"},\"query-input\":{\"@type\":\"PropertyValueSpecification\",\"valueRequired\":true,\"valueName\":\"search_term_string\"}}],\"inLanguage\":\"pl-PL\"},{\"@type\":\"Organization\",\"@id\":\"https:\\\/\\\/testinisweb.ares.lt\\\/#organization\",\"name\":\"Ares Juvelyrika auksiniai papuosalai\",\"url\":\"https:\\\/\\\/testinisweb.ares.lt\\\/\",\"logo\":{\"@type\":\"ImageObject\",\"inLanguage\":\"pl-PL\",\"@id\":\"https:\\\/\\\/testinisweb.ares.lt\\\/#\\\/schema\\\/logo\\\/image\\\/\",\"url\":\"https:\\\/\\\/i0.wp.com\\\/testinisweb.ares.lt\\\/wp-content\\\/uploads\\\/2022\\\/03\\\/ares-text-logo-1.png?fit=417%2C122&ssl=1\",\"contentUrl\":\"https:\\\/\\\/i0.wp.com\\\/testinisweb.ares.lt\\\/wp-content\\\/uploads\\\/2022\\\/03\\\/ares-text-logo-1.png?fit=417%2C122&ssl=1\",\"width\":417,\"height\":122,\"caption\":\"Ares Juvelyrika auksiniai papuosalai\"},\"image\":{\"@id\":\"https:\\\/\\\/testinisweb.ares.lt\\\/#\\\/schema\\\/logo\\\/image\\\/\"},\"sameAs\":[\"https:\\\/\\\/www.facebook.com\\\/AresJewellery\",\"https:\\\/\\\/www.instagram.com\\\/ares_juvelyrika\\\/\"]}]}<\/script>\n<!-- \/ Yoast SEO plugin. -->","yoast_head_json":{"title":"Z\u0142ota zawieszka z liter\u0105 &quot;V&quot;","description":"Z\u0142ota zawieszka z liter\u0105 \u201eV\u201d z cyrkoniami Ta elegancka zawieszka ze z\u0142ota pr\u00f3by 585 z liter\u0105 \u201eV\u201d to delikatny i luksusowy element bi\u017cuterii, kt\u00f3ry","robots":{"index":"index","follow":"follow","max-snippet":"max-snippet:-1","max-image-preview":"max-image-preview:large","max-video-preview":"max-video-preview:-1"},"canonical":"https:\/\/testinisweb.ares.lt\/pl\/w-sklepie\/zloty-wisiorek-z-litera-v\/","og_locale":"pl_PL","og_type":"article","og_title":"Auksinis pakabukas su raide \u201eV\u201d","og_description":"Auksinis pakabukas su raide \u201eV\u201d su cirkoniais \u0160is eleganti\u0161kas 585 prabos auksinis pakabukas su raide \u201eV\u201c \u2013 tai subtilus ir prabangus papuo\u0161alas, kuris","og_url":"https:\/\/testinisweb.ares.lt\/pl\/w-sklepie\/zloty-wisiorek-z-litera-v\/","og_site_name":"ARES Juvelyrika","article_publisher":"https:\/\/www.facebook.com\/AresJewellery","article_modified_time":"2026-01-25T20:01:52+00:00","og_image":[{"width":3000,"height":3000,"url":"https:\/\/testinisweb.ares.lt\/wp-content\/uploads\/2025\/02\/APR_V.jpg","type":"image\/jpeg"}],"twitter_card":"summary_large_image","twitter_misc":{"Szacowany czas czytania":"1 minuta"},"schema":{"@context":"https:\/\/schema.org","@graph":[{"@type":"WebPage","@id":"https:\/\/testinisweb.ares.lt\/parduotuve\/auksinis-pakabukas-su-raide-v\/","url":"https:\/\/testinisweb.ares.lt\/parduotuve\/auksinis-pakabukas-su-raide-v\/","name":"Z\u0142ota zawieszka z liter\u0105 &quot;V&quot;","isPartOf":{"@id":"https:\/\/testinisweb.ares.lt\/#website"},"primaryImageOfPage":{"@id":"https:\/\/testinisweb.ares.lt\/parduotuve\/auksinis-pakabukas-su-raide-v\/#primaryimage"},"image":{"@id":"https:\/\/testinisweb.ares.lt\/parduotuve\/auksinis-pakabukas-su-raide-v\/#primaryimage"},"thumbnailUrl":"https:\/\/testinisweb.ares.lt\/wp-content\/uploads\/2025\/02\/APR_V.jpg","datePublished":"2025-02-12T18:04:22+00:00","dateModified":"2026-01-25T20:01:52+00:00","description":"Z\u0142ota zawieszka z liter\u0105 \u201eV\u201d z cyrkoniami Ta elegancka zawieszka ze z\u0142ota pr\u00f3by 585 z liter\u0105 \u201eV\u201d to delikatny i luksusowy element bi\u017cuterii, kt\u00f3ry","breadcrumb":{"@id":"https:\/\/testinisweb.ares.lt\/parduotuve\/auksinis-pakabukas-su-raide-v\/#breadcrumb"},"inLanguage":"pl-PL","potentialAction":[{"@type":"ReadAction","target":["https:\/\/testinisweb.ares.lt\/parduotuve\/auksinis-pakabukas-su-raide-v\/"]}]},{"@type":"ImageObject","inLanguage":"pl-PL","@id":"https:\/\/testinisweb.ares.lt\/parduotuve\/auksinis-pakabukas-su-raide-v\/#primaryimage","url":"https:\/\/testinisweb.ares.lt\/wp-content\/uploads\/2025\/02\/APR_V.jpg","contentUrl":"https:\/\/testinisweb.ares.lt\/wp-content\/uploads\/2025\/02\/APR_V.jpg","width":3000,"height":3000,"caption":"Auksinis pakabukas su raide \u201eV\u201d"},{"@type":"BreadcrumbList","@id":"https:\/\/testinisweb.ares.lt\/parduotuve\/auksinis-pakabukas-su-raide-v\/#breadcrumb","itemListElement":[{"@type":"ListItem","position":1,"name":"Auksiniai papuo\u0161alai","item":"https:\/\/testinisweb.ares.lt\/"},{"@type":"ListItem","position":2,"name":"Parduotuv\u0117","item":"https:\/\/testinisweb.ares.lt\/parduotuve\/"},{"@type":"ListItem","position":3,"name":"Auksinis pakabukas su raide \u201eV\u201d"}]},{"@type":"WebSite","@id":"https:\/\/testinisweb.ares.lt\/#website","url":"https:\/\/testinisweb.ares.lt\/","name":"Bi\u017cuteria ARES","description":"Z\u0142ota bi\u017cuteria","publisher":{"@id":"https:\/\/testinisweb.ares.lt\/#organization"},"potentialAction":[{"@type":"SearchAction","target":{"@type":"EntryPoint","urlTemplate":"https:\/\/testinisweb.ares.lt\/?s={search_term_string}"},"query-input":{"@type":"PropertyValueSpecification","valueRequired":true,"valueName":"search_term_string"}}],"inLanguage":"pl-PL"},{"@type":"Organization","@id":"https:\/\/testinisweb.ares.lt\/#organization","name":"Bi\u017cuteria Ares Bi\u017cuteria z\u0142ota","url":"https:\/\/testinisweb.ares.lt\/","logo":{"@type":"ImageObject","inLanguage":"pl-PL","@id":"https:\/\/testinisweb.ares.lt\/#\/schema\/logo\/image\/","url":"https:\/\/i0.wp.com\/testinisweb.ares.lt\/wp-content\/uploads\/2022\/03\/ares-text-logo-1.png?fit=417%2C122&ssl=1","contentUrl":"https:\/\/i0.wp.com\/testinisweb.ares.lt\/wp-content\/uploads\/2022\/03\/ares-text-logo-1.png?fit=417%2C122&ssl=1","width":417,"height":122,"caption":"Ares Juvelyrika auksiniai papuosalai"},"image":{"@id":"https:\/\/testinisweb.ares.lt\/#\/schema\/logo\/image\/"},"sameAs":["https:\/\/www.facebook.com\/AresJewellery","https:\/\/www.instagram.com\/ares_juvelyrika\/"]}]}},"_links":{"self":[{"href":"https:\/\/testinisweb.ares.lt\/pl\/wp-json\/wp\/v2\/product\/17169","targetHints":{"allow":["GET"]}}],"collection":[{"href":"https:\/\/testinisweb.ares.lt\/pl\/wp-json\/wp\/v2\/product"}],"about":[{"href":"https:\/\/testinisweb.ares.lt\/pl\/wp-json\/wp\/v2\/types\/product"}],"replies":[{"embeddable":true,"href":"https:\/\/testinisweb.ares.lt\/pl\/wp-json\/wp\/v2\/comments?post=17169"}],"wp:featuredmedia":[{"embeddable":true,"href":"https:\/\/testinisweb.ares.lt\/pl\/wp-json\/wp\/v2\/media\/17170"}],"wp:attachment":[{"href":"https:\/\/testinisweb.ares.lt\/pl\/wp-json\/wp\/v2\/media?parent=17169"}],"wp:term":[{"taxonomy":"product_brand","embeddable":true,"href":"https:\/\/testinisweb.ares.lt\/pl\/wp-json\/wp\/v2\/product_brand?post=17169"},{"taxonomy":"product_cat","embeddable":true,"href":"https:\/\/testinisweb.ares.lt\/pl\/wp-json\/wp\/v2\/product_cat?post=17169"},{"taxonomy":"product_tag","embeddable":true,"href":"https:\/\/testinisweb.ares.lt\/pl\/wp-json\/wp\/v2\/product_tag?post=17169"}],"curies":[{"name":"wp","href":"https:\/\/api.w.org\/{rel}","templated":true}]}}