{"id":17188,"date":"2025-02-12T20:27:51","date_gmt":"2025-02-12T18:27:51","guid":{"rendered":"https:\/\/testinisweb.ares.lt\/?post_type=product&#038;p=17188"},"modified":"2026-01-25T22:01:50","modified_gmt":"2026-01-25T20:01:50","slug":"zloty-wisiorek-z-litera-t","status":"publish","type":"product","link":"https:\/\/testinisweb.ares.lt\/pl\/parduotuve\/auksinis-pakabukas-su-raide-t\/","title":{"rendered":"Z\u0142ota zawieszka z liter\u0105 &quot;T&quot;"},"content":{"rendered":"<h3 data-start=\"0\" data-end=\"51\">Z\u0142ota zawieszka z liter\u0105 &quot;T&quot; z cyrkoniami<\/h3>\n<p data-start=\"53\" data-end=\"323\">Ten 14-karatowy z\u0142oty wisiorek z liter\u0105 \u201eT\u201d to delikatny, ale wyj\u0105tkowy element bi\u017cuterii, kt\u00f3ry l\u015bni luksusowym urokiem cyrkonii. B\u0119dzie idealny jako osobisty akcent stylistyczny lub jako wyj\u0105tkowy prezent, kt\u00f3ry wyra\u017ca Twoj\u0105 indywidualno\u015b\u0107 i uczucia do bliskich.<\/p>\n<p data-start=\"325\" data-end=\"564\">Z\u0142ote wisiorki z inicja\u0142ami to \u015bwietny wyb\u00f3r dla tych, kt\u00f3rzy chc\u0105 mie\u0107 wyj\u0105tkow\u0105 i znacz\u0105c\u0105 bi\u017cuteri\u0119. Spersonalizowana bi\u017cuteria jest modna i ma symboliczn\u0105 warto\u015b\u0107, co czyni j\u0105 niezapomnianym pomys\u0142em na prezent na r\u00f3\u017cne okazje.<\/p>\n<p data-start=\"566\" data-end=\"819\">Dzi\u0119ki eleganckiemu wzornictwu ten wisiorek z \u0142atwo\u015bci\u0105 dopasuje si\u0119 do r\u00f3\u017cnych \u0142a\u0144cuszk\u00f3w i innej bi\u017cuterii. Jego promienny blask i minimalistyczny styl dodadz\u0105 ekskluzywno\u015bci i wyrafinowania zar\u00f3wno codziennym, jak i \u015bwi\u0105tecznym stylizacjom.<\/p>\n<p data-start=\"821\" data-end=\"1072\" data-is-last-node=\"\">Z\u0142ota bi\u017cuteria z literami i cyrkoniami to \u015bwietny prezent na urodziny, rocznice lub inne wa\u017cne okazje. Z\u0142oto pr\u00f3by 585 gwarantuje najwy\u017csz\u0105 jako\u015b\u0107 i trwa\u0142o\u015b\u0107, dzi\u0119ki czemu wisiorek ten pozostanie cenny i stylowy przez wiele lat.<\/p>","protected":false},"excerpt":{"rendered":"<p>Auksinis pakabukas su raide \u201eT\u201d su cirkoniais \u0160is 585 prabos auksinis pakabukas su raide \u201eT\u201d \u2013 tai subtilus, ta\u010diau i\u0161skirtinis papuo\u0161alas, kuris&hellip;<\/p>","protected":false},"featured_media":17189,"comment_status":"open","ping_status":"closed","template":"","meta":[],"product_cat":[961,972,968,966,870,969],"product_tag":[],"class_list":{"0":"post-17188","1":"product","2":"type-product","3":"status-publish","4":"has-post-thumbnail","6":"product_cat-auksiniai-pakabukai","7":"product_cat-auksiniai-pakabukai-iki-100-eur","8":"product_cat-auksiniai-pakabukai-raides","9":"product_cat-auksiniai-pakabukai-su-cirkoniais","10":"product_cat-pakabukai-su-raide","11":"product_cat-raudono-aukso-pakabukai","12":"tm-no-options","14":"first","15":"instock","16":"shipping-taxable","17":"purchasable","18":"product-type-simple"},"yoast_head":"<!-- This site is optimized with the Yoast SEO plugin v27.3 - https:\/\/yoast.com\/product\/yoast-seo-wordpress\/ -->\n<title>Auksinis pakabukas su raide \u201eT\u201d<\/title>\n<meta name=\"description\" content=\"Auksinis pakabukas su raide \u201eT\u201d su cirkoniais \u0160is 585 prabos auksinis pakabukas su raide \u201eT\u201d \u2013 tai subtilus, ta\u010diau i\u0161skirtinis papuo\u0161alas, kuris spindi\" \/>\n<meta name=\"robots\" content=\"index, follow, max-snippet:-1, max-image-preview:large, max-video-preview:-1\" \/>\n<link rel=\"canonical\" href=\"https:\/\/testinisweb.ares.lt\/pl\/w-sklepie\/zloty-wisiorek-z-litera-t\/\" \/>\n<meta property=\"og:locale\" content=\"pl_PL\" \/>\n<meta property=\"og:type\" content=\"article\" \/>\n<meta property=\"og:title\" content=\"Auksinis pakabukas su raide \u201eT\u201d\" \/>\n<meta property=\"og:description\" content=\"Auksinis pakabukas su raide \u201eT\u201d su cirkoniais \u0160is 585 prabos auksinis pakabukas su raide \u201eT\u201d \u2013 tai subtilus, ta\u010diau i\u0161skirtinis papuo\u0161alas, kuris spindi\" \/>\n<meta property=\"og:url\" content=\"https:\/\/testinisweb.ares.lt\/pl\/w-sklepie\/zloty-wisiorek-z-litera-t\/\" \/>\n<meta property=\"og:site_name\" content=\"ARES Juvelyrika\" \/>\n<meta property=\"article:publisher\" content=\"https:\/\/www.facebook.com\/AresJewellery\" \/>\n<meta property=\"article:modified_time\" content=\"2026-01-25T20:01:50+00:00\" \/>\n<meta property=\"og:image\" content=\"https:\/\/testinisweb.ares.lt\/wp-content\/uploads\/2025\/02\/APR_T.jpg\" \/>\n\t<meta property=\"og:image:width\" content=\"3000\" \/>\n\t<meta property=\"og:image:height\" content=\"3000\" \/>\n\t<meta property=\"og:image:type\" content=\"image\/jpeg\" \/>\n<meta name=\"twitter:card\" content=\"summary_large_image\" \/>\n<meta name=\"twitter:label1\" content=\"Szacowany czas czytania\" \/>\n\t<meta name=\"twitter:data1\" content=\"1 minuta\" \/>\n<script type=\"application\/ld+json\" class=\"yoast-schema-graph\">{\"@context\":\"https:\\\/\\\/schema.org\",\"@graph\":[{\"@type\":\"WebPage\",\"@id\":\"https:\\\/\\\/testinisweb.ares.lt\\\/parduotuve\\\/auksinis-pakabukas-su-raide-t\\\/\",\"url\":\"https:\\\/\\\/testinisweb.ares.lt\\\/parduotuve\\\/auksinis-pakabukas-su-raide-t\\\/\",\"name\":\"Auksinis pakabukas su raide \u201eT\u201d\",\"isPartOf\":{\"@id\":\"https:\\\/\\\/testinisweb.ares.lt\\\/#website\"},\"primaryImageOfPage\":{\"@id\":\"https:\\\/\\\/testinisweb.ares.lt\\\/parduotuve\\\/auksinis-pakabukas-su-raide-t\\\/#primaryimage\"},\"image\":{\"@id\":\"https:\\\/\\\/testinisweb.ares.lt\\\/parduotuve\\\/auksinis-pakabukas-su-raide-t\\\/#primaryimage\"},\"thumbnailUrl\":\"https:\\\/\\\/testinisweb.ares.lt\\\/wp-content\\\/uploads\\\/2025\\\/02\\\/APR_T.jpg\",\"datePublished\":\"2025-02-12T18:27:51+00:00\",\"dateModified\":\"2026-01-25T20:01:50+00:00\",\"description\":\"Auksinis pakabukas su raide \u201eT\u201d su cirkoniais \u0160is 585 prabos auksinis pakabukas su raide \u201eT\u201d \u2013 tai subtilus, ta\u010diau i\u0161skirtinis papuo\u0161alas, kuris spindi\",\"breadcrumb\":{\"@id\":\"https:\\\/\\\/testinisweb.ares.lt\\\/parduotuve\\\/auksinis-pakabukas-su-raide-t\\\/#breadcrumb\"},\"inLanguage\":\"pl-PL\",\"potentialAction\":[{\"@type\":\"ReadAction\",\"target\":[\"https:\\\/\\\/testinisweb.ares.lt\\\/parduotuve\\\/auksinis-pakabukas-su-raide-t\\\/\"]}]},{\"@type\":\"ImageObject\",\"inLanguage\":\"pl-PL\",\"@id\":\"https:\\\/\\\/testinisweb.ares.lt\\\/parduotuve\\\/auksinis-pakabukas-su-raide-t\\\/#primaryimage\",\"url\":\"https:\\\/\\\/testinisweb.ares.lt\\\/wp-content\\\/uploads\\\/2025\\\/02\\\/APR_T.jpg\",\"contentUrl\":\"https:\\\/\\\/testinisweb.ares.lt\\\/wp-content\\\/uploads\\\/2025\\\/02\\\/APR_T.jpg\",\"width\":3000,\"height\":3000,\"caption\":\"Auksinis pakabukas su raide \u201eT\u201d\"},{\"@type\":\"BreadcrumbList\",\"@id\":\"https:\\\/\\\/testinisweb.ares.lt\\\/parduotuve\\\/auksinis-pakabukas-su-raide-t\\\/#breadcrumb\",\"itemListElement\":[{\"@type\":\"ListItem\",\"position\":1,\"name\":\"Auksiniai papuo\u0161alai\",\"item\":\"https:\\\/\\\/testinisweb.ares.lt\\\/\"},{\"@type\":\"ListItem\",\"position\":2,\"name\":\"Parduotuv\u0117\",\"item\":\"https:\\\/\\\/testinisweb.ares.lt\\\/parduotuve\\\/\"},{\"@type\":\"ListItem\",\"position\":3,\"name\":\"Auksinis pakabukas su raide \u201eT\u201d\"}]},{\"@type\":\"WebSite\",\"@id\":\"https:\\\/\\\/testinisweb.ares.lt\\\/#website\",\"url\":\"https:\\\/\\\/testinisweb.ares.lt\\\/\",\"name\":\"ARES Juvelyrika\",\"description\":\"Auksiniai papuo\u0161alai\",\"publisher\":{\"@id\":\"https:\\\/\\\/testinisweb.ares.lt\\\/#organization\"},\"potentialAction\":[{\"@type\":\"SearchAction\",\"target\":{\"@type\":\"EntryPoint\",\"urlTemplate\":\"https:\\\/\\\/testinisweb.ares.lt\\\/?s={search_term_string}\"},\"query-input\":{\"@type\":\"PropertyValueSpecification\",\"valueRequired\":true,\"valueName\":\"search_term_string\"}}],\"inLanguage\":\"pl-PL\"},{\"@type\":\"Organization\",\"@id\":\"https:\\\/\\\/testinisweb.ares.lt\\\/#organization\",\"name\":\"Ares Juvelyrika auksiniai papuosalai\",\"url\":\"https:\\\/\\\/testinisweb.ares.lt\\\/\",\"logo\":{\"@type\":\"ImageObject\",\"inLanguage\":\"pl-PL\",\"@id\":\"https:\\\/\\\/testinisweb.ares.lt\\\/#\\\/schema\\\/logo\\\/image\\\/\",\"url\":\"https:\\\/\\\/i0.wp.com\\\/testinisweb.ares.lt\\\/wp-content\\\/uploads\\\/2022\\\/03\\\/ares-text-logo-1.png?fit=417%2C122&ssl=1\",\"contentUrl\":\"https:\\\/\\\/i0.wp.com\\\/testinisweb.ares.lt\\\/wp-content\\\/uploads\\\/2022\\\/03\\\/ares-text-logo-1.png?fit=417%2C122&ssl=1\",\"width\":417,\"height\":122,\"caption\":\"Ares Juvelyrika auksiniai papuosalai\"},\"image\":{\"@id\":\"https:\\\/\\\/testinisweb.ares.lt\\\/#\\\/schema\\\/logo\\\/image\\\/\"},\"sameAs\":[\"https:\\\/\\\/www.facebook.com\\\/AresJewellery\",\"https:\\\/\\\/www.instagram.com\\\/ares_juvelyrika\\\/\"]}]}<\/script>\n<!-- \/ Yoast SEO plugin. -->","yoast_head_json":{"title":"Z\u0142ota zawieszka z liter\u0105 &quot;T&quot;","description":"Z\u0142ota zawieszka z liter\u0105 \u201eT\u201d z cyrkoniami Ta z\u0142ota zawieszka pr\u00f3by 585 z liter\u0105 \u201eT\u201d to delikatny, a zarazem wyj\u0105tkowy element bi\u017cuterii, kt\u00f3ry l\u015bni","robots":{"index":"index","follow":"follow","max-snippet":"max-snippet:-1","max-image-preview":"max-image-preview:large","max-video-preview":"max-video-preview:-1"},"canonical":"https:\/\/testinisweb.ares.lt\/pl\/w-sklepie\/zloty-wisiorek-z-litera-t\/","og_locale":"pl_PL","og_type":"article","og_title":"Auksinis pakabukas su raide \u201eT\u201d","og_description":"Auksinis pakabukas su raide \u201eT\u201d su cirkoniais \u0160is 585 prabos auksinis pakabukas su raide \u201eT\u201d \u2013 tai subtilus, ta\u010diau i\u0161skirtinis papuo\u0161alas, kuris spindi","og_url":"https:\/\/testinisweb.ares.lt\/pl\/w-sklepie\/zloty-wisiorek-z-litera-t\/","og_site_name":"ARES Juvelyrika","article_publisher":"https:\/\/www.facebook.com\/AresJewellery","article_modified_time":"2026-01-25T20:01:50+00:00","og_image":[{"width":3000,"height":3000,"url":"https:\/\/testinisweb.ares.lt\/wp-content\/uploads\/2025\/02\/APR_T.jpg","type":"image\/jpeg"}],"twitter_card":"summary_large_image","twitter_misc":{"Szacowany czas czytania":"1 minuta"},"schema":{"@context":"https:\/\/schema.org","@graph":[{"@type":"WebPage","@id":"https:\/\/testinisweb.ares.lt\/parduotuve\/auksinis-pakabukas-su-raide-t\/","url":"https:\/\/testinisweb.ares.lt\/parduotuve\/auksinis-pakabukas-su-raide-t\/","name":"Z\u0142ota zawieszka z liter\u0105 &quot;T&quot;","isPartOf":{"@id":"https:\/\/testinisweb.ares.lt\/#website"},"primaryImageOfPage":{"@id":"https:\/\/testinisweb.ares.lt\/parduotuve\/auksinis-pakabukas-su-raide-t\/#primaryimage"},"image":{"@id":"https:\/\/testinisweb.ares.lt\/parduotuve\/auksinis-pakabukas-su-raide-t\/#primaryimage"},"thumbnailUrl":"https:\/\/testinisweb.ares.lt\/wp-content\/uploads\/2025\/02\/APR_T.jpg","datePublished":"2025-02-12T18:27:51+00:00","dateModified":"2026-01-25T20:01:50+00:00","description":"Z\u0142ota zawieszka z liter\u0105 \u201eT\u201d z cyrkoniami Ta z\u0142ota zawieszka pr\u00f3by 585 z liter\u0105 \u201eT\u201d to delikatny, a zarazem wyj\u0105tkowy element bi\u017cuterii, kt\u00f3ry l\u015bni","breadcrumb":{"@id":"https:\/\/testinisweb.ares.lt\/parduotuve\/auksinis-pakabukas-su-raide-t\/#breadcrumb"},"inLanguage":"pl-PL","potentialAction":[{"@type":"ReadAction","target":["https:\/\/testinisweb.ares.lt\/parduotuve\/auksinis-pakabukas-su-raide-t\/"]}]},{"@type":"ImageObject","inLanguage":"pl-PL","@id":"https:\/\/testinisweb.ares.lt\/parduotuve\/auksinis-pakabukas-su-raide-t\/#primaryimage","url":"https:\/\/testinisweb.ares.lt\/wp-content\/uploads\/2025\/02\/APR_T.jpg","contentUrl":"https:\/\/testinisweb.ares.lt\/wp-content\/uploads\/2025\/02\/APR_T.jpg","width":3000,"height":3000,"caption":"Auksinis pakabukas su raide \u201eT\u201d"},{"@type":"BreadcrumbList","@id":"https:\/\/testinisweb.ares.lt\/parduotuve\/auksinis-pakabukas-su-raide-t\/#breadcrumb","itemListElement":[{"@type":"ListItem","position":1,"name":"Auksiniai papuo\u0161alai","item":"https:\/\/testinisweb.ares.lt\/"},{"@type":"ListItem","position":2,"name":"Parduotuv\u0117","item":"https:\/\/testinisweb.ares.lt\/parduotuve\/"},{"@type":"ListItem","position":3,"name":"Auksinis pakabukas su raide \u201eT\u201d"}]},{"@type":"WebSite","@id":"https:\/\/testinisweb.ares.lt\/#website","url":"https:\/\/testinisweb.ares.lt\/","name":"Bi\u017cuteria ARES","description":"Z\u0142ota bi\u017cuteria","publisher":{"@id":"https:\/\/testinisweb.ares.lt\/#organization"},"potentialAction":[{"@type":"SearchAction","target":{"@type":"EntryPoint","urlTemplate":"https:\/\/testinisweb.ares.lt\/?s={search_term_string}"},"query-input":{"@type":"PropertyValueSpecification","valueRequired":true,"valueName":"search_term_string"}}],"inLanguage":"pl-PL"},{"@type":"Organization","@id":"https:\/\/testinisweb.ares.lt\/#organization","name":"Bi\u017cuteria Ares Bi\u017cuteria z\u0142ota","url":"https:\/\/testinisweb.ares.lt\/","logo":{"@type":"ImageObject","inLanguage":"pl-PL","@id":"https:\/\/testinisweb.ares.lt\/#\/schema\/logo\/image\/","url":"https:\/\/i0.wp.com\/testinisweb.ares.lt\/wp-content\/uploads\/2022\/03\/ares-text-logo-1.png?fit=417%2C122&ssl=1","contentUrl":"https:\/\/i0.wp.com\/testinisweb.ares.lt\/wp-content\/uploads\/2022\/03\/ares-text-logo-1.png?fit=417%2C122&ssl=1","width":417,"height":122,"caption":"Ares Juvelyrika auksiniai papuosalai"},"image":{"@id":"https:\/\/testinisweb.ares.lt\/#\/schema\/logo\/image\/"},"sameAs":["https:\/\/www.facebook.com\/AresJewellery","https:\/\/www.instagram.com\/ares_juvelyrika\/"]}]}},"_links":{"self":[{"href":"https:\/\/testinisweb.ares.lt\/pl\/wp-json\/wp\/v2\/product\/17188","targetHints":{"allow":["GET"]}}],"collection":[{"href":"https:\/\/testinisweb.ares.lt\/pl\/wp-json\/wp\/v2\/product"}],"about":[{"href":"https:\/\/testinisweb.ares.lt\/pl\/wp-json\/wp\/v2\/types\/product"}],"replies":[{"embeddable":true,"href":"https:\/\/testinisweb.ares.lt\/pl\/wp-json\/wp\/v2\/comments?post=17188"}],"wp:featuredmedia":[{"embeddable":true,"href":"https:\/\/testinisweb.ares.lt\/pl\/wp-json\/wp\/v2\/media\/17189"}],"wp:attachment":[{"href":"https:\/\/testinisweb.ares.lt\/pl\/wp-json\/wp\/v2\/media?parent=17188"}],"wp:term":[{"taxonomy":"product_cat","embeddable":true,"href":"https:\/\/testinisweb.ares.lt\/pl\/wp-json\/wp\/v2\/product_cat?post=17188"},{"taxonomy":"product_tag","embeddable":true,"href":"https:\/\/testinisweb.ares.lt\/pl\/wp-json\/wp\/v2\/product_tag?post=17188"}],"curies":[{"name":"wp","href":"https:\/\/api.w.org\/{rel}","templated":true}]}}