{"id":17206,"date":"2025-02-14T21:22:50","date_gmt":"2025-02-14T19:22:50","guid":{"rendered":"https:\/\/testinisweb.ares.lt\/?post_type=product&#038;p=17206"},"modified":"2026-01-25T22:01:49","modified_gmt":"2026-01-25T20:01:49","slug":"zloty-wisiorek-do-grawerowania","status":"publish","type":"product","link":"https:\/\/testinisweb.ares.lt\/pl\/parduotuve\/auksinis-pakabukas-graviravimui\/","title":{"rendered":"Z\u0142ota zawieszka &quot;Plate&quot; (do grawerowania)"},"content":{"rendered":"<h3 data-start=\"0\" data-end=\"37\">Z\u0142ota zawieszka &quot;Plate&quot; (do grawerowania)<\/h3>\n<p data-start=\"39\" data-end=\"292\">Ten wisiorek ze z\u0142ota pr\u00f3by 585 to elegancki i wyj\u0105tkowy element bi\u017cuterii, kt\u00f3ry jest przeznaczony do indywidualnego grawerowania. Pozwala wygrawerowa\u0107 imi\u0119, inicja\u0142y, wa\u017cn\u0105 dat\u0119 lub specjaln\u0105 wiadomo\u015b\u0107, zamieniaj\u0105c go w osobist\u0105 i wyj\u0105tkow\u0105 pami\u0105tk\u0119.<\/p>\n<p data-start=\"294\" data-end=\"487\">Z\u0142ote wisiorki do grawerowania s\u0105 \u015bwietnym wyborem dla tych, kt\u00f3rzy szukaj\u0105 znacz\u0105cego i spersonalizowanego dodatku. To idealny spos\u00f3b na wyra\u017cenie mi\u0142o\u015bci, przyja\u017ani lub wyj\u0105tkowych moment\u00f3w w \u017cyciu.<\/p>\n<p data-start=\"489\" data-end=\"768\">Dzi\u0119ki minimalistycznemu i eleganckiemu wzornictwu ten wisiorek dobrze komponuje si\u0119 z r\u00f3\u017cnymi \u0142a\u0144cuszkami i inn\u0105 bi\u017cuteri\u0105. Jest odpowiedni zar\u00f3wno dla kobiet, jak i m\u0119\u017cczyzn, co czyni go wszechstronnym i stylowym prezentem na ka\u017cd\u0105 okazj\u0119 - urodziny, chrzciny, \u015blub lub rocznic\u0119.<\/p>\n<p data-start=\"770\" data-end=\"1014\" data-is-last-node=\"\">Z\u0142ota bi\u017cuteria jest trwa\u0142a i cenna, dlatego ten grawerowany wisiorek pozostanie cenn\u0105 pami\u0105tk\u0105 na wiele lat. Z\u0142oto pr\u00f3by 585 gwarantuje najwy\u017csz\u0105 jako\u015b\u0107 i luksusowy po\u0142ysk, dzi\u0119ki czemu jest to wyj\u0105tkowy i pe\u0142en znaczenia element bi\u017cuterii.<\/p>","protected":false},"excerpt":{"rendered":"<p>Auksinis pakabukas &#8222;Plok\u0161tel\u0117&#8221; (graviravimui) \u0160is 585 prabos auksinis pakabukas &#8211; tai eleganti\u0161kas ir unikalus papuo\u0161alas, skirtas individualiai graviruotei. Jis suteikia galimyb\u0119 i\u0161graviruoti&hellip;<\/p>","protected":false},"featured_media":17207,"comment_status":"open","ping_status":"closed","template":"","meta":[],"product_cat":[961,973,969],"product_tag":[],"class_list":{"0":"post-17206","1":"product","2":"type-product","3":"status-publish","4":"has-post-thumbnail","6":"product_cat-auksiniai-pakabukai","7":"product_cat-auksiniai-pakabukai-iki-250-eur","8":"product_cat-raudono-aukso-pakabukai","9":"tm-no-options","11":"first","12":"instock","13":"shipping-taxable","14":"purchasable","15":"product-type-simple"},"yoast_head":"<!-- This site is optimized with the Yoast SEO plugin v27.4 - https:\/\/yoast.com\/product\/yoast-seo-wordpress\/ -->\n<title>Auksinis pakabukas &quot;Plok\u0161tel\u0117&quot; (graviravimui)<\/title>\n<meta name=\"description\" content=\"Auksinis pakabukas &quot;Plok\u0161tel\u0117&quot; (graviravimui) \u0160is 585 prabos auksinis pakabukas - tai eleganti\u0161kas ir unikalus papuo\u0161alas, skirtas individualiai\" \/>\n<meta name=\"robots\" content=\"index, follow, max-snippet:-1, max-image-preview:large, max-video-preview:-1\" \/>\n<link rel=\"canonical\" href=\"https:\/\/testinisweb.ares.lt\/pl\/w-sklepie\/zloty-wisiorek-do-grawerowania\/\" \/>\n<meta property=\"og:locale\" content=\"pl_PL\" \/>\n<meta property=\"og:type\" content=\"article\" \/>\n<meta property=\"og:title\" content=\"Auksinis pakabukas &quot;Plok\u0161tel\u0117&quot; (graviravimui)\" \/>\n<meta property=\"og:description\" content=\"Auksinis pakabukas &quot;Plok\u0161tel\u0117&quot; (graviravimui) \u0160is 585 prabos auksinis pakabukas - tai eleganti\u0161kas ir unikalus papuo\u0161alas, skirtas individualiai\" \/>\n<meta property=\"og:url\" content=\"https:\/\/testinisweb.ares.lt\/pl\/w-sklepie\/zloty-wisiorek-do-grawerowania\/\" \/>\n<meta property=\"og:site_name\" content=\"ARES Juvelyrika\" \/>\n<meta property=\"article:publisher\" content=\"https:\/\/www.facebook.com\/AresJewellery\" \/>\n<meta property=\"article:modified_time\" content=\"2026-01-25T20:01:49+00:00\" \/>\n<meta property=\"og:image\" content=\"https:\/\/testinisweb.ares.lt\/wp-content\/uploads\/2025\/02\/AP_A4.jpg\" \/>\n\t<meta property=\"og:image:width\" content=\"3000\" \/>\n\t<meta property=\"og:image:height\" content=\"3000\" \/>\n\t<meta property=\"og:image:type\" content=\"image\/jpeg\" \/>\n<meta name=\"twitter:card\" content=\"summary_large_image\" \/>\n<meta name=\"twitter:label1\" content=\"Szacowany czas czytania\" \/>\n\t<meta name=\"twitter:data1\" content=\"1 minuta\" \/>\n<script type=\"application\/ld+json\" class=\"yoast-schema-graph\">{\"@context\":\"https:\\\/\\\/schema.org\",\"@graph\":[{\"@type\":\"WebPage\",\"@id\":\"https:\\\/\\\/testinisweb.ares.lt\\\/parduotuve\\\/auksinis-pakabukas-graviravimui\\\/\",\"url\":\"https:\\\/\\\/testinisweb.ares.lt\\\/parduotuve\\\/auksinis-pakabukas-graviravimui\\\/\",\"name\":\"Auksinis pakabukas \\\"Plok\u0161tel\u0117\\\" (graviravimui)\",\"isPartOf\":{\"@id\":\"https:\\\/\\\/testinisweb.ares.lt\\\/#website\"},\"primaryImageOfPage\":{\"@id\":\"https:\\\/\\\/testinisweb.ares.lt\\\/parduotuve\\\/auksinis-pakabukas-graviravimui\\\/#primaryimage\"},\"image\":{\"@id\":\"https:\\\/\\\/testinisweb.ares.lt\\\/parduotuve\\\/auksinis-pakabukas-graviravimui\\\/#primaryimage\"},\"thumbnailUrl\":\"https:\\\/\\\/testinisweb.ares.lt\\\/wp-content\\\/uploads\\\/2025\\\/02\\\/AP_A4.jpg\",\"datePublished\":\"2025-02-14T19:22:50+00:00\",\"dateModified\":\"2026-01-25T20:01:49+00:00\",\"description\":\"Auksinis pakabukas \\\"Plok\u0161tel\u0117\\\" (graviravimui) \u0160is 585 prabos auksinis pakabukas - tai eleganti\u0161kas ir unikalus papuo\u0161alas, skirtas individualiai\",\"breadcrumb\":{\"@id\":\"https:\\\/\\\/testinisweb.ares.lt\\\/parduotuve\\\/auksinis-pakabukas-graviravimui\\\/#breadcrumb\"},\"inLanguage\":\"pl-PL\",\"potentialAction\":[{\"@type\":\"ReadAction\",\"target\":[\"https:\\\/\\\/testinisweb.ares.lt\\\/parduotuve\\\/auksinis-pakabukas-graviravimui\\\/\"]}]},{\"@type\":\"ImageObject\",\"inLanguage\":\"pl-PL\",\"@id\":\"https:\\\/\\\/testinisweb.ares.lt\\\/parduotuve\\\/auksinis-pakabukas-graviravimui\\\/#primaryimage\",\"url\":\"https:\\\/\\\/testinisweb.ares.lt\\\/wp-content\\\/uploads\\\/2025\\\/02\\\/AP_A4.jpg\",\"contentUrl\":\"https:\\\/\\\/testinisweb.ares.lt\\\/wp-content\\\/uploads\\\/2025\\\/02\\\/AP_A4.jpg\",\"width\":3000,\"height\":3000,\"caption\":\"Auksinis pakabukas graviravimui\"},{\"@type\":\"BreadcrumbList\",\"@id\":\"https:\\\/\\\/testinisweb.ares.lt\\\/parduotuve\\\/auksinis-pakabukas-graviravimui\\\/#breadcrumb\",\"itemListElement\":[{\"@type\":\"ListItem\",\"position\":1,\"name\":\"Auksiniai papuo\u0161alai\",\"item\":\"https:\\\/\\\/testinisweb.ares.lt\\\/\"},{\"@type\":\"ListItem\",\"position\":2,\"name\":\"Parduotuv\u0117\",\"item\":\"https:\\\/\\\/testinisweb.ares.lt\\\/parduotuve\\\/\"},{\"@type\":\"ListItem\",\"position\":3,\"name\":\"Auksinis pakabukas &#8222;Plok\u0161tel\u0117&#8221; (graviravimui)\"}]},{\"@type\":\"WebSite\",\"@id\":\"https:\\\/\\\/testinisweb.ares.lt\\\/#website\",\"url\":\"https:\\\/\\\/testinisweb.ares.lt\\\/\",\"name\":\"ARES Juvelyrika\",\"description\":\"Auksiniai papuo\u0161alai\",\"publisher\":{\"@id\":\"https:\\\/\\\/testinisweb.ares.lt\\\/#organization\"},\"potentialAction\":[{\"@type\":\"SearchAction\",\"target\":{\"@type\":\"EntryPoint\",\"urlTemplate\":\"https:\\\/\\\/testinisweb.ares.lt\\\/?s={search_term_string}\"},\"query-input\":{\"@type\":\"PropertyValueSpecification\",\"valueRequired\":true,\"valueName\":\"search_term_string\"}}],\"inLanguage\":\"pl-PL\"},{\"@type\":\"Organization\",\"@id\":\"https:\\\/\\\/testinisweb.ares.lt\\\/#organization\",\"name\":\"Ares Juvelyrika auksiniai papuosalai\",\"url\":\"https:\\\/\\\/testinisweb.ares.lt\\\/\",\"logo\":{\"@type\":\"ImageObject\",\"inLanguage\":\"pl-PL\",\"@id\":\"https:\\\/\\\/testinisweb.ares.lt\\\/#\\\/schema\\\/logo\\\/image\\\/\",\"url\":\"https:\\\/\\\/i0.wp.com\\\/testinisweb.ares.lt\\\/wp-content\\\/uploads\\\/2022\\\/03\\\/ares-text-logo-1.png?fit=417%2C122&ssl=1\",\"contentUrl\":\"https:\\\/\\\/i0.wp.com\\\/testinisweb.ares.lt\\\/wp-content\\\/uploads\\\/2022\\\/03\\\/ares-text-logo-1.png?fit=417%2C122&ssl=1\",\"width\":417,\"height\":122,\"caption\":\"Ares Juvelyrika auksiniai papuosalai\"},\"image\":{\"@id\":\"https:\\\/\\\/testinisweb.ares.lt\\\/#\\\/schema\\\/logo\\\/image\\\/\"},\"sameAs\":[\"https:\\\/\\\/www.facebook.com\\\/AresJewellery\",\"https:\\\/\\\/www.instagram.com\\\/ares_juvelyrika\\\/\"]}]}<\/script>\n<!-- \/ Yoast SEO plugin. -->","yoast_head_json":{"title":"Z\u0142ota zawieszka &quot;Plate&quot; (do grawerowania)","description":"Z\u0142ota zawieszka &quot;Plate&quot; (do grawerowania) Ta z\u0142ota zawieszka pr\u00f3by 585 to elegancka i wyj\u0105tkowa bi\u017cuteria do indywidualnego u\u017cytku.","robots":{"index":"index","follow":"follow","max-snippet":"max-snippet:-1","max-image-preview":"max-image-preview:large","max-video-preview":"max-video-preview:-1"},"canonical":"https:\/\/testinisweb.ares.lt\/pl\/w-sklepie\/zloty-wisiorek-do-grawerowania\/","og_locale":"pl_PL","og_type":"article","og_title":"Auksinis pakabukas \"Plok\u0161tel\u0117\" (graviravimui)","og_description":"Auksinis pakabukas \"Plok\u0161tel\u0117\" (graviravimui) \u0160is 585 prabos auksinis pakabukas - tai eleganti\u0161kas ir unikalus papuo\u0161alas, skirtas individualiai","og_url":"https:\/\/testinisweb.ares.lt\/pl\/w-sklepie\/zloty-wisiorek-do-grawerowania\/","og_site_name":"ARES Juvelyrika","article_publisher":"https:\/\/www.facebook.com\/AresJewellery","article_modified_time":"2026-01-25T20:01:49+00:00","og_image":[{"width":3000,"height":3000,"url":"https:\/\/testinisweb.ares.lt\/wp-content\/uploads\/2025\/02\/AP_A4.jpg","type":"image\/jpeg"}],"twitter_card":"summary_large_image","twitter_misc":{"Szacowany czas czytania":"1 minuta"},"schema":{"@context":"https:\/\/schema.org","@graph":[{"@type":"WebPage","@id":"https:\/\/testinisweb.ares.lt\/parduotuve\/auksinis-pakabukas-graviravimui\/","url":"https:\/\/testinisweb.ares.lt\/parduotuve\/auksinis-pakabukas-graviravimui\/","name":"Z\u0142ota zawieszka &quot;Plate&quot; (do grawerowania)","isPartOf":{"@id":"https:\/\/testinisweb.ares.lt\/#website"},"primaryImageOfPage":{"@id":"https:\/\/testinisweb.ares.lt\/parduotuve\/auksinis-pakabukas-graviravimui\/#primaryimage"},"image":{"@id":"https:\/\/testinisweb.ares.lt\/parduotuve\/auksinis-pakabukas-graviravimui\/#primaryimage"},"thumbnailUrl":"https:\/\/testinisweb.ares.lt\/wp-content\/uploads\/2025\/02\/AP_A4.jpg","datePublished":"2025-02-14T19:22:50+00:00","dateModified":"2026-01-25T20:01:49+00:00","description":"Z\u0142ota zawieszka &quot;Plate&quot; (do grawerowania) Ta z\u0142ota zawieszka pr\u00f3by 585 to elegancka i wyj\u0105tkowa bi\u017cuteria do indywidualnego u\u017cytku.","breadcrumb":{"@id":"https:\/\/testinisweb.ares.lt\/parduotuve\/auksinis-pakabukas-graviravimui\/#breadcrumb"},"inLanguage":"pl-PL","potentialAction":[{"@type":"ReadAction","target":["https:\/\/testinisweb.ares.lt\/parduotuve\/auksinis-pakabukas-graviravimui\/"]}]},{"@type":"ImageObject","inLanguage":"pl-PL","@id":"https:\/\/testinisweb.ares.lt\/parduotuve\/auksinis-pakabukas-graviravimui\/#primaryimage","url":"https:\/\/testinisweb.ares.lt\/wp-content\/uploads\/2025\/02\/AP_A4.jpg","contentUrl":"https:\/\/testinisweb.ares.lt\/wp-content\/uploads\/2025\/02\/AP_A4.jpg","width":3000,"height":3000,"caption":"Auksinis pakabukas graviravimui"},{"@type":"BreadcrumbList","@id":"https:\/\/testinisweb.ares.lt\/parduotuve\/auksinis-pakabukas-graviravimui\/#breadcrumb","itemListElement":[{"@type":"ListItem","position":1,"name":"Auksiniai papuo\u0161alai","item":"https:\/\/testinisweb.ares.lt\/"},{"@type":"ListItem","position":2,"name":"Parduotuv\u0117","item":"https:\/\/testinisweb.ares.lt\/parduotuve\/"},{"@type":"ListItem","position":3,"name":"Auksinis pakabukas &#8222;Plok\u0161tel\u0117&#8221; (graviravimui)"}]},{"@type":"WebSite","@id":"https:\/\/testinisweb.ares.lt\/#website","url":"https:\/\/testinisweb.ares.lt\/","name":"Bi\u017cuteria ARES","description":"Z\u0142ota bi\u017cuteria","publisher":{"@id":"https:\/\/testinisweb.ares.lt\/#organization"},"potentialAction":[{"@type":"SearchAction","target":{"@type":"EntryPoint","urlTemplate":"https:\/\/testinisweb.ares.lt\/?s={search_term_string}"},"query-input":{"@type":"PropertyValueSpecification","valueRequired":true,"valueName":"search_term_string"}}],"inLanguage":"pl-PL"},{"@type":"Organization","@id":"https:\/\/testinisweb.ares.lt\/#organization","name":"Bi\u017cuteria Ares Bi\u017cuteria z\u0142ota","url":"https:\/\/testinisweb.ares.lt\/","logo":{"@type":"ImageObject","inLanguage":"pl-PL","@id":"https:\/\/testinisweb.ares.lt\/#\/schema\/logo\/image\/","url":"https:\/\/i0.wp.com\/testinisweb.ares.lt\/wp-content\/uploads\/2022\/03\/ares-text-logo-1.png?fit=417%2C122&ssl=1","contentUrl":"https:\/\/i0.wp.com\/testinisweb.ares.lt\/wp-content\/uploads\/2022\/03\/ares-text-logo-1.png?fit=417%2C122&ssl=1","width":417,"height":122,"caption":"Ares Juvelyrika auksiniai papuosalai"},"image":{"@id":"https:\/\/testinisweb.ares.lt\/#\/schema\/logo\/image\/"},"sameAs":["https:\/\/www.facebook.com\/AresJewellery","https:\/\/www.instagram.com\/ares_juvelyrika\/"]}]}},"_links":{"self":[{"href":"https:\/\/testinisweb.ares.lt\/pl\/wp-json\/wp\/v2\/product\/17206","targetHints":{"allow":["GET"]}}],"collection":[{"href":"https:\/\/testinisweb.ares.lt\/pl\/wp-json\/wp\/v2\/product"}],"about":[{"href":"https:\/\/testinisweb.ares.lt\/pl\/wp-json\/wp\/v2\/types\/product"}],"replies":[{"embeddable":true,"href":"https:\/\/testinisweb.ares.lt\/pl\/wp-json\/wp\/v2\/comments?post=17206"}],"wp:featuredmedia":[{"embeddable":true,"href":"https:\/\/testinisweb.ares.lt\/pl\/wp-json\/wp\/v2\/media\/17207"}],"wp:attachment":[{"href":"https:\/\/testinisweb.ares.lt\/pl\/wp-json\/wp\/v2\/media?parent=17206"}],"wp:term":[{"taxonomy":"product_cat","embeddable":true,"href":"https:\/\/testinisweb.ares.lt\/pl\/wp-json\/wp\/v2\/product_cat?post=17206"},{"taxonomy":"product_tag","embeddable":true,"href":"https:\/\/testinisweb.ares.lt\/pl\/wp-json\/wp\/v2\/product_tag?post=17206"}],"curies":[{"name":"wp","href":"https:\/\/api.w.org\/{rel}","templated":true}]}}