{"id":10858,"date":"2022-08-22T16:24:52","date_gmt":"2022-08-22T14:24:52","guid":{"rendered":"https:\/\/testinisweb.ares.lt\/?post_type=product&#038;p=10858"},"modified":"2026-01-25T22:18:06","modified_gmt":"2026-01-25T20:18:06","slug":"%d0%b7%d0%be%d0%bb%d0%be%d1%82%d0%be%d0%b9-%d0%b1%d1%80%d0%b0%d1%81%d0%bb%d0%b5%d1%82-3","status":"publish","type":"product","link":"https:\/\/testinisweb.ares.lt\/ru\/parduotuve\/auksine-apyranke-3\/","title":{"rendered":"\u0417\u043e\u043b\u043e\u0442\u043e\u0439 \u0431\u0440\u0430\u0441\u043b\u0435\u0442"},"content":{"rendered":"<p>\u0417\u043e\u043b\u043e\u0442\u043e\u0439 \u0431\u0440\u0430\u0441\u043b\u0435\u0442 \u2014 \u044d\u0442\u043e \u0438\u0437\u044f\u0449\u043d\u0430\u044f \u0434\u0435\u0442\u0430\u043b\u044c, \u043a\u043e\u0442\u043e\u0440\u0430\u044f \u043f\u043e\u0434\u0447\u0435\u0440\u043a\u0438\u0432\u0430\u0435\u0442 \u0432\u0430\u0448\u0435 \u0437\u0430\u043f\u044f\u0441\u0442\u044c\u0435 \u0438 \u0434\u043e\u0431\u0430\u0432\u043b\u044f\u0435\u0442 \u044d\u043b\u0435\u0433\u0430\u043d\u0442\u043d\u043e\u0441\u0442\u0438 \u0432\u0430\u0448\u0435\u043c\u0443 \u043e\u0431\u0440\u0430\u0437\u0443. \u041d\u0430\u0448\u0438 \u0437\u043e\u043b\u043e\u0442\u044b\u0435 \u0443\u043a\u0440\u0430\u0448\u0435\u043d\u0438\u044f \u2014 \u044d\u0442\u043e \u0432\u043d\u0435\u0432\u0440\u0435\u043c\u0435\u043d\u043d\u043e\u0439 \u0434\u0438\u0437\u0430\u0439\u043d \u0438 \u044d\u0442\u0430\u043b\u043e\u043d \u0431\u0435\u0437\u0443\u043f\u0440\u0435\u0447\u043d\u043e\u0433\u043e \u043a\u0430\u0447\u0435\u0441\u0442\u0432\u0430.<\/p>","protected":false},"excerpt":{"rendered":"<p>Auksin\u0117 Apyrank\u0117 \u2013 tai subtili detal\u0117, i\u0161yr\u0161kinanti rie\u0161\u0105 bei eleganti\u0161kumo j\u016bs\u0173 \u012fvaizd\u017eiui. M\u016bs\u0173 auksiniai papuo\u0161alai yra nesenstan\u010dio dizaino k\u016briniai ir nepriekai\u0161tingos kokyb\u0117s&hellip;<\/p>","protected":false},"featured_media":10925,"comment_status":"open","ping_status":"closed","template":"","meta":[],"product_cat":[247,258,982,432,977,401,991],"product_tag":[],"class_list":{"0":"post-10858","1":"product","2":"type-product","3":"status-publish","4":"has-post-thumbnail","6":"product_cat-apyrankes","7":"product_cat-auksines-apyrankes","8":"product_cat-auksines-apyrankes-iki-500-eur","9":"product_cat-nauja","10":"product_cat-raudono-aukso-apyrankes","11":"product_cat-raudono-aukso-papuosalai","12":"product_cat-reguliuojamos-auksines-apyrankes","13":"tm-no-options","15":"first","16":"instock","17":"shipping-taxable","18":"purchasable","19":"product-type-simple"},"yoast_head":"<!-- This site is optimized with the Yoast SEO plugin v27.3 - https:\/\/yoast.com\/product\/yoast-seo-wordpress\/ -->\n<title>Auksin\u0117 Apyrank\u0117<\/title>\n<meta name=\"description\" content=\"Auksin\u0117 Apyrank\u0117 \u2013 tai subtili detal\u0117, i\u0161yr\u0161kinanti rie\u0161\u0105 bei eleganti\u0161kumo j\u016bs\u0173 \u012fvaizd\u017eiui. M\u016bs\u0173 auksiniai papuo\u0161alai yra nesenstan\u010dio dizaino k\u016briniai\" \/>\n<meta name=\"robots\" content=\"index, follow, max-snippet:-1, max-image-preview:large, max-video-preview:-1\" \/>\n<link rel=\"canonical\" href=\"https:\/\/testinisweb.ares.lt\/ru\/\u0432-\u043c\u0430\u0433\u0430\u0437\u0438\u043d\u0435\/\u0437\u043e\u043b\u043e\u0442\u043e\u0439-\u0431\u0440\u0430\u0441\u043b\u0435\u0442-3\/\" \/>\n<meta property=\"og:locale\" content=\"ru_RU\" \/>\n<meta property=\"og:type\" content=\"article\" \/>\n<meta property=\"og:title\" content=\"Auksin\u0117 Apyrank\u0117\" \/>\n<meta property=\"og:description\" content=\"Auksin\u0117 Apyrank\u0117 \u2013 tai subtili detal\u0117, i\u0161yr\u0161kinanti rie\u0161\u0105 bei eleganti\u0161kumo j\u016bs\u0173 \u012fvaizd\u017eiui. M\u016bs\u0173 auksiniai papuo\u0161alai yra nesenstan\u010dio dizaino k\u016briniai\" \/>\n<meta property=\"og:url\" content=\"https:\/\/testinisweb.ares.lt\/ru\/\u0432-\u043c\u0430\u0433\u0430\u0437\u0438\u043d\u0435\/\u0437\u043e\u043b\u043e\u0442\u043e\u0439-\u0431\u0440\u0430\u0441\u043b\u0435\u0442-3\/\" \/>\n<meta property=\"og:site_name\" content=\"ARES Juvelyrika\" \/>\n<meta property=\"article:publisher\" content=\"https:\/\/www.facebook.com\/AresJewellery\" \/>\n<meta property=\"article:modified_time\" content=\"2026-01-25T20:18:06+00:00\" \/>\n<meta property=\"og:image\" content=\"https:\/\/testinisweb.ares.lt\/wp-content\/uploads\/2022\/08\/232-1.png\" \/>\n\t<meta property=\"og:image:width\" content=\"1000\" \/>\n\t<meta property=\"og:image:height\" content=\"1000\" \/>\n\t<meta property=\"og:image:type\" content=\"image\/png\" \/>\n<meta name=\"twitter:card\" content=\"summary_large_image\" \/>\n<meta name=\"twitter:label1\" content=\"\u041f\u0440\u0438\u043c\u0435\u0440\u043d\u043e\u0435 \u0432\u0440\u0435\u043c\u044f \u0434\u043b\u044f \u0447\u0442\u0435\u043d\u0438\u044f\" \/>\n\t<meta name=\"twitter:data1\" content=\"1 \u043c\u0438\u043d\u0443\u0442\u0430\" \/>\n<script type=\"application\/ld+json\" class=\"yoast-schema-graph\">{\"@context\":\"https:\\\/\\\/schema.org\",\"@graph\":[{\"@type\":\"WebPage\",\"@id\":\"https:\\\/\\\/testinisweb.ares.lt\\\/parduotuve\\\/auksine-apyranke-3\\\/\",\"url\":\"https:\\\/\\\/testinisweb.ares.lt\\\/parduotuve\\\/auksine-apyranke-3\\\/\",\"name\":\"Auksin\u0117 Apyrank\u0117\",\"isPartOf\":{\"@id\":\"https:\\\/\\\/testinisweb.ares.lt\\\/#website\"},\"primaryImageOfPage\":{\"@id\":\"https:\\\/\\\/testinisweb.ares.lt\\\/parduotuve\\\/auksine-apyranke-3\\\/#primaryimage\"},\"image\":{\"@id\":\"https:\\\/\\\/testinisweb.ares.lt\\\/parduotuve\\\/auksine-apyranke-3\\\/#primaryimage\"},\"thumbnailUrl\":\"https:\\\/\\\/testinisweb.ares.lt\\\/wp-content\\\/uploads\\\/2022\\\/08\\\/232-1.png\",\"datePublished\":\"2022-08-22T14:24:52+00:00\",\"dateModified\":\"2026-01-25T20:18:06+00:00\",\"description\":\"Auksin\u0117 Apyrank\u0117 \u2013 tai subtili detal\u0117, i\u0161yr\u0161kinanti rie\u0161\u0105 bei eleganti\u0161kumo j\u016bs\u0173 \u012fvaizd\u017eiui. M\u016bs\u0173 auksiniai papuo\u0161alai yra nesenstan\u010dio dizaino k\u016briniai\",\"breadcrumb\":{\"@id\":\"https:\\\/\\\/testinisweb.ares.lt\\\/parduotuve\\\/auksine-apyranke-3\\\/#breadcrumb\"},\"inLanguage\":\"ru-RU\",\"potentialAction\":[{\"@type\":\"ReadAction\",\"target\":[\"https:\\\/\\\/testinisweb.ares.lt\\\/parduotuve\\\/auksine-apyranke-3\\\/\"]}]},{\"@type\":\"ImageObject\",\"inLanguage\":\"ru-RU\",\"@id\":\"https:\\\/\\\/testinisweb.ares.lt\\\/parduotuve\\\/auksine-apyranke-3\\\/#primaryimage\",\"url\":\"https:\\\/\\\/testinisweb.ares.lt\\\/wp-content\\\/uploads\\\/2022\\\/08\\\/232-1.png\",\"contentUrl\":\"https:\\\/\\\/testinisweb.ares.lt\\\/wp-content\\\/uploads\\\/2022\\\/08\\\/232-1.png\",\"width\":1000,\"height\":1000,\"caption\":\"Auksin\u0117 Apyrank\u0117\"},{\"@type\":\"BreadcrumbList\",\"@id\":\"https:\\\/\\\/testinisweb.ares.lt\\\/parduotuve\\\/auksine-apyranke-3\\\/#breadcrumb\",\"itemListElement\":[{\"@type\":\"ListItem\",\"position\":1,\"name\":\"Auksiniai papuo\u0161alai\",\"item\":\"https:\\\/\\\/testinisweb.ares.lt\\\/\"},{\"@type\":\"ListItem\",\"position\":2,\"name\":\"Parduotuv\u0117\",\"item\":\"https:\\\/\\\/testinisweb.ares.lt\\\/parduotuve\\\/\"},{\"@type\":\"ListItem\",\"position\":3,\"name\":\"Auksin\u0117 Apyrank\u0117\"}]},{\"@type\":\"WebSite\",\"@id\":\"https:\\\/\\\/testinisweb.ares.lt\\\/#website\",\"url\":\"https:\\\/\\\/testinisweb.ares.lt\\\/\",\"name\":\"ARES Juvelyrika\",\"description\":\"Auksiniai papuo\u0161alai\",\"publisher\":{\"@id\":\"https:\\\/\\\/testinisweb.ares.lt\\\/#organization\"},\"potentialAction\":[{\"@type\":\"SearchAction\",\"target\":{\"@type\":\"EntryPoint\",\"urlTemplate\":\"https:\\\/\\\/testinisweb.ares.lt\\\/?s={search_term_string}\"},\"query-input\":{\"@type\":\"PropertyValueSpecification\",\"valueRequired\":true,\"valueName\":\"search_term_string\"}}],\"inLanguage\":\"ru-RU\"},{\"@type\":\"Organization\",\"@id\":\"https:\\\/\\\/testinisweb.ares.lt\\\/#organization\",\"name\":\"Ares Juvelyrika auksiniai papuosalai\",\"url\":\"https:\\\/\\\/testinisweb.ares.lt\\\/\",\"logo\":{\"@type\":\"ImageObject\",\"inLanguage\":\"ru-RU\",\"@id\":\"https:\\\/\\\/testinisweb.ares.lt\\\/#\\\/schema\\\/logo\\\/image\\\/\",\"url\":\"https:\\\/\\\/i0.wp.com\\\/testinisweb.ares.lt\\\/wp-content\\\/uploads\\\/2022\\\/03\\\/ares-text-logo-1.png?fit=417%2C122&ssl=1\",\"contentUrl\":\"https:\\\/\\\/i0.wp.com\\\/testinisweb.ares.lt\\\/wp-content\\\/uploads\\\/2022\\\/03\\\/ares-text-logo-1.png?fit=417%2C122&ssl=1\",\"width\":417,\"height\":122,\"caption\":\"Ares Juvelyrika auksiniai papuosalai\"},\"image\":{\"@id\":\"https:\\\/\\\/testinisweb.ares.lt\\\/#\\\/schema\\\/logo\\\/image\\\/\"},\"sameAs\":[\"https:\\\/\\\/www.facebook.com\\\/AresJewellery\",\"https:\\\/\\\/www.instagram.com\\\/ares_juvelyrika\\\/\"]}]}<\/script>\n<!-- \/ Yoast SEO plugin. -->","yoast_head_json":{"title":"\u0417\u043e\u043b\u043e\u0442\u043e\u0439 \u0431\u0440\u0430\u0441\u043b\u0435\u0442","description":"\u0417\u043e\u043b\u043e\u0442\u043e\u0439 \u0431\u0440\u0430\u0441\u043b\u0435\u0442 \u2014 \u044d\u0442\u043e \u0438\u0437\u044f\u0449\u043d\u0430\u044f \u0434\u0435\u0442\u0430\u043b\u044c, \u043a\u043e\u0442\u043e\u0440\u0430\u044f \u043f\u043e\u0434\u0447\u0435\u0440\u043a\u0438\u0432\u0430\u0435\u0442 \u0432\u0430\u0448\u0435 \u0437\u0430\u043f\u044f\u0441\u0442\u044c\u0435 \u0438 \u0434\u043e\u0431\u0430\u0432\u043b\u044f\u0435\u0442 \u044d\u043b\u0435\u0433\u0430\u043d\u0442\u043d\u043e\u0441\u0442\u0438 \u0432\u0430\u0448\u0435\u043c\u0443 \u043e\u0431\u0440\u0430\u0437\u0443. \u041d\u0430\u0448\u0438 \u0437\u043e\u043b\u043e\u0442\u044b\u0435 \u0443\u043a\u0440\u0430\u0448\u0435\u043d\u0438\u044f \u2014 \u044d\u0442\u043e \u0432\u043d\u0435\u0432\u0440\u0435\u043c\u0435\u043d\u043d\u043e\u0439 \u0434\u0438\u0437\u0430\u0439\u043d.","robots":{"index":"index","follow":"follow","max-snippet":"max-snippet:-1","max-image-preview":"max-image-preview:large","max-video-preview":"max-video-preview:-1"},"canonical":"https:\/\/testinisweb.ares.lt\/ru\/\u0432-\u043c\u0430\u0433\u0430\u0437\u0438\u043d\u0435\/\u0437\u043e\u043b\u043e\u0442\u043e\u0439-\u0431\u0440\u0430\u0441\u043b\u0435\u0442-3\/","og_locale":"ru_RU","og_type":"article","og_title":"Auksin\u0117 Apyrank\u0117","og_description":"Auksin\u0117 Apyrank\u0117 \u2013 tai subtili detal\u0117, i\u0161yr\u0161kinanti rie\u0161\u0105 bei eleganti\u0161kumo j\u016bs\u0173 \u012fvaizd\u017eiui. M\u016bs\u0173 auksiniai papuo\u0161alai yra nesenstan\u010dio dizaino k\u016briniai","og_url":"https:\/\/testinisweb.ares.lt\/ru\/\u0432-\u043c\u0430\u0433\u0430\u0437\u0438\u043d\u0435\/\u0437\u043e\u043b\u043e\u0442\u043e\u0439-\u0431\u0440\u0430\u0441\u043b\u0435\u0442-3\/","og_site_name":"ARES Juvelyrika","article_publisher":"https:\/\/www.facebook.com\/AresJewellery","article_modified_time":"2026-01-25T20:18:06+00:00","og_image":[{"width":1000,"height":1000,"url":"https:\/\/testinisweb.ares.lt\/wp-content\/uploads\/2022\/08\/232-1.png","type":"image\/png"}],"twitter_card":"summary_large_image","twitter_misc":{"\u041f\u0440\u0438\u043c\u0435\u0440\u043d\u043e\u0435 \u0432\u0440\u0435\u043c\u044f \u0434\u043b\u044f \u0447\u0442\u0435\u043d\u0438\u044f":"1 \u043c\u0438\u043d\u0443\u0442\u0430"},"schema":{"@context":"https:\/\/schema.org","@graph":[{"@type":"WebPage","@id":"https:\/\/testinisweb.ares.lt\/parduotuve\/auksine-apyranke-3\/","url":"https:\/\/testinisweb.ares.lt\/parduotuve\/auksine-apyranke-3\/","name":"\u0417\u043e\u043b\u043e\u0442\u043e\u0439 \u0431\u0440\u0430\u0441\u043b\u0435\u0442","isPartOf":{"@id":"https:\/\/testinisweb.ares.lt\/#website"},"primaryImageOfPage":{"@id":"https:\/\/testinisweb.ares.lt\/parduotuve\/auksine-apyranke-3\/#primaryimage"},"image":{"@id":"https:\/\/testinisweb.ares.lt\/parduotuve\/auksine-apyranke-3\/#primaryimage"},"thumbnailUrl":"https:\/\/testinisweb.ares.lt\/wp-content\/uploads\/2022\/08\/232-1.png","datePublished":"2022-08-22T14:24:52+00:00","dateModified":"2026-01-25T20:18:06+00:00","description":"\u0417\u043e\u043b\u043e\u0442\u043e\u0439 \u0431\u0440\u0430\u0441\u043b\u0435\u0442 \u2014 \u044d\u0442\u043e \u0438\u0437\u044f\u0449\u043d\u0430\u044f \u0434\u0435\u0442\u0430\u043b\u044c, \u043a\u043e\u0442\u043e\u0440\u0430\u044f \u043f\u043e\u0434\u0447\u0435\u0440\u043a\u0438\u0432\u0430\u0435\u0442 \u0432\u0430\u0448\u0435 \u0437\u0430\u043f\u044f\u0441\u0442\u044c\u0435 \u0438 \u0434\u043e\u0431\u0430\u0432\u043b\u044f\u0435\u0442 \u044d\u043b\u0435\u0433\u0430\u043d\u0442\u043d\u043e\u0441\u0442\u0438 \u0432\u0430\u0448\u0435\u043c\u0443 \u043e\u0431\u0440\u0430\u0437\u0443. \u041d\u0430\u0448\u0438 \u0437\u043e\u043b\u043e\u0442\u044b\u0435 \u0443\u043a\u0440\u0430\u0448\u0435\u043d\u0438\u044f \u2014 \u044d\u0442\u043e \u0432\u043d\u0435\u0432\u0440\u0435\u043c\u0435\u043d\u043d\u043e\u0439 \u0434\u0438\u0437\u0430\u0439\u043d.","breadcrumb":{"@id":"https:\/\/testinisweb.ares.lt\/parduotuve\/auksine-apyranke-3\/#breadcrumb"},"inLanguage":"ru-RU","potentialAction":[{"@type":"ReadAction","target":["https:\/\/testinisweb.ares.lt\/parduotuve\/auksine-apyranke-3\/"]}]},{"@type":"ImageObject","inLanguage":"ru-RU","@id":"https:\/\/testinisweb.ares.lt\/parduotuve\/auksine-apyranke-3\/#primaryimage","url":"https:\/\/testinisweb.ares.lt\/wp-content\/uploads\/2022\/08\/232-1.png","contentUrl":"https:\/\/testinisweb.ares.lt\/wp-content\/uploads\/2022\/08\/232-1.png","width":1000,"height":1000,"caption":"Auksin\u0117 Apyrank\u0117"},{"@type":"BreadcrumbList","@id":"https:\/\/testinisweb.ares.lt\/parduotuve\/auksine-apyranke-3\/#breadcrumb","itemListElement":[{"@type":"ListItem","position":1,"name":"Auksiniai papuo\u0161alai","item":"https:\/\/testinisweb.ares.lt\/"},{"@type":"ListItem","position":2,"name":"Parduotuv\u0117","item":"https:\/\/testinisweb.ares.lt\/parduotuve\/"},{"@type":"ListItem","position":3,"name":"Auksin\u0117 Apyrank\u0117"}]},{"@type":"WebSite","@id":"https:\/\/testinisweb.ares.lt\/#website","url":"https:\/\/testinisweb.ares.lt\/","name":"\u0410\u0420\u0415\u0421 \u042e\u0432\u0435\u043b\u0438\u0440\u043d\u044b\u0435 \u0438\u0437\u0434\u0435\u043b\u0438\u044f","description":"\u0417\u043e\u043b\u043e\u0442\u044b\u0435 \u0443\u043a\u0440\u0430\u0448\u0435\u043d\u0438\u044f","publisher":{"@id":"https:\/\/testinisweb.ares.lt\/#organization"},"potentialAction":[{"@type":"SearchAction","target":{"@type":"EntryPoint","urlTemplate":"https:\/\/testinisweb.ares.lt\/?s={search_term_string}"},"query-input":{"@type":"PropertyValueSpecification","valueRequired":true,"valueName":"search_term_string"}}],"inLanguage":"ru-RU"},{"@type":"Organization","@id":"https:\/\/testinisweb.ares.lt\/#organization","name":"Ares Jewelry \u0437\u043e\u043b\u043e\u0442\u044b\u0435 \u0443\u043a\u0440\u0430\u0448\u0435\u043d\u0438\u044f","url":"https:\/\/testinisweb.ares.lt\/","logo":{"@type":"ImageObject","inLanguage":"ru-RU","@id":"https:\/\/testinisweb.ares.lt\/#\/schema\/logo\/image\/","url":"https:\/\/i0.wp.com\/testinisweb.ares.lt\/wp-content\/uploads\/2022\/03\/ares-text-logo-1.png?fit=417%2C122&ssl=1","contentUrl":"https:\/\/i0.wp.com\/testinisweb.ares.lt\/wp-content\/uploads\/2022\/03\/ares-text-logo-1.png?fit=417%2C122&ssl=1","width":417,"height":122,"caption":"Ares Juvelyrika auksiniai papuosalai"},"image":{"@id":"https:\/\/testinisweb.ares.lt\/#\/schema\/logo\/image\/"},"sameAs":["https:\/\/www.facebook.com\/AresJewellery","https:\/\/www.instagram.com\/ares_juvelyrika\/"]}]}},"_links":{"self":[{"href":"https:\/\/testinisweb.ares.lt\/ru\/wp-json\/wp\/v2\/product\/10858","targetHints":{"allow":["GET"]}}],"collection":[{"href":"https:\/\/testinisweb.ares.lt\/ru\/wp-json\/wp\/v2\/product"}],"about":[{"href":"https:\/\/testinisweb.ares.lt\/ru\/wp-json\/wp\/v2\/types\/product"}],"replies":[{"embeddable":true,"href":"https:\/\/testinisweb.ares.lt\/ru\/wp-json\/wp\/v2\/comments?post=10858"}],"wp:featuredmedia":[{"embeddable":true,"href":"https:\/\/testinisweb.ares.lt\/ru\/wp-json\/wp\/v2\/media\/10925"}],"wp:attachment":[{"href":"https:\/\/testinisweb.ares.lt\/ru\/wp-json\/wp\/v2\/media?parent=10858"}],"wp:term":[{"taxonomy":"product_cat","embeddable":true,"href":"https:\/\/testinisweb.ares.lt\/ru\/wp-json\/wp\/v2\/product_cat?post=10858"},{"taxonomy":"product_tag","embeddable":true,"href":"https:\/\/testinisweb.ares.lt\/ru\/wp-json\/wp\/v2\/product_tag?post=10858"}],"curies":[{"name":"WP","href":"https:\/\/api.w.org\/{rel}","templated":true}]}}