{"id":17180,"date":"2025-02-12T20:16:21","date_gmt":"2025-02-12T18:16:21","guid":{"rendered":"https:\/\/testinisweb.ares.lt\/?post_type=product&#038;p=17180"},"modified":"2026-01-25T22:01:51","modified_gmt":"2026-01-25T20:01:51","slug":"%d0%b7%d0%be%d0%bb%d0%be%d1%82%d0%b0%d1%8f-%d0%bf%d0%be%d0%b4%d0%b2%d0%b5%d1%81%d0%ba%d0%b0-%d1%81-%d0%b1%d1%83%d0%ba%d0%b2%d0%be%d0%b9-%d1%81","status":"publish","type":"product","link":"https:\/\/testinisweb.ares.lt\/ru\/parduotuve\/auksinis-pakabukas-su-raide-c\/","title":{"rendered":"\u0417\u043e\u043b\u043e\u0442\u0430\u044f \u043f\u043e\u0434\u0432\u0435\u0441\u043a\u0430 \u0441 \u0431\u0443\u043a\u0432\u043e\u0439 &quot;\u0421&quot;"},"content":{"rendered":"<h3 data-start=\"0\" data-end=\"51\">\u0417\u043e\u043b\u043e\u0442\u0430\u044f \u043f\u043e\u0434\u0432\u0435\u0441\u043a\u0430 \u0441 \u0431\u0443\u043a\u0432\u043e\u0439 &quot;\u0421&quot; \u0441 \u0446\u0438\u0440\u043a\u043e\u043d\u0430\u043c\u0438<\/h3>\n<p data-start=\"53\" data-end=\"333\">\u041f\u043e\u0434\u0432\u0435\u0441\u043a\u0430 \u0438\u0437 \u0437\u043e\u043b\u043e\u0442\u0430 585 \u043f\u0440\u043e\u0431\u044b \u0441 \u0431\u0443\u043a\u0432\u043e\u0439 &quot;\u0421&quot; - \u043d\u0435\u0436\u043d\u043e\u0435 \u0438 \u044d\u043b\u0435\u0433\u0430\u043d\u0442\u043d\u043e\u0435 \u0443\u043a\u0440\u0430\u0448\u0435\u043d\u0438\u0435, \u0441\u0438\u044f\u044e\u0449\u0435\u0435 \u0438\u043d\u043a\u0440\u0443\u0441\u0442\u0438\u0440\u043e\u0432\u0430\u043d\u043d\u044b\u043c\u0438 \u0446\u0438\u0440\u043a\u043e\u043d\u0430\u043c\u0438. \u0420\u043e\u0441\u043a\u043e\u0448\u043d\u044b\u0439 \u0431\u043b\u0435\u0441\u043a \u0438 \u043d\u0435\u0436\u043d\u044b\u0439 \u0434\u0438\u0437\u0430\u0439\u043d \u0434\u0435\u043b\u0430\u044e\u0442 \u044d\u0442\u0443 \u043f\u043e\u0434\u0432\u0435\u0441\u043a\u0443 \u044d\u043a\u0441\u043a\u043b\u044e\u0437\u0438\u0432\u043d\u044b\u043c \u0430\u043a\u0441\u0435\u0441\u0441\u0443\u0430\u0440\u043e\u043c, \u043a\u043e\u0442\u043e\u0440\u044b\u0439 \u043f\u0440\u0435\u043a\u0440\u0430\u0441\u043d\u043e \u0434\u043e\u043f\u043e\u043b\u043d\u0438\u0442 \u043a\u0430\u043a \u043f\u043e\u0432\u0441\u0435\u0434\u043d\u0435\u0432\u043d\u044b\u0439, \u0442\u0430\u043a \u0438 \u043f\u0440\u0430\u0437\u0434\u043d\u0438\u0447\u043d\u044b\u0439 \u043e\u0431\u0440\u0430\u0437.<\/p>\n<p data-start=\"335\" data-end=\"592\">\u0417\u043e\u043b\u043e\u0442\u044b\u0435 \u043f\u043e\u0434\u0432\u0435\u0441\u043a\u0438 \u0441 \u0438\u043d\u0438\u0446\u0438\u0430\u043b\u0430\u043c\u0438 \u2014 \u043e\u0442\u043b\u0438\u0447\u043d\u044b\u0439 \u0441\u043f\u043e\u0441\u043e\u0431 \u0432\u044b\u0440\u0430\u0437\u0438\u0442\u044c \u0441\u0432\u043e\u044e \u0438\u043d\u0434\u0438\u0432\u0438\u0434\u0443\u0430\u043b\u044c\u043d\u043e\u0441\u0442\u044c \u0438\u043b\u0438 \u0441\u0434\u0435\u043b\u0430\u0442\u044c \u0437\u043d\u0430\u0447\u0438\u043c\u044b\u0439 \u043f\u043e\u0434\u0430\u0440\u043e\u043a \u0431\u043b\u0438\u0437\u043a\u043e\u043c\u0443 \u0447\u0435\u043b\u043e\u0432\u0435\u043a\u0443. \u041f\u0435\u0440\u0441\u043e\u043d\u0430\u043b\u0438\u0437\u0438\u0440\u043e\u0432\u0430\u043d\u043d\u044b\u0435 \u0443\u043a\u0440\u0430\u0448\u0435\u043d\u0438\u044f \u043d\u0435 \u0442\u043e\u043b\u044c\u043a\u043e \u0443\u043a\u0440\u0430\u0448\u0430\u044e\u0442, \u043d\u043e \u0438 \u0438\u043c\u0435\u044e\u0442 \u0441\u0438\u043c\u0432\u043e\u043b\u0438\u0447\u0435\u0441\u043a\u0443\u044e \u0446\u0435\u043d\u043d\u043e\u0441\u0442\u044c, \u0447\u0442\u043e \u0434\u0435\u043b\u0430\u0435\u0442 \u0438\u0445 \u043e\u0442\u043b\u0438\u0447\u043d\u044b\u043c \u0432\u044b\u0431\u043e\u0440\u043e\u043c \u0434\u043b\u044f \u043e\u0441\u043e\u0431\u044b\u0445 \u0441\u043b\u0443\u0447\u0430\u0435\u0432.<\/p>\n<p data-start=\"594\" data-end=\"812\">\u042d\u0442\u043e\u0442 \u043a\u0443\u043b\u043e\u043d \u0431\u0443\u0434\u0435\u0442 \u043b\u0435\u0433\u043a\u043e \u0441\u043e\u0447\u0435\u0442\u0430\u0442\u044c\u0441\u044f \u0441 \u0440\u0430\u0437\u043b\u0438\u0447\u043d\u044b\u043c\u0438 \u0446\u0435\u043f\u043e\u0447\u043a\u0430\u043c\u0438 \u0438 \u0434\u0440\u0443\u0433\u0438\u043c\u0438 \u0443\u043a\u0440\u0430\u0448\u0435\u043d\u0438\u044f\u043c\u0438. \u0415\u0433\u043e \u044d\u043b\u0435\u0433\u0430\u043d\u0442\u043d\u044b\u0439 \u0434\u0438\u0437\u0430\u0439\u043d \u0438 \u0442\u043e\u043d\u043a\u0438\u0439 \u0431\u043b\u0435\u0441\u043a \u0434\u0435\u043b\u0430\u044e\u0442 \u0435\u0433\u043e \u0443\u043d\u0438\u0432\u0435\u0440\u0441\u0430\u043b\u044c\u043d\u044b\u043c, \u0447\u0442\u043e \u0434\u0435\u043b\u0430\u0435\u0442 \u0435\u0433\u043e \u0438\u0434\u0435\u0430\u043b\u044c\u043d\u044b\u043c \u043a\u0430\u043a \u0434\u043b\u044f \u043f\u043e\u0432\u0441\u0435\u0434\u043d\u0435\u0432\u043d\u043e\u0433\u043e, \u0442\u0430\u043a \u0438 \u0434\u043b\u044f \u044d\u043a\u0441\u043a\u043b\u044e\u0437\u0438\u0432\u043d\u043e\u0433\u043e \u0441\u0442\u0438\u043b\u044f.<\/p>\n<p data-start=\"814\" data-end=\"1076\" data-is-last-node=\"\">\u0417\u043e\u043b\u043e\u0442\u044b\u0435 \u0443\u043a\u0440\u0430\u0448\u0435\u043d\u0438\u044f \u0441 \u0431\u0443\u043a\u0432\u0430\u043c\u0438 \u0438 \u0446\u0438\u0440\u043a\u043e\u043d\u0430\u043c\u0438 \u2014 \u0438\u0434\u0435\u0430\u043b\u044c\u043d\u044b\u0439 \u0432\u044b\u0431\u043e\u0440 \u0434\u043b\u044f \u0434\u043d\u0435\u0439 \u0440\u043e\u0436\u0434\u0435\u043d\u0438\u044f, \u044e\u0431\u0438\u043b\u0435\u0435\u0432 \u0438 \u0434\u0440\u0443\u0433\u0438\u0445 \u0432\u0430\u0436\u043d\u044b\u0445 \u0441\u043e\u0431\u044b\u0442\u0438\u0439. \u0417\u043e\u043b\u043e\u0442\u043e 585 \u043f\u0440\u043e\u0431\u044b \u043e\u0431\u0435\u0441\u043f\u0435\u0447\u0438\u0432\u0430\u0435\u0442 \u0431\u0435\u0437\u0443\u043f\u0440\u0435\u0447\u043d\u043e\u0435 \u043a\u0430\u0447\u0435\u0441\u0442\u0432\u043e \u0438 \u0434\u043e\u043b\u0433\u043e\u0432\u0435\u0447\u043d\u043e\u0441\u0442\u044c, \u043f\u043e\u044d\u0442\u043e\u043c\u0443 \u0442\u0430\u043a\u0430\u044f \u043f\u043e\u0434\u0432\u0435\u0441\u043a\u0430 \u043e\u0441\u0442\u0430\u043d\u0435\u0442\u0441\u044f \u0446\u0435\u043d\u043d\u043e\u0439 \u0438 \u0441\u0442\u0438\u043b\u044c\u043d\u043e\u0439 \u043d\u0430 \u0434\u043e\u043b\u0433\u0438\u0435 \u0433\u043e\u0434\u044b.<\/p>","protected":false},"excerpt":{"rendered":"<p>Auksinis pakabukas su raide \u201eC\u201d su cirkoniais \u0160is 585 prabos auksinis pakabukas su raide \u201eC\u201d \u2013 tai subtilus ir eleganti\u0161kas papuo\u0161alas, kuris&hellip;<\/p>","protected":false},"featured_media":17181,"comment_status":"open","ping_status":"closed","template":"","meta":[],"product_brand":[],"product_cat":[961,972,968,966,870,969],"product_tag":[],"class_list":{"0":"post-17180","1":"product","2":"type-product","3":"status-publish","4":"has-post-thumbnail","6":"product_cat-auksiniai-pakabukai","7":"product_cat-auksiniai-pakabukai-iki-100-eur","8":"product_cat-auksiniai-pakabukai-raides","9":"product_cat-auksiniai-pakabukai-su-cirkoniais","10":"product_cat-pakabukai-su-raide","11":"product_cat-raudono-aukso-pakabukai","12":"tm-no-options","14":"first","15":"instock","16":"shipping-taxable","17":"purchasable","18":"product-type-simple"},"yoast_head":"<!-- This site is optimized with the Yoast SEO plugin v27.3 - https:\/\/yoast.com\/product\/yoast-seo-wordpress\/ -->\n<title>Auksinis pakabukas su raide \u201eC\u201d<\/title>\n<meta name=\"description\" content=\"Auksinis pakabukas su raide \u201eC\u201d su cirkoniais \u0160is 585 prabos auksinis pakabukas su raide \u201eC\u201d \u2013 tai subtilus ir eleganti\u0161kas papuo\u0161alas, kuris spindi d\u0117l\" \/>\n<meta name=\"robots\" content=\"index, follow, max-snippet:-1, max-image-preview:large, max-video-preview:-1\" \/>\n<link rel=\"canonical\" href=\"https:\/\/testinisweb.ares.lt\/ru\/\u0432-\u043c\u0430\u0433\u0430\u0437\u0438\u043d\u0435\/\u0437\u043e\u043b\u043e\u0442\u0430\u044f-\u043f\u043e\u0434\u0432\u0435\u0441\u043a\u0430-\u0441-\u0431\u0443\u043a\u0432\u043e\u0439-\u0441\/\" \/>\n<meta property=\"og:locale\" content=\"ru_RU\" \/>\n<meta property=\"og:type\" content=\"article\" \/>\n<meta property=\"og:title\" content=\"Auksinis pakabukas su raide \u201eC\u201d\" \/>\n<meta property=\"og:description\" content=\"Auksinis pakabukas su raide \u201eC\u201d su cirkoniais \u0160is 585 prabos auksinis pakabukas su raide \u201eC\u201d \u2013 tai subtilus ir eleganti\u0161kas papuo\u0161alas, kuris spindi d\u0117l\" \/>\n<meta property=\"og:url\" content=\"https:\/\/testinisweb.ares.lt\/ru\/\u0432-\u043c\u0430\u0433\u0430\u0437\u0438\u043d\u0435\/\u0437\u043e\u043b\u043e\u0442\u0430\u044f-\u043f\u043e\u0434\u0432\u0435\u0441\u043a\u0430-\u0441-\u0431\u0443\u043a\u0432\u043e\u0439-\u0441\/\" \/>\n<meta property=\"og:site_name\" content=\"ARES Juvelyrika\" \/>\n<meta property=\"article:publisher\" content=\"https:\/\/www.facebook.com\/AresJewellery\" \/>\n<meta property=\"article:modified_time\" content=\"2026-01-25T20:01:51+00:00\" \/>\n<meta property=\"og:image\" content=\"https:\/\/testinisweb.ares.lt\/wp-content\/uploads\/2025\/02\/APR_C.jpg\" \/>\n\t<meta property=\"og:image:width\" content=\"3000\" \/>\n\t<meta property=\"og:image:height\" content=\"3000\" \/>\n\t<meta property=\"og:image:type\" content=\"image\/jpeg\" \/>\n<meta name=\"twitter:card\" content=\"summary_large_image\" \/>\n<meta name=\"twitter:label1\" content=\"\u041f\u0440\u0438\u043c\u0435\u0440\u043d\u043e\u0435 \u0432\u0440\u0435\u043c\u044f \u0434\u043b\u044f \u0447\u0442\u0435\u043d\u0438\u044f\" \/>\n\t<meta name=\"twitter:data1\" content=\"1 \u043c\u0438\u043d\u0443\u0442\u0430\" \/>\n<script type=\"application\/ld+json\" class=\"yoast-schema-graph\">{\"@context\":\"https:\\\/\\\/schema.org\",\"@graph\":[{\"@type\":\"WebPage\",\"@id\":\"https:\\\/\\\/testinisweb.ares.lt\\\/parduotuve\\\/auksinis-pakabukas-su-raide-c\\\/\",\"url\":\"https:\\\/\\\/testinisweb.ares.lt\\\/parduotuve\\\/auksinis-pakabukas-su-raide-c\\\/\",\"name\":\"Auksinis pakabukas su raide \u201eC\u201d\",\"isPartOf\":{\"@id\":\"https:\\\/\\\/testinisweb.ares.lt\\\/#website\"},\"primaryImageOfPage\":{\"@id\":\"https:\\\/\\\/testinisweb.ares.lt\\\/parduotuve\\\/auksinis-pakabukas-su-raide-c\\\/#primaryimage\"},\"image\":{\"@id\":\"https:\\\/\\\/testinisweb.ares.lt\\\/parduotuve\\\/auksinis-pakabukas-su-raide-c\\\/#primaryimage\"},\"thumbnailUrl\":\"https:\\\/\\\/testinisweb.ares.lt\\\/wp-content\\\/uploads\\\/2025\\\/02\\\/APR_C.jpg\",\"datePublished\":\"2025-02-12T18:16:21+00:00\",\"dateModified\":\"2026-01-25T20:01:51+00:00\",\"description\":\"Auksinis pakabukas su raide \u201eC\u201d su cirkoniais \u0160is 585 prabos auksinis pakabukas su raide \u201eC\u201d \u2013 tai subtilus ir eleganti\u0161kas papuo\u0161alas, kuris spindi d\u0117l\",\"breadcrumb\":{\"@id\":\"https:\\\/\\\/testinisweb.ares.lt\\\/parduotuve\\\/auksinis-pakabukas-su-raide-c\\\/#breadcrumb\"},\"inLanguage\":\"ru-RU\",\"potentialAction\":[{\"@type\":\"ReadAction\",\"target\":[\"https:\\\/\\\/testinisweb.ares.lt\\\/parduotuve\\\/auksinis-pakabukas-su-raide-c\\\/\"]}]},{\"@type\":\"ImageObject\",\"inLanguage\":\"ru-RU\",\"@id\":\"https:\\\/\\\/testinisweb.ares.lt\\\/parduotuve\\\/auksinis-pakabukas-su-raide-c\\\/#primaryimage\",\"url\":\"https:\\\/\\\/testinisweb.ares.lt\\\/wp-content\\\/uploads\\\/2025\\\/02\\\/APR_C.jpg\",\"contentUrl\":\"https:\\\/\\\/testinisweb.ares.lt\\\/wp-content\\\/uploads\\\/2025\\\/02\\\/APR_C.jpg\",\"width\":3000,\"height\":3000,\"caption\":\"Auksinis pakabukas su raide \u201eC\u201d\"},{\"@type\":\"BreadcrumbList\",\"@id\":\"https:\\\/\\\/testinisweb.ares.lt\\\/parduotuve\\\/auksinis-pakabukas-su-raide-c\\\/#breadcrumb\",\"itemListElement\":[{\"@type\":\"ListItem\",\"position\":1,\"name\":\"Auksiniai papuo\u0161alai\",\"item\":\"https:\\\/\\\/testinisweb.ares.lt\\\/\"},{\"@type\":\"ListItem\",\"position\":2,\"name\":\"Parduotuv\u0117\",\"item\":\"https:\\\/\\\/testinisweb.ares.lt\\\/parduotuve\\\/\"},{\"@type\":\"ListItem\",\"position\":3,\"name\":\"Auksinis pakabukas su raide \u201eC\u201d\"}]},{\"@type\":\"WebSite\",\"@id\":\"https:\\\/\\\/testinisweb.ares.lt\\\/#website\",\"url\":\"https:\\\/\\\/testinisweb.ares.lt\\\/\",\"name\":\"ARES Juvelyrika\",\"description\":\"Auksiniai papuo\u0161alai\",\"publisher\":{\"@id\":\"https:\\\/\\\/testinisweb.ares.lt\\\/#organization\"},\"potentialAction\":[{\"@type\":\"SearchAction\",\"target\":{\"@type\":\"EntryPoint\",\"urlTemplate\":\"https:\\\/\\\/testinisweb.ares.lt\\\/?s={search_term_string}\"},\"query-input\":{\"@type\":\"PropertyValueSpecification\",\"valueRequired\":true,\"valueName\":\"search_term_string\"}}],\"inLanguage\":\"ru-RU\"},{\"@type\":\"Organization\",\"@id\":\"https:\\\/\\\/testinisweb.ares.lt\\\/#organization\",\"name\":\"Ares Juvelyrika auksiniai papuosalai\",\"url\":\"https:\\\/\\\/testinisweb.ares.lt\\\/\",\"logo\":{\"@type\":\"ImageObject\",\"inLanguage\":\"ru-RU\",\"@id\":\"https:\\\/\\\/testinisweb.ares.lt\\\/#\\\/schema\\\/logo\\\/image\\\/\",\"url\":\"https:\\\/\\\/i0.wp.com\\\/testinisweb.ares.lt\\\/wp-content\\\/uploads\\\/2022\\\/03\\\/ares-text-logo-1.png?fit=417%2C122&ssl=1\",\"contentUrl\":\"https:\\\/\\\/i0.wp.com\\\/testinisweb.ares.lt\\\/wp-content\\\/uploads\\\/2022\\\/03\\\/ares-text-logo-1.png?fit=417%2C122&ssl=1\",\"width\":417,\"height\":122,\"caption\":\"Ares Juvelyrika auksiniai papuosalai\"},\"image\":{\"@id\":\"https:\\\/\\\/testinisweb.ares.lt\\\/#\\\/schema\\\/logo\\\/image\\\/\"},\"sameAs\":[\"https:\\\/\\\/www.facebook.com\\\/AresJewellery\",\"https:\\\/\\\/www.instagram.com\\\/ares_juvelyrika\\\/\"]}]}<\/script>\n<!-- \/ Yoast SEO plugin. -->","yoast_head_json":{"title":"\u0417\u043e\u043b\u043e\u0442\u0430\u044f \u043f\u043e\u0434\u0432\u0435\u0441\u043a\u0430 \u0441 \u0431\u0443\u043a\u0432\u043e\u0439 &quot;\u0421&quot;","description":"\u0417\u043e\u043b\u043e\u0442\u0430\u044f \u043f\u043e\u0434\u0432\u0435\u0441\u043a\u0430 \u0441 \u0431\u0443\u043a\u0432\u043e\u0439 \u00ab\u0421\u00bb \u0441 \u0446\u0438\u0440\u043a\u043e\u043d\u0430\u043c\u0438. \u042d\u0442\u0430 \u0437\u043e\u043b\u043e\u0442\u0430\u044f \u043f\u043e\u0434\u0432\u0435\u0441\u043a\u0430 \u0441 \u0431\u0443\u043a\u0432\u043e\u0439 \u00ab\u0421\u00bb 585 \u043f\u0440\u043e\u0431\u044b \u2014 \u043d\u0435\u0436\u043d\u043e\u0435 \u0438 \u044d\u043b\u0435\u0433\u0430\u043d\u0442\u043d\u043e\u0435 \u0443\u043a\u0440\u0430\u0448\u0435\u043d\u0438\u0435, \u043a\u043e\u0442\u043e\u0440\u043e\u0435 \u0441\u0438\u044f\u0435\u0442 \u0431\u043b\u0430\u0433\u043e\u0434\u0430\u0440\u044f \u0441\u0432\u043e\u0435\u043c\u0443","robots":{"index":"index","follow":"follow","max-snippet":"max-snippet:-1","max-image-preview":"max-image-preview:large","max-video-preview":"max-video-preview:-1"},"canonical":"https:\/\/testinisweb.ares.lt\/ru\/\u0432-\u043c\u0430\u0433\u0430\u0437\u0438\u043d\u0435\/\u0437\u043e\u043b\u043e\u0442\u0430\u044f-\u043f\u043e\u0434\u0432\u0435\u0441\u043a\u0430-\u0441-\u0431\u0443\u043a\u0432\u043e\u0439-\u0441\/","og_locale":"ru_RU","og_type":"article","og_title":"Auksinis pakabukas su raide \u201eC\u201d","og_description":"Auksinis pakabukas su raide \u201eC\u201d su cirkoniais \u0160is 585 prabos auksinis pakabukas su raide \u201eC\u201d \u2013 tai subtilus ir eleganti\u0161kas papuo\u0161alas, kuris spindi d\u0117l","og_url":"https:\/\/testinisweb.ares.lt\/ru\/\u0432-\u043c\u0430\u0433\u0430\u0437\u0438\u043d\u0435\/\u0437\u043e\u043b\u043e\u0442\u0430\u044f-\u043f\u043e\u0434\u0432\u0435\u0441\u043a\u0430-\u0441-\u0431\u0443\u043a\u0432\u043e\u0439-\u0441\/","og_site_name":"ARES Juvelyrika","article_publisher":"https:\/\/www.facebook.com\/AresJewellery","article_modified_time":"2026-01-25T20:01:51+00:00","og_image":[{"width":3000,"height":3000,"url":"https:\/\/testinisweb.ares.lt\/wp-content\/uploads\/2025\/02\/APR_C.jpg","type":"image\/jpeg"}],"twitter_card":"summary_large_image","twitter_misc":{"\u041f\u0440\u0438\u043c\u0435\u0440\u043d\u043e\u0435 \u0432\u0440\u0435\u043c\u044f \u0434\u043b\u044f \u0447\u0442\u0435\u043d\u0438\u044f":"1 \u043c\u0438\u043d\u0443\u0442\u0430"},"schema":{"@context":"https:\/\/schema.org","@graph":[{"@type":"WebPage","@id":"https:\/\/testinisweb.ares.lt\/parduotuve\/auksinis-pakabukas-su-raide-c\/","url":"https:\/\/testinisweb.ares.lt\/parduotuve\/auksinis-pakabukas-su-raide-c\/","name":"\u0417\u043e\u043b\u043e\u0442\u0430\u044f \u043f\u043e\u0434\u0432\u0435\u0441\u043a\u0430 \u0441 \u0431\u0443\u043a\u0432\u043e\u0439 &quot;\u0421&quot;","isPartOf":{"@id":"https:\/\/testinisweb.ares.lt\/#website"},"primaryImageOfPage":{"@id":"https:\/\/testinisweb.ares.lt\/parduotuve\/auksinis-pakabukas-su-raide-c\/#primaryimage"},"image":{"@id":"https:\/\/testinisweb.ares.lt\/parduotuve\/auksinis-pakabukas-su-raide-c\/#primaryimage"},"thumbnailUrl":"https:\/\/testinisweb.ares.lt\/wp-content\/uploads\/2025\/02\/APR_C.jpg","datePublished":"2025-02-12T18:16:21+00:00","dateModified":"2026-01-25T20:01:51+00:00","description":"\u0417\u043e\u043b\u043e\u0442\u0430\u044f \u043f\u043e\u0434\u0432\u0435\u0441\u043a\u0430 \u0441 \u0431\u0443\u043a\u0432\u043e\u0439 \u00ab\u0421\u00bb \u0441 \u0446\u0438\u0440\u043a\u043e\u043d\u0430\u043c\u0438. \u042d\u0442\u0430 \u0437\u043e\u043b\u043e\u0442\u0430\u044f \u043f\u043e\u0434\u0432\u0435\u0441\u043a\u0430 \u0441 \u0431\u0443\u043a\u0432\u043e\u0439 \u00ab\u0421\u00bb 585 \u043f\u0440\u043e\u0431\u044b \u2014 \u043d\u0435\u0436\u043d\u043e\u0435 \u0438 \u044d\u043b\u0435\u0433\u0430\u043d\u0442\u043d\u043e\u0435 \u0443\u043a\u0440\u0430\u0448\u0435\u043d\u0438\u0435, \u043a\u043e\u0442\u043e\u0440\u043e\u0435 \u0441\u0438\u044f\u0435\u0442 \u0431\u043b\u0430\u0433\u043e\u0434\u0430\u0440\u044f \u0441\u0432\u043e\u0435\u043c\u0443","breadcrumb":{"@id":"https:\/\/testinisweb.ares.lt\/parduotuve\/auksinis-pakabukas-su-raide-c\/#breadcrumb"},"inLanguage":"ru-RU","potentialAction":[{"@type":"ReadAction","target":["https:\/\/testinisweb.ares.lt\/parduotuve\/auksinis-pakabukas-su-raide-c\/"]}]},{"@type":"ImageObject","inLanguage":"ru-RU","@id":"https:\/\/testinisweb.ares.lt\/parduotuve\/auksinis-pakabukas-su-raide-c\/#primaryimage","url":"https:\/\/testinisweb.ares.lt\/wp-content\/uploads\/2025\/02\/APR_C.jpg","contentUrl":"https:\/\/testinisweb.ares.lt\/wp-content\/uploads\/2025\/02\/APR_C.jpg","width":3000,"height":3000,"caption":"Auksinis pakabukas su raide \u201eC\u201d"},{"@type":"BreadcrumbList","@id":"https:\/\/testinisweb.ares.lt\/parduotuve\/auksinis-pakabukas-su-raide-c\/#breadcrumb","itemListElement":[{"@type":"ListItem","position":1,"name":"Auksiniai papuo\u0161alai","item":"https:\/\/testinisweb.ares.lt\/"},{"@type":"ListItem","position":2,"name":"Parduotuv\u0117","item":"https:\/\/testinisweb.ares.lt\/parduotuve\/"},{"@type":"ListItem","position":3,"name":"Auksinis pakabukas su raide \u201eC\u201d"}]},{"@type":"WebSite","@id":"https:\/\/testinisweb.ares.lt\/#website","url":"https:\/\/testinisweb.ares.lt\/","name":"\u0410\u0420\u0415\u0421 \u042e\u0432\u0435\u043b\u0438\u0440\u043d\u044b\u0435 \u0438\u0437\u0434\u0435\u043b\u0438\u044f","description":"\u0417\u043e\u043b\u043e\u0442\u044b\u0435 \u0443\u043a\u0440\u0430\u0448\u0435\u043d\u0438\u044f","publisher":{"@id":"https:\/\/testinisweb.ares.lt\/#organization"},"potentialAction":[{"@type":"SearchAction","target":{"@type":"EntryPoint","urlTemplate":"https:\/\/testinisweb.ares.lt\/?s={search_term_string}"},"query-input":{"@type":"PropertyValueSpecification","valueRequired":true,"valueName":"search_term_string"}}],"inLanguage":"ru-RU"},{"@type":"Organization","@id":"https:\/\/testinisweb.ares.lt\/#organization","name":"Ares Jewelry \u0437\u043e\u043b\u043e\u0442\u044b\u0435 \u0443\u043a\u0440\u0430\u0448\u0435\u043d\u0438\u044f","url":"https:\/\/testinisweb.ares.lt\/","logo":{"@type":"ImageObject","inLanguage":"ru-RU","@id":"https:\/\/testinisweb.ares.lt\/#\/schema\/logo\/image\/","url":"https:\/\/i0.wp.com\/testinisweb.ares.lt\/wp-content\/uploads\/2022\/03\/ares-text-logo-1.png?fit=417%2C122&ssl=1","contentUrl":"https:\/\/i0.wp.com\/testinisweb.ares.lt\/wp-content\/uploads\/2022\/03\/ares-text-logo-1.png?fit=417%2C122&ssl=1","width":417,"height":122,"caption":"Ares Juvelyrika auksiniai papuosalai"},"image":{"@id":"https:\/\/testinisweb.ares.lt\/#\/schema\/logo\/image\/"},"sameAs":["https:\/\/www.facebook.com\/AresJewellery","https:\/\/www.instagram.com\/ares_juvelyrika\/"]}]}},"_links":{"self":[{"href":"https:\/\/testinisweb.ares.lt\/ru\/wp-json\/wp\/v2\/product\/17180","targetHints":{"allow":["GET"]}}],"collection":[{"href":"https:\/\/testinisweb.ares.lt\/ru\/wp-json\/wp\/v2\/product"}],"about":[{"href":"https:\/\/testinisweb.ares.lt\/ru\/wp-json\/wp\/v2\/types\/product"}],"replies":[{"embeddable":true,"href":"https:\/\/testinisweb.ares.lt\/ru\/wp-json\/wp\/v2\/comments?post=17180"}],"wp:featuredmedia":[{"embeddable":true,"href":"https:\/\/testinisweb.ares.lt\/ru\/wp-json\/wp\/v2\/media\/17181"}],"wp:attachment":[{"href":"https:\/\/testinisweb.ares.lt\/ru\/wp-json\/wp\/v2\/media?parent=17180"}],"wp:term":[{"taxonomy":"product_brand","embeddable":true,"href":"https:\/\/testinisweb.ares.lt\/ru\/wp-json\/wp\/v2\/product_brand?post=17180"},{"taxonomy":"product_cat","embeddable":true,"href":"https:\/\/testinisweb.ares.lt\/ru\/wp-json\/wp\/v2\/product_cat?post=17180"},{"taxonomy":"product_tag","embeddable":true,"href":"https:\/\/testinisweb.ares.lt\/ru\/wp-json\/wp\/v2\/product_tag?post=17180"}],"curies":[{"name":"WP","href":"https:\/\/api.w.org\/{rel}","templated":true}]}}