{"id":17797,"date":"2025-04-25T10:36:39","date_gmt":"2025-04-25T08:36:39","guid":{"rendered":"https:\/\/testinisweb.ares.lt\/?post_type=product&#038;p=17797"},"modified":"2026-01-25T22:01:25","modified_gmt":"2026-01-25T20:01:25","slug":"%d0%b7%d0%be%d0%bb%d0%be%d1%82%d0%b0%d1%8f-%d0%bf%d0%be%d0%b4%d0%b2%d0%b5%d1%81%d0%ba%d0%b0-%d0%ba%d0%bb%d0%b5%d0%b2%d0%b5%d1%80-%d0%bc%d0%b0%d0%bb%d0%b0%d1%85%d0%b8%d1%82","status":"publish","type":"product","link":"https:\/\/testinisweb.ares.lt\/ru\/parduotuve\/auksinis-pakabukas-dobilas-malachitas\/","title":{"rendered":"\u0417\u043e\u043b\u043e\u0442\u0430\u044f \u043f\u043e\u0434\u0432\u0435\u0441\u043a\u0430 &quot;\u041a\u043b\u0435\u0432\u0435\u0440 \u043c\u0430\u043b\u0430\u0445\u0438\u0442&quot;"},"content":{"rendered":"<p class=\"\" data-start=\"55\" data-end=\"157\"><strong data-start=\"55\" data-end=\"157\">\u0420\u043e\u0441\u043a\u043e\u0448\u044c \u0438 \u044d\u043b\u0435\u0433\u0430\u043d\u0442\u043d\u043e\u0441\u0442\u044c \u0432 \u043e\u0434\u043d\u043e\u043c \u2013 \u043f\u043e\u0434\u0432\u0435\u0441\u043a\u0430 \u0432 \u0444\u043e\u0440\u043c\u0435 \u043b\u0435\u043f\u0435\u0441\u0442\u043a\u0430 \u0441 \u0447\u0435\u0442\u044b\u0440\u044c\u043c\u044f \u043b\u0435\u043f\u0435\u0441\u0442\u043a\u0430\u043c\u0438, \u0446\u0438\u0440\u043a\u043e\u043d\u0430\u043c\u0438 \u0438 \u043c\u0430\u043b\u0430\u0445\u0438\u0442\u043e\u043c.<\/strong><\/p>\n<p class=\"\" data-start=\"159\" data-end=\"444\">\u0418\u0437\u044b\u0441\u043a\u0430\u043d\u043d\u043e \u043e\u0444\u043e\u0440\u043c\u043b\u0435\u043d\u043d\u0430\u044f \u043f\u043e\u0434\u0432\u0435\u0441\u043a\u0430 \u0432\u044b\u043f\u043e\u043b\u043d\u0435\u043d\u0430 \u0438\u0437 \u043a\u0440\u0430\u0441\u043d\u043e\u0433\u043e \u0437\u043e\u043b\u043e\u0442\u0430 585 \u043f\u0440\u043e\u0431\u044b, \u043e\u0447\u0430\u0440\u043e\u0432\u044b\u0432\u0430\u044f \u0441\u0432\u043e\u0438\u043c\u0438 \u0438\u0437\u044f\u0449\u043d\u044b\u043c\u0438 \u0444\u043e\u0440\u043c\u0430\u043c\u0438 \u0438 \u0440\u043e\u0441\u043a\u043e\u0448\u043d\u043e \u0441\u0432\u0435\u0440\u043a\u0430\u044e\u0449\u0438\u043c\u0438 \u0434\u0435\u0442\u0430\u043b\u044f\u043c\u0438. \u0414\u0438\u0437\u0430\u0439\u043d \u0432 \u0432\u0438\u0434\u0435 \u0446\u0432\u0435\u0442\u043a\u0430 \u043d\u0430\u043f\u043e\u043c\u0438\u043d\u0430\u0435\u0442 \u0447\u0435\u0442\u044b\u0440\u0435\u0445\u043b\u0438\u0441\u0442\u043d\u044b\u0439 \u043a\u043b\u0435\u0432\u0435\u0440 \u2014 \u0441\u0438\u043c\u0432\u043e\u043b \u0441\u0447\u0430\u0441\u0442\u044c\u044f \u0438 \u0443\u0441\u043f\u0435\u0445\u0430, \u043f\u043e\u044d\u0442\u043e\u043c\u0443 \u044d\u0442\u043e \u044e\u0432\u0435\u043b\u0438\u0440\u043d\u043e\u0435 \u0443\u043a\u0440\u0430\u0448\u0435\u043d\u0438\u0435 \u043d\u0435 \u0442\u043e\u043b\u044c\u043a\u043e \u0443\u043a\u0440\u0430\u0448\u0430\u0435\u0442, \u043d\u043e \u0438 \u043d\u0435\u0441\u0435\u0442 \u0432 \u0441\u0435\u0431\u0435 \u043e\u0441\u043e\u0431\u044b\u0439 \u0441\u043c\u044b\u0441\u043b.<\/p>\n<p class=\"\" data-start=\"446\" data-end=\"681\">\u0426\u0435\u043d\u0442\u0440 \u043f\u043e\u0434\u0432\u0435\u0441\u043a\u0438 \u0443\u043a\u0440\u0430\u0448\u0435\u043d \u043b\u0435\u043f\u0435\u0441\u0442\u043a\u0430\u043c\u0438, \u0438\u043d\u043a\u0440\u0443\u0441\u0442\u0438\u0440\u043e\u0432\u0430\u043d\u043d\u044b\u043c\u0438 \u0441\u0432\u0435\u0440\u043a\u0430\u044e\u0449\u0438\u043c\u0438 \u0446\u0438\u0440\u043a\u043e\u043d\u0430\u043c\u0438, \u043a\u043e\u0442\u043e\u0440\u044b\u0435 \u0441\u043e\u0437\u0434\u0430\u044e\u0442 \u0438\u0433\u0440\u0438\u0432\u044b\u0439 \u0441\u0432\u0435\u0442\u043e\u0432\u043e\u0439 \u044d\u0444\u0444\u0435\u043a\u0442 \u043f\u0440\u0438 \u043a\u0430\u0436\u0434\u043e\u043c \u0434\u0432\u0438\u0436\u0435\u043d\u0438\u0438. \u0421\u0440\u0435\u0434\u0438 \u043d\u0438\u0445 \u2014 \u043d\u0430\u0442\u0443\u0440\u0430\u043b\u044c\u043d\u044b\u0439 \u043c\u0430\u043b\u0430\u0445\u0438\u0442, \u0433\u043b\u0443\u0431\u043e\u043a\u0438\u0439 \u0437\u0435\u043b\u0435\u043d\u044b\u0439 \u0446\u0432\u0435\u0442 \u043a\u043e\u0442\u043e\u0440\u043e\u0433\u043e \u043f\u0440\u0438\u0434\u0430\u0435\u0442 \u0443\u043a\u0440\u0430\u0448\u0435\u043d\u0438\u044e \u0433\u0430\u0440\u043c\u043e\u043d\u0438\u044e \u0438 \u044d\u043b\u0435\u0433\u0430\u043d\u0442\u043d\u043e\u0441\u0442\u044c.<\/p>\n<p class=\"\" data-start=\"683\" data-end=\"697\"><strong data-start=\"683\" data-end=\"697\">\u041e \u043f\u043e\u0434\u0432\u0435\u0441\u043a\u0435:<\/strong><\/p>\n<ul data-start=\"698\" data-end=\"778\">\n<li class=\"\" data-start=\"698\" data-end=\"728\">\n<p class=\"\" data-start=\"700\" data-end=\"728\">\u043a\u0440\u0430\u0441\u043d\u043e\u0435 \u0437\u043e\u043b\u043e\u0442\u043e 585 \u043f\u0440\u043e\u0431\u044b<\/p>\n<\/li>\n<li class=\"\" data-start=\"729\" data-end=\"753\">\n<p class=\"\" data-start=\"731\" data-end=\"753\">\u041d\u0430\u0442\u0443\u0440\u0430\u043b\u044c\u043d\u044b\u0439 \u043c\u0430\u043b\u0430\u0445\u0438\u0442<\/p>\n<\/li>\n<li class=\"\" data-start=\"754\" data-end=\"778\">\n<p class=\"\" data-start=\"756\" data-end=\"778\">\u0426\u0438\u0440\u043a\u043e\u043d\u044b<\/p>\n<\/li>\n<\/ul>\n<p class=\"\" data-start=\"780\" data-end=\"954\">\u042d\u0442\u043e\u0442 \u043a\u0443\u043b\u043e\u043d \u2014 \u043e\u0442\u043b\u0438\u0447\u043d\u044b\u0439 \u0432\u044b\u0431\u043e\u0440 \u0434\u043b\u044f \u0442\u0435\u0445, \u043a\u0442\u043e \u0438\u0449\u0435\u0442 \u0443\u043d\u0438\u043a\u0430\u043b\u044c\u043d\u044b\u0439 \u043f\u043e\u0434\u0430\u0440\u043e\u043a \u0438\u043b\u0438 \u043e\u0441\u043e\u0431\u044b\u0439 \u0430\u043a\u0446\u0435\u043d\u0442 \u0432 \u0441\u0432\u043e\u0435\u0439 \u043a\u043e\u043b\u043b\u0435\u043a\u0446\u0438\u0438 \u0443\u043a\u0440\u0430\u0448\u0435\u043d\u0438\u0439. \u0421\u043e\u0447\u0435\u0442\u0430\u0439\u0442\u0435 \u0435\u0433\u043e \u0441 \u0446\u0435\u043f\u043e\u0447\u043a\u043e\u0439 \u0438 \u0441\u043e\u0437\u0434\u0430\u0439\u0442\u0435 \u0441\u0432\u043e\u0439 \u0441\u043e\u0431\u0441\u0442\u0432\u0435\u043d\u043d\u044b\u0439 \u0443\u043d\u0438\u043a\u0430\u043b\u044c\u043d\u044b\u0439 \u043e\u0431\u0440\u0430\u0437!<\/p>","protected":false},"excerpt":{"rendered":"<p>\u0420\u043e\u0441\u043a\u043e\u0448\u044c \u0438 \u044d\u043b\u0435\u0433\u0430\u043d\u0442\u043d\u043e\u0441\u0442\u044c \u0432 \u043e\u0434\u043d\u043e\u043c - \u0447\u0435\u0442\u044b\u0440\u0435\u0445\u043b\u0435\u043f\u0435\u0441\u0442\u043a\u043e\u0432\u0430\u044f \u043f\u043e\u0434\u0432\u0435\u0441\u043a\u0430 \u0441\u043e \u0441\u0442\u0440\u0430\u0437\u0430\u043c\u0438 \u0438 \u043c\u0430\u043b\u0430\u0445\u0438\u0442\u043e\u043c \u041f\u043e\u0434\u0432\u0435\u0441\u043a\u0430 \u0432\u044b\u043f\u043e\u043b\u043d\u0435\u043d\u0430 \u0438\u0437 \u043a\u0440\u0430\u0441\u043d\u043e\u0433\u043e \u0437\u043e\u043b\u043e\u0442\u0430 585 \u043f\u0440\u043e\u0431\u044b, \u0441...<\/p>","protected":false},"featured_media":17804,"comment_status":"open","ping_status":"closed","template":"","meta":[],"product_brand":[],"product_cat":[961,962,974,966,357,969,401,738],"product_tag":[],"class_list":{"0":"post-17797","1":"product","2":"type-product","3":"status-publish","4":"has-post-thumbnail","6":"product_cat-auksiniai-pakabukai","7":"product_cat-auksiniai-pakabukai-dobilas","8":"product_cat-auksiniai-pakabukai-iki-500-eur","9":"product_cat-auksiniai-pakabukai-su-cirkoniais","10":"product_cat-kolekcija-dobilas","11":"product_cat-raudono-aukso-pakabukai","12":"product_cat-raudono-aukso-papuosalai","13":"product_cat-sekmes-dobilai","14":"tm-no-options","16":"first","17":"instock","18":"sale","19":"shipping-taxable","20":"purchasable","21":"product-type-simple"},"yoast_head":"<!-- This site is optimized with the Yoast SEO plugin v27.3 - https:\/\/yoast.com\/product\/yoast-seo-wordpress\/ -->\n<title>Auksinis pakabukas &quot;Dobilas malachitas&quot;<\/title>\n<meta name=\"description\" content=\"Prabanga ir elegancija viename \u2013 keturlapis \u017eiedlapio formos pakabukas su cirkoniais ir malachitu I\u0161skirtinio dizaino pakabukas pagamintas i\u0161 585 prabos\" \/>\n<meta name=\"robots\" content=\"index, follow, max-snippet:-1, max-image-preview:large, max-video-preview:-1\" \/>\n<link rel=\"canonical\" href=\"https:\/\/testinisweb.ares.lt\/ru\/\u0432-\u043c\u0430\u0433\u0430\u0437\u0438\u043d\u0435\/\u0437\u043e\u043b\u043e\u0442\u0430\u044f-\u043f\u043e\u0434\u0432\u0435\u0441\u043a\u0430-\u043a\u043b\u0435\u0432\u0435\u0440-\u043c\u0430\u043b\u0430\u0445\u0438\u0442\/\" \/>\n<meta property=\"og:locale\" content=\"ru_RU\" \/>\n<meta property=\"og:type\" content=\"article\" \/>\n<meta property=\"og:title\" content=\"Auksinis pakabukas &quot;Dobilas malachitas&quot;\" \/>\n<meta property=\"og:description\" content=\"Prabanga ir elegancija viename \u2013 keturlapis \u017eiedlapio formos pakabukas su cirkoniais ir malachitu I\u0161skirtinio dizaino pakabukas pagamintas i\u0161 585 prabos\" \/>\n<meta property=\"og:url\" content=\"https:\/\/testinisweb.ares.lt\/ru\/\u0432-\u043c\u0430\u0433\u0430\u0437\u0438\u043d\u0435\/\u0437\u043e\u043b\u043e\u0442\u0430\u044f-\u043f\u043e\u0434\u0432\u0435\u0441\u043a\u0430-\u043a\u043b\u0435\u0432\u0435\u0440-\u043c\u0430\u043b\u0430\u0445\u0438\u0442\/\" \/>\n<meta property=\"og:site_name\" content=\"ARES Juvelyrika\" \/>\n<meta property=\"article:publisher\" content=\"https:\/\/www.facebook.com\/AresJewellery\" \/>\n<meta property=\"article:modified_time\" content=\"2026-01-25T20:01:25+00:00\" \/>\n<meta property=\"og:image\" content=\"https:\/\/testinisweb.ares.lt\/wp-content\/uploads\/2025\/04\/Untitled-design-3-1.jpg\" \/>\n\t<meta property=\"og:image:width\" content=\"2000\" \/>\n\t<meta property=\"og:image:height\" content=\"2000\" \/>\n\t<meta property=\"og:image:type\" content=\"image\/jpeg\" \/>\n<meta name=\"twitter:card\" content=\"summary_large_image\" \/>\n<meta name=\"twitter:label1\" content=\"\u041f\u0440\u0438\u043c\u0435\u0440\u043d\u043e\u0435 \u0432\u0440\u0435\u043c\u044f \u0434\u043b\u044f \u0447\u0442\u0435\u043d\u0438\u044f\" \/>\n\t<meta name=\"twitter:data1\" content=\"1 \u043c\u0438\u043d\u0443\u0442\u0430\" \/>\n<script type=\"application\/ld+json\" class=\"yoast-schema-graph\">{\"@context\":\"https:\\\/\\\/schema.org\",\"@graph\":[{\"@type\":\"WebPage\",\"@id\":\"https:\\\/\\\/testinisweb.ares.lt\\\/parduotuve\\\/auksinis-pakabukas-dobilas-malachitas\\\/\",\"url\":\"https:\\\/\\\/testinisweb.ares.lt\\\/parduotuve\\\/auksinis-pakabukas-dobilas-malachitas\\\/\",\"name\":\"Auksinis pakabukas \\\"Dobilas malachitas\\\"\",\"isPartOf\":{\"@id\":\"https:\\\/\\\/testinisweb.ares.lt\\\/#website\"},\"primaryImageOfPage\":{\"@id\":\"https:\\\/\\\/testinisweb.ares.lt\\\/parduotuve\\\/auksinis-pakabukas-dobilas-malachitas\\\/#primaryimage\"},\"image\":{\"@id\":\"https:\\\/\\\/testinisweb.ares.lt\\\/parduotuve\\\/auksinis-pakabukas-dobilas-malachitas\\\/#primaryimage\"},\"thumbnailUrl\":\"https:\\\/\\\/testinisweb.ares.lt\\\/wp-content\\\/uploads\\\/2025\\\/04\\\/Untitled-design-3-1.jpg\",\"datePublished\":\"2025-04-25T08:36:39+00:00\",\"dateModified\":\"2026-01-25T20:01:25+00:00\",\"description\":\"Prabanga ir elegancija viename \u2013 keturlapis \u017eiedlapio formos pakabukas su cirkoniais ir malachitu I\u0161skirtinio dizaino pakabukas pagamintas i\u0161 585 prabos\",\"breadcrumb\":{\"@id\":\"https:\\\/\\\/testinisweb.ares.lt\\\/parduotuve\\\/auksinis-pakabukas-dobilas-malachitas\\\/#breadcrumb\"},\"inLanguage\":\"ru-RU\",\"potentialAction\":[{\"@type\":\"ReadAction\",\"target\":[\"https:\\\/\\\/testinisweb.ares.lt\\\/parduotuve\\\/auksinis-pakabukas-dobilas-malachitas\\\/\"]}]},{\"@type\":\"ImageObject\",\"inLanguage\":\"ru-RU\",\"@id\":\"https:\\\/\\\/testinisweb.ares.lt\\\/parduotuve\\\/auksinis-pakabukas-dobilas-malachitas\\\/#primaryimage\",\"url\":\"https:\\\/\\\/testinisweb.ares.lt\\\/wp-content\\\/uploads\\\/2025\\\/04\\\/Untitled-design-3-1.jpg\",\"contentUrl\":\"https:\\\/\\\/testinisweb.ares.lt\\\/wp-content\\\/uploads\\\/2025\\\/04\\\/Untitled-design-3-1.jpg\",\"width\":2000,\"height\":2000,\"caption\":\"Auksinis pakabukas \\\"Dobilas malachitas\\\"\"},{\"@type\":\"BreadcrumbList\",\"@id\":\"https:\\\/\\\/testinisweb.ares.lt\\\/parduotuve\\\/auksinis-pakabukas-dobilas-malachitas\\\/#breadcrumb\",\"itemListElement\":[{\"@type\":\"ListItem\",\"position\":1,\"name\":\"Auksiniai papuo\u0161alai\",\"item\":\"https:\\\/\\\/testinisweb.ares.lt\\\/\"},{\"@type\":\"ListItem\",\"position\":2,\"name\":\"Parduotuv\u0117\",\"item\":\"https:\\\/\\\/testinisweb.ares.lt\\\/parduotuve\\\/\"},{\"@type\":\"ListItem\",\"position\":3,\"name\":\"Auksinis pakabukas &#8222;Dobilas malachitas&#8221;\"}]},{\"@type\":\"WebSite\",\"@id\":\"https:\\\/\\\/testinisweb.ares.lt\\\/#website\",\"url\":\"https:\\\/\\\/testinisweb.ares.lt\\\/\",\"name\":\"ARES Juvelyrika\",\"description\":\"Auksiniai papuo\u0161alai\",\"publisher\":{\"@id\":\"https:\\\/\\\/testinisweb.ares.lt\\\/#organization\"},\"potentialAction\":[{\"@type\":\"SearchAction\",\"target\":{\"@type\":\"EntryPoint\",\"urlTemplate\":\"https:\\\/\\\/testinisweb.ares.lt\\\/?s={search_term_string}\"},\"query-input\":{\"@type\":\"PropertyValueSpecification\",\"valueRequired\":true,\"valueName\":\"search_term_string\"}}],\"inLanguage\":\"ru-RU\"},{\"@type\":\"Organization\",\"@id\":\"https:\\\/\\\/testinisweb.ares.lt\\\/#organization\",\"name\":\"Ares Juvelyrika auksiniai papuosalai\",\"url\":\"https:\\\/\\\/testinisweb.ares.lt\\\/\",\"logo\":{\"@type\":\"ImageObject\",\"inLanguage\":\"ru-RU\",\"@id\":\"https:\\\/\\\/testinisweb.ares.lt\\\/#\\\/schema\\\/logo\\\/image\\\/\",\"url\":\"https:\\\/\\\/i0.wp.com\\\/testinisweb.ares.lt\\\/wp-content\\\/uploads\\\/2022\\\/03\\\/ares-text-logo-1.png?fit=417%2C122&ssl=1\",\"contentUrl\":\"https:\\\/\\\/i0.wp.com\\\/testinisweb.ares.lt\\\/wp-content\\\/uploads\\\/2022\\\/03\\\/ares-text-logo-1.png?fit=417%2C122&ssl=1\",\"width\":417,\"height\":122,\"caption\":\"Ares Juvelyrika auksiniai papuosalai\"},\"image\":{\"@id\":\"https:\\\/\\\/testinisweb.ares.lt\\\/#\\\/schema\\\/logo\\\/image\\\/\"},\"sameAs\":[\"https:\\\/\\\/www.facebook.com\\\/AresJewellery\",\"https:\\\/\\\/www.instagram.com\\\/ares_juvelyrika\\\/\"]}]}<\/script>\n<!-- \/ Yoast SEO plugin. -->","yoast_head_json":{"title":"\u0417\u043e\u043b\u043e\u0442\u0430\u044f \u043f\u043e\u0434\u0432\u0435\u0441\u043a\u0430 &quot;\u041a\u043b\u0435\u0432\u0435\u0440 \u043c\u0430\u043b\u0430\u0445\u0438\u0442&quot;","description":"\u0420\u043e\u0441\u043a\u043e\u0448\u044c \u0438 \u044d\u043b\u0435\u0433\u0430\u043d\u0442\u043d\u043e\u0441\u0442\u044c \u0432 \u043e\u0434\u043d\u043e\u043c - \u043f\u043e\u0434\u0432\u0435\u0441\u043a\u0430 \u0432 \u0444\u043e\u0440\u043c\u0435 \u043b\u0435\u043f\u0435\u0441\u0442\u043a\u0430 \u0441 \u0447\u0435\u0442\u044b\u0440\u044c\u043c\u044f \u043b\u0435\u043f\u0435\u0441\u0442\u043a\u0430\u043c\u0438, \u0446\u0438\u0440\u043a\u043e\u043d\u0430\u043c\u0438 \u0438 \u043c\u0430\u043b\u0430\u0445\u0438\u0442\u043e\u043c. \u042d\u043a\u0441\u043a\u043b\u044e\u0437\u0438\u0432\u043d\u043e \u0440\u0430\u0437\u0440\u0430\u0431\u043e\u0442\u0430\u043d\u043d\u0430\u044f \u043f\u043e\u0434\u0432\u0435\u0441\u043a\u0430 \u0438\u0437 \u0441\u0435\u0440\u0435\u0431\u0440\u0430 585 \u043f\u0440\u043e\u0431\u044b.","robots":{"index":"index","follow":"follow","max-snippet":"max-snippet:-1","max-image-preview":"max-image-preview:large","max-video-preview":"max-video-preview:-1"},"canonical":"https:\/\/testinisweb.ares.lt\/ru\/\u0432-\u043c\u0430\u0433\u0430\u0437\u0438\u043d\u0435\/\u0437\u043e\u043b\u043e\u0442\u0430\u044f-\u043f\u043e\u0434\u0432\u0435\u0441\u043a\u0430-\u043a\u043b\u0435\u0432\u0435\u0440-\u043c\u0430\u043b\u0430\u0445\u0438\u0442\/","og_locale":"ru_RU","og_type":"article","og_title":"Auksinis pakabukas \"Dobilas malachitas\"","og_description":"Prabanga ir elegancija viename \u2013 keturlapis \u017eiedlapio formos pakabukas su cirkoniais ir malachitu I\u0161skirtinio dizaino pakabukas pagamintas i\u0161 585 prabos","og_url":"https:\/\/testinisweb.ares.lt\/ru\/\u0432-\u043c\u0430\u0433\u0430\u0437\u0438\u043d\u0435\/\u0437\u043e\u043b\u043e\u0442\u0430\u044f-\u043f\u043e\u0434\u0432\u0435\u0441\u043a\u0430-\u043a\u043b\u0435\u0432\u0435\u0440-\u043c\u0430\u043b\u0430\u0445\u0438\u0442\/","og_site_name":"ARES Juvelyrika","article_publisher":"https:\/\/www.facebook.com\/AresJewellery","article_modified_time":"2026-01-25T20:01:25+00:00","og_image":[{"width":2000,"height":2000,"url":"https:\/\/testinisweb.ares.lt\/wp-content\/uploads\/2025\/04\/Untitled-design-3-1.jpg","type":"image\/jpeg"}],"twitter_card":"summary_large_image","twitter_misc":{"\u041f\u0440\u0438\u043c\u0435\u0440\u043d\u043e\u0435 \u0432\u0440\u0435\u043c\u044f \u0434\u043b\u044f \u0447\u0442\u0435\u043d\u0438\u044f":"1 \u043c\u0438\u043d\u0443\u0442\u0430"},"schema":{"@context":"https:\/\/schema.org","@graph":[{"@type":"WebPage","@id":"https:\/\/testinisweb.ares.lt\/parduotuve\/auksinis-pakabukas-dobilas-malachitas\/","url":"https:\/\/testinisweb.ares.lt\/parduotuve\/auksinis-pakabukas-dobilas-malachitas\/","name":"\u0417\u043e\u043b\u043e\u0442\u0430\u044f \u043f\u043e\u0434\u0432\u0435\u0441\u043a\u0430 &quot;\u041a\u043b\u0435\u0432\u0435\u0440 \u043c\u0430\u043b\u0430\u0445\u0438\u0442&quot;","isPartOf":{"@id":"https:\/\/testinisweb.ares.lt\/#website"},"primaryImageOfPage":{"@id":"https:\/\/testinisweb.ares.lt\/parduotuve\/auksinis-pakabukas-dobilas-malachitas\/#primaryimage"},"image":{"@id":"https:\/\/testinisweb.ares.lt\/parduotuve\/auksinis-pakabukas-dobilas-malachitas\/#primaryimage"},"thumbnailUrl":"https:\/\/testinisweb.ares.lt\/wp-content\/uploads\/2025\/04\/Untitled-design-3-1.jpg","datePublished":"2025-04-25T08:36:39+00:00","dateModified":"2026-01-25T20:01:25+00:00","description":"\u0420\u043e\u0441\u043a\u043e\u0448\u044c \u0438 \u044d\u043b\u0435\u0433\u0430\u043d\u0442\u043d\u043e\u0441\u0442\u044c \u0432 \u043e\u0434\u043d\u043e\u043c - \u043f\u043e\u0434\u0432\u0435\u0441\u043a\u0430 \u0432 \u0444\u043e\u0440\u043c\u0435 \u043b\u0435\u043f\u0435\u0441\u0442\u043a\u0430 \u0441 \u0447\u0435\u0442\u044b\u0440\u044c\u043c\u044f \u043b\u0435\u043f\u0435\u0441\u0442\u043a\u0430\u043c\u0438, \u0446\u0438\u0440\u043a\u043e\u043d\u0430\u043c\u0438 \u0438 \u043c\u0430\u043b\u0430\u0445\u0438\u0442\u043e\u043c. \u042d\u043a\u0441\u043a\u043b\u044e\u0437\u0438\u0432\u043d\u043e \u0440\u0430\u0437\u0440\u0430\u0431\u043e\u0442\u0430\u043d\u043d\u0430\u044f \u043f\u043e\u0434\u0432\u0435\u0441\u043a\u0430 \u0438\u0437 \u0441\u0435\u0440\u0435\u0431\u0440\u0430 585 \u043f\u0440\u043e\u0431\u044b.","breadcrumb":{"@id":"https:\/\/testinisweb.ares.lt\/parduotuve\/auksinis-pakabukas-dobilas-malachitas\/#breadcrumb"},"inLanguage":"ru-RU","potentialAction":[{"@type":"ReadAction","target":["https:\/\/testinisweb.ares.lt\/parduotuve\/auksinis-pakabukas-dobilas-malachitas\/"]}]},{"@type":"ImageObject","inLanguage":"ru-RU","@id":"https:\/\/testinisweb.ares.lt\/parduotuve\/auksinis-pakabukas-dobilas-malachitas\/#primaryimage","url":"https:\/\/testinisweb.ares.lt\/wp-content\/uploads\/2025\/04\/Untitled-design-3-1.jpg","contentUrl":"https:\/\/testinisweb.ares.lt\/wp-content\/uploads\/2025\/04\/Untitled-design-3-1.jpg","width":2000,"height":2000,"caption":"Auksinis pakabukas \"Dobilas malachitas\""},{"@type":"BreadcrumbList","@id":"https:\/\/testinisweb.ares.lt\/parduotuve\/auksinis-pakabukas-dobilas-malachitas\/#breadcrumb","itemListElement":[{"@type":"ListItem","position":1,"name":"Auksiniai papuo\u0161alai","item":"https:\/\/testinisweb.ares.lt\/"},{"@type":"ListItem","position":2,"name":"Parduotuv\u0117","item":"https:\/\/testinisweb.ares.lt\/parduotuve\/"},{"@type":"ListItem","position":3,"name":"Auksinis pakabukas &#8222;Dobilas malachitas&#8221;"}]},{"@type":"WebSite","@id":"https:\/\/testinisweb.ares.lt\/#website","url":"https:\/\/testinisweb.ares.lt\/","name":"\u0410\u0420\u0415\u0421 \u042e\u0432\u0435\u043b\u0438\u0440\u043d\u044b\u0435 \u0438\u0437\u0434\u0435\u043b\u0438\u044f","description":"\u0417\u043e\u043b\u043e\u0442\u044b\u0435 \u0443\u043a\u0440\u0430\u0448\u0435\u043d\u0438\u044f","publisher":{"@id":"https:\/\/testinisweb.ares.lt\/#organization"},"potentialAction":[{"@type":"SearchAction","target":{"@type":"EntryPoint","urlTemplate":"https:\/\/testinisweb.ares.lt\/?s={search_term_string}"},"query-input":{"@type":"PropertyValueSpecification","valueRequired":true,"valueName":"search_term_string"}}],"inLanguage":"ru-RU"},{"@type":"Organization","@id":"https:\/\/testinisweb.ares.lt\/#organization","name":"Ares Jewelry \u0437\u043e\u043b\u043e\u0442\u044b\u0435 \u0443\u043a\u0440\u0430\u0448\u0435\u043d\u0438\u044f","url":"https:\/\/testinisweb.ares.lt\/","logo":{"@type":"ImageObject","inLanguage":"ru-RU","@id":"https:\/\/testinisweb.ares.lt\/#\/schema\/logo\/image\/","url":"https:\/\/i0.wp.com\/testinisweb.ares.lt\/wp-content\/uploads\/2022\/03\/ares-text-logo-1.png?fit=417%2C122&ssl=1","contentUrl":"https:\/\/i0.wp.com\/testinisweb.ares.lt\/wp-content\/uploads\/2022\/03\/ares-text-logo-1.png?fit=417%2C122&ssl=1","width":417,"height":122,"caption":"Ares Juvelyrika auksiniai papuosalai"},"image":{"@id":"https:\/\/testinisweb.ares.lt\/#\/schema\/logo\/image\/"},"sameAs":["https:\/\/www.facebook.com\/AresJewellery","https:\/\/www.instagram.com\/ares_juvelyrika\/"]}]}},"_links":{"self":[{"href":"https:\/\/testinisweb.ares.lt\/ru\/wp-json\/wp\/v2\/product\/17797","targetHints":{"allow":["GET"]}}],"collection":[{"href":"https:\/\/testinisweb.ares.lt\/ru\/wp-json\/wp\/v2\/product"}],"about":[{"href":"https:\/\/testinisweb.ares.lt\/ru\/wp-json\/wp\/v2\/types\/product"}],"replies":[{"embeddable":true,"href":"https:\/\/testinisweb.ares.lt\/ru\/wp-json\/wp\/v2\/comments?post=17797"}],"wp:featuredmedia":[{"embeddable":true,"href":"https:\/\/testinisweb.ares.lt\/ru\/wp-json\/wp\/v2\/media\/17804"}],"wp:attachment":[{"href":"https:\/\/testinisweb.ares.lt\/ru\/wp-json\/wp\/v2\/media?parent=17797"}],"wp:term":[{"taxonomy":"product_brand","embeddable":true,"href":"https:\/\/testinisweb.ares.lt\/ru\/wp-json\/wp\/v2\/product_brand?post=17797"},{"taxonomy":"product_cat","embeddable":true,"href":"https:\/\/testinisweb.ares.lt\/ru\/wp-json\/wp\/v2\/product_cat?post=17797"},{"taxonomy":"product_tag","embeddable":true,"href":"https:\/\/testinisweb.ares.lt\/ru\/wp-json\/wp\/v2\/product_tag?post=17797"}],"curies":[{"name":"WP","href":"https:\/\/api.w.org\/{rel}","templated":true}]}}