{"id":3596,"date":"2022-03-13T09:32:15","date_gmt":"2022-03-13T09:32:15","guid":{"rendered":"http:\/\/ares2.store\/?post_type=product&#038;p=3596"},"modified":"2026-01-25T22:20:56","modified_gmt":"2026-01-25T20:20:56","slug":"%d1%86%d0%b5%d0%bf%d0%be%d1%87%d0%ba%d0%b0-%d0%b8%d0%b7-%d0%b6%d0%b5%d0%bb%d1%82%d0%be%d0%b3%d0%be-%d0%b7%d0%be%d0%bb%d0%be%d1%82%d0%b0","status":"publish","type":"product","link":"https:\/\/testinisweb.ares.lt\/ru\/parduotuve\/geltono-aukso-grandinele-curb\/","title":{"rendered":"\u0426\u0435\u043f\u043e\u0447\u043a\u0430 \u0438\u0437 \u0436\u0435\u043b\u0442\u043e\u0433\u043e \u0437\u043e\u043b\u043e\u0442\u0430 &quot;Curb&quot;"},"content":{"rendered":"<p>\u0426\u0435\u043f\u043e\u0447\u043a\u0430 \u00ab\u041a\u0430\u0440\u0431\u044e\u0440\u0430\u0442\u043e\u0440\u00bb \u0438\u0437 \u0436\u0451\u043b\u0442\u043e\u0433\u043e \u0437\u043e\u043b\u043e\u0442\u0430 \u2014 \u043c\u0438\u043d\u0438\u043c\u0430\u043b\u0438\u0441\u0442\u0438\u0447\u043d\u043e\u0435 \u0443\u043a\u0440\u0430\u0448\u0435\u043d\u0438\u0435, \u043a\u043e\u0442\u043e\u0440\u043e\u0435 \u043c\u043e\u0436\u043d\u043e \u0441\u043e\u0447\u0435\u0442\u0430\u0442\u044c \u0441 \u043b\u044e\u0431\u044b\u043c\u0438 \u0434\u0440\u0443\u0433\u0438\u043c\u0438 \u0437\u043e\u043b\u043e\u0442\u044b\u043c\u0438 \u0443\u043a\u0440\u0430\u0448\u0435\u043d\u0438\u044f\u043c\u0438. \u0412 \u0438\u043d\u0442\u0435\u0440\u043d\u0435\u0442-\u043c\u0430\u0433\u0430\u0437\u0438\u043d\u0435 ARES Jewelry \u0432\u044b \u043d\u0430\u0439\u0434\u0451\u0442\u0435 \u0446\u0435\u043f\u043e\u0447\u043a\u0438 \u0438\u0437 \u043a\u0440\u0430\u0441\u043d\u043e\u0433\u043e, \u0436\u0451\u043b\u0442\u043e\u0433\u043e \u0438 \u0431\u0435\u043b\u043e\u0433\u043e \u0437\u043e\u043b\u043e\u0442\u0430 \u0440\u0430\u0437\u043b\u0438\u0447\u043d\u044b\u0445 \u0432\u0438\u0434\u043e\u0432 \u043f\u043b\u0435\u0442\u0435\u043d\u0438\u044f, \u043d\u0430\u043f\u0440\u0438\u043c\u0435\u0440, \u00ab\u0430\u043d\u043a\u0435\u0440\u043d\u043e\u0435\u00bb, \u00ab\u043a\u0430\u0440\u0431\u044e\u0440\u0430\u0442\u043e\u0440\u043d\u043e\u0435\u00bb \u0438 \u0434\u0440. \u0422\u0430\u043a\u0436\u0435 \u0432 \u043d\u0430\u0448\u0435\u043c \u0430\u0441\u0441\u043e\u0440\u0442\u0438\u043c\u0435\u043d\u0442\u0435 \u0432\u044b \u043d\u0430\u0439\u0434\u0451\u0442\u0435 \u0437\u043e\u043b\u043e\u0442\u044b\u0435 \u0446\u0435\u043f\u043e\u0447\u043a\u0438 \u0440\u0430\u0437\u043d\u043e\u0439 \u0434\u043b\u0438\u043d\u044b, \u0432 \u0442\u043e\u043c \u0447\u0438\u0441\u043b\u0435 \u0440\u0435\u0433\u0443\u043b\u0438\u0440\u0443\u0435\u043c\u044b\u0435: 40 \u0441\u043c, 42 \u0441\u043c, 45 \u0441\u043c, 50 \u0441\u043c, 55 \u0441\u043c, 60 \u0441\u043c, 42-45 \u0441\u043c \u0438 \u0434\u0440\u0443\u0433\u0438\u0435 \u0432\u0430\u0440\u0438\u0430\u043d\u0442\u044b.<\/p>","protected":false},"excerpt":{"rendered":"<p>Geltono aukso grandin\u0117l\u0117 &#8222;Curb&#8221; &#8211; tai minimalistinis papuo\u0161alas, kur\u012f galite derinti ir ne\u0161ioti su bet kokiu kitu auksiniu papuo\u0161alu. ARES Juvelyrika el.&hellip;<\/p>","protected":false},"featured_media":3676,"comment_status":"open","ping_status":"closed","template":"","meta":[],"product_brand":[],"product_cat":[96,954,955,951,960,105,402],"product_tag":[],"class_list":{"0":"post-3596","1":"product","2":"type-product","3":"status-publish","4":"has-post-thumbnail","6":"product_cat-grandineles","7":"product_cat-auksines-grandineles-45cm","8":"product_cat-auksines-grandineles-50cm","9":"product_cat-auksines-grandineles-curb","10":"product_cat-auksines-grandineles-iki-500-eur","11":"product_cat-geltono-aukso-grandineles","12":"product_cat-geltono-aukso-papuosalai","13":"tm-no-options","15":"first","16":"instock","17":"shipping-taxable","18":"purchasable","19":"product-type-variable","20":"has-default-attributes"},"yoast_head":"<!-- This site is optimized with the Yoast SEO plugin v27.3 - https:\/\/yoast.com\/product\/yoast-seo-wordpress\/ -->\n<title>Geltono aukso grandin\u0117l\u0117 &quot;Curb&quot;<\/title>\n<meta name=\"description\" content=\"Geltono aukso grandin\u0117l\u0117 &quot;Curb&quot; - tai minimalistinis papuo\u0161alas, kur\u012f galite derinti ir ne\u0161ioti su bet kokiu kitu auksiniu papuo\u0161alu. ARES Juvelyrika el.\" \/>\n<meta name=\"robots\" content=\"index, follow, max-snippet:-1, max-image-preview:large, max-video-preview:-1\" \/>\n<link rel=\"canonical\" href=\"https:\/\/testinisweb.ares.lt\/ru\/\u0432-\u043c\u0430\u0433\u0430\u0437\u0438\u043d\u0435\/\u0446\u0435\u043f\u043e\u0447\u043a\u0430-\u0438\u0437-\u0436\u0435\u043b\u0442\u043e\u0433\u043e-\u0437\u043e\u043b\u043e\u0442\u0430\/\" \/>\n<meta property=\"og:locale\" content=\"ru_RU\" \/>\n<meta property=\"og:type\" content=\"article\" \/>\n<meta property=\"og:title\" content=\"Geltono aukso grandin\u0117l\u0117 &quot;Curb&quot;\" \/>\n<meta property=\"og:description\" content=\"Geltono aukso grandin\u0117l\u0117 &quot;Curb&quot; - tai minimalistinis papuo\u0161alas, kur\u012f galite derinti ir ne\u0161ioti su bet kokiu kitu auksiniu papuo\u0161alu. ARES Juvelyrika el.\" \/>\n<meta property=\"og:url\" content=\"https:\/\/testinisweb.ares.lt\/ru\/\u0432-\u043c\u0430\u0433\u0430\u0437\u0438\u043d\u0435\/\u0446\u0435\u043f\u043e\u0447\u043a\u0430-\u0438\u0437-\u0436\u0435\u043b\u0442\u043e\u0433\u043e-\u0437\u043e\u043b\u043e\u0442\u0430\/\" \/>\n<meta property=\"og:site_name\" content=\"ARES Juvelyrika\" \/>\n<meta property=\"article:publisher\" content=\"https:\/\/www.facebook.com\/AresJewellery\" \/>\n<meta property=\"article:modified_time\" content=\"2026-01-25T20:20:56+00:00\" \/>\n<meta property=\"og:image\" content=\"https:\/\/testinisweb.ares.lt\/wp-content\/uploads\/2022\/03\/Zinciris-GR002-Nr.1.jpg\" \/>\n\t<meta property=\"og:image:width\" content=\"1000\" \/>\n\t<meta property=\"og:image:height\" content=\"967\" \/>\n\t<meta property=\"og:image:type\" content=\"image\/jpeg\" \/>\n<meta name=\"twitter:card\" content=\"summary_large_image\" \/>\n<script type=\"application\/ld+json\" class=\"yoast-schema-graph\">{\"@context\":\"https:\\\/\\\/schema.org\",\"@graph\":[{\"@type\":\"WebPage\",\"@id\":\"https:\\\/\\\/testinisweb.ares.lt\\\/parduotuve\\\/geltono-aukso-grandinele-curb\\\/\",\"url\":\"https:\\\/\\\/testinisweb.ares.lt\\\/parduotuve\\\/geltono-aukso-grandinele-curb\\\/\",\"name\":\"Geltono aukso grandin\u0117l\u0117 \\\"Curb\\\"\",\"isPartOf\":{\"@id\":\"https:\\\/\\\/testinisweb.ares.lt\\\/#website\"},\"primaryImageOfPage\":{\"@id\":\"https:\\\/\\\/testinisweb.ares.lt\\\/parduotuve\\\/geltono-aukso-grandinele-curb\\\/#primaryimage\"},\"image\":{\"@id\":\"https:\\\/\\\/testinisweb.ares.lt\\\/parduotuve\\\/geltono-aukso-grandinele-curb\\\/#primaryimage\"},\"thumbnailUrl\":\"https:\\\/\\\/testinisweb.ares.lt\\\/wp-content\\\/uploads\\\/2022\\\/03\\\/Zinciris-GR002-Nr.1.jpg\",\"datePublished\":\"2022-03-13T09:32:15+00:00\",\"dateModified\":\"2026-01-25T20:20:56+00:00\",\"description\":\"Geltono aukso grandin\u0117l\u0117 \\\"Curb\\\" - tai minimalistinis papuo\u0161alas, kur\u012f galite derinti ir ne\u0161ioti su bet kokiu kitu auksiniu papuo\u0161alu. ARES Juvelyrika el.\",\"breadcrumb\":{\"@id\":\"https:\\\/\\\/testinisweb.ares.lt\\\/parduotuve\\\/geltono-aukso-grandinele-curb\\\/#breadcrumb\"},\"inLanguage\":\"ru-RU\",\"potentialAction\":[{\"@type\":\"ReadAction\",\"target\":[\"https:\\\/\\\/testinisweb.ares.lt\\\/parduotuve\\\/geltono-aukso-grandinele-curb\\\/\"]}]},{\"@type\":\"ImageObject\",\"inLanguage\":\"ru-RU\",\"@id\":\"https:\\\/\\\/testinisweb.ares.lt\\\/parduotuve\\\/geltono-aukso-grandinele-curb\\\/#primaryimage\",\"url\":\"https:\\\/\\\/testinisweb.ares.lt\\\/wp-content\\\/uploads\\\/2022\\\/03\\\/Zinciris-GR002-Nr.1.jpg\",\"contentUrl\":\"https:\\\/\\\/testinisweb.ares.lt\\\/wp-content\\\/uploads\\\/2022\\\/03\\\/Zinciris-GR002-Nr.1.jpg\",\"width\":1000,\"height\":967,\"caption\":\"Geltono aukso grandin\u0117l\u0117 \\\"Curb\\\"\"},{\"@type\":\"BreadcrumbList\",\"@id\":\"https:\\\/\\\/testinisweb.ares.lt\\\/parduotuve\\\/geltono-aukso-grandinele-curb\\\/#breadcrumb\",\"itemListElement\":[{\"@type\":\"ListItem\",\"position\":1,\"name\":\"Auksiniai papuo\u0161alai\",\"item\":\"https:\\\/\\\/testinisweb.ares.lt\\\/\"},{\"@type\":\"ListItem\",\"position\":2,\"name\":\"Parduotuv\u0117\",\"item\":\"https:\\\/\\\/testinisweb.ares.lt\\\/parduotuve\\\/\"},{\"@type\":\"ListItem\",\"position\":3,\"name\":\"Geltono aukso grandin\u0117l\u0117 &#8220;Curb&#8221;\"}]},{\"@type\":\"WebSite\",\"@id\":\"https:\\\/\\\/testinisweb.ares.lt\\\/#website\",\"url\":\"https:\\\/\\\/testinisweb.ares.lt\\\/\",\"name\":\"ARES Juvelyrika\",\"description\":\"Auksiniai papuo\u0161alai\",\"publisher\":{\"@id\":\"https:\\\/\\\/testinisweb.ares.lt\\\/#organization\"},\"potentialAction\":[{\"@type\":\"SearchAction\",\"target\":{\"@type\":\"EntryPoint\",\"urlTemplate\":\"https:\\\/\\\/testinisweb.ares.lt\\\/?s={search_term_string}\"},\"query-input\":{\"@type\":\"PropertyValueSpecification\",\"valueRequired\":true,\"valueName\":\"search_term_string\"}}],\"inLanguage\":\"ru-RU\"},{\"@type\":\"Organization\",\"@id\":\"https:\\\/\\\/testinisweb.ares.lt\\\/#organization\",\"name\":\"Ares Juvelyrika auksiniai papuosalai\",\"url\":\"https:\\\/\\\/testinisweb.ares.lt\\\/\",\"logo\":{\"@type\":\"ImageObject\",\"inLanguage\":\"ru-RU\",\"@id\":\"https:\\\/\\\/testinisweb.ares.lt\\\/#\\\/schema\\\/logo\\\/image\\\/\",\"url\":\"https:\\\/\\\/i0.wp.com\\\/testinisweb.ares.lt\\\/wp-content\\\/uploads\\\/2022\\\/03\\\/ares-text-logo-1.png?fit=417%2C122&ssl=1\",\"contentUrl\":\"https:\\\/\\\/i0.wp.com\\\/testinisweb.ares.lt\\\/wp-content\\\/uploads\\\/2022\\\/03\\\/ares-text-logo-1.png?fit=417%2C122&ssl=1\",\"width\":417,\"height\":122,\"caption\":\"Ares Juvelyrika auksiniai papuosalai\"},\"image\":{\"@id\":\"https:\\\/\\\/testinisweb.ares.lt\\\/#\\\/schema\\\/logo\\\/image\\\/\"},\"sameAs\":[\"https:\\\/\\\/www.facebook.com\\\/AresJewellery\",\"https:\\\/\\\/www.instagram.com\\\/ares_juvelyrika\\\/\"]}]}<\/script>\n<!-- \/ Yoast SEO plugin. -->","yoast_head_json":{"title":"\u0426\u0435\u043f\u043e\u0447\u043a\u0430 \u0438\u0437 \u0436\u0435\u043b\u0442\u043e\u0433\u043e \u0437\u043e\u043b\u043e\u0442\u0430 &quot;Curb&quot;","description":"\u0426\u0435\u043f\u043e\u0447\u043a\u0430 \u00abCurb\u00bb \u0438\u0437 \u0436\u0451\u043b\u0442\u043e\u0433\u043e \u0437\u043e\u043b\u043e\u0442\u0430 \u2014 \u043c\u0438\u043d\u0438\u043c\u0430\u043b\u0438\u0441\u0442\u0438\u0447\u043d\u043e\u0435 \u0443\u043a\u0440\u0430\u0448\u0435\u043d\u0438\u0435, \u043a\u043e\u0442\u043e\u0440\u043e\u0435 \u043c\u043e\u0436\u043d\u043e \u0441\u043e\u0447\u0435\u0442\u0430\u0442\u044c \u0441 \u043b\u044e\u0431\u044b\u043c\u0438 \u0434\u0440\u0443\u0433\u0438\u043c\u0438 \u0437\u043e\u043b\u043e\u0442\u044b\u043c\u0438 \u0443\u043a\u0440\u0430\u0448\u0435\u043d\u0438\u044f\u043c\u0438. \u0418\u043d\u0442\u0435\u0440\u043d\u0435\u0442-\u043c\u0430\u0433\u0430\u0437\u0438\u043d \u044e\u0432\u0435\u043b\u0438\u0440\u043d\u044b\u0445 \u0438\u0437\u0434\u0435\u043b\u0438\u0439 ARES.","robots":{"index":"index","follow":"follow","max-snippet":"max-snippet:-1","max-image-preview":"max-image-preview:large","max-video-preview":"max-video-preview:-1"},"canonical":"https:\/\/testinisweb.ares.lt\/ru\/\u0432-\u043c\u0430\u0433\u0430\u0437\u0438\u043d\u0435\/\u0446\u0435\u043f\u043e\u0447\u043a\u0430-\u0438\u0437-\u0436\u0435\u043b\u0442\u043e\u0433\u043e-\u0437\u043e\u043b\u043e\u0442\u0430\/","og_locale":"ru_RU","og_type":"article","og_title":"Geltono aukso grandin\u0117l\u0117 \"Curb\"","og_description":"Geltono aukso grandin\u0117l\u0117 \"Curb\" - tai minimalistinis papuo\u0161alas, kur\u012f galite derinti ir ne\u0161ioti su bet kokiu kitu auksiniu papuo\u0161alu. ARES Juvelyrika el.","og_url":"https:\/\/testinisweb.ares.lt\/ru\/\u0432-\u043c\u0430\u0433\u0430\u0437\u0438\u043d\u0435\/\u0446\u0435\u043f\u043e\u0447\u043a\u0430-\u0438\u0437-\u0436\u0435\u043b\u0442\u043e\u0433\u043e-\u0437\u043e\u043b\u043e\u0442\u0430\/","og_site_name":"ARES Juvelyrika","article_publisher":"https:\/\/www.facebook.com\/AresJewellery","article_modified_time":"2026-01-25T20:20:56+00:00","og_image":[{"width":1000,"height":967,"url":"https:\/\/testinisweb.ares.lt\/wp-content\/uploads\/2022\/03\/Zinciris-GR002-Nr.1.jpg","type":"image\/jpeg"}],"twitter_card":"summary_large_image","schema":{"@context":"https:\/\/schema.org","@graph":[{"@type":"WebPage","@id":"https:\/\/testinisweb.ares.lt\/parduotuve\/geltono-aukso-grandinele-curb\/","url":"https:\/\/testinisweb.ares.lt\/parduotuve\/geltono-aukso-grandinele-curb\/","name":"\u0426\u0435\u043f\u043e\u0447\u043a\u0430 \u0438\u0437 \u0436\u0435\u043b\u0442\u043e\u0433\u043e \u0437\u043e\u043b\u043e\u0442\u0430 &quot;Curb&quot;","isPartOf":{"@id":"https:\/\/testinisweb.ares.lt\/#website"},"primaryImageOfPage":{"@id":"https:\/\/testinisweb.ares.lt\/parduotuve\/geltono-aukso-grandinele-curb\/#primaryimage"},"image":{"@id":"https:\/\/testinisweb.ares.lt\/parduotuve\/geltono-aukso-grandinele-curb\/#primaryimage"},"thumbnailUrl":"https:\/\/testinisweb.ares.lt\/wp-content\/uploads\/2022\/03\/Zinciris-GR002-Nr.1.jpg","datePublished":"2022-03-13T09:32:15+00:00","dateModified":"2026-01-25T20:20:56+00:00","description":"\u0426\u0435\u043f\u043e\u0447\u043a\u0430 \u00abCurb\u00bb \u0438\u0437 \u0436\u0451\u043b\u0442\u043e\u0433\u043e \u0437\u043e\u043b\u043e\u0442\u0430 \u2014 \u043c\u0438\u043d\u0438\u043c\u0430\u043b\u0438\u0441\u0442\u0438\u0447\u043d\u043e\u0435 \u0443\u043a\u0440\u0430\u0448\u0435\u043d\u0438\u0435, \u043a\u043e\u0442\u043e\u0440\u043e\u0435 \u043c\u043e\u0436\u043d\u043e \u0441\u043e\u0447\u0435\u0442\u0430\u0442\u044c \u0441 \u043b\u044e\u0431\u044b\u043c\u0438 \u0434\u0440\u0443\u0433\u0438\u043c\u0438 \u0437\u043e\u043b\u043e\u0442\u044b\u043c\u0438 \u0443\u043a\u0440\u0430\u0448\u0435\u043d\u0438\u044f\u043c\u0438. \u0418\u043d\u0442\u0435\u0440\u043d\u0435\u0442-\u043c\u0430\u0433\u0430\u0437\u0438\u043d \u044e\u0432\u0435\u043b\u0438\u0440\u043d\u044b\u0445 \u0438\u0437\u0434\u0435\u043b\u0438\u0439 ARES.","breadcrumb":{"@id":"https:\/\/testinisweb.ares.lt\/parduotuve\/geltono-aukso-grandinele-curb\/#breadcrumb"},"inLanguage":"ru-RU","potentialAction":[{"@type":"ReadAction","target":["https:\/\/testinisweb.ares.lt\/parduotuve\/geltono-aukso-grandinele-curb\/"]}]},{"@type":"ImageObject","inLanguage":"ru-RU","@id":"https:\/\/testinisweb.ares.lt\/parduotuve\/geltono-aukso-grandinele-curb\/#primaryimage","url":"https:\/\/testinisweb.ares.lt\/wp-content\/uploads\/2022\/03\/Zinciris-GR002-Nr.1.jpg","contentUrl":"https:\/\/testinisweb.ares.lt\/wp-content\/uploads\/2022\/03\/Zinciris-GR002-Nr.1.jpg","width":1000,"height":967,"caption":"Geltono aukso grandin\u0117l\u0117 \"Curb\""},{"@type":"BreadcrumbList","@id":"https:\/\/testinisweb.ares.lt\/parduotuve\/geltono-aukso-grandinele-curb\/#breadcrumb","itemListElement":[{"@type":"ListItem","position":1,"name":"Auksiniai papuo\u0161alai","item":"https:\/\/testinisweb.ares.lt\/"},{"@type":"ListItem","position":2,"name":"Parduotuv\u0117","item":"https:\/\/testinisweb.ares.lt\/parduotuve\/"},{"@type":"ListItem","position":3,"name":"Geltono aukso grandin\u0117l\u0117 &#8220;Curb&#8221;"}]},{"@type":"WebSite","@id":"https:\/\/testinisweb.ares.lt\/#website","url":"https:\/\/testinisweb.ares.lt\/","name":"\u0410\u0420\u0415\u0421 \u042e\u0432\u0435\u043b\u0438\u0440\u043d\u044b\u0435 \u0438\u0437\u0434\u0435\u043b\u0438\u044f","description":"\u0417\u043e\u043b\u043e\u0442\u044b\u0435 \u0443\u043a\u0440\u0430\u0448\u0435\u043d\u0438\u044f","publisher":{"@id":"https:\/\/testinisweb.ares.lt\/#organization"},"potentialAction":[{"@type":"SearchAction","target":{"@type":"EntryPoint","urlTemplate":"https:\/\/testinisweb.ares.lt\/?s={search_term_string}"},"query-input":{"@type":"PropertyValueSpecification","valueRequired":true,"valueName":"search_term_string"}}],"inLanguage":"ru-RU"},{"@type":"Organization","@id":"https:\/\/testinisweb.ares.lt\/#organization","name":"Ares Jewelry \u0437\u043e\u043b\u043e\u0442\u044b\u0435 \u0443\u043a\u0440\u0430\u0448\u0435\u043d\u0438\u044f","url":"https:\/\/testinisweb.ares.lt\/","logo":{"@type":"ImageObject","inLanguage":"ru-RU","@id":"https:\/\/testinisweb.ares.lt\/#\/schema\/logo\/image\/","url":"https:\/\/i0.wp.com\/testinisweb.ares.lt\/wp-content\/uploads\/2022\/03\/ares-text-logo-1.png?fit=417%2C122&ssl=1","contentUrl":"https:\/\/i0.wp.com\/testinisweb.ares.lt\/wp-content\/uploads\/2022\/03\/ares-text-logo-1.png?fit=417%2C122&ssl=1","width":417,"height":122,"caption":"Ares Juvelyrika auksiniai papuosalai"},"image":{"@id":"https:\/\/testinisweb.ares.lt\/#\/schema\/logo\/image\/"},"sameAs":["https:\/\/www.facebook.com\/AresJewellery","https:\/\/www.instagram.com\/ares_juvelyrika\/"]}]}},"_links":{"self":[{"href":"https:\/\/testinisweb.ares.lt\/ru\/wp-json\/wp\/v2\/product\/3596","targetHints":{"allow":["GET"]}}],"collection":[{"href":"https:\/\/testinisweb.ares.lt\/ru\/wp-json\/wp\/v2\/product"}],"about":[{"href":"https:\/\/testinisweb.ares.lt\/ru\/wp-json\/wp\/v2\/types\/product"}],"replies":[{"embeddable":true,"href":"https:\/\/testinisweb.ares.lt\/ru\/wp-json\/wp\/v2\/comments?post=3596"}],"wp:featuredmedia":[{"embeddable":true,"href":"https:\/\/testinisweb.ares.lt\/ru\/wp-json\/wp\/v2\/media\/3676"}],"wp:attachment":[{"href":"https:\/\/testinisweb.ares.lt\/ru\/wp-json\/wp\/v2\/media?parent=3596"}],"wp:term":[{"taxonomy":"product_brand","embeddable":true,"href":"https:\/\/testinisweb.ares.lt\/ru\/wp-json\/wp\/v2\/product_brand?post=3596"},{"taxonomy":"product_cat","embeddable":true,"href":"https:\/\/testinisweb.ares.lt\/ru\/wp-json\/wp\/v2\/product_cat?post=3596"},{"taxonomy":"product_tag","embeddable":true,"href":"https:\/\/testinisweb.ares.lt\/ru\/wp-json\/wp\/v2\/product_tag?post=3596"}],"curies":[{"name":"WP","href":"https:\/\/api.w.org\/{rel}","templated":true}]}}