{"id":3972,"date":"2022-03-13T09:36:22","date_gmt":"2022-03-13T09:36:22","guid":{"rendered":"http:\/\/ares2.store\/?post_type=product&#038;p=3972"},"modified":"2026-01-25T22:20:34","modified_gmt":"2026-01-25T20:20:34","slug":"%d0%b7%d0%be%d0%bb%d0%be%d1%82%d1%8b%d0%b5-%d1%81%d0%b5%d1%80%d1%8c%d0%b3%d0%b8-%d0%ba%d0%be%d0%bc%d0%bf%d0%bb%d0%b5%d0%ba%d1%82-9","status":"publish","type":"product","link":"https:\/\/testinisweb.ares.lt\/ru\/parduotuve\/auksiniai-auskarai-rinkes-9\/","title":{"rendered":"\u0417\u043e\u043b\u043e\u0442\u044b\u0435 \u0441\u0435\u0440\u044c\u0433\u0438 &quot;Picks&quot;"},"content":{"rendered":"<p>\u0417\u043e\u043b\u043e\u0442\u044b\u0435 \u0441\u0435\u0440\u044c\u0433\u0438 &quot;Rink\u0117s&quot; \u044f\u0432\u043b\u044f\u044e\u0442\u0441\u044f \u043e\u0431\u044f\u0437\u0430\u0442\u0435\u043b\u044c\u043d\u044b\u043c \u0430\u043a\u0446\u0435\u043d\u0442\u043e\u043c \u0434\u043b\u044f \u0441\u0442\u0438\u043b\u044f \u043a\u0430\u0436\u0434\u043e\u0439 \u0436\u0435\u043d\u0449\u0438\u043d\u044b, \u043f\u043e\u0434\u0445\u043e\u0434\u044f\u0449\u0438\u043c \u043a \u0440\u0430\u0437\u043b\u0438\u0447\u043d\u044b\u043c \u043d\u0430\u0440\u044f\u0434\u0430\u043c. \u041c\u044b \u043f\u0440\u0435\u0434\u043b\u0430\u0433\u0430\u0435\u043c \u0437\u043e\u043b\u043e\u0442\u044b\u0435 \u0441\u0435\u0440\u044c\u0433\u0438 \u0441 \u043c\u0438\u043d\u0438\u043c\u0430\u043b\u0438\u0441\u0442\u0441\u043a\u0438\u043c, \u043d\u043e \u043f\u0440\u0438\u0442\u044f\u0433\u0438\u0432\u0430\u044e\u0449\u0438\u043c \u0432\u0437\u0433\u043b\u044f\u0434 \u0434\u0438\u0437\u0430\u0439\u043d\u043e\u043c, \u043f\u043e\u0434\u0445\u043e\u0434\u044f\u0449\u0438\u0435 \u0434\u043b\u044f \u0432\u0441\u0435\u0445 \u0441\u043b\u0443\u0447\u0430\u0435\u0432.<\/p>","protected":false},"excerpt":{"rendered":"<p>\u0417\u043e\u043b\u043e\u0442\u044b\u0435 \u0441\u0435\u0440\u044c\u0433\u0438 \u201e\u0420\u0438\u043d\u043a\u0435\u201d - \u043e\u0431\u044f\u0437\u0430\u0442\u0435\u043b\u044c\u043d\u044b\u0439 \u0430\u043a\u0446\u0435\u043d\u0442 \u0441\u0442\u0438\u043b\u044f \u0434\u043b\u044f \u043a\u0430\u0436\u0434\u043e\u0439 \u0436\u0435\u043d\u0449\u0438\u043d\u044b, \u043f\u043e\u0434\u0445\u043e\u0434\u044f\u0449\u0438\u0439 \u043a \u0441\u0430\u043c\u044b\u043c \u0440\u0430\u0437\u043d\u044b\u043c \u043d\u0430\u0440\u044f\u0434\u0430\u043c. \u041c\u044b \u043f\u0440\u0435\u0434\u043b\u0430\u0433\u0430\u0435\u043c \u043c\u0438\u043d\u0438\u043c\u0430\u043b\u0438\u0441\u0442\u0438\u0447\u043d\u044b\u0439, \u043d\u043e \u043f\u0440\u0438\u0432\u043b\u0435\u043a\u0430\u044e\u0449\u0438\u0439 \u0432\u043d\u0438\u043c\u0430\u043d\u0438\u0435...<\/p>","protected":false},"featured_media":17066,"comment_status":"open","ping_status":"closed","template":"","meta":[],"product_brand":[],"product_cat":[278,934,935,282,279,404,930,401],"product_tag":[],"class_list":{"0":"post-3972","1":"product","2":"type-product","3":"status-publish","4":"has-post-thumbnail","6":"product_cat-auskarai","7":"product_cat-auksiniai-auskarai-iki-250-eur","8":"product_cat-auksiniai-auskarai-iki-500-eur","9":"product_cat-auskarai-be-akmens","10":"product_cat-auskarai-rinkes","11":"product_cat-nuolaidos","12":"product_cat-raudono-aukso-auskarai","13":"product_cat-raudono-aukso-papuosalai","14":"tm-no-options","16":"first","17":"instock","18":"shipping-taxable","19":"purchasable","20":"product-type-variable","21":"has-default-attributes"},"yoast_head":"<!-- This site is optimized with the Yoast SEO plugin v27.3 - https:\/\/yoast.com\/product\/yoast-seo-wordpress\/ -->\n<title>Auksiniai Auskarai &quot;Rink\u0117s&quot;<\/title>\n<meta name=\"description\" content=\"Auksiniai Auskarai &quot;Rink\u0117s&quot; - tai b\u016btinas kiekvienos moters stiliaus akcentas, derantis su \u012fvairiausia apranga. Mes si\u016blome minimalistinio, bet tuo pa\u010diu\" \/>\n<meta name=\"robots\" content=\"index, follow, max-snippet:-1, max-image-preview:large, max-video-preview:-1\" \/>\n<link rel=\"canonical\" href=\"https:\/\/testinisweb.ares.lt\/ru\/\u0432-\u043c\u0430\u0433\u0430\u0437\u0438\u043d\u0435\/\u0437\u043e\u043b\u043e\u0442\u044b\u0435-\u0441\u0435\u0440\u044c\u0433\u0438-\u043a\u043e\u043c\u043f\u043b\u0435\u043a\u0442-9\/\" \/>\n<meta property=\"og:locale\" content=\"ru_RU\" \/>\n<meta property=\"og:type\" content=\"article\" \/>\n<meta property=\"og:title\" content=\"Auksiniai Auskarai &quot;Rink\u0117s&quot;\" \/>\n<meta property=\"og:description\" content=\"Auksiniai Auskarai &quot;Rink\u0117s&quot; - tai b\u016btinas kiekvienos moters stiliaus akcentas, derantis su \u012fvairiausia apranga. Mes si\u016blome minimalistinio, bet tuo pa\u010diu\" \/>\n<meta property=\"og:url\" content=\"https:\/\/testinisweb.ares.lt\/ru\/\u0432-\u043c\u0430\u0433\u0430\u0437\u0438\u043d\u0435\/\u0437\u043e\u043b\u043e\u0442\u044b\u0435-\u0441\u0435\u0440\u044c\u0433\u0438-\u043a\u043e\u043c\u043f\u043b\u0435\u043a\u0442-9\/\" \/>\n<meta property=\"og:site_name\" content=\"ARES Juvelyrika\" \/>\n<meta property=\"article:publisher\" content=\"https:\/\/www.facebook.com\/AresJewellery\" \/>\n<meta property=\"article:modified_time\" content=\"2026-01-25T20:20:34+00:00\" \/>\n<meta property=\"og:image\" content=\"https:\/\/testinisweb.ares.lt\/wp-content\/uploads\/2022\/03\/IMG_5686-1-e1737799470156.jpg\" \/>\n\t<meta property=\"og:image:width\" content=\"2800\" \/>\n\t<meta property=\"og:image:height\" content=\"2800\" \/>\n\t<meta property=\"og:image:type\" content=\"image\/jpeg\" \/>\n<meta name=\"twitter:card\" content=\"summary_large_image\" \/>\n<meta name=\"twitter:label1\" content=\"\u041f\u0440\u0438\u043c\u0435\u0440\u043d\u043e\u0435 \u0432\u0440\u0435\u043c\u044f \u0434\u043b\u044f \u0447\u0442\u0435\u043d\u0438\u044f\" \/>\n\t<meta name=\"twitter:data1\" content=\"1 \u043c\u0438\u043d\u0443\u0442\u0430\" \/>\n<script type=\"application\/ld+json\" class=\"yoast-schema-graph\">{\"@context\":\"https:\\\/\\\/schema.org\",\"@graph\":[{\"@type\":\"WebPage\",\"@id\":\"https:\\\/\\\/testinisweb.ares.lt\\\/parduotuve\\\/auksiniai-auskarai-rinkes-9\\\/\",\"url\":\"https:\\\/\\\/testinisweb.ares.lt\\\/parduotuve\\\/auksiniai-auskarai-rinkes-9\\\/\",\"name\":\"Auksiniai Auskarai \\\"Rink\u0117s\\\"\",\"isPartOf\":{\"@id\":\"https:\\\/\\\/testinisweb.ares.lt\\\/#website\"},\"primaryImageOfPage\":{\"@id\":\"https:\\\/\\\/testinisweb.ares.lt\\\/parduotuve\\\/auksiniai-auskarai-rinkes-9\\\/#primaryimage\"},\"image\":{\"@id\":\"https:\\\/\\\/testinisweb.ares.lt\\\/parduotuve\\\/auksiniai-auskarai-rinkes-9\\\/#primaryimage\"},\"thumbnailUrl\":\"https:\\\/\\\/testinisweb.ares.lt\\\/wp-content\\\/uploads\\\/2022\\\/03\\\/IMG_5686-1-e1737799470156.jpg\",\"datePublished\":\"2022-03-13T09:36:22+00:00\",\"dateModified\":\"2026-01-25T20:20:34+00:00\",\"description\":\"Auksiniai Auskarai \\\"Rink\u0117s\\\" - tai b\u016btinas kiekvienos moters stiliaus akcentas, derantis su \u012fvairiausia apranga. Mes si\u016blome minimalistinio, bet tuo pa\u010diu\",\"breadcrumb\":{\"@id\":\"https:\\\/\\\/testinisweb.ares.lt\\\/parduotuve\\\/auksiniai-auskarai-rinkes-9\\\/#breadcrumb\"},\"inLanguage\":\"ru-RU\",\"potentialAction\":[{\"@type\":\"ReadAction\",\"target\":[\"https:\\\/\\\/testinisweb.ares.lt\\\/parduotuve\\\/auksiniai-auskarai-rinkes-9\\\/\"]}]},{\"@type\":\"ImageObject\",\"inLanguage\":\"ru-RU\",\"@id\":\"https:\\\/\\\/testinisweb.ares.lt\\\/parduotuve\\\/auksiniai-auskarai-rinkes-9\\\/#primaryimage\",\"url\":\"https:\\\/\\\/testinisweb.ares.lt\\\/wp-content\\\/uploads\\\/2022\\\/03\\\/IMG_5686-1-e1737799470156.jpg\",\"contentUrl\":\"https:\\\/\\\/testinisweb.ares.lt\\\/wp-content\\\/uploads\\\/2022\\\/03\\\/IMG_5686-1-e1737799470156.jpg\",\"width\":2800,\"height\":2800,\"caption\":\"Auksiniai Auskarai \\\"Rink\u0117s\\\"\"},{\"@type\":\"BreadcrumbList\",\"@id\":\"https:\\\/\\\/testinisweb.ares.lt\\\/parduotuve\\\/auksiniai-auskarai-rinkes-9\\\/#breadcrumb\",\"itemListElement\":[{\"@type\":\"ListItem\",\"position\":1,\"name\":\"Auksiniai papuo\u0161alai\",\"item\":\"https:\\\/\\\/testinisweb.ares.lt\\\/\"},{\"@type\":\"ListItem\",\"position\":2,\"name\":\"Parduotuv\u0117\",\"item\":\"https:\\\/\\\/testinisweb.ares.lt\\\/parduotuve\\\/\"},{\"@type\":\"ListItem\",\"position\":3,\"name\":\"Auksiniai Auskarai &#8220;Rink\u0117s&#8221;\"}]},{\"@type\":\"WebSite\",\"@id\":\"https:\\\/\\\/testinisweb.ares.lt\\\/#website\",\"url\":\"https:\\\/\\\/testinisweb.ares.lt\\\/\",\"name\":\"ARES Juvelyrika\",\"description\":\"Auksiniai papuo\u0161alai\",\"publisher\":{\"@id\":\"https:\\\/\\\/testinisweb.ares.lt\\\/#organization\"},\"potentialAction\":[{\"@type\":\"SearchAction\",\"target\":{\"@type\":\"EntryPoint\",\"urlTemplate\":\"https:\\\/\\\/testinisweb.ares.lt\\\/?s={search_term_string}\"},\"query-input\":{\"@type\":\"PropertyValueSpecification\",\"valueRequired\":true,\"valueName\":\"search_term_string\"}}],\"inLanguage\":\"ru-RU\"},{\"@type\":\"Organization\",\"@id\":\"https:\\\/\\\/testinisweb.ares.lt\\\/#organization\",\"name\":\"Ares Juvelyrika auksiniai papuosalai\",\"url\":\"https:\\\/\\\/testinisweb.ares.lt\\\/\",\"logo\":{\"@type\":\"ImageObject\",\"inLanguage\":\"ru-RU\",\"@id\":\"https:\\\/\\\/testinisweb.ares.lt\\\/#\\\/schema\\\/logo\\\/image\\\/\",\"url\":\"https:\\\/\\\/i0.wp.com\\\/testinisweb.ares.lt\\\/wp-content\\\/uploads\\\/2022\\\/03\\\/ares-text-logo-1.png?fit=417%2C122&ssl=1\",\"contentUrl\":\"https:\\\/\\\/i0.wp.com\\\/testinisweb.ares.lt\\\/wp-content\\\/uploads\\\/2022\\\/03\\\/ares-text-logo-1.png?fit=417%2C122&ssl=1\",\"width\":417,\"height\":122,\"caption\":\"Ares Juvelyrika auksiniai papuosalai\"},\"image\":{\"@id\":\"https:\\\/\\\/testinisweb.ares.lt\\\/#\\\/schema\\\/logo\\\/image\\\/\"},\"sameAs\":[\"https:\\\/\\\/www.facebook.com\\\/AresJewellery\",\"https:\\\/\\\/www.instagram.com\\\/ares_juvelyrika\\\/\"]}]}<\/script>\n<!-- \/ Yoast SEO plugin. -->","yoast_head_json":{"title":"\u0417\u043e\u043b\u043e\u0442\u044b\u0435 \u0441\u0435\u0440\u044c\u0433\u0438 &quot;Rink\u0117s&quot;","description":"\u0417\u043e\u043b\u043e\u0442\u044b\u0435 \u0441\u0435\u0440\u044c\u0433\u0438 &quot;Rink\u0117s&quot; - \u043d\u0435\u043e\u0431\u0445\u043e\u0434\u0438\u043c\u044b\u0439 \u0430\u043a\u0446\u0435\u043d\u0442 \u0441\u0442\u0438\u043b\u044f \u043a\u0430\u0436\u0434\u043e\u0439 \u0436\u0435\u043d\u0449\u0438\u043d\u044b, \u043f\u043e\u0434\u0445\u043e\u0434\u044f\u0449\u0438\u0439 \u043a \u0441\u0430\u043c\u044b\u043c \u0440\u0430\u0437\u043d\u044b\u043c \u043d\u0430\u0440\u044f\u0434\u0430\u043c. \u041c\u044b \u043f\u0440\u0435\u0434\u043b\u0430\u0433\u0430\u0435\u043c \u043c\u0438\u043d\u0438\u043c\u0430\u043b\u0438\u0441\u0442\u0438\u0447\u043d\u044b\u0439, \u043d\u043e \u0432 \u0442\u043e \u0436\u0435 \u0432\u0440\u0435\u043c\u044f","robots":{"index":"index","follow":"follow","max-snippet":"max-snippet:-1","max-image-preview":"max-image-preview:large","max-video-preview":"max-video-preview:-1"},"canonical":"https:\/\/testinisweb.ares.lt\/ru\/\u0432-\u043c\u0430\u0433\u0430\u0437\u0438\u043d\u0435\/\u0437\u043e\u043b\u043e\u0442\u044b\u0435-\u0441\u0435\u0440\u044c\u0433\u0438-\u043a\u043e\u043c\u043f\u043b\u0435\u043a\u0442-9\/","og_locale":"ru_RU","og_type":"article","og_title":"Auksiniai Auskarai \"Rink\u0117s\"","og_description":"Auksiniai Auskarai \"Rink\u0117s\" - tai b\u016btinas kiekvienos moters stiliaus akcentas, derantis su \u012fvairiausia apranga. Mes si\u016blome minimalistinio, bet tuo pa\u010diu","og_url":"https:\/\/testinisweb.ares.lt\/ru\/\u0432-\u043c\u0430\u0433\u0430\u0437\u0438\u043d\u0435\/\u0437\u043e\u043b\u043e\u0442\u044b\u0435-\u0441\u0435\u0440\u044c\u0433\u0438-\u043a\u043e\u043c\u043f\u043b\u0435\u043a\u0442-9\/","og_site_name":"ARES Juvelyrika","article_publisher":"https:\/\/www.facebook.com\/AresJewellery","article_modified_time":"2026-01-25T20:20:34+00:00","og_image":[{"width":2800,"height":2800,"url":"https:\/\/testinisweb.ares.lt\/wp-content\/uploads\/2022\/03\/IMG_5686-1-e1737799470156.jpg","type":"image\/jpeg"}],"twitter_card":"summary_large_image","twitter_misc":{"\u041f\u0440\u0438\u043c\u0435\u0440\u043d\u043e\u0435 \u0432\u0440\u0435\u043c\u044f \u0434\u043b\u044f \u0447\u0442\u0435\u043d\u0438\u044f":"1 \u043c\u0438\u043d\u0443\u0442\u0430"},"schema":{"@context":"https:\/\/schema.org","@graph":[{"@type":"WebPage","@id":"https:\/\/testinisweb.ares.lt\/parduotuve\/auksiniai-auskarai-rinkes-9\/","url":"https:\/\/testinisweb.ares.lt\/parduotuve\/auksiniai-auskarai-rinkes-9\/","name":"\u0417\u043e\u043b\u043e\u0442\u044b\u0435 \u0441\u0435\u0440\u044c\u0433\u0438 &quot;Rink\u0117s&quot;","isPartOf":{"@id":"https:\/\/testinisweb.ares.lt\/#website"},"primaryImageOfPage":{"@id":"https:\/\/testinisweb.ares.lt\/parduotuve\/auksiniai-auskarai-rinkes-9\/#primaryimage"},"image":{"@id":"https:\/\/testinisweb.ares.lt\/parduotuve\/auksiniai-auskarai-rinkes-9\/#primaryimage"},"thumbnailUrl":"https:\/\/testinisweb.ares.lt\/wp-content\/uploads\/2022\/03\/IMG_5686-1-e1737799470156.jpg","datePublished":"2022-03-13T09:36:22+00:00","dateModified":"2026-01-25T20:20:34+00:00","description":"\u0417\u043e\u043b\u043e\u0442\u044b\u0435 \u0441\u0435\u0440\u044c\u0433\u0438 &quot;Rink\u0117s&quot; - \u043d\u0435\u043e\u0431\u0445\u043e\u0434\u0438\u043c\u044b\u0439 \u0430\u043a\u0446\u0435\u043d\u0442 \u0441\u0442\u0438\u043b\u044f \u043a\u0430\u0436\u0434\u043e\u0439 \u0436\u0435\u043d\u0449\u0438\u043d\u044b, \u043f\u043e\u0434\u0445\u043e\u0434\u044f\u0449\u0438\u0439 \u043a \u0441\u0430\u043c\u044b\u043c \u0440\u0430\u0437\u043d\u044b\u043c \u043d\u0430\u0440\u044f\u0434\u0430\u043c. \u041c\u044b \u043f\u0440\u0435\u0434\u043b\u0430\u0433\u0430\u0435\u043c \u043c\u0438\u043d\u0438\u043c\u0430\u043b\u0438\u0441\u0442\u0438\u0447\u043d\u044b\u0439, \u043d\u043e \u0432 \u0442\u043e \u0436\u0435 \u0432\u0440\u0435\u043c\u044f","breadcrumb":{"@id":"https:\/\/testinisweb.ares.lt\/parduotuve\/auksiniai-auskarai-rinkes-9\/#breadcrumb"},"inLanguage":"ru-RU","potentialAction":[{"@type":"ReadAction","target":["https:\/\/testinisweb.ares.lt\/parduotuve\/auksiniai-auskarai-rinkes-9\/"]}]},{"@type":"ImageObject","inLanguage":"ru-RU","@id":"https:\/\/testinisweb.ares.lt\/parduotuve\/auksiniai-auskarai-rinkes-9\/#primaryimage","url":"https:\/\/testinisweb.ares.lt\/wp-content\/uploads\/2022\/03\/IMG_5686-1-e1737799470156.jpg","contentUrl":"https:\/\/testinisweb.ares.lt\/wp-content\/uploads\/2022\/03\/IMG_5686-1-e1737799470156.jpg","width":2800,"height":2800,"caption":"Auksiniai Auskarai \"Rink\u0117s\""},{"@type":"BreadcrumbList","@id":"https:\/\/testinisweb.ares.lt\/parduotuve\/auksiniai-auskarai-rinkes-9\/#breadcrumb","itemListElement":[{"@type":"ListItem","position":1,"name":"Auksiniai papuo\u0161alai","item":"https:\/\/testinisweb.ares.lt\/"},{"@type":"ListItem","position":2,"name":"Parduotuv\u0117","item":"https:\/\/testinisweb.ares.lt\/parduotuve\/"},{"@type":"ListItem","position":3,"name":"Auksiniai Auskarai &#8220;Rink\u0117s&#8221;"}]},{"@type":"WebSite","@id":"https:\/\/testinisweb.ares.lt\/#website","url":"https:\/\/testinisweb.ares.lt\/","name":"\u0410\u0420\u0415\u0421 \u042e\u0432\u0435\u043b\u0438\u0440\u043d\u044b\u0435 \u0438\u0437\u0434\u0435\u043b\u0438\u044f","description":"\u0417\u043e\u043b\u043e\u0442\u044b\u0435 \u0443\u043a\u0440\u0430\u0448\u0435\u043d\u0438\u044f","publisher":{"@id":"https:\/\/testinisweb.ares.lt\/#organization"},"potentialAction":[{"@type":"SearchAction","target":{"@type":"EntryPoint","urlTemplate":"https:\/\/testinisweb.ares.lt\/?s={search_term_string}"},"query-input":{"@type":"PropertyValueSpecification","valueRequired":true,"valueName":"search_term_string"}}],"inLanguage":"ru-RU"},{"@type":"Organization","@id":"https:\/\/testinisweb.ares.lt\/#organization","name":"Ares Jewelry \u0437\u043e\u043b\u043e\u0442\u044b\u0435 \u0443\u043a\u0440\u0430\u0448\u0435\u043d\u0438\u044f","url":"https:\/\/testinisweb.ares.lt\/","logo":{"@type":"ImageObject","inLanguage":"ru-RU","@id":"https:\/\/testinisweb.ares.lt\/#\/schema\/logo\/image\/","url":"https:\/\/i0.wp.com\/testinisweb.ares.lt\/wp-content\/uploads\/2022\/03\/ares-text-logo-1.png?fit=417%2C122&ssl=1","contentUrl":"https:\/\/i0.wp.com\/testinisweb.ares.lt\/wp-content\/uploads\/2022\/03\/ares-text-logo-1.png?fit=417%2C122&ssl=1","width":417,"height":122,"caption":"Ares Juvelyrika auksiniai papuosalai"},"image":{"@id":"https:\/\/testinisweb.ares.lt\/#\/schema\/logo\/image\/"},"sameAs":["https:\/\/www.facebook.com\/AresJewellery","https:\/\/www.instagram.com\/ares_juvelyrika\/"]}]}},"_links":{"self":[{"href":"https:\/\/testinisweb.ares.lt\/ru\/wp-json\/wp\/v2\/product\/3972","targetHints":{"allow":["GET"]}}],"collection":[{"href":"https:\/\/testinisweb.ares.lt\/ru\/wp-json\/wp\/v2\/product"}],"about":[{"href":"https:\/\/testinisweb.ares.lt\/ru\/wp-json\/wp\/v2\/types\/product"}],"replies":[{"embeddable":true,"href":"https:\/\/testinisweb.ares.lt\/ru\/wp-json\/wp\/v2\/comments?post=3972"}],"wp:featuredmedia":[{"embeddable":true,"href":"https:\/\/testinisweb.ares.lt\/ru\/wp-json\/wp\/v2\/media\/17066"}],"wp:attachment":[{"href":"https:\/\/testinisweb.ares.lt\/ru\/wp-json\/wp\/v2\/media?parent=3972"}],"wp:term":[{"taxonomy":"product_brand","embeddable":true,"href":"https:\/\/testinisweb.ares.lt\/ru\/wp-json\/wp\/v2\/product_brand?post=3972"},{"taxonomy":"product_cat","embeddable":true,"href":"https:\/\/testinisweb.ares.lt\/ru\/wp-json\/wp\/v2\/product_cat?post=3972"},{"taxonomy":"product_tag","embeddable":true,"href":"https:\/\/testinisweb.ares.lt\/ru\/wp-json\/wp\/v2\/product_tag?post=3972"}],"curies":[{"name":"WP","href":"https:\/\/api.w.org\/{rel}","templated":true}]}}